{"id":104,"date":"2020-10-31T11:51:48","date_gmt":"2020-10-31T15:51:48","guid":{"rendered":"https:\/\/supcom.standardof.net\/?page_id=104"},"modified":"2020-10-31T12:55:43","modified_gmt":"2020-10-31T16:55:43","slug":"controls","status":"publish","type":"page","link":"https:\/\/supcom.standardof.net\/cs\/supreme-commander\/rizeni\/","title":{"rendered":"\u0158\u00edzen\u00ed"},"content":{"rendered":"<p>V\u011bt\u0161ina ovl\u00e1dac\u00edch prvk\u016f je intuitivn\u00ed a \/ nebo je zahrnuta v tutori\u00e1lu, ale je t\u0159eba si je poznamenat. V\u0161imn\u011bte si, \u017ee v\u0161echny modifik\u00e1tory (Shift, Ctrl, Alt atd.) Lze libovoln\u011b kombinovat, pokud nen\u00ed uvedeno jinak.<\/p>\n\n\n\n<p>Jedna obzvl\u00e1\u0161t\u011b u\u017eite\u010dn\u00e1 zkratka, kter\u00e1 manu\u00e1ln\u00edmu chyb\u00ed, je:<br><strong>Ctrl + Z:<\/strong> Vyberte v\u0161echny jednotky vybran\u00e9ho typu (typ\u016f) na map\u011b. Nap\u0159\u00edklad pokud jsou bombard\u00e9ry skupiny 4, stisknut\u00edm 4, Ctrl + Z, Ctrl + 4 kdykoli se ujist\u00edte, \u017ee v\u0161echny va\u0161e bombard\u00e9ry jsou ve skupin\u011b 4, aby mohly za\u00fato\u010dit, kdy\u017e je spr\u00e1vn\u00fd \u010das. Dalo by se tak\u00e9 odd\u00e1lit, poklepat na bombard\u00e9r a Ctrl + 4.<\/p>\n\n\n\n<h3 class=\"wp-block-heading\">\u0158\u00eddit p\u0159\u00edkazy podle typu<\/h3>\n\n\n\n<ul><li><strong><a href=\"https:\/\/supcom.standardof.net\/cs\/supreme-commander\/rizeni\/vyber-jednotek\/\" class=\"rank-math-link\">V\u00fdb\u011br jednotek<\/a><\/strong><\/li><li><strong><a href=\"https:\/\/supcom.standardof.net\/cs\/supreme-commander\/rizeni\/davat-rozkazy\/\" class=\"rank-math-link\">Zad\u00e1v\u00e1n\u00ed objedn\u00e1vek<\/a><\/strong><\/li><li><strong><a href=\"https:\/\/supcom.standardof.net\/cs\/supreme-commander\/rizeni\/budova\/\" class=\"rank-math-link\">Budova<\/a><\/strong><\/li><li><strong><a href=\"https:\/\/supcom.standardof.net\/cs\/supreme-commander\/rizeni\/kamera-a-rozhrani\/\" class=\"rank-math-link\">Fotoapar\u00e1t a rozhran\u00ed<\/a><\/strong><\/li><\/ul>","protected":false},"excerpt":{"rendered":"<p>Most controls are intuitive and\/or covered by the tutorial, but there are a couple quirks to make note of. Note that all modifiers (Shift, Ctrl, Alt, etc.) can be freely combined, except where otherwise stated. One particularly useful shortcut the manual lacks is:Ctrl + Z: Select all units of the selected type(s) on the map. [&hellip;]<\/p>","protected":false},"author":1,"featured_media":0,"parent":14,"menu_order":0,"comment_status":"closed","ping_status":"closed","template":"","meta":{"_uag_custom_page_level_css":"","site-sidebar-layout":"default","site-content-layout":"default","ast-site-content-layout":"","site-content-style":"default","site-sidebar-style":"default","ast-global-header-display":"","ast-banner-title-visibility":"","ast-main-header-display":"","ast-hfb-above-header-display":"","ast-hfb-below-header-display":"","ast-hfb-mobile-header-display":"","site-post-title":"","ast-breadcrumbs-content":"","ast-featured-img":"","footer-sml-layout":"","theme-transparent-header-meta":"default","adv-header-id-meta":"","stick-header-meta":"","header-above-stick-meta":"","header-main-stick-meta":"","header-below-stick-meta":"","astra-migrate-meta-layouts":"default","ast-page-background-enabled":"default","ast-page-background-meta":{"desktop":{"background-color":"","background-image":"","background-repeat":"repeat","background-position":"center center","background-size":"auto","background-attachment":"scroll","background-type":"","background-media":"","overlay-type":"","overlay-color":"","overlay-gradient":""},"tablet":{"background-color":"","background-image":"","background-repeat":"repeat","background-position":"center center","background-size":"auto","background-attachment":"scroll","background-type":"","background-media":"","overlay-type":"","overlay-color":"","overlay-gradient":""},"mobile":{"background-color":"","background-image":"","background-repeat":"repeat","background-position":"center center","background-size":"auto","background-attachment":"scroll","background-type":"","background-media":"","overlay-type":"","overlay-color":"","overlay-gradient":""}},"ast-content-background-meta":{"desktop":{"background-color":"var(--ast-global-color-5)","background-image":"","background-repeat":"repeat","background-position":"center center","background-size":"auto","background-attachment":"scroll","background-type":"","background-media":"","overlay-type":"","overlay-color":"","overlay-gradient":""},"tablet":{"background-color":"var(--ast-global-color-5)","background-image":"","background-repeat":"repeat","background-position":"center center","background-size":"auto","background-attachment":"scroll","background-type":"","background-media":"","overlay-type":"","overlay-color":"","overlay-gradient":""},"mobile":{"background-color":"var(--ast-global-color-5)","background-image":"","background-repeat":"repeat","background-position":"center center","background-size":"auto","background-attachment":"scroll","background-type":"","background-media":"","overlay-type":"","overlay-color":"","overlay-gradient":""}},"footnotes":""},"uagb_featured_image_src":{"full":false,"thumbnail":false,"medium":false,"medium_large":false,"large":false,"1536x1536":false,"2048x2048":false,"trp-custom-language-flag":false},"uagb_author_info":{"display_name":"SOE","author_link":"https:\/\/supcom.standardof.net\/cs\/author\/k-tastic\/"},"uagb_comment_info":0,"uagb_excerpt":"Most controls are intuitive and\/or covered by the tutorial, but there are a couple quirks to make note of. Note that all modifiers (Shift, Ctrl, Alt, etc.) can be freely combined, except where otherwise stated. One particularly useful shortcut the manual lacks is:Ctrl + Z: Select all units of the selected type(s) on the map.&hellip;","_links":{"self":[{"href":"https:\/\/supcom.standardof.net\/cs\/wp-json\/wp\/v2\/pages\/104"}],"collection":[{"href":"https:\/\/supcom.standardof.net\/cs\/wp-json\/wp\/v2\/pages"}],"about":[{"href":"https:\/\/supcom.standardof.net\/cs\/wp-json\/wp\/v2\/types\/page"}],"author":[{"embeddable":true,"href":"https:\/\/supcom.standardof.net\/cs\/wp-json\/wp\/v2\/users\/1"}],"replies":[{"embeddable":true,"href":"https:\/\/supcom.standardof.net\/cs\/wp-json\/wp\/v2\/comments?post=104"}],"version-history":[{"count":0,"href":"https:\/\/supcom.standardof.net\/cs\/wp-json\/wp\/v2\/pages\/104\/revisions"}],"up":[{"embeddable":true,"href":"https:\/\/supcom.standardof.net\/cs\/wp-json\/wp\/v2\/pages\/14"}],"wp:attachment":[{"href":"https:\/\/supcom.standardof.net\/cs\/wp-json\/wp\/v2\/media?parent=104"}],"curies":[{"name":"wp","href":"https:\/\/api.w.org\/{rel}","templated":true}]}}