{"id":112,"date":"2020-10-31T12:26:30","date_gmt":"2020-10-31T16:26:30","guid":{"rendered":"https:\/\/supcom.standardof.net\/?page_id=112"},"modified":"2020-10-31T12:52:33","modified_gmt":"2020-10-31T16:52:33","slug":"selecting-units","status":"publish","type":"page","link":"https:\/\/supcom.standardof.net\/cs\/supreme-commander\/rizeni\/vyber-jednotek\/","title":{"rendered":"V\u00fdb\u011br jednotek"},"content":{"rendered":"<p>Tyto p\u0159\u00edkazy jsou v\u0161echny r\u016fzn\u00e9 zkratky, kter\u00e9 mohou hr\u00e1\u010di pou\u017e\u00edt k usnadn\u011bn\u00ed v\u00fdb\u011bru jednotek r\u016fzn\u00fdmi zp\u016fsoby.<\/p>\n\n\n\n<p><strong>Lev\u00e9 kliknut\u00ed:<\/strong> Vyberte jednotku <br><strong>Dvojit\u00e9 lev\u00e9 kliknut\u00ed:<\/strong> Vyberte v\u0161echny jednotky tohoto typu na obrazovce <br><strong>Lev\u00e9 kliknut\u00ed na nic:<\/strong> Zru\u0161te v\u00fdb\u011br v\u0161ech jednotek <br><strong>Lev\u00e9 kliknut\u00ed a ta\u017een\u00ed:<\/strong> Vyberte v\u0161echny jednotky v tomto poli<br><em>&nbsp;&nbsp;&nbsp;&nbsp; * Pokud je v\u00e1\u0161 v\u00fdb\u011br prim\u00e1rn\u011b mobiln\u00ed jednotky, budou vybr\u00e1ny pouze mobiln\u00ed jednotky. Hra tak\u00e9 uhodne, jak\u00fd typ jednotky jste mysleli.<\/em><\/p>\n\n\n\n<p><strong>1:<\/strong> Vyberte v\u0161echny jednotky ve skupin\u011b 1 <br><strong>Ctrl + 1:<\/strong> Nastavte vybran\u00e9 jednotky jako skupinu 1 <br><strong>Shift + 1:<\/strong> P\u0159idejte do sv\u00e9ho v\u00fdb\u011bru skupinu 1 <br><strong>Shift + Ctrl + 1:<\/strong> Vyberte tov\u00e1rny ve skupin\u011b 1<br><em>&nbsp;&nbsp;&nbsp;&nbsp; * V\u0161ech 10 \u010d\u00edseln\u00fdch kl\u00e1ves funguje pro vytv\u00e1\u0159en\u00ed \/ v\u00fdb\u011br skupin.<br>&nbsp;&nbsp;&nbsp;&nbsp; * Jednotky mohou pat\u0159it do v\u00edce skupin.<br>&nbsp;&nbsp;&nbsp;&nbsp; * Va\u0161e skupiny se zobraz\u00ed jako ikony na prav\u00e9 stran\u011b obrazovky.<br>&nbsp;&nbsp;&nbsp;&nbsp; * P\u0159i v\u00fdb\u011bru skupiny nebudou tov\u00e1rny ve v\u00fdchoz\u00edm nastaven\u00ed vybr\u00e1ny.<br>&nbsp;&nbsp;&nbsp;&nbsp; * Tov\u00e1rny d\u00e1vaj\u00ed \u010d\u00edsla sv\u00fdch skupin jednotk\u00e1m, kter\u00e9 stav\u00ed.<\/em> <br><strong>Shift + kliknut\u00ed na ikonu jednotky:<\/strong> P\u0159idejte do t\u00e9to skupiny ne\u010dinn\u00e9ho in\u017een\u00fdra<\/p>\n\n\n\n<p><strong>Ctrl + X:<\/strong> Vyberte v\u0161echny jednotky a budovy <br><strong>Ctrl + A:<\/strong> Vyberte v\u0161echny vzduchov\u00e9 jednotky <br><strong>Ctrl + S:<\/strong> Vyberte v\u0161echny n\u00e1mo\u0159n\u00ed jednotky <br><strong>Ctrl + L:<\/strong> Vyberte v\u0161echny pozemn\u00ed jednotky <br><strong>Ctrl + B:<\/strong> Vyberte v\u0161echny in\u017een\u00fdry a velitele <br><strong>Ctrl + Z:<\/strong> Vyberte v\u0161echny jednotky tohoto typu na map\u011b<\/p>\n\n\n\n<p><strong>Ctrl + C:<\/strong> Vyberte v\u0161echny jednotky a budovy na obrazovce <br><strong>Ctrl + obdob\u00ed:<\/strong> Vyberte v\u0161echny in\u017een\u00fdry na obrazovce <br><strong>Ctrl + H:<\/strong> Vyberte v\u0161echny tov\u00e1rny na obrazovce<\/p>\n\n\n\n<p><strong>\u010c\u00e1rka:<\/strong> Jd\u011bte k veliteli <br><strong>Alt + \u010d\u00e1rka:<\/strong> Vyberte velitele<\/p>\n\n\n\n<p><strong>Doba:<\/strong> P\u0159ejd\u011bte k nejbli\u017e\u0161\u00edmu volnob\u011bhu <br><strong>Alt + obdob\u00ed:<\/strong> Vyberte nejbli\u017e\u0161\u00edho volnob\u011bhu <br><strong>Shift + obdob\u00ed:<\/strong> Projd\u011bte ne\u010dinn\u00fdmi in\u017een\u00fdry<\/p>\n\n\n\n<p><strong>H:<\/strong> Vyberte nejbli\u017e\u0161\u00ed tov\u00e1rnu <br><strong>Ctrl + Shift + L:<\/strong> Vyberte nejbli\u017e\u0161\u00ed pozemn\u00ed tov\u00e1rnu <br><strong>Ctrl + Shift + A:<\/strong> Vyberte nejbli\u017e\u0161\u00ed leteckou tov\u00e1rnu <br><strong>Ctrl + Shift + S:<\/strong> Vyberte nejbli\u017e\u0161\u00ed n\u00e1mo\u0159n\u00ed tov\u00e1rnu<\/p>","protected":false},"excerpt":{"rendered":"<p>These commands are all various shortcuts that can be used by players to facilitate the selecting of units by a variety of ways. Left Click: Select unit Double Left Click: Select all units of this type on screen Left Click on nothing: Deselect all units Left Click and drag: Select all units in this box&nbsp;&nbsp;&nbsp;&nbsp; [&hellip;]<\/p>","protected":false},"author":1,"featured_media":5,"parent":104,"menu_order":1,"comment_status":"closed","ping_status":"closed","template":"","meta":{"_uag_custom_page_level_css":"","site-sidebar-layout":"default","site-content-layout":"default","ast-site-content-layout":"","site-content-style":"default","site-sidebar-style":"default","ast-global-header-display":"","ast-banner-title-visibility":"","ast-main-header-display":"","ast-hfb-above-header-display":"","ast-hfb-below-header-display":"","ast-hfb-mobile-header-display":"","site-post-title":"","ast-breadcrumbs-content":"","ast-featured-img":"","footer-sml-layout":"","theme-transparent-header-meta":"default","adv-header-id-meta":"","stick-header-meta":"","header-above-stick-meta":"","header-main-stick-meta":"","header-below-stick-meta":"","astra-migrate-meta-layouts":"default","ast-page-background-enabled":"default","ast-page-background-meta":{"desktop":{"background-color":"","background-image":"","background-repeat":"repeat","background-position":"center center","background-size":"auto","background-attachment":"scroll","background-type":"","background-media":"","overlay-type":"","overlay-color":"","overlay-gradient":""},"tablet":{"background-color":"","background-image":"","background-repeat":"repeat","background-position":"center center","background-size":"auto","background-attachment":"scroll","background-type":"","background-media":"","overlay-type":"","overlay-color":"","overlay-gradient":""},"mobile":{"background-color":"","background-image":"","background-repeat":"repeat","background-position":"center center","background-size":"auto","background-attachment":"scroll","background-type":"","background-media":"","overlay-type":"","overlay-color":"","overlay-gradient":""}},"ast-content-background-meta":{"desktop":{"background-color":"var(--ast-global-color-5)","background-image":"","background-repeat":"repeat","background-position":"center center","background-size":"auto","background-attachment":"scroll","background-type":"","background-media":"","overlay-type":"","overlay-color":"","overlay-gradient":""},"tablet":{"background-color":"var(--ast-global-color-5)","background-image":"","background-repeat":"repeat","background-position":"center center","background-size":"auto","background-attachment":"scroll","background-type":"","background-media":"","overlay-type":"","overlay-color":"","overlay-gradient":""},"mobile":{"background-color":"var(--ast-global-color-5)","background-image":"","background-repeat":"repeat","background-position":"center center","background-size":"auto","background-attachment":"scroll","background-type":"","background-media":"","overlay-type":"","overlay-color":"","overlay-gradient":""}},"footnotes":""},"uagb_featured_image_src":{"full":["https:\/\/supcom.standardof.net\/wp-content\/uploads\/sites\/8\/2020\/10\/Supreme-Commander-Header-UEF.jpg",1600,680,false],"thumbnail":["https:\/\/supcom.standardof.net\/wp-content\/uploads\/sites\/8\/2020\/10\/Supreme-Commander-Header-UEF-200x85.jpg",200,85,true],"medium":["https:\/\/supcom.standardof.net\/wp-content\/uploads\/sites\/8\/2020\/10\/Supreme-Commander-Header-UEF-512x218.jpg",512,218,true],"medium_large":["https:\/\/supcom.standardof.net\/wp-content\/uploads\/sites\/8\/2020\/10\/Supreme-Commander-Header-UEF-768x326.jpg",768,326,true],"large":["https:\/\/supcom.standardof.net\/wp-content\/uploads\/sites\/8\/2020\/10\/Supreme-Commander-Header-UEF-800x340.jpg",800,340,true],"1536x1536":["https:\/\/supcom.standardof.net\/wp-content\/uploads\/sites\/8\/2020\/10\/Supreme-Commander-Header-UEF-1536x653.jpg",1536,653,true],"2048x2048":["https:\/\/supcom.standardof.net\/wp-content\/uploads\/sites\/8\/2020\/10\/Supreme-Commander-Header-UEF.jpg",1600,680,false],"trp-custom-language-flag":["https:\/\/supcom.standardof.net\/wp-content\/uploads\/sites\/8\/2020\/10\/Supreme-Commander-Header-UEF-16x7.jpg",16,7,true]},"uagb_author_info":{"display_name":"SOE","author_link":"https:\/\/supcom.standardof.net\/cs\/author\/k-tastic\/"},"uagb_comment_info":0,"uagb_excerpt":"These commands are all various shortcuts that can be used by players to facilitate the selecting of units by a variety of ways. Left Click: Select unit Double Left Click: Select all units of this type on screen Left Click on nothing: Deselect all units Left Click and drag: Select all units in this box&nbsp;&nbsp;&nbsp;&nbsp;&hellip;","_links":{"self":[{"href":"https:\/\/supcom.standardof.net\/cs\/wp-json\/wp\/v2\/pages\/112"}],"collection":[{"href":"https:\/\/supcom.standardof.net\/cs\/wp-json\/wp\/v2\/pages"}],"about":[{"href":"https:\/\/supcom.standardof.net\/cs\/wp-json\/wp\/v2\/types\/page"}],"author":[{"embeddable":true,"href":"https:\/\/supcom.standardof.net\/cs\/wp-json\/wp\/v2\/users\/1"}],"replies":[{"embeddable":true,"href":"https:\/\/supcom.standardof.net\/cs\/wp-json\/wp\/v2\/comments?post=112"}],"version-history":[{"count":0,"href":"https:\/\/supcom.standardof.net\/cs\/wp-json\/wp\/v2\/pages\/112\/revisions"}],"up":[{"embeddable":true,"href":"https:\/\/supcom.standardof.net\/cs\/wp-json\/wp\/v2\/pages\/104"}],"wp:featuredmedia":[{"embeddable":true,"href":"https:\/\/supcom.standardof.net\/cs\/wp-json\/wp\/v2\/media\/5"}],"wp:attachment":[{"href":"https:\/\/supcom.standardof.net\/cs\/wp-json\/wp\/v2\/media?parent=112"}],"curies":[{"name":"wp","href":"https:\/\/api.w.org\/{rel}","templated":true}]}}