{"id":117,"date":"2020-10-31T12:51:43","date_gmt":"2020-10-31T16:51:43","guid":{"rendered":"https:\/\/supcom.standardof.net\/?page_id=117"},"modified":"2020-10-31T12:51:43","modified_gmt":"2020-10-31T16:51:43","slug":"building","status":"publish","type":"page","link":"https:\/\/supcom.standardof.net\/cs\/supreme-commander\/rizeni\/budova\/","title":{"rendered":"Budova"},"content":{"rendered":"<p>Jedn\u00e1 se o r\u016fzn\u00e9 kl\u00e1vesov\u00e9 zkratky, kter\u00e9 jsou v\u00e1z\u00e1ny na pomoc hr\u00e1\u010di p\u0159i budov\u00e1n\u00ed struktur nebo jednotek s in\u017een\u00fdry a tov\u00e1rnami v Supreme Commander.<\/p>\n\n\n\n<p><strong>Lev\u00e9 kliknut\u00ed na obr\u00e1zek jednotky:<\/strong> Postavte 1 jednotku \/ strukturu <br><strong>Shift + lev\u00e9 kliknut\u00ed:<\/strong> Postavte 5 jednotek <br><strong>Klikn\u011bte prav\u00fdm tla\u010d\u00edtkem my\u0161i:<\/strong> Zru\u0161en\u00ed stavby 1 jednotky \/ struktury <br><strong>Shift + prav\u00e9 kliknut\u00ed:<\/strong> Zru\u0161te stavbu 5 jednotek \/ struktur<\/p>\n\n\n\n<p><strong>Lev\u00e9 kliknut\u00ed na mapu a podr\u017een\u00ed:<\/strong> Budujte struktury v tomto \u0159\u00e1dku <br><strong>Shift + Ctrl + prav\u00e9 kliknut\u00ed na obrys struktury:<\/strong> Zru\u0161it budov\u00e1n\u00ed t\u00e9to struktury<\/p>\n\n\n\n<p><strong>B:<\/strong> P\u0159epnout re\u017eim sestaven\u00ed <br><em>&nbsp;&nbsp;&nbsp;&nbsp; * V re\u017eimu sestaven\u00ed se kl\u00e1vesov\u00e9 zkratky vztahuj\u00ed ke ka\u017ed\u00e9 jednotliv\u00e9 budov\u011b. <br>&nbsp;&nbsp;&nbsp;&nbsp; * Dal\u0161\u00ed informace o re\u017eimu sestaven\u00ed najdete v dal\u0161\u00edch \u010d\u00e1stech t\u00e9to p\u0159\u00edru\u010dky.<\/em> <br><strong>Esc:<\/strong> Ukon\u010dete re\u017eim sestaven\u00ed<\/p>","protected":false},"excerpt":{"rendered":"<p>These are various keyboard shortcut commands tied to assisting the player when it comes to building structures or units with engineers and factories respectively in Supreme Commander. Left Click on unit picture: Build 1 unit\/structure Shift + Left Click: Build 5 units Right Click: Cancel building 1 unit\/structure Shift + Right Click: Cancel building 5 [&hellip;]<\/p>","protected":false},"author":1,"featured_media":5,"parent":104,"menu_order":3,"comment_status":"closed","ping_status":"closed","template":"","meta":{"_uag_custom_page_level_css":"","site-sidebar-layout":"default","site-content-layout":"default","ast-site-content-layout":"","site-content-style":"default","site-sidebar-style":"default","ast-global-header-display":"","ast-banner-title-visibility":"","ast-main-header-display":"","ast-hfb-above-header-display":"","ast-hfb-below-header-display":"","ast-hfb-mobile-header-display":"","site-post-title":"","ast-breadcrumbs-content":"","ast-featured-img":"","footer-sml-layout":"","theme-transparent-header-meta":"default","adv-header-id-meta":"","stick-header-meta":"","header-above-stick-meta":"","header-main-stick-meta":"","header-below-stick-meta":"","astra-migrate-meta-layouts":"default","ast-page-background-enabled":"default","ast-page-background-meta":{"desktop":{"background-color":"","background-image":"","background-repeat":"repeat","background-position":"center center","background-size":"auto","background-attachment":"scroll","background-type":"","background-media":"","overlay-type":"","overlay-color":"","overlay-gradient":""},"tablet":{"background-color":"","background-image":"","background-repeat":"repeat","background-position":"center center","background-size":"auto","background-attachment":"scroll","background-type":"","background-media":"","overlay-type":"","overlay-color":"","overlay-gradient":""},"mobile":{"background-color":"","background-image":"","background-repeat":"repeat","background-position":"center center","background-size":"auto","background-attachment":"scroll","background-type":"","background-media":"","overlay-type":"","overlay-color":"","overlay-gradient":""}},"ast-content-background-meta":{"desktop":{"background-color":"var(--ast-global-color-5)","background-image":"","background-repeat":"repeat","background-position":"center center","background-size":"auto","background-attachment":"scroll","background-type":"","background-media":"","overlay-type":"","overlay-color":"","overlay-gradient":""},"tablet":{"background-color":"var(--ast-global-color-5)","background-image":"","background-repeat":"repeat","background-position":"center center","background-size":"auto","background-attachment":"scroll","background-type":"","background-media":"","overlay-type":"","overlay-color":"","overlay-gradient":""},"mobile":{"background-color":"var(--ast-global-color-5)","background-image":"","background-repeat":"repeat","background-position":"center center","background-size":"auto","background-attachment":"scroll","background-type":"","background-media":"","overlay-type":"","overlay-color":"","overlay-gradient":""}},"footnotes":""},"uagb_featured_image_src":{"full":["https:\/\/supcom.standardof.net\/wp-content\/uploads\/sites\/8\/2020\/10\/Supreme-Commander-Header-UEF.jpg",1600,680,false],"thumbnail":["https:\/\/supcom.standardof.net\/wp-content\/uploads\/sites\/8\/2020\/10\/Supreme-Commander-Header-UEF-200x85.jpg",200,85,true],"medium":["https:\/\/supcom.standardof.net\/wp-content\/uploads\/sites\/8\/2020\/10\/Supreme-Commander-Header-UEF-512x218.jpg",512,218,true],"medium_large":["https:\/\/supcom.standardof.net\/wp-content\/uploads\/sites\/8\/2020\/10\/Supreme-Commander-Header-UEF-768x326.jpg",768,326,true],"large":["https:\/\/supcom.standardof.net\/wp-content\/uploads\/sites\/8\/2020\/10\/Supreme-Commander-Header-UEF-800x340.jpg",800,340,true],"1536x1536":["https:\/\/supcom.standardof.net\/wp-content\/uploads\/sites\/8\/2020\/10\/Supreme-Commander-Header-UEF-1536x653.jpg",1536,653,true],"2048x2048":["https:\/\/supcom.standardof.net\/wp-content\/uploads\/sites\/8\/2020\/10\/Supreme-Commander-Header-UEF.jpg",1600,680,false],"trp-custom-language-flag":["https:\/\/supcom.standardof.net\/wp-content\/uploads\/sites\/8\/2020\/10\/Supreme-Commander-Header-UEF-16x7.jpg",16,7,true]},"uagb_author_info":{"display_name":"SOE","author_link":"https:\/\/supcom.standardof.net\/cs\/author\/k-tastic\/"},"uagb_comment_info":0,"uagb_excerpt":"These are various keyboard shortcut commands tied to assisting the player when it comes to building structures or units with engineers and factories respectively in Supreme Commander. Left Click on unit picture: Build 1 unit\/structure Shift + Left Click: Build 5 units Right Click: Cancel building 1 unit\/structure Shift + Right Click: Cancel building 5&hellip;","_links":{"self":[{"href":"https:\/\/supcom.standardof.net\/cs\/wp-json\/wp\/v2\/pages\/117"}],"collection":[{"href":"https:\/\/supcom.standardof.net\/cs\/wp-json\/wp\/v2\/pages"}],"about":[{"href":"https:\/\/supcom.standardof.net\/cs\/wp-json\/wp\/v2\/types\/page"}],"author":[{"embeddable":true,"href":"https:\/\/supcom.standardof.net\/cs\/wp-json\/wp\/v2\/users\/1"}],"replies":[{"embeddable":true,"href":"https:\/\/supcom.standardof.net\/cs\/wp-json\/wp\/v2\/comments?post=117"}],"version-history":[{"count":0,"href":"https:\/\/supcom.standardof.net\/cs\/wp-json\/wp\/v2\/pages\/117\/revisions"}],"up":[{"embeddable":true,"href":"https:\/\/supcom.standardof.net\/cs\/wp-json\/wp\/v2\/pages\/104"}],"wp:featuredmedia":[{"embeddable":true,"href":"https:\/\/supcom.standardof.net\/cs\/wp-json\/wp\/v2\/media\/5"}],"wp:attachment":[{"href":"https:\/\/supcom.standardof.net\/cs\/wp-json\/wp\/v2\/media?parent=117"}],"curies":[{"name":"wp","href":"https:\/\/api.w.org\/{rel}","templated":true}]}}