{"id":119,"date":"2020-10-31T12:53:34","date_gmt":"2020-10-31T16:53:34","guid":{"rendered":"https:\/\/supcom.standardof.net\/?page_id=119"},"modified":"2020-11-04T09:17:53","modified_gmt":"2020-11-04T14:17:53","slug":"camera-and-interface","status":"publish","type":"page","link":"https:\/\/supcom.standardof.net\/cs\/supreme-commander\/rizeni\/kamera-a-rozhrani\/","title":{"rendered":"Fotoapar\u00e1t a rozhran\u00ed"},"content":{"rendered":"<p>Tyto kl\u00e1vesov\u00e9 zkratky a kl\u00e1vesov\u00e9 p\u0159\u00edkazy v\u00e1m umo\u017e\u0148uj\u00ed ovl\u00e1dat kameru a rozhran\u00ed v programu Supreme Commander, co\u017e v\u00e1m d\u00e1v\u00e1 mo\u017enost upravit pohled na akci ve h\u0159e. Tyto ovl\u00e1dac\u00ed prvky mohou b\u00fdt stejn\u011b d\u016fle\u017eit\u00e9 jako p\u0159i vyd\u00e1v\u00e1n\u00ed rozkaz\u016f, proto\u017ee vy jste strojcem sv\u00fdch arm\u00e1d, je pro v\u00e1s nejd\u016fle\u017eit\u011bj\u0161\u00ed vid\u011bt, co se d\u011bje.<\/p>\n\n\n\n<p><strong>Mezern\u00edk a podr\u017ete:<\/strong> <strong>P\u00e1nev <\/strong>a <strong>To\u010dit se <\/strong>Fotoapar\u00e1t voln\u011b <br><strong>Ot\u00e1zka:<\/strong> P\u0159ibl\u00ed\u017eit <br><strong>\u017d:<\/strong> Odd\u00e1lit <br><strong>Ctrl + Q:<\/strong> Rychl\u00e9 p\u0159ibl\u00ed\u017een\u00ed <br><strong>Ctrl + W:<\/strong> Rychl\u00e9 odd\u00e1len\u00ed <br><strong>T:<\/strong> Kolejov\u00e1 jednotka <br><strong>Ctrl + Shift + T:<\/strong> Sledovac\u00ed jednotka na minimap\u011b <br><strong>Ctrl + Alt + T:<\/strong> Sledovac\u00ed jednotka na 2. obrazovce <br><strong>Z\u00e1lo\u017eka:<\/strong> P\u0159ej\u00edt na dal\u0161\u00ed ulo\u017eenou pozici kamery <br><strong>Shift + Tab:<\/strong> Ulo\u017ete pozici t\u00e9to kamery <br><strong>Ctrl + Tab:<\/strong> Smazat polohu kamery <br><strong>Ctrl + V:<\/strong> Nastavit tuto pozici kamery jako v\u00fdchoz\u00ed zobrazen\u00ed <br><strong>PROTI:<\/strong> Resetovat kameru <br><strong>Ctrl + F:<\/strong> Po\u0159i\u010fte sn\u00edmek obrazovky<\/p>\n\n\n\n<p><strong>Y:<\/strong> Otev\u0159ete nab\u00eddku Minimapa<\/p>\n\n\n\n<p><strong>Zna\u010dky pro spojence:<\/strong> <br><strong>F5:<\/strong> Ozna\u010dit m\u00edsto jako \u201eObecn\u00e9 upozorn\u011bn\u00ed\u201c <br><strong>F6:<\/strong> Ozna\u010dit m\u00edsto jako \u201eP\u0159esunout\u201c <br><strong>F7:<\/strong> Ozna\u010dit m\u00edsto jako \u201e\u00datok\u201c<br>&nbsp;&nbsp;&nbsp;&nbsp; <em>* Tyto t\u0159i zna\u010dky zmiz\u00ed po 10 sekund\u00e1ch.<\/em> <br><strong>F8:<\/strong> Vlastn\u00ed zna\u010dka pro um\u00edst\u011bn\u00ed<br>&nbsp;&nbsp;&nbsp; <strong> Shift + Ctrl + prav\u00e9 kliknut\u00ed:<\/strong> Odebrat vlastn\u00ed zna\u010dku<br>&nbsp;&nbsp;&nbsp;&nbsp; <strong>Shift + lev\u00e9 kliknut\u00ed a ta\u017een\u00ed:<\/strong> P\u0159esunout vlastn\u00ed zna\u010dku (to mohou ud\u011blat spojenci)<\/p>\n\n\n\n<p><strong>Esc:<\/strong> Otev\u0159ete nab\u00eddku Escape<br>&nbsp;&nbsp;&nbsp;&nbsp; <em>* V kampani nebo poty\u010dce to hru pozastav\u00ed.<\/em> <br><strong>Alt + \u0161ipka nahoru nebo Alt + \u0161ipka dol\u016f:<\/strong> P\u0159epnout u\u017eivatelsk\u00e9 rozhran\u00ed<br>&nbsp;&nbsp;&nbsp;&nbsp; Existuj\u00ed \u010dty\u0159i mo\u017en\u00e1 u\u017eivatelsk\u00e1 rozhran\u00ed:<br>&nbsp;&nbsp;&nbsp;&nbsp; V\u00fdchoz\u00ed: Spodn\u00ed \u010d\u00e1st obrazovky<br>&nbsp;&nbsp;&nbsp;&nbsp; Lev\u00e1 strana obrazovky<br>&nbsp;&nbsp;&nbsp;&nbsp; Prav\u00e1 strana obrazovky<br>&nbsp;&nbsp;&nbsp;&nbsp; Minimalistick\u00fd: Mal\u00fd a pr\u016fhledn\u00fd ve spodn\u00ed \u010d\u00e1sti obrazovky <br><strong>Ctrl + Alt + F1:<\/strong> Zapnout \/ vypnout u\u017eivatelsk\u00e9 rozhran\u00ed <br><strong>Alt + L:<\/strong> Zapnout \/ vypnout z\u00e1chrann\u00e9 li\u0161ty <br><strong>Ctrl + N:<\/strong> P\u0159ejmenovat jednotku <br><strong>Domov:<\/strong> Rozd\u011blen\u00e1 obrazovka zapnuta <br><strong>Konec:<\/strong> Rozd\u011blen\u00e1 obrazovka vypnuta <br><strong>PageUp:<\/strong> Posun o 1 str\u00e1nku nahoru v historii chatu <br><strong>PageDown:<\/strong> Posun dol\u016f o 1 str\u00e1nku v historii chatu <br><strong>Shift + PageUp:<\/strong> Proch\u00e1zejte histori\u00ed chatu o 1 \u0159\u00e1dek nahoru <br><strong>Shift + PageDown:<\/strong> Posun dol\u016f o 1 \u0159\u00e1dek histori\u00ed chatu<\/p>\n\n\n\n<p><strong>Ctrl + W:<\/strong> P\u0159epnout vojensk\u00e9 p\u0159ekryt\u00ed (zobrazuje rozsahy zbran\u00ed) <br><strong>Ctrl + E:<\/strong> P\u0159epnout obrann\u00e9 p\u0159ekryt\u00ed (zm\u011bn\u00ed barvy ikon) <br><strong>Ctrl + R:<\/strong> P\u0159epnout p\u0159ekryt\u00ed ekonomiky (ukazuje vyu\u017eit\u00ed zdroj\u016f) <br><strong>Ctrl + T:<\/strong> P\u0159epnout p\u0159ekryt\u00ed Intel (ukazuje rozsah radaru)<\/p>\n\n\n\n<p><strong>F1:<\/strong> P\u0159epnout okno c\u00edl\u016f <br><strong>F2:<\/strong> P\u0159epnout sk\u00f3re <br><strong>F3:<\/strong> P\u0159epnout protokol p\u0159enosu <br><strong>F4:<\/strong> P\u0159epnout okno diplomacie <br><strong>F11:<\/strong> P\u0159epnout okno p\u0159ipojen\u00ed <br><strong>F12:<\/strong> Zobrazit obrazovku vazeb kl\u00e1ves<\/p>\n\n\n\n<p><strong>Pauza:<\/strong> Pozastavit hru <br><strong>M\u00ednus na numerick\u00e9 kl\u00e1vesnici:<\/strong> Sni\u017ete rychlost hry <br><strong>Plus na numerick\u00e9 kl\u00e1vesnici:<\/strong> Zvy\u0161te rychlost hry <br><strong>Hv\u011bzda na numerick\u00e9 kl\u00e1vesnici:<\/strong> Obnovte rychlost hry na +0<\/p>","protected":false},"excerpt":{"rendered":"<p>These shortcuts and keyboard commands allow you to control the camera and interface in Supreme Commander, thus giving you the ability to modify your view of the action in-game. These controls can be just as important as when it comes to giving orders, since you being the mastermind behind you armies, the ability for you [&hellip;]<\/p>","protected":false},"author":1,"featured_media":5,"parent":104,"menu_order":4,"comment_status":"closed","ping_status":"closed","template":"","meta":{"_uag_custom_page_level_css":"","site-sidebar-layout":"default","site-content-layout":"default","ast-site-content-layout":"","site-content-style":"default","site-sidebar-style":"default","ast-global-header-display":"","ast-banner-title-visibility":"","ast-main-header-display":"","ast-hfb-above-header-display":"","ast-hfb-below-header-display":"","ast-hfb-mobile-header-display":"","site-post-title":"","ast-breadcrumbs-content":"","ast-featured-img":"","footer-sml-layout":"","theme-transparent-header-meta":"default","adv-header-id-meta":"","stick-header-meta":"","header-above-stick-meta":"","header-main-stick-meta":"","header-below-stick-meta":"","astra-migrate-meta-layouts":"default","ast-page-background-enabled":"default","ast-page-background-meta":{"desktop":{"background-color":"","background-image":"","background-repeat":"repeat","background-position":"center center","background-size":"auto","background-attachment":"scroll","background-type":"","background-media":"","overlay-type":"","overlay-color":"","overlay-gradient":""},"tablet":{"background-color":"","background-image":"","background-repeat":"repeat","background-position":"center center","background-size":"auto","background-attachment":"scroll","background-type":"","background-media":"","overlay-type":"","overlay-color":"","overlay-gradient":""},"mobile":{"background-color":"","background-image":"","background-repeat":"repeat","background-position":"center center","background-size":"auto","background-attachment":"scroll","background-type":"","background-media":"","overlay-type":"","overlay-color":"","overlay-gradient":""}},"ast-content-background-meta":{"desktop":{"background-color":"var(--ast-global-color-5)","background-image":"","background-repeat":"repeat","background-position":"center center","background-size":"auto","background-attachment":"scroll","background-type":"","background-media":"","overlay-type":"","overlay-color":"","overlay-gradient":""},"tablet":{"background-color":"var(--ast-global-color-5)","background-image":"","background-repeat":"repeat","background-position":"center center","background-size":"auto","background-attachment":"scroll","background-type":"","background-media":"","overlay-type":"","overlay-color":"","overlay-gradient":""},"mobile":{"background-color":"var(--ast-global-color-5)","background-image":"","background-repeat":"repeat","background-position":"center center","background-size":"auto","background-attachment":"scroll","background-type":"","background-media":"","overlay-type":"","overlay-color":"","overlay-gradient":""}},"footnotes":""},"uagb_featured_image_src":{"full":["https:\/\/supcom.standardof.net\/wp-content\/uploads\/sites\/8\/2020\/10\/Supreme-Commander-Header-UEF.jpg",1600,680,false],"thumbnail":["https:\/\/supcom.standardof.net\/wp-content\/uploads\/sites\/8\/2020\/10\/Supreme-Commander-Header-UEF-200x85.jpg",200,85,true],"medium":["https:\/\/supcom.standardof.net\/wp-content\/uploads\/sites\/8\/2020\/10\/Supreme-Commander-Header-UEF-512x218.jpg",512,218,true],"medium_large":["https:\/\/supcom.standardof.net\/wp-content\/uploads\/sites\/8\/2020\/10\/Supreme-Commander-Header-UEF-768x326.jpg",768,326,true],"large":["https:\/\/supcom.standardof.net\/wp-content\/uploads\/sites\/8\/2020\/10\/Supreme-Commander-Header-UEF-800x340.jpg",800,340,true],"1536x1536":["https:\/\/supcom.standardof.net\/wp-content\/uploads\/sites\/8\/2020\/10\/Supreme-Commander-Header-UEF-1536x653.jpg",1536,653,true],"2048x2048":["https:\/\/supcom.standardof.net\/wp-content\/uploads\/sites\/8\/2020\/10\/Supreme-Commander-Header-UEF.jpg",1600,680,false],"trp-custom-language-flag":["https:\/\/supcom.standardof.net\/wp-content\/uploads\/sites\/8\/2020\/10\/Supreme-Commander-Header-UEF-16x7.jpg",16,7,true]},"uagb_author_info":{"display_name":"SOE","author_link":"https:\/\/supcom.standardof.net\/cs\/author\/k-tastic\/"},"uagb_comment_info":0,"uagb_excerpt":"These shortcuts and keyboard commands allow you to control the camera and interface in Supreme Commander, thus giving you the ability to modify your view of the action in-game. These controls can be just as important as when it comes to giving orders, since you being the mastermind behind you armies, the ability for you&hellip;","_links":{"self":[{"href":"https:\/\/supcom.standardof.net\/cs\/wp-json\/wp\/v2\/pages\/119"}],"collection":[{"href":"https:\/\/supcom.standardof.net\/cs\/wp-json\/wp\/v2\/pages"}],"about":[{"href":"https:\/\/supcom.standardof.net\/cs\/wp-json\/wp\/v2\/types\/page"}],"author":[{"embeddable":true,"href":"https:\/\/supcom.standardof.net\/cs\/wp-json\/wp\/v2\/users\/1"}],"replies":[{"embeddable":true,"href":"https:\/\/supcom.standardof.net\/cs\/wp-json\/wp\/v2\/comments?post=119"}],"version-history":[{"count":0,"href":"https:\/\/supcom.standardof.net\/cs\/wp-json\/wp\/v2\/pages\/119\/revisions"}],"up":[{"embeddable":true,"href":"https:\/\/supcom.standardof.net\/cs\/wp-json\/wp\/v2\/pages\/104"}],"wp:featuredmedia":[{"embeddable":true,"href":"https:\/\/supcom.standardof.net\/cs\/wp-json\/wp\/v2\/media\/5"}],"wp:attachment":[{"href":"https:\/\/supcom.standardof.net\/cs\/wp-json\/wp\/v2\/media?parent=119"}],"curies":[{"name":"wp","href":"https:\/\/api.w.org\/{rel}","templated":true}]}}