{"id":122,"date":"2020-10-31T12:58:50","date_gmt":"2020-10-31T16:58:50","guid":{"rendered":"https:\/\/supcom.standardof.net\/?page_id=122"},"modified":"2020-10-31T23:56:52","modified_gmt":"2020-11-01T03:56:52","slug":"campaign-walkthroughs","status":"publish","type":"page","link":"https:\/\/supcom.standardof.net\/cs\/supreme-commander\/navody-na-kampan\/","title":{"rendered":"N\u00e1vody na kampa\u0148"},"content":{"rendered":"<p>V Supreme Commander jsou 3 samostatn\u00e9 kampan\u011b, jedna pro ka\u017edou frakci, UEF, Cybran a Aeon. Ka\u017ed\u00e1 z kampan\u00ed m\u00e1 6 mis\u00ed, co\u017e je celkem 18. Ka\u017ed\u00e1 s\u00e9rie mis\u00ed bude zobrazovat hledisko a zapojen\u00ed uveden\u00e9 frakce do Nekone\u010dn\u00e9 v\u00e1lky, kter\u00e1 ve h\u0159e pohlt\u00ed vesm\u00edr.<\/p>\n\n\n\n<h3 class=\"wp-block-heading\">N\u011bkolik kl\u00ed\u010dov\u00fdch pozn\u00e1mek ke spr\u00e1v\u011b c\u00edl\u016f:<\/h3>\n\n\n\n<ul><li>Va\u0161e aktu\u00e1ln\u00ed c\u00edle se objev\u00ed v lev\u00e9m horn\u00edm rohu obrazovky naproti seznamu va\u0161ich skupin a ACU v prav\u00e9m horn\u00edm rohu.<\/li><li>Kliknut\u00ed lev\u00fdm tla\u010d\u00edtkem na c\u00edl vycentruje mapu na tento c\u00edl.<\/li><li>Kliknut\u00edm prav\u00fdm tla\u010d\u00edtkem na c\u00edl pozastav\u00edte hru a p\u0159ejdete na obrazovku, kter\u00e1 tento c\u00edl vysv\u011btl\u00ed.<\/li><li>Stisknut\u00edm kl\u00e1vesy F1 se hra pozastav\u00ed a zobraz\u00ed se seznam c\u00edl\u016f.<\/li><\/ul>\n\n\n\n<p><strong>Pozn\u00e1mka:<\/strong> Video n\u00e1vody jsou prov\u00e1d\u011bny na <strong>Tvrd\u00fd<\/strong> a poskytnout nejpodrobn\u011bj\u0161\u00ed p\u0159ehled tohoto nastaven\u00ed obt\u00ed\u017enosti.<\/p>\n\n\n\n<h2 class=\"wp-block-heading\">N\u00e1vody na kampa\u0148<\/h2>\n\n\n\n<section class=\"wp-block-uagb-columns uagb-columns__wrap uagb-columns__background-undefined uagb-columns__stack-mobile uagb-columns__valign-undefined uagb-columns__gap-10 alignundefined uagb-block-8088c2ff\"><div class=\"uagb-columns__overlay\"><\/div><div class=\"uagb-columns__inner-wrap uagb-columns__columns-1\">\n<div class=\"wp-block-uagb-column uagb-column__wrap uagb-column__background-undefined uagb-block-5abbc3c6\"><div class=\"uagb-column__overlay\"><\/div><div class=\"uagb-column__inner-wrap\">\n<h3 class=\"wp-block-heading\" id=\"UEF-Campaign\">Kampa\u0148 UEF<\/h3>\n\n\n\n<ol><li><a href=\"https:\/\/supcom.standardof.net\/cs\/supreme-commander\/navody-na-kampan\/uef-operation-black-earth\/\">Provoz Black Earth<\/a><\/li><li><a href=\"https:\/\/supcom.standardof.net\/cs\/supreme-commander\/navody-na-kampan\/uef-operation-snow-blind\/\">Provoz Snow Blind<\/a><\/li><li><a href=\"https:\/\/supcom.standardof.net\/cs\/supreme-commander\/navody-na-kampan\/uef-operation-metal-shark\/\">Provoz Metal Shark<\/a><\/li><li><a href=\"https:\/\/supcom.standardof.net\/cs\/supreme-commander\/navody-na-kampan\/uef-operation-vakcina\/\" class=\"rank-math-link\">Opera\u010dn\u00ed vakc\u00edna<\/a><\/li><li><a href=\"https:\/\/supcom.standardof.net\/cs\/supreme-commander\/navody-na-kampan\/uef-operation-forge\/\" class=\"rank-math-link\">Provoz Forge<\/a><\/li><li><a href=\"https:\/\/supcom.standardof.net\/cs\/supreme-commander\/navody-na-kampan\/uef-operation-stone-wall\/\" class=\"rank-math-link\">Provoz Kamenn\u00e1 ze\u010f<\/a><\/li><\/ol>\n<\/div><\/div>\n<\/div><\/section>\n\n\n\n<section class=\"wp-block-uagb-columns uagb-columns__wrap uagb-columns__background-undefined uagb-columns__stack-mobile uagb-columns__valign-undefined uagb-columns__gap-10 alignundefined uagb-block-7bcf6014\"><div class=\"uagb-columns__overlay\"><\/div><div class=\"uagb-columns__inner-wrap uagb-columns__columns-1\">\n<div class=\"wp-block-uagb-column uagb-column__wrap uagb-column__background-undefined uagb-block-0d18d63f\"><div class=\"uagb-column__overlay\"><\/div><div class=\"uagb-column__inner-wrap\">\n<h3 class=\"wp-block-heading\" id=\"Cybran-Campaign\">Cybranova kampa\u0148<\/h3>\n\n\n\n<ol><li><a href=\"https:\/\/supcom.standardof.net\/cs\/supreme-commander\/navody-na-kampan\/cybran-operation-osvobozeni\/\" class=\"rank-math-link\">Osvobozen\u00ed operace<\/a><\/li><li><a href=\"https:\/\/supcom.standardof.net\/cs\/supreme-commander\/navody-na-kampan\/cybran-operation-artifact\/\" class=\"rank-math-link\">Provoz artefakt<\/a><\/li><li><a href=\"https:\/\/supcom.standardof.net\/cs\/supreme-commander\/navody-na-kampan\/cybran-operation-defrag\/\" class=\"rank-math-link\">Operace Defrag<\/a><\/li><li><a href=\"https:\/\/supcom.standardof.net\/cs\/supreme-commander\/navody-na-kampan\/cybran-operation-mainframe-tango\/\" class=\"rank-math-link\">Provoz Mainframe Tango<\/a><\/li><li><a href=\"https:\/\/supcom.standardof.net\/cs\/supreme-commander\/navody-na-kampan\/cybran-operation-unlock\/\" class=\"rank-math-link\">Provoz Odemknout<\/a><\/li><li><a href=\"https:\/\/supcom.standardof.net\/cs\/supreme-commander\/navody-na-kampan\/svoboda-kybernetickeho-provozu\/\" class=\"rank-math-link\">Provoz Svoboda<\/a><\/li><\/ol>\n<\/div><\/div>\n<\/div><\/section>\n\n\n\n<section class=\"wp-block-uagb-columns uagb-columns__wrap uagb-columns__background-undefined uagb-columns__stack-mobile uagb-columns__valign-undefined uagb-columns__gap-10 alignundefined uagb-block-fd9a3098\"><div class=\"uagb-columns__overlay\"><\/div><div class=\"uagb-columns__inner-wrap uagb-columns__columns-1\">\n<div class=\"wp-block-uagb-column uagb-column__wrap uagb-column__background-undefined uagb-block-f159f760\"><div class=\"uagb-column__overlay\"><\/div><div class=\"uagb-column__inner-wrap\">\n<h3 class=\"wp-block-heading\" id=\"Aeon-Campaign\">Kampa\u0148 Aeon<\/h3>\n\n\n\n<ol><li><a href=\"https:\/\/supcom.standardof.net\/cs\/supreme-commander\/navody-na-kampan\/aeon-operation-joust\/\" class=\"rank-math-link\">Operace Kl\u00e1n\u00ed<\/a><\/li><li><a href=\"https:\/\/supcom.standardof.net\/cs\/supreme-commander\/navody-na-kampan\/aeon-operation-machine-purge\/\" class=\"rank-math-link\">Provoz stroje Purge<\/a><\/li><li><a href=\"https:\/\/supcom.standardof.net\/cs\/supreme-commander\/navody-na-kampan\/aeon-operation-high-slave\/\" class=\"rank-math-link\">Provoz P\u0159\u00edliv<\/a><\/li><li><a href=\"https:\/\/supcom.standardof.net\/cs\/supreme-commander\/navody-na-kampan\/aeon-operation-entity\/\" class=\"rank-math-link\">Subjekt operace<\/a><\/li><li><a href=\"https:\/\/supcom.standardof.net\/cs\/supreme-commander\/navody-na-kampan\/aeon-operation-shining-star\/\" class=\"rank-math-link\">Operace Shining Star<\/a><\/li><li><a href=\"https:\/\/supcom.standardof.net\/cs\/supreme-commander\/navody-na-kampan\/aeon-operation-zaciatky\/\" class=\"rank-math-link\">Za\u010d\u00e1tky provozu<\/a><\/li><\/ol>\n<\/div><\/div>\n<\/div><\/section>","protected":false},"excerpt":{"rendered":"<p>There are 3 separate campaigns in Supreme Commander, one for each faction, the UEF, Cybran and Aeon. Each of the campaigns has 6 missions, making 18 total. Each series of missions will portray the viewpoint and involvement of said faction in the Infinite War which consumes the universe in the game. Some Key Notes on [&hellip;]<\/p>","protected":false},"author":1,"featured_media":5,"parent":14,"menu_order":1,"comment_status":"closed","ping_status":"closed","template":"","meta":{"_uag_custom_page_level_css":"","site-sidebar-layout":"default","site-content-layout":"default","ast-site-content-layout":"","site-content-style":"default","site-sidebar-style":"default","ast-global-header-display":"","ast-banner-title-visibility":"","ast-main-header-display":"","ast-hfb-above-header-display":"","ast-hfb-below-header-display":"","ast-hfb-mobile-header-display":"","site-post-title":"","ast-breadcrumbs-content":"","ast-featured-img":"","footer-sml-layout":"","theme-transparent-header-meta":"default","adv-header-id-meta":"","stick-header-meta":"","header-above-stick-meta":"","header-main-stick-meta":"","header-below-stick-meta":"","astra-migrate-meta-layouts":"default","ast-page-background-enabled":"default","ast-page-background-meta":{"desktop":{"background-color":"","background-image":"","background-repeat":"repeat","background-position":"center center","background-size":"auto","background-attachment":"scroll","background-type":"","background-media":"","overlay-type":"","overlay-color":"","overlay-gradient":""},"tablet":{"background-color":"","background-image":"","background-repeat":"repeat","background-position":"center center","background-size":"auto","background-attachment":"scroll","background-type":"","background-media":"","overlay-type":"","overlay-color":"","overlay-gradient":""},"mobile":{"background-color":"","background-image":"","background-repeat":"repeat","background-position":"center center","background-size":"auto","background-attachment":"scroll","background-type":"","background-media":"","overlay-type":"","overlay-color":"","overlay-gradient":""}},"ast-content-background-meta":{"desktop":{"background-color":"var(--ast-global-color-5)","background-image":"","background-repeat":"repeat","background-position":"center center","background-size":"auto","background-attachment":"scroll","background-type":"","background-media":"","overlay-type":"","overlay-color":"","overlay-gradient":""},"tablet":{"background-color":"var(--ast-global-color-5)","background-image":"","background-repeat":"repeat","background-position":"center center","background-size":"auto","background-attachment":"scroll","background-type":"","background-media":"","overlay-type":"","overlay-color":"","overlay-gradient":""},"mobile":{"background-color":"var(--ast-global-color-5)","background-image":"","background-repeat":"repeat","background-position":"center center","background-size":"auto","background-attachment":"scroll","background-type":"","background-media":"","overlay-type":"","overlay-color":"","overlay-gradient":""}},"footnotes":""},"uagb_featured_image_src":{"full":["https:\/\/supcom.standardof.net\/wp-content\/uploads\/sites\/8\/2020\/10\/Supreme-Commander-Header-UEF.jpg",1600,680,false],"thumbnail":["https:\/\/supcom.standardof.net\/wp-content\/uploads\/sites\/8\/2020\/10\/Supreme-Commander-Header-UEF-200x85.jpg",200,85,true],"medium":["https:\/\/supcom.standardof.net\/wp-content\/uploads\/sites\/8\/2020\/10\/Supreme-Commander-Header-UEF-512x218.jpg",512,218,true],"medium_large":["https:\/\/supcom.standardof.net\/wp-content\/uploads\/sites\/8\/2020\/10\/Supreme-Commander-Header-UEF-768x326.jpg",768,326,true],"large":["https:\/\/supcom.standardof.net\/wp-content\/uploads\/sites\/8\/2020\/10\/Supreme-Commander-Header-UEF-800x340.jpg",800,340,true],"1536x1536":["https:\/\/supcom.standardof.net\/wp-content\/uploads\/sites\/8\/2020\/10\/Supreme-Commander-Header-UEF-1536x653.jpg",1536,653,true],"2048x2048":["https:\/\/supcom.standardof.net\/wp-content\/uploads\/sites\/8\/2020\/10\/Supreme-Commander-Header-UEF.jpg",1600,680,false],"trp-custom-language-flag":["https:\/\/supcom.standardof.net\/wp-content\/uploads\/sites\/8\/2020\/10\/Supreme-Commander-Header-UEF-16x7.jpg",16,7,true]},"uagb_author_info":{"display_name":"SOE","author_link":"https:\/\/supcom.standardof.net\/cs\/author\/k-tastic\/"},"uagb_comment_info":0,"uagb_excerpt":"There are 3 separate campaigns in Supreme Commander, one for each faction, the UEF, Cybran and Aeon. Each of the campaigns has 6 missions, making 18 total. Each series of missions will portray the viewpoint and involvement of said faction in the Infinite War which consumes the universe in the game. Some Key Notes on&hellip;","_links":{"self":[{"href":"https:\/\/supcom.standardof.net\/cs\/wp-json\/wp\/v2\/pages\/122"}],"collection":[{"href":"https:\/\/supcom.standardof.net\/cs\/wp-json\/wp\/v2\/pages"}],"about":[{"href":"https:\/\/supcom.standardof.net\/cs\/wp-json\/wp\/v2\/types\/page"}],"author":[{"embeddable":true,"href":"https:\/\/supcom.standardof.net\/cs\/wp-json\/wp\/v2\/users\/1"}],"replies":[{"embeddable":true,"href":"https:\/\/supcom.standardof.net\/cs\/wp-json\/wp\/v2\/comments?post=122"}],"version-history":[{"count":0,"href":"https:\/\/supcom.standardof.net\/cs\/wp-json\/wp\/v2\/pages\/122\/revisions"}],"up":[{"embeddable":true,"href":"https:\/\/supcom.standardof.net\/cs\/wp-json\/wp\/v2\/pages\/14"}],"wp:featuredmedia":[{"embeddable":true,"href":"https:\/\/supcom.standardof.net\/cs\/wp-json\/wp\/v2\/media\/5"}],"wp:attachment":[{"href":"https:\/\/supcom.standardof.net\/cs\/wp-json\/wp\/v2\/media?parent=122"}],"curies":[{"name":"wp","href":"https:\/\/api.w.org\/{rel}","templated":true}]}}