{"id":14,"date":"2020-10-30T21:44:12","date_gmt":"2020-10-31T01:44:12","guid":{"rendered":"https:\/\/supcom.standardof.net\/?page_id=14"},"modified":"2020-11-06T01:00:10","modified_gmt":"2020-11-06T06:00:10","slug":"supreme-commander","status":"publish","type":"page","link":"https:\/\/supcom.standardof.net\/cs\/","title":{"rendered":"Pr\u016fvodce strategi\u00ed vrchn\u00edho velitele"},"content":{"rendered":"<section class=\"wp-block-uagb-columns uagb-columns__wrap uagb-columns__background-undefined uagb-columns__stack-mobile uagb-columns__valign-undefined uagb-columns__gap-10 alignundefined uagb-block-2d1e63ac\"><div class=\"uagb-columns__overlay\"><\/div><div class=\"uagb-columns__inner-wrap uagb-columns__columns-1\">\n<div class=\"wp-block-uagb-column uagb-column__wrap uagb-column__background-undefined uagb-block-874ac485\"><div class=\"uagb-column__overlay\"><\/div><div class=\"uagb-column__inner-wrap\">\n<div class=\"wp-block-image\"><figure class=\"aligncenter size-full is-resized\"><img decoding=\"async\" src=\"https:\/\/supcom.standardof.net\/wp-content\/uploads\/sites\/8\/2020\/10\/Supreme-Commander-Logo-1.png\" alt=\"\" class=\"wp-image-13\" width=\"256\" height=\"217\" srcset=\"https:\/\/supcom.standardof.net\/wp-content\/uploads\/sites\/8\/2020\/10\/Supreme-Commander-Logo-1.png 256w, https:\/\/supcom.standardof.net\/wp-content\/uploads\/sites\/8\/2020\/10\/Supreme-Commander-Logo-1-200x170.png 200w, https:\/\/supcom.standardof.net\/wp-content\/uploads\/sites\/8\/2020\/10\/Supreme-Commander-Logo-1-14x12.png 14w\" sizes=\"(max-width: 256px) 100vw, 256px\" \/><\/figure><\/div>\n\n\n\n<h2 class=\"has-text-align-center wp-block-heading\">O p\u0159\u00edru\u010dce Nejvy\u0161\u0161\u00edho velitele<\/h2>\n\n\n\n<p>Supreme Commander je strategick\u00e1 hra v re\u00e1ln\u00e9m \u010dase navr\u017een\u00e1 Chrisem Taylorem, duchem duchovn\u00edho p\u0159edch\u016fdce Sup Com, Total Annihilation.<\/p>\n\n\n\n<p>Nej\u010dast\u011bj\u0161\u00ed dotazy t\u00fdkaj\u00edc\u00ed se Nejvy\u0161\u0161\u00edho velitele se nezam\u011b\u0159uj\u00ed na d\u011bj nebo vkusn\u00e9 aspekty hry, ale na technick\u00e9 a na datech zalo\u017een\u00e9 aspekty. Je to reference pro ty z n\u00e1s, kte\u0159\u00ed cht\u011bj\u00ed v\u011bd\u011bt, co se d\u011bje pod kapotou hry, jak vyladit posledn\u00ed unci u\u017eite\u010dnosti z na\u0161ich jednotek, jak porazit tuto ne\u0159e\u0161itelnou kampa\u0148 dv\u011bma r\u016fzn\u00fdmi zp\u016fsoby.<\/p>\n<\/div><\/div>\n<\/div><\/section>\n\n\n\n<section class=\"wp-block-uagb-columns uagb-columns__wrap uagb-columns__background-undefined uagb-columns__stack-mobile uagb-columns__valign-undefined uagb-columns__gap-10 alignundefined uagb-block-c1193f35\"><div class=\"uagb-columns__overlay\"><\/div><div class=\"uagb-columns__inner-wrap uagb-columns__columns-1\">\n<div class=\"wp-block-uagb-column uagb-column__wrap uagb-column__background-undefined uagb-block-4369c1db\"><div class=\"uagb-column__overlay\"><\/div><div class=\"uagb-column__inner-wrap\">\n<h3 class=\"wp-block-heading\">TERMINOLOGIE<\/h3>\n\n\n\n<p>V t\u00e9to p\u0159\u00edru\u010dce jsou \u201eCommander\u201c a \u201eACU\u201c zam\u011bniteln\u011b pou\u017e\u00edv\u00e1ny, stejn\u011b jako \u201eSubcommander\u201c a \u201eSCU\u201c. Anti-air je n\u011bkdy zkr\u00e1cen na \u201eAA\u201c. N\u00e1klady na zdroje se obvykle vyjad\u0159uj\u00ed jako M, E, T: hmotnost, energie, \u010das na vybudov\u00e1n\u00ed. Ka\u017ed\u00e1 jednotka \u010dasu (T) je 1 sekunda pro jednotku s rychlost\u00ed sestaven\u00ed 1. Velitel m\u00e1 nap\u0159\u00edklad rychlost sestaven\u00ed 10, tak\u017ee m\u016f\u017ee postavit jednotku s cenou T300 za 300\/10 = 30 sekund, a pokud jej\u00ed hromadn\u00e1 cena je M60, pou\u017e\u00edv\u00e1 2 mass \/ sec.<\/p>\n<\/div><\/div>\n<\/div><\/section>\n\n\n\n<section class=\"wp-block-uagb-columns uagb-columns__wrap uagb-columns__background-undefined uagb-columns__stack-mobile uagb-columns__valign-undefined uagb-columns__gap-10 alignundefined uagb-block-e98bc751\"><div class=\"uagb-columns__overlay\"><\/div><div class=\"uagb-columns__inner-wrap uagb-columns__columns-1\">\n<div class=\"wp-block-uagb-column uagb-column__wrap uagb-column__background-undefined uagb-block-c8d221a6\"><div class=\"uagb-column__overlay\"><\/div><div class=\"uagb-column__inner-wrap\">\n<h2 class=\"has-text-align-center wp-block-heading\"><strong>PR\u016eVODCOV\u00dd INDEX<\/strong><\/h2>\n\n\n\n<h3 class=\"wp-block-heading\"><a href=\"https:\/\/supcom.standardof.net\/cs\/supreme-commander\/rizeni\/\" class=\"rank-math-link\"><strong>\u0158\u00edzen\u00ed<\/strong><\/a> <\/h3>\n\n\n\n<p><strong><a href=\"https:\/\/supcom.standardof.net\/cs\/supreme-commander\/rizeni\/vyber-jednotek\/\">V\u00fdb\u011br jednotek<\/a><\/strong> - <strong><a href=\"https:\/\/supcom.standardof.net\/cs\/supreme-commander\/rizeni\/davat-rozkazy\/\">Zad\u00e1v\u00e1n\u00ed objedn\u00e1vek<\/a><\/strong> - <strong><a href=\"https:\/\/supcom.standardof.net\/cs\/supreme-commander\/rizeni\/budova\/\">Budova<\/a><\/strong> - <strong><a class=\"rank-math-link\" href=\"https:\/\/supcom.standardof.net\/cs\/supreme-commander\/rizeni\/kamera-a-rozhrani\/\">Fotoapar\u00e1t a rozhran\u00ed<\/a><\/strong><\/p>\n\n\n\n<p><em>Podrobnosti o tom, jak pou\u017e\u00edvat rozhran\u00ed a z\u00e1kladn\u00ed p\u0159\u00edkazy.<\/em><\/p>\n\n\n\n<h3 class=\"wp-block-heading\"><a href=\"https:\/\/supcom.standardof.net\/cs\/supreme-commander\/navody-na-kampan\/\" class=\"rank-math-link\"><strong>N\u00e1vod na kampa\u0148<\/strong><\/a> <\/h3>\n\n\n\n<p><em>Pr\u016fvodci pro ka\u017edou misi.<\/em><\/p>\n\n\n\n<h3 class=\"wp-block-heading\"><strong>Seznamy frak\u010dn\u00edch jednotek<\/strong><\/h3>\n\n\n\n<p><a href=\"https:\/\/supcom.standardof.net\/cs\/supreme-commander\/uef\/\" class=\"rank-math-link\">United Earth Federation (UEF)<\/a> - <a href=\"https:\/\/supcom.standardof.net\/cs\/supreme-commander\/cybran-2\/\" class=\"rank-math-link\">Cybran Nation<\/a> - <a href=\"https:\/\/supcom.standardof.net\/cs\/supreme-commander\/aeon-2\/\" class=\"rank-math-link\">Aeon Illuminate<\/a><\/p>\n\n\n\n<p><em>Str\u00e1nky pro arm\u00e1dy ka\u017ed\u00e9 frakce a podrobn\u00e9 informace o jednotk\u00e1ch.<\/em><\/p>\n\n\n\n<h3 class=\"wp-block-heading\"><strong>Porovn\u00e1n\u00ed frak\u010dn\u00edch jednotek <\/strong><\/h3>\n\n\n\n<p><em>Anal\u00fdza r\u016fzn\u00fdch prot\u011bj\u0161kov\u00fdch jednotek ka\u017ed\u00e9 frakce.<\/em> (ji\u017e brzy)<\/p>\n\n\n\n<h3 class=\"wp-block-heading\" id=\"economy\"><strong>Ekonomika<\/strong><\/h3>\n\n\n\n<p><a href=\"https:\/\/supcom.standardof.net\/cs\/supreme-commander\/pocatecni-objednavky-sestaveni-2\/\">Spou\u0161t\u011bn\u00ed stavebn\u00edch objedn\u00e1vek<\/a> - <a href=\"https:\/\/supcom.standardof.net\/cs\/supreme-commander\/bonusy-sousedstvi-2\/\">Sousedn\u00ed bonusy<\/a> - <a href=\"https:\/\/supcom.standardof.net\/cs\/supreme-commander\/rezim-sestaveni-2\/\">Re\u017eim sestaven\u00ed<\/a><\/p>\n\n\n\n<p><em>Slo\u017eit\u011bj\u0161\u00ed podrobnosti o tom, jak ve h\u0159e funguje ekonomika.<\/em><\/p>\n<\/div><\/div>\n<\/div><\/section>\n\n\n\n<section class=\"wp-block-uagb-columns uagb-columns__wrap uagb-columns__background-undefined uagb-columns__stack-mobile uagb-columns__valign-undefined uagb-columns__gap-10 alignundefined uagb-block-e7357cea\"><div class=\"uagb-columns__overlay\"><\/div><div class=\"uagb-columns__inner-wrap uagb-columns__columns-1\">\n<div class=\"wp-block-uagb-column uagb-column__wrap uagb-column__background-undefined uagb-block-015c136f\"><div class=\"uagb-column__overlay\"><\/div><div class=\"uagb-column__inner-wrap\">\n<h4 class=\"wp-block-heading\">Verze XBOX<\/h4>\n\n\n\n<p>Tato p\u0159\u00edru\u010dka se nezab\u00fdv\u00e1 verz\u00ed hry Supreme Commander pro Xbox 360. I kdy\u017e existuje spousta z\u00e1kladn\u00edch podobnost\u00ed, pokud jde o frakce, mise, jednotky a jejich statistiky atd., Existuje mnoho do o\u010d\u00ed bij\u00edc\u00edch rozd\u00edl\u016f, pokud jde o pou\u017eit\u00e9 ovl\u00e1dac\u00ed prvky a celkovou p\u0159edstavenou hru. P\u016fvodn\u00ed pr\u016fvodce byl naps\u00e1n v\u00fdhradn\u011b pro verzi pro PC a v sou\u010dasn\u00e9 dob\u011b neexistuj\u00ed \u017e\u00e1dn\u00e9 pl\u00e1ny na p\u0159id\u00e1n\u00ed konkr\u00e9tn\u00edch informac\u00ed pro Xbox.<\/p>\n<\/div><\/div>\n<\/div><\/section>\n\n\n\n<hr class=\"wp-block-separator\"\/>\n\n\n\n<section class=\"wp-block-uagb-columns uagb-columns__wrap uagb-columns__background-undefined uagb-columns__stack-mobile uagb-columns__valign-undefined uagb-columns__gap-10 alignundefined uagb-block-1d0b4775\"><div class=\"uagb-columns__overlay\"><\/div><div class=\"uagb-columns__inner-wrap uagb-columns__columns-1\">\n<div class=\"wp-block-uagb-column uagb-column__wrap uagb-column__background-undefined uagb-block-236d7ab6\"><div class=\"uagb-column__overlay\"><\/div><div class=\"uagb-column__inner-wrap\">\n<h2 class=\"has-text-align-center wp-block-heading\">\u00dav\u011bry<\/h2>\n\n\n\n<h3 class=\"wp-block-heading\">Origin\u00e1ln\u00ed pr\u016fvodce od Robyrta<\/h3>\n\n\n\n<p>Autorsk\u00e1 pr\u00e1va k tomuto FAQ jsou chr\u00e1n\u011bna autorsk\u00fdm pr\u00e1vem (c) 2007, Robert Marney (aka Robyrt). V\u0161echna pr\u00e1va vyhrazena. Pou\u017eit\u00ed tohoto souboru nebo jak\u00e9koli jeho \u010d\u00e1sti je povoleno pouze pro osobn\u00ed pou\u017eit\u00ed; nezve\u0159ej\u0148ujte nebo duplikujte bez v\u00fdslovn\u00e9ho souhlasu autora.<\/p>\n\n\n\n<p>Moje shrnut\u00ed bonus\u016f za sousedstv\u00ed v 5.2 je siln\u011b ovlivn\u011bno Spurov\u00fdm pr\u016fvodcem. N\u00e1vody na kampa\u0148 dlu\u017e\u00ed hodn\u011b strategick\u00e9mu pr\u016fvodci Tima Bogenna. Soubory pl\u00e1n\u016f jednotek byly dek\u00f3dov\u00e1ny a nahr\u00e1ny nowak@xpam.de.<br>Mnohokr\u00e1t d\u011bkuji komukoli - tento projekt jste umo\u017enili. Aktualizace byly ru\u010dn\u011b zad\u00e1ny Robyrtem.<\/p>\n\n\n\n<h4 class=\"wp-block-heading\">Standardn\u00ed verze pro z\u00e1bavu<\/h4>\n\n\n\n<p>P\u016fvodn\u00ed autor: Robyrt<\/p>\n\n\n\n<p>Tato p\u0159\u00edru\u010dka je oproti p\u016fvodn\u00ed verzi upravena a je hostitelem <a href=\"https:\/\/standardof.net\/about\/\" target=\"_blank\" rel=\"noopener\">Standard z\u00e1bavy<\/a> se svolen\u00edm p\u016fvodn\u00edho autora, kter\u00fd m\u00e1 slou\u017eit jako \u0159ada n\u00e1vod\u016f a instrukc\u00ed, kter\u00e9 maj\u00ed b\u00fdt pou\u017eity ve h\u0159e<em> Nejvy\u0161\u0161\u00ed veliteli<\/em>. Tato opr\u00e1vn\u011bn\u00ed jsou nep\u0159enosn\u00e1.<\/p>\n\n\n\n<p>Ikony kl\u00e1vesnice jsou <a rel=\"noreferrer noopener nofollow\" href=\"https:\/\/www.iconarchive.com\/artist\/chromatix.html\" target=\"_blank\">Chromatix<\/a> (<a href=\"https:\/\/creativecommons.org\/licenses\/by-nc-nd\/4.0\/\" target=\"_blank\" rel=\"noreferrer noopener nofollow\">CC BY-NC-ND 4.0<\/a>)<\/p>\n<\/div><\/div>\n<\/div><\/section>","protected":false},"excerpt":{"rendered":"<p>About the Supreme Commander Guide Supreme Commander is a Real Time Strategy game designed by Chris Taylor, the mind behind the spiritual predecessor to Sup Com, Total Annihilation. This Supreme Commander FAQ is not focused on the storyline or flavorful aspects of the game, but on the technical and data-driven aspects. It&#8217;s a reference for [&hellip;]<\/p>","protected":false},"author":1,"featured_media":0,"parent":0,"menu_order":0,"comment_status":"open","ping_status":"closed","template":"","meta":{"_uag_custom_page_level_css":"","site-sidebar-layout":"default","site-content-layout":"default","ast-site-content-layout":"","site-content-style":"default","site-sidebar-style":"default","ast-global-header-display":"","ast-banner-title-visibility":"","ast-main-header-display":"","ast-hfb-above-header-display":"","ast-hfb-below-header-display":"","ast-hfb-mobile-header-display":"","site-post-title":"","ast-breadcrumbs-content":"","ast-featured-img":"","footer-sml-layout":"","theme-transparent-header-meta":"default","adv-header-id-meta":"","stick-header-meta":"","header-above-stick-meta":"","header-main-stick-meta":"","header-below-stick-meta":"","astra-migrate-meta-layouts":"default","ast-page-background-enabled":"default","ast-page-background-meta":{"desktop":{"background-color":"","background-image":"","background-repeat":"repeat","background-position":"center center","background-size":"auto","background-attachment":"scroll","background-type":"","background-media":"","overlay-type":"","overlay-color":"","overlay-gradient":""},"tablet":{"background-color":"","background-image":"","background-repeat":"repeat","background-position":"center center","background-size":"auto","background-attachment":"scroll","background-type":"","background-media":"","overlay-type":"","overlay-color":"","overlay-gradient":""},"mobile":{"background-color":"","background-image":"","background-repeat":"repeat","background-position":"center center","background-size":"auto","background-attachment":"scroll","background-type":"","background-media":"","overlay-type":"","overlay-color":"","overlay-gradient":""}},"ast-content-background-meta":{"desktop":{"background-color":"var(--ast-global-color-5)","background-image":"","background-repeat":"repeat","background-position":"center center","background-size":"auto","background-attachment":"scroll","background-type":"","background-media":"","overlay-type":"","overlay-color":"","overlay-gradient":""},"tablet":{"background-color":"var(--ast-global-color-5)","background-image":"","background-repeat":"repeat","background-position":"center center","background-size":"auto","background-attachment":"scroll","background-type":"","background-media":"","overlay-type":"","overlay-color":"","overlay-gradient":""},"mobile":{"background-color":"var(--ast-global-color-5)","background-image":"","background-repeat":"repeat","background-position":"center center","background-size":"auto","background-attachment":"scroll","background-type":"","background-media":"","overlay-type":"","overlay-color":"","overlay-gradient":""}},"footnotes":""},"uagb_featured_image_src":{"full":false,"thumbnail":false,"medium":false,"medium_large":false,"large":false,"1536x1536":false,"2048x2048":false,"trp-custom-language-flag":false},"uagb_author_info":{"display_name":"SOE","author_link":"https:\/\/supcom.standardof.net\/cs\/author\/k-tastic\/"},"uagb_comment_info":15,"uagb_excerpt":"About the Supreme Commander Guide Supreme Commander is a Real Time Strategy game designed by Chris Taylor, the mind behind the spiritual predecessor to Sup Com, Total Annihilation. This Supreme Commander FAQ is not focused on the storyline or flavorful aspects of the game, but on the technical and data-driven aspects. It&#8217;s a reference for&hellip;","_links":{"self":[{"href":"https:\/\/supcom.standardof.net\/cs\/wp-json\/wp\/v2\/pages\/14"}],"collection":[{"href":"https:\/\/supcom.standardof.net\/cs\/wp-json\/wp\/v2\/pages"}],"about":[{"href":"https:\/\/supcom.standardof.net\/cs\/wp-json\/wp\/v2\/types\/page"}],"author":[{"embeddable":true,"href":"https:\/\/supcom.standardof.net\/cs\/wp-json\/wp\/v2\/users\/1"}],"replies":[{"embeddable":true,"href":"https:\/\/supcom.standardof.net\/cs\/wp-json\/wp\/v2\/comments?post=14"}],"version-history":[{"count":0,"href":"https:\/\/supcom.standardof.net\/cs\/wp-json\/wp\/v2\/pages\/14\/revisions"}],"wp:attachment":[{"href":"https:\/\/supcom.standardof.net\/cs\/wp-json\/wp\/v2\/media?parent=14"}],"curies":[{"name":"wp","href":"https:\/\/api.w.org\/{rel}","templated":true}]}}