{"id":153,"date":"2020-10-31T14:02:43","date_gmt":"2020-10-31T18:02:43","guid":{"rendered":"https:\/\/supcom.standardof.net\/?page_id=153"},"modified":"2020-10-31T14:39:12","modified_gmt":"2020-10-31T18:39:12","slug":"uef-operation-metal-shark","status":"publish","type":"page","link":"https:\/\/supcom.standardof.net\/cs\/supreme-commander\/navody-na-kampan\/uef-operation-metal-shark\/","title":{"rendered":"UEF Mission 3 - Operation Metal Shark"},"content":{"rendered":"<p>Po pov\u00fd\u0161en\u00ed na kapit\u00e1na za va\u0161e p\u0159edchoz\u00ed \u00fasil\u00ed ve Snow Blind m\u00e1te nyn\u00ed za \u00fakol v operaci Metal Shark m\u00ed\u0159it s Arnoldem do Matar sv\u011bta, kde Aeon vym\u00fdvaj\u00ed mozky nebo vra\u017ed\u00ed m\u00edstn\u00ed obyvatele. Operace Metal Shark bude prvn\u00ed prim\u00e1rn\u011b n\u00e1mo\u0159n\u00ed mapou, na kter\u00e9 budete bojovat v kampani UEF, a jedinou mis\u00ed, kter\u00e1 se bude to\u010dit v\u00fdhradn\u011b kolem pozemn\u00edch boj\u016f.<\/p>\n\n\n\n<section class=\"wp-block-uagb-columns uagb-columns__wrap uagb-columns__background-undefined uagb-columns__stack-mobile uagb-columns__valign-undefined uagb-columns__gap-10 alignundefined uagb-block-2f35daeb\"><div class=\"uagb-columns__overlay\"><\/div><div class=\"uagb-columns__inner-wrap uagb-columns__columns-1\">\n<div class=\"wp-block-uagb-column uagb-column__wrap uagb-column__background-undefined uagb-block-66b45250\"><div class=\"uagb-column__overlay\"><\/div><div class=\"uagb-column__inner-wrap\">\n<h3 class=\"wp-block-heading\">1. DEFEAT FRIGATE FORCE<\/h3>\n\n\n\n<p><a href=\"https:\/\/www.standardof.net\/wp-content\/uploads\/2011\/10\/M-uef-3-1.avi_snapshot_00.11.04_2011.10.25_04.51.50.png\" class=\"rank-math-link\" target=\"_blank\" rel=\"noopener\"><\/a>Flotila \u0161esti fregat hl\u00eddkuje na jih. Abyste je porazili, budete pot\u0159ebovat zna\u010dn\u00e9 n\u00e1mo\u0159nictvo, proto si p\u0159ed zah\u00e1jen\u00edm tohoto c\u00edle vybudujte sv\u016fj v\u00fdchoz\u00ed ostrov se spoustou vzdu\u0161n\u00e9 a n\u00e1mo\u0159n\u00ed obrany. Nejl\u00e9pe funguje sm\u00ed\u0161en\u00e1 s\u00edla ponorek a bombard\u00e9r\u016f, proto\u017ee zt\u011b\u017euj\u00ed \u017eivot in\u017een\u00fdr\u016fm stav\u011bj\u00edc\u00edm torp\u00e9dov\u00e9 odpalova\u010de nebo nep\u0159\u00e1telsk\u00e9 fregaty. Pokud jste odemkli bitevn\u00ed k\u0159i\u017en\u00edky s c\u00edli 2 a 3, jsou vynikaj\u00edc\u00ed.<\/p>\n\n\n\n<div class=\"wp-block-image\"><figure class=\"aligncenter size-large\"><a href=\"https:\/\/supcom.standardof.net\/cs\/supreme-commander\/navody-na-kampan\/uef-operation-metal-shark\/uef-mission-3-operation-metal-shark-1\/\"><img decoding=\"async\" width=\"750\" height=\"601\" src=\"https:\/\/supcom.standardof.net\/wp-content\/uploads\/sites\/8\/2020\/10\/UEF-Mission-3-\u2013-Operation-Metal-Shark-1.jpg\" alt=\"\" class=\"wp-image-154\" srcset=\"https:\/\/supcom.standardof.net\/wp-content\/uploads\/sites\/8\/2020\/10\/UEF-Mission-3-\u2013-Operation-Metal-Shark-1.jpg 750w, https:\/\/supcom.standardof.net\/wp-content\/uploads\/sites\/8\/2020\/10\/UEF-Mission-3-\u2013-Operation-Metal-Shark-1-512x410.jpg 512w, https:\/\/supcom.standardof.net\/wp-content\/uploads\/sites\/8\/2020\/10\/UEF-Mission-3-\u2013-Operation-Metal-Shark-1-200x160.jpg 200w, https:\/\/supcom.standardof.net\/wp-content\/uploads\/sites\/8\/2020\/10\/UEF-Mission-3-\u2013-Operation-Metal-Shark-1-16x12.jpg 16w\" sizes=\"(max-width: 750px) 100vw, 750px\" \/><\/a><\/figure><\/div>\n<\/div><\/div>\n<\/div><\/section>\n\n\n\n<section class=\"wp-block-uagb-columns uagb-columns__wrap uagb-columns__background-undefined uagb-columns__stack-mobile uagb-columns__valign-undefined uagb-columns__gap-10 alignundefined uagb-block-cfe39f80\"><div class=\"uagb-columns__overlay\"><\/div><div class=\"uagb-columns__inner-wrap uagb-columns__columns-1\">\n<div class=\"wp-block-uagb-column uagb-column__wrap uagb-column__background-undefined uagb-block-00145445\"><div class=\"uagb-column__overlay\"><\/div><div class=\"uagb-column__inner-wrap\">\n<h3 class=\"wp-block-heading\">2. BUILD SONAR INSTALLATION<\/h3>\n\n\n\n<p>Nejjednodu\u0161\u0161\u00ed c\u00edl od \u201eSestavit 3 hromadn\u00e9 extraktory\u201c. Postavte jej pobl\u00ed\u017e odpalova\u010de torp\u00e9d, abyste m\u011bli p\u0159edem varov\u00e1n\u00ed o sv\u00e9 obran\u011b.<\/p>\n<\/div><\/div>\n<\/div><\/section>\n\n\n\n<section class=\"wp-block-uagb-columns uagb-columns__wrap uagb-columns__background-undefined uagb-columns__stack-mobile uagb-columns__valign-undefined uagb-columns__gap-10 alignundefined uagb-block-13f08576\"><div class=\"uagb-columns__overlay\"><\/div><div class=\"uagb-columns__inner-wrap uagb-columns__columns-1\">\n<div class=\"wp-block-uagb-column uagb-column__wrap uagb-column__background-undefined uagb-block-0b9139f6\"><div class=\"uagb-column__overlay\"><\/div><div class=\"uagb-column__inner-wrap\">\n<h3 class=\"wp-block-heading\">3. Zni\u010dte v\u0161echny nep\u0159\u00e1telsk\u00e9 podmo\u0159sk\u00e9 skupiny<\/h3>\n\n\n\n<p><a href=\"https:\/\/www.standardof.net\/wp-content\/uploads\/2011\/10\/M-uef-3-1.avi_snapshot_00.15.39_2011.10.25_04.54.34.png\" class=\"rank-math-link\" target=\"_blank\" rel=\"noopener\"><\/a>Jedin\u00fdm skute\u010dn\u00fdm zp\u016fsobem, jak porazit nep\u0159\u00e1telsk\u00e9 ponorky, je m\u00edt spoustu vlastn\u00edch ponorek. Jedna fregata v\u00e1m tak\u00e9 poskytne pokryt\u00ed sonaru pro nejd\u016fle\u017eit\u011bj\u0161\u00ed hranu v d\u00edl\u010d\u00edch bitv\u00e1ch, proto\u017ee ten, kdo vyst\u0159el\u00ed jako prvn\u00ed, obvykle vyhr\u00e1v\u00e1. Pokud je m\u016f\u017eete p\u0159im\u011bt k zaveden\u00ed torp\u00e9dov\u00e9ho spou\u0161t\u011b\u010de, je va\u0161e pr\u00e1ce jednodu\u0161\u0161\u00ed, ale to je riskantn\u00ed.<\/p>\n\n\n\n<div class=\"wp-block-image\"><figure class=\"aligncenter size-large\"><img decoding=\"async\" width=\"800\" height=\"583\" src=\"https:\/\/supcom.standardof.net\/wp-content\/uploads\/sites\/8\/2020\/10\/UEF-Mission-3-\u2013-Operation-Metal-Shark-2-800x583.jpg\" alt=\"\" class=\"wp-image-155\" srcset=\"https:\/\/supcom.standardof.net\/wp-content\/uploads\/sites\/8\/2020\/10\/UEF-Mission-3-\u2013-Operation-Metal-Shark-2-800x583.jpg 800w, https:\/\/supcom.standardof.net\/wp-content\/uploads\/sites\/8\/2020\/10\/UEF-Mission-3-\u2013-Operation-Metal-Shark-2-512x373.jpg 512w, https:\/\/supcom.standardof.net\/wp-content\/uploads\/sites\/8\/2020\/10\/UEF-Mission-3-\u2013-Operation-Metal-Shark-2-200x146.jpg 200w, https:\/\/supcom.standardof.net\/wp-content\/uploads\/sites\/8\/2020\/10\/UEF-Mission-3-\u2013-Operation-Metal-Shark-2-768x559.jpg 768w, https:\/\/supcom.standardof.net\/wp-content\/uploads\/sites\/8\/2020\/10\/UEF-Mission-3-\u2013-Operation-Metal-Shark-2-16x12.jpg 16w, https:\/\/supcom.standardof.net\/wp-content\/uploads\/sites\/8\/2020\/10\/UEF-Mission-3-\u2013-Operation-Metal-Shark-2.jpg 810w\" sizes=\"(max-width: 800px) 100vw, 800px\" \/><\/figure><\/div>\n<\/div><\/div>\n<\/div><\/section>\n\n\n\n<section class=\"wp-block-uagb-columns uagb-columns__wrap uagb-columns__background-undefined uagb-columns__stack-mobile uagb-columns__valign-undefined uagb-columns__gap-10 alignundefined uagb-block-52e3d529\"><div class=\"uagb-columns__overlay\"><\/div><div class=\"uagb-columns__inner-wrap uagb-columns__columns-1\">\n<div class=\"wp-block-uagb-column uagb-column__wrap uagb-column__background-undefined uagb-block-2871396f\"><div class=\"uagb-column__overlay\"><\/div><div class=\"uagb-column__inner-wrap\">\n<h3 class=\"wp-block-heading\">4. DEFEAT THE AEON COUNTERATTACK<\/h3>\n\n\n\n<p><em><a href=\"https:\/\/www.standardof.net\/wp-content\/uploads\/2011\/10\/M-uef-3-1.avi_snapshot_00.36.52_2011.10.25_04.56.58.png\" class=\"rank-math-link\" target=\"_blank\" rel=\"noopener\"><\/a>Mapa se roz\u0161i\u0159uje na jih<br>Sch\u00e9mata p\u0159idan\u00e1 t\u00edmto bodem: Gunship, Torpedo Bomber<\/em><br>Pokud m\u00e1te slu\u0161n\u00e9 n\u00e1mo\u0159n\u00ed a letectvo, proti\u00fatok by nem\u011bl b\u00fdt probl\u00e9m - sta\u010d\u00ed se ujistit, \u017ee va\u0161e st\u00edha\u010dky pokr\u00fdvaj\u00ed p\u0159\u00edstupy k va\u0161\u00ed z\u00e1kladn\u011b. V bl\u00edzkosti je mal\u00fd ostrov Aeon s rostlinou uhlovod\u00edk\u016f; odeslat jej s lod\u011bmi (vyno\u0159te se na ponorky a za\u00fato\u010dte na pozemn\u00ed c\u00edle).<\/p>\n\n\n\n<div class=\"wp-block-image\"><figure class=\"aligncenter size-large\"><img decoding=\"async\" width=\"800\" height=\"570\" src=\"https:\/\/supcom.standardof.net\/wp-content\/uploads\/sites\/8\/2020\/10\/UEF-Mission-3-\u2013-Operation-Metal-Shark-3-800x570.jpg\" alt=\"\" class=\"wp-image-156\" srcset=\"https:\/\/supcom.standardof.net\/wp-content\/uploads\/sites\/8\/2020\/10\/UEF-Mission-3-\u2013-Operation-Metal-Shark-3-800x570.jpg 800w, https:\/\/supcom.standardof.net\/wp-content\/uploads\/sites\/8\/2020\/10\/UEF-Mission-3-\u2013-Operation-Metal-Shark-3-512x365.jpg 512w, https:\/\/supcom.standardof.net\/wp-content\/uploads\/sites\/8\/2020\/10\/UEF-Mission-3-\u2013-Operation-Metal-Shark-3-200x143.jpg 200w, https:\/\/supcom.standardof.net\/wp-content\/uploads\/sites\/8\/2020\/10\/UEF-Mission-3-\u2013-Operation-Metal-Shark-3-768x547.jpg 768w, https:\/\/supcom.standardof.net\/wp-content\/uploads\/sites\/8\/2020\/10\/UEF-Mission-3-\u2013-Operation-Metal-Shark-3-16x12.jpg 16w, https:\/\/supcom.standardof.net\/wp-content\/uploads\/sites\/8\/2020\/10\/UEF-Mission-3-\u2013-Operation-Metal-Shark-3.jpg 870w\" sizes=\"(max-width: 800px) 100vw, 800px\" \/><\/figure><\/div>\n<\/div><\/div>\n<\/div><\/section>\n\n\n\n<section class=\"wp-block-uagb-columns uagb-columns__wrap uagb-columns__background-undefined uagb-columns__stack-mobile uagb-columns__valign-undefined uagb-columns__gap-10 alignundefined uagb-block-05d617f2\"><div class=\"uagb-columns__overlay\"><\/div><div class=\"uagb-columns__inner-wrap uagb-columns__columns-1\">\n<div class=\"wp-block-uagb-column uagb-column__wrap uagb-column__background-undefined uagb-block-8c74e31e\"><div class=\"uagb-column__overlay\"><\/div><div class=\"uagb-column__inner-wrap\">\n<h3 class=\"wp-block-heading\">5. Z\u00cdSKEJTE \u010cERNOU KRABICU ARNOLDA<\/h3>\n\n\n\n<p><em><a href=\"https:\/\/www.standardof.net\/wp-content\/uploads\/2011\/10\/M-uef-3-1.avi_snapshot_00.54.12_2011.10.25_04.59.57.png\" class=\"rank-math-link\" target=\"_blank\" rel=\"noopener\"><\/a>P\u0159idan\u00e1 sch\u00e9mata: Syst\u00e9m p\u0159id\u011blov\u00e1n\u00ed zdroj\u016f - upgrade ACU<\/em><br>Nyn\u00ed byste m\u011bli zintenzivnit v\u00fdrobu letadel, abyste m\u011bli p\u0159ipraveno mnoho bojov\u00fdch bojov\u00fdch lod\u00ed a st\u00edha\u010dek s podporou bombard\u00e9r\u016f \/ torp\u00e9dov\u00fdch bombard\u00e9r\u016f pro va\u0161i n\u00e1mo\u0159n\u00ed flotilu. Pokuste se p\u0159evz\u00edt n\u00e1mo\u0159n\u00ed kontrolu d\u0159\u00edve, abyste mohli p\u0159estat stav\u011bt torp\u00e9dov\u00e9 bombard\u00e9ry a soust\u0159edit se na leteck\u00e9 jednotky. Ujist\u011bte se, \u017ee hl\u00eddkujete na v\u00fdchod, proto\u017ee nep\u0159\u00e1telsk\u00e9 \u00fatoky obvykle p\u0159ich\u00e1zej\u00ed z tohoto sm\u011bru. Rozbalte se na ji\u017en\u00ed ostrovy - obrana bodu T2 na b\u0159ehu funguje docela dob\u0159e, aby zahnala Aeonsk\u00e9 lod\u011b. Kdy\u017e jste p\u0159ipraveni se nast\u011bhovat na Arnold\u016fv ostrov, po\u0161lete nejprve sv\u00e1 letadla, abyste zni\u010dili torp\u00e9dov\u00e9 odpalova\u010de, a pot\u00e9 p\u0159ive\u010fte sv\u00e9 lod\u011b k vy\u010di\u0161t\u011bn\u00ed.<\/p>\n\n\n\n<div class=\"wp-block-image\"><figure class=\"aligncenter size-large\"><a href=\"https:\/\/supcom.standardof.net\/cs\/supreme-commander\/navody-na-kampan\/uef-operation-metal-shark\/uef-mission-3-operation-metal-shark-4\/\"><img decoding=\"async\" width=\"800\" height=\"493\" src=\"https:\/\/supcom.standardof.net\/wp-content\/uploads\/sites\/8\/2020\/10\/UEF-Mission-3-\u2013-Operation-Metal-Shark-4.jpg\" alt=\"\" class=\"wp-image-157\" srcset=\"https:\/\/supcom.standardof.net\/wp-content\/uploads\/sites\/8\/2020\/10\/UEF-Mission-3-\u2013-Operation-Metal-Shark-4.jpg 800w, https:\/\/supcom.standardof.net\/wp-content\/uploads\/sites\/8\/2020\/10\/UEF-Mission-3-\u2013-Operation-Metal-Shark-4-512x316.jpg 512w, https:\/\/supcom.standardof.net\/wp-content\/uploads\/sites\/8\/2020\/10\/UEF-Mission-3-\u2013-Operation-Metal-Shark-4-200x123.jpg 200w, https:\/\/supcom.standardof.net\/wp-content\/uploads\/sites\/8\/2020\/10\/UEF-Mission-3-\u2013-Operation-Metal-Shark-4-768x473.jpg 768w, https:\/\/supcom.standardof.net\/wp-content\/uploads\/sites\/8\/2020\/10\/UEF-Mission-3-\u2013-Operation-Metal-Shark-4-16x10.jpg 16w\" sizes=\"(max-width: 800px) 100vw, 800px\" \/><\/a><\/figure><\/div>\n<\/div><\/div>\n<\/div><\/section>\n\n\n\n<section class=\"wp-block-uagb-columns uagb-columns__wrap uagb-columns__background-undefined uagb-columns__stack-mobile uagb-columns__valign-undefined uagb-columns__gap-10 alignundefined uagb-block-798d6de4\"><div class=\"uagb-columns__overlay\"><\/div><div class=\"uagb-columns__inner-wrap uagb-columns__columns-1\">\n<div class=\"wp-block-uagb-column uagb-column__wrap uagb-column__background-undefined uagb-block-00c53d5e\"><div class=\"uagb-column__overlay\"><\/div><div class=\"uagb-column__inner-wrap\">\n<h3 class=\"wp-block-heading\">6. ZABIJTE NEBO ZACHRA\u0147TE AEONOVOU PRINCESU<\/h3>\n\n\n\n<p><em>Mapa se roz\u0161i\u0159uje na v\u00fdchod<\/em><br><em>P\u0159idan\u00e1 sch\u00e9mata: T2 Naval Factory<\/em><br>Tento c\u00edl nem\u016f\u017eete splnit bez ohledu na to, jak se sna\u017e\u00edte. M\u00edsto toho se zam\u011b\u0159te na Eris, velitele Aeonu.<\/p>\n<\/div><\/div>\n<\/div><\/section>\n\n\n\n<section class=\"wp-block-uagb-columns uagb-columns__wrap uagb-columns__background-undefined uagb-columns__stack-mobile uagb-columns__valign-undefined uagb-columns__gap-10 alignundefined uagb-block-501ebdee\"><div class=\"uagb-columns__overlay\"><\/div><div class=\"uagb-columns__inner-wrap uagb-columns__columns-1\">\n<div class=\"wp-block-uagb-column uagb-column__wrap uagb-column__background-undefined uagb-block-52b99413\"><div class=\"uagb-column__overlay\"><\/div><div class=\"uagb-column__inner-wrap\">\n<h3 class=\"wp-block-heading\">7. ZNI\u010cTE HLAVN\u00cd Z\u00c1KLADN\u011a AEON COMMANDER<\/h3>\n\n\n\n<p><a href=\"https:\/\/www.standardof.net\/wp-content\/uploads\/2011\/10\/M-uef-3-1.avi_snapshot_01.49.05_2011.10.25_05.03.53.png\" class=\"rank-math-link\" target=\"_blank\" rel=\"noopener\"><\/a>Aeonsk\u00e1 z\u00e1kladna je velk\u00e1 a dob\u0159e br\u00e1n\u011bn\u00e1. Vybudujte arm\u00e1du torp\u00e9doborc\u016f a ponorek, pot\u00e9 ji pou\u017eijte k vyklizen\u00ed mal\u00e9ho ostrova severn\u011b od z\u00e1kladny, pot\u00e9 ke zni\u010den\u00ed protiletadlov\u00e9ho vzduchu na ji\u017en\u00edm c\u00edpu ostrova, aby se va\u0161e bojov\u00e9 lod\u011b mohly pohybovat a vytvo\u0159it p\u0159edmost\u00ed. Jakmile budete m\u00edt n\u00e1mo\u0159n\u00ed kontrolu, p\u0159esta\u0148te stav\u011bt lod\u011b pot\u00e9, co budete m\u00edt n\u011bkolik k\u0159i\u017en\u00edk\u016f, abyste rozbili pob\u0159e\u017e\u00ed a p\u0159em\u011bnili svou produkci na T2 Land Factory, kter\u00e1 bude stav\u011bt t\u011b\u017ek\u00e9 tanky, kter\u00e9 m\u016f\u017eete na jih vysadit. P\u0159esu\u0148te sv\u00e9 tanky na sever a soust\u0159e\u010fte palbu na protiletadlov\u00e9 v\u011b\u017ee. Jako obvykle, kdy\u017e ACU p\u0159ijde za va\u0161imi tanky, po\u0161lete k zab\u00edjen\u00ed bojov\u00e9 lod\u011b a v\u0161echny bombard\u00e9ry, kter\u00e9 v\u00e1m zbyly.<\/p>\n\n\n\n<div class=\"wp-block-image\"><figure class=\"aligncenter size-large\"><img decoding=\"async\" width=\"800\" height=\"432\" src=\"https:\/\/supcom.standardof.net\/wp-content\/uploads\/sites\/8\/2020\/10\/UEF-Mission-3-\u2013-Operation-Metal-Shark-5.jpg\" alt=\"\" class=\"wp-image-158\" srcset=\"https:\/\/supcom.standardof.net\/wp-content\/uploads\/sites\/8\/2020\/10\/UEF-Mission-3-\u2013-Operation-Metal-Shark-5.jpg 800w, https:\/\/supcom.standardof.net\/wp-content\/uploads\/sites\/8\/2020\/10\/UEF-Mission-3-\u2013-Operation-Metal-Shark-5-512x276.jpg 512w, https:\/\/supcom.standardof.net\/wp-content\/uploads\/sites\/8\/2020\/10\/UEF-Mission-3-\u2013-Operation-Metal-Shark-5-200x108.jpg 200w, https:\/\/supcom.standardof.net\/wp-content\/uploads\/sites\/8\/2020\/10\/UEF-Mission-3-\u2013-Operation-Metal-Shark-5-768x415.jpg 768w, https:\/\/supcom.standardof.net\/wp-content\/uploads\/sites\/8\/2020\/10\/UEF-Mission-3-\u2013-Operation-Metal-Shark-5-16x9.jpg 16w\" sizes=\"(max-width: 800px) 100vw, 800px\" \/><\/figure><\/div>\n<\/div><\/div>\n<\/div><\/section>\n\n\n\n<h3 class=\"has-text-align-center wp-block-heading\">Mission 3 - Operation Metal Shark - video pr\u016fvodce<\/h3>\n\n\n\n<figure class=\"wp-block-embed-youtube wp-block-embed is-type-video is-provider-youtube wp-embed-aspect-16-9 wp-has-aspect-ratio\"><div class=\"wp-block-embed__wrapper\">\n<div class=\"ast-oembed-container\" style=\"height: 100%;\"><iframe title=\"Operation Metal Shark - kampa\u0148 Supreme Commander UEF na hardu\" width=\"500\" height=\"281\" src=\"https:\/\/www.youtube.com\/embed\/dCYqt1LRzpo?feature=oembed\" frameborder=\"0\" allow=\"accelerometer; autoplay; clipboard-write; encrypted-media; gyroscope; picture-in-picture; web-share\" referrerpolicy=\"strict-origin-when-cross-origin\" allowfullscreen><\/iframe><\/div>\n<\/div><\/figure>","protected":false},"excerpt":{"rendered":"<p>After receiving a promotion to captain for your previous efforts in Snow Blind, you are now tasked in Operation Metal Shark with heading with Arnold to the rim-world Matar, where the Aeon are brainwashing or slaughtering the local populace. Operation Metal Shark will be the first primarily naval map you will be fighting on in [&hellip;]<\/p>","protected":false},"author":1,"featured_media":156,"parent":122,"menu_order":1,"comment_status":"closed","ping_status":"closed","template":"","meta":{"_uag_custom_page_level_css":"","site-sidebar-layout":"default","site-content-layout":"default","ast-site-content-layout":"","site-content-style":"default","site-sidebar-style":"default","ast-global-header-display":"","ast-banner-title-visibility":"","ast-main-header-display":"","ast-hfb-above-header-display":"","ast-hfb-below-header-display":"","ast-hfb-mobile-header-display":"","site-post-title":"","ast-breadcrumbs-content":"","ast-featured-img":"","footer-sml-layout":"","theme-transparent-header-meta":"default","adv-header-id-meta":"","stick-header-meta":"","header-above-stick-meta":"","header-main-stick-meta":"","header-below-stick-meta":"","astra-migrate-meta-layouts":"default","ast-page-background-enabled":"default","ast-page-background-meta":{"desktop":{"background-color":"","background-image":"","background-repeat":"repeat","background-position":"center center","background-size":"auto","background-attachment":"scroll","background-type":"","background-media":"","overlay-type":"","overlay-color":"","overlay-gradient":""},"tablet":{"background-color":"","background-image":"","background-repeat":"repeat","background-position":"center center","background-size":"auto","background-attachment":"scroll","background-type":"","background-media":"","overlay-type":"","overlay-color":"","overlay-gradient":""},"mobile":{"background-color":"","background-image":"","background-repeat":"repeat","background-position":"center center","background-size":"auto","background-attachment":"scroll","background-type":"","background-media":"","overlay-type":"","overlay-color":"","overlay-gradient":""}},"ast-content-background-meta":{"desktop":{"background-color":"var(--ast-global-color-5)","background-image":"","background-repeat":"repeat","background-position":"center center","background-size":"auto","background-attachment":"scroll","background-type":"","background-media":"","overlay-type":"","overlay-color":"","overlay-gradient":""},"tablet":{"background-color":"var(--ast-global-color-5)","background-image":"","background-repeat":"repeat","background-position":"center center","background-size":"auto","background-attachment":"scroll","background-type":"","background-media":"","overlay-type":"","overlay-color":"","overlay-gradient":""},"mobile":{"background-color":"var(--ast-global-color-5)","background-image":"","background-repeat":"repeat","background-position":"center center","background-size":"auto","background-attachment":"scroll","background-type":"","background-media":"","overlay-type":"","overlay-color":"","overlay-gradient":""}},"footnotes":""},"uagb_featured_image_src":{"full":["https:\/\/supcom.standardof.net\/wp-content\/uploads\/sites\/8\/2020\/10\/UEF-Mission-3-\u2013-Operation-Metal-Shark-3.jpg",870,620,false],"thumbnail":["https:\/\/supcom.standardof.net\/wp-content\/uploads\/sites\/8\/2020\/10\/UEF-Mission-3-\u2013-Operation-Metal-Shark-3-200x143.jpg",200,143,true],"medium":["https:\/\/supcom.standardof.net\/wp-content\/uploads\/sites\/8\/2020\/10\/UEF-Mission-3-\u2013-Operation-Metal-Shark-3-512x365.jpg",512,365,true],"medium_large":["https:\/\/supcom.standardof.net\/wp-content\/uploads\/sites\/8\/2020\/10\/UEF-Mission-3-\u2013-Operation-Metal-Shark-3-768x547.jpg",768,547,true],"large":["https:\/\/supcom.standardof.net\/wp-content\/uploads\/sites\/8\/2020\/10\/UEF-Mission-3-\u2013-Operation-Metal-Shark-3-800x570.jpg",800,570,true],"1536x1536":["https:\/\/supcom.standardof.net\/wp-content\/uploads\/sites\/8\/2020\/10\/UEF-Mission-3-\u2013-Operation-Metal-Shark-3.jpg",870,620,false],"2048x2048":["https:\/\/supcom.standardof.net\/wp-content\/uploads\/sites\/8\/2020\/10\/UEF-Mission-3-\u2013-Operation-Metal-Shark-3.jpg",870,620,false],"trp-custom-language-flag":["https:\/\/supcom.standardof.net\/wp-content\/uploads\/sites\/8\/2020\/10\/UEF-Mission-3-\u2013-Operation-Metal-Shark-3-16x12.jpg",16,12,true]},"uagb_author_info":{"display_name":"SOE","author_link":"https:\/\/supcom.standardof.net\/cs\/author\/k-tastic\/"},"uagb_comment_info":0,"uagb_excerpt":"After receiving a promotion to captain for your previous efforts in Snow Blind, you are now tasked in Operation Metal Shark with heading with Arnold to the rim-world Matar, where the Aeon are brainwashing or slaughtering the local populace. Operation Metal Shark will be the first primarily naval map you will be fighting on in&hellip;","_links":{"self":[{"href":"https:\/\/supcom.standardof.net\/cs\/wp-json\/wp\/v2\/pages\/153"}],"collection":[{"href":"https:\/\/supcom.standardof.net\/cs\/wp-json\/wp\/v2\/pages"}],"about":[{"href":"https:\/\/supcom.standardof.net\/cs\/wp-json\/wp\/v2\/types\/page"}],"author":[{"embeddable":true,"href":"https:\/\/supcom.standardof.net\/cs\/wp-json\/wp\/v2\/users\/1"}],"replies":[{"embeddable":true,"href":"https:\/\/supcom.standardof.net\/cs\/wp-json\/wp\/v2\/comments?post=153"}],"version-history":[{"count":0,"href":"https:\/\/supcom.standardof.net\/cs\/wp-json\/wp\/v2\/pages\/153\/revisions"}],"up":[{"embeddable":true,"href":"https:\/\/supcom.standardof.net\/cs\/wp-json\/wp\/v2\/pages\/122"}],"wp:featuredmedia":[{"embeddable":true,"href":"https:\/\/supcom.standardof.net\/cs\/wp-json\/wp\/v2\/media\/156"}],"wp:attachment":[{"href":"https:\/\/supcom.standardof.net\/cs\/wp-json\/wp\/v2\/media?parent=153"}],"curies":[{"name":"wp","href":"https:\/\/api.w.org\/{rel}","templated":true}]}}