{"id":172,"date":"2020-10-31T14:30:29","date_gmt":"2020-10-31T18:30:29","guid":{"rendered":"https:\/\/supcom.standardof.net\/?page_id=172"},"modified":"2020-10-31T14:40:16","modified_gmt":"2020-10-31T18:40:16","slug":"uef-operation-forge","status":"publish","type":"page","link":"https:\/\/supcom.standardof.net\/cs\/supreme-commander\/navody-na-kampan\/uef-operation-forge\/","title":{"rendered":"UEF Mission 5 - Operation Forge"},"content":{"rendered":"<p>Se za\u010d\u00e1tkem operace Forge se bohu\u017eel dozv\u00edme, \u017ee informace shrom\u00e1\u017ed\u011bn\u00e9 z va\u0161ich p\u0159edchoz\u00edch operac\u00ed nesta\u010dily k vy\u0159e\u0161en\u00ed probl\u00e9mu s Kvantov\u00fdmi branami. UEF bude muset nasadit superzbra\u0148 Black Sun, pokud m\u00e1 p\u0159e\u017e\u00edt, a abyste tak mohli ud\u011blat, budete muset dohl\u00ed\u017eet na obranu dal\u0161\u00edch d\u016fle\u017eit\u00fdch za\u0159\u00edzen\u00ed, zat\u00edmco posledn\u00ed ze zdroj\u016f budou p\u0159evedeny na Sol.<\/p>\n\n\n\n<section class=\"wp-block-uagb-columns uagb-columns__wrap uagb-columns__background-undefined uagb-columns__stack-mobile uagb-columns__valign-undefined uagb-columns__gap-10 alignundefined uagb-block-6ffcacb0\"><div class=\"uagb-columns__overlay\"><\/div><div class=\"uagb-columns__inner-wrap uagb-columns__columns-1\">\n<div class=\"wp-block-uagb-column uagb-column__wrap uagb-column__background-undefined uagb-block-3fa983aa\"><div class=\"uagb-column__overlay\"><\/div><div class=\"uagb-column__inner-wrap\">\n<h3 class=\"wp-block-heading\">1. - 2. DEFEND 90% M\u011aSTA A CHR\u00c1N\u011aTE 2 V\u00ddZKUMN\u00c1 ZA\u0158\u00cdZEN\u00cd<\/h3>\n\n\n\n<p><a href=\"https:\/\/www.standardof.net\/wp-content\/uploads\/2011\/10\/11.jpg\" class=\"rank-math-link\" target=\"_blank\" rel=\"noopener\"><\/a>Okam\u017eit\u011b postavte gener\u00e1tory t\u011b\u017ek\u00e9ho \u0161t\u00edtu nad v\u00fdzkumn\u00fdmi za\u0159\u00edzen\u00edmi Black Sun s va\u0161imi in\u017een\u00fdry T3 a pot\u00e9 se p\u0159ipravte na \u010derp\u00e1n\u00ed dal\u0161\u00edch in\u017een\u00fdr\u016f z va\u0161ich tov\u00e1ren. Setkejte se s in\u017een\u00fdry na hl\u00eddce kolem civiln\u00edch budov a dal\u0161\u00edch, kte\u0159\u00ed stav\u00ed v\u00edce protivzdu\u0161n\u00fdch obrann\u00fdch bod\u016f T2 a T3. V\u011bt\u0161ina \u00fatok\u016f prob\u00edh\u00e1 v prvn\u00edch \u010d\u00e1stech mise letecky; do t\u00e9 doby byste m\u011bli m\u00edt na ka\u017ed\u00e9 ze sv\u00fdch z\u00e1kladen nashrom\u00e1\u017ed\u011bn\u00e9 skupiny mobiln\u00edch protiletadlov\u00fdch d\u011bl T3 Siege Bots a T2 (s palebnou podporou gener\u00e1tor\u016f \u0161t\u00edtu T2) (budou se odehr\u00e1vat pozemn\u00ed \u00fatoky a transportn\u00ed kapky zven\u010d\u00ed va\u0161ich z\u00e1kladen). Nep\u0159\u00edtel se tak\u00e9 pokus\u00ed ustavit leteckou p\u0159evahu neust\u00e1l\u00fdmi palbami st\u00edha\u010dek T3; postavte si vlastn\u00ed a a\u017e budou va\u0161e str\u00e1nky SAM hotov\u00e9, stavte bitevn\u00ed k\u0159i\u017en\u00edky T3, abyste odstranili kl\u00ed\u010dov\u00e9 v\u011bci, jako je nep\u0159\u00e1telsk\u00e9 d\u011blost\u0159electvo T3.<\/p>\n\n\n\n<div class=\"wp-block-image\"><figure class=\"aligncenter size-large\"><a href=\"https:\/\/supcom.standardof.net\/cs\/supreme-commander\/navody-na-kampan\/uef-operation-forge\/uef-mission-5-operation-forge-1\/\"><img decoding=\"async\" width=\"800\" height=\"430\" src=\"https:\/\/supcom.standardof.net\/wp-content\/uploads\/sites\/8\/2020\/10\/UEF-Mission-5-\u2013-Operation-Forge-1-800x430.jpg\" alt=\"\" class=\"wp-image-174\" srcset=\"https:\/\/supcom.standardof.net\/wp-content\/uploads\/sites\/8\/2020\/10\/UEF-Mission-5-\u2013-Operation-Forge-1-800x430.jpg 800w, https:\/\/supcom.standardof.net\/wp-content\/uploads\/sites\/8\/2020\/10\/UEF-Mission-5-\u2013-Operation-Forge-1-512x275.jpg 512w, https:\/\/supcom.standardof.net\/wp-content\/uploads\/sites\/8\/2020\/10\/UEF-Mission-5-\u2013-Operation-Forge-1-200x107.jpg 200w, https:\/\/supcom.standardof.net\/wp-content\/uploads\/sites\/8\/2020\/10\/UEF-Mission-5-\u2013-Operation-Forge-1-768x413.jpg 768w, https:\/\/supcom.standardof.net\/wp-content\/uploads\/sites\/8\/2020\/10\/UEF-Mission-5-\u2013-Operation-Forge-1-16x9.jpg 16w, https:\/\/supcom.standardof.net\/wp-content\/uploads\/sites\/8\/2020\/10\/UEF-Mission-5-\u2013-Operation-Forge-1.jpg 1024w\" sizes=\"(max-width: 800px) 100vw, 800px\" \/><\/a><\/figure><\/div>\n<\/div><\/div>\n<\/div><\/section>\n\n\n\n<section class=\"wp-block-uagb-columns uagb-columns__wrap uagb-columns__background-undefined uagb-columns__stack-mobile uagb-columns__valign-undefined uagb-columns__gap-10 alignundefined uagb-block-8b6e1070\"><div class=\"uagb-columns__overlay\"><\/div><div class=\"uagb-columns__inner-wrap uagb-columns__columns-1\">\n<div class=\"wp-block-uagb-column uagb-column__wrap uagb-column__background-undefined uagb-block-5eb29137\"><div class=\"uagb-column__overlay\"><\/div><div class=\"uagb-column__inner-wrap\">\n<h3 class=\"wp-block-heading\">3. ROZLO\u017dTE 3 STRATEGICK\u00c9 MISSILE OBRANY<\/h3>\n\n\n\n<p><a href=\"https:\/\/www.standardof.net\/wp-content\/uploads\/2011\/10\/21.jpg\" class=\"rank-math-link\" target=\"_blank\" rel=\"noopener\"><\/a><em>P\u0159idan\u00e9 sch\u00e9ma: Strategick\u00e1 protiraketov\u00e1 obrana<\/em><br>Nep\u0159\u00edtel odp\u00e1l\u00ed atomovku brzy, ale je automaticky sest\u0159elen. V tomto okam\u017eiku stavte na ozna\u010den\u00fdch m\u00edstech strategickou protiraketovou obranu (ujist\u011bte se, \u017ee m\u00e1te na ka\u017ed\u00e9m z v\u00edce ne\u017e 10 in\u017een\u00fdr\u016f). Nep\u0159\u00edtel rychle po\u0161le v\u00edce jadern\u00fdch zbran\u00ed, tak\u017ee p\u0159i budov\u00e1n\u00ed raket pom\u00e1hejte obran\u011b. Jedna ze z\u00e1kladen m\u016f\u017ee zem\u0159\u00edt, ale pokud k tomu dojde, je velmi pravd\u011bpodobn\u00e9, \u017ee ztrat\u00edte kv\u016fli c\u00edli \u201eDefend the City\u201c.<\/p>\n\n\n\n<div class=\"wp-block-image\"><figure class=\"aligncenter size-large\"><a href=\"https:\/\/supcom.standardof.net\/cs\/supreme-commander\/navody-na-kampan\/uef-operation-forge\/uef-mission-5-operation-forge-2\/\"><img decoding=\"async\" width=\"788\" height=\"602\" src=\"https:\/\/supcom.standardof.net\/wp-content\/uploads\/sites\/8\/2020\/10\/UEF-Mission-5-\u2013-Operation-Forge-2.jpg\" alt=\"\" class=\"wp-image-175\" srcset=\"https:\/\/supcom.standardof.net\/wp-content\/uploads\/sites\/8\/2020\/10\/UEF-Mission-5-\u2013-Operation-Forge-2.jpg 788w, https:\/\/supcom.standardof.net\/wp-content\/uploads\/sites\/8\/2020\/10\/UEF-Mission-5-\u2013-Operation-Forge-2-512x391.jpg 512w, https:\/\/supcom.standardof.net\/wp-content\/uploads\/sites\/8\/2020\/10\/UEF-Mission-5-\u2013-Operation-Forge-2-200x153.jpg 200w, https:\/\/supcom.standardof.net\/wp-content\/uploads\/sites\/8\/2020\/10\/UEF-Mission-5-\u2013-Operation-Forge-2-768x587.jpg 768w, https:\/\/supcom.standardof.net\/wp-content\/uploads\/sites\/8\/2020\/10\/UEF-Mission-5-\u2013-Operation-Forge-2-16x12.jpg 16w\" sizes=\"(max-width: 788px) 100vw, 788px\" \/><\/a><\/figure><\/div>\n<\/div><\/div>\n<\/div><\/section>\n\n\n\n<section class=\"wp-block-uagb-columns uagb-columns__wrap uagb-columns__background-undefined uagb-columns__stack-mobile uagb-columns__valign-undefined uagb-columns__gap-10 alignundefined uagb-block-a4b33446\"><div class=\"uagb-columns__overlay\"><\/div><div class=\"uagb-columns__inner-wrap uagb-columns__columns-1\">\n<div class=\"wp-block-uagb-column uagb-column__wrap uagb-column__background-undefined uagb-block-0e3e539a\"><div class=\"uagb-column__overlay\"><\/div><div class=\"uagb-column__inner-wrap\">\n<h3 class=\"wp-block-heading\">4. ZNI\u010cTE STRATEGICK\u00c9 ST\u0158ELBOV\u00c9 SPU\u0160\u0164OVATELE ARNOLD<\/h3>\n\n\n\n<p><a href=\"https:\/\/www.standardof.net\/wp-content\/uploads\/2011\/10\/31.jpg\" class=\"rank-math-link\" target=\"_blank\" rel=\"noopener\"><\/a>Po druh\u00e9m atomov\u00e9m \u00fatoku jsou odhaleny Arnoldovy odpalova\u010de atomov\u00fdch zbran\u00ed. P\u0159esu\u0148te v\u0161echny sv\u00e9 s\u00edly v obrovsk\u00e9 hmot\u011b a\u017e na v\u00fdchod t\u011bsn\u011b nad nep\u0159\u00e1telskou z\u00e1kladnou na jihov\u00fdchod\u011b. S dostatkem voj\u00e1k\u016f budete moci vid\u011bt a zni\u010dit v\u0161echny proti\u00fatoky, ne\u017e k nim dojde. Vydejte se do formace v jihov\u00fdchodn\u00edm rohu a dobijte se zadn\u00edmi dve\u0159mi, abyste v co nejkrat\u0161\u00edm \u010dase dos\u00e1hli maxim\u00e1ln\u00edho po\u0161kozen\u00ed. Pot\u00e9 se vydejte na severov\u00fdchodn\u00ed z\u00e1kladnu pro 2. odpalovac\u00ed za\u0159\u00edzen\u00ed. Po\u0159ad\u00ed nen\u00ed ve skute\u010dnosti p\u0159\u00edli\u0161 d\u016fle\u017eit\u00e9; stejn\u011b dob\u0159e se m\u016f\u017eete pohybovat ze severu na jih. Pokud jste dostate\u010dn\u011b rychl\u00ed, nikdy nebudete muset stav\u011bt dal\u0161\u00ed protiraketov\u00e9 st\u0159ely, proto\u017ee ostatn\u00ed z\u00e1kladny samy nemaj\u00ed jadern\u00e9 zbran\u011b.<\/p>\n\n\n\n<div class=\"wp-block-image\"><figure class=\"aligncenter size-large\"><a href=\"https:\/\/supcom.standardof.net\/cs\/supreme-commander\/navody-na-kampan\/uef-operation-forge\/uef-mission-5-operation-forge-3\/\"><img decoding=\"async\" width=\"578\" height=\"444\" src=\"https:\/\/supcom.standardof.net\/wp-content\/uploads\/sites\/8\/2020\/10\/UEF-Mission-5-\u2013-Operation-Forge-3.jpg\" alt=\"\" class=\"wp-image-176\" srcset=\"https:\/\/supcom.standardof.net\/wp-content\/uploads\/sites\/8\/2020\/10\/UEF-Mission-5-\u2013-Operation-Forge-3.jpg 578w, https:\/\/supcom.standardof.net\/wp-content\/uploads\/sites\/8\/2020\/10\/UEF-Mission-5-\u2013-Operation-Forge-3-512x393.jpg 512w, https:\/\/supcom.standardof.net\/wp-content\/uploads\/sites\/8\/2020\/10\/UEF-Mission-5-\u2013-Operation-Forge-3-200x154.jpg 200w, https:\/\/supcom.standardof.net\/wp-content\/uploads\/sites\/8\/2020\/10\/UEF-Mission-5-\u2013-Operation-Forge-3-16x12.jpg 16w\" sizes=\"(max-width: 578px) 100vw, 578px\" \/><\/a><\/figure><\/div>\n<\/div><\/div>\n<\/div><\/section>\n\n\n\n<section class=\"wp-block-uagb-columns uagb-columns__wrap uagb-columns__background-undefined uagb-columns__stack-mobile uagb-columns__valign-undefined uagb-columns__gap-10 alignundefined uagb-block-4cc5bcef\"><div class=\"uagb-columns__overlay\"><\/div><div class=\"uagb-columns__inner-wrap uagb-columns__columns-1\">\n<div class=\"wp-block-uagb-column uagb-column__wrap uagb-column__background-undefined uagb-block-a699a1c7\"><div class=\"uagb-column__overlay\"><\/div><div class=\"uagb-column__inner-wrap\">\n<h3 class=\"wp-block-heading\">5. ZNI\u010cTE DLOUHODOB\u00c9 T\u011a\u017dK\u00c9 D\u011alost\u0159electvo CYBRAN\u016e<\/h3>\n\n\n\n<p><a href=\"https:\/\/www.standardof.net\/wp-content\/uploads\/2011\/10\/m-UEF-5-1.avi_snapshot_00.53.56_2011.10.26_03.30.12.png\" class=\"rank-math-link\" target=\"_blank\" rel=\"noopener\"><\/a>Ujist\u011bte se, \u017ee v\u0161echny va\u0161e \u0161t\u00edty spl\u0148uj\u00ed tento c\u00edl. D\u011blost\u0159electvo je v mal\u00fdch z\u00e1kladn\u00e1ch na severov\u00fdchod a jihoz\u00e1pad. Pomoc\u00ed bojov\u00fdch vrtuln\u00edk\u016f a bombard\u00e9r\u016f zni\u010dte d\u011blost\u0159electvo a zbytek z\u00e1kladny nechejte \u0159e\u0161it pozd\u011bji. D\u011blost\u0159electvo na sever m\u016f\u017ee b\u00fdt tak\u00e9 zni\u010deno silou robot\u016f T3, kter\u00e9 m\u00e1te v tomto bod\u011b v t\u00e9to z\u00e1kladn\u011b.<\/p>\n\n\n\n<div class=\"wp-block-image\"><figure class=\"aligncenter size-large\"><a href=\"https:\/\/supcom.standardof.net\/cs\/supreme-commander\/navody-na-kampan\/uef-operation-forge\/uef-mission-5-operation-forge-4\/\"><img decoding=\"async\" width=\"704\" height=\"656\" src=\"https:\/\/supcom.standardof.net\/wp-content\/uploads\/sites\/8\/2020\/10\/UEF-Mission-5-\u2013-Operation-Forge-4.jpg\" alt=\"\" class=\"wp-image-177\" srcset=\"https:\/\/supcom.standardof.net\/wp-content\/uploads\/sites\/8\/2020\/10\/UEF-Mission-5-\u2013-Operation-Forge-4.jpg 704w, https:\/\/supcom.standardof.net\/wp-content\/uploads\/sites\/8\/2020\/10\/UEF-Mission-5-\u2013-Operation-Forge-4-512x477.jpg 512w, https:\/\/supcom.standardof.net\/wp-content\/uploads\/sites\/8\/2020\/10\/UEF-Mission-5-\u2013-Operation-Forge-4-200x186.jpg 200w, https:\/\/supcom.standardof.net\/wp-content\/uploads\/sites\/8\/2020\/10\/UEF-Mission-5-\u2013-Operation-Forge-4-13x12.jpg 13w\" sizes=\"(max-width: 704px) 100vw, 704px\" \/><\/a><\/figure><\/div>\n<\/div><\/div>\n<\/div><\/section>\n\n\n\n<section class=\"wp-block-uagb-columns uagb-columns__wrap uagb-columns__background-undefined uagb-columns__stack-mobile uagb-columns__valign-undefined uagb-columns__gap-10 alignundefined uagb-block-944e16b1\"><div class=\"uagb-columns__overlay\"><\/div><div class=\"uagb-columns__inner-wrap uagb-columns__columns-1\">\n<div class=\"wp-block-uagb-column uagb-column__wrap uagb-column__background-undefined uagb-block-a74739ba\"><div class=\"uagb-column__overlay\"><\/div><div class=\"uagb-column__inner-wrap\">\n<h3 class=\"wp-block-heading\">6. ESCORT \u010cERN\u00c9 SLUNE\u010cN\u00cd N\u00c1KLADN\u00cd VOZIDLA DO KVANTOV\u00c9 BR\u00c1NY<\/h3>\n\n\n\n<p><em><a href=\"https:\/\/www.standardof.net\/wp-content\/uploads\/2011\/10\/51.jpg\" class=\"rank-math-link\" target=\"_blank\" rel=\"noopener\"><\/a>P\u0159idan\u00e9 sch\u00e9ma: Strategick\u00fd raketomet<\/em><br>Kamiony Black Sun se n\u00e1hodn\u011b objevuj\u00ed v p\u0159e\u017e\u00edvaj\u00edc\u00ed v\u00fdzkumn\u00e9 z\u00e1kladn\u011b. Mus\u00edte je doprovodit k Kvantov\u00e9 br\u00e1n\u011b va\u0161\u00ed hlavn\u00ed z\u00e1kladny, ale dejte si pozor na t\u011b\u017ek\u00e9 leteck\u00e9 \u00fatoky. Nechte sv\u00e9 pozemn\u00ed s\u00edly hl\u00eddat na trase, kterou kamiony vezmou. Po zma\u0159en\u00ed leteck\u00e9ho \u00fatoku je\u010fte s kamiony hned. Objev\u00ed se dv\u011b skupiny n\u00e1kladn\u00edch vozidel. Pot\u00e9, co kamiony bezpe\u010dn\u011b nasunete, m\u016f\u017ee je va\u0161e ACU sledovat, nebo si m\u016f\u017eete u\u017e\u00edt v\u00edce z\u00e1bavy se sv\u00fdmi nov\u00fdmi odpalova\u010di atomov\u00fdch zbran\u00ed.<\/p>\n\n\n\n<div class=\"wp-block-image\"><figure class=\"aligncenter size-large\"><a href=\"https:\/\/supcom.standardof.net\/cs\/supreme-commander\/navody-na-kampan\/uef-operation-forge\/uef-mission-5-operation-forge-5\/\"><img decoding=\"async\" width=\"800\" height=\"377\" src=\"https:\/\/supcom.standardof.net\/wp-content\/uploads\/sites\/8\/2020\/10\/UEF-Mission-5-\u2013-Operation-Forge-5-800x377.jpg\" alt=\"\" class=\"wp-image-178\" srcset=\"https:\/\/supcom.standardof.net\/wp-content\/uploads\/sites\/8\/2020\/10\/UEF-Mission-5-\u2013-Operation-Forge-5-800x377.jpg 800w, https:\/\/supcom.standardof.net\/wp-content\/uploads\/sites\/8\/2020\/10\/UEF-Mission-5-\u2013-Operation-Forge-5-512x242.jpg 512w, https:\/\/supcom.standardof.net\/wp-content\/uploads\/sites\/8\/2020\/10\/UEF-Mission-5-\u2013-Operation-Forge-5-200x94.jpg 200w, https:\/\/supcom.standardof.net\/wp-content\/uploads\/sites\/8\/2020\/10\/UEF-Mission-5-\u2013-Operation-Forge-5-768x362.jpg 768w, https:\/\/supcom.standardof.net\/wp-content\/uploads\/sites\/8\/2020\/10\/UEF-Mission-5-\u2013-Operation-Forge-5-16x8.jpg 16w, https:\/\/supcom.standardof.net\/wp-content\/uploads\/sites\/8\/2020\/10\/UEF-Mission-5-\u2013-Operation-Forge-5.jpg 1024w\" sizes=\"(max-width: 800px) 100vw, 800px\" \/><\/a><\/figure><\/div>\n<\/div><\/div>\n<\/div><\/section>\n\n\n\n<section class=\"wp-block-uagb-columns uagb-columns__wrap uagb-columns__background-undefined uagb-columns__stack-mobile uagb-columns__valign-undefined uagb-columns__gap-10 alignundefined uagb-block-b2de4b61\"><div class=\"uagb-columns__overlay\"><\/div><div class=\"uagb-columns__inner-wrap uagb-columns__columns-1\">\n<div class=\"wp-block-uagb-column uagb-column__wrap uagb-column__background-undefined uagb-block-fd841de6\"><div class=\"uagb-column__overlay\"><\/div><div class=\"uagb-column__inner-wrap\">\n<h3 class=\"wp-block-heading\">7. ZNI\u010cTE V\u0160ECH 5 Z\u00c1KLAD\u016e CYBR\u00c1NU (VOLITELN\u00c9)<\/h3>\n\n\n\n<p><a href=\"https:\/\/www.standardof.net\/wp-content\/uploads\/2011\/10\/61.jpg\" class=\"rank-math-link\" target=\"_blank\" rel=\"noopener\"><\/a>Z\u00e1kladny na severu nemaj\u00ed \u017e\u00e1dnou strategickou protiraketovou obranu, tak\u017ee je vyhlad\u00ed jedin\u00e1 atomov\u00e1 bomba. Jihoz\u00e1padn\u00ed z\u00e1kladna m\u00e1 jedinou jadernou obranu; vyslat masivn\u00ed leteck\u00fd \u00fader, aby to odstranil, a pot\u00e9 atomovku zalo\u017eit na z\u00e1kladnu. Ji\u017en\u00ed z\u00e1kladna je dob\u0159e br\u00e1n\u011bna a vezme zbytek va\u0161ich jednotek ke zni\u010den\u00ed. Alternativn\u011b dva odpalova\u010de atomov\u00fdch zbran\u00ed p\u0159em\u016f\u017ee strategickou obranu.<\/p>\n\n\n\n<div class=\"wp-block-image\"><figure class=\"aligncenter size-large\"><a href=\"https:\/\/supcom.standardof.net\/cs\/supreme-commander\/navody-na-kampan\/uef-operation-forge\/uef-mission-5-operation-forge-6\/\"><img decoding=\"async\" width=\"800\" height=\"545\" src=\"https:\/\/supcom.standardof.net\/wp-content\/uploads\/sites\/8\/2020\/10\/UEF-Mission-5-\u2013-Operation-Forge-6-800x545.jpg\" alt=\"\" class=\"wp-image-179\" srcset=\"https:\/\/supcom.standardof.net\/wp-content\/uploads\/sites\/8\/2020\/10\/UEF-Mission-5-\u2013-Operation-Forge-6-800x545.jpg 800w, https:\/\/supcom.standardof.net\/wp-content\/uploads\/sites\/8\/2020\/10\/UEF-Mission-5-\u2013-Operation-Forge-6-512x349.jpg 512w, https:\/\/supcom.standardof.net\/wp-content\/uploads\/sites\/8\/2020\/10\/UEF-Mission-5-\u2013-Operation-Forge-6-200x136.jpg 200w, https:\/\/supcom.standardof.net\/wp-content\/uploads\/sites\/8\/2020\/10\/UEF-Mission-5-\u2013-Operation-Forge-6-768x523.jpg 768w, https:\/\/supcom.standardof.net\/wp-content\/uploads\/sites\/8\/2020\/10\/UEF-Mission-5-\u2013-Operation-Forge-6-16x12.jpg 16w, https:\/\/supcom.standardof.net\/wp-content\/uploads\/sites\/8\/2020\/10\/UEF-Mission-5-\u2013-Operation-Forge-6.jpg 1024w\" sizes=\"(max-width: 800px) 100vw, 800px\" \/><\/a><\/figure><\/div>\n<\/div><\/div>\n<\/div><\/section>\n\n\n\n<h3 class=\"has-text-align-center wp-block-heading\">Mission 5 - Operation Forge - video pr\u016fvodce<\/h3>\n\n\n\n<figure class=\"wp-block-embed-youtube wp-block-embed is-type-video is-provider-youtube wp-embed-aspect-16-9 wp-has-aspect-ratio\"><div class=\"wp-block-embed__wrapper\">\n<div class=\"ast-oembed-container\" style=\"height: 100%;\"><iframe title=\"Operation Forge - kampa\u0148 nejvy\u0161\u0161\u00edho velitele UEF na hardu\" width=\"500\" height=\"281\" src=\"https:\/\/www.youtube.com\/embed\/dDjgLQAhi4Q?feature=oembed\" frameborder=\"0\" allow=\"accelerometer; autoplay; clipboard-write; encrypted-media; gyroscope; picture-in-picture; web-share\" referrerpolicy=\"strict-origin-when-cross-origin\" allowfullscreen><\/iframe><\/div>\n<\/div><\/figure>","protected":false},"excerpt":{"rendered":"<p>Unfortunately, with the beginning of Operation Forge we learn the information gathered from your previous op was not enough to solve the problem with the Quantum Gates. The UEF will have to deploy the Black Sun super weapon if it is going to survive and in order to do so you will need to oversee [&hellip;]<\/p>","protected":false},"author":1,"featured_media":178,"parent":122,"menu_order":1,"comment_status":"closed","ping_status":"closed","template":"","meta":{"_uag_custom_page_level_css":"","site-sidebar-layout":"default","site-content-layout":"default","ast-site-content-layout":"","site-content-style":"default","site-sidebar-style":"default","ast-global-header-display":"","ast-banner-title-visibility":"","ast-main-header-display":"","ast-hfb-above-header-display":"","ast-hfb-below-header-display":"","ast-hfb-mobile-header-display":"","site-post-title":"","ast-breadcrumbs-content":"","ast-featured-img":"","footer-sml-layout":"","theme-transparent-header-meta":"default","adv-header-id-meta":"","stick-header-meta":"","header-above-stick-meta":"","header-main-stick-meta":"","header-below-stick-meta":"","astra-migrate-meta-layouts":"default","ast-page-background-enabled":"default","ast-page-background-meta":{"desktop":{"background-color":"","background-image":"","background-repeat":"repeat","background-position":"center center","background-size":"auto","background-attachment":"scroll","background-type":"","background-media":"","overlay-type":"","overlay-color":"","overlay-gradient":""},"tablet":{"background-color":"","background-image":"","background-repeat":"repeat","background-position":"center center","background-size":"auto","background-attachment":"scroll","background-type":"","background-media":"","overlay-type":"","overlay-color":"","overlay-gradient":""},"mobile":{"background-color":"","background-image":"","background-repeat":"repeat","background-position":"center center","background-size":"auto","background-attachment":"scroll","background-type":"","background-media":"","overlay-type":"","overlay-color":"","overlay-gradient":""}},"ast-content-background-meta":{"desktop":{"background-color":"var(--ast-global-color-5)","background-image":"","background-repeat":"repeat","background-position":"center center","background-size":"auto","background-attachment":"scroll","background-type":"","background-media":"","overlay-type":"","overlay-color":"","overlay-gradient":""},"tablet":{"background-color":"var(--ast-global-color-5)","background-image":"","background-repeat":"repeat","background-position":"center center","background-size":"auto","background-attachment":"scroll","background-type":"","background-media":"","overlay-type":"","overlay-color":"","overlay-gradient":""},"mobile":{"background-color":"var(--ast-global-color-5)","background-image":"","background-repeat":"repeat","background-position":"center center","background-size":"auto","background-attachment":"scroll","background-type":"","background-media":"","overlay-type":"","overlay-color":"","overlay-gradient":""}},"footnotes":""},"uagb_featured_image_src":{"full":["https:\/\/supcom.standardof.net\/wp-content\/uploads\/sites\/8\/2020\/10\/UEF-Mission-5-\u2013-Operation-Forge-5.jpg",1024,483,false],"thumbnail":["https:\/\/supcom.standardof.net\/wp-content\/uploads\/sites\/8\/2020\/10\/UEF-Mission-5-\u2013-Operation-Forge-5-200x94.jpg",200,94,true],"medium":["https:\/\/supcom.standardof.net\/wp-content\/uploads\/sites\/8\/2020\/10\/UEF-Mission-5-\u2013-Operation-Forge-5-512x242.jpg",512,242,true],"medium_large":["https:\/\/supcom.standardof.net\/wp-content\/uploads\/sites\/8\/2020\/10\/UEF-Mission-5-\u2013-Operation-Forge-5-768x362.jpg",768,362,true],"large":["https:\/\/supcom.standardof.net\/wp-content\/uploads\/sites\/8\/2020\/10\/UEF-Mission-5-\u2013-Operation-Forge-5-800x377.jpg",800,377,true],"1536x1536":["https:\/\/supcom.standardof.net\/wp-content\/uploads\/sites\/8\/2020\/10\/UEF-Mission-5-\u2013-Operation-Forge-5.jpg",1024,483,false],"2048x2048":["https:\/\/supcom.standardof.net\/wp-content\/uploads\/sites\/8\/2020\/10\/UEF-Mission-5-\u2013-Operation-Forge-5.jpg",1024,483,false],"trp-custom-language-flag":["https:\/\/supcom.standardof.net\/wp-content\/uploads\/sites\/8\/2020\/10\/UEF-Mission-5-\u2013-Operation-Forge-5-16x8.jpg",16,8,true]},"uagb_author_info":{"display_name":"SOE","author_link":"https:\/\/supcom.standardof.net\/cs\/author\/k-tastic\/"},"uagb_comment_info":0,"uagb_excerpt":"Unfortunately, with the beginning of Operation Forge we learn the information gathered from your previous op was not enough to solve the problem with the Quantum Gates. The UEF will have to deploy the Black Sun super weapon if it is going to survive and in order to do so you will need to oversee&hellip;","_links":{"self":[{"href":"https:\/\/supcom.standardof.net\/cs\/wp-json\/wp\/v2\/pages\/172"}],"collection":[{"href":"https:\/\/supcom.standardof.net\/cs\/wp-json\/wp\/v2\/pages"}],"about":[{"href":"https:\/\/supcom.standardof.net\/cs\/wp-json\/wp\/v2\/types\/page"}],"author":[{"embeddable":true,"href":"https:\/\/supcom.standardof.net\/cs\/wp-json\/wp\/v2\/users\/1"}],"replies":[{"embeddable":true,"href":"https:\/\/supcom.standardof.net\/cs\/wp-json\/wp\/v2\/comments?post=172"}],"version-history":[{"count":0,"href":"https:\/\/supcom.standardof.net\/cs\/wp-json\/wp\/v2\/pages\/172\/revisions"}],"up":[{"embeddable":true,"href":"https:\/\/supcom.standardof.net\/cs\/wp-json\/wp\/v2\/pages\/122"}],"wp:featuredmedia":[{"embeddable":true,"href":"https:\/\/supcom.standardof.net\/cs\/wp-json\/wp\/v2\/media\/178"}],"wp:attachment":[{"href":"https:\/\/supcom.standardof.net\/cs\/wp-json\/wp\/v2\/media?parent=172"}],"curies":[{"name":"wp","href":"https:\/\/api.w.org\/{rel}","templated":true}]}}