{"id":204,"date":"2020-10-31T15:01:28","date_gmt":"2020-10-31T19:01:28","guid":{"rendered":"https:\/\/supcom.standardof.net\/?page_id=204"},"modified":"2020-10-31T15:09:42","modified_gmt":"2020-10-31T19:09:42","slug":"cybran-operation-liberation","status":"publish","type":"page","link":"https:\/\/supcom.standardof.net\/cs\/supreme-commander\/navody-na-kampan\/cybran-operation-osvobozeni\/","title":{"rendered":"Cybran Mission 1 - Operation Liberation"},"content":{"rendered":"<h3 class=\"wp-block-heading\">1. STAVTE 3 HMOTNOSTN\u00cd ODS\u00c1VA\u010cE<\/h3>\n\n\n\n<p><em>P\u0159idan\u00e1 sch\u00e9mata: T1 Mass Extractor<br><\/em>Chcete-li to prov\u00e9st co nejrychleji, podr\u017ete kl\u00e1vesu Shift a za\u0159ad\u00edte v\u0161echny 3 hromadn\u00e9 extraktory do fronty. Pokud jsou relativn\u011b daleko od sebe, za\u0159a\u010fte do fronty p\u0159\u00edkaz Move mezi ka\u017ed\u00fdm, aby va\u0161e ACU nemusela chodit tak daleko; pokud mu \u0159eknete, aby stav\u011bl, p\u016fjde t\u011bsn\u011b vedle Mass Extractor, ne\u017e ho postav\u00ed.<\/p>\n\n\n\n<h3 class=\"wp-block-heading\">2. STAVTE 3 V\u00ddKONOV\u00c9 GENER\u00c1TORY<\/h3>\n\n\n\n<p><em>P\u0159idan\u00e1 sch\u00e9mata: Gener\u00e1tor energie T1<\/em><br>Um\u00edst\u011bte do fronty 3 gener\u00e1tory energie vedle sebe, mimo odsava\u010de, abyste mohli vedle nich um\u00edstit tov\u00e1rnu (c\u00edl 3) a z\u00edskat tak bonus sousedstv\u00ed. Obecn\u011b plat\u00ed, \u017ee prvn\u00edch n\u011bkolik tov\u00e1ren by m\u011blo b\u00fdt doprov\u00e1zeno \u0159adou gener\u00e1tor\u016f energie, aby v\u00e1m nedoch\u00e1zelo energie - leteck\u00e1 tov\u00e1rna m\u016f\u017ee pomoc\u00ed t\u00e9to metody vyr\u00e1b\u011bt interceptory p\u0159i opakov\u00e1n\u00ed t\u00e9m\u011b\u0159 zdarma.<\/p>\n\n\n\n<h3 class=\"wp-block-heading\">3. VYBUDUJTE TOV\u00c1RNU NA VZDUCH<\/h3>\n\n\n\n<p><em>P\u0159idan\u00e1 sch\u00e9mata: Air Factory<\/em><br>Um\u00edst\u011bte tov\u00e1rnu vedle gener\u00e1tor\u016f energie. Nechte svoji ACU, aby pokra\u010dovala v budov\u00e1n\u00ed Mass Extraktor\u016f a Gener\u00e1tor\u016f energie, a pokud vyd\u011bl\u00e1v\u00e1te v\u00edce, ne\u017e m\u016f\u017eete utratit, postavte dal\u0161\u00ed Air Factory. Za norm\u00e1ln\u00edch okolnost\u00ed, zat\u00edmco se tov\u00e1rny stav\u00ed, m\u016f\u017eete pro n\u011b \u0159adit objedn\u00e1vky. V t\u00e9to misi budete muset po\u010dkat na dal\u0161\u00ed c\u00edl, ne\u017e tak u\u010din\u00edte.<\/p>\n\n\n\n<h3 class=\"wp-block-heading\">4. BUILD 5 BOMBERS<\/h3>\n\n\n\n<p><em>P\u0159idan\u00e1 sch\u00e9mata: T1 Engineer, Air Scout, Attack Bomber<\/em><br>Po sestaven\u00ed po\u010d\u00e1te\u010dn\u00edho leteck\u00e9ho pr\u016fzkumn\u00edka, kter\u00fd bude hl\u00eddat mimo va\u0161i z\u00e1kladnu, postavte in\u017een\u00fdry a bombard\u00e9ry. Nechte in\u017een\u00fdry rozv\u00edjet va\u0161i ekonomiku pomoc\u00ed masov\u00fdch extraktor\u016f a gener\u00e1tor\u016f energie, zat\u00edmco jeden in\u017een\u00fdr je nastaven na hl\u00eddku kolem v\u0161ech okoln\u00edch strom\u016f nebo skal, aby sb\u00edral jejich zdroje. Pokud m\u00e1te dal\u0161\u00ed zdroje, mohou va\u0161i in\u017een\u00fd\u0159i pomoci va\u0161\u00ed tov\u00e1rn\u011b s v\u00fdrobou, stejn\u011b jako va\u0161e ACU, kter\u00e1 stav\u00ed tak rychle jako 2 in\u017een\u00fd\u0159i.<\/p>\n\n\n\n<h3 class=\"wp-block-heading\">5. DEFEAT THE UEF PATROLS<\/h3>\n\n\n\n<p>Vytvo\u0159te frontu \u00fatok\u016f podr\u017een\u00edm kl\u00e1vesy Shift a kliknut\u00edm na nep\u0159\u00e1telsk\u00e9 jednotky. Va\u0161e bombard\u00e9ry by m\u011bly ud\u011blat kr\u00e1tkou pr\u00e1ci s nep\u0159\u00e1telsk\u00fdmi pozemn\u00edmi jednotkami; pokud existuj\u00ed protiletadlov\u00e1 vozidla, zam\u011b\u0159te se na n\u011b jako prvn\u00ed, aby nedo\u0161lo ke ztr\u00e1t\u011b bombard\u00e9r\u016f. Pokud je va\u0161e letadlo ve vzduchu p\u0159\u00edli\u0161 dlouho, dojde mu palivo (m\u011b\u0159i\u010d p\u0159\u00edmo pod jejich stavovou li\u0161tou). Nechte je p\u0159ist\u00e1t a pomalu natankuj\u00ed. V pozd\u011bj\u0161\u00edch mis\u00edch m\u016f\u017eete pou\u017e\u00edt Air Staging Facilities nebo n\u011bkter\u00e9 n\u00e1mo\u0159n\u00ed jednotky k rychlej\u0161\u00ed oprav\u011b a dopln\u011bn\u00ed paliva.<\/p>\n\n\n\n<h3 class=\"wp-block-heading\">6. ZACHYT\u011aTE RADAR UEF<\/h3>\n\n\n\n<p>P\u0159esu\u0148te jednoho ze sv\u00fdch in\u017een\u00fdr\u016f do radarov\u00e9ho za\u0159\u00edzen\u00ed, abyste jej zachytili. Jakmile je va\u0161e, zbytek va\u0161\u00ed mal\u00e9 z\u00e1kladny spoj\u00ed tak\u00e9 va\u0161e s\u00edly.<\/p>\n\n\n\n<h3 class=\"wp-block-heading\">7. ZNI\u010cTE SPOT\u0158EBN\u00cd HROMADU UEF<\/h3>\n\n\n\n<p><em>Mapa se roz\u0161i\u0159uje na sever<br>P\u0159idan\u00e1 sch\u00e9mata: Interceptor<br><\/em>P\u0159idejte do fronty sestaven\u00ed zachycova\u010de. Najd\u011bte dobrou kombinaci bombard\u00e9r\u016f a st\u00edha\u010dek, pot\u00e9 stiskn\u011bte tov\u00e1rn\u00ed tla\u010d\u00edtko Opakovat a pokra\u010dujte v n\u011bm neomezen\u011b dlouho. Po\u017e\u00e1dejte sv\u00e9 dal\u0161\u00ed leteck\u00e9 tov\u00e1rny, aby jako prvn\u00ed pomohly s jeho frontou. Pokud d\u00e1te ostatn\u00edm tov\u00e1rn\u00e1m nov\u00e9 p\u0159\u00edkazy k sestaven\u00ed (\u0159ekn\u011bme, pokud pot\u0159ebujete v\u00edce in\u017een\u00fdr\u016f nebo n\u011bjak\u00fdch leteck\u00fdch skaut\u016f), vr\u00e1t\u00ed se k pomoci pot\u00e9, co s nimi skon\u010d\u00ed. Um\u00edst\u011bte sv\u00e9 antirakety na hl\u00eddkovou cestu kolem va\u0161\u00ed z\u00e1kladny - budete je cht\u00edt 5-10, ne\u017e je po\u0161lete na sever, abyste bojovali proti antiraket\u00e1m UEF. Kdy\u017e jste mrtv\u00ed, nasa\u010fte bombard\u00e9ry a zni\u010dte Mass Extractors.<\/p>\n\n\n\n<h3 class=\"wp-block-heading\">8. DEFEAT THE UEF PATROLS<\/h3>\n\n\n\n<p><em>Mapa se roz\u0161i\u0159uje na v\u00fdchod<br>P\u0159idan\u00e1 sch\u00e9mata: Land Factory, T1 Point Defense, Anti-Air Turret<\/em><br>Postavte n\u011bkolik pozemn\u00edch tov\u00e1ren spolu s gener\u00e1tory energie, aby v\u00e1m nedo\u0161la energie. Nechte je postavit p\u00e1r Pozemsk\u00fdch skaut\u016f pro radarov\u00e9 pokryt\u00ed a pak nep\u0159etr\u017eitou sm\u011bsici pozemn\u00edch jednotek (opakujte frontu). Nastavte v\u00fdchoz\u00ed objedn\u00e1vky prim\u00e1rn\u00ed tov\u00e1rny na hl\u00eddkov\u00e1n\u00ed pod\u00e9l v\u00fdchodu va\u0161\u00ed z\u00e1kladny. Nyn\u00ed m\u016f\u017eete vybudovat ohromnou s\u00edlu, chr\u00e1nit svou z\u00e1kladnu v\u011b\u017ei\u010dkami, pom\u00e1hat tov\u00e1rn\u00e1m s ACU a dal\u0161\u00edmi in\u017een\u00fdry a nast\u011bhovat se, a\u017e budete m\u00edt pocit, \u017ee jste p\u0159ipraveni rozdrtit ve\u0161kerou opozici. Nep\u0159\u00edtel bude \u00fato\u010dit pouze ze vzduchu, dokud se nedostanete dovnit\u0159, abyste porazili hl\u00eddky.<\/p>\n\n\n\n<h3 class=\"wp-block-heading\">9. DEFEAT UEF VN\u011aJ\u0160\u00cd OBRANY<\/h3>\n\n\n\n<p>Abyste porazili dv\u011b obrann\u00e1 stanovi\u0161t\u011b na severu a na jihu, budete pot\u0159ebovat p\u0159ev\u00e1\u017en\u011b pozemn\u00ed jednotky. Pokud m\u00e1te dostatek bombard\u00e9r\u016f, prost\u0159edn\u00ed obrann\u00fd sloup lze zni\u010dit jedn\u00edm z\u00e1sahem: jednodu\u0161e zam\u011b\u0159te nejv\u00fdchodn\u011bj\u0161\u00ed protiletadlovou v\u011b\u017e a bombard\u00e9ry zni\u010d\u00ed ve\u0161kerou jeho protivzdu\u0161nou obranu p\u0159i prvn\u00edm pr\u016fletu a zbytek p\u0159i druh\u00e9m pr\u016fletu. Nenechte sv\u00e9 bombard\u00e9ry bloudit na sever nebo na jih; budete je pot\u0159ebovat pro dal\u0161\u00ed c\u00edl.<\/p>\n\n\n\n<h3 class=\"wp-block-heading\">10. DEFEAT SYMBIONT GUARDY<\/h3>\n\n\n\n<p><em>Mapa se roz\u0161i\u0159uje na v\u00fdchod<\/em><br>V tomto okam\u017eiku byste se m\u011bli bl\u00ed\u017eit limitu jednotek. Sna\u017ete se udr\u017eet svou ekonomiku co nejbl\u00ed\u017ee k +0 hmot\u011b - pokud m\u00e1te nav\u00edc, postavte v\u00edce tov\u00e1ren a v\u017edy postavte hromadn\u00e9 extraktory kdekoli m\u016f\u017eete. Pokud m\u00e1te p\u0159\u00edli\u0161 m\u00e1lo, m\u016f\u017eete n\u011bkter\u00e9 in\u017een\u00fdry pozastavit stisknut\u00edm Z. Nov\u00e1 z\u00e1kladna UEF ji chr\u00e1n\u00ed a chr\u00e1n\u00ed ji - p\u0159ive\u010fte sv\u00e9 vlastn\u00ed letectvo, abyste je zni\u010dili, a sou\u010dasn\u011b p\u0159ive\u010fte sv\u00e9 vlastn\u00ed pozemn\u00ed s\u00edly z jihu. M\u011bli byste proj\u00edt p\u0159\u00edmo nep\u0159\u00e1telskou z\u00e1kladnou, kter\u00e1 obklopuje Symbionty, kter\u00e9 pot\u0159ebujete osvobodit. Jakmile jsou st\u00edha\u010de zni\u010deny, m\u016f\u017eete p\u0159iv\u00e9st sv\u00e9 bombard\u00e9ry na podporu pozemn\u00edch sil, zejm\u00e9na k odstran\u011bn\u00ed problematick\u00fdch obrann\u00fdch bod\u016f.<\/p>\n\n\n\n<h3 class=\"wp-block-heading\">11. Zni\u010dte z\u00e1kladnu UEF<\/h3>\n\n\n\n<p>P\u0159esu\u0148te se na sever od Symbiont\u016f se sv\u00fdmi pozemn\u00edmi silami. Pokud jste odstranili protiletadlov\u00e9 v\u011b\u017ee, m\u016f\u017eete si p\u0159iv\u00e9st sv\u00e9 bombard\u00e9ry, abyste zkr\u00e1tili pr\u00e1ci se zb\u00fdvaj\u00edc\u00edmi budovami. Nechte sv\u00e9 bojovn\u00edky hl\u00eddat mimo va\u0161i z\u00e1kladnu a nechte je vlet\u011bt, pokud se objev\u00ed nep\u0159\u00e1tel\u0161t\u00ed bojovn\u00edci.<\/p>\n\n\n\n<h3 class=\"wp-block-heading\">12. DEFEAT THE AEON COMMANDER<\/h3>\n\n\n\n<p><em>Mapa se roz\u0161i\u0159uje na jih<br>P\u0159idan\u00e1 sch\u00e9mata: Leteck\u00e1 doprava T1<\/em><br>Postavte n\u011bkolik transport\u016f a nechte je z\u0159\u00eddit trajekt ze z\u00e1kladny do p\u0159edn\u00ed linie. (Dal\u0161\u00ed informace o trajektu najdete v \u010d\u00e1sti 1 t\u00e9to p\u0159\u00edru\u010dky.) M\u011bli byste vybudovat obrovskou pozemn\u00ed s\u00edlu skl\u00e1daj\u00edc\u00ed se p\u0159ev\u00e1\u017en\u011b z \u00fato\u010dn\u00fdch robot\u016f Mantis s podporou ostatn\u00edch pozemn\u00edch jednotek (plus maskovan\u00e9ho pr\u016fzkumn\u00edka pro radarov\u00e9 pokryt\u00ed). Va\u0161e obrovsk\u00e1 s\u00edla by m\u011bla sm\u011b\u0159ovat p\u0159\u00edmo na jih do st\u0159edu nep\u0159\u00e1telsk\u00e9 z\u00e1kladny a p\u0159il\u00e1kat nep\u0159\u00e1telsk\u00e9ho velitele. Kdy\u017e vyjde, po\u0161lete v\u0161echny sv\u00e9 vzdu\u0161n\u00e9 jednotky, aby na ni za\u00fato\u010dily, s p\u0159ich\u00e1zej\u00edc\u00edmi bojovn\u00edky, aby zm\u00e1tly nep\u0159\u00e1telsk\u00e9 protiletadlov\u00e9. Kombinace by ji m\u011bla rychle dokon\u010dit.<\/p>\n\n\n\n<h3 class=\"has-text-align-center wp-block-heading\">Mission 1 - Operation Liberation - Video Guide<\/h3>\n\n\n\n<figure class=\"wp-block-embed-youtube wp-block-embed is-type-video is-provider-youtube wp-embed-aspect-4-3 wp-has-aspect-ratio\"><div class=\"wp-block-embed__wrapper\">\n<div class=\"ast-oembed-container\" style=\"height: 100%;\"><iframe title=\"Operation Liberation - M1 Cybran Campaign Hard - Supreme Commander\" width=\"500\" height=\"375\" src=\"https:\/\/www.youtube.com\/embed\/eowH2Xm44Xw?feature=oembed\" frameborder=\"0\" allow=\"accelerometer; autoplay; clipboard-write; encrypted-media; gyroscope; picture-in-picture; web-share\" referrerpolicy=\"strict-origin-when-cross-origin\" allowfullscreen><\/iframe><\/div>\n<\/div><\/figure>","protected":false},"excerpt":{"rendered":"<p>1. BUILD 3 MASS EXTRACTORS Schematics added: T1 Mass ExtractorTo do this as fast as possible, hold Shift to queue up all 3 Mass Extractors. If they are relatively far apart, queue up a Move command between each one so that your ACU won&#8217;t have to walk as far; if you just tell him to [&hellip;]<\/p>","protected":false},"author":1,"featured_media":0,"parent":122,"menu_order":2,"comment_status":"closed","ping_status":"closed","template":"","meta":{"_uag_custom_page_level_css":"","site-sidebar-layout":"default","site-content-layout":"default","ast-site-content-layout":"","site-content-style":"default","site-sidebar-style":"default","ast-global-header-display":"","ast-banner-title-visibility":"","ast-main-header-display":"","ast-hfb-above-header-display":"","ast-hfb-below-header-display":"","ast-hfb-mobile-header-display":"","site-post-title":"","ast-breadcrumbs-content":"","ast-featured-img":"","footer-sml-layout":"","theme-transparent-header-meta":"default","adv-header-id-meta":"","stick-header-meta":"","header-above-stick-meta":"","header-main-stick-meta":"","header-below-stick-meta":"","astra-migrate-meta-layouts":"default","ast-page-background-enabled":"default","ast-page-background-meta":{"desktop":{"background-color":"","background-image":"","background-repeat":"repeat","background-position":"center center","background-size":"auto","background-attachment":"scroll","background-type":"","background-media":"","overlay-type":"","overlay-color":"","overlay-gradient":""},"tablet":{"background-color":"","background-image":"","background-repeat":"repeat","background-position":"center center","background-size":"auto","background-attachment":"scroll","background-type":"","background-media":"","overlay-type":"","overlay-color":"","overlay-gradient":""},"mobile":{"background-color":"","background-image":"","background-repeat":"repeat","background-position":"center center","background-size":"auto","background-attachment":"scroll","background-type":"","background-media":"","overlay-type":"","overlay-color":"","overlay-gradient":""}},"ast-content-background-meta":{"desktop":{"background-color":"var(--ast-global-color-5)","background-image":"","background-repeat":"repeat","background-position":"center center","background-size":"auto","background-attachment":"scroll","background-type":"","background-media":"","overlay-type":"","overlay-color":"","overlay-gradient":""},"tablet":{"background-color":"var(--ast-global-color-5)","background-image":"","background-repeat":"repeat","background-position":"center center","background-size":"auto","background-attachment":"scroll","background-type":"","background-media":"","overlay-type":"","overlay-color":"","overlay-gradient":""},"mobile":{"background-color":"var(--ast-global-color-5)","background-image":"","background-repeat":"repeat","background-position":"center center","background-size":"auto","background-attachment":"scroll","background-type":"","background-media":"","overlay-type":"","overlay-color":"","overlay-gradient":""}},"footnotes":""},"uagb_featured_image_src":{"full":false,"thumbnail":false,"medium":false,"medium_large":false,"large":false,"1536x1536":false,"2048x2048":false,"trp-custom-language-flag":false},"uagb_author_info":{"display_name":"SOE","author_link":"https:\/\/supcom.standardof.net\/cs\/author\/k-tastic\/"},"uagb_comment_info":0,"uagb_excerpt":"1. BUILD 3 MASS EXTRACTORS Schematics added: T1 Mass ExtractorTo do this as fast as possible, hold Shift to queue up all 3 Mass Extractors. If they are relatively far apart, queue up a Move command between each one so that your ACU won&#8217;t have to walk as far; if you just tell him to&hellip;","_links":{"self":[{"href":"https:\/\/supcom.standardof.net\/cs\/wp-json\/wp\/v2\/pages\/204"}],"collection":[{"href":"https:\/\/supcom.standardof.net\/cs\/wp-json\/wp\/v2\/pages"}],"about":[{"href":"https:\/\/supcom.standardof.net\/cs\/wp-json\/wp\/v2\/types\/page"}],"author":[{"embeddable":true,"href":"https:\/\/supcom.standardof.net\/cs\/wp-json\/wp\/v2\/users\/1"}],"replies":[{"embeddable":true,"href":"https:\/\/supcom.standardof.net\/cs\/wp-json\/wp\/v2\/comments?post=204"}],"version-history":[{"count":0,"href":"https:\/\/supcom.standardof.net\/cs\/wp-json\/wp\/v2\/pages\/204\/revisions"}],"up":[{"embeddable":true,"href":"https:\/\/supcom.standardof.net\/cs\/wp-json\/wp\/v2\/pages\/122"}],"wp:attachment":[{"href":"https:\/\/supcom.standardof.net\/cs\/wp-json\/wp\/v2\/media?parent=204"}],"curies":[{"name":"wp","href":"https:\/\/api.w.org\/{rel}","templated":true}]}}