{"id":206,"date":"2020-10-31T15:03:14","date_gmt":"2020-10-31T19:03:14","guid":{"rendered":"https:\/\/supcom.standardof.net\/?page_id=206"},"modified":"2020-10-31T15:09:53","modified_gmt":"2020-10-31T19:09:53","slug":"cybran-operation-artifact","status":"publish","type":"page","link":"https:\/\/supcom.standardof.net\/cs\/supreme-commander\/navody-na-kampan\/cybran-operation-artifact\/","title":{"rendered":"Cybran Mission 2 - artefakt operace"},"content":{"rendered":"<p>Odtud p\u0159edpokl\u00e1d\u00e1m, \u017ee v\u00edte, jak hra funguje, a p\u0159estanu v\u00e1m p\u0159ipom\u00ednat, \u017ee m\u00e1te stav\u011bt Mass Extractors, \u0159adit objedn\u00e1vky, opakovat tov\u00e1rny atd. Tato mise je ve skute\u010dnosti pom\u011brn\u011b obt\u00ed\u017en\u00e1; nezapome\u0148te vybudovat velkou s\u00edlu m\u00edsto toho, abyste co nejrychleji dos\u00e1hli \u010dasn\u00fdch c\u00edl\u016f.<\/p>\n\n\n\n<h3 class=\"wp-block-heading\">1. JASN\u00c1 DEDINA AEONOV\u00ddCH JEDNOTEK<\/h3>\n\n\n\n<p>Nejprve budujte pozemn\u00ed tov\u00e1rny, ani\u017e byste zanedb\u00e1vali leteck\u00e9 tov\u00e1rny (proto\u017ee leteck\u00e9 \u00fatoky p\u0159ich\u00e1zej\u00ed brzy a \u010dasto), a z\u00edskejte s\u00edlu pozemn\u00edch jednotek. S\u00edly z prvn\u00edho chr\u00e1mu m\u016f\u017eete vy\u010distit relativn\u011b rychle, ale nezni\u010dte samotn\u00fd chr\u00e1m d\u0159\u00edve, ne\u017e budete m\u00edt zna\u010dnou z\u00e1kladnu, proto\u017ee kdy\u017e je chr\u00e1m zni\u010den, spust\u00ed se proti\u00fatok jednotek T1.<\/p>\n\n\n\n<h3 class=\"wp-block-heading\">2. ZNI\u010cTE CHR\u00c1M NAJ\u00cdT TECH<\/h3>\n\n\n\n<p>Jakmile budete p\u0159ipraveni, ru\u010dn\u011b za\u00fato\u010dte na chr\u00e1m, a to d\u00edky dob\u0159e br\u00e1n\u011bn\u00e9 z\u00e1kladn\u011b, prosperuj\u00edc\u00ed ekonomice a n\u011bkolika odpalova\u010d\u016fm torp\u00e9d ve vod\u011b, ne\u017e postav\u00edte n\u00e1mo\u0159n\u00ed tov\u00e1rnu (abyste nep\u0159itahovali nep\u0159\u00e1telsk\u00e9 fregaty, kter\u00e9 se roztrhnou na va\u0161i z\u00e1kladnu a pozemn\u00ed jednotky) . Ne\u017e p\u0159ejdete k dal\u0161\u00edmu c\u00edli, nezapome\u0148te vylou\u010dit v\u0161echny jednotky Aeon v dan\u00e9 oblasti.<\/p>\n\n\n\n<h3 class=\"wp-block-heading\">3. STR\u00c1\u017dTE PRVN\u00cd KUS SERAPHIM TECH<\/h3>\n\n\n\n<p>To by nem\u011bl b\u00fdt probl\u00e9m - jednodu\u0161e udr\u017eujte sv\u00e9 s\u00edly kolem chr\u00e1mu, dokud nep\u0159ijde in\u017een\u00fdr, aby z\u00edskal Tech.<\/p>\n\n\n\n<h3 class=\"wp-block-heading\">4. HLEDEJTE OKOLN\u00cd \u0160ABLONY PRO V\u00cdCE TECHNOLOGI\u00cd<\/h3>\n\n\n\n<p><em>Mapa se roz\u0161i\u0159uje na sever a jih (mysl\u00edm)<br><\/em>Tech je v jihov\u00fdchodn\u00edm chr\u00e1mu, ale m\u011bli byste nejprve zni\u010dit jednotky, kter\u00e9 br\u00e1n\u00ed ostatn\u00ed chr\u00e1my, abyste zabr\u00e1nili p\u0159ekvapiv\u00fdm \u00fatok\u016fm.<\/p>\n\n\n\n<h3 class=\"wp-block-heading\">5. ZP\u016eSOB V\u00ddPO\u010cTU AEON DEFEAT<\/h3>\n\n\n\n<p>Aeon nyn\u00ed za\u010d\u00ednaj\u00ed vys\u00edlat jednotky T2, aby br\u00e1nili sv\u00e9 chr\u00e1my, tak\u017ee bu\u010fte p\u0159ipraveni na sv\u00e9 vlastn\u00ed pozemn\u00ed s\u00edly a nav\u00edc svou ACU, pokud je to nezbytn\u011b nutn\u00e9. Udr\u017eujte sv\u00e9 jednotky na hl\u00eddce, ale soust\u0159e\u010fte se na jih. Za\u010dn\u011bte stav\u011bt n\u00e1mo\u0159n\u00ed jednotky, v\u011bt\u0161inou ponorky, abyste se br\u00e1nili p\u0159ed nep\u0159\u00e1telsk\u00fdmi n\u00e1mo\u0159n\u00edmi \u00fatoky. Zkuste je nal\u00e1kat, aby narazili na va\u0161e odpalova\u010de torp\u00e9d.<\/p>\n\n\n\n<h3 class=\"wp-block-heading\">6. STR\u00c1\u017dTE 2. KUS SERAPHIM TECH<\/h3>\n\n\n\n<p>Aeon bude Techy ignorovat, pokud znovu zachyt\u00ed oblast, tak\u017ee se to jednodu\u0161e rovn\u00e1 \u201eZabezpe\u010dit oblast\u201c.<\/p>\n\n\n\n<h3 class=\"wp-block-heading\">7. ZNI\u010cTE JI\u017dN\u00cd AEON NAVAL BASE<\/h3>\n\n\n\n<p><em>Mapa se roz\u0161i\u0159uje na jih a v\u00fdchod<\/em><br>Po\u0161lete sv\u00e9 n\u00e1mo\u0159n\u00ed jednotky na jih, nejprve zni\u010dte n\u00e1mo\u0159n\u00ed hrozby a pot\u00e9 se p\u0159esu\u0148te a zni\u010dte nep\u0159\u00e1telsk\u00e9 fregaty a tov\u00e1rny. Jakmile zni\u010d\u00edte Attack Boats, protivzdu\u0161n\u00e1 ochrana je lehk\u00e1, tak\u017ee p\u0159ive\u010fte sv\u00e9 bombard\u00e9ry. Po dokon\u010den\u00ed p\u0159esu\u0148te sv\u00e9 n\u00e1mo\u0159n\u00ed jednotky pod\u00e9l \u0159eky a postavte v\u00edce fregat ne\u017e ponorek.<\/p>\n\n\n\n<h3 class=\"wp-block-heading\">8. ZNI\u010cTE V\u00ddCHODN\u00cd AEON Z\u00c1KLAD A Z\u00cdSKEJTE JEJ\u00cd TECHNOLOGII<\/h3>\n\n\n\n<p>Pos\u00edlejte sv\u00e9 n\u00e1mo\u0159n\u00ed jednotky po \u0159ece sou\u010dasn\u011b s t\u00edm, jak se pohybujete s enormn\u00ed pozemn\u00ed silou T2. Se sv\u00fdmi dal\u0161\u00edmi zdroji budujte obranu T2 pod\u00e9l nov\u00fdch okraj\u016f va\u0161\u00ed z\u00e1kladny; zkuste k nim nal\u00e1kat nep\u0159\u00e1telsk\u00e9 pozemn\u00ed s\u00edly, pokud pot\u0159ebujete pomoc.<\/p>\n\n\n\n<h3 class=\"wp-block-heading\">9. STRU\u010cTE SE 3. KUSEM SERAPHIM TECH<\/h3>\n\n\n\n<p>Zat\u00edmco to va\u0161e arm\u00e1da dosahuje (co\u017e by m\u011bla va\u0161e n\u00e1mo\u0159n\u00ed s\u00edla d\u011blat dob\u0159e), nechte n\u011bkter\u00e9 in\u017een\u00fdry zajmout hromadn\u00e9 body ji\u017en\u00ed a v\u00fdchodn\u00ed z\u00e1kladny. Udr\u017eujte nad sv\u00fdm \u00fazem\u00edm vzdu\u0161nou p\u0159evahu po celou dobu, proto\u017ee nep\u0159\u00edtel za\u00fato\u010d\u00ed jak bombard\u00e9ry, tak leteck\u00fdmi transport\u00e9ry pln\u00fdmi pozemn\u00edch jednotek.<\/p>\n\n\n\n<h3 class=\"wp-block-heading\">10. DEFEAT MACH<\/h3>\n\n\n\n<p><em>Mapa se roz\u0161i\u0159uje na v\u00fdchod<\/em><br>Postavte n\u011bkolik leteck\u00fdch transport\u00e9r\u016f a pou\u017eijte je k p\u0159eprav\u011b va\u0161ich pozemn\u00edch sil na jih od mapy (nel\u00e9tejte nad Machovou z\u00e1kladnou na jihov\u00fdchod\u011b), jen na v\u00fdchod od ji\u017en\u00ed z\u00e1kladny Aeon, kterou jste zni\u010dili. Nejl\u00e9pe funguje sm\u00ed\u0161en\u00e1 s\u00edla jednotek se \u0161t\u00edty a Mantises na ochranu. P\u0159esu\u0148te se na sever a zni\u010dte gener\u00e1tory energie, abyste sn\u00ed\u017eili jeho produkci, a pot\u00e9 prot\u00e1hn\u011bte obrann\u00e9 v\u011b\u017ee. Jakmile od\u0159\u00edznete jeho protileteckou schopnost, p\u0159ive\u010fte bombard\u00e9ry do jihov\u00fdchodn\u00edho rohu mapy, abyste mohli zni\u010dit Macha, kdy\u017e se objev\u00ed, ani\u017e byste let\u011bli nad vzduchem na severov\u00fdchodn\u00ed z\u00e1kladn\u011b.<\/p>\n\n\n\n<h3 class=\"wp-block-heading\">11. DEFEAT THE AEON COMMANDER<\/h3>\n\n\n\n<p>Jakmile zabijete Macha, velitel Aeon obvykle vyjde velmi rychle. Va\u0161e pozemn\u00ed s\u00edly ji mohou obklopit a zni\u010dit, zvl\u00e1\u0161t\u011b pokud je nyn\u00ed p\u0159ev\u00e1\u017e\u00edte na Machovu z\u00e1kladnu. Mezit\u00edm:<\/p>\n\n\n\n<h3 class=\"wp-block-heading\">12. P\u0158ESU\u0147TE SV\u00c9HO VELITELE K BR\u00c1N\u011a<\/h3>\n\n\n\n<p>Projd\u011bte ji st\u0159edem Kvantov\u00e9 br\u00e1ny a dokon\u010dete misi.<\/p>\n\n\n\n<h3 class=\"wp-block-heading\">Mission 2 - Operation Artefact - Video Guide<\/h3>\n\n\n\n<figure class=\"wp-block-embed-youtube wp-block-embed is-type-video is-provider-youtube wp-embed-aspect-16-9 wp-has-aspect-ratio\"><div class=\"wp-block-embed__wrapper\">\n<div class=\"ast-oembed-container\" style=\"height: 100%;\"><iframe title=\"Operation Artifact - M2 Cybran Campaign Hard - Supreme Commander\" width=\"500\" height=\"281\" src=\"https:\/\/www.youtube.com\/embed\/SvhtzUIR37Y?feature=oembed\" frameborder=\"0\" allow=\"accelerometer; autoplay; clipboard-write; encrypted-media; gyroscope; picture-in-picture; web-share\" referrerpolicy=\"strict-origin-when-cross-origin\" allowfullscreen><\/iframe><\/div>\n<\/div><\/figure>","protected":false},"excerpt":{"rendered":"<p>From here, I&#8217;ll assume you know how the game works and I&#8217;ll stop reminding you to build Mass Extractors, queue up orders, put factories on repeat, etc. This mission is actually rather difficult; be sure to build up a large force instead of accomplishing early objectives as fast as possible. 1. CLEAR VILLAGE OF AEON [&hellip;]<\/p>","protected":false},"author":1,"featured_media":0,"parent":122,"menu_order":2,"comment_status":"closed","ping_status":"closed","template":"","meta":{"_uag_custom_page_level_css":"","site-sidebar-layout":"default","site-content-layout":"default","ast-site-content-layout":"","site-content-style":"default","site-sidebar-style":"default","ast-global-header-display":"","ast-banner-title-visibility":"","ast-main-header-display":"","ast-hfb-above-header-display":"","ast-hfb-below-header-display":"","ast-hfb-mobile-header-display":"","site-post-title":"","ast-breadcrumbs-content":"","ast-featured-img":"","footer-sml-layout":"","theme-transparent-header-meta":"default","adv-header-id-meta":"","stick-header-meta":"","header-above-stick-meta":"","header-main-stick-meta":"","header-below-stick-meta":"","astra-migrate-meta-layouts":"default","ast-page-background-enabled":"default","ast-page-background-meta":{"desktop":{"background-color":"","background-image":"","background-repeat":"repeat","background-position":"center center","background-size":"auto","background-attachment":"scroll","background-type":"","background-media":"","overlay-type":"","overlay-color":"","overlay-gradient":""},"tablet":{"background-color":"","background-image":"","background-repeat":"repeat","background-position":"center center","background-size":"auto","background-attachment":"scroll","background-type":"","background-media":"","overlay-type":"","overlay-color":"","overlay-gradient":""},"mobile":{"background-color":"","background-image":"","background-repeat":"repeat","background-position":"center center","background-size":"auto","background-attachment":"scroll","background-type":"","background-media":"","overlay-type":"","overlay-color":"","overlay-gradient":""}},"ast-content-background-meta":{"desktop":{"background-color":"var(--ast-global-color-5)","background-image":"","background-repeat":"repeat","background-position":"center center","background-size":"auto","background-attachment":"scroll","background-type":"","background-media":"","overlay-type":"","overlay-color":"","overlay-gradient":""},"tablet":{"background-color":"var(--ast-global-color-5)","background-image":"","background-repeat":"repeat","background-position":"center center","background-size":"auto","background-attachment":"scroll","background-type":"","background-media":"","overlay-type":"","overlay-color":"","overlay-gradient":""},"mobile":{"background-color":"var(--ast-global-color-5)","background-image":"","background-repeat":"repeat","background-position":"center center","background-size":"auto","background-attachment":"scroll","background-type":"","background-media":"","overlay-type":"","overlay-color":"","overlay-gradient":""}},"footnotes":""},"uagb_featured_image_src":{"full":false,"thumbnail":false,"medium":false,"medium_large":false,"large":false,"1536x1536":false,"2048x2048":false,"trp-custom-language-flag":false},"uagb_author_info":{"display_name":"SOE","author_link":"https:\/\/supcom.standardof.net\/cs\/author\/k-tastic\/"},"uagb_comment_info":0,"uagb_excerpt":"From here, I&#8217;ll assume you know how the game works and I&#8217;ll stop reminding you to build Mass Extractors, queue up orders, put factories on repeat, etc. This mission is actually rather difficult; be sure to build up a large force instead of accomplishing early objectives as fast as possible. 1. CLEAR VILLAGE OF AEON&hellip;","_links":{"self":[{"href":"https:\/\/supcom.standardof.net\/cs\/wp-json\/wp\/v2\/pages\/206"}],"collection":[{"href":"https:\/\/supcom.standardof.net\/cs\/wp-json\/wp\/v2\/pages"}],"about":[{"href":"https:\/\/supcom.standardof.net\/cs\/wp-json\/wp\/v2\/types\/page"}],"author":[{"embeddable":true,"href":"https:\/\/supcom.standardof.net\/cs\/wp-json\/wp\/v2\/users\/1"}],"replies":[{"embeddable":true,"href":"https:\/\/supcom.standardof.net\/cs\/wp-json\/wp\/v2\/comments?post=206"}],"version-history":[{"count":0,"href":"https:\/\/supcom.standardof.net\/cs\/wp-json\/wp\/v2\/pages\/206\/revisions"}],"up":[{"embeddable":true,"href":"https:\/\/supcom.standardof.net\/cs\/wp-json\/wp\/v2\/pages\/122"}],"wp:attachment":[{"href":"https:\/\/supcom.standardof.net\/cs\/wp-json\/wp\/v2\/media?parent=206"}],"curies":[{"name":"wp","href":"https:\/\/api.w.org\/{rel}","templated":true}]}}