{"id":208,"date":"2020-10-31T15:04:51","date_gmt":"2020-10-31T19:04:51","guid":{"rendered":"https:\/\/supcom.standardof.net\/?page_id=208"},"modified":"2020-10-31T15:10:06","modified_gmt":"2020-10-31T19:10:06","slug":"cybran-operation-defrag","status":"publish","type":"page","link":"https:\/\/supcom.standardof.net\/cs\/supreme-commander\/navody-na-kampan\/cybran-operation-defrag\/","title":{"rendered":"Cybran Mission 3 - Operation Defrag"},"content":{"rendered":"<h3 class=\"wp-block-heading\">1. DEFEND YORK18 AND THE QUANTUM GATE<\/h3>\n\n\n\n<p>Na za\u010d\u00e1tku t\u00e9to mise m\u00e1te velmi m\u00e1lo zdroj\u016f, tak\u017ee sv\u00e9 startovn\u00ed jednotky pou\u017e\u00edvejte moud\u0159e. Nechte sv\u00e9 bombard\u00e9ry zni\u010dit tanky na z\u00e1pad od Yorku18, ale nenechte je l\u00e9tat nad z\u00e1padn\u00ed nebo severoz\u00e1padn\u00ed z\u00e1kladnou. Jakmile je York v bezpe\u010d\u00ed, vyt\u00e1hn\u011bte bombard\u00e9ry zp\u011bt na z\u00e1kladnu. P\u0159ed\u010dasn\u011b na v\u00e1s za\u00fato\u010d\u00ed zem\u011b i vzduch. Postavte n\u011bkolik protiletadlov\u00fdch v\u011b\u017e\u00ed na z\u00e1padn\u00edm pob\u0159e\u017e\u00ed pobl\u00ed\u017e Kvantov\u00e9 br\u00e1ny a po\u0161lete in\u017een\u00fdra na pozici Yorku, aby ho br\u00e1nil v\u011b\u017ei\u010dkami. Nejprve postavte tov\u00e1rnu na vzduch, kter\u00e1 v\u00e1m pom\u016f\u017ee s protivzdu\u0161nou obranou a dopln\u00ed z\u00e1soby bombard\u00e9r\u016f.<\/p>\n\n\n\n<h3 class=\"wp-block-heading\">2. DEFEAT SEVEROV\u00ddCHODN\u00cd Z\u00c1KLAD<\/h3>\n\n\n\n<p>Nejprve porazte tuto z\u00e1kladnu, abyste z\u00edskali kontrolu nad v\u00fdchodn\u00ed stranou \u0159eky. K vyta\u017een\u00ed t\u00e9to z\u00e1kladny m\u016f\u017eete pou\u017e\u00edt pozemn\u00ed s\u00edly T2 a Medusas (lehk\u00e9 d\u011blost\u0159electvo T1) a pot\u00e9 za\u010d\u00edt stav\u011bt oboj\u017eiveln\u00e9 tanky Wagner. Jakmile to dokon\u010d\u00edte, m\u016f\u017eete zachytit Land Factory a u\u0161et\u0159it tak \u010das. Jakmile bude v\u00fdchod \u0159eky pod va\u0161\u00ed kontrolou, postavte pod\u00e9l pob\u0159e\u017e\u00ed protiletadlov\u00e9 v\u011b\u017ee a dal\u0161\u00ed obranu pro svou novou severn\u00ed z\u00e1kladnu. V tomto okam\u017eiku byste m\u011bli m\u00edt druhou leteckou tov\u00e1rnu a n\u00e1mo\u0159n\u00ed tov\u00e1rnu a va\u0161i in\u017een\u00fd\u0159i by m\u011bli stav\u011bt farmy gener\u00e1tor\u016f energie a hromadn\u00fdch v\u00fdrobc\u016f na v\u00fdchod\u011b. Vyu\u017eijte sv\u00e9 in\u017een\u00fdry T2 (z pozemn\u00ed tov\u00e1rny Wagners) a vylep\u0161ete Yorkovu obranu na T2. Tyto zbran\u011b mohou dos\u00e1hnout okraj\u016f dal\u0161\u00edch dvou z\u00e1kladen. M\u016f\u017eete je tak\u00e9 bombardovat bodovou obranou T2 p\u0159es \u0159eku nebo vlastn\u00edmi fregatami.<\/p>\n\n\n\n<h3 class=\"wp-block-heading\">3. PORU\u0160TE Z\u00c1PADN\u00cd Z\u00c1KLAD<\/h3>\n\n\n\n<p>Pomoc\u00ed leteck\u00fdch transport\u016f p\u0159epravte sv\u00e9 pozemn\u00ed jednotky T2 a Medusas ji\u017en\u011b od z\u00e1padn\u00ed z\u00e1kladny. Pomalu je p\u0159ibli\u017eujte, jak je va\u0161e d\u011blost\u0159electvo zm\u011bk\u010duje. Jakmile d\u011blost\u0159electvo za\u010dne fungovat, va\u0161i Wagnerov\u00e9 a bombard\u00e9ry se mohou nast\u011bhovat za \u00fa\u010delem zabit\u00ed.<\/p>\n\n\n\n<h3 class=\"wp-block-heading\">4. DEFEAT SEVEROZ\u00c1PADN\u00cd Z\u00c1KLAD<\/h3>\n\n\n\n<p>Postavte obranu bodu T2 v trosk\u00e1ch z\u00e1padn\u00ed z\u00e1kladny, aby se mohla dostat na severoz\u00e1padn\u00ed z\u00e1kladnu. Jakmile to skon\u010d\u00ed z okraj\u016f, p\u0159esu\u0148te sv\u00e9 jednotky, kter\u00e9 obsadily z\u00e1padn\u00ed z\u00e1kladnu.<\/p>\n\n\n\n<h3 class=\"wp-block-heading\">5. DEFEAT 2 D\u011aTSK\u00c9 POZICE D\u011aTI<\/h3>\n\n\n\n<p><em>Mapa se roz\u0161i\u0159uje na v\u00fdchod<\/em><br>Bunkr Dr. Brackmana za\u010d\u00edn\u00e1 pod palbou z d\u011blost\u0159eleck\u00e9 pozice UEF na jeho severoz\u00e1pad. Po\u0161lete sv\u00e9 pozemn\u00ed s\u00edly zp\u011bt (zde pom\u00e1haj\u00ed Wagnerovi, proto\u017ee nemus\u00ed \u010dekat na transporty), aby to rychle odstranili, s bombard\u00e9ry, aby zabily samotn\u00e9 d\u011blost\u0159electvo, jakmile pozemn\u00ed s\u00edly zabij\u00ed protiletadlov\u00e9 v\u011b\u017ee. Druh\u00e1 pozice je p\u0159es \u0159eku a k jej\u00edmu zabit\u00ed budete pot\u0159ebovat v\u00edce Wagners a Bombers, ale v cest\u011b v\u00e1m stoj\u00ed K\u0159i\u017en\u00edk.<\/p>\n\n\n\n<h3 class=\"wp-block-heading\">6. DEFEAT THE UEF CRUISER<\/h3>\n\n\n\n<p>K\u0159i\u017en\u00edk za\u010d\u00edn\u00e1 severn\u011b od Brackmanova bunkru. P\u0159esu\u0148te sv\u00e9 tanky a d\u011blost\u0159electvo na b\u0159eh a m\u011bly by b\u00fdt schopn\u00e9 zas\u00e1hnout jej, p\u0159i\u010dem\u017e zb\u00fdvaj\u00edc\u00ed bombard\u00e9ry jej rychle zni\u010d\u00ed. Pot\u00e9 na chv\u00edli p\u0159estavte a pot\u00e9 se sm\u00ed\u0161en\u00fdmi silami za\u00fato\u010dte na druhou d\u011blost\u0159eleckou pozici.<\/p>\n\n\n\n<h3 class=\"wp-block-heading\">7. ESCORT BRACKMANOV KONVOJ<\/h3>\n\n\n\n<p>Konvoj se objevuje pomalu, ale nechte civilisty hromadit se pod Brackmanov\u00fdm \u0161t\u00edtem, dokud si nebudete jisti, \u017ee cesta je bezpe\u010dn\u00e1. Nep\u0159\u00e1telsk\u00e9 leteck\u00e9 hl\u00eddky se objevuj\u00ed ze severu, ale pokud budete hl\u00eddat na trase, po kter\u00e9 se bude konvoj vyd\u00e1vat, m\u011bli by s nimi va\u0161i bojovn\u00edci kr\u00e1tce pracovat. Nep\u0159\u00edtel se tak\u00e9 pokus\u00ed o to, aby na v\u00e1s padly transporty, tak\u017ee nechte sv\u00e9 pozemn\u00ed jednotky st\u0159e\u017eit Brackmanovu z\u00e1kladnu, dokud nep\u0159ijede konvoj a cestujte s n\u00ed k br\u00e1n\u011b. P\u0159esu\u0148te v\u0161echny kamiony p\u0159\u00edmo do br\u00e1ny pro dal\u0161\u00ed c\u00edl.<\/p>\n\n\n\n<h3 class=\"wp-block-heading\">8. ZNI\u010cTE VELITELE UEF<\/h3>\n\n\n\n<p><em>Mapa se roz\u0161i\u0159uje na sever<\/em><br>Za\u010dn\u011bte zde stav\u011bt vzduchov\u00e9 jednotky T2; roz\u0161\u00ed\u0159it sv\u00e9 leteck\u00e9 a pozemn\u00ed hl\u00eddky tak, aby pokryly cel\u00fd v\u00e1\u0161 hlavn\u00ed ostrov. P\u0159esu\u0148te sv\u00e9 n\u00e1mo\u0159n\u00ed jednotky k severn\u00ed \u0159ece, abyste zabr\u00e1nili nep\u0159\u00e1telsk\u00fdm n\u00e1mo\u0159n\u00edm jednotk\u00e1m vpl\u00ed\u017eit se pod\u00e9l v\u00fdchodn\u00ed a z\u00e1padn\u00ed \u0159eky. Postavte obranu T2 pod\u00e9l severn\u00edho pob\u0159e\u017e\u00ed, abyste zabr\u00e1nili oboj\u017eiveln\u00fdm \u00fatok\u016fm, zat\u00edmco va\u0161i vlastn\u00ed Wagners a d\u011blost\u0159electvo (transportn\u00ed spadl pot\u00e9, co Wagners vy\u010distili malou p\u0159ist\u00e1vac\u00ed z\u00f3nu) zni\u010dili z\u00e1kladnu. Jakmile va\u0161i Med\u00fazy a zmije zni\u010d\u00ed vn\u011bj\u0161\u00ed obranu, p\u0159esu\u0148te Wagnera, abyste na\u0161li ACU, a pomoc\u00ed leteck\u00fdch \u00fatok\u016f ho dokon\u010dete, a\u017e se objev\u00ed. Na rozd\u00edl od v\u011bt\u0161iny mis\u00ed se v\u00e1m bude da\u0159it, kdy\u017e zato\u010d\u00edte s ACU, m\u00edsto aby jste ho vyl\u00e1kali ze z\u00e1kladny.<\/p>\n\n\n\n<h3 class=\"has-text-align-center wp-block-heading\">Mission 3 - Operation Defrag - video pr\u016fvodce<\/h3>\n\n\n\n<figure class=\"wp-block-embed-youtube wp-block-embed is-type-video is-provider-youtube wp-embed-aspect-4-3 wp-has-aspect-ratio\"><div class=\"wp-block-embed__wrapper\">\n<div class=\"ast-oembed-container\" style=\"height: 100%;\"><iframe title=\"Operation Defrag - M3 Cybran Campaign Hard - Supreme Commander\" width=\"500\" height=\"375\" src=\"https:\/\/www.youtube.com\/embed\/V9zF49Oc0kI?feature=oembed\" frameborder=\"0\" allow=\"accelerometer; autoplay; clipboard-write; encrypted-media; gyroscope; picture-in-picture; web-share\" referrerpolicy=\"strict-origin-when-cross-origin\" allowfullscreen><\/iframe><\/div>\n<\/div><\/figure>","protected":false},"excerpt":{"rendered":"<p>1. DEFEND YORK18 AND THE QUANTUM GATE You have very few resources at the start of this mission, so use your starting units wisely. Have your Bombers destroy the tanks to the west of York18, but don&#8217;t let them fly over the west or northwest bases. Once York is safe, pull your bombers back to [&hellip;]<\/p>","protected":false},"author":1,"featured_media":0,"parent":122,"menu_order":2,"comment_status":"open","ping_status":"closed","template":"","meta":{"_uag_custom_page_level_css":"","site-sidebar-layout":"default","site-content-layout":"default","ast-site-content-layout":"","site-content-style":"default","site-sidebar-style":"default","ast-global-header-display":"","ast-banner-title-visibility":"","ast-main-header-display":"","ast-hfb-above-header-display":"","ast-hfb-below-header-display":"","ast-hfb-mobile-header-display":"","site-post-title":"","ast-breadcrumbs-content":"","ast-featured-img":"","footer-sml-layout":"","theme-transparent-header-meta":"default","adv-header-id-meta":"","stick-header-meta":"","header-above-stick-meta":"","header-main-stick-meta":"","header-below-stick-meta":"","astra-migrate-meta-layouts":"default","ast-page-background-enabled":"default","ast-page-background-meta":{"desktop":{"background-color":"","background-image":"","background-repeat":"repeat","background-position":"center center","background-size":"auto","background-attachment":"scroll","background-type":"","background-media":"","overlay-type":"","overlay-color":"","overlay-gradient":""},"tablet":{"background-color":"","background-image":"","background-repeat":"repeat","background-position":"center center","background-size":"auto","background-attachment":"scroll","background-type":"","background-media":"","overlay-type":"","overlay-color":"","overlay-gradient":""},"mobile":{"background-color":"","background-image":"","background-repeat":"repeat","background-position":"center center","background-size":"auto","background-attachment":"scroll","background-type":"","background-media":"","overlay-type":"","overlay-color":"","overlay-gradient":""}},"ast-content-background-meta":{"desktop":{"background-color":"var(--ast-global-color-5)","background-image":"","background-repeat":"repeat","background-position":"center center","background-size":"auto","background-attachment":"scroll","background-type":"","background-media":"","overlay-type":"","overlay-color":"","overlay-gradient":""},"tablet":{"background-color":"var(--ast-global-color-5)","background-image":"","background-repeat":"repeat","background-position":"center center","background-size":"auto","background-attachment":"scroll","background-type":"","background-media":"","overlay-type":"","overlay-color":"","overlay-gradient":""},"mobile":{"background-color":"var(--ast-global-color-5)","background-image":"","background-repeat":"repeat","background-position":"center center","background-size":"auto","background-attachment":"scroll","background-type":"","background-media":"","overlay-type":"","overlay-color":"","overlay-gradient":""}},"footnotes":""},"uagb_featured_image_src":{"full":false,"thumbnail":false,"medium":false,"medium_large":false,"large":false,"1536x1536":false,"2048x2048":false,"trp-custom-language-flag":false},"uagb_author_info":{"display_name":"SOE","author_link":"https:\/\/supcom.standardof.net\/cs\/author\/k-tastic\/"},"uagb_comment_info":0,"uagb_excerpt":"1. DEFEND YORK18 AND THE QUANTUM GATE You have very few resources at the start of this mission, so use your starting units wisely. Have your Bombers destroy the tanks to the west of York18, but don&#8217;t let them fly over the west or northwest bases. Once York is safe, pull your bombers back to&hellip;","_links":{"self":[{"href":"https:\/\/supcom.standardof.net\/cs\/wp-json\/wp\/v2\/pages\/208"}],"collection":[{"href":"https:\/\/supcom.standardof.net\/cs\/wp-json\/wp\/v2\/pages"}],"about":[{"href":"https:\/\/supcom.standardof.net\/cs\/wp-json\/wp\/v2\/types\/page"}],"author":[{"embeddable":true,"href":"https:\/\/supcom.standardof.net\/cs\/wp-json\/wp\/v2\/users\/1"}],"replies":[{"embeddable":true,"href":"https:\/\/supcom.standardof.net\/cs\/wp-json\/wp\/v2\/comments?post=208"}],"version-history":[{"count":0,"href":"https:\/\/supcom.standardof.net\/cs\/wp-json\/wp\/v2\/pages\/208\/revisions"}],"up":[{"embeddable":true,"href":"https:\/\/supcom.standardof.net\/cs\/wp-json\/wp\/v2\/pages\/122"}],"wp:attachment":[{"href":"https:\/\/supcom.standardof.net\/cs\/wp-json\/wp\/v2\/media?parent=208"}],"curies":[{"name":"wp","href":"https:\/\/api.w.org\/{rel}","templated":true}]}}