{"id":210,"date":"2020-10-31T15:06:12","date_gmt":"2020-10-31T19:06:12","guid":{"rendered":"https:\/\/supcom.standardof.net\/?page_id=210"},"modified":"2020-10-31T15:10:18","modified_gmt":"2020-10-31T19:10:18","slug":"cybran-operation-mainframe-tango","status":"publish","type":"page","link":"https:\/\/supcom.standardof.net\/cs\/supreme-commander\/navody-na-kampan\/cybran-operation-mainframe-tango\/","title":{"rendered":"Cybran Mission 4 - Operation Mainframe Tango"},"content":{"rendered":"<h3 class=\"wp-block-heading\">1. DEFEAT THE AEON COMMANDER<\/h3>\n\n\n\n<p>Na prvn\u00ed \u00fakol nen\u00ed \u010dasov\u00fd limit, ale budete neust\u00e1le napad\u00e1ni, tak\u017ee si vybudujte obranu na z\u00e1padn\u00ed stran\u011b. Velitel Aeon je na jihoz\u00e1pad. Vybudujte velk\u00e9 n\u00e1mo\u0159nictvo a Wagnerovu s\u00edlu (maj\u00ed torp\u00e9da, tak\u017ee p\u0159i p\u0159echodu p\u0159es z\u00e1toku nebudou bezbrann\u00ed) pomoc\u00ed leteck\u00fdch transport\u016f, kter\u00e9 p\u0159ivedou zmije a nosoro\u017ece pro t\u011b\u017ek\u00e9 \u00fatoky na z\u00e1kladnu. Tvoje chod\u00edc\u00ed torp\u00e9doborce jsou zde kl\u00ed\u010dov\u00e9, proto\u017ee mohou d\u011blat cokoli, co pot\u0159ebuje\u0161. Prozkoumejte jihoz\u00e1padn\u00ed z\u00e1kladnu, dokud nenajdete dobr\u00e9 m\u00edsto, kde by vzduch mohl zahodit sv\u00e9 s\u00edly. Ne\u017e se nast\u011bhujete, vybudujte slu\u0161nou s\u00edlu a po\u0161lete sv\u00e9 torp\u00e9doborce, aby se vyno\u0159ily z vody a p\u0159im\u011bly nep\u0159\u00e1telsk\u00e9 obrany, aby nam\u00ed\u0159ily na va\u0161e pozemn\u00ed jednotky. Kdy\u017e se objev\u00ed velitel Aeon, za\u00fato\u010d na v\u0161echno, v\u010detn\u011b bombard\u00e9r\u016f a bojov\u00fdch lod\u00ed; teleportuje se pry\u010d, ale pro c\u00edl #2 tam budete stejn\u011b pot\u0159ebovat s\u00edly.<\/p>\n\n\n\n<h3 class=\"wp-block-heading\">2. ZNOVU Z\u00cdSKEJTE S\u00cd\u0164OV\u00dd NOD<\/h3>\n\n\n\n<p>Uzel je uprost\u0159ed z\u00e1kladny, na kterou \u00fato\u010d\u00edte. Po vyrovn\u00e1n\u00ed z\u00e1kladny jej zachy\u0165te s in\u017een\u00fdrem. Nechte sv\u00e9 n\u00e1mo\u0159n\u00ed s\u00edly (nejen sv\u00e9 torp\u00e9doborce) zni\u010dit n\u00e1mo\u0159n\u00ed stranu tamn\u00ed z\u00e1kladny Aeon.<\/p>\n\n\n\n<h3 class=\"wp-block-heading\">3. ULO\u017dTE S\u00cd\u0164OV\u00dd NOD A CIVILN\u00cd BUDOVY<\/h3>\n\n\n\n<p><em>Mapa se roz\u0161i\u0159uje na z\u00e1pad<\/em><br>Civiln\u00ed vesnice u\u017e m\u00e1 \u0161t\u00edty, ale budete tam cht\u00edt p\u0159epravit sv\u00e9 pozemn\u00ed jednotky za obranu, zat\u00edmco postav\u00edte obrann\u00e9 postaven\u00ed. Postavte si tam tov\u00e1rnu na zem, abyste mohli m\u00edt mobiln\u00ed obranu, a postavit tak\u00e9 n\u011bco proti vzduchu.<\/p>\n\n\n\n<h3 class=\"wp-block-heading\">4. BRA\u0147TE UZEL PROTI \u00daTOK\u016eM AEON<\/h3>\n\n\n\n<p>Uzel se dostane pod v\u0161echny druhy \u00fatoku - va\u0161e Land Factory vyr\u00e1b\u011bj\u00edc\u00ed flaky T2 a t\u011b\u017ek\u00e9 tanky se hod\u00ed jako univerz\u00e1ln\u00ed obrana. P\u0159esu\u0148te sv\u00e9 n\u00e1mo\u0159n\u00ed s\u00edly na sever od vesnice, abyste na\u0161li n\u00e1mo\u0159n\u00ed \u00fatok, ne\u017e k n\u011bmu dojde, a zni\u010dte ho.<\/p>\n\n\n\n<h3 class=\"wp-block-heading\">5. Z\u00cdSKEJTE SEVEROV\u00ddCHODN\u00cd NOD<\/h3>\n\n\n\n<p><em>Mapa se roz\u0161i\u0159uje na sever<\/em><br>Va\u0161e p\u016fvodn\u00ed z\u00e1kladna je nyn\u00ed zraniteln\u00e1 v\u016f\u010di severn\u00edm \u00fatok\u016fm, tak\u017ee tam vytvo\u0159te n\u011bjakou obranu. M\u016f\u017eete bu\u010f nast\u011bhovat s velkou silou, abyste p\u0159emohli jejich mobiln\u00ed \u0161t\u00edty, nebo poslat mobiln\u00ed stealth gener\u00e1tor a in\u017een\u00fdra s va\u0161\u00ed leteckou dopravou (po pr\u016fzkumu jejich letov\u00fdch drah), aby ho zajali.<\/p>\n\n\n\n<h3 class=\"wp-block-heading\">6. Z\u00cdSKEJTE SEVEROZ\u00c1PADN\u00cd NOD<\/h3>\n\n\n\n<p>To je relativn\u011b snadn\u00e9: jednodu\u0161e p\u0159esu\u0148te sv\u00e9 n\u00e1mo\u0159n\u00ed s\u00edly na pob\u0159e\u017e\u00ed a oni skol\u00ed z\u00e1kladnu do zapomn\u011bn\u00ed. P\u0159ed dobyt\u00edm uzlu p\u0159em\u00edst\u011bte celou arm\u00e1du t\u011bsn\u011b mimo hlavn\u00ed z\u00e1kladnu Aeon v obrovsk\u00e9 formaci. Pro dal\u0161\u00ed c\u00edl m\u00e1te \u010dasov\u00fd limit, tak\u017ee zachy\u0165te, a\u017e budete p\u0159ipraveni.<\/p>\n\n\n\n<h3 class=\"wp-block-heading\">7. DEFEAT THE AEON COMMANDER<\/h3>\n\n\n\n<p>30 sekund po spln\u011bn\u00ed c\u00edl\u016f 5 a 6 vybuchne bomba EMP uprost\u0159ed z\u00e1kladny Aeon. To v\u00e1m d\u00e1v\u00e1 \u010das za\u00fato\u010dit na z\u00e1kladnu se v\u0161\u00edm, naj\u00edt velitele a zab\u00edt ji bojov\u00fdmi vrtuln\u00edky a bombard\u00e9ry, ne\u017e se jejich protivzdu\u0161n\u00e1 obrana znovu aktivuje.<\/p>\n\n\n\n<h3 class=\"has-text-align-center wp-block-heading\">Mission 4 - Operation Mainframe Tango - Video Guide<\/h3>\n\n\n\n<figure class=\"wp-block-embed-youtube wp-block-embed is-type-video is-provider-youtube wp-embed-aspect-4-3 wp-has-aspect-ratio\"><div class=\"wp-block-embed__wrapper\">\n<div class=\"ast-oembed-container\" style=\"height: 100%;\"><iframe title=\"Operation Mainframe Tango - M4 Cybran Campaign Hard - Supreme Commander\" width=\"500\" height=\"375\" src=\"https:\/\/www.youtube.com\/embed\/Zf6C4dMeps4?feature=oembed\" frameborder=\"0\" allow=\"accelerometer; autoplay; clipboard-write; encrypted-media; gyroscope; picture-in-picture; web-share\" referrerpolicy=\"strict-origin-when-cross-origin\" allowfullscreen><\/iframe><\/div>\n<\/div><\/figure>","protected":false},"excerpt":{"rendered":"<p>1. DEFEAT THE AEON COMMANDER There&#8217;s no time limit for the first task, but you&#8217;ll be continually assaulted, so build up defenses on your western side. The Aeon Commander is to the southwest. Build up a large navy and Wagner force (they have torpedoes so they won&#8217;t be defenseless while crossing the bay), with air [&hellip;]<\/p>","protected":false},"author":1,"featured_media":0,"parent":122,"menu_order":2,"comment_status":"open","ping_status":"closed","template":"","meta":{"_uag_custom_page_level_css":"","site-sidebar-layout":"default","site-content-layout":"default","ast-site-content-layout":"","site-content-style":"default","site-sidebar-style":"default","ast-global-header-display":"","ast-banner-title-visibility":"","ast-main-header-display":"","ast-hfb-above-header-display":"","ast-hfb-below-header-display":"","ast-hfb-mobile-header-display":"","site-post-title":"","ast-breadcrumbs-content":"","ast-featured-img":"","footer-sml-layout":"","theme-transparent-header-meta":"default","adv-header-id-meta":"","stick-header-meta":"","header-above-stick-meta":"","header-main-stick-meta":"","header-below-stick-meta":"","astra-migrate-meta-layouts":"default","ast-page-background-enabled":"default","ast-page-background-meta":{"desktop":{"background-color":"","background-image":"","background-repeat":"repeat","background-position":"center center","background-size":"auto","background-attachment":"scroll","background-type":"","background-media":"","overlay-type":"","overlay-color":"","overlay-gradient":""},"tablet":{"background-color":"","background-image":"","background-repeat":"repeat","background-position":"center center","background-size":"auto","background-attachment":"scroll","background-type":"","background-media":"","overlay-type":"","overlay-color":"","overlay-gradient":""},"mobile":{"background-color":"","background-image":"","background-repeat":"repeat","background-position":"center center","background-size":"auto","background-attachment":"scroll","background-type":"","background-media":"","overlay-type":"","overlay-color":"","overlay-gradient":""}},"ast-content-background-meta":{"desktop":{"background-color":"var(--ast-global-color-5)","background-image":"","background-repeat":"repeat","background-position":"center center","background-size":"auto","background-attachment":"scroll","background-type":"","background-media":"","overlay-type":"","overlay-color":"","overlay-gradient":""},"tablet":{"background-color":"var(--ast-global-color-5)","background-image":"","background-repeat":"repeat","background-position":"center center","background-size":"auto","background-attachment":"scroll","background-type":"","background-media":"","overlay-type":"","overlay-color":"","overlay-gradient":""},"mobile":{"background-color":"var(--ast-global-color-5)","background-image":"","background-repeat":"repeat","background-position":"center center","background-size":"auto","background-attachment":"scroll","background-type":"","background-media":"","overlay-type":"","overlay-color":"","overlay-gradient":""}},"footnotes":""},"uagb_featured_image_src":{"full":false,"thumbnail":false,"medium":false,"medium_large":false,"large":false,"1536x1536":false,"2048x2048":false,"trp-custom-language-flag":false},"uagb_author_info":{"display_name":"SOE","author_link":"https:\/\/supcom.standardof.net\/cs\/author\/k-tastic\/"},"uagb_comment_info":0,"uagb_excerpt":"1. DEFEAT THE AEON COMMANDER There&#8217;s no time limit for the first task, but you&#8217;ll be continually assaulted, so build up defenses on your western side. The Aeon Commander is to the southwest. Build up a large navy and Wagner force (they have torpedoes so they won&#8217;t be defenseless while crossing the bay), with air&hellip;","_links":{"self":[{"href":"https:\/\/supcom.standardof.net\/cs\/wp-json\/wp\/v2\/pages\/210"}],"collection":[{"href":"https:\/\/supcom.standardof.net\/cs\/wp-json\/wp\/v2\/pages"}],"about":[{"href":"https:\/\/supcom.standardof.net\/cs\/wp-json\/wp\/v2\/types\/page"}],"author":[{"embeddable":true,"href":"https:\/\/supcom.standardof.net\/cs\/wp-json\/wp\/v2\/users\/1"}],"replies":[{"embeddable":true,"href":"https:\/\/supcom.standardof.net\/cs\/wp-json\/wp\/v2\/comments?post=210"}],"version-history":[{"count":0,"href":"https:\/\/supcom.standardof.net\/cs\/wp-json\/wp\/v2\/pages\/210\/revisions"}],"up":[{"embeddable":true,"href":"https:\/\/supcom.standardof.net\/cs\/wp-json\/wp\/v2\/pages\/122"}],"wp:attachment":[{"href":"https:\/\/supcom.standardof.net\/cs\/wp-json\/wp\/v2\/media?parent=210"}],"curies":[{"name":"wp","href":"https:\/\/api.w.org\/{rel}","templated":true}]}}