{"id":212,"date":"2020-10-31T15:08:11","date_gmt":"2020-10-31T19:08:11","guid":{"rendered":"https:\/\/supcom.standardof.net\/?page_id=212"},"modified":"2020-10-31T15:08:12","modified_gmt":"2020-10-31T19:08:12","slug":"cybran-operation-unlock","status":"publish","type":"page","link":"https:\/\/supcom.standardof.net\/cs\/supreme-commander\/navody-na-kampan\/cybran-operation-unlock\/","title":{"rendered":"Cybran Mission 5 - Operation Unlock"},"content":{"rendered":"<h3 class=\"wp-block-heading\">1. ZNI\u010cTE GENER\u00c1TORY V\u00ddKONU 6 UEF<\/h3>\n\n\n\n<p>Na jihu je velk\u00e1 z\u00e1kladna UEF; postavte ze\u010f mezi v\u00e1mi dv\u011bma, jakmile ovl\u00e1dnete 10 nebo 11 hromadn\u00fdch vklad\u016f. Neprovokujte UEF, dokud nejste p\u0159ipraveni bojovat, a nevybudujte Naval Factory, dokud va\u0161e pozemn\u00ed s\u00edly nebudou zabezpe\u010den\u00e9 a vybaven\u00e9 a\u017e do T2, proto\u017ee n\u00e1mo\u0159nictvo UEF je velk\u00e9 a agresivn\u00ed. Postavte sv\u00e9 farmy Mass Fabricator na severov\u00fdchod mapy, daleko od nep\u0159\u00e1telsk\u00fdch leteck\u00fdch hl\u00eddek. Pod\u00e9l ji\u017en\u00ed zdi postavte kompletn\u00ed obranu T2 se \u0161t\u00edty a d\u011blost\u0159electvem a n\u011bkolika hl\u00eddkuj\u00edc\u00edmi in\u017een\u00fdry. Jakmile budete p\u0159ipraveni upgradovat na T3, postavte n\u011bkolik n\u00e1mo\u0159n\u00edch tov\u00e1ren a pom\u00e1hejte jim p\u0159i v\u00fdrob\u011b pozemn\u00edch sil ur\u010den\u00fdch k ochran\u011b va\u0161eho mobiln\u00edho d\u011blost\u0159electva T3. Nechte nep\u0159\u00e1telsk\u00e9 s\u00edly na v\u00e1s za\u00fato\u010dit a p\u0159ed \u00fatokem promarn\u011bte jejich mobiln\u00ed jednotky. Pl\u00ed\u017ete se sv\u00fdmi silami pod\u00e9l v\u00fdchodn\u00edho okraje mapy, za \u00fakryt hor, aby mohli zni\u010dit gener\u00e1tory energie a odhodit jejich \u0161t\u00edty. Nezapome\u0148te se pohybovat rychlost\u00ed t\u011b\u017ek\u00e9ho d\u011blost\u0159electva s formacemi nebo kliknut\u00edm Ctrl-Alt.<\/p>\n\n\n\n<h3 class=\"wp-block-heading\">2. &amp; 3. ZNI\u010cTE 3 OMNI-SENZORY A ZNI\u010cTE Z\u00c1KLADN\u00cd LETU UEF<\/h3>\n\n\n\n<p><em>Mapa se roz\u0161i\u0159uje na z\u00e1pad<br><\/em>Zni\u010dte prvn\u00ed p\u0159\u00edsp\u011bvek Omni pomoc\u00ed stejn\u00e9 z\u00e1ludn\u00e9 metody d\u011blost\u0159electva, pot\u00e9 nechte sv\u00e9 d\u011blost\u0159electvo pomalu ovl\u00e1dat v\u00edce \u00fazem\u00ed. Jakmile z\u00edsk\u00e1te kontrolu, roz\u0161i\u0159te trasy leteck\u00fdch hl\u00eddek tak, aby pokryly va\u0161e bezpe\u010dn\u00e9 oblasti, aby se nep\u0159\u00e1telsk\u00e9 hl\u00eddky nepropa\u0161ovaly. Pomoc\u00ed n\u00e1mo\u0159n\u00edch jednotek vyt\u00e1hn\u011bte z\u00e1padn\u00ed pob\u0159e\u017e\u00ed a zni\u010dte n\u00e1mo\u0159n\u00ed z\u00e1kladnu. Va\u0161e k\u0159i\u017en\u00edky a torp\u00e9doborce v\u00e1m tak\u00e9 mohou pomoci sejmout obranu na pl\u00e1\u017ei. Nejprve zni\u010den\u00edm n\u00e1mo\u0159n\u00ed z\u00e1kladny je mnohem jednodu\u0161\u0161\u00ed c\u00edlit na Omni senzor na z\u00e1padn\u00ed ho\u0159e. Jak va\u0161e d\u011blost\u0159eleck\u00e9 a podp\u016frn\u00e9 jednotky um\u00edraj\u00ed, nahra\u010fte je vzduchem, kter\u00fd vrhne v\u00edce jednotek dovnit\u0159. N\u00e1mo\u0159n\u00ed z\u00e1kladna je na ji\u017en\u00edm konci \u0159eky. P\u0159epn\u011bte p\u0159ep\u00edna\u010d zem\u011b \/ vzduch na sv\u00fdch k\u0159i\u017en\u00edc\u00edch na \u201ep\u0159ist\u00e1n\u00ed\u201c a pohybujte se sv\u00fdmi n\u00e1mo\u0159n\u00edmi silami (ale ne vzdu\u0161n\u00fdmi silami, proto\u017ee protiletadlov\u00fd syst\u00e9m je cel\u00fd st\u00edn\u011bn), zat\u00edmco va\u0161e d\u011blost\u0159electvo rozb\u00edj\u00ed \u0161t\u00edty. Nejprve zam\u011b\u0159te in\u017een\u00fdry, proto\u017ee se pokus\u00ed opravit obranu. Alternativn\u011b m\u016f\u017eete vyslat Engine Engine na z\u00e1kladnu a d\u011blost\u0159electvo T2 nebo Tactical Missile Launcher to snadno zni\u010d\u00ed a bude br\u00e1n\u011bno va\u0161imi pozemn\u00edmi jednotkami. Z\u00e1kladna jihoz\u00e1padn\u00edho Omni senzoru je v dosahu v\u0161ech va\u0161ich jednotek, tak\u017ee nechte v\u0161echny sv\u00e9 s\u00edly bu\u0161it. Z\u00e1padn\u00ed Omni Sensor je na vrcholu hory, tak\u017ee je dob\u0159e br\u00e1n\u011bn. Ni\u010ditel\u00e9 jsou pomal\u00ed, ale jsou to va\u0161e nejlep\u0161\u00ed s\u00e1zky; odho\u010fte za sebou d\u011blost\u0159eleckou \u010detu a ochra\u0148te je sv\u00fdm letadlem.<\/p>\n\n\n\n<h3 class=\"wp-block-heading\">4. DOSAHUJTE HEX5 S V\u00c1\u0160M VELITELEM<\/h3>\n\n\n\n<p>Transportujte sv\u00e9 ACU do c\u00edlov\u00e9 oblasti a udr\u017eujte sv\u00e9 bojovn\u00edky zp\u011bt na sv\u00e9 hlavn\u00ed z\u00e1kladn\u011b, proto\u017ee nebe bude po tomto c\u00edli velmi nep\u0159\u00e1telsk\u00e9. Jakmile to dokon\u010d\u00edte, rychle transportujte svoji ACU zp\u011bt ke \u0161t\u00edt\u016fm v hlavn\u00ed z\u00e1kladn\u011b.<\/p>\n\n\n\n<h3 class=\"wp-block-heading\">5. DEFEAT UEF GUNSHIP ASSAULT<\/h3>\n\n\n\n<p>To nen\u00ed probl\u00e9m, pokud jste m\u011bli dostatek protivzdu\u0161n\u00e9 obrany z ran\u00fdch c\u00edl\u016f a dostatek bojovn\u00edk\u016f, abyste odrazili bojov\u00e9 lod\u011b.<\/p>\n\n\n\n<h3 class=\"wp-block-heading\">6. INFIKUJTE FUNKCI STAGINGU VZDUCHU VE VZDUCHU<\/h3>\n\n\n\n<p><em>Mapa se roz\u0161i\u0159uje na jih<br><\/em>Tato z\u00e1kladna je dob\u0159e br\u00e1n\u011bna, tak\u017ee budete muset pou\u017e\u00edt sv\u016fj d\u011blost\u0159eleck\u00fd odd\u00edl. Pokuste se vy\u010distit jednotky z jedn\u00e9 strany z\u00e1kladny, p\u0159i\u010dem\u017e je p\u0159i sebevra\u017eedn\u00e9m \u00fatoku vysu\u0148te na druhou stranu a pot\u00e9 p\u0159esu\u0148te in\u017een\u00fdry otvorem, abyste zajali jedno ze za\u0159\u00edzen\u00ed. Nemus\u00edte nejprve vymazat celou z\u00e1kladnu.<\/p>\n\n\n\n<h3 class=\"wp-block-heading\">7. DEFEAT UEF COMMANDER<\/h3>\n\n\n\n<p>P\u0159esu\u0148te v\u0161echny sv\u00e9 s\u00edly do jihoz\u00e1padn\u00edho rohu - n\u00e1mo\u0159n\u00ed jednotky k \u0159ece na v\u00fdchod od z\u00e1kladny, p\u0159i\u010dem\u017e vzdu\u0161n\u00e9 jednotky budou pokr\u00fdvat mo\u0159e, ale nebudou bloudit p\u0159\u00edli\u0161 daleko do protiletadlov\u00e9ho pokryt\u00ed z\u00e1kladny. Jakmile zabijete vn\u011bj\u0161\u00ed prstenec v\u011b\u017e\u00ed, zam\u011b\u0159te se na \u0161t\u00edty a p\u0159esu\u0148te sv\u00e9 torp\u00e9doborce nahoru na b\u0159eh, abyste z \u00fakrytu vyl\u00e1kali ACU. Pokud ustoup\u00ed p\u0159ed smrt\u00ed, vra\u0165te se ke ost\u0159elov\u00e1n\u00ed z\u00e1kladny, dokud mu nezbude kam ut\u00e9ct. Jakmile m\u00e1te jasn\u00fd v\u00fdst\u0159el, po\u0161lete sv\u00e9 vzdu\u0161n\u00e9 s\u00edly a torp\u00e9doborce, abyste pr\u00e1ci dokon\u010dili.<\/p>\n\n\n\n<h3 class=\"wp-block-heading\">Mission 5 - Operation Unlock - Video Guide<\/h3>\n\n\n\n<figure class=\"wp-block-embed-youtube wp-block-embed is-type-video is-provider-youtube wp-embed-aspect-16-9 wp-has-aspect-ratio\"><div class=\"wp-block-embed__wrapper\">\n<div class=\"ast-oembed-container\" style=\"height: 100%;\"><iframe title=\"Operation Unlock - M5 Cybran Campaign Hard - Supreme Commander\" width=\"500\" height=\"281\" src=\"https:\/\/www.youtube.com\/embed\/WcXek0vEAW0?feature=oembed\" frameborder=\"0\" allow=\"accelerometer; autoplay; clipboard-write; encrypted-media; gyroscope; picture-in-picture; web-share\" referrerpolicy=\"strict-origin-when-cross-origin\" allowfullscreen><\/iframe><\/div>\n<\/div><\/figure>","protected":false},"excerpt":{"rendered":"<p>1. DESTROY 6 UEF POWER GENERATORS To the south there is a large UEF base; build a wall between the two of you once you&#8217;ve taken control of 10 or 11 mass deposits. Don&#8217;t provoke the UEF until you&#8217;re ready to fight, and don&#8217;t build a Naval Factory until your land forces are secure and [&hellip;]<\/p>","protected":false},"author":1,"featured_media":0,"parent":122,"menu_order":2,"comment_status":"open","ping_status":"closed","template":"","meta":{"_uag_custom_page_level_css":"","site-sidebar-layout":"default","site-content-layout":"default","ast-site-content-layout":"","site-content-style":"default","site-sidebar-style":"default","ast-global-header-display":"","ast-banner-title-visibility":"","ast-main-header-display":"","ast-hfb-above-header-display":"","ast-hfb-below-header-display":"","ast-hfb-mobile-header-display":"","site-post-title":"","ast-breadcrumbs-content":"","ast-featured-img":"","footer-sml-layout":"","theme-transparent-header-meta":"default","adv-header-id-meta":"","stick-header-meta":"","header-above-stick-meta":"","header-main-stick-meta":"","header-below-stick-meta":"","astra-migrate-meta-layouts":"default","ast-page-background-enabled":"default","ast-page-background-meta":{"desktop":{"background-color":"","background-image":"","background-repeat":"repeat","background-position":"center center","background-size":"auto","background-attachment":"scroll","background-type":"","background-media":"","overlay-type":"","overlay-color":"","overlay-gradient":""},"tablet":{"background-color":"","background-image":"","background-repeat":"repeat","background-position":"center center","background-size":"auto","background-attachment":"scroll","background-type":"","background-media":"","overlay-type":"","overlay-color":"","overlay-gradient":""},"mobile":{"background-color":"","background-image":"","background-repeat":"repeat","background-position":"center center","background-size":"auto","background-attachment":"scroll","background-type":"","background-media":"","overlay-type":"","overlay-color":"","overlay-gradient":""}},"ast-content-background-meta":{"desktop":{"background-color":"var(--ast-global-color-5)","background-image":"","background-repeat":"repeat","background-position":"center center","background-size":"auto","background-attachment":"scroll","background-type":"","background-media":"","overlay-type":"","overlay-color":"","overlay-gradient":""},"tablet":{"background-color":"var(--ast-global-color-5)","background-image":"","background-repeat":"repeat","background-position":"center center","background-size":"auto","background-attachment":"scroll","background-type":"","background-media":"","overlay-type":"","overlay-color":"","overlay-gradient":""},"mobile":{"background-color":"var(--ast-global-color-5)","background-image":"","background-repeat":"repeat","background-position":"center center","background-size":"auto","background-attachment":"scroll","background-type":"","background-media":"","overlay-type":"","overlay-color":"","overlay-gradient":""}},"footnotes":""},"uagb_featured_image_src":{"full":false,"thumbnail":false,"medium":false,"medium_large":false,"large":false,"1536x1536":false,"2048x2048":false,"trp-custom-language-flag":false},"uagb_author_info":{"display_name":"SOE","author_link":"https:\/\/supcom.standardof.net\/cs\/author\/k-tastic\/"},"uagb_comment_info":0,"uagb_excerpt":"1. DESTROY 6 UEF POWER GENERATORS To the south there is a large UEF base; build a wall between the two of you once you&#8217;ve taken control of 10 or 11 mass deposits. Don&#8217;t provoke the UEF until you&#8217;re ready to fight, and don&#8217;t build a Naval Factory until your land forces are secure and&hellip;","_links":{"self":[{"href":"https:\/\/supcom.standardof.net\/cs\/wp-json\/wp\/v2\/pages\/212"}],"collection":[{"href":"https:\/\/supcom.standardof.net\/cs\/wp-json\/wp\/v2\/pages"}],"about":[{"href":"https:\/\/supcom.standardof.net\/cs\/wp-json\/wp\/v2\/types\/page"}],"author":[{"embeddable":true,"href":"https:\/\/supcom.standardof.net\/cs\/wp-json\/wp\/v2\/users\/1"}],"replies":[{"embeddable":true,"href":"https:\/\/supcom.standardof.net\/cs\/wp-json\/wp\/v2\/comments?post=212"}],"version-history":[{"count":0,"href":"https:\/\/supcom.standardof.net\/cs\/wp-json\/wp\/v2\/pages\/212\/revisions"}],"up":[{"embeddable":true,"href":"https:\/\/supcom.standardof.net\/cs\/wp-json\/wp\/v2\/pages\/122"}],"wp:attachment":[{"href":"https:\/\/supcom.standardof.net\/cs\/wp-json\/wp\/v2\/media?parent=212"}],"curies":[{"name":"wp","href":"https:\/\/api.w.org\/{rel}","templated":true}]}}