{"id":215,"date":"2020-10-31T15:11:47","date_gmt":"2020-10-31T19:11:47","guid":{"rendered":"https:\/\/supcom.standardof.net\/?page_id=215"},"modified":"2020-10-31T15:11:48","modified_gmt":"2020-10-31T19:11:48","slug":"cybran-operation-freedom","status":"publish","type":"page","link":"https:\/\/supcom.standardof.net\/cs\/supreme-commander\/navody-na-kampan\/svoboda-kybernetickeho-provozu\/","title":{"rendered":"Cybran Mission 6 - Operation Freedom"},"content":{"rendered":"<h3 class=\"wp-block-heading\">0. STAVTE SI SV\u016eJ Z\u00c1KLAD<\/h3>\n\n\n\n<p>Va\u0161\u00edm \u00fakolem nen\u00ed ztr\u00e1cet \u010das obvykl\u00fdmi technologiemi zde, ale m\u00edt dostatek ekonomiky na produkci spousty experiment\u00e1ln\u00edch jednotek, a\u017e po Scathis, abyste mohli bezpe\u010dn\u011b za\u00fato\u010dit zpoza obrany va\u0161\u00ed z\u00e1kladny. M\u00e1te 12 minut na vybudov\u00e1n\u00ed sv\u00e9 z\u00e1kladny p\u0159ed p\u0159\u00edjezdem cara, tak\u017ee pracujte rychle. Postavte sm\u00ed\u0161en\u00e9 pozemn\u00ed s\u00edly (obl\u00e9hac\u00ed roboty T3, d\u011blost\u0159electvo, protiletadlov\u00e9 T2 a n\u011bkter\u00e9 mobiln\u00ed gener\u00e1tory \u0161t\u00edt\u016f T2) a po\u0161lete je na jih jako kryt\u00ed zdi obrany, kterou stav\u00edte. Postavte ve sv\u00fdch leteck\u00fdch tov\u00e1rn\u00e1ch spoustu st\u00edha\u010dek a bombard\u00e9r\u016f T1 a T3, abyste se p\u0159ipravili na invazi cara. Budete pot\u0159ebovat velkou sm\u00ed\u0161enou n\u00e1mo\u0159n\u00ed flotilu (krom\u011b dopravc\u016f, proto\u017ee ji\u017e m\u00e1te Air Staging Facilities) a spoustu in\u017een\u00fdr\u016f T3, abyste mohli financovat sv\u016fj v\u00e1le\u010dn\u00fd stroj, zejm\u00e9na proto, \u017ee budete cht\u00edt vylep\u0161it \u0161t\u00edty na svou ji\u017en\u00ed linii a nasadit T3 t\u011b\u017ek\u00e9 d\u011blost\u0159eleck\u00e9 instalace k zastaven\u00ed experiment\u016f, kter\u00e9 k v\u00e1m budou m\u00ed\u0159it na sever. Budete tak\u00e9 cht\u00edt protivzdu\u0161nou obranu T3 pod\u00e9l z\u00e1padn\u00edho pob\u0159e\u017e\u00ed a v\u00edce odpalova\u010d\u016f torp\u00e9da T2 ve vn\u011bj\u0161\u00edm prstenci nad t\u011bmi, kter\u00e9 ji\u017e m\u00e1te, a pozd\u011bji budete pot\u0159ebovat obranu bod\u016f T2 na obou stran\u00e1ch va\u0161\u00ed z\u00e1kladny, abyste pomohli odrazit \u00fatoky. Kl\u00ed\u010dem k zastaven\u00ed nep\u0159\u00e1telsk\u00fdch experiment\u016f ze zem\u011b je va\u0161e t\u011b\u017ek\u00e9 d\u011blost\u0159electvo a kl\u00ed\u010dem k zabit\u00ed nep\u0159\u00e1telsk\u00fdch experiment\u016f z mo\u0159e je v\u00e1\u0161 experiment\u00e1ln\u00ed bojov\u00fd vrtuln\u00edk Soul Ripper. Toto je v\u00e1\u0161 nejv\u011bt\u0161\u00ed stavebn\u00ed projekt, proto\u017ee budete pot\u0159ebovat, aby sundali cara, ne\u017e vyhlad\u00ed \u0159\u00eddic\u00ed st\u0159edisko Black Sun. Mezit\u00edm va\u0161e ACU a Jericho mohou pom\u00e1hat obrann\u00e9 zdi - budete cht\u00edt n\u011bkolik vrstev fyzick\u00fdch zd\u00ed, kter\u00e9 zabr\u00e1n\u00ed pozemn\u00edm jednotk\u00e1m, aby se k v\u00e1m dostaly, ne\u017e jejich experimenty rozdrt\u00ed zdi, stejn\u011b jako obvykl\u00e9 obrany. Alternativn\u011b si nechte ACU v\u00e9st poplatek za budov\u00e1n\u00ed Soul Ripper. Je t\u011b\u017ek\u00e9 postavit d\u011blost\u0159electvo T3 a Soul Ripper sou\u010dasn\u011b, tak\u017ee si vyberte jednoho: jakmile m\u00e1te jedin\u00e9 d\u011blost\u0159electvo, m\u016f\u017eete v\u0161echny sv\u00e9 in\u017een\u00fdry nasadit do vzduchu T3 a experimentovat.<\/p>\n\n\n\n<h3 class=\"wp-block-heading\">1. Zni\u010dte CZAR<\/h3>\n\n\n\n<p>Nechte v\u0161echny sv\u00e9 vzdu\u0161n\u00e9 jednotky - Soul Rippers, st\u00edha\u010de vzdu\u0161n\u00e9 p\u0159evahy, dokonce i va\u0161e bojov\u00e9 lod\u011b - pomoci sundat carova \u017eivoty p\u0159ed dosa\u017een\u00edm z\u00e1kladny UEF. UEF v\u00e1m trochu pom\u016f\u017ee, ale nemohou to ud\u011blat sami a pot\u0159ebujete, aby zem\u0159el, ne\u017e se dostane do \u0159\u00edd\u00edc\u00edho centra (ji\u017en\u011b od va\u0161\u00ed z\u00e1kladny). Pot\u00e9, co jste postavili n\u011bkolik Rozpra\u0161ova\u010d\u016f du\u0161\u00ed, za\u0159a\u010fte do fronty n\u011bkolik Monkeylord\u016f a pot\u00e9 nav\u017edy pokra\u010dujte v budov\u00e1n\u00ed experiment\u016f. M\u00edsto d\u011blost\u0159electva T3 a Monkeylord\u016f m\u016f\u017eete pou\u017e\u00edt Scathise, kter\u00fd v\u00e1m vy\u0159ad\u00ed cel\u00fd ostrov, na kter\u00e9m se nach\u00e1z\u00edte, pokud jej vlo\u017e\u00edte do sv\u00e9 obrann\u00e9 linie. V\u00fdhodou d\u011blost\u0159electva je schopnost zas\u00e1hnout i z\u00e1kladnu Aeon.<\/p>\n\n\n\n<h3 class=\"wp-block-heading\">2. VYBUDUJTE KVANTOVOU BR\u00c1NU<\/h3>\n\n\n\n<p>P\u0159esu\u0148te sv\u00e9 Rozparova\u010de du\u0161\u00ed zp\u011bt na svou z\u00e1kladnu, toulejte se na z\u00e1pad a zahl\u00e9dn\u011bte Kolosa, kter\u00fd k v\u00e1m m\u00ed\u0159\u00ed na v\u00fdchod. UEF na v\u00e1s tak\u00e9 za\u00fato\u010d\u00ed a pokud to budete pot\u0159ebovat, pom\u016f\u017ee v\u00e1m zab\u00edt Colossuse. Na Kolos by se m\u011bla zam\u011b\u0159it va\u0161e pozornost s bojov\u00fdmi lod\u011bmi, Soul Rippery a bombard\u00e9ry T3, stejn\u011b jako s celou va\u0161\u00ed n\u00e1mo\u0159n\u00ed flotilou (proto\u017ee v ponorn\u00e9m stavu nem\u016f\u017ee pou\u017e\u00edvat sv\u00e9 gravita\u010dn\u00ed zbran\u011b). Pokud dos\u00e1hne va\u0161\u00ed z\u00e1kladny, z\u00e1padn\u00ed obrana by ji m\u011bla zab\u00edt, ne\u017e zp\u016fsob\u00ed p\u0159\u00edli\u0161 velk\u00e9 \u0161kody. S\u00edly UEF mohou po\u010dkat, a\u017e budou zni\u010deny; va\u0161e zdi by je m\u011bly dr\u017eet dostate\u010dn\u011b dlouho, aby se va\u0161e obrana a pozemn\u00ed jednotky postavily na obranu. Postavte zde Kvantovou br\u00e1nu a vkro\u010dte do n\u00ed s va\u0161\u00ed ACU, kter\u00e1 by se v tomto okam\u017eiku m\u011bla bezpe\u010dn\u011b skr\u00fdvat za \u0161t\u00edty. Nyn\u00ed, kdy\u017e v\u00e1m dojde m\u00edsto pro elektr\u00e1rny T3 a farmy v\u00fdrobc\u016f, m\u016f\u017eete nyn\u00ed za\u010d\u00edt s hromadnou v\u00fdrobou SCU s upgradem kolekce zdroj\u016f. To by v\u0161ak nem\u011bl b\u00fdt probl\u00e9m; m\u00edsto toho sta\u010d\u00ed na\u010derpat pravideln\u00e9 SCU, kter\u00e9 v\u00e1m pomohou s va\u0161imi stavebn\u00edmi projekty, a p\u0159idat si do sv\u00e9 pozemn\u00ed fronty in\u017een\u00fdra, kter\u00fd v\u00e1m pom\u016f\u017ee budovat obranu st\u00e1le v\u00edce na jih. UEF za\u00fato\u010d\u00ed pomoc\u00ed mobiln\u00edho t\u011b\u017ek\u00e9ho d\u011blost\u0159electva, kter\u00e9 dok\u00e1\u017ee zni\u010dit va\u0161i obranu; za t\u00edmto \u00fa\u010delem nasu\u0148te Soul Rippera, abyste hl\u00eddkovali ji\u017en\u011b od zd\u00ed, abyste je zahl\u00e9dli, zat\u00edmco se o n\u011b postar\u00e1 va\u0161e vlastn\u00ed d\u011blost\u0159electvo. Nenechte UEF stav\u011bt vlastn\u00ed obrann\u00e9 body!<\/p>\n\n\n\n<h3 class=\"wp-block-heading\">3. CENTRUM ZACHYT\u00c1V\u00c1N\u00cd \u010cERN\u00c9HO SLUNE\u010cN\u00cdHO CENTRA<\/h3>\n\n\n\n<p><em>Mapa se roz\u0161i\u0159uje na jih a v\u00fdchod<br><\/em>To nen\u00ed \u010dasovan\u00fd c\u00edl. Pot\u00e9, co odraz\u00edte invazi UEF a Aeon, v\u011bnujte n\u011bjak\u00fd \u010das obnov\u011b sv\u00fdch sil a pot\u00e9 p\u0159esu\u0148te sv\u00e9 zb\u00fdvaj\u00edc\u00ed experiment\u00e1ln\u00ed jednotky do \u0159\u00eddic\u00edho centra. Va\u0161e d\u011blost\u0159electvo u\u017e m\u011blo v\u011bt\u0161inu t\u00e9to z\u00e1kladny odebrat; UEF to m\u016f\u017ee st\u00e1le br\u00e1nit Fatboyem, proto jste si p\u0159ivedli spiderboty. Projd\u011bte nebo p\u0159epravte sv\u00e9 ACU na Black Sun a ujist\u011bte se, \u017ee jsou jeho \u0161t\u00edty vylep\u0161eny a \u017ee mu velitel\u00e9 podpory pom\u00e1haj\u00ed v p\u0159\u00edpad\u011b nebezpe\u010d\u00ed. Jakmile se va\u0161e ACU p\u0159ibl\u00ed\u017e\u00ed k \u0159\u00eddic\u00edmu centru, objev\u00ed se vedle n\u00ed z jihu pozemn\u00ed s\u00edla T3; va\u0161e experimenty by m\u011bly b\u00fdt schopny je zadr\u017eet, ale pokud ne, p\u0159ipravte se p\u0159edem s gener\u00e1tory \u0161t\u00edtu a obranami vytvo\u0159en\u00fdmi p\u0159ed p\u0159\u00edjezdem va\u0161\u00ed ACU. Pokud nehrajete na obt\u00ed\u017enost Hard, m\u016f\u017eete nechat jak\u00e9hokoli star\u00e9ho in\u017een\u00fdra zajmout samotn\u00e9 Control Center a Black Sun. To d\u011bl\u00e1 v\u011bci mnohem jednodu\u0161\u0161\u00ed, proto\u017ee m\u016f\u017eete poslat n\u011bkolik technik\u016f pod kryt\u00ed sv\u00fdch sil, ani\u017e byste se museli ob\u00e1vat, \u017ee budou vymaz\u00e1ni proti\u00fatokem UEF.<\/p>\n\n\n\n<h3 class=\"wp-block-heading\">4. Zachy\u0165te \u010dern\u00e9 slunce<\/h3>\n\n\n\n<p><em>Mapa se roz\u0161i\u0159uje na jih<br><\/em>Rychlost je zde kl\u00ed\u010dov\u00e1; zamete se sv\u00fdmi experimenty a posu\u0148te sv\u00e9 Scathis dop\u0159edu za nimi. Scathis by m\u011bl zni\u010dit vysoce prioritn\u00ed c\u00edle, jako jsou dva strategick\u00e9 raketomety (jeden ve st\u0159edu z\u00e1kladny, jeden na z\u00e1pad). Na\u0161t\u011bst\u00ed jejich prvn\u00ed v\u00fdst\u0159el je na ostrov\u011b Aeon; ujist\u011bte se, \u017ee jste je zni\u010dili, ne\u017e budou moci st\u0159\u00edlet #2 na va\u0161i ACU. Pokud jste nestav\u011bli Scathise, nechte sv\u00e9 d\u011blost\u0159electvo T3 zac\u00edlit na v\u00fdchodn\u00ed odpalova\u010d jadern\u00fdch zbran\u00ed a nechte sv\u00e9 Soul Rippery vy\u0159adit z\u00e1padn\u00ed (je bl\u00edzko Black Sun). Pot\u00e9, co odpalovac\u00ed za\u0159\u00edzen\u00ed zem\u0159e, p\u0159esu\u0148te sv\u00e9 experimenty a zabijte velitele UEF. Jej\u00ed exploze za v\u00e1s ud\u011bl\u00e1 v\u011bt\u0161inu pr\u00e1ce a je t\u011b\u017ek\u00e9 ji p\u0159e\u017e\u00edt \u00fatok Soul Ripper, pokud va\u0161i Monkeylordov\u00e9 spr\u00e1vn\u011b zam\u011bstn\u00e1vaj\u00ed nep\u0159\u00e1telsk\u00e9 jednotky. Po zni\u010den\u00ed z\u00e1kladny nechte sv\u00e9 in\u017een\u00fdry zajmout Black Sun.<\/p>\n\n\n\n<h3 class=\"wp-block-heading\">5. PO\u017d\u00c1RN\u011a \u010cERN\u00c9 SLNKO<\/h3>\n\n\n\n<p>Vyberte Black Sun (ano, je to jednotka) a stiskn\u011bte tla\u010d\u00edtko Fire. Popis \u201eUkon\u010dete nekone\u010dnou v\u00e1lku\u201c \u0159\u00edk\u00e1 v\u0161echno. U\u017eijte si sv\u00e9 v\u00edt\u011bzstv\u00ed!<\/p>\n\n\n\n<h3 class=\"has-text-align-center wp-block-heading\">Mission 6 - Operation Freedom - Video Guide<\/h3>\n\n\n\n<figure class=\"wp-block-embed-youtube wp-block-embed is-type-video is-provider-youtube wp-embed-aspect-4-3 wp-has-aspect-ratio\"><div class=\"wp-block-embed__wrapper\">\n<div class=\"ast-oembed-container\" style=\"height: 100%;\"><iframe title=\"Operation Freedom - M6 Cybran Campaign Hard - Supreme Commander\" width=\"500\" height=\"375\" src=\"https:\/\/www.youtube.com\/embed\/WS4ZPEFTRWc?feature=oembed\" frameborder=\"0\" allow=\"accelerometer; autoplay; clipboard-write; encrypted-media; gyroscope; picture-in-picture; web-share\" referrerpolicy=\"strict-origin-when-cross-origin\" allowfullscreen><\/iframe><\/div>\n<\/div><\/figure>","protected":false},"excerpt":{"rendered":"<p>0. BUILD YOUR BASE Your mission is not to waste time with the usual teching up here, but to have enough economy to produce lots of experimental units, all the way up to a Scathis to attack safely from behind your base defenses. You have 12 minutes to build up your base before the Czar [&hellip;]<\/p>","protected":false},"author":1,"featured_media":0,"parent":122,"menu_order":2,"comment_status":"open","ping_status":"closed","template":"","meta":{"_uag_custom_page_level_css":"","site-sidebar-layout":"default","site-content-layout":"default","ast-site-content-layout":"","site-content-style":"default","site-sidebar-style":"default","ast-global-header-display":"","ast-banner-title-visibility":"","ast-main-header-display":"","ast-hfb-above-header-display":"","ast-hfb-below-header-display":"","ast-hfb-mobile-header-display":"","site-post-title":"","ast-breadcrumbs-content":"","ast-featured-img":"","footer-sml-layout":"","theme-transparent-header-meta":"default","adv-header-id-meta":"","stick-header-meta":"","header-above-stick-meta":"","header-main-stick-meta":"","header-below-stick-meta":"","astra-migrate-meta-layouts":"default","ast-page-background-enabled":"default","ast-page-background-meta":{"desktop":{"background-color":"","background-image":"","background-repeat":"repeat","background-position":"center center","background-size":"auto","background-attachment":"scroll","background-type":"","background-media":"","overlay-type":"","overlay-color":"","overlay-gradient":""},"tablet":{"background-color":"","background-image":"","background-repeat":"repeat","background-position":"center center","background-size":"auto","background-attachment":"scroll","background-type":"","background-media":"","overlay-type":"","overlay-color":"","overlay-gradient":""},"mobile":{"background-color":"","background-image":"","background-repeat":"repeat","background-position":"center center","background-size":"auto","background-attachment":"scroll","background-type":"","background-media":"","overlay-type":"","overlay-color":"","overlay-gradient":""}},"ast-content-background-meta":{"desktop":{"background-color":"var(--ast-global-color-5)","background-image":"","background-repeat":"repeat","background-position":"center center","background-size":"auto","background-attachment":"scroll","background-type":"","background-media":"","overlay-type":"","overlay-color":"","overlay-gradient":""},"tablet":{"background-color":"var(--ast-global-color-5)","background-image":"","background-repeat":"repeat","background-position":"center center","background-size":"auto","background-attachment":"scroll","background-type":"","background-media":"","overlay-type":"","overlay-color":"","overlay-gradient":""},"mobile":{"background-color":"var(--ast-global-color-5)","background-image":"","background-repeat":"repeat","background-position":"center center","background-size":"auto","background-attachment":"scroll","background-type":"","background-media":"","overlay-type":"","overlay-color":"","overlay-gradient":""}},"footnotes":""},"uagb_featured_image_src":{"full":false,"thumbnail":false,"medium":false,"medium_large":false,"large":false,"1536x1536":false,"2048x2048":false,"trp-custom-language-flag":false},"uagb_author_info":{"display_name":"SOE","author_link":"https:\/\/supcom.standardof.net\/cs\/author\/k-tastic\/"},"uagb_comment_info":0,"uagb_excerpt":"0. BUILD YOUR BASE Your mission is not to waste time with the usual teching up here, but to have enough economy to produce lots of experimental units, all the way up to a Scathis to attack safely from behind your base defenses. You have 12 minutes to build up your base before the Czar&hellip;","_links":{"self":[{"href":"https:\/\/supcom.standardof.net\/cs\/wp-json\/wp\/v2\/pages\/215"}],"collection":[{"href":"https:\/\/supcom.standardof.net\/cs\/wp-json\/wp\/v2\/pages"}],"about":[{"href":"https:\/\/supcom.standardof.net\/cs\/wp-json\/wp\/v2\/types\/page"}],"author":[{"embeddable":true,"href":"https:\/\/supcom.standardof.net\/cs\/wp-json\/wp\/v2\/users\/1"}],"replies":[{"embeddable":true,"href":"https:\/\/supcom.standardof.net\/cs\/wp-json\/wp\/v2\/comments?post=215"}],"version-history":[{"count":0,"href":"https:\/\/supcom.standardof.net\/cs\/wp-json\/wp\/v2\/pages\/215\/revisions"}],"up":[{"embeddable":true,"href":"https:\/\/supcom.standardof.net\/cs\/wp-json\/wp\/v2\/pages\/122"}],"wp:attachment":[{"href":"https:\/\/supcom.standardof.net\/cs\/wp-json\/wp\/v2\/media?parent=215"}],"curies":[{"name":"wp","href":"https:\/\/api.w.org\/{rel}","templated":true}]}}