{"id":218,"date":"2020-10-31T15:15:10","date_gmt":"2020-10-31T19:15:10","guid":{"rendered":"https:\/\/supcom.standardof.net\/?page_id=218"},"modified":"2020-10-31T15:15:10","modified_gmt":"2020-10-31T19:15:10","slug":"aeon-operation-joust","status":"publish","type":"page","link":"https:\/\/supcom.standardof.net\/cs\/supreme-commander\/navody-na-kampan\/aeon-operation-joust\/","title":{"rendered":"Aeon Mission 1 - Operation Joust"},"content":{"rendered":"<h3 class=\"wp-block-heading\">1. STAVTE 3 HMOTNOSTN\u00cd ODS\u00c1VA\u010cE<\/h3>\n\n\n\n<p><em>P\u0159idan\u00e1 sch\u00e9mata: T1 Mass Extractor<\/em><br>Chcete-li to prov\u00e9st co nejrychleji, podr\u017ete kl\u00e1vesu Shift a za\u0159ad\u00edte v\u0161echny 3 hromadn\u00e9 extraktory do fronty. Pokud jsou relativn\u011b daleko od sebe, za\u0159a\u010fte do fronty p\u0159\u00edkaz Move mezi ka\u017ed\u00fdm, aby va\u0161e ACU nemusela chodit tak daleko; pokud mu \u0159eknete, aby stav\u011bl, p\u016fjde t\u011bsn\u011b vedle Mass Extractor, ne\u017e ho postav\u00ed.<\/p>\n\n\n\n<h3 class=\"wp-block-heading\">2. STAVTE 3 V\u00ddKONOV\u00c9 GENER\u00c1TORY<\/h3>\n\n\n\n<p><em>P\u0159idan\u00e1 sch\u00e9mata: Gener\u00e1tor energie T1<\/em><br>Ned\u011blejte si starosti s t\u00edm, kam um\u00edstit gener\u00e1tory energie, pokud nejsou vedle masov\u00fdch extraktor\u016f - nebudete chv\u00edli stav\u011bt tov\u00e1rny na vzduch nebo zemi.<\/p>\n\n\n\n<h3 class=\"wp-block-heading\">3. VYBUDUJTE NAVAL FACTORY<\/h3>\n\n\n\n<p><em>P\u0159idan\u00e1 sch\u00e9mata: Naval Factory<\/em><br>Postavte tov\u00e1rnu nedaleko sv\u00e9ho ostrova. Za\u0159a\u010fte do fronty zb\u00fdvaj\u00edc\u00ed masov\u00e9 extraktory s va\u0161\u00ed ACU.<\/p>\n\n\n\n<h3 class=\"wp-block-heading\">4. STAVTE 3 \u00daTO\u010cN\u00c9 LOD\u011a<\/h3>\n\n\n\n<p>Postavte n\u011bkolik in\u017een\u00fdr\u016f a po\u010detnou skupinu Attack Boats (3 rozhodn\u011b na zbytek mise nesta\u010d\u00ed). In\u017een\u00fd\u0159i by m\u011bli postavit dal\u0161\u00ed Naval Factory, pot\u00e9 pokra\u010dovat v budov\u00e1n\u00ed va\u0161\u00ed ekonomiky a pomoci va\u0161im tov\u00e1rn\u00e1m.<\/p>\n\n\n\n<h3 class=\"wp-block-heading\">5. ZNI\u010cTE VZDUCHOV\u00c9 PATROLY 7 UEF<\/h3>\n\n\n\n<p>Um\u00edst\u011bte sv\u00e9 \u00fato\u010dn\u00e9 \u010dluny do skupiny jejich v\u00fdb\u011brem (poklep\u00e1n\u00edm, Ctrl + Z nebo Ctrl + S) a Ctrl + 1 (nebo jin\u00fdm \u010d\u00edslem). V budoucnu bude va\u0161e mo\u0159sk\u00e1 flotila nyn\u00ed dostupn\u00e1 pouh\u00fdm stisknut\u00edm 1. Um\u00edst\u011bte je na hl\u00eddku kolem zbytku viditeln\u00e9 oblasti mapy. M\u011bli by narazit na letadla UEF a zab\u00edt je bez va\u0161eho dohledu.<\/p>\n\n\n\n<h3 class=\"wp-block-heading\">6. VYTVO\u0158TE 3 SUBMARINY \u00daTOKU<\/h3>\n\n\n\n<p><em>P\u0159idan\u00e1 sch\u00e9mata: Attack Submarine<\/em><br>Postavte n\u011bkolik z nich. Jsou dra\u017e\u0161\u00ed ne\u017e va\u0161e \u00fato\u010dn\u00e9 lod\u011b, ale jsou tou nejlep\u0161\u00ed jednotkou, kterou m\u00e1te k v\u00edt\u011bzstv\u00ed na n\u00e1mo\u0159n\u00edch bitv\u00e1ch. Pokud se va\u0161e ponorky z n\u011bjak\u00e9ho d\u016fvodu vyno\u0159\u00ed, vyberte je a stiskn\u011bte D, aby se pono\u0159ily zp\u011bt dol\u016f; na rozd\u00edl od ponorek UEF a Cybran nemaj\u00ed ponorky Aeon palubn\u00ed zbran\u011b, tak\u017ee by v\u017edy m\u011bly z\u016fstat pod vodou.<\/p>\n\n\n\n<h3 class=\"wp-block-heading\">7. ZNI\u010cTE 4 BLOK\u00c1TY UEF<\/h3>\n\n\n\n<p><em>P\u0159idan\u00e1 sch\u00e9mata: Torpedo Launcher<\/em><br>Po\u010dkejte, a\u017e budete m\u00edt v\u00edce ne\u017e 3 p\u0159ihl\u00e1\u0161ky, ne\u017e p\u016fjdete po p\u0159edplatn\u00fdch UEF. \u010c\u00edm v\u00edce jich m\u00e1te, t\u00edm m\u00e9n\u011b jich ztrat\u00edte, kdy\u017e je va\u0161e loveck\u00e1 sme\u010dka vyd\u00e1 za nimi. Nechte sv\u00e9 in\u017een\u00fdry postavit n\u011bkolik torp\u00e9dov\u00fdch odpalova\u010d\u016f, kter\u00e9 ochr\u00e1n\u00ed va\u0161e tov\u00e1rny, zat\u00edmco budou va\u0161e jednotky \u00fato\u010dit. Lo\u010f\u00e1m trv\u00e1 mnohem d\u00e9le, ne\u017e se vr\u00e1t\u00ed na obranu va\u0161\u00ed z\u00e1kladny, ne\u017e pozemn\u00ed nebo vzdu\u0161n\u00e9 jednotky, tak\u017ee postavte v\u00edce obrany, ne\u017e kdybyste bojovali na zemi.<\/p>\n\n\n\n<h3 class=\"wp-block-heading\">8. ZNI\u010cTE V\u0160ECHNY 3 GENER\u00c1TORY A TOV\u00c1RNY ENERGIE 3 UEF<\/h3>\n\n\n\n<p><em>Mapa se roz\u0161i\u0159uje na v\u00fdchod<br>P\u0159idan\u00e1 sch\u00e9mata: Frigate, Anti-Air Turret, T1 Point Defense<\/em><br>Vytvo\u0159te velkou sm\u00ed\u0161enou s\u00edlu v\u0161ech sv\u00fdch n\u00e1mo\u0159n\u00edch jednotek a p\u0159idejte je do skupiny pro snadn\u00fd p\u0159\u00edstup. P\u0159esu\u0148te je v\u0161echny na v\u00fdchod, nejprve se zam\u011b\u0159te na ponorky a odpalova\u010de torp\u00e9d, pot\u00e9 se pohybujte po ostrov\u011b, aby va\u0161e fregaty mohly pl\u00fdtvat budovami na samotn\u00e9m ostrov\u011b. Va\u0161e \u00fato\u010dn\u00e9 \u010dluny by m\u011bly d\u011blat kr\u00e1tkou pr\u00e1ci s jak\u00fdmikoli leteck\u00fdmi jednotkami a tak\u00e9 odv\u00e1d\u011bt pozornost nep\u0159\u00e1telsk\u00fdch odpalova\u010d\u016f torp\u00e9d od va\u0161ich drah\u00fdch ponorek. Chra\u0148te svou z\u00e1kladnu pomoc\u00ed protiletadlov\u00fdch v\u011b\u017e\u00ed, nejl\u00e9pe pod\u00e9l pob\u0159e\u017e\u00ed, aby nep\u0159\u00e1telsk\u00e9 lod\u011b musely proj\u00edt va\u0161imi torp\u00e9domety, ne\u017e mohou za\u00fato\u010dit na va\u0161i protivzdu\u0161nou obranu. Jakmile bude z\u00e1kladna zni\u010dena, p\u0159em\u00edst\u011bte ACU a postavte na z\u00e1kladn\u00e1ch novou z\u00e1kladnu. Pokud se c\u00edt\u00edte zvl\u00e1\u0161\u0165 hrdinsky, p\u0159esu\u0148te svou n\u00e1mo\u0159n\u00ed flotilu pry\u010d, ne\u017e zni\u010d\u00edte posledn\u00ed tov\u00e1rnu, a nechte ji m\u00edsto toho zachytit va\u0161\u00ed ACU, co\u017e v\u00e1m umo\u017en\u00ed p\u0159\u00edstup k jednotk\u00e1m UEF.<\/p>\n\n\n\n<h3 class=\"wp-block-heading\">9. ZNI\u010cTE SEVEROZ\u00c1PADN\u00cd VZDUCHOV\u00c1 Z\u00c1KLADNA<\/h3>\n\n\n\n<p><em>Mapa se roz\u0161i\u0159uje na sever<br>P\u0159idan\u00e1 sch\u00e9mata: T1 Air Factory, Air Scout, Interceptor, Attack Bomber<\/em><br>Posledn\u00ed c\u00edle se objevuj\u00ed najednou, ale severoz\u00e1padn\u00ed z\u00e1kladna je mnohem snaz\u0161\u00ed zvl\u00e1dnout jako prvn\u00ed a zm\u00edrn\u00ed \u010d\u00e1st tlaku, kter\u00fd na v\u00e1s vyv\u00edjej\u00ed nep\u0159\u00e1telsk\u00e9 bombard\u00e9ry. Budete prim\u00e1rn\u011b cht\u00edt, aby va\u0161e leteck\u00e9 jednotky (ve spolupr\u00e1ci s va\u0161imi dal\u0161\u00edmi in\u017een\u00fdry) tuto z\u00e1kladnu zni\u010dily, p\u0159i\u010dem\u017e nejprve v\u011bnujte zvl\u00e1\u0161tn\u00ed pozornost protiletadlov\u00fdm a pot\u00e9 ve sv\u00e9m voln\u00e9m \u010dase zni\u010dte odpalova\u010de torp\u00e9d a tov\u00e1rny.<\/p>\n\n\n\n<h3 class=\"wp-block-heading\">10. ZNI\u010cTE V\u00ddCHODN\u00cd N\u00c1MO\u0158N\u00cd Z\u00c1KLAD<\/h3>\n\n\n\n<p>Zat\u00edmco va\u0161e letectvo dob\u00edr\u00e1 severoz\u00e1padn\u00ed z\u00e1kladnu, va\u0161e n\u00e1mo\u0159n\u00ed flotila se m\u016f\u017ee pohybovat a zni\u010dit v\u00fdchodn\u00ed z\u00e1kladnu. Pou\u017eijte stejnou taktiku jako minule, nezapome\u0148te zni\u010dit nejv\u011bt\u0161\u00ed hrozby (ponorky a odpalova\u010de torp\u00e9d) a pot\u00e9 nechte sv\u00e9 fregaty zni\u010dit jej\u00ed pozemn\u00ed jednotky. Kdy\u017e se v\u00e1m vzdu\u0161n\u00e9 jednotky UEF ze severu oplat\u00ed, pravd\u011bpodobn\u011b jste p\u0159i boji ztratili spoustu \u00fato\u010dn\u00fdch \u010dlun\u016f, tak\u017ee nasa\u010fte sv\u00e9 st\u00edha\u010de, abyste ochr\u00e1nili svou flotilu.<\/p>\n\n\n\n<h3 class=\"wp-block-heading\">11. DEFEAT UEF JUNIOR COMMANDER<\/h3>\n\n\n\n<p>Na dal\u0161\u00edm severn\u00edm ostrov\u011b je velitel UEF. Postavte sv\u00e9 s\u00edly z p\u0159edchoz\u00edch bitev, ujist\u011bte se, \u017ee va\u0161e tov\u00e1rny budou pumpovat jednotky, a znovu po\u0161lete sv\u00e9 ACU, aby postavilo Mass Extractors a dal\u0161\u00ed tov\u00e1rnu na ostrov\u011b, kter\u00fd jste pr\u00e1v\u011b dobyli. Dr\u017ete sv\u00e9 vzdu\u0161n\u00e9 jednotky d\u00e1le od t\u00e9to z\u00e1kladny, proto\u017ee jej\u00ed v\u011b\u017ee T2 flak je vyhlad\u00ed; m\u00edsto toho se pou\u017eijte k jejich ochran\u011b, zat\u00edmco va\u0161e fregaty a ponorky se pohybuj\u00ed a \u00fato\u010d\u00ed na z\u00e1kladnu. ACU vyjde hr\u00e1t velmi rychle, proto\u017ee va\u0161e ponorky by m\u011bly d\u011blat kr\u00e1tkou pr\u00e1ci s jakoukoli n\u00e1mo\u0159n\u00ed obranou a pot\u00e9 na n\u011bj za\u00fato\u010dit se v\u0161\u00edm, co m\u00e1te. N\u00e1mo\u0159n\u00ed jednotky maj\u00ed mnohem v\u011bt\u0161\u00ed palebnou s\u00edlu ne\u017e pozemn\u00ed jednotky, tak\u017ee ACU by m\u011bla j\u00edt velmi rychle dol\u016f.<\/p>\n\n\n\n<h3 class=\"wp-block-heading\">12. ZNI\u010cTE PROVENTILN\u00cd PROST\u0158ED\u00cd<\/h3>\n\n\n\n<p>Jedin\u00fdm zb\u00fdvaj\u00edc\u00edm \u00fakolem je vyrobit v\u00edce fregat a nechat je zni\u010dit v\u0161echna protiletadlov\u00e1 stanovi\u0161t\u011b na ostrov\u011b. T\u00edm se uvoln\u00ed cesta pro cara, kter\u00fd se bl\u00ed\u017e\u00ed z jihu, kter\u00e9ho brzy uvid\u00edte v akci.<\/p>\n\n\n\n<h3 class=\"wp-block-heading\">13. PODPORUJTE CZAR<\/h3>\n\n\n\n<p>To je velmi snadn\u00e9: jednodu\u0161e \u0159ekn\u011bte v\u0161em sv\u00fdm jednotk\u00e1m, aby pomohly carovi. Nyn\u00ed byste m\u011bli m\u00edt dostatek sil, abyste se jen posadili a sledovali, jak ni\u010d\u00ed UEF.<\/p>\n\n\n\n<h3 class=\"has-text-align-center wp-block-heading\">Mission 1 - Operation Joust - Video Guide<\/h3>\n\n\n\n<figure class=\"wp-block-embed-youtube wp-block-embed is-type-video is-provider-youtube wp-embed-aspect-4-3 wp-has-aspect-ratio\"><div class=\"wp-block-embed__wrapper\">\n<div class=\"ast-oembed-container\" style=\"height: 100%;\"><iframe title=\"Operation Joust - M1 Aeon Campaign Hard - vrchn\u00ed velitel\" width=\"500\" height=\"375\" src=\"https:\/\/www.youtube.com\/embed\/HR0t2-cO9IE?list=PL065F8D7C29112F51\" frameborder=\"0\" allow=\"accelerometer; autoplay; clipboard-write; encrypted-media; gyroscope; picture-in-picture; web-share\" referrerpolicy=\"strict-origin-when-cross-origin\" allowfullscreen><\/iframe><\/div>\n<\/div><\/figure>","protected":false},"excerpt":{"rendered":"<p>1. BUILD 3 MASS EXTRACTORS Schematics added: T1 Mass ExtractorTo do this as fast as possible, hold Shift to queue up all 3 Mass Extractors. If they are relatively far apart, queue up a Move command between each one so that your ACU won&#8217;t have to walk as far; if you just tell him to [&hellip;]<\/p>","protected":false},"author":1,"featured_media":0,"parent":122,"menu_order":3,"comment_status":"open","ping_status":"closed","template":"","meta":{"_uag_custom_page_level_css":"","site-sidebar-layout":"default","site-content-layout":"default","ast-site-content-layout":"","site-content-style":"default","site-sidebar-style":"default","ast-global-header-display":"","ast-banner-title-visibility":"","ast-main-header-display":"","ast-hfb-above-header-display":"","ast-hfb-below-header-display":"","ast-hfb-mobile-header-display":"","site-post-title":"","ast-breadcrumbs-content":"","ast-featured-img":"","footer-sml-layout":"","theme-transparent-header-meta":"default","adv-header-id-meta":"","stick-header-meta":"","header-above-stick-meta":"","header-main-stick-meta":"","header-below-stick-meta":"","astra-migrate-meta-layouts":"default","ast-page-background-enabled":"default","ast-page-background-meta":{"desktop":{"background-color":"","background-image":"","background-repeat":"repeat","background-position":"center center","background-size":"auto","background-attachment":"scroll","background-type":"","background-media":"","overlay-type":"","overlay-color":"","overlay-gradient":""},"tablet":{"background-color":"","background-image":"","background-repeat":"repeat","background-position":"center center","background-size":"auto","background-attachment":"scroll","background-type":"","background-media":"","overlay-type":"","overlay-color":"","overlay-gradient":""},"mobile":{"background-color":"","background-image":"","background-repeat":"repeat","background-position":"center center","background-size":"auto","background-attachment":"scroll","background-type":"","background-media":"","overlay-type":"","overlay-color":"","overlay-gradient":""}},"ast-content-background-meta":{"desktop":{"background-color":"var(--ast-global-color-5)","background-image":"","background-repeat":"repeat","background-position":"center center","background-size":"auto","background-attachment":"scroll","background-type":"","background-media":"","overlay-type":"","overlay-color":"","overlay-gradient":""},"tablet":{"background-color":"var(--ast-global-color-5)","background-image":"","background-repeat":"repeat","background-position":"center center","background-size":"auto","background-attachment":"scroll","background-type":"","background-media":"","overlay-type":"","overlay-color":"","overlay-gradient":""},"mobile":{"background-color":"var(--ast-global-color-5)","background-image":"","background-repeat":"repeat","background-position":"center center","background-size":"auto","background-attachment":"scroll","background-type":"","background-media":"","overlay-type":"","overlay-color":"","overlay-gradient":""}},"footnotes":""},"uagb_featured_image_src":{"full":false,"thumbnail":false,"medium":false,"medium_large":false,"large":false,"1536x1536":false,"2048x2048":false,"trp-custom-language-flag":false},"uagb_author_info":{"display_name":"SOE","author_link":"https:\/\/supcom.standardof.net\/cs\/author\/k-tastic\/"},"uagb_comment_info":0,"uagb_excerpt":"1. BUILD 3 MASS EXTRACTORS Schematics added: T1 Mass ExtractorTo do this as fast as possible, hold Shift to queue up all 3 Mass Extractors. If they are relatively far apart, queue up a Move command between each one so that your ACU won&#8217;t have to walk as far; if you just tell him to&hellip;","_links":{"self":[{"href":"https:\/\/supcom.standardof.net\/cs\/wp-json\/wp\/v2\/pages\/218"}],"collection":[{"href":"https:\/\/supcom.standardof.net\/cs\/wp-json\/wp\/v2\/pages"}],"about":[{"href":"https:\/\/supcom.standardof.net\/cs\/wp-json\/wp\/v2\/types\/page"}],"author":[{"embeddable":true,"href":"https:\/\/supcom.standardof.net\/cs\/wp-json\/wp\/v2\/users\/1"}],"replies":[{"embeddable":true,"href":"https:\/\/supcom.standardof.net\/cs\/wp-json\/wp\/v2\/comments?post=218"}],"version-history":[{"count":0,"href":"https:\/\/supcom.standardof.net\/cs\/wp-json\/wp\/v2\/pages\/218\/revisions"}],"up":[{"embeddable":true,"href":"https:\/\/supcom.standardof.net\/cs\/wp-json\/wp\/v2\/pages\/122"}],"wp:attachment":[{"href":"https:\/\/supcom.standardof.net\/cs\/wp-json\/wp\/v2\/media?parent=218"}],"curies":[{"name":"wp","href":"https:\/\/api.w.org\/{rel}","templated":true}]}}