{"id":220,"date":"2020-10-31T15:16:28","date_gmt":"2020-10-31T19:16:28","guid":{"rendered":"https:\/\/supcom.standardof.net\/?page_id=220"},"modified":"2020-10-31T15:16:28","modified_gmt":"2020-10-31T19:16:28","slug":"aeon-operation-machine-purge","status":"publish","type":"page","link":"https:\/\/supcom.standardof.net\/cs\/supreme-commander\/navody-na-kampan\/aeon-operation-machine-purge\/","title":{"rendered":"Aeon Mission 2 - Operation Machine Purge"},"content":{"rendered":"<p>Odtud p\u0159edpokl\u00e1d\u00e1m, \u017ee v\u00edte, jak hra funguje, a p\u0159estanu v\u00e1m p\u0159ipom\u00ednat, \u017ee m\u00e1te stav\u011bt Mass Extractors, \u0159adit objedn\u00e1vky, opakovat tov\u00e1rny atd.<\/p>\n\n\n\n<h3 class=\"wp-block-heading\">1. VY\u010cIST\u011aTE NOV\u00dd KATALON 80%<\/h3>\n\n\n\n<p>Ne\u017e se p\u0159esunete na sever, abyste zni\u010dili Cybrans, vybudujte si slu\u0161n\u00e9 s\u00edly s n\u00e1mo\u0159n\u00ed tov\u00e1rnou a n\u011bkolika leteck\u00fdmi a pozemn\u00edmi tov\u00e1rnami. Soust\u0159e\u010fte se na Cybrans a ni\u010dte civiln\u00ed za\u0159\u00edzen\u00ed ve sv\u00e9m voln\u00e9m \u010dase.<\/p>\n\n\n\n<h3 class=\"wp-block-heading\">2. ODPOU\u0160T\u011aJTE CYBRANSK\u00c9 PROT\u011a\u017dE<\/h3>\n\n\n\n<p>Na 15% zni\u010den\u00e9ho Nov\u00e9ho Katal\u00e1nu zah\u00e1j\u00ed Cybrans \u00fatok. Zajist\u011bte dostate\u010dnou ochranu ovzdu\u0161\u00ed a m\u011bli byste b\u00fdt v po\u0159\u00e1dku.<\/p>\n\n\n\n<h3 class=\"wp-block-heading\">3. ZNI\u010cTE Z\u00c1KLAD CYBR\u00c1NU<\/h3>\n\n\n\n<p><em>Mapa se roz\u0161i\u0159uje na sever a v\u00fdchod<\/em><br>Spousta n\u00e1mo\u0159n\u00edch jednotek je v po\u0159\u00e1dku pro tuto. Zni\u010dte n\u00e1mo\u0159n\u00ed z\u00e1kladnu na v\u00fdchod\u011b a pot\u00e9 se p\u0159esu\u0148te na z\u00e1kladnu Cybran na severov\u00fdchod\u011b. Budete muset ud\u011blat spoustu skok\u016f na ostrovech, tak\u017ee si vytvo\u0159te n\u00e1mo\u0159n\u00ed a vzdu\u0161nou p\u0159evahu p\u0159ed p\u0159esunem do Auroras, kter\u00e9 jsou oboj\u017eiveln\u00e9 a mohou se rojit p\u0159es slab\u00e1 m\u00edsta nep\u0159\u00e1tel. Pokud budete cht\u00edt pou\u017e\u00edt pozemn\u00ed s\u00edly T2 pozd\u011bji, budete pot\u0159ebovat k p\u0159eprav\u011b leteckou dopravu. P\u0159\u00edpadn\u011b vylep\u0161ete sv\u00e9ho velitele pro boj (Personal Shield, Heat Sinks a Crysalis Beam) a pou\u017eijte sv\u00e9 n\u00e1mo\u0159n\u00ed jednotky jako \u00fakryt a nechte ho p\u0159ekro\u010dit \u0159eku. Jakmile je na zemi, m\u016f\u017ee zni\u010dit z\u00e1kladnu a pot\u00e9 tajnou z\u00e1kladnu pouze s podporou protiletadlov\u00fdch a torp\u00e9dov\u00fdch bombard\u00e9r\u016f, aby se ujistil, \u017ee nebude sest\u0159elen bombard\u00e9ry nebo torp\u00e9doborci.<\/p>\n\n\n\n<h3 class=\"wp-block-heading\">4. ZNI\u010cTE TAJN\u00dd Z\u00c1KLAD CYBR\u00c1NU<\/h3>\n\n\n\n<p><em>Mapa se roz\u0161i\u0159uje na v\u00fdchod<\/em><br>Cybransk\u00e9 n\u00e1mo\u0159n\u00ed jednotky na v\u00fdchod\u011b nemaj\u00ed protivzdu\u0161nou obranu, tak\u017ee kombinovan\u00fd \u00fatok s n\u00e1mo\u0159n\u00edmi silami a bombard\u00e9ry funguje dob\u0159e. Vy\u010dist\u011bte protivzdu\u0161nou obranu na ji\u017en\u00edm konci z\u00e1kladny a pot\u00e9 nalo\u017ete transporty pozemn\u00edmi jednotkami. Odho\u010fte je na jih a p\u0159esu\u0148te se na sever, zat\u00edmco budete pou\u017e\u00edvat sv\u00e9 n\u00e1mo\u0159n\u00ed jednotky, abyste udr\u017eeli okraje mo\u0159e voln\u00e9.<\/p>\n\n\n\n<h3 class=\"wp-block-heading\">5. OCHRANA LIDSK\u00c9HO VY\u0158\u00cdZEN\u00cd 80%<\/h3>\n\n\n\n<p>Um\u00edst\u011bte sv\u00e9 jednotky (nebo nejprve po\u0161lete pol\u00e1rn\u00ed z\u00e1\u0159e, abyste vytvo\u0159ili p\u0159edmost\u00ed) na ji\u017en\u00edm c\u00edpu ostrova na severov\u00fdchod\u011b. P\u0159esu\u0148te se na sever p\u0159es civiln\u00ed struktury a zni\u010dte tam Cybransk\u00e9 s\u00edly.<\/p>\n\n\n\n<h3 class=\"wp-block-heading\">6. P\u0158E\u017dIJTE CYBR\u00c1NOV\u00dd \u00daTOK<\/h3>\n\n\n\n<p><em>Mapa se roz\u0161i\u0159uje na sever<br>P\u0159idan\u00e1 sch\u00e9mata: T2 Air Factory, obrana T2<\/em><br>Jakmile zni\u010d\u00edte z\u00e1kladnu Cybran, proti\u00fatok Cybrans ze severu. Pou\u017eijte sv\u00e9 nov\u00e9 in\u017een\u00fdry T2 k ochran\u011b severn\u00edho okraje va\u0161\u00ed z\u00e1kladny pomoc\u00ed protivzdu\u0161n\u00e9 obrany T2 a m\u011bli byste b\u00fdt v po\u0159\u00e1dku. Pokud se jim poda\u0159\u00ed vys\u00edlat jednotky vzduchu na va\u0161\u00ed z\u00e1kladn\u011b, pou\u017eijte je auroras a bombard\u00e9ry k jejich vy\u0159azen\u00ed.<\/p>\n\n\n\n<h3 class=\"wp-block-heading\">7. DEFEAT CYBRAN COMMANDER<\/h3>\n\n\n\n<p>Velitel je vzpurn\u00fd a je na severoz\u00e1pad\u011b. P\u0159esu\u0148te sv\u00e9 n\u00e1mo\u0159n\u00ed s\u00edly, abyste za\u00fato\u010dili na ostrov, a kdy\u017e vyjde, aby s v\u00e1mi bojoval, bu\u010fte s n\u00edm bombard\u00e9ry a pol\u00e1rn\u00ed z\u00e1\u0159e. S nejv\u011bt\u0161\u00ed pravd\u011bpodobnost\u00ed se pokus\u00ed uniknout ve vod\u011b, co\u017e je nejjednodu\u0161\u0161\u00ed zp\u016fsob, jak ho zab\u00edt: pou\u017eijte sv\u00e9 letectvo k vy\u0159azen\u00ed torp\u00e9dov\u00fdch odpalova\u010d\u016f, sv\u00e9 pozemn\u00ed s\u00edly k potla\u010den\u00ed velitele pod vodou a svou podmo\u0159skou flotilu, abyste ho zabili velmi rychle.<\/p>\n\n\n\n<h3 class=\"wp-block-heading\">8. ZNI\u010cTE Z\u00c1PADN\u00cd Z\u00c1BOR CYBR\u00c1NU<\/h3>\n\n\n\n<p>Tento ostrov je p\u0159\u00edli\u0161 velk\u00fd na to, aby ho velitelova exploze zni\u010dila. Pomoc\u00ed zb\u00fdvaj\u00edc\u00edch jednotek vy\u010dist\u011bte z\u00e1kladnu, nebo pokud byl velitel zabit ve vod\u011b, obra\u0165te se nejprve na v\u00fdchodn\u00ed z\u00e1kladnu.<\/p>\n\n\n\n<h3 class=\"wp-block-heading\">9. ZNI\u010cTE NEBO Z\u00cdSKEJTE 2 CYBR\u00c1NSK\u00c9 D\u011aL\u00c1\u0158SK\u00c9 POZICE (voliteln\u00e9)<\/h3>\n\n\n\n<p>Vzdu\u0161n\u011b sesu\u0148te sv\u00e9 jednotky na z\u00e1padn\u00ed pob\u0159e\u017e\u00ed tohoto ostrova a p\u0159esu\u0148te se na v\u00fdchod, dokud se nedostanete k \u0159ece odd\u011bluj\u00edc\u00ed hlavn\u00ed z\u00e1kladnu Cybran od severn\u00edho ostrova. Soust\u0159e\u010fte svoji v\u00fdrobu na letadla T2, fregaty a pol\u00e1rn\u00ed z\u00e1\u0159e. Po\u0161lete n\u011bkolik in\u017een\u00fdr\u016f, abyste zajali d\u011blost\u0159electvo na tomto severn\u00edm ostrov\u011b; pot\u00e9 vyst\u0159el\u00ed na v\u00fdchodn\u00ed z\u00e1kladnu, aby v\u00e1m to zm\u011bk\u010dilo. Pokud m\u00e1te bojuj\u00edc\u00edho velitele, m\u016f\u017ee je zajmout s\u00e1m, a pot\u00e9 pro n\u011b postavit n\u011bjakou obranu, zat\u00edmco s\u00e1m dr\u017e\u00ed nep\u0159\u00e1telsk\u00e9 fregaty.<\/p>\n\n\n\n<h3 class=\"wp-block-heading\">10. ZNI\u010cTE Z\u00c1KLAD V\u00ddCHODN\u00cdHO CYBR\u00c1NU<\/h3>\n\n\n\n<p>Pohybujte se v\u0161emi silami pro kombinovan\u00fd \u00fatok. Pom\u011brn\u011b jednoduch\u00e1. C\u00edl 9 zde velmi pom\u00e1h\u00e1.<\/p>\n\n\n\n<h3 class=\"has-text-align-center wp-block-heading\">Mission 2 - Operation Machine Purge - Video Guide<\/h3>\n\n\n\n<figure class=\"wp-block-embed-youtube wp-block-embed is-type-video is-provider-youtube wp-embed-aspect-4-3 wp-has-aspect-ratio\"><div class=\"wp-block-embed__wrapper\">\n<div class=\"ast-oembed-container\" style=\"height: 100%;\"><iframe title=\"Operation Machine Purge - M2 Aeon Campaign Hard - Supreme Commander\" width=\"500\" height=\"375\" src=\"https:\/\/www.youtube.com\/embed\/SOX0YuIJnmc?list=PL065F8D7C29112F51\" frameborder=\"0\" allow=\"accelerometer; autoplay; clipboard-write; encrypted-media; gyroscope; picture-in-picture; web-share\" referrerpolicy=\"strict-origin-when-cross-origin\" allowfullscreen><\/iframe><\/div>\n<\/div><\/figure>","protected":false},"excerpt":{"rendered":"<p>From here, I&#8217;ll assume you know how the game works and I&#8217;ll stop reminding you to build Mass Extractors, queue up orders, put factories on repeat, etc. 1. CLEANSE 80% OF NEW CATALON Before moving north to destroy the Cybrans, build up a decent-sized force, with a Naval Factory and multiple Air and Land Factories. [&hellip;]<\/p>","protected":false},"author":1,"featured_media":0,"parent":122,"menu_order":3,"comment_status":"open","ping_status":"closed","template":"","meta":{"_uag_custom_page_level_css":"","site-sidebar-layout":"default","site-content-layout":"default","ast-site-content-layout":"","site-content-style":"default","site-sidebar-style":"default","ast-global-header-display":"","ast-banner-title-visibility":"","ast-main-header-display":"","ast-hfb-above-header-display":"","ast-hfb-below-header-display":"","ast-hfb-mobile-header-display":"","site-post-title":"","ast-breadcrumbs-content":"","ast-featured-img":"","footer-sml-layout":"","theme-transparent-header-meta":"default","adv-header-id-meta":"","stick-header-meta":"","header-above-stick-meta":"","header-main-stick-meta":"","header-below-stick-meta":"","astra-migrate-meta-layouts":"default","ast-page-background-enabled":"default","ast-page-background-meta":{"desktop":{"background-color":"","background-image":"","background-repeat":"repeat","background-position":"center center","background-size":"auto","background-attachment":"scroll","background-type":"","background-media":"","overlay-type":"","overlay-color":"","overlay-gradient":""},"tablet":{"background-color":"","background-image":"","background-repeat":"repeat","background-position":"center center","background-size":"auto","background-attachment":"scroll","background-type":"","background-media":"","overlay-type":"","overlay-color":"","overlay-gradient":""},"mobile":{"background-color":"","background-image":"","background-repeat":"repeat","background-position":"center center","background-size":"auto","background-attachment":"scroll","background-type":"","background-media":"","overlay-type":"","overlay-color":"","overlay-gradient":""}},"ast-content-background-meta":{"desktop":{"background-color":"var(--ast-global-color-5)","background-image":"","background-repeat":"repeat","background-position":"center center","background-size":"auto","background-attachment":"scroll","background-type":"","background-media":"","overlay-type":"","overlay-color":"","overlay-gradient":""},"tablet":{"background-color":"var(--ast-global-color-5)","background-image":"","background-repeat":"repeat","background-position":"center center","background-size":"auto","background-attachment":"scroll","background-type":"","background-media":"","overlay-type":"","overlay-color":"","overlay-gradient":""},"mobile":{"background-color":"var(--ast-global-color-5)","background-image":"","background-repeat":"repeat","background-position":"center center","background-size":"auto","background-attachment":"scroll","background-type":"","background-media":"","overlay-type":"","overlay-color":"","overlay-gradient":""}},"footnotes":""},"uagb_featured_image_src":{"full":false,"thumbnail":false,"medium":false,"medium_large":false,"large":false,"1536x1536":false,"2048x2048":false,"trp-custom-language-flag":false},"uagb_author_info":{"display_name":"SOE","author_link":"https:\/\/supcom.standardof.net\/cs\/author\/k-tastic\/"},"uagb_comment_info":0,"uagb_excerpt":"From here, I&#8217;ll assume you know how the game works and I&#8217;ll stop reminding you to build Mass Extractors, queue up orders, put factories on repeat, etc. 1. CLEANSE 80% OF NEW CATALON Before moving north to destroy the Cybrans, build up a decent-sized force, with a Naval Factory and multiple Air and Land Factories.&hellip;","_links":{"self":[{"href":"https:\/\/supcom.standardof.net\/cs\/wp-json\/wp\/v2\/pages\/220"}],"collection":[{"href":"https:\/\/supcom.standardof.net\/cs\/wp-json\/wp\/v2\/pages"}],"about":[{"href":"https:\/\/supcom.standardof.net\/cs\/wp-json\/wp\/v2\/types\/page"}],"author":[{"embeddable":true,"href":"https:\/\/supcom.standardof.net\/cs\/wp-json\/wp\/v2\/users\/1"}],"replies":[{"embeddable":true,"href":"https:\/\/supcom.standardof.net\/cs\/wp-json\/wp\/v2\/comments?post=220"}],"version-history":[{"count":0,"href":"https:\/\/supcom.standardof.net\/cs\/wp-json\/wp\/v2\/pages\/220\/revisions"}],"up":[{"embeddable":true,"href":"https:\/\/supcom.standardof.net\/cs\/wp-json\/wp\/v2\/pages\/122"}],"wp:attachment":[{"href":"https:\/\/supcom.standardof.net\/cs\/wp-json\/wp\/v2\/media?parent=220"}],"curies":[{"name":"wp","href":"https:\/\/api.w.org\/{rel}","templated":true}]}}