{"id":222,"date":"2020-10-31T15:18:28","date_gmt":"2020-10-31T19:18:28","guid":{"rendered":"https:\/\/supcom.standardof.net\/?page_id=222"},"modified":"2020-10-31T15:18:28","modified_gmt":"2020-10-31T19:18:28","slug":"aeon-operation-high-tide","status":"publish","type":"page","link":"https:\/\/supcom.standardof.net\/cs\/supreme-commander\/navody-na-kampan\/aeon-operation-high-slave\/","title":{"rendered":"Aeon Mission 3 - Operation High Tide"},"content":{"rendered":"<h3 class=\"wp-block-heading\">1. P\u0158E\u017dIT\u00cd \u00daSP\u011aCHU UEF<\/h3>\n\n\n\n<p>Okam\u017eit\u011b postavte s\u00edlu T2 Engineers k vybudov\u00e1n\u00ed protivzdu\u0161n\u00e9 obrany, v\u011bt\u0161inou na z\u00e1pad a na sever, a T1 bodov\u00e1 obrana roztrou\u0161en\u00e1 po cel\u00e9 z\u00e1kladn\u011b, aby zastavila nep\u0159\u00e1telsk\u00e9 transportn\u00ed poklesy. Nechte si postavit v\u00edce torp\u00e9domet\u016f T2 na z\u00e1pad, jih a sever, abyste se br\u00e1nili p\u0159ed n\u00e1mo\u0159n\u00edmi \u00fatoky. ACU a zbytek va\u0161ich in\u017een\u00fdr\u016f by se m\u011bli chopit hromadn\u00fdch z\u00e1sob a za\u010d\u00edt budovat svou ekonomiku v r\u00e1mci p\u0159\u00edpravy na budov\u00e1n\u00ed vlastn\u00edch sil - pol\u00e1rn\u00ed z\u00e1\u0159e a mobiln\u00ed anti-vzduch.<br>\u00datoky p\u0159ich\u00e1zej\u00ed v tomto po\u0159ad\u00ed:<\/p>\n\n\n\n<ul><li>Bojovn\u00edci a bombard\u00e9ry (maj\u00ed brzy anti-vzduch)<\/li><li>Transporty (hl\u00eddejte pozemn\u00ed jednotky)<\/li><li>N\u00e1mo\u0159n\u00ed \u00fatok (p\u0159ipravte lod\u011b a torp\u00e9dov\u00e9 bombard\u00e9ry)<\/li><li>Transporty znovu<\/li><\/ul>\n\n\n\n<p>Je docela snadn\u00e9 dos\u00e1hnout limitu jednotek, ne\u017e bude tento c\u00edl spln\u011bn. Nezapome\u0148te sv\u00e9 gener\u00e1tory T2 uvolnit, proto\u017ee jedin\u00e1 transportn\u00ed kapka m\u016f\u017ee v\u0161echny zab\u00edt, pokud jsou z\u0159et\u011bzen\u00e9.<\/p>\n\n\n\n<h3 class=\"wp-block-heading\">2. ZNI\u010cTE NAV\u00c1LN\u00cd Z\u00c1KLADU UEF<\/h3>\n\n\n\n<p><em>Mapa se roz\u0161i\u0159uje v\u0161emi sm\u011bry<br>P\u0159idan\u00e1 sch\u00e9mata: Gunship, Destroyer<\/em><br>Postavte si sv\u00e9 nov\u00e9 bojov\u00e9 lod\u011b a torp\u00e9doborce, kter\u00e9 dopln\u00ed va\u0161e vzdu\u0161n\u00e9 a n\u00e1mo\u0159n\u00ed s\u00edly T1. P\u0159epn\u011bte produkci pozemn\u00edch jednotek na pol\u00e1rn\u00ed z\u00e1\u0159e a udr\u017eujte sv\u00e9 mobiln\u00ed jednotky na hl\u00eddce p\u0159es sv\u016fj ostrov, abyste zastavili poklesy nep\u0159\u00e1telsk\u00e9 dopravy. N\u00e1mo\u0159n\u00ed z\u00e1kladna je na jihov\u00fdchod\u011b. Velitel UEF je tady, ale bude se teleportovat pry\u010d, kdy\u017e bude v nebezpe\u010d\u00ed. Pou\u017eijte sv\u00e9 aurory k vy\u0159azen\u00ed protiletadlov\u00fdch a torp\u00e9dov\u00fdch odpalova\u010d\u016f pod\u00e9l okraj\u016f, p\u0159i\u010dem\u017e n\u00e1mo\u0159n\u00ed jednotky chr\u00e1n\u00ed aurory p\u0159ed nep\u0159\u00e1telsk\u00fdmi n\u00e1mo\u0159n\u00edmi silami. P\u0159esu\u0148te v\u0161echny sv\u00e9 s\u00edly dol\u016f, abyste odstranili n\u00e1mo\u0159n\u00ed tov\u00e1rnu a lod\u011b, kter\u00e9 ji br\u00e1n\u00ed, a pot\u00e9 si ostrov vezm\u011bte pro sebe. Torp\u00e9dov\u00e9 bombard\u00e9ry zde opravdu pom\u00e1haj\u00ed, proto\u017ee se mohou bez mnoha n\u00e1klad\u016f zbavit mnoha nep\u0159\u00e1telsk\u00fdch ponorek a odpalova\u010d\u016f torp\u00e9d T2.<\/p>\n\n\n\n<h3 class=\"wp-block-heading\">3. ZNI\u010cTE VZDUCHOVOU Z\u00c1KLADU UEF<\/h3>\n\n\n\n<p>Leteck\u00e1 z\u00e1kladna je v jihoz\u00e1padn\u00edm rohu mapy. Pokud jste ji\u017e n\u00e1mo\u0159n\u00ed z\u00e1kladnu zabili, je to hra\u010dka: va\u0161e torp\u00e9doborce a fregaty se o v\u011bt\u0161inu z nich postaraj\u00ed z pob\u0159e\u017e\u00ed, zat\u00edmco va\u0161i bojovn\u00edci hl\u00eddaj\u00ed nad hlavou. Va\u0161e pol\u00e1rn\u00ed z\u00e1\u0159e se mohou pohybovat a dostat cokoli, s \u010d\u00edm maj\u00ed torp\u00e9doborce pot\u00ed\u017ee.<\/p>\n\n\n\n<h3 class=\"wp-block-heading\">4. ZNI\u010cTE POZEMN\u00cd Z\u00c1KLADNU UEF<\/h3>\n\n\n\n<p>Pozemn\u00ed z\u00e1kladna je na severu. Nejprve nasu\u0148te sv\u00e9 aurory a vyjm\u011bte odpalova\u010de torp\u00e9d, ne\u017e p\u0159ivedete sv\u00e9 n\u00e1mo\u0159n\u00ed jednotky, abyste ostrov obkl\u00ed\u010dili. Va\u0161e torp\u00e9doborce mohou plout a podporovat va\u0161e pol\u00e1rn\u00ed z\u00e1\u0159e, zat\u00edmco va\u0161e bojov\u00e1 plavidla odstra\u0148uj\u00ed d\u016fle\u017eit\u00e9 c\u00edle. Zde se znovu objev\u00ed velitel, ale kdy\u017e je v nebezpe\u010d\u00ed, teleportuje se znovu.<\/p>\n\n\n\n<h3 class=\"wp-block-heading\">5. DEFEAT UEF COMMANDER<\/h3>\n\n\n\n<p><em>Mapa se roz\u0161i\u0159uje na z\u00e1pad<br>P\u0159idan\u00e9 sch\u00e9ma: K\u0159i\u017en\u00edk<br><\/em>Nastavte sv\u00e9 n\u00e1mo\u0159n\u00ed a leteck\u00e9 jednotky na hl\u00eddku mezi va\u0161imi z\u00e1kladnami a nechte in\u017een\u00fdry postavit torp\u00e9dov\u00e9 odpalova\u010de a anti-vzduch pod\u00e9l t\u00e9to linie. Zde se znovu spust\u00ed transportn\u00ed kapky a nechcete, aby se dot\u00fdkaly va\u0161\u00ed z\u00e1kladny. Pomoc\u00ed zbran\u00ed dlouh\u00e9ho doletu sv\u00fdch torp\u00e9doborc\u016f m\u016f\u017eete za\u00fato\u010dit na vzd\u00e1len\u011bj\u0161\u00ed hranu obrany UEF, zat\u00edmco budete budovat obrovskou arm\u00e1du pol\u00e1rn\u00edch z\u00e1\u0159e nebo sm\u00ed\u0161en\u00fdch vzdu\u0161n\u00fdch sil. P\u0159esu\u0148te je pod mo\u0159skou pokr\u00fdvku a a\u017e se objev\u00ed velitel UEF, za\u00fato\u010dte na n\u011bj. Je st\u00edn\u011bn\u00fd, tak\u017ee je hodn\u011b potrest\u00e1n, ale kdy\u017e je \u201ezabit\u201c, mise okam\u017eit\u011b kon\u010d\u00ed. Za t\u00edmto \u00fa\u010delem jsem p\u0159epnul v\u0161echny sv\u00e9 in\u017een\u00fdry a ACU na od\u010derp\u00e1v\u00e1n\u00ed vzdu\u0161n\u00fdch a n\u00e1mo\u0159n\u00edch sil T2 a nakonec p\u0159emoci Arnolda 50 bojov\u00fdmi d\u011bly.<\/p>\n\n\n\n<h3 class=\"has-text-align-center wp-block-heading\">Mission 3 - Operation High Tide - Video Guide<\/h3>\n\n\n\n<figure class=\"wp-block-embed-youtube wp-block-embed is-type-video is-provider-youtube wp-embed-aspect-4-3 wp-has-aspect-ratio\"><div class=\"wp-block-embed__wrapper\">\n<div class=\"ast-oembed-container\" style=\"height: 100%;\"><iframe title=\"Operation High Tide - M3 Aeon Campaign Hard - vrchn\u00ed velitel\" width=\"500\" height=\"375\" src=\"https:\/\/www.youtube.com\/embed\/oIJbLuMkNpw?feature=oembed\" frameborder=\"0\" allow=\"accelerometer; autoplay; clipboard-write; encrypted-media; gyroscope; picture-in-picture; web-share\" referrerpolicy=\"strict-origin-when-cross-origin\" allowfullscreen><\/iframe><\/div>\n<\/div><\/figure>","protected":false},"excerpt":{"rendered":"<p>1. SURVIVE UEF ASSAULT Immediately construct a force of T2 Engineers to build air defense, mostly to the west and north, and T1 point defense scattered throughout the base to stop enemy transport drops. Have more construct T2 torpedo launchers to the west, south and north to defend against naval attacks. The ACU and the [&hellip;]<\/p>","protected":false},"author":1,"featured_media":0,"parent":122,"menu_order":3,"comment_status":"open","ping_status":"closed","template":"","meta":{"_uag_custom_page_level_css":"","site-sidebar-layout":"default","site-content-layout":"default","ast-site-content-layout":"","site-content-style":"default","site-sidebar-style":"default","ast-global-header-display":"","ast-banner-title-visibility":"","ast-main-header-display":"","ast-hfb-above-header-display":"","ast-hfb-below-header-display":"","ast-hfb-mobile-header-display":"","site-post-title":"","ast-breadcrumbs-content":"","ast-featured-img":"","footer-sml-layout":"","theme-transparent-header-meta":"default","adv-header-id-meta":"","stick-header-meta":"","header-above-stick-meta":"","header-main-stick-meta":"","header-below-stick-meta":"","astra-migrate-meta-layouts":"default","ast-page-background-enabled":"default","ast-page-background-meta":{"desktop":{"background-color":"","background-image":"","background-repeat":"repeat","background-position":"center center","background-size":"auto","background-attachment":"scroll","background-type":"","background-media":"","overlay-type":"","overlay-color":"","overlay-gradient":""},"tablet":{"background-color":"","background-image":"","background-repeat":"repeat","background-position":"center center","background-size":"auto","background-attachment":"scroll","background-type":"","background-media":"","overlay-type":"","overlay-color":"","overlay-gradient":""},"mobile":{"background-color":"","background-image":"","background-repeat":"repeat","background-position":"center center","background-size":"auto","background-attachment":"scroll","background-type":"","background-media":"","overlay-type":"","overlay-color":"","overlay-gradient":""}},"ast-content-background-meta":{"desktop":{"background-color":"var(--ast-global-color-5)","background-image":"","background-repeat":"repeat","background-position":"center center","background-size":"auto","background-attachment":"scroll","background-type":"","background-media":"","overlay-type":"","overlay-color":"","overlay-gradient":""},"tablet":{"background-color":"var(--ast-global-color-5)","background-image":"","background-repeat":"repeat","background-position":"center center","background-size":"auto","background-attachment":"scroll","background-type":"","background-media":"","overlay-type":"","overlay-color":"","overlay-gradient":""},"mobile":{"background-color":"var(--ast-global-color-5)","background-image":"","background-repeat":"repeat","background-position":"center center","background-size":"auto","background-attachment":"scroll","background-type":"","background-media":"","overlay-type":"","overlay-color":"","overlay-gradient":""}},"footnotes":""},"uagb_featured_image_src":{"full":false,"thumbnail":false,"medium":false,"medium_large":false,"large":false,"1536x1536":false,"2048x2048":false,"trp-custom-language-flag":false},"uagb_author_info":{"display_name":"SOE","author_link":"https:\/\/supcom.standardof.net\/cs\/author\/k-tastic\/"},"uagb_comment_info":0,"uagb_excerpt":"1. SURVIVE UEF ASSAULT Immediately construct a force of T2 Engineers to build air defense, mostly to the west and north, and T1 point defense scattered throughout the base to stop enemy transport drops. Have more construct T2 torpedo launchers to the west, south and north to defend against naval attacks. The ACU and the&hellip;","_links":{"self":[{"href":"https:\/\/supcom.standardof.net\/cs\/wp-json\/wp\/v2\/pages\/222"}],"collection":[{"href":"https:\/\/supcom.standardof.net\/cs\/wp-json\/wp\/v2\/pages"}],"about":[{"href":"https:\/\/supcom.standardof.net\/cs\/wp-json\/wp\/v2\/types\/page"}],"author":[{"embeddable":true,"href":"https:\/\/supcom.standardof.net\/cs\/wp-json\/wp\/v2\/users\/1"}],"replies":[{"embeddable":true,"href":"https:\/\/supcom.standardof.net\/cs\/wp-json\/wp\/v2\/comments?post=222"}],"version-history":[{"count":0,"href":"https:\/\/supcom.standardof.net\/cs\/wp-json\/wp\/v2\/pages\/222\/revisions"}],"up":[{"embeddable":true,"href":"https:\/\/supcom.standardof.net\/cs\/wp-json\/wp\/v2\/pages\/122"}],"wp:attachment":[{"href":"https:\/\/supcom.standardof.net\/cs\/wp-json\/wp\/v2\/media?parent=222"}],"curies":[{"name":"wp","href":"https:\/\/api.w.org\/{rel}","templated":true}]}}