{"id":224,"date":"2020-10-31T15:19:51","date_gmt":"2020-10-31T19:19:51","guid":{"rendered":"https:\/\/supcom.standardof.net\/?page_id=224"},"modified":"2020-10-31T15:19:51","modified_gmt":"2020-10-31T19:19:51","slug":"aeon-operation-entity","status":"publish","type":"page","link":"https:\/\/supcom.standardof.net\/cs\/supreme-commander\/navody-na-kampan\/aeon-operation-entity\/","title":{"rendered":"Aeon Mission 4 - Entita operace"},"content":{"rendered":"<h3 class=\"wp-block-heading\">1. PACIFY NEXUS<\/h3>\n\n\n\n<p>Nexus se zd\u00e1 b\u00fdt lehce br\u00e1n\u011bn pouze s n\u011bkter\u00fdmi obranami T1 a taktick\u00fdm raketometem, ale mise je obt\u00ed\u017en\u011bj\u0161\u00ed, ne\u017e se zd\u00e1. Ve skute\u010dnosti na v\u00e1s na severn\u00edm c\u00edpu mysu \u010d\u00edh\u00e1 d\u011blost\u0159electvo T2, kter\u00e9 v\u00e1m br\u00e1n\u00ed ve stavb\u011b n\u00e1mo\u0159n\u00ed tov\u00e1rny. Va\u0161e po\u010d\u00e1te\u010dn\u00ed oblast m\u00e1 m\u00e1lo zdroj\u016f, tak\u017ee budujte obranu na v\u00fdchod a na z\u00e1pad, zat\u00edmco budete stav\u011bt farmu T1 na jihu. Neexistuje \u017e\u00e1dn\u00fd \u010dasov\u00fd limit, tak\u017ee m\u016f\u017eete vylep\u0161it v\u0161echny sv\u00e9 extraktory a tov\u00e1rny a vybudovat dostatek bombardovac\u00edch sil, abyste zabili Taktick\u00fd raketomet, jakmile jsou va\u0161e pozemn\u00ed s\u00edly p\u0159ipraveny k nast\u011bhov\u00e1n\u00ed. Va\u0161e prvn\u00ed \u00fatoky jsou ze vzduchu, tak\u017ee ujist\u011bte se, \u017ee na za\u010d\u00e1tku mise vy\u010derp\u00e1te n\u011bjak\u00fd mobiln\u00ed anti-vzduch T1 - zkus\u00ed \u00fader bombard\u00e9ru i transportn\u00ed kapky. Protiletadlov\u00fd by m\u011bl j\u00edt zejm\u00e9na na v\u00fdchod a z\u00e1pad, ale m\u011bl by tak\u00e9 d\u00e1t n\u011bjak\u00e9 v\u011b\u017ee pod\u00e9l severn\u00edho okraje va\u0161\u00ed z\u00e1kladny. Jakmile se dostanete k tech 2, postavte si pod\u00e9l t\u011bchto st\u011bn obranu a \u0161t\u00edty T2. Nejprve p\u0159evezm\u011bte budovy Cybran na z\u00e1pad od mapy (vedle n\u00e1mo\u0159n\u00ed z\u00e1kladny) a popadn\u011bte dal\u0161\u00ed hromadn\u00e1 lo\u017eiska, pot\u00e9 tam um\u00edst\u011bte protiletadlov\u00e9 v\u011b\u017ee a p\u0159ive\u010fte sv\u00e9 pozemn\u00ed s\u00edly zp\u011bt, abyste pomohli vyv\u00e9st Nexus na v\u00fdchod. Nejjednodu\u0161\u0161\u00ed zp\u016fsob, jak se zbavit d\u011blost\u0159eleck\u00fdch stanovi\u0161\u0165, je postavit Taktick\u00fd raketomet, kter\u00fd pr\u00e1v\u011b dos\u00e1hne jejich dosahu. Pokud nezrad\u00edte svou pozici, m\u016f\u017eete vystoupit ze sv\u00e9 prvn\u00ed st\u0159ely, ne\u017e se d\u011blost\u0159electvo oplat\u00ed - taktick\u00e9 st\u0159ely a d\u011blost\u0159electvo T2 maj\u00ed stejn\u00fd dost\u0159el. Dal\u0161\u00ed st\u0159ela tac m\u016f\u017ee zni\u010dit v\u00fdchodn\u00ed obranu Cybrans, zat\u00edmco va\u0161e pozemn\u00ed a vzdu\u0161n\u00e9 jednotky se pohybuj\u00ed, aby vy\u010distily sv\u016fj vlastn\u00ed Taktick\u00fd raketomet a druh\u00fd odpor.<\/p>\n\n\n\n<h3 class=\"wp-block-heading\">2. Zni\u010dte z\u00e1kladnu CYBRAN NAVAL<\/h3>\n\n\n\n<p>Jakmile budete m\u00edt kontrolu nad jihov\u00fdchodn\u00edm pob\u0159e\u017e\u00edm, m\u016f\u017eete postavit n\u00e1mo\u0159n\u00ed tov\u00e1rnu a na\u010derpat spoustu lod\u00ed se sv\u00fdmi dal\u0161\u00edmi in\u017een\u00fdry; po\u0161lete je spolu s bojov\u00fdmi lod\u011bmi a pol\u00e1rn\u00edmi z\u00e1\u0159emi, aby odstranily n\u00e1mo\u0159n\u00ed z\u00e1kladnu.<\/p>\n\n\n\n<h3 class=\"wp-block-heading\">3. Zachy\u0165te uzel<\/h3>\n\n\n\n<p>Stejn\u00e1 s\u00edla, jakou jste pou\u017eili k zabit\u00ed n\u00e1mo\u0159n\u00ed z\u00e1kladny, v\u00e1m m\u016f\u017ee pomoci sundat severn\u00ed obranu kolem Uzlu, zat\u00edmco va\u0161e d\u011blov\u00e1 d\u011bla mohou zni\u010dit d\u011blost\u0159eleck\u00e9 instalace. Kdy\u017e je d\u011blost\u0159electvo zanepr\u00e1zdn\u011bno, m\u016f\u017eete dokonce vysadit vzdu\u0161n\u00e9 s\u00edly T2 chr\u00e1n\u011bn\u00e9 mobiln\u00edmi \u0161t\u00edty na okraji pob\u0159e\u017e\u00ed. Jakmile zachyt\u00edte uzel, mapa se roz\u0161\u00ed\u0159\u00ed, tak\u017ee bu\u010fte p\u0159ipraveni.<\/p>\n\n\n\n<h3 class=\"wp-block-heading\">4. ZACHYT\u011aTE A OBR\u00c1TEJTE V\u0160ECHNY 3 NODY<\/h3>\n\n\n\n<p><em>Mapa se roz\u0161i\u0159uje na v\u00fdchod a na sever<br><\/em>Prvn\u00ed uzel je ten, kter\u00fd jste pr\u00e1v\u011b zachytili. Druh\u00fd je na severoz\u00e1pad\u011b, t\u0159et\u00ed na jihov\u00fdchod\u011b. Mus\u00ed z\u016fstat v bezpe\u010d\u00ed a\u017e do konce mise. Po\u0161lete pozemn\u00ed jednotky k dobyt\u00ed jihov\u00fdchodn\u00edho uzlu a pomoc\u00ed sv\u00fdch n\u00e1mo\u0159n\u00edch a vzdu\u0161n\u00fdch sil uvoln\u011bte m\u00edsto, kam m\u016f\u017eete vysadit v\u00edce pozemn\u00edch sil T2 k zajet\u00ed severoz\u00e1padn\u00edho uzlu. Nezapome\u0148te p\u0159iv\u00e9st in\u017een\u00fdry T2 k zachycen\u00ed uzl\u016f, proto\u017ee kolem nich budete pot\u0159ebovat \u0161t\u00edty a obranu T2, abyste je udr\u017eeli v bezpe\u010d\u00ed. M\u016f\u017eete ztratit jeden uzel a st\u00e1le dokon\u010dit misi, ale je nejlep\u0161\u00ed riskovat.<\/p>\n\n\n\n<h3 class=\"wp-block-heading\">5. ZACHy\u0165te HLAVN\u00cd R\u00c1M<\/h3>\n\n\n\n<p>S\u00e1lov\u00e9 po\u010d\u00edta\u010de jsou a\u017e na sever, na st\u0159edov\u00e9m ostrov\u011b. Ostrov nem\u00e1 p\u0159\u00edli\u0161 mnoho odpalova\u010d\u016f torp\u00e9d, tak\u017ee n\u00e1mo\u0159n\u00ed s\u00edly T2 podporovan\u00e9 Gunships a Attack Boats mohou vy\u0159adit obranu na ji\u017en\u00edm pob\u0159e\u017e\u00ed (ujist\u011bte se, \u017ee rychle zabijete nep\u0159\u00e1telsk\u00e9 d\u011blost\u0159electvo), aby va\u0161e transporty mohly p\u0159ipravit trajektov\u00fd bod pro Pozemn\u00ed s\u00edly T2 se nast\u011bhuj\u00ed. Jakmile vyklid\u00edte v\u0161echny Cybrany, po\u0161lete sv\u00e9 T2 in\u017een\u00fdry, aby je dobyli a za\u010dali budovat obranu.<\/p>\n\n\n\n<h3 class=\"wp-block-heading\">6. BRA\u0147TE HLAVN\u00cd R\u00c1MEK (\u010dasov\u00fd limit 15 minut)<\/h3>\n\n\n\n<p>Mus\u00edte br\u00e1nit uzly a mainframe po dobu 15 minut zvy\u0161uj\u00edc\u00edch se \u00fatok\u016f Cybran. Postavte spoustu bitevn\u00edch k\u0159i\u017en\u00edk\u016f, kter\u00e9 dok\u00e1\u017eou reagovat na jak\u00fdkoli \u00fatok, a protiletadlov\u00fd T2, abyste zabr\u00e1nili transportn\u00edm pokles\u016fm. Nechte hl\u00eddkovat torp\u00e9dov\u00e9 bombard\u00e9ry k v\u00fdchodn\u00edmu jezeru, abyste zabr\u00e1nili \u00fatok\u016fm torp\u00e9doborc\u016f na s\u00e1lov\u00fd po\u010d\u00edta\u010d a v\u00fdchodn\u00ed uzel. Cybrans tak\u00e9 za\u00fato\u010d\u00ed na va\u0161i hlavn\u00ed z\u00e1kladnu ve snaze zab\u00edt va\u0161i ACU; ujist\u011bte se, \u017ee se skr\u00fdv\u00e1 pod \u0161t\u00edtem se spoustou anti-vzduchu T2, a ujist\u011bte se, \u017ee va\u0161e gener\u00e1tory jsou dob\u0159e chr\u00e1n\u011bny.<\/p>\n\n\n\n<h3 class=\"has-text-align-center wp-block-heading\">Mission 4 - Operation Entity - Video Guide<\/h3>\n\n\n\n<figure class=\"wp-block-embed-youtube wp-block-embed is-type-video is-provider-youtube wp-embed-aspect-4-3 wp-has-aspect-ratio\"><div class=\"wp-block-embed__wrapper\">\n<div class=\"ast-oembed-container\" style=\"height: 100%;\"><iframe title=\"Operation Entity - M4 Aeon Campaign Hard - Supreme Commander\" width=\"500\" height=\"375\" src=\"https:\/\/www.youtube.com\/embed\/oA-nQKDNBcA?feature=oembed\" frameborder=\"0\" allow=\"accelerometer; autoplay; clipboard-write; encrypted-media; gyroscope; picture-in-picture; web-share\" referrerpolicy=\"strict-origin-when-cross-origin\" allowfullscreen><\/iframe><\/div>\n<\/div><\/figure>","protected":false},"excerpt":{"rendered":"<p>1. PACIFY NEXUS Nexus appears to be lightly defended with only some T1 defenses and a Tactical Missile Launcher, but the mission is more difficult than it appears. There are actually T2 artillery lying in wait for you on the northern tip of the cape, preventing you from building a Naval Factory. Your starting area [&hellip;]<\/p>","protected":false},"author":1,"featured_media":0,"parent":122,"menu_order":3,"comment_status":"open","ping_status":"closed","template":"","meta":{"_uag_custom_page_level_css":"","site-sidebar-layout":"default","site-content-layout":"default","ast-site-content-layout":"","site-content-style":"default","site-sidebar-style":"default","ast-global-header-display":"","ast-banner-title-visibility":"","ast-main-header-display":"","ast-hfb-above-header-display":"","ast-hfb-below-header-display":"","ast-hfb-mobile-header-display":"","site-post-title":"","ast-breadcrumbs-content":"","ast-featured-img":"","footer-sml-layout":"","theme-transparent-header-meta":"default","adv-header-id-meta":"","stick-header-meta":"","header-above-stick-meta":"","header-main-stick-meta":"","header-below-stick-meta":"","astra-migrate-meta-layouts":"default","ast-page-background-enabled":"default","ast-page-background-meta":{"desktop":{"background-color":"","background-image":"","background-repeat":"repeat","background-position":"center center","background-size":"auto","background-attachment":"scroll","background-type":"","background-media":"","overlay-type":"","overlay-color":"","overlay-gradient":""},"tablet":{"background-color":"","background-image":"","background-repeat":"repeat","background-position":"center center","background-size":"auto","background-attachment":"scroll","background-type":"","background-media":"","overlay-type":"","overlay-color":"","overlay-gradient":""},"mobile":{"background-color":"","background-image":"","background-repeat":"repeat","background-position":"center center","background-size":"auto","background-attachment":"scroll","background-type":"","background-media":"","overlay-type":"","overlay-color":"","overlay-gradient":""}},"ast-content-background-meta":{"desktop":{"background-color":"var(--ast-global-color-5)","background-image":"","background-repeat":"repeat","background-position":"center center","background-size":"auto","background-attachment":"scroll","background-type":"","background-media":"","overlay-type":"","overlay-color":"","overlay-gradient":""},"tablet":{"background-color":"var(--ast-global-color-5)","background-image":"","background-repeat":"repeat","background-position":"center center","background-size":"auto","background-attachment":"scroll","background-type":"","background-media":"","overlay-type":"","overlay-color":"","overlay-gradient":""},"mobile":{"background-color":"var(--ast-global-color-5)","background-image":"","background-repeat":"repeat","background-position":"center center","background-size":"auto","background-attachment":"scroll","background-type":"","background-media":"","overlay-type":"","overlay-color":"","overlay-gradient":""}},"footnotes":""},"uagb_featured_image_src":{"full":false,"thumbnail":false,"medium":false,"medium_large":false,"large":false,"1536x1536":false,"2048x2048":false,"trp-custom-language-flag":false},"uagb_author_info":{"display_name":"SOE","author_link":"https:\/\/supcom.standardof.net\/cs\/author\/k-tastic\/"},"uagb_comment_info":0,"uagb_excerpt":"1. PACIFY NEXUS Nexus appears to be lightly defended with only some T1 defenses and a Tactical Missile Launcher, but the mission is more difficult than it appears. There are actually T2 artillery lying in wait for you on the northern tip of the cape, preventing you from building a Naval Factory. Your starting area&hellip;","_links":{"self":[{"href":"https:\/\/supcom.standardof.net\/cs\/wp-json\/wp\/v2\/pages\/224"}],"collection":[{"href":"https:\/\/supcom.standardof.net\/cs\/wp-json\/wp\/v2\/pages"}],"about":[{"href":"https:\/\/supcom.standardof.net\/cs\/wp-json\/wp\/v2\/types\/page"}],"author":[{"embeddable":true,"href":"https:\/\/supcom.standardof.net\/cs\/wp-json\/wp\/v2\/users\/1"}],"replies":[{"embeddable":true,"href":"https:\/\/supcom.standardof.net\/cs\/wp-json\/wp\/v2\/comments?post=224"}],"version-history":[{"count":0,"href":"https:\/\/supcom.standardof.net\/cs\/wp-json\/wp\/v2\/pages\/224\/revisions"}],"up":[{"embeddable":true,"href":"https:\/\/supcom.standardof.net\/cs\/wp-json\/wp\/v2\/pages\/122"}],"wp:attachment":[{"href":"https:\/\/supcom.standardof.net\/cs\/wp-json\/wp\/v2\/media?parent=224"}],"curies":[{"name":"wp","href":"https:\/\/api.w.org\/{rel}","templated":true}]}}