{"id":226,"date":"2020-10-31T15:21:04","date_gmt":"2020-10-31T19:21:04","guid":{"rendered":"https:\/\/supcom.standardof.net\/?page_id=226"},"modified":"2020-10-31T15:21:04","modified_gmt":"2020-10-31T19:21:04","slug":"aeon-operation-shining-star","status":"publish","type":"page","link":"https:\/\/supcom.standardof.net\/cs\/supreme-commander\/navody-na-kampan\/aeon-operation-shining-star\/","title":{"rendered":"Aeon Mission 5 - Operation Shining Star"},"content":{"rendered":"<h3 class=\"wp-block-heading\">1. ZASTAVTE ARIELOV\u00dd \u00daTOK<\/h3>\n\n\n\n<p>P\u0159ed pozemn\u00edmi \u00fatoky p\u0159ich\u00e1zej\u00ed leteck\u00e9 \u00fatoky, proto up\u0159ednostn\u011bte T3 Engineers a T2 mobile flak gun p\u0159ed jin\u00fdmi jednotkami. Upgradujte sv\u00e9 tov\u00e1rny na pozemky postupn\u011b, abyste nep\u0159eru\u0161ili v\u00fdrobu. Na\u0159i\u010fte sv\u00fdm jednotk\u00e1m, aby hl\u00eddkovaly kolem va\u0161\u00ed z\u00e1kladny i dvou civiln\u00edch koloni\u00ed na jihu. Vybudujte na sv\u00e9 z\u00e1kladn\u011b a v koloni\u00edch s\u00edlu letadel a bojov\u00fdch lod\u00ed T3, pokro\u010dil\u00e9 obrany (\u0161t\u00edty T3 a protivzdu\u0161n\u00e9 obrany s T2 body) a transporty T2 p\u0159ipraven\u00e9 k nasazen\u00ed pozemn\u00edch jednotek, kamkoli budete pot\u0159ebovat. Nakonec na v\u00e1s za\u00fato\u010d\u00ed d\u011blost\u0159electvo, tak\u017ee budete muset b\u00fdt dob\u0159e chr\u00e1n\u011bni. Kdy\u017e je c\u00edl 3 dokon\u010den, je tento tak\u00e9 dokon\u010den.<\/p>\n\n\n\n<h3 class=\"wp-block-heading\">2. CHR\u00c1N\u011aTE KOLONIE<\/h3>\n\n\n\n<p>Tento c\u00edl st\u00e1le prob\u00edh\u00e1 a jeho \u010d\u00e1st byla pokryta v\u00fd\u0161e. Proti nep\u0159\u00e1telsk\u00fdm bombard\u00e9r\u016fm a transportn\u00edm kapk\u00e1m byste m\u011bli b\u00fdt dob\u0159\u00ed, pokud m\u00e1te hl\u00eddky a \u0161t\u00edty p\u0159ed protivzdu\u0161nou obranou T3. Minim\u00e1ln\u011b 50% civiln\u00edch budov mus\u00ed p\u0159e\u017e\u00edt, jinak misi neusp\u011bjete.<\/p>\n\n\n\n<h3 class=\"wp-block-heading\">3. ROZPOU\u0160T\u011aJTE STRATEGICKOU STRU\u010cNOU OBRANU<\/h3>\n\n\n\n<p>Jakmile va\u0161i in\u017een\u00fd\u0159i upgraduj\u00ed va\u0161i ekonomiku pomoc\u00ed gener\u00e1tor\u016f a zpracovatel\u016f energie T3, po\u0161lete bal\u00ed\u010dky in\u017een\u00fdr\u016f do ka\u017ed\u00e9 kolonie a postavte strategickou protiraketovou obranu. Jakmile jsou postaveny, nechte je raketami Auto Build a \u0159ekn\u011bte sv\u00fdm technik\u016fm, aby jim pomohli. Va\u0161e hlavn\u00ed z\u00e1kladna nepot\u0159ebuje strategickou obranu. Budete v\u011bd\u011bt, \u017ee rakety p\u0159ich\u00e1zej\u00ed, kdy\u017e jsou pozemn\u00ed jednotky sesazeny nejprve na v\u00fdchod a pot\u00e9 na z\u00e1pad. Pot\u00e9, co jsou st\u0159ely odklon\u011bny, se k v\u00e1m vrhne dal\u0161\u00ed pozemn\u00ed a letectvo, aby za\u00fato\u010dilo na ob\u011b kolonie najednou - st\u00e1hn\u011bte sv\u00e9 letectvo zp\u011bt a zastavte je d\u0159\u00edve, ne\u017e zp\u016fsob\u00ed p\u0159\u00edli\u0161 velk\u00e9 \u0161kody.<\/p>\n\n\n\n<h3 class=\"wp-block-heading\">4. ZNI\u010cTE POZICE D\u011aLEN\u00cd D\u011aLEN\u00cd<\/h3>\n\n\n\n<p><em>Mapa se roz\u0161i\u0159uje na jih a z\u00e1pad<\/em><br>Ujist\u011bte se, \u017ee jsou va\u0161e z\u00e1kladny siln\u011b chr\u00e1n\u011bny. Okam\u017eit\u011b na v\u00e1s za\u010dnou \u00fato\u010dit. Severn\u00ed d\u011blost\u0159eleck\u00fd stanovi\u0161t\u011b m\u016f\u017ee b\u00fdt za\u00fato\u010deno vzdu\u0161n\u00fdmi a pozemn\u00edmi jednotkami, i kdy\u017e je siln\u011b st\u0159e\u017eeno roboty T3 a t\u011b\u017ek\u00fdm \u0161t\u00edtem - nejprve zam\u011b\u0159te roboty a pot\u00e9 se pod \u0161t\u00edt zni\u010dte. Kdy\u017e p\u0159estavujete svoji arm\u00e1du z tohoto \u00fatoku, po\u0161lete in\u017een\u00fdry na z\u00e1kladnu vyv\u00fd\u0161en\u00fdch n\u00e1horn\u00edch plo\u0161in s dal\u0161\u00edmi 2 d\u011blost\u0159eleck\u00fdmi pozicemi - taktick\u00fd odpalova\u010d raket tam m\u016f\u017ee za\u00fato\u010dit bez odvetn\u00fdch opat\u0159en\u00ed, i kdy\u017e proj\u00edt \u0161t\u00edtem bude trvat n\u011bkolik v\u00fdst\u0159el\u016f a zni\u010dit d\u011blost\u0159electvo.<\/p>\n\n\n\n<h3 class=\"wp-block-heading\">5. Zni\u010dte obrann\u00e9 pozice d\u011blost\u0159electva UEF<\/h3>\n\n\n\n<p>Let\u011bt p\u0159es Blakeovu z\u00e1kladnu na z\u00e1pad a odhalit tento c\u00edl. K dispozici je 10 d\u011blost\u0159eleck\u00fdch pozic. Pomoc\u00ed bombard\u00e9r\u016f T3 (se spoustou dal\u0161\u00edch vzdu\u0161n\u00fdch jednotek slou\u017e\u00edc\u00edch jako jejich osobn\u00ed \u0161t\u00edty) vyho\u010fte ty na sever, zat\u00edmco vzduchem klesnete s\u00edlu mobiln\u00edho d\u011blost\u0159electva T3 chr\u00e1n\u011bn\u00e9ho mobiln\u00edmi \u0161t\u00edty a va\u0161e nejsiln\u011bj\u0161\u00ed pozemn\u00ed jednotky na jih od mapu, zat\u00edmco se propracujete po b\u0159ehu \u0159eky a ni\u010d\u00edte jednu po druh\u00e9.<\/p>\n\n\n\n<h3 class=\"wp-block-heading\">6. DEFEAT CAPTAIN BLAKE<\/h3>\n\n\n\n<p>Jakmile budete m\u00edt arm\u00e1du v ji\u017en\u00ed \u010d\u00e1sti Blakeovy z\u00e1kladny, p\u0159ive\u010fte n\u011bjak\u00e9 in\u017een\u00fdry a postavte st\u00edn\u011bnou z\u00e1kladnu co nejbl\u00ed\u017ee jeho z\u00e1kladn\u011b. Um\u00edst\u011bte pod \u0161t\u00edty trochu d\u011blost\u0159electva a radaru T2 a m\u016f\u017eete beztrestn\u011b c\u00edlit na jeho z\u00e1kladnu, zat\u00edmco va\u0161e pozemn\u00ed jednotky chr\u00e1n\u00ed p\u0159ed odvetou. Nejlep\u0161\u00ed, ale \u010dasov\u011b nejn\u00e1ro\u010dn\u011bj\u0161\u00ed zp\u016fsob, jak zab\u00edt Blakea, je vyklidit linii anti-vzduchu na sever od jeho z\u00e1kladny, pot\u00e9 odhodit voj\u00e1ky na ob\u011b strany a zas\u00e1hnout ho ze v\u0161ech \u00fahl\u016f, zat\u00edmco ho va\u0161e bojov\u00e9 lod\u011b dokon\u010d\u00ed. Pokud to nen\u00ed mo\u017en\u00e9, m\u016f\u017eete po\u010dkat, a\u017e d\u011blost\u0159electvo zm\u011bkne jeho z\u00e1kladnu, a nasunout se s obrovskou pozemn\u00ed silou.<\/p>\n\n\n\n<h3 class=\"wp-block-heading\">7. DEFEAT THE COLOSSUS<\/h3>\n\n\n\n<p><em>Mapa se roz\u0161i\u0159uje na jih<br>P\u0159idan\u00e9 sch\u00e9ma: Strategick\u00fd raketomet<\/em><br>Jakmile zabijete Blakea, postavte na jeho star\u00e9m z\u00e1kladn\u011b novou z\u00e1kladnu s upgradovan\u00fdmi tov\u00e1rnami, gener\u00e1tory energie T3 a spoustou obrany. To je ide\u00e1ln\u00ed m\u00edsto pro vybudov\u00e1n\u00ed strategick\u00e9ho raketometu pro dal\u0161\u00ed c\u00edl. P\u0159esu\u0148te v\u0161echny sv\u00e9 pozemn\u00ed s\u00edly do vpusti, kde byly um\u00edst\u011bny ji\u017en\u00ed d\u011blost\u0159eleck\u00e9 pozice UEF. Kolos p\u0159ijde z jihoz\u00e1padu na severov\u00fdchod, p\u0159es \u0159eku a do rokle. Ho\u010fte na n\u011bj v\u0161echny sv\u00e9 s\u00edly, zejm\u00e9na vzdu\u0161n\u00e9, proto\u017ee Kolos nem\u00e1 \u017e\u00e1dnou protivzdu\u0161nou obranu a je dostate\u010dn\u011b pomal\u00fd na to, aby ho bomba T3 zas\u00e1hla \u010dist\u011b.<\/p>\n\n\n\n<h3 class=\"wp-block-heading\">8. DEFEAT ARIEL<\/h3>\n\n\n\n<p>Ariel je na n\u00e1horn\u00ed plo\u0161in\u011b na jihoz\u00e1pad\u011b. Nem\u016f\u017eete ji obl\u00e9hat d\u011blost\u0159electvem nebo taktick\u00fdmi raketomety, proto\u017ee jej\u00ed vlastn\u00ed taktick\u00e9 st\u0159ely se mohou dostat na opa\u010dn\u00e9 pob\u0159e\u017e\u00ed, pokud to zkus\u00edte. Na\u0161t\u011bst\u00ed nem\u00e1 \u017e\u00e1dnou strategickou protiraketovou obranu, tak\u017ee jen p\u00e1r jadern\u00fdch zbran\u00ed na jej\u00ed z\u00e1kladnu ji dokon\u010d\u00ed bez n\u00e1kladn\u00e9ho \u00fatoku.<\/p>\n\n\n\n<h3 class=\"has-text-align-center wp-block-heading\">Mission 5 - Operation Shining Star - Video Guide<\/h3>\n\n\n\n<figure class=\"wp-block-embed-youtube wp-block-embed is-type-video is-provider-youtube wp-embed-aspect-4-3 wp-has-aspect-ratio\"><div class=\"wp-block-embed__wrapper\">\n<div class=\"ast-oembed-container\" style=\"height: 100%;\"><iframe title=\"Operation Shining Star - M5 Aeon Campaign Hard - Supreme Commander\" width=\"500\" height=\"375\" src=\"https:\/\/www.youtube.com\/embed\/2ZvX9N5KiGM?feature=oembed\" frameborder=\"0\" allow=\"accelerometer; autoplay; clipboard-write; encrypted-media; gyroscope; picture-in-picture; web-share\" referrerpolicy=\"strict-origin-when-cross-origin\" allowfullscreen><\/iframe><\/div>\n<\/div><\/figure>","protected":false},"excerpt":{"rendered":"<p>1. STOP ARIEL&#8217;S ATTACK Air attacks come before land attacks, so prioritize T3 Engineers and T2 mobile flak guns before other units. Upgrade your Land Factories one at a time so you don&#8217;t cut off your production. Order your troops to patrol around your base as well as the two civilian colonies to the south. [&hellip;]<\/p>","protected":false},"author":1,"featured_media":0,"parent":122,"menu_order":3,"comment_status":"open","ping_status":"closed","template":"","meta":{"_uag_custom_page_level_css":"","site-sidebar-layout":"default","site-content-layout":"default","ast-site-content-layout":"","site-content-style":"default","site-sidebar-style":"default","ast-global-header-display":"","ast-banner-title-visibility":"","ast-main-header-display":"","ast-hfb-above-header-display":"","ast-hfb-below-header-display":"","ast-hfb-mobile-header-display":"","site-post-title":"","ast-breadcrumbs-content":"","ast-featured-img":"","footer-sml-layout":"","theme-transparent-header-meta":"default","adv-header-id-meta":"","stick-header-meta":"","header-above-stick-meta":"","header-main-stick-meta":"","header-below-stick-meta":"","astra-migrate-meta-layouts":"default","ast-page-background-enabled":"default","ast-page-background-meta":{"desktop":{"background-color":"","background-image":"","background-repeat":"repeat","background-position":"center center","background-size":"auto","background-attachment":"scroll","background-type":"","background-media":"","overlay-type":"","overlay-color":"","overlay-gradient":""},"tablet":{"background-color":"","background-image":"","background-repeat":"repeat","background-position":"center center","background-size":"auto","background-attachment":"scroll","background-type":"","background-media":"","overlay-type":"","overlay-color":"","overlay-gradient":""},"mobile":{"background-color":"","background-image":"","background-repeat":"repeat","background-position":"center center","background-size":"auto","background-attachment":"scroll","background-type":"","background-media":"","overlay-type":"","overlay-color":"","overlay-gradient":""}},"ast-content-background-meta":{"desktop":{"background-color":"var(--ast-global-color-5)","background-image":"","background-repeat":"repeat","background-position":"center center","background-size":"auto","background-attachment":"scroll","background-type":"","background-media":"","overlay-type":"","overlay-color":"","overlay-gradient":""},"tablet":{"background-color":"var(--ast-global-color-5)","background-image":"","background-repeat":"repeat","background-position":"center center","background-size":"auto","background-attachment":"scroll","background-type":"","background-media":"","overlay-type":"","overlay-color":"","overlay-gradient":""},"mobile":{"background-color":"var(--ast-global-color-5)","background-image":"","background-repeat":"repeat","background-position":"center center","background-size":"auto","background-attachment":"scroll","background-type":"","background-media":"","overlay-type":"","overlay-color":"","overlay-gradient":""}},"footnotes":""},"uagb_featured_image_src":{"full":false,"thumbnail":false,"medium":false,"medium_large":false,"large":false,"1536x1536":false,"2048x2048":false,"trp-custom-language-flag":false},"uagb_author_info":{"display_name":"SOE","author_link":"https:\/\/supcom.standardof.net\/cs\/author\/k-tastic\/"},"uagb_comment_info":0,"uagb_excerpt":"1. STOP ARIEL&#8217;S ATTACK Air attacks come before land attacks, so prioritize T3 Engineers and T2 mobile flak guns before other units. Upgrade your Land Factories one at a time so you don&#8217;t cut off your production. Order your troops to patrol around your base as well as the two civilian colonies to the south.&hellip;","_links":{"self":[{"href":"https:\/\/supcom.standardof.net\/cs\/wp-json\/wp\/v2\/pages\/226"}],"collection":[{"href":"https:\/\/supcom.standardof.net\/cs\/wp-json\/wp\/v2\/pages"}],"about":[{"href":"https:\/\/supcom.standardof.net\/cs\/wp-json\/wp\/v2\/types\/page"}],"author":[{"embeddable":true,"href":"https:\/\/supcom.standardof.net\/cs\/wp-json\/wp\/v2\/users\/1"}],"replies":[{"embeddable":true,"href":"https:\/\/supcom.standardof.net\/cs\/wp-json\/wp\/v2\/comments?post=226"}],"version-history":[{"count":0,"href":"https:\/\/supcom.standardof.net\/cs\/wp-json\/wp\/v2\/pages\/226\/revisions"}],"up":[{"embeddable":true,"href":"https:\/\/supcom.standardof.net\/cs\/wp-json\/wp\/v2\/pages\/122"}],"wp:attachment":[{"href":"https:\/\/supcom.standardof.net\/cs\/wp-json\/wp\/v2\/media?parent=226"}],"curies":[{"name":"wp","href":"https:\/\/api.w.org\/{rel}","templated":true}]}}