{"id":228,"date":"2020-10-31T15:22:18","date_gmt":"2020-10-31T19:22:18","guid":{"rendered":"https:\/\/supcom.standardof.net\/?page_id=228"},"modified":"2020-10-31T15:22:18","modified_gmt":"2020-10-31T19:22:18","slug":"aeon-operation-beginnings","status":"publish","type":"page","link":"https:\/\/supcom.standardof.net\/cs\/supreme-commander\/navody-na-kampan\/aeon-operation-zaciatky\/","title":{"rendered":"Aeon Mission 6 - Operation Beginnings"},"content":{"rendered":"<h3 class=\"wp-block-heading\">1. CENTRUM ZACHYT\u00c1V\u00c1N\u00cd \u010cERN\u00c9HO SLUNE\u010cN\u00cdHO CENTRA<\/h3>\n\n\n\n<p>Okam\u017eit\u011b budujte protivzdu\u0161nou obranu kolem sv\u00e9ho ostrova a va\u0161ich torp\u00e9dov\u00fdch odpalova\u010d\u016f T2 - kombinace T2 a T3 funguje nejl\u00e9pe, abyste mohli rychle z\u00edskat pokryt\u00ed, ale nakonec upgradovat. V\u011bt\u0161ina po\u010d\u00e1te\u010dn\u00edch \u00fatok\u016f je z jihov\u00fdchodu, tak\u017ee tam budujte sv\u00e9 n\u00e1mo\u0159n\u00ed s\u00edly a p\u0159ed svou z\u00e1kladnou z\u00edskejte \u0161t\u00edty, ne\u017e se p\u0159esunete, abyste zajali \u0159\u00edd\u00edc\u00ed centrum. P\u0159esto\u017ee transportn\u00ed kapky jsou vz\u00e1cn\u00e9 a snadno se s nimi bojuje, budete cht\u00edt obl\u00e9hac\u00ed roboty a jejich podp\u016frn\u00e9 jednotky, abyste si mohli vytvo\u0159it vlastn\u00ed transportn\u00ed kapky a p\u0159evz\u00edt Control Center. Leteck\u00e9 \u00fatoky budou p\u0159ich\u00e1zet ze severu, tak\u017ee se ujist\u011bte, \u017ee tam m\u00e1te protivzdu\u0161nou obranu T3 a va\u0161e farmy gener\u00e1tor\u016f \/ v\u00fdrobc\u016f T3 jsou dob\u0159e st\u00edn\u011bn\u00e9. Pokud jste si jisti, \u017ee se va\u0161\u00ed z\u00e1kladny nem\u016f\u017ee nic dotknout (ujist\u011bte se, \u017ee m\u00e1te na hl\u00eddkov\u00e9 trase va\u0161ich st\u00edha\u010dek Air Staging Facility, abyste udr\u017eeli palivo), upgradujte svou ACU pomoc\u00ed Advanced Resource Allocation pro dal\u0161\u00ed podporu zdroj\u016f a budujte obranu a odpalova\u010de strategick\u00fdch raket . Nukeujte uprost\u0159ed ostrova severn\u011b od \u0158\u00eddic\u00edho centra, abyste odstranili vnit\u0159n\u00ed obranu, zat\u00edmco va\u0161e n\u00e1mo\u0159n\u00ed flotila zni\u010d\u00ed obranu pod\u00e9l pob\u0159e\u017e\u00ed. Jakmile uvoln\u00edte cestu pro sv\u00e9 transporty, p\u0159esu\u0148te pozemn\u00ed s\u00edly dovnit\u0159. Pokud m\u00e1te pot\u00ed\u017ee se sund\u00e1n\u00edm t\u011b\u017ek\u00fdch \u0161t\u00edt\u016f a obl\u00e9hac\u00edmi roboty kolem Control Center, zatla\u010dte na okraje z\u00e1kladny, aby nezabil Control Vycentrujte, ale vyjm\u011bte obl\u00e9hac\u00ed roboty. P\u0159esu\u0148te sv\u00e9 vlastn\u00ed pozemn\u00ed s\u00edly a zajist\u011bte oblast. Tato dal\u0161\u00ed \u010d\u00e1st je docela t\u011b\u017ek\u00e1, proto si hru p\u0159ed zachycen\u00edm Control Center ulo\u017ete. Nep\u0159\u00e1tel\u00e9 \u00fato\u010d\u00ed ze severu a jihu se zvy\u0161uj\u00edc\u00ed se dravost\u00ed, ale je d\u016fle\u017eit\u00e9 m\u00edt na m\u00edst\u011b t\u011b\u017ekou obranu. Nasa\u010fte sv\u00e9 n\u00e1mo\u0159n\u00ed jednotky na hl\u00eddku, abyste pokryli leteckou trasu va\u0161ich transport\u016f, a pomoc\u00ed leteck\u00fdch jednotek podnikn\u011bte nep\u0159\u00e1telsk\u00e9 proti\u00fatoky, ne\u017e v\u00e1s zas\u00e1hnou. Ujist\u011bte se, \u017ee nenaraz\u00edte na limit jednotky, dokud nedostanete p\u00e1r \u0161t\u00edt\u016f T3 kolem \u0158\u00eddic\u00edho centra s protivzdu\u0161nou obranou T3. P\u0159esu\u0148te sem v\u0161echny sv\u00e9 pozemn\u00ed s\u00edly, abyste je chr\u00e1nili, a alespo\u0148 20 in\u017een\u00fdr\u016f T3, co bude n\u00e1sledovat.<\/p>\n\n\n\n<h3 class=\"wp-block-heading\">2. OBR\u00c1B\u011aJTE CENTRUM \u010cERN\u00c9HO SLUNE\u010cN\u00cdHO OVL\u00c1D\u00c1N\u00cd<\/h3>\n\n\n\n<p><em>Mapa se roz\u0161i\u0159uje na sever<\/em><br>Je odhalena z\u00e1kladna Cybran a maj\u00ed spoustu pavou\u010d\u00edch robot\u016f a obl\u00e9hac\u00edch robot\u016f. Na\u0161t\u011bst\u00ed m\u00e1te jadern\u00e9 zbran\u011b a v\u00e1\u0161 odpalova\u010d jader by m\u011bl m\u00ed\u0159it p\u0159ed nep\u0159\u00e1telsk\u00e9 jednotky, aby p\u0159ist\u00e1l tam, kde je arm\u00e1da. T\u00edmto zp\u016fsobem m\u016f\u017eete odstranit v\u011bt\u0161inu \u00fato\u010dn\u00e9 s\u00edly. Zbytek, hned po roz\u0161\u00ed\u0159en\u00ed mapy, nechte v\u0161echny sv\u00e9 in\u017een\u00fdry za\u010d\u00edt pracovat na Colossu, kter\u00fd j\u00ed na ob\u011bd spiderboty - pokud to m\u016f\u017eete dokon\u010dit v\u010das. Alternativn\u011b m\u016f\u017eete postavit \u0159adu obrany bod\u016f a d\u011blost\u0159electva T2 s t\u011b\u017ek\u00fdmi \u0161t\u00edty, pokud nem\u00e1te \u010das. Na obt\u00ed\u017enost Normal nem\u00e1 invazn\u00ed arm\u00e1da ze severu \u017e\u00e1dn\u00e9 pavouky, pouze pozemn\u00ed jednotky T3, tak\u017ee 2 jadern\u00e9 zbran\u011b zdarma zni\u010d\u00ed cel\u00e9 sv\u00e9 s\u00edly.<\/p>\n\n\n\n<h3 class=\"wp-block-heading\">3. DEFEAT THE CYBRAN COMMANDER<\/h3>\n\n\n\n<p>Mezit\u00edm by se va\u0161e n\u00e1mo\u0159n\u00ed flotila m\u011bla p\u0159esunout na b\u0159eh z\u00e1kladny Cybran. Pokud Cybranov\u00e9 nebudou rychle zni\u010deni, za\u010dnou stav\u011bt Soul Rippers, co\u017e pro v\u00e1s p\u0159edstavuje velk\u00fd probl\u00e9m. Pokud m\u00e1te v tomto okam\u017eiku dva odpalova\u010de jader, m\u016f\u017eete jejich jedinou Strategickou protiraketovou obranu p\u0159emoci atomov\u00fdmi atomy; m\u016f\u017eete tak\u00e9 pou\u017e\u00edt sv\u00e9 letectvo, abyste n\u011bkolikr\u00e1t odstranili jejich obranu a jadern\u00e9 zbran\u011b, nebo jednodu\u0161e na\u010derpali st\u00e1le v\u011bt\u0161\u00ed po\u010det lod\u00ed a oni obvykle vy\u0159adili velitele Cybran sami. Ujist\u011bte se, \u017ee p\u0159elet\u00edte pot\u00e9, co byl zni\u010den, abyste potvrdili, \u017ee z\u00e1kladna je zabita - kdy\u017e jste zanepr\u00e1zdn\u011bni Marxonem, nepot\u0159ebujete \u017e\u00e1dn\u00e9 tajn\u00e9 \u00fatoky. Nejjednodu\u0161\u0161\u00ed, ale nejpomalej\u0161\u00ed cestou je m\u00edt ohromnou n\u00e1mo\u0159n\u00ed s\u00edlu, co\u017e tak\u00e9 pom\u00e1h\u00e1 p\u0159i pln\u011bn\u00ed dal\u0161\u00edho c\u00edle. Bitevn\u00ed lod\u011b stoj\u00ed v t\u00e9to misi za ka\u017ed\u00fd cent sv\u00fdch n\u00e1klad\u016f, proto\u017ee mohou zni\u010dit v\u011bt\u0161inu z\u00e1kladny Cybran a Marxonovu d\u011blost\u0159eleckou obranu T2.<\/p>\n\n\n\n<h3 class=\"wp-block-heading\">4. ZNI\u010cTE MARXONA<\/h3>\n\n\n\n<p><em>Mapa se roz\u0161i\u0159uje na jih<\/em><br>\u010cern\u00e9 slunce je na ji\u017en\u00edm pob\u0159e\u017e\u00ed ostrova. Jakmile se mapa roz\u0161\u00ed\u0159\u00ed, obrovsk\u00e1 n\u00e1mo\u0159n\u00ed flotila se pohybuje od jihu k va\u0161\u00ed z\u00e1kladn\u011b. P\u0159esu\u0148te sv\u00e9 n\u00e1mo\u0159n\u00ed a leteck\u00e9 jednotky, abyste zachytili ASAP. D\u011blost\u0159electvo za\u010dne st\u0159\u00edlet na Control Center, tak\u017ee postavte v\u00edce \u0161t\u00edt\u016f, zat\u00edmco budete stav\u011bt n\u011bkolik Colossi a cara nebo dva. Jakmile budete m\u00edt sv\u00e9 experiment\u00e1ln\u00ed s\u00edly p\u0159ipraven\u00e9, po\u0161lete je na jih, zat\u00edmco va\u0161e n\u00e1mo\u0159n\u00ed flotila vezme Marxonovo n\u00e1mo\u0159nictvo a jeho n\u00e1mo\u0159n\u00ed tov\u00e1rny. Marxon tak\u00e9 stav\u00ed Colossi, ale va\u0161e nad\u0159azen\u00e1 \u010d\u00edsla a car by proti nim m\u011bli dob\u0159e fungovat. Pokud m\u00e1te to \u0161t\u011bst\u00ed, \u017ee vid\u00edte Marxona d\u0159\u00edve, ne\u017e v\u00e1\u0161 Colossi sestoup\u00ed do jeho obrovsk\u00e9 \u0159ady obran, zam\u011b\u0159te ho na rychl\u00e9 zabit\u00ed. Jinak zam\u011b\u0159te jeho strategickou protiraketovou obranu, jednu na z\u00e1pad a druhou na v\u00fdchod. Jakmile budou pry\u010d, m\u016f\u017eete jeho z\u00e1kladnu zne\u0161kodnit. Colossi nejsou naprosto nezbytn\u00ed; D\u011blost\u0159electvo T3 na va\u0161em ostrov\u011b m\u016f\u017ee Marxona st\u0159\u00edlet velmi pomalu, va\u0161e bitevn\u00ed lod\u011b mu mohou odebrat v\u011bt\u0161inu jeho obrany a pokud zni\u010d\u00edte jednu z jeho dvou jadern\u00fdch obrann\u00fdch pozic, m\u016f\u017eete p\u0159emoci jeho jadernou obranu vyst\u0159elen\u00edm 2 nebo 3 jadern\u00fdch odpalova\u010d\u016f sou\u010dasn\u011b.<\/p>\n\n\n\n<h3 class=\"has-text-align-center wp-block-heading\">Mission 6 - Beginnings Operation - Video Guide<\/h3>\n\n\n\n<figure class=\"wp-block-embed-youtube wp-block-embed is-type-video is-provider-youtube wp-embed-aspect-4-3 wp-has-aspect-ratio\"><div class=\"wp-block-embed__wrapper\">\n<div class=\"ast-oembed-container\" style=\"height: 100%;\"><iframe title=\"Operation Beginnings - M6 Aeon Campaign Hard - Supreme Commander\" width=\"500\" height=\"375\" src=\"https:\/\/www.youtube.com\/embed\/NTJCeTaFQhU?feature=oembed\" frameborder=\"0\" allow=\"accelerometer; autoplay; clipboard-write; encrypted-media; gyroscope; picture-in-picture; web-share\" referrerpolicy=\"strict-origin-when-cross-origin\" allowfullscreen><\/iframe><\/div>\n<\/div><\/figure>","protected":false},"excerpt":{"rendered":"<p>1. CAPTURE BLACK SUN CONTROL CENTER Immediately build air defenses around your island and your T2 torpedo launchers &#8211; a mix of T2 and T3 works best so that you can get coverage quickly but upgrade eventually. Most initial attacks are from the southeast, so build up your naval forces there and get shields over [&hellip;]<\/p>","protected":false},"author":1,"featured_media":0,"parent":122,"menu_order":3,"comment_status":"open","ping_status":"closed","template":"","meta":{"_uag_custom_page_level_css":"","site-sidebar-layout":"default","site-content-layout":"default","ast-site-content-layout":"","site-content-style":"default","site-sidebar-style":"default","ast-global-header-display":"","ast-banner-title-visibility":"","ast-main-header-display":"","ast-hfb-above-header-display":"","ast-hfb-below-header-display":"","ast-hfb-mobile-header-display":"","site-post-title":"","ast-breadcrumbs-content":"","ast-featured-img":"","footer-sml-layout":"","theme-transparent-header-meta":"default","adv-header-id-meta":"","stick-header-meta":"","header-above-stick-meta":"","header-main-stick-meta":"","header-below-stick-meta":"","astra-migrate-meta-layouts":"default","ast-page-background-enabled":"default","ast-page-background-meta":{"desktop":{"background-color":"","background-image":"","background-repeat":"repeat","background-position":"center center","background-size":"auto","background-attachment":"scroll","background-type":"","background-media":"","overlay-type":"","overlay-color":"","overlay-gradient":""},"tablet":{"background-color":"","background-image":"","background-repeat":"repeat","background-position":"center center","background-size":"auto","background-attachment":"scroll","background-type":"","background-media":"","overlay-type":"","overlay-color":"","overlay-gradient":""},"mobile":{"background-color":"","background-image":"","background-repeat":"repeat","background-position":"center center","background-size":"auto","background-attachment":"scroll","background-type":"","background-media":"","overlay-type":"","overlay-color":"","overlay-gradient":""}},"ast-content-background-meta":{"desktop":{"background-color":"var(--ast-global-color-5)","background-image":"","background-repeat":"repeat","background-position":"center center","background-size":"auto","background-attachment":"scroll","background-type":"","background-media":"","overlay-type":"","overlay-color":"","overlay-gradient":""},"tablet":{"background-color":"var(--ast-global-color-5)","background-image":"","background-repeat":"repeat","background-position":"center center","background-size":"auto","background-attachment":"scroll","background-type":"","background-media":"","overlay-type":"","overlay-color":"","overlay-gradient":""},"mobile":{"background-color":"var(--ast-global-color-5)","background-image":"","background-repeat":"repeat","background-position":"center center","background-size":"auto","background-attachment":"scroll","background-type":"","background-media":"","overlay-type":"","overlay-color":"","overlay-gradient":""}},"footnotes":""},"uagb_featured_image_src":{"full":false,"thumbnail":false,"medium":false,"medium_large":false,"large":false,"1536x1536":false,"2048x2048":false,"trp-custom-language-flag":false},"uagb_author_info":{"display_name":"SOE","author_link":"https:\/\/supcom.standardof.net\/cs\/author\/k-tastic\/"},"uagb_comment_info":0,"uagb_excerpt":"1. CAPTURE BLACK SUN CONTROL CENTER Immediately build air defenses around your island and your T2 torpedo launchers &#8211; a mix of T2 and T3 works best so that you can get coverage quickly but upgrade eventually. Most initial attacks are from the southeast, so build up your naval forces there and get shields over&hellip;","_links":{"self":[{"href":"https:\/\/supcom.standardof.net\/cs\/wp-json\/wp\/v2\/pages\/228"}],"collection":[{"href":"https:\/\/supcom.standardof.net\/cs\/wp-json\/wp\/v2\/pages"}],"about":[{"href":"https:\/\/supcom.standardof.net\/cs\/wp-json\/wp\/v2\/types\/page"}],"author":[{"embeddable":true,"href":"https:\/\/supcom.standardof.net\/cs\/wp-json\/wp\/v2\/users\/1"}],"replies":[{"embeddable":true,"href":"https:\/\/supcom.standardof.net\/cs\/wp-json\/wp\/v2\/comments?post=228"}],"version-history":[{"count":0,"href":"https:\/\/supcom.standardof.net\/cs\/wp-json\/wp\/v2\/pages\/228\/revisions"}],"up":[{"embeddable":true,"href":"https:\/\/supcom.standardof.net\/cs\/wp-json\/wp\/v2\/pages\/122"}],"wp:attachment":[{"href":"https:\/\/supcom.standardof.net\/cs\/wp-json\/wp\/v2\/media?parent=228"}],"curies":[{"name":"wp","href":"https:\/\/api.w.org\/{rel}","templated":true}]}}