{"id":231,"date":"2020-10-31T15:37:30","date_gmt":"2020-10-31T19:37:30","guid":{"rendered":"https:\/\/supcom.standardof.net\/?page_id=231"},"modified":"2020-11-04T22:29:43","modified_gmt":"2020-11-05T03:29:43","slug":"uef","status":"publish","type":"page","link":"https:\/\/supcom.standardof.net\/cs\/supreme-commander\/uef\/","title":{"rendered":"UEF"},"content":{"rendered":"<h2 class=\"has-text-align-center wp-block-heading\">JEDNOTKY UEF<\/h2>\n\n\n\n<div class=\"wp-block-image\"><figure class=\"aligncenter size-large\"><a href=\"https:\/\/supcom.standardof.net\/cs\/sup-com-uef-commander-promo\/\"><img decoding=\"async\" width=\"600\" height=\"564\" src=\"https:\/\/supcom.standardof.net\/wp-content\/uploads\/sites\/8\/2020\/10\/Sup-Com-UEF-Commander-Promo.jpg\" alt=\"\" class=\"wp-image-254\" srcset=\"https:\/\/supcom.standardof.net\/wp-content\/uploads\/sites\/8\/2020\/10\/Sup-Com-UEF-Commander-Promo.jpg 600w, https:\/\/supcom.standardof.net\/wp-content\/uploads\/sites\/8\/2020\/10\/Sup-Com-UEF-Commander-Promo-512x481.jpg 512w, https:\/\/supcom.standardof.net\/wp-content\/uploads\/sites\/8\/2020\/10\/Sup-Com-UEF-Commander-Promo-200x188.jpg 200w, https:\/\/supcom.standardof.net\/wp-content\/uploads\/sites\/8\/2020\/10\/Sup-Com-UEF-Commander-Promo-13x12.jpg 13w\" sizes=\"(max-width: 600px) 100vw, 600px\" \/><\/a><\/figure><\/div>\n\n\n\n<p><a href=\"https:\/\/www.standardof.net\/wp-content\/uploads\/2011\/10\/SupremeCommander-2011-10-15-05-27-16-21.png\" class=\"rank-math-link\" target=\"_blank\" rel=\"noopener\"><\/a>Unik\u00e1tn\u00ed jednotkou UEF jsou 3 experimenty a T3 air Heavy Gunship. Standardn\u00ed v\u00fdzbroj\u00ed UEF jsou tradi\u010dn\u00ed gran\u00e1ty a zbran\u011b. Maj\u00ed tendenci m\u00edt v\u00edce brn\u011bn\u00ed a men\u0161\u00ed rychlost ne\u017e ekvivalentn\u00ed jednotky jin\u00fdch frakc\u00ed. UEF m\u016f\u017ee pou\u017e\u00edt dobrou kombinaci pozemn\u00edch jednotek k v\u010dasn\u00e9mu boji proti roj\u016fm jednotliv\u00fdch jednotek jin\u00fdch ras, pot\u00e9 si z\u00edsk\u00e1 v\u00fdhodu pomoc\u00ed obl\u00e9hac\u00edch robot\u016f T3 a t\u011b\u017ek\u00e9ho bojov\u00e9ho vrtuln\u00edku. Chyb\u00ed jim nosi\u010d T3, proto\u017ee jejich n\u00e1mo\u0159n\u00ed jednotka T4 je stejn\u011b nosi\u010dem. UEU ACU m\u00e1 celou \u0159adu obrann\u00fdch vylep\u0161en\u00ed, od \u0161t\u00edt\u016f p\u0159es rakety a\u017e po vylep\u0161enou schopnost regenerace.<\/p>\n\n\n\n<section class=\"wp-block-uagb-columns uagb-columns__wrap uagb-columns__background-undefined uagb-columns__stack-mobile uagb-columns__valign-undefined uagb-columns__gap-10 alignundefined uagb-block-65130051\"><div class=\"uagb-columns__overlay\"><\/div><div class=\"uagb-columns__inner-wrap uagb-columns__columns-1\">\n<div class=\"wp-block-uagb-column uagb-column__wrap uagb-column__background-undefined uagb-block-54269797\"><div class=\"uagb-column__overlay\"><\/div><div class=\"uagb-column__inner-wrap\">\n<h3 class=\"wp-block-heading\">Velitel\u00e9 UEF<\/h3>\n\n\n\n<ul><li><a href=\"https:\/\/supcom.standardof.net\/cs\/supreme-commander\/uef\/velitel-uef\/\" class=\"rank-math-link\">Velitel (ACU)<\/a><\/li><li><a href=\"https:\/\/supcom.standardof.net\/cs\/supreme-commander\/uef\/uef-subcommander\/\" class=\"rank-math-link\">D\u00edl\u010d\u00ed velitel (SCU)<\/a><\/li><\/ul>\n<\/div><\/div>\n<\/div><\/section>\n\n\n\n<section class=\"wp-block-uagb-columns uagb-columns__wrap uagb-columns__background-undefined uagb-columns__stack-mobile uagb-columns__valign-undefined uagb-columns__gap-10 alignundefined uagb-block-e1b80797\"><div class=\"uagb-columns__overlay\"><\/div><div class=\"uagb-columns__inner-wrap uagb-columns__columns-1\">\n<div class=\"wp-block-uagb-column uagb-column__wrap uagb-column__background-undefined uagb-block-6334f213\"><div class=\"uagb-column__overlay\"><\/div><div class=\"uagb-column__inner-wrap\">\n<h3 class=\"wp-block-heading\">Pozemkov\u00e9 jednotky<\/h3>\n<\/div><\/div>\n<\/div><\/section>\n\n\n\n<section class=\"wp-block-uagb-columns uagb-columns__wrap uagb-columns__background-undefined uagb-columns__stack-mobile uagb-columns__valign-undefined uagb-columns__gap-10 alignundefined uagb-block-a943ea14\"><div class=\"uagb-columns__overlay\"><\/div><div class=\"uagb-columns__inner-wrap uagb-columns__columns-3\">\n<div class=\"wp-block-uagb-column uagb-column__wrap uagb-column__background-undefined uagb-block-6e264444\"><div class=\"uagb-column__overlay\"><\/div><div class=\"uagb-column__inner-wrap\">\n<h4 class=\"wp-block-heading\"><a href=\"https:\/\/supcom.standardof.net\/cs\/supreme-commander\/uef\/tech-1-uef-pozemni-jednotky\/\" class=\"rank-math-link\">Zem\u011b 1. \u00farovn\u011b<\/a><\/h4>\n\n\n\n<ul><li><a href=\"https:\/\/supcom.standardof.net\/cs\/supreme-commander\/uef\/tech-1-uef-pozemni-jednotky\/#engineer-t1-constructor\" class=\"rank-math-link\">IN\u017dEN\u00ddR<\/a> <br><sup>KONSTRUKTOR T1<\/sup><\/li><li><a href=\"https:\/\/supcom.standardof.net\/cs\/supreme-commander\/uef\/tech-1-uef-pozemni-jednotky\/#ma12-striker-medium-tank\" class=\"rank-math-link\">MA12 STRIKER<\/a> <br><sup>ST\u0158EDN\u00cd N\u00c1DR\u017d<\/sup><\/li><li><a href=\"https:\/\/supcom.standardof.net\/cs\/supreme-commander\/uef\/tech-1-uef-pozemni-jednotky\/#lobo-mobile-light-artillery\" class=\"rank-math-link\">LOBO<\/a><br><sup>MOBILN\u00cd SV\u011aTELN\u00c9 D\u011alost\u0159electvo<\/sup><\/li><li><a href=\"https:\/\/supcom.standardof.net\/cs\/supreme-commander\/uef\/tech-1-uef-pozemni-jednotky\/#archer-mobile-anti-air-gun\" class=\"rank-math-link\">LUKOST\u0158ELEC<\/a><br><sup>MOBILN\u00cd PROTI VZDUCHOV\u00c1 PISTOLE<\/sup><\/li><\/ul>\n<\/div><\/div>\n\n\n\n<div class=\"wp-block-uagb-column uagb-column__wrap uagb-column__background-undefined uagb-block-c303681c\"><div class=\"uagb-column__overlay\"><\/div><div class=\"uagb-column__inner-wrap\">\n<h4 class=\"wp-block-heading\"><a href=\"https:\/\/supcom.standardof.net\/cs\/supreme-commander\/uef\/tech-2-uef-pozemni-jednotky\/\" class=\"rank-math-link\">Zem\u011b 2. \u00farovn\u011b<\/a><\/h4>\n\n\n\n<ul><li><a href=\"https:\/\/supcom.standardof.net\/cs\/supreme-commander\/uef\/tech-2-uef-pozemni-jednotky\/#t2-uef-engineer\" class=\"rank-math-link\">T2 IN\u017dEN\u00ddR<\/a><br><sup>KONSTRUKTOR T2<\/sup><\/li><li><a href=\"https:\/\/supcom.standardof.net\/cs\/supreme-commander\/uef\/tech-2-uef-pozemni-jednotky\/#pillar-heavy-tank\" class=\"rank-math-link\">PIL\u00cd\u0158<\/a><br><sup>T\u011a\u017dK\u00c1 N\u00c1DR\u017d<\/sup><\/li><li><a href=\"https:\/\/supcom.standardof.net\/cs\/supreme-commander\/uef\/tech-2-uef-pozemni-jednotky\/#sky-boxer-mobile-aa-flak-artillery\" class=\"rank-math-link\">SKY BOXER<\/a> <br><sup>MOBILN\u00cd AA FLAK D\u011blost\u0159electvo<\/sup><\/li><li><a href=\"https:\/\/supcom.standardof.net\/cs\/supreme-commander\/uef\/tech-2-uef-pozemni-jednotky\/#flapjack-mobile-missile-launcher\" class=\"rank-math-link\">DORT<\/a><br><sup>MOBILN\u00cd MISSILE LAUNCHER<\/sup><\/li><li><a href=\"https:\/\/supcom.standardof.net\/cs\/supreme-commander\/uef\/tech-2-uef-pozemni-jednotky\/#riptide-amphibious-tank\" class=\"rank-math-link\">RIPTIDE<\/a> <br><sup>Oboj\u017eiveln\u00e1 n\u00e1dr\u017e<\/sup><\/li><li><a href=\"https:\/\/supcom.standardof.net\/cs\/supreme-commander\/uef\/tech-2-uef-pozemni-jednotky\/#parashield-mobile-shield-generator\" class=\"rank-math-link\">PARASHIELD<\/a><br><sup>MOBILN\u00cd GENER\u00c1TOR \u0160T\u00cdTU<\/sup><\/li><\/ul>\n<\/div><\/div>\n\n\n\n<div class=\"wp-block-uagb-column uagb-column__wrap uagb-column__background-undefined uagb-block-8c972844\"><div class=\"uagb-column__overlay\"><\/div><div class=\"uagb-column__inner-wrap\">\n<h4 class=\"wp-block-heading\"><a href=\"https:\/\/supcom.standardof.net\/cs\/supreme-commander\/uef\/tech-2-uef-pozemni-jednotky\/\" class=\"rank-math-link\">Zem\u011b 3. \u00farovn\u011b<\/a><\/h4>\n\n\n\n<ul><li><a href=\"https:\/\/supcom.standardof.net\/cs\/supreme-commander\/uef\/tech-3-uef-pozemni-jednotky\/#t3-uef-engineer\" class=\"rank-math-link\">IN\u017dEN\u00ddR T3<\/a><br><sup>KONSTRUKTOR T3<\/sup><\/li><li><a href=\"https:\/\/supcom.standardof.net\/cs\/supreme-commander\/uef\/tech-3-uef-pozemni-jednotky\/#titan-siege-assault-bot\" class=\"rank-math-link\">TITAN<\/a> <br><sup>SIEGE ASSAULT BOT<\/sup><\/li><li><a href=\"https:\/\/supcom.standardof.net\/cs\/supreme-commander\/uef\/tech-3-uef-pozemni-jednotky\/#demolisher-mobile-heavy-artillery\" class=\"rank-math-link\">DEMOLI\u010cN\u00cdK<\/a><br><sup>MOBILN\u00cd T\u011a\u017dK\u00c9 D\u011alost\u0159electvo<\/sup><\/li><\/ul>\n<\/div><\/div>\n<\/div><\/section>\n\n\n\n<section class=\"wp-block-uagb-columns uagb-columns__wrap uagb-columns__background-undefined uagb-columns__stack-mobile uagb-columns__valign-undefined uagb-columns__gap-10 alignundefined uagb-block-5b2438e4\"><div class=\"uagb-columns__overlay\"><\/div><div class=\"uagb-columns__inner-wrap uagb-columns__columns-1\">\n<div class=\"wp-block-uagb-column uagb-column__wrap uagb-column__background-undefined uagb-block-66fec082\"><div class=\"uagb-column__overlay\"><\/div><div class=\"uagb-column__inner-wrap\">\n<h3 class=\"wp-block-heading\" id=\"Air-Units\">Vzduchov\u00e9 jednotky<\/h3>\n<\/div><\/div>\n<\/div><\/section>\n\n\n\n<section class=\"wp-block-uagb-columns uagb-columns__wrap uagb-columns__background-undefined uagb-columns__stack-mobile uagb-columns__valign-undefined uagb-columns__gap-10 alignundefined uagb-block-f8a53e60\"><div class=\"uagb-columns__overlay\"><\/div><div class=\"uagb-columns__inner-wrap uagb-columns__columns-3\">\n<div class=\"wp-block-uagb-column uagb-column__wrap uagb-column__background-undefined uagb-block-1a25d205\"><div class=\"uagb-column__overlay\"><\/div><div class=\"uagb-column__inner-wrap\">\n<h4 class=\"wp-block-heading\"><a href=\"https:\/\/supcom.standardof.net\/cs\/supreme-commander\/uef\/tech-1-uef-air-jednotky\/\">\u00darove\u0148 1 Air<\/a><\/h4>\n\n\n\n<ul><li><a href=\"https:\/\/supcom.standardof.net\/cs\/supreme-commander\/uef\/tech-1-uef-air-jednotky\/#hummingbird-air-scout\" class=\"rank-math-link\">KOLIB\u0158\u00cdK <\/a><br><sup>AIR SCOUT<\/sup><\/li><li><a href=\"https:\/\/supcom.standardof.net\/cs\/supreme-commander\/uef\/tech-1-uef-air-jednotky\/#cyclone-interceptor\" class=\"rank-math-link\">CYKL\u00d3N<\/a> <br><sup>INTERCEPTOR<\/sup><\/li><li><a href=\"https:\/\/supcom.standardof.net\/cs\/supreme-commander\/uef\/tech-1-uef-air-jednotky\/#scorcher-attack-bomber\" class=\"rank-math-link\">PA\u0158\u00c1K<\/a><br><sup>\u00daTO\u010cN\u00c1 BOMBA<\/sup><\/li><li><a href=\"https:\/\/supcom.standardof.net\/cs\/supreme-commander\/uef\/tech-1-uef-air-jednotky\/#c-6-courier-light-air-transport\" class=\"rank-math-link\">C-6 KUR\u00ddR<\/a><br><sup>SV\u011aTL\u00dd VZDUCHOV\u00dd DOPRAVA<a href=\"https:\/\/supcom.standardof.net\/cs\/supreme-commander\/uef\/tech-1-uef-air-jednotky\/#c-6-courier-light-air-transport\" class=\"rank-math-link\">T<\/a><\/sup><\/li><\/ul>\n<\/div><\/div>\n\n\n\n<div class=\"wp-block-uagb-column uagb-column__wrap uagb-column__background-undefined uagb-block-0217f676\"><div class=\"uagb-column__overlay\"><\/div><div class=\"uagb-column__inner-wrap\">\n<h4 class=\"wp-block-heading\"><a href=\"https:\/\/supcom.standardof.net\/cs\/supreme-commander\/uef\/tech-2-uef-air-jednotky\/\">\u00darove\u0148 2 Air<\/a><\/h4>\n\n\n\n<ul><li><a href=\"https:\/\/supcom.standardof.net\/cs\/supreme-commander\/uef\/tech-2-uef-air-jednotky\/#janus-bomber\" class=\"rank-math-link\">Janus<\/a> <br><sup>BOMBARD\u00c9R<\/sup><\/li><li><a href=\"https:\/\/supcom.standardof.net\/cs\/supreme-commander\/uef\/tech-2-uef-air-jednotky\/#stork-torpedo-bomber\" class=\"rank-math-link\">\u010c\u00c1P<\/a> <br><sup>TORPEDO BOMBER<\/sup><\/li><li><a href=\"https:\/\/supcom.standardof.net\/cs\/supreme-commander\/uef\/tech-2-uef-air-jednotky\/#stinger-gunship\" class=\"rank-math-link\">STINGER<\/a> <br><sup>PISTOLE<\/sup><\/li><li><a href=\"https:\/\/supcom.standardof.net\/cs\/supreme-commander\/uef\/tech-2-uef-air-jednotky\/#c14-star-lifter-air-transport\" class=\"rank-math-link\">C14 STAR LIFTER<\/a><br><sup>LETECK\u00c1 DOPRAVA<\/sup><\/li><\/ul>\n<\/div><\/div>\n\n\n\n<div class=\"wp-block-uagb-column uagb-column__wrap uagb-column__background-undefined uagb-block-519a1644\"><div class=\"uagb-column__overlay\"><\/div><div class=\"uagb-column__inner-wrap\">\n<h4 class=\"wp-block-heading\"><a href=\"https:\/\/supcom.standardof.net\/cs\/supreme-commander\/uef\/tech-3-uef-air-jednotky\/\">\u00darove\u0148 3 Air<\/a><\/h4>\n\n\n\n<ul><li><a href=\"https:\/\/supcom.standardof.net\/cs\/supreme-commander\/uef\/tech-3-uef-air-jednotky\/#sr90-blackbird-spy-plane\" class=\"rank-math-link\">SR90 BLACKBIRD<\/a> <br><sup>SPY PLANE<\/sup><\/li><li><a href=\"https:\/\/supcom.standardof.net\/cs\/supreme-commander\/uef\/tech-3-uef-air-jednotky\/#wasp-air-superiority-fighter\" class=\"rank-math-link\">VOSA<\/a><br><sup>LETECK\u00c1 SUPERIORITA<\/sup><\/li><li><a href=\"https:\/\/supcom.standardof.net\/cs\/supreme-commander\/uef\/tech-3-uef-air-jednotky\/#ambassador-strategic-bomber\" class=\"rank-math-link\">VELVYSLANEC<\/a> <br><sup>STRATEGICK\u00c1 BOMBA<\/sup><\/li><li><a href=\"https:\/\/supcom.standardof.net\/cs\/supreme-commander\/uef\/tech-3-uef-air-jednotky\/#broadsword-heavy-gunship\" class=\"rank-math-link\">\u0160IROK\u00c9 SLOVO<\/a> <br><sup>T\u011a\u017dK\u00c1 PISTOLE<\/sup><\/li><\/ul>\n<\/div><\/div>\n<\/div><\/section>\n\n\n\n<section class=\"wp-block-uagb-columns uagb-columns__wrap uagb-columns__background-undefined uagb-columns__stack-mobile uagb-columns__valign-undefined uagb-columns__gap-10 alignundefined uagb-block-eabbe2df\"><div class=\"uagb-columns__overlay\"><\/div><div class=\"uagb-columns__inner-wrap uagb-columns__columns-1\">\n<div class=\"wp-block-uagb-column uagb-column__wrap uagb-column__background-undefined uagb-block-4e728aeb\"><div class=\"uagb-column__overlay\"><\/div><div class=\"uagb-column__inner-wrap\">\n<h3 class=\"wp-block-heading\" id=\"Air-Units\">N\u00e1mo\u0159n\u00ed jednotky<\/h3>\n<\/div><\/div>\n<\/div><\/section>\n\n\n\n<section class=\"wp-block-uagb-columns uagb-columns__wrap uagb-columns__background-undefined uagb-columns__stack-mobile uagb-columns__valign-undefined uagb-columns__gap-10 alignundefined uagb-block-3f7c6314\"><div class=\"uagb-columns__overlay\"><\/div><div class=\"uagb-columns__inner-wrap uagb-columns__columns-3\">\n<div class=\"wp-block-uagb-column uagb-column__wrap uagb-column__background-undefined uagb-block-a13f7fd6\"><div class=\"uagb-column__overlay\"><\/div><div class=\"uagb-column__inner-wrap\">\n<h4 class=\"wp-block-heading\"><a href=\"https:\/\/supcom.standardof.net\/cs\/supreme-commander\/uef\/tech-1-uef-namorni-jednotky\/\">\u00darove\u0148 1 n\u00e1mo\u0159n\u00ed<\/a><\/h4>\n\n\n\n<ul><li><a href=\"https:\/\/supcom.standardof.net\/cs\/supreme-commander\/uef\/tech-1-uef-namorni-jednotky\/#tigershark-attack-submarine\" class=\"rank-math-link\">\u017dRALOK TYG\u0158\u00cd <\/a><br><sup>\u00daTO\u010cN\u00c1 SUBMARINE<\/sup><\/li><li><a href=\"https:\/\/supcom.standardof.net\/cs\/supreme-commander\/uef\/tech-1-uef-namorni-jednotky\/#thunderhead-class-frigate\" class=\"rank-math-link\">THUNDERHEAD<\/a><br><sup>FREGATA<\/sup> <sup>T\u0158\u00cdDA<\/sup><\/li><\/ul>\n<\/div><\/div>\n\n\n\n<div class=\"wp-block-uagb-column uagb-column__wrap uagb-column__background-undefined uagb-block-968c6699\"><div class=\"uagb-column__overlay\"><\/div><div class=\"uagb-column__inner-wrap\">\n<h4 class=\"wp-block-heading\"><a href=\"https:\/\/supcom.standardof.net\/cs\/supreme-commander\/uef\/tech-2-uef-namorni-jednotky\/\">\u00darove\u0148 2 n\u00e1mo\u0159n\u00ed<\/a><\/h4>\n\n\n\n<ul><li><a href=\"https:\/\/supcom.standardof.net\/cs\/supreme-commander\/uef\/tech-2-uef-namorni-jednotky\/#governor-class-cruiser\" class=\"rank-math-link\">GUVERN\u00c9R <\/a><br><sup>T\u0158\u00cdDA CRUISER<\/sup><\/li><li><a href=\"https:\/\/supcom.standardof.net\/cs\/supreme-commander\/uef\/tech-2-uef-namorni-jednotky\/#valiant-class-destroyer\" class=\"rank-math-link\">STATE\u010cN\u00dd <\/a><br><sup>T\u0158\u00cdDA NI\u010cITEL\u016e<\/sup><\/li><\/ul>\n<\/div><\/div>\n\n\n\n<div class=\"wp-block-uagb-column uagb-column__wrap uagb-column__background-undefined uagb-block-61cc8635\"><div class=\"uagb-column__overlay\"><\/div><div class=\"uagb-column__inner-wrap\">\n<h4 class=\"wp-block-heading\"><a href=\"https:\/\/supcom.standardof.net\/cs\/supreme-commander\/uef\/tech-3-uef-naval-units\/\" class=\"rank-math-link\">\u00darove\u0148 3 n\u00e1mo\u0159n\u00ed<\/a><\/h4>\n\n\n\n<ul><li><a href=\"https:\/\/supcom.standardof.net\/cs\/supreme-commander\/uef\/tech-3-uef-naval-units\/#summit-class-battleship\" class=\"rank-math-link\">SUMMIT <\/a><br><sup>T\u0158\u00cdDA BITTLESHIPU<\/sup><\/li><li><a href=\"https:\/\/supcom.standardof.net\/cs\/supreme-commander\/uef\/tech-3-uef-naval-units\/#ace-strategic-missile-submarine\" class=\"rank-math-link\">ESO <\/a><br><sup>STRATEGICK\u00c1 MISSILE SUBMARINE<\/sup><\/li><\/ul>\n<\/div><\/div>\n<\/div><\/section>\n\n\n\n<section class=\"wp-block-uagb-columns uagb-columns__wrap uagb-columns__background-undefined uagb-columns__stack-mobile uagb-columns__valign-undefined uagb-columns__gap-10 alignundefined uagb-block-e662c212\"><div class=\"uagb-columns__overlay\"><\/div><div class=\"uagb-columns__inner-wrap uagb-columns__columns-2\">\n<div class=\"wp-block-uagb-column uagb-column__wrap uagb-column__background-undefined uagb-block-c826c08a\"><div class=\"uagb-column__overlay\"><\/div><div class=\"uagb-column__inner-wrap\">\n<h3 class=\"wp-block-heading\" id=\"Defenses\">Obrana<\/h3>\n\n\n\n<ul><li><a href=\"https:\/\/supcom.standardof.net\/cs\/supreme-commander\/uef\/obrana-tech-1-uef\/\" class=\"rank-math-link\">Obrany 1. \u00farovn\u011b<\/a><\/li><li><a href=\"https:\/\/supcom.standardof.net\/cs\/supreme-commander\/uef\/tech-2-uef-obrana\/\" class=\"rank-math-link\">Obrany 2. \u00farovn\u011b<\/a><\/li><li><a href=\"https:\/\/supcom.standardof.net\/cs\/supreme-commander\/uef\/tech-3-uef-obrany\/\" class=\"rank-math-link\">Obrany 3. \u00farovn\u011b<\/a><\/li><\/ul>\n<\/div><\/div>\n\n\n\n<div class=\"wp-block-uagb-column uagb-column__wrap uagb-column__background-undefined uagb-block-796c4d70\"><div class=\"uagb-column__overlay\"><\/div><div class=\"uagb-column__inner-wrap\">\n<h3 class=\"wp-block-heading\" id=\"Economy\">Ekonomika<\/h3>\n\n\n\n<ul><li><a href=\"https:\/\/supcom.standardof.net\/cs\/supreme-commander\/uef\/tech-1-uef-ekonomika-budovy\/\" class=\"rank-math-link\">Ekonomika \u00farovn\u011b 1<\/a><\/li><li><a href=\"https:\/\/supcom.standardof.net\/cs\/supreme-commander\/uef\/tech-2-uef-ekonomika-budovy\/\" class=\"rank-math-link\">\u00darove\u0148 ekonomiky 2<\/a><\/li><li><a href=\"https:\/\/supcom.standardof.net\/cs\/supreme-commander\/uef\/tech-3-uef-ekonomika-budovy\/\" class=\"rank-math-link\">Ekonomika 3. \u00farovn\u011b<\/a><\/li><\/ul>\n<\/div><\/div>\n<\/div><\/section>\n\n\n\n<section class=\"wp-block-uagb-columns uagb-columns__wrap uagb-columns__background-undefined uagb-columns__stack-mobile uagb-columns__valign-undefined uagb-columns__gap-10 alignundefined uagb-block-4757a3b7\"><div class=\"uagb-columns__overlay\"><\/div><div class=\"uagb-columns__inner-wrap uagb-columns__columns-1\">\n<div class=\"wp-block-uagb-column uagb-column__wrap uagb-column__background-undefined uagb-block-44688738\"><div class=\"uagb-column__overlay\"><\/div><div class=\"uagb-column__inner-wrap\">\n<h3 class=\"wp-block-heading\"><a href=\"https:\/\/supcom.standardof.net\/cs\/supreme-commander\/uef\/uef-experimentalni-jednotky\/\" class=\"rank-math-link\">Experiment\u00e1ln\u00ed jednotky<\/a><\/h3>\n<\/div><\/div>\n<\/div><\/section>","protected":false},"excerpt":{"rendered":"<p>UEF UNITS The UEF&#8217;s unique units are the 3 experimentals and the T3 air Heavy Gunship. UEF standard armaments are traditional shells and guns. They tend to have more armor and less speed than other factions&#8217; equivalent units. UEF can use a good mix of land units to combat other races&#8217; single unit swarms early [&hellip;]<\/p>","protected":false},"author":1,"featured_media":0,"parent":14,"menu_order":0,"comment_status":"closed","ping_status":"closed","template":"","meta":{"_uag_custom_page_level_css":"","site-sidebar-layout":"default","site-content-layout":"default","ast-site-content-layout":"","site-content-style":"default","site-sidebar-style":"default","ast-global-header-display":"","ast-banner-title-visibility":"","ast-main-header-display":"","ast-hfb-above-header-display":"","ast-hfb-below-header-display":"","ast-hfb-mobile-header-display":"","site-post-title":"","ast-breadcrumbs-content":"","ast-featured-img":"","footer-sml-layout":"","theme-transparent-header-meta":"default","adv-header-id-meta":"","stick-header-meta":"","header-above-stick-meta":"","header-main-stick-meta":"","header-below-stick-meta":"","astra-migrate-meta-layouts":"default","ast-page-background-enabled":"default","ast-page-background-meta":{"desktop":{"background-color":"","background-image":"","background-repeat":"repeat","background-position":"center center","background-size":"auto","background-attachment":"scroll","background-type":"","background-media":"","overlay-type":"","overlay-color":"","overlay-gradient":""},"tablet":{"background-color":"","background-image":"","background-repeat":"repeat","background-position":"center center","background-size":"auto","background-attachment":"scroll","background-type":"","background-media":"","overlay-type":"","overlay-color":"","overlay-gradient":""},"mobile":{"background-color":"","background-image":"","background-repeat":"repeat","background-position":"center center","background-size":"auto","background-attachment":"scroll","background-type":"","background-media":"","overlay-type":"","overlay-color":"","overlay-gradient":""}},"ast-content-background-meta":{"desktop":{"background-color":"var(--ast-global-color-5)","background-image":"","background-repeat":"repeat","background-position":"center center","background-size":"auto","background-attachment":"scroll","background-type":"","background-media":"","overlay-type":"","overlay-color":"","overlay-gradient":""},"tablet":{"background-color":"var(--ast-global-color-5)","background-image":"","background-repeat":"repeat","background-position":"center center","background-size":"auto","background-attachment":"scroll","background-type":"","background-media":"","overlay-type":"","overlay-color":"","overlay-gradient":""},"mobile":{"background-color":"var(--ast-global-color-5)","background-image":"","background-repeat":"repeat","background-position":"center center","background-size":"auto","background-attachment":"scroll","background-type":"","background-media":"","overlay-type":"","overlay-color":"","overlay-gradient":""}},"footnotes":""},"uagb_featured_image_src":{"full":false,"thumbnail":false,"medium":false,"medium_large":false,"large":false,"1536x1536":false,"2048x2048":false,"trp-custom-language-flag":false},"uagb_author_info":{"display_name":"SOE","author_link":"https:\/\/supcom.standardof.net\/cs\/author\/k-tastic\/"},"uagb_comment_info":0,"uagb_excerpt":"UEF UNITS The UEF&#8217;s unique units are the 3 experimentals and the T3 air Heavy Gunship. UEF standard armaments are traditional shells and guns. They tend to have more armor and less speed than other factions&#8217; equivalent units. UEF can use a good mix of land units to combat other races&#8217; single unit swarms early&hellip;","_links":{"self":[{"href":"https:\/\/supcom.standardof.net\/cs\/wp-json\/wp\/v2\/pages\/231"}],"collection":[{"href":"https:\/\/supcom.standardof.net\/cs\/wp-json\/wp\/v2\/pages"}],"about":[{"href":"https:\/\/supcom.standardof.net\/cs\/wp-json\/wp\/v2\/types\/page"}],"author":[{"embeddable":true,"href":"https:\/\/supcom.standardof.net\/cs\/wp-json\/wp\/v2\/users\/1"}],"replies":[{"embeddable":true,"href":"https:\/\/supcom.standardof.net\/cs\/wp-json\/wp\/v2\/comments?post=231"}],"version-history":[{"count":0,"href":"https:\/\/supcom.standardof.net\/cs\/wp-json\/wp\/v2\/pages\/231\/revisions"}],"up":[{"embeddable":true,"href":"https:\/\/supcom.standardof.net\/cs\/wp-json\/wp\/v2\/pages\/14"}],"wp:attachment":[{"href":"https:\/\/supcom.standardof.net\/cs\/wp-json\/wp\/v2\/media?parent=231"}],"curies":[{"name":"wp","href":"https:\/\/api.w.org\/{rel}","templated":true}]}}