{"id":340,"date":"2020-11-01T11:47:46","date_gmt":"2020-11-01T16:47:46","guid":{"rendered":"https:\/\/supcom.standardof.net\/?page_id=340"},"modified":"2020-11-03T23:05:42","modified_gmt":"2020-11-04T04:05:42","slug":"tech-3-uef-land-units","status":"publish","type":"page","link":"https:\/\/supcom.standardof.net\/cs\/supreme-commander\/uef\/tech-3-uef-pozemni-jednotky\/","title":{"rendered":"Tech 3 - Pozemn\u00ed jednotky UEF"},"content":{"rendered":"<div class=\"wp-block-uagb-table-of-contents uagb-toc__align-left uagb-toc__columns-1  uagb-block-d7273619\"\n\t\t\t\t\tdata-scroll= \"1\"\n\t\t\t\t\tdata-offset= \"30\"\n\t\t\t\t\tstyle=\"\"\n\t\t\t\t>\n\t\t\t\t<div class=\"uagb-toc__wrap\">\n\t\t\t\t\t\t<div class=\"uagb-toc__title\">\n\t\t\t\t\t\t\tPozemn\u00ed jednotky UEF Tech 3:\t\t\t\t\t\t<\/div>\n\t\t\t\t\t\t\t\t\t\t\t\t\t\t\t\t<div class=\"uagb-toc__list-wrap\">\n\t\t\t\t\t\t<ol class=\"uagb-toc__list\"><li class=\"uagb-toc__list\"><a href=\"#t3-uef-engineer\" class=\"uagb-toc-link__trigger\">T3 UEF ENGINEER<\/a><li class=\"uagb-toc__list\"><a href=\"#titan-siege-assault-bot\" class=\"uagb-toc-link__trigger\">TITAN - SIEGE ASSAULT BOT<\/a><li class=\"uagb-toc__list\"><a href=\"#demolisher-mobile-heavy-artillery\" class=\"uagb-toc-link__trigger\">DEMOLI\u010cN\u00cdK - MOBILN\u00cd T\u011a\u017dK\u00c9 D\u011alost\u0159electvo<\/a><\/ol>\t\t\t\t\t<\/div>\n\t\t\t\t\t\t\t\t\t<\/div>\n\t\t\t\t<\/div>\n\t\t\t\n\n\n<section class=\"wp-block-uagb-columns uagb-columns__wrap uagb-columns__background-undefined uagb-columns__stack-mobile uagb-columns__valign-undefined uagb-columns__gap-10 alignundefined uagb-block-de4cfbd8\"><div class=\"uagb-columns__overlay\"><\/div><div class=\"uagb-columns__inner-wrap uagb-columns__columns-1\">\n<div class=\"wp-block-uagb-column uagb-column__wrap uagb-column__background-undefined uagb-block-e9dab9d8\"><div class=\"uagb-column__overlay\"><\/div><div class=\"uagb-column__inner-wrap\">\n<h2 class=\"wp-block-heading\">T3 UEF ENGINEER<\/h2>\n\n\n\n<p><a href=\"https:\/\/www.standardof.net\/wp-content\/uploads\/2011\/10\/SupremeCommander-2011-10-15-08-58-38-95.png\" class=\"rank-math-link\" target=\"_blank\" rel=\"noopener\"><\/a>T3 Engineer se objevuje mnohem \u010dast\u011bji ne\u017e ostatn\u00ed in\u017een\u00fd\u0159i; jeden by m\u011bl b\u00fdt v\u017edy prvn\u00ed v\u011bc z va\u0161\u00ed tov\u00e1rny. Mohou nastartovat va\u0161i ekonomiku, pom\u00e1hat tov\u00e1rn\u00e1m u\u017eite\u010dn\u00fdm tempem a dostat v\u00e1s do koncovky. Nikdy nen\u00ed \u0161patn\u00e9 m\u00edt p\u0159\u00edli\u0161 mnoho in\u017een\u00fdr\u016f. Nav\u00edc, pokud jsou posl\u00e1ni k budov\u00e1n\u00ed obrany nebo oprav\u011b rozhoduj\u00edc\u00edho c\u00edle, vydr\u017e\u00ed pod nep\u0159\u00e1telskou palbou mnohem d\u00e9le. Bohu\u017eel, tito mu\u017ei jsou velmi pomal\u00ed - nap\u016fl tak rychl\u00ed jako podp\u016frn\u00e9 jednotky T2.<\/p>\n\n\n\n<div class=\"wp-block-image\"><figure class=\"aligncenter size-large\"><a href=\"https:\/\/supcom.standardof.net\/cs\/supreme-commander\/uef\/tech-3-uef-pozemni-jednotky\/supreme-commander-uef-land-units-t3-t3-land-engineer\/\"><img decoding=\"async\" width=\"357\" height=\"276\" src=\"https:\/\/supcom.standardof.net\/wp-content\/uploads\/sites\/8\/2020\/11\/Supreme-Commander-UEF-Land-Units-T3-T3-Land-Engineer.jpg\" alt=\"Jednotka T3, jednotka UEF Tech 3 ve vrchn\u00edm veliteli.\" class=\"wp-image-344\" srcset=\"https:\/\/supcom.standardof.net\/wp-content\/uploads\/sites\/8\/2020\/11\/Supreme-Commander-UEF-Land-Units-T3-T3-Land-Engineer.jpg 357w, https:\/\/supcom.standardof.net\/wp-content\/uploads\/sites\/8\/2020\/11\/Supreme-Commander-UEF-Land-Units-T3-T3-Land-Engineer-200x155.jpg 200w, https:\/\/supcom.standardof.net\/wp-content\/uploads\/sites\/8\/2020\/11\/Supreme-Commander-UEF-Land-Units-T3-T3-Land-Engineer-16x12.jpg 16w\" sizes=\"(max-width: 357px) 100vw, 357px\" \/><\/a><figcaption>IN\u017dEN\u00ddR T3<\/figcaption><\/figure><\/div>\n\n\n\n<section class=\"wp-block-uagb-columns uagb-columns__wrap uagb-columns__background-undefined uagb-columns__stack-mobile uagb-columns__valign-undefined uagb-columns__gap-10 alignundefined uagb-block-c264e380\"><div class=\"uagb-columns__overlay\"><\/div><div class=\"uagb-columns__inner-wrap uagb-columns__columns-1\">\n<div class=\"wp-block-uagb-column uagb-column__wrap uagb-column__background-undefined uagb-block-bafeb27f\"><div class=\"uagb-column__overlay\"><\/div><div class=\"uagb-column__inner-wrap\">\n<h3 class=\"wp-block-heading\"><strong>Statistiky in\u017een\u00fdra T3 UEF<\/strong><\/h3>\n\n\n\n<p><strong>Zbroj:<\/strong> 1 500 hp<\/p>\n\n\n\n<p><strong>Schopnosti:<\/strong> Engineering Suite, Amphibious<\/p>\n\n\n\n<p><strong>N\u00e1klady:<\/strong> M490 (\u00falo\u017ei\u0161t\u011b: 20), E3150 (\u00falo\u017ei\u0161t\u011b: 200), T1050<br>rychlost sestaven\u00ed: 15<\/p>\n\n\n\n<p><strong>Intel:<\/strong> pohled: 26 (508 m)<\/p>\n\n\n\n<p><strong>Fyzika:<\/strong><br>maxim\u00e1ln\u00ed rychlost: 1,4 (27,3 m \/ s)<br>rychlost ot\u00e1\u010den\u00ed: 70<\/p>\n\n\n\n<p><strong>Transportn\u00ed t\u0159\u00edda:<\/strong> 3<br><em>* \u00farove\u0148 veter\u00e1n\u016f 2: +375 k<br>* \u00farove\u0148 veter\u00e1n\u016f 4: +375 k<br>* \u00farove\u0148 veter\u00e1n\u016f 5: oprava 2 hp \/ s<\/em><\/p>\n<\/div><\/div>\n<\/div><\/section>\n<\/div><\/div>\n<\/div><\/section>\n\n\n\n<section class=\"wp-block-uagb-columns uagb-columns__wrap uagb-columns__background-undefined uagb-columns__stack-mobile uagb-columns__valign-undefined uagb-columns__gap-10 alignundefined uagb-block-848aff33\"><div class=\"uagb-columns__overlay\"><\/div><div class=\"uagb-columns__inner-wrap uagb-columns__columns-1\">\n<div class=\"wp-block-uagb-column uagb-column__wrap uagb-column__background-undefined uagb-block-375821ab\"><div class=\"uagb-column__overlay\"><\/div><div class=\"uagb-column__inner-wrap\">\n<h2 class=\"wp-block-heading\">TITAN - SIEGE ASSAULT BOT<\/h2>\n\n\n\n<p><a href=\"https:\/\/www.standardof.net\/wp-content\/uploads\/2011\/10\/Heavy-Assault-Bot-Titan.png\" class=\"rank-math-link\" target=\"_blank\" rel=\"noopener\"><\/a>Tit\u00e1nova zbra\u0148 nen\u00ed ve skute\u010dnosti mocn\u00e1; jeho hlavn\u00ed s\u00edla je ve \u0161t\u00edtu, kter\u00fd mu umo\u017e\u0148uje p\u0159e\u017e\u00edt pok\u0159iven\u00e9 konflikty bez ztr\u00e1ty zdrav\u00ed. Obl\u00e9kac\u00ed roboti jsou zabij\u00e1ci velitel\u016f, \u0159\u00edk\u00e1 tutori\u00e1l, a to je pravda - pokud je m\u016f\u017eete dostat p\u0159es jejich obranu a vlastn\u00ed pozemn\u00ed s\u00edly. Nevyhr\u00e1vaj\u00ed pro v\u00e1s v\u00e1lky automaticky, ale m\u016f\u017eete se c\u00edtit bezpe\u010dn\u011b p\u0159i jejich budov\u00e1n\u00ed ve velk\u00e9m mno\u017estv\u00ed bez ohledu na to, jak\u00e1 bude va\u0161e mise.<\/p>\n\n\n\n<div class=\"wp-block-image\"><figure class=\"aligncenter size-large\"><a href=\"https:\/\/supcom.standardof.net\/cs\/supreme-commander\/uef\/tech-3-uef-pozemni-jednotky\/supreme-commander-uef-land-units-t3-heavy-assault-bot-titan\/\"><img decoding=\"async\" width=\"400\" height=\"329\" src=\"https:\/\/supcom.standardof.net\/wp-content\/uploads\/sites\/8\/2020\/11\/Supreme-Commander-UEF-Land-Units-T3-Heavy-Assault-Bot-Titan.jpg\" alt=\"Titan Siege Assault Bot, jednotka UEF Tech 3 ve vrchn\u00edm veliteli.\" class=\"wp-image-342\" srcset=\"https:\/\/supcom.standardof.net\/wp-content\/uploads\/sites\/8\/2020\/11\/Supreme-Commander-UEF-Land-Units-T3-Heavy-Assault-Bot-Titan.jpg 400w, https:\/\/supcom.standardof.net\/wp-content\/uploads\/sites\/8\/2020\/11\/Supreme-Commander-UEF-Land-Units-T3-Heavy-Assault-Bot-Titan-200x165.jpg 200w, https:\/\/supcom.standardof.net\/wp-content\/uploads\/sites\/8\/2020\/11\/Supreme-Commander-UEF-Land-Units-T3-Heavy-Assault-Bot-Titan-16x12.jpg 16w\" sizes=\"(max-width: 400px) 100vw, 400px\" \/><\/a><figcaption>TITAN - SIEGE ASSAULT BOT<\/figcaption><\/figure><\/div>\n\n\n\n<section class=\"wp-block-uagb-columns uagb-columns__wrap uagb-columns__background-undefined uagb-columns__stack-mobile uagb-columns__valign-undefined uagb-columns__gap-10 alignundefined uagb-block-c3a40dcc\"><div class=\"uagb-columns__overlay\"><\/div><div class=\"uagb-columns__inner-wrap uagb-columns__columns-2\">\n<div class=\"wp-block-uagb-column uagb-column__wrap uagb-column__background-undefined uagb-block-b86d4b78\"><div class=\"uagb-column__overlay\"><\/div><div class=\"uagb-column__inner-wrap\">\n<h3 class=\"wp-block-heading\"><strong><strong>Statistiky Titan\u016f<\/strong><\/strong><\/h3>\n\n\n\n<p><strong>Zbroj:<\/strong> 2200 hp<\/p>\n\n\n\n<p><strong>\u0160t\u00edt:<\/strong> 2500 hp<br>     velikost: 2,5 (48,8 m)<br>     obnovovac\u00ed frekvence: 167<br>     \u010das zah\u00e1jen\u00ed regenerace: 45<br>     doba nab\u00edjen\u00ed: 60<\/p>\n\n\n\n<p><strong>Schopnosti:<\/strong> \u0160t\u00edt<\/p>\n\n\n\n<p><strong>N\u00e1klady:<\/strong> M480, E3840 (-25), T1200<\/p>\n\n\n\n<p><strong>Intel:<\/strong> pohled: 25 (488 m)<\/p>\n\n\n\n<p><strong>Fyzika:<\/strong><br>     maxim\u00e1ln\u00ed rychlost: 2,9 (56,6 m \/ s)<br>     rychlost ot\u00e1\u010den\u00ed: 146<\/p>\n\n\n\n<p><strong>Transportn\u00ed t\u0159\u00edda:<\/strong> 3<\/p>\n\n\n\n<p><strong>Veter\u00e1nstv\u00ed:<\/strong> 30, 60, 150, 300, 600 zabit\u00ed<br><em>* \u00farove\u0148 veter\u00e1n\u016f 2: +550 k<br>* \u00farove\u0148 veter\u00e1n\u016f 4: +550 k<br>* \u00farove\u0148 veter\u00e1n\u016f 5: oprava 2 hp \/ s<\/em><\/p>\n<\/div><\/div>\n\n\n\n<div class=\"wp-block-uagb-column uagb-column__wrap uagb-column__background-undefined uagb-block-131fd178\"><div class=\"uagb-column__overlay\"><\/div><div class=\"uagb-column__inner-wrap\">\n<h3 class=\"wp-block-heading\"><strong>Titansk\u00e9 zbran\u011b<\/strong><\/h3>\n\n\n\n<p><strong>T\u011b\u017ek\u00e9 plazmov\u00e9 d\u011blo<\/strong><br><em>(P\u0159\u00edm\u00e1 palba)<\/em><br>100,00 dps<br><strong>rozsah:<\/strong> 25 (488 m)<br><strong>st\u0159eln\u00e1 zbra\u0148:<\/strong> 50 po\u0161kozen\u00ed<br><strong>rychlost st\u0159elby:<\/strong> 2 (ka\u017ed\u00fdch 0,5 s)<br><em>* \u00farove\u0148 veter\u00e1n\u016f 1: +13 po\u0161kozen\u00ed<br>* \u00farove\u0148 veter\u00e1n\u016f 3: +13 po\u0161kozen\u00ed<\/em><\/p>\n<\/div><\/div>\n<\/div><\/section>\n<\/div><\/div>\n<\/div><\/section>\n\n\n\n<section class=\"wp-block-uagb-columns uagb-columns__wrap uagb-columns__background-undefined uagb-columns__stack-mobile uagb-columns__valign-undefined uagb-columns__gap-10 alignundefined uagb-block-c14ccc1c\"><div class=\"uagb-columns__overlay\"><\/div><div class=\"uagb-columns__inner-wrap uagb-columns__columns-1\">\n<div class=\"wp-block-uagb-column uagb-column__wrap uagb-column__background-undefined uagb-block-31afc75f\"><div class=\"uagb-column__overlay\"><\/div><div class=\"uagb-column__inner-wrap\">\n<h2 class=\"wp-block-heading\">DEMOLI\u010cN\u00cdK - MOBILN\u00cd T\u011a\u017dK\u00c9 D\u011alost\u0159electvo<\/h2>\n\n\n\n<p><a href=\"https:\/\/www.standardof.net\/wp-content\/uploads\/2011\/10\/Mobile-Heavy-Artillery-Demolisher.jpg\" class=\"rank-math-link\" target=\"_blank\" rel=\"noopener\"><\/a>Mobiln\u00ed t\u011b\u017ek\u00e9 d\u011blost\u0159electvo je dobr\u00e9 jen pro jednu v\u011bc: rozbit\u00ed dob\u0159e br\u00e1n\u011bn\u00e9 z\u00e1kladny. P\u0159ekon\u00e1vaj\u00ed obranu bodu T2, ale ne d\u011blost\u0159electvo T2, tak\u017ee se nejprve zam\u011b\u0159te na ty. Jsou naprosto bezmocn\u00ed proti nep\u0159\u00e1telsk\u00fdm pozemn\u00edm nebo leteck\u00fdm jednotk\u00e1m, i kdy\u017e maj\u00ed dostatek zdrav\u00ed, aby nezem\u0159eli v\u0161ichni, pokud m\u00e1te dostatek obl\u00e9hac\u00edch robot\u016f k jejich ochran\u011b. Kdy\u017e se chyst\u00e1te vytvo\u0159it skupinu, pomyslete na toto: \u201eKter\u00e9 bych rad\u011bji m\u011bl: 5 d\u011blost\u0159eleck\u00fdch zbran\u00ed nebo 10 obl\u00e9hac\u00edch robot\u016f?\u201c Pokud si mysl\u00edte, \u017ee na nohou m\u016f\u017eete narazit na odpor, kter\u00fd je rychlej\u0161\u00ed ne\u017e Colossus, odpov\u011bd\u00ed by m\u011blo b\u00fdt \u201e10 obl\u00e9hac\u00edch robot\u016f\u201c.<\/p>\n\n\n\n<div class=\"wp-block-image\"><figure class=\"aligncenter size-large is-resized\"><a href=\"https:\/\/supcom.standardof.net\/cs\/supreme-commander\/uef\/tech-3-uef-pozemni-jednotky\/supreme-commander-uef-land-units-t3-mobile-heavy-artillery-demolisher\/\"><img decoding=\"async\" src=\"https:\/\/supcom.standardof.net\/wp-content\/uploads\/sites\/8\/2020\/11\/Supreme-Commander-UEF-Land-Units-T3-Mobile-Heavy-Artillery-Demolisher.jpg\" alt=\"Demolisher Mobile Heavy Artillery, jednotka UEF Tech 3 ve vrchn\u00edm veliteli.\" class=\"wp-image-343\" width=\"400\" height=\"312\" srcset=\"https:\/\/supcom.standardof.net\/wp-content\/uploads\/sites\/8\/2020\/11\/Supreme-Commander-UEF-Land-Units-T3-Mobile-Heavy-Artillery-Demolisher.jpg 400w, https:\/\/supcom.standardof.net\/wp-content\/uploads\/sites\/8\/2020\/11\/Supreme-Commander-UEF-Land-Units-T3-Mobile-Heavy-Artillery-Demolisher-200x156.jpg 200w, https:\/\/supcom.standardof.net\/wp-content\/uploads\/sites\/8\/2020\/11\/Supreme-Commander-UEF-Land-Units-T3-Mobile-Heavy-Artillery-Demolisher-16x12.jpg 16w\" sizes=\"(max-width: 400px) 100vw, 400px\" \/><\/a><figcaption>DEMOLI\u010cN\u00cdK - MOBILN\u00cd T\u011a\u017dK\u00c9 D\u011alost\u0159electvo<\/figcaption><\/figure><\/div>\n\n\n\n<section class=\"wp-block-uagb-columns uagb-columns__wrap uagb-columns__background-undefined uagb-columns__stack-mobile uagb-columns__valign-undefined uagb-columns__gap-10 alignundefined uagb-block-1f8571f0\"><div class=\"uagb-columns__overlay\"><\/div><div class=\"uagb-columns__inner-wrap uagb-columns__columns-2\">\n<div class=\"wp-block-uagb-column uagb-column__wrap uagb-column__background-undefined uagb-block-a510e1a3\"><div class=\"uagb-column__overlay\"><\/div><div class=\"uagb-column__inner-wrap\">\n<h3 class=\"wp-block-heading\"><strong>Statistiky demolice<\/strong><\/h3>\n\n\n\n<p><strong>Zbroj:<\/strong> 945 hp<\/p>\n\n\n\n<p><strong>Schopnosti:<\/strong> Nasazen\u00ed: Nehybn\u00fd p\u0159i st\u0159elb\u011b<\/p>\n\n\n\n<p><strong>N\u00e1klady:<\/strong> M800, E8000, T2400<\/p>\n\n\n\n<p><strong>Intel:<\/strong> pohled: 26 (508 m)<\/p>\n\n\n\n<p><strong>Fyzika:<\/strong><br>maxim\u00e1ln\u00ed rychlost: 2,6 (50,8 m \/ s)<br>rychlost ot\u00e1\u010den\u00ed: 20<\/p>\n\n\n\n<p><strong>Transportn\u00ed t\u0159\u00edda:<\/strong> 3<\/p>\n\n\n\n<p><strong>Veter\u00e1nstv\u00ed:<\/strong> 30, 60, 150, 300, 600 zabit\u00ed<br><em>* \u00farove\u0148 veter\u00e1n\u016f 2: +236 hp<br>* \u00farove\u0148 veter\u00e1n\u016f 4: +236 hp<br>* \u00farove\u0148 veter\u00e1n\u016f 5: oprava 2 hp \/ s<\/em><\/p>\n<\/div><\/div>\n\n\n\n<div class=\"wp-block-uagb-column uagb-column__wrap uagb-column__background-undefined uagb-block-f33fff70\"><div class=\"uagb-column__overlay\"><\/div><div class=\"uagb-column__inner-wrap\">\n<h3 class=\"wp-block-heading\"><strong>Demoli\u010dn\u00ed zbran\u011b<\/strong><\/h3>\n\n\n\n<p><strong>Anti Matter Artillery<\/strong><br>70,00 dps <em>(D\u011blost\u0159electvo)<\/em><br><strong>plocha:<\/strong> 3,5 (68,4 m),<br><strong>rozsah:<\/strong> 25 (488 m) - 70 (1,37 km)<br><strong>st\u0159eln\u00e1 zbra\u0148:<\/strong> 1400 po\u0161kozen\u00ed<br><strong>rychlost st\u0159elby:<\/strong> 0,05 (ka\u017ed\u00fdch 20 s)<br><em>* \u00farove\u0148 veter\u00e1n\u016f 1: +350 po\u0161kozen\u00ed<br>* \u00farove\u0148 veter\u00e1n\u016f 3: +350 po\u0161kozen\u00ed<\/em><\/p>\n<\/div><\/div>\n<\/div><\/section>\n<\/div><\/div>\n<\/div><\/section>","protected":false},"excerpt":{"rendered":"<p>T3 UEF ENGINEER The T3 Engineer shows up much more frequently than the other engineers; one should always be the first thing out of your factory. They can jumpstart your economy, assist factories at a useful rate, and get you into the endgame. It&#8217;s never bad to have too many engineers. Plus, if they&#8217;re sent [&hellip;]<\/p>","protected":false},"author":1,"featured_media":0,"parent":231,"menu_order":0,"comment_status":"open","ping_status":"closed","template":"","meta":{"_uag_custom_page_level_css":"","site-sidebar-layout":"default","site-content-layout":"default","ast-site-content-layout":"","site-content-style":"default","site-sidebar-style":"default","ast-global-header-display":"","ast-banner-title-visibility":"","ast-main-header-display":"","ast-hfb-above-header-display":"","ast-hfb-below-header-display":"","ast-hfb-mobile-header-display":"","site-post-title":"","ast-breadcrumbs-content":"","ast-featured-img":"","footer-sml-layout":"","theme-transparent-header-meta":"default","adv-header-id-meta":"","stick-header-meta":"","header-above-stick-meta":"","header-main-stick-meta":"","header-below-stick-meta":"","astra-migrate-meta-layouts":"default","ast-page-background-enabled":"default","ast-page-background-meta":{"desktop":{"background-color":"","background-image":"","background-repeat":"repeat","background-position":"center center","background-size":"auto","background-attachment":"scroll","background-type":"","background-media":"","overlay-type":"","overlay-color":"","overlay-gradient":""},"tablet":{"background-color":"","background-image":"","background-repeat":"repeat","background-position":"center center","background-size":"auto","background-attachment":"scroll","background-type":"","background-media":"","overlay-type":"","overlay-color":"","overlay-gradient":""},"mobile":{"background-color":"","background-image":"","background-repeat":"repeat","background-position":"center center","background-size":"auto","background-attachment":"scroll","background-type":"","background-media":"","overlay-type":"","overlay-color":"","overlay-gradient":""}},"ast-content-background-meta":{"desktop":{"background-color":"var(--ast-global-color-5)","background-image":"","background-repeat":"repeat","background-position":"center center","background-size":"auto","background-attachment":"scroll","background-type":"","background-media":"","overlay-type":"","overlay-color":"","overlay-gradient":""},"tablet":{"background-color":"var(--ast-global-color-5)","background-image":"","background-repeat":"repeat","background-position":"center center","background-size":"auto","background-attachment":"scroll","background-type":"","background-media":"","overlay-type":"","overlay-color":"","overlay-gradient":""},"mobile":{"background-color":"var(--ast-global-color-5)","background-image":"","background-repeat":"repeat","background-position":"center center","background-size":"auto","background-attachment":"scroll","background-type":"","background-media":"","overlay-type":"","overlay-color":"","overlay-gradient":""}},"footnotes":""},"uagb_featured_image_src":{"full":false,"thumbnail":false,"medium":false,"medium_large":false,"large":false,"1536x1536":false,"2048x2048":false,"trp-custom-language-flag":false},"uagb_author_info":{"display_name":"SOE","author_link":"https:\/\/supcom.standardof.net\/cs\/author\/k-tastic\/"},"uagb_comment_info":0,"uagb_excerpt":"T3 UEF ENGINEER The T3 Engineer shows up much more frequently than the other engineers; one should always be the first thing out of your factory. They can jumpstart your economy, assist factories at a useful rate, and get you into the endgame. It&#8217;s never bad to have too many engineers. Plus, if they&#8217;re sent&hellip;","_links":{"self":[{"href":"https:\/\/supcom.standardof.net\/cs\/wp-json\/wp\/v2\/pages\/340"}],"collection":[{"href":"https:\/\/supcom.standardof.net\/cs\/wp-json\/wp\/v2\/pages"}],"about":[{"href":"https:\/\/supcom.standardof.net\/cs\/wp-json\/wp\/v2\/types\/page"}],"author":[{"embeddable":true,"href":"https:\/\/supcom.standardof.net\/cs\/wp-json\/wp\/v2\/users\/1"}],"replies":[{"embeddable":true,"href":"https:\/\/supcom.standardof.net\/cs\/wp-json\/wp\/v2\/comments?post=340"}],"version-history":[{"count":0,"href":"https:\/\/supcom.standardof.net\/cs\/wp-json\/wp\/v2\/pages\/340\/revisions"}],"up":[{"embeddable":true,"href":"https:\/\/supcom.standardof.net\/cs\/wp-json\/wp\/v2\/pages\/231"}],"wp:attachment":[{"href":"https:\/\/supcom.standardof.net\/cs\/wp-json\/wp\/v2\/media?parent=340"}],"curies":[{"name":"wp","href":"https:\/\/api.w.org\/{rel}","templated":true}]}}