{"id":349,"date":"2020-11-01T12:17:09","date_gmt":"2020-11-01T17:17:09","guid":{"rendered":"https:\/\/supcom.standardof.net\/?page_id=349"},"modified":"2020-11-03T23:06:32","modified_gmt":"2020-11-04T04:06:32","slug":"tech-1-uef-air-units","status":"publish","type":"page","link":"https:\/\/supcom.standardof.net\/cs\/supreme-commander\/uef\/tech-1-uef-air-jednotky\/","title":{"rendered":"Tech 1 - Leteck\u00e9 jednotky UEF"},"content":{"rendered":"<div class=\"wp-block-uagb-table-of-contents uagb-toc__align-left uagb-toc__columns-1  uagb-block-59b4c076\"\n\t\t\t\t\tdata-scroll= \"1\"\n\t\t\t\t\tdata-offset= \"30\"\n\t\t\t\t\tstyle=\"\"\n\t\t\t\t>\n\t\t\t\t<div class=\"uagb-toc__wrap\">\n\t\t\t\t\t\t<div class=\"uagb-toc__title\">\n\t\t\t\t\t\t\tLeteck\u00e9 jednotky UEF Tech 1:\t\t\t\t\t\t<\/div>\n\t\t\t\t\t\t\t\t\t\t\t\t\t\t\t\t<div class=\"uagb-toc__list-wrap\">\n\t\t\t\t\t\t<ol class=\"uagb-toc__list\"><li class=\"uagb-toc__list\"><a href=\"#hummingbird-air-scout\" class=\"uagb-toc-link__trigger\">HUMMINGBIRD - AIR SCOUT<\/a><li class=\"uagb-toc__list\"><a href=\"#cyclone-interceptor\" class=\"uagb-toc-link__trigger\">CYKLON - INTERCEPTOR<\/a><li class=\"uagb-toc__list\"><a href=\"#scorcher-attack-bomber\" class=\"uagb-toc-link__trigger\">SCORCHER - \u00daTO\u010cN\u00c1 BOMBA<\/a><li class=\"uagb-toc__list\"><a href=\"#c-6-courier-light-air-transport\" class=\"uagb-toc-link__trigger\">C-6 COURIER - LEHK\u00c1 LETECK\u00c1 DOPRAVA<\/a><\/ol>\t\t\t\t\t<\/div>\n\t\t\t\t\t\t\t\t\t<\/div>\n\t\t\t\t<\/div>\n\t\t\t\n\n\n<section class=\"wp-block-uagb-columns uagb-columns__wrap uagb-columns__background-undefined uagb-columns__stack-mobile uagb-columns__valign-undefined uagb-columns__gap-10 alignundefined uagb-block-870a1030\"><div class=\"uagb-columns__overlay\"><\/div><div class=\"uagb-columns__inner-wrap uagb-columns__columns-1\">\n<div class=\"wp-block-uagb-column uagb-column__wrap uagb-column__background-undefined uagb-block-511fa0de\"><div class=\"uagb-column__overlay\"><\/div><div class=\"uagb-column__inner-wrap\">\n<h2 class=\"wp-block-heading\"><strong>KOLIB\u0158\u00cdK<\/strong> - AIR SCOUT<\/h2>\n\n\n\n<p><a href=\"https:\/\/www.standardof.net\/wp-content\/uploads\/2011\/10\/SupremeCommander-2011-10-15-09-48-22-10.png\" class=\"rank-math-link\" target=\"_blank\" rel=\"noopener\"><\/a>Air Scout je extr\u00e9mn\u011b levn\u00fd a d\u00edky t\u00e9to ctnosti je u\u017eite\u010dn\u00fd. Zat\u00edmco interceptor se \u010dasto dostane d\u00e1l na nep\u0159\u00e1telskou z\u00e1kladnu, jedin\u00fd leteck\u00fd pr\u016fzkumn\u00edk ve va\u0161\u00ed front\u011b v\u00e1m umo\u017en\u00ed nahromadit sadu pr\u016fzkumn\u00edk\u016f, kte\u0159\u00ed mohou k\u0159i\u017eovat mapu a hledat lehce br\u00e1n\u011bnou cestu a p\u0159esn\u011b 1 hmotu za sekundu.<\/p>\n\n\n\n<div class=\"wp-block-image\"><figure class=\"aligncenter size-large\"><a href=\"https:\/\/supcom.standardof.net\/cs\/supreme-commander\/uef\/tech-1-uef-air-jednotky\/hummingbird-air-scout-supreme-commander-uef-air-units-t1\/\"><img decoding=\"async\" width=\"549\" height=\"396\" src=\"https:\/\/supcom.standardof.net\/wp-content\/uploads\/sites\/8\/2020\/11\/HUMMINGBIRD-AIR-SCOUT-Supreme-Commander-UEF-Air-Units-T1.jpg\" alt=\"Hummingbird Air Scout, leteck\u00e1 jednotka UEF Tech 1 v Supreme Commander.\" class=\"wp-image-358\" srcset=\"https:\/\/supcom.standardof.net\/wp-content\/uploads\/sites\/8\/2020\/11\/HUMMINGBIRD-AIR-SCOUT-Supreme-Commander-UEF-Air-Units-T1.jpg 549w, https:\/\/supcom.standardof.net\/wp-content\/uploads\/sites\/8\/2020\/11\/HUMMINGBIRD-AIR-SCOUT-Supreme-Commander-UEF-Air-Units-T1-512x369.jpg 512w, https:\/\/supcom.standardof.net\/wp-content\/uploads\/sites\/8\/2020\/11\/HUMMINGBIRD-AIR-SCOUT-Supreme-Commander-UEF-Air-Units-T1-200x144.jpg 200w, https:\/\/supcom.standardof.net\/wp-content\/uploads\/sites\/8\/2020\/11\/HUMMINGBIRD-AIR-SCOUT-Supreme-Commander-UEF-Air-Units-T1-16x12.jpg 16w\" sizes=\"(max-width: 549px) 100vw, 549px\" \/><\/a><figcaption>HUMMINGBIRD - AIR SCOUT<\/figcaption><\/figure><\/div>\n\n\n\n<section class=\"wp-block-uagb-columns uagb-columns__wrap uagb-columns__background-undefined uagb-columns__stack-mobile uagb-columns__valign-undefined uagb-columns__gap-10 alignundefined uagb-block-e43e3233\"><div class=\"uagb-columns__overlay\"><\/div><div class=\"uagb-columns__inner-wrap uagb-columns__columns-2\">\n<div class=\"wp-block-uagb-column uagb-column__wrap uagb-column__background-undefined uagb-block-7711aed0\"><div class=\"uagb-column__overlay\"><\/div><div class=\"uagb-column__inner-wrap\">\n<h3 class=\"wp-block-heading\"><strong><strong>Statistiky kolib\u0159\u00edk\u016f<\/strong><\/strong><\/h3>\n\n\n\n<p><strong>Zbroj:<\/strong> 5 hp (lehk\u00fd)<br><strong>N\u00e1klady:<\/strong> M16, E640, T160<br><strong>Intel:<\/strong> pohled: 64 (1,25 km)<br><strong>Fyzika:<\/strong><br>&nbsp;&nbsp;&nbsp; maxim\u00e1ln\u00ed rychlost: 17 (332 m \/ s)<br>&nbsp;&nbsp;&nbsp; rychlost ot\u00e1\u010den\u00ed: 100<br>&nbsp;&nbsp;&nbsp; nadmo\u0159sk\u00e1 v\u00fd\u0161ka: 20 (391 m)<br><strong>Transportn\u00ed t\u0159\u00edda:<\/strong> 1<br><strong>Veter\u00e1nstv\u00ed:<\/strong> N \/ A<br><em>* \u00farove\u0148 veter\u00e1n\u016f 2: +1 hp<br>* \u00farove\u0148 veter\u00e1n\u016f 4: +1 hp<br>* \u00farove\u0148 veter\u00e1n\u016f 5: oprava 1 hp \/ s<\/em><\/p>\n<\/div><\/div>\n\n\n\n<div class=\"wp-block-uagb-column uagb-column__wrap uagb-column__background-undefined uagb-block-622c3a00\"><div class=\"uagb-column__overlay\"><\/div><div class=\"uagb-column__inner-wrap\">\n<h3 class=\"wp-block-heading\"><strong>Kolib\u0159\u00edk Zbran\u011b<\/strong><\/h3>\n\n\n\n<p><strong>Air Crash (smrt)<br><\/strong>&nbsp;&nbsp;&nbsp; 10 po\u0161kozen\u00ed<br><strong>plocha:<\/strong> 1 (19,5 m)<\/p>\n<\/div><\/div>\n<\/div><\/section>\n<\/div><\/div>\n<\/div><\/section>\n\n\n\n<section class=\"wp-block-uagb-columns uagb-columns__wrap uagb-columns__background-undefined uagb-columns__stack-mobile uagb-columns__valign-undefined uagb-columns__gap-10 alignundefined uagb-block-20626537\"><div class=\"uagb-columns__overlay\"><\/div><div class=\"uagb-columns__inner-wrap uagb-columns__columns-1\">\n<div class=\"wp-block-uagb-column uagb-column__wrap uagb-column__background-undefined uagb-block-cbe59b26\"><div class=\"uagb-column__overlay\"><\/div><div class=\"uagb-column__inner-wrap\">\n<h2 class=\"wp-block-heading\"><strong>CYKL\u00d3N<\/strong> - INTERCEPTOR<\/h2>\n\n\n\n<p><a href=\"https:\/\/www.standardof.net\/wp-content\/uploads\/2011\/10\/SupremeCommander-2011-10-15-09-48-48-76.png\" class=\"rank-math-link\" target=\"_blank\" rel=\"noopener\"><\/a>Interceptory jsou chlebem a m\u00e1slem va\u0161\u00ed protivzdu\u0161n\u00e9 obrany. Jsou rychl\u00e9, efektivn\u00ed a levn\u00e9, co\u017e znamen\u00e1, \u017ee m\u016f\u017eete nastavit Engineers tak, aby stav\u011bli v\u00edce, ani\u017e byste museli pozastavovat sv\u00e9 dal\u0161\u00ed projekty. Doporu\u010duji m\u00edt jednu Air Factory nastavenou na stavbu nekone\u010dn\u00fdch interceptor\u016f pro celou hru.<\/p>\n\n\n\n<div class=\"wp-block-image\"><figure class=\"aligncenter size-large\"><a href=\"https:\/\/supcom.standardof.net\/cs\/supreme-commander\/uef\/tech-1-uef-air-jednotky\/cyclone-interceptor-supreme-commander-uef-air-units-t1\/\"><img decoding=\"async\" width=\"468\" height=\"399\" src=\"https:\/\/supcom.standardof.net\/wp-content\/uploads\/sites\/8\/2020\/11\/CYCLONE-INTERCEPTOR-Supreme-Commander-UEF-Air-Units-T1.jpg\" alt=\"Cyclone Interceptor, leteck\u00e1 jednotka UEF Tech 1 v Supreme Commander.\" class=\"wp-image-357\" srcset=\"https:\/\/supcom.standardof.net\/wp-content\/uploads\/sites\/8\/2020\/11\/CYCLONE-INTERCEPTOR-Supreme-Commander-UEF-Air-Units-T1.jpg 468w, https:\/\/supcom.standardof.net\/wp-content\/uploads\/sites\/8\/2020\/11\/CYCLONE-INTERCEPTOR-Supreme-Commander-UEF-Air-Units-T1-200x171.jpg 200w, https:\/\/supcom.standardof.net\/wp-content\/uploads\/sites\/8\/2020\/11\/CYCLONE-INTERCEPTOR-Supreme-Commander-UEF-Air-Units-T1-14x12.jpg 14w\" sizes=\"(max-width: 468px) 100vw, 468px\" \/><\/a><figcaption>CYKLON - INTERCEPTOR<\/figcaption><\/figure><\/div>\n\n\n\n<section class=\"wp-block-uagb-columns uagb-columns__wrap uagb-columns__background-undefined uagb-columns__stack-mobile uagb-columns__valign-undefined uagb-columns__gap-10 alignundefined uagb-block-1572417c\"><div class=\"uagb-columns__overlay\"><\/div><div class=\"uagb-columns__inner-wrap uagb-columns__columns-2\">\n<div class=\"wp-block-uagb-column uagb-column__wrap uagb-column__background-undefined uagb-block-aa8f5d3f\"><div class=\"uagb-column__overlay\"><\/div><div class=\"uagb-column__inner-wrap\">\n<h3 class=\"wp-block-heading\"><strong>Cykl\u00f3nov\u00e9 statistiky<\/strong><\/h3>\n\n\n\n<p><strong>Zbroj:<\/strong> 20 hp (lehk\u00fd)<br><strong>N\u00e1klady:<\/strong> M38, E2280, T380<br><strong>Intel: <\/strong>pohled: 32 (625m)<br><strong>Fyzika<\/strong><br>&nbsp;&nbsp;&nbsp; maxim\u00e1ln\u00ed rychlost: 19 (371 m \/ s)<br>&nbsp;&nbsp;&nbsp; nadmo\u0159sk\u00e1 v\u00fd\u0161ka: 18 (352 m)<br>&nbsp;&nbsp;&nbsp; vzd\u00e1lenost z\u00e1b\u011bru: 50 (977 m)<br><strong>Transportn\u00ed t\u0159\u00edda:<\/strong> 1<br><strong>Veter\u00e1nstv\u00ed:<\/strong> 5, 10, 25, 50, 100 zabit\u00ed<br><em>* \u00farove\u0148 veter\u00e1n\u016f 2: +5 hp<br>* \u00farove\u0148 veter\u00e1n\u016f 4: +5 hp<br>* \u00farove\u0148 veter\u00e1n\u016f 5: oprava 1 hp \/ s<\/em><\/p>\n<\/div><\/div>\n\n\n\n<div class=\"wp-block-uagb-column uagb-column__wrap uagb-column__background-undefined uagb-block-32103de6\"><div class=\"uagb-column__overlay\"><\/div><div class=\"uagb-column__inner-wrap\">\n<h3 class=\"wp-block-heading\"><strong><strong>Cykl\u00f3nov\u00e9 zbran\u011b<\/strong><\/strong><\/h3>\n\n\n\n<p><strong>Linked Railgun (Anti Air)<\/strong><br>&nbsp;&nbsp;&nbsp; 20,00 dps<br><strong>rozsah:<\/strong> 20 (391 m)<br><strong>st\u0159eln\u00e1 zbra\u0148:<\/strong> 20 po\u0161kozen\u00ed<br><strong>rychlost st\u0159elby:<\/strong> 1 (ka\u017ed\u00e9 1 s)<br><em>* \u00farove\u0148 veter\u00e1n\u016f 1: +5 po\u0161kozen\u00ed<br>* \u00farove\u0148 veter\u00e1n\u016f 3: +5 po\u0161kozen\u00ed<br><\/em><br><strong>Air Crash (smrt)<\/strong><br>&nbsp;&nbsp;&nbsp; 25 po\u0161kozen\u00ed<br><strong>plocha:<\/strong> 1 (19,5 m)<\/p>\n<\/div><\/div>\n<\/div><\/section>\n<\/div><\/div>\n<\/div><\/section>\n\n\n\n<section class=\"wp-block-uagb-columns uagb-columns__wrap uagb-columns__background-undefined uagb-columns__stack-mobile uagb-columns__valign-undefined uagb-columns__gap-10 alignundefined uagb-block-deca317d\"><div class=\"uagb-columns__overlay\"><\/div><div class=\"uagb-columns__inner-wrap uagb-columns__columns-1\">\n<div class=\"wp-block-uagb-column uagb-column__wrap uagb-column__background-undefined uagb-block-3a298cc3\"><div class=\"uagb-column__overlay\"><\/div><div class=\"uagb-column__inner-wrap\">\n<h2 class=\"wp-block-heading\"><strong>PA\u0158\u00c1K<\/strong> - \u00daTO\u010cN\u00c1 BOMBA<\/h2>\n\n\n\n<p><a href=\"https:\/\/www.standardof.net\/wp-content\/uploads\/2011\/10\/SupremeCommander-2011-10-15-09-49-06-02.png\" class=\"rank-math-link\" target=\"_blank\" rel=\"noopener\"><\/a>\u00dato\u010dn\u00fd bombard\u00e9r UEF je v po\u0159\u00e1dku pro to, co d\u011bl\u00e1: vytvo\u0159te v\u010dasnou hrozbu, kter\u00e1 donut\u00ed soupe\u0159e vyslat sv\u00e9 st\u00edha\u010de. Pokud nem\u00e1te d\u00fdchac\u00ed m\u00edstnost k tomu, abyste vylep\u0161ili svou leteckou tov\u00e1rnu na vysok\u00e9 \u00farovn\u011b, m\u016f\u017eete vyrobit velk\u00e9 bal\u00ed\u010dky bombard\u00e9r\u016f, kter\u00e9 povedou k ne\u00fasp\u011b\u0161n\u00e9mu \u00fatoku na velitele. Jen se ujist\u011bte, \u017ee je nepos\u00edl\u00e1te \u017e\u00e1dn\u00fdm druhem protivzdu\u0161n\u00e9 obrany, kter\u00fd je vy\u0161\u0161\u00ed ne\u017e v\u011b\u017ee T1 nebo mobiln\u00ed anti-vzduch Cybran.<\/p>\n\n\n\n<div class=\"wp-block-image\"><figure class=\"aligncenter size-large\"><a href=\"https:\/\/supcom.standardof.net\/cs\/supreme-commander\/uef\/tech-1-uef-air-jednotky\/scorcher-attack-bomber-supreme-commander-uef-air-units-t1\/\"><img decoding=\"async\" width=\"471\" height=\"429\" src=\"https:\/\/supcom.standardof.net\/wp-content\/uploads\/sites\/8\/2020\/11\/SCORCHER-ATTACK-BOMBER-Supreme-Commander-UEF-Air-Units-T1.jpg\" alt=\"\u00dato\u010dn\u00fd bombard\u00e9r Scorcher, leteck\u00e1 jednotka UEF Tech 1 ve vrchn\u00edm veliteli.\" class=\"wp-image-359\" srcset=\"https:\/\/supcom.standardof.net\/wp-content\/uploads\/sites\/8\/2020\/11\/SCORCHER-ATTACK-BOMBER-Supreme-Commander-UEF-Air-Units-T1.jpg 471w, https:\/\/supcom.standardof.net\/wp-content\/uploads\/sites\/8\/2020\/11\/SCORCHER-ATTACK-BOMBER-Supreme-Commander-UEF-Air-Units-T1-200x182.jpg 200w, https:\/\/supcom.standardof.net\/wp-content\/uploads\/sites\/8\/2020\/11\/SCORCHER-ATTACK-BOMBER-Supreme-Commander-UEF-Air-Units-T1-13x12.jpg 13w\" sizes=\"(max-width: 471px) 100vw, 471px\" \/><\/a><figcaption>SCORCHER - \u00daTO\u010cN\u00c1 BOMBA<\/figcaption><\/figure><\/div>\n\n\n\n<section class=\"wp-block-uagb-columns uagb-columns__wrap uagb-columns__background-undefined uagb-columns__stack-mobile uagb-columns__valign-undefined uagb-columns__gap-10 alignundefined uagb-block-c3e829e9\"><div class=\"uagb-columns__overlay\"><\/div><div class=\"uagb-columns__inner-wrap uagb-columns__columns-2\">\n<div class=\"wp-block-uagb-column uagb-column__wrap uagb-column__background-undefined uagb-block-8a5f4917\"><div class=\"uagb-column__overlay\"><\/div><div class=\"uagb-column__inner-wrap\">\n<h3 class=\"wp-block-heading\"><strong>Statistiky Scorcher<\/strong><\/h3>\n\n\n\n<p><strong>Zbroj:<\/strong> 20 hp (lehk\u00fd)<br><strong>N\u00e1klady:<\/strong> M144, E2880, T480<br><strong>Intel:<\/strong> pohled: 32 (625m)<br><strong>Fyzika<\/strong>&nbsp;<br>&nbsp;&nbsp;&nbsp; maxim\u00e1ln\u00ed rychlost: 12 (234 m \/ s)<br>&nbsp;&nbsp;&nbsp; nadmo\u0159sk\u00e1 v\u00fd\u0161ka: 18 (352 m)<br>&nbsp;&nbsp;&nbsp; vzd\u00e1lenost z\u00e1b\u011bru: 50 (977 m)<br><strong>Transportn\u00ed t\u0159\u00edda:<\/strong> 2<br><strong>Veter\u00e1nstv\u00ed:<\/strong> 5, 10, 25, 50, 100 zabit\u00ed<br><em>* \u00farove\u0148 veter\u00e1n\u016f 2: +5 hp,<br>* \u00farove\u0148 veter\u00e1n\u016f 4: +5 hp,<br>* \u00farove\u0148 veter\u00e1n\u016f 5: oprava 1 hp \/ s<\/em><\/p>\n<\/div><\/div>\n\n\n\n<div class=\"wp-block-uagb-column uagb-column__wrap uagb-column__background-undefined uagb-block-6942040a\"><div class=\"uagb-column__overlay\"><\/div><div class=\"uagb-column__inner-wrap\">\n<h3 class=\"wp-block-heading\"><strong>Scorcher Zbran\u011b<\/strong><\/h3>\n\n\n\n<p><strong>Kobercov\u00e1 bomba Napalm (bomba)<br><\/strong>&nbsp;&nbsp;&nbsp;&nbsp; 150,00 dps<br><strong>plocha:<\/strong> 2,5 (48,8 m)<br><strong>rozsah:<\/strong> 3 (58,6 m)<br><strong>st\u0159eln\u00e1 zbra\u0148:<\/strong> 60<br>&nbsp;&nbsp;&nbsp;&nbsp; ((15 x 4) \/ 2 sekundy) x 5<br>st\u0159ely = 300 po\u0161kozen\u00ed na salvu<br><strong>rychlost st\u0159elby:<\/strong> 0,5 (ka\u017ed\u00e9 2 s)<br><em><em>* \u00farove\u0148 veter\u00e1n\u016f 1: +15 k po\u0161kozen\u00ed<br>* \u00farove\u0148 veter\u00e1n\u016f 3: +15 po\u0161kozen\u00ed<\/em><\/em><\/p>\n\n\n\n<p><strong>Air Crash (smrt)<br><\/strong>100 po\u0161kozen\u00ed<br>plocha: 1 (19,5 m)<\/p>\n<\/div><\/div>\n<\/div><\/section>\n<\/div><\/div>\n<\/div><\/section>\n\n\n\n<section class=\"wp-block-uagb-columns uagb-columns__wrap uagb-columns__background-undefined uagb-columns__stack-mobile uagb-columns__valign-undefined uagb-columns__gap-10 alignundefined uagb-block-b33104ce\"><div class=\"uagb-columns__overlay\"><\/div><div class=\"uagb-columns__inner-wrap uagb-columns__columns-1\">\n<div class=\"wp-block-uagb-column uagb-column__wrap uagb-column__background-undefined uagb-block-aa745f43\"><div class=\"uagb-column__overlay\"><\/div><div class=\"uagb-column__inner-wrap\">\n<h2 class=\"wp-block-heading\"><strong>C-6 KUR\u00ddR<\/strong> - LEHK\u00c1 LETECK\u00c1 DOPRAVA<\/h2>\n\n\n\n<p><a href=\"https:\/\/www.standardof.net\/wp-content\/uploads\/2011\/10\/SupremeCommander-2011-10-15-09-49-31-63.png\" class=\"rank-math-link\" target=\"_blank\" rel=\"noopener\"><\/a>V\u00fdhoda v\u010dasn\u00e9ho leteck\u00e9ho transportu je dvoj\u00ed: m\u016f\u017eete p\u0159epravit sv\u00e9 \u00fato\u010dn\u00e9 roboty a m\u00edt l\u00e9taj\u00edc\u00ed bojov\u00fd vrtuln\u00edk, kter\u00fd zabije nep\u0159\u00e1telsk\u00e9 s\u00edly T1, nebo m\u016f\u017eete za nep\u0159\u00e1telsk\u00fdmi liniemi vyd\u011blat v\u00edce nebezpe\u010dn\u00fdch kapek jednotek nebo in\u017een\u00fdr\u016f. Nespol\u00e9hejte se na to, \u017ee budou \u017e\u00edt d\u00e9le ne\u017e jednu kapku; jsou tam hlavn\u011b proto, aby zas\u00e1hli strach do srdc\u00ed va\u0161ich nep\u0159\u00e1tel, ne\u017e aby skute\u010dn\u011b p\u0159inesli v\u00edt\u011bzstv\u00ed. P\u0159epravuje 6 jednotek T1, 3 jednotky T2 nebo 1 jednotku T3.<\/p>\n\n\n\n<div class=\"wp-block-image\"><figure class=\"aligncenter size-large\"><a href=\"https:\/\/supcom.standardof.net\/cs\/supreme-commander\/uef\/tech-1-uef-air-jednotky\/c-6-courier-light-air-transport-supreme-commander-uef-air-units-t1\/\"><img decoding=\"async\" width=\"645\" height=\"471\" src=\"https:\/\/supcom.standardof.net\/wp-content\/uploads\/sites\/8\/2020\/11\/C-6-COURIER-LIGHT-AIR-TRANSPORT-Supreme-Commander-UEF-Air-Units-T1.jpg\" alt=\"Lehk\u00e1 leteck\u00e1 doprava C-6 Courier, leteck\u00e1 jednotka UEF Tech 1 v Supreme Commander.\" class=\"wp-image-356\" srcset=\"https:\/\/supcom.standardof.net\/wp-content\/uploads\/sites\/8\/2020\/11\/C-6-COURIER-LIGHT-AIR-TRANSPORT-Supreme-Commander-UEF-Air-Units-T1.jpg 645w, https:\/\/supcom.standardof.net\/wp-content\/uploads\/sites\/8\/2020\/11\/C-6-COURIER-LIGHT-AIR-TRANSPORT-Supreme-Commander-UEF-Air-Units-T1-512x374.jpg 512w, https:\/\/supcom.standardof.net\/wp-content\/uploads\/sites\/8\/2020\/11\/C-6-COURIER-LIGHT-AIR-TRANSPORT-Supreme-Commander-UEF-Air-Units-T1-200x146.jpg 200w, https:\/\/supcom.standardof.net\/wp-content\/uploads\/sites\/8\/2020\/11\/C-6-COURIER-LIGHT-AIR-TRANSPORT-Supreme-Commander-UEF-Air-Units-T1-16x12.jpg 16w\" sizes=\"(max-width: 645px) 100vw, 645px\" \/><\/a><figcaption>C-6 COURIER - LEHK\u00c1 LETECK\u00c1 DOPRAVA<\/figcaption><\/figure><\/div>\n\n\n\n<section class=\"wp-block-uagb-columns uagb-columns__wrap uagb-columns__background-undefined uagb-columns__stack-mobile uagb-columns__valign-undefined uagb-columns__gap-10 alignundefined uagb-block-033bc4c7\"><div class=\"uagb-columns__overlay\"><\/div><div class=\"uagb-columns__inner-wrap uagb-columns__columns-2\">\n<div class=\"wp-block-uagb-column uagb-column__wrap uagb-column__background-undefined uagb-block-16427f4b\"><div class=\"uagb-column__overlay\"><\/div><div class=\"uagb-column__inner-wrap\">\n<h3 class=\"wp-block-heading\"><strong>C-6 Courier<\/strong><strong>Statistiky<\/strong><\/h3>\n\n\n\n<p><strong>Zbroj:<\/strong> 90 hp (lehk\u00fd)<br><strong>Schopnosti:<\/strong> Transport T1 (p\u0159epravuje pozemn\u00ed jednotky T1-T3)<br><strong>N\u00e1klady:<\/strong> M120, E4800, T600<br><strong>Intel:<\/strong> pohled: 32 (625m)<br><strong>Fyzika<\/strong><br>maxim\u00e1ln\u00ed rychlost: 15 (293 m \/ s)<br>nadmo\u0159sk\u00e1 v\u00fd\u0161ka: 10 (195 m)<br><strong>Transportn\u00ed t\u0159\u00edda:<\/strong> 10<br>t\u0159\u00edda 2 velikost p\u0159\u00edlohy: 2<br>t\u0159\u00edda 3 velikost p\u0159\u00edlohy: 4<br><strong>Veter\u00e1nstv\u00ed:<\/strong> N \/ A<br><em>* \u00farove\u0148 veter\u00e1n\u016f 2: +23 hp<br>* \u00farove\u0148 veter\u00e1n\u016f 4: +23 hp<br>* \u00farove\u0148 veter\u00e1n\u016f 5: oprava 1 hp \/ s<\/em><\/p>\n<\/div><\/div>\n\n\n\n<div class=\"wp-block-uagb-column uagb-column__wrap uagb-column__background-undefined uagb-block-b558bf7e\"><div class=\"uagb-column__overlay\"><\/div><div class=\"uagb-column__inner-wrap\"><\/div><\/div>\n<\/div><\/section>\n<\/div><\/div>\n<\/div><\/section>","protected":false},"excerpt":{"rendered":"<p>HUMMINGBIRD &#8211; AIR SCOUT The Air Scout is extremely inexpensive, and it&#8217;s this virtue that makes it useful. While an interceptor will often get farther into an enemy base, a single air scout in your build queue will let you stockpile a set of scouts that can crisscross the map looking for a lightly defended [&hellip;]<\/p>","protected":false},"author":1,"featured_media":0,"parent":231,"menu_order":0,"comment_status":"open","ping_status":"closed","template":"","meta":{"_uag_custom_page_level_css":"","site-sidebar-layout":"default","site-content-layout":"default","ast-site-content-layout":"","site-content-style":"default","site-sidebar-style":"default","ast-global-header-display":"","ast-banner-title-visibility":"","ast-main-header-display":"","ast-hfb-above-header-display":"","ast-hfb-below-header-display":"","ast-hfb-mobile-header-display":"","site-post-title":"","ast-breadcrumbs-content":"","ast-featured-img":"","footer-sml-layout":"","theme-transparent-header-meta":"default","adv-header-id-meta":"","stick-header-meta":"","header-above-stick-meta":"","header-main-stick-meta":"","header-below-stick-meta":"","astra-migrate-meta-layouts":"default","ast-page-background-enabled":"default","ast-page-background-meta":{"desktop":{"background-color":"","background-image":"","background-repeat":"repeat","background-position":"center center","background-size":"auto","background-attachment":"scroll","background-type":"","background-media":"","overlay-type":"","overlay-color":"","overlay-gradient":""},"tablet":{"background-color":"","background-image":"","background-repeat":"repeat","background-position":"center center","background-size":"auto","background-attachment":"scroll","background-type":"","background-media":"","overlay-type":"","overlay-color":"","overlay-gradient":""},"mobile":{"background-color":"","background-image":"","background-repeat":"repeat","background-position":"center center","background-size":"auto","background-attachment":"scroll","background-type":"","background-media":"","overlay-type":"","overlay-color":"","overlay-gradient":""}},"ast-content-background-meta":{"desktop":{"background-color":"var(--ast-global-color-5)","background-image":"","background-repeat":"repeat","background-position":"center center","background-size":"auto","background-attachment":"scroll","background-type":"","background-media":"","overlay-type":"","overlay-color":"","overlay-gradient":""},"tablet":{"background-color":"var(--ast-global-color-5)","background-image":"","background-repeat":"repeat","background-position":"center center","background-size":"auto","background-attachment":"scroll","background-type":"","background-media":"","overlay-type":"","overlay-color":"","overlay-gradient":""},"mobile":{"background-color":"var(--ast-global-color-5)","background-image":"","background-repeat":"repeat","background-position":"center center","background-size":"auto","background-attachment":"scroll","background-type":"","background-media":"","overlay-type":"","overlay-color":"","overlay-gradient":""}},"footnotes":""},"uagb_featured_image_src":{"full":false,"thumbnail":false,"medium":false,"medium_large":false,"large":false,"1536x1536":false,"2048x2048":false,"trp-custom-language-flag":false},"uagb_author_info":{"display_name":"SOE","author_link":"https:\/\/supcom.standardof.net\/cs\/author\/k-tastic\/"},"uagb_comment_info":0,"uagb_excerpt":"HUMMINGBIRD &#8211; AIR SCOUT The Air Scout is extremely inexpensive, and it&#8217;s this virtue that makes it useful. While an interceptor will often get farther into an enemy base, a single air scout in your build queue will let you stockpile a set of scouts that can crisscross the map looking for a lightly defended&hellip;","_links":{"self":[{"href":"https:\/\/supcom.standardof.net\/cs\/wp-json\/wp\/v2\/pages\/349"}],"collection":[{"href":"https:\/\/supcom.standardof.net\/cs\/wp-json\/wp\/v2\/pages"}],"about":[{"href":"https:\/\/supcom.standardof.net\/cs\/wp-json\/wp\/v2\/types\/page"}],"author":[{"embeddable":true,"href":"https:\/\/supcom.standardof.net\/cs\/wp-json\/wp\/v2\/users\/1"}],"replies":[{"embeddable":true,"href":"https:\/\/supcom.standardof.net\/cs\/wp-json\/wp\/v2\/comments?post=349"}],"version-history":[{"count":0,"href":"https:\/\/supcom.standardof.net\/cs\/wp-json\/wp\/v2\/pages\/349\/revisions"}],"up":[{"embeddable":true,"href":"https:\/\/supcom.standardof.net\/cs\/wp-json\/wp\/v2\/pages\/231"}],"wp:attachment":[{"href":"https:\/\/supcom.standardof.net\/cs\/wp-json\/wp\/v2\/media?parent=349"}],"curies":[{"name":"wp","href":"https:\/\/api.w.org\/{rel}","templated":true}]}}