{"id":361,"date":"2020-11-01T13:18:52","date_gmt":"2020-11-01T18:18:52","guid":{"rendered":"https:\/\/supcom.standardof.net\/?page_id=361"},"modified":"2020-11-03T23:06:38","modified_gmt":"2020-11-04T04:06:38","slug":"tech-2-uef-air-units","status":"publish","type":"page","link":"https:\/\/supcom.standardof.net\/cs\/supreme-commander\/uef\/tech-2-uef-air-jednotky\/","title":{"rendered":"Tech 2 - Leteck\u00e9 jednotky UEF"},"content":{"rendered":"<div class=\"wp-block-uagb-table-of-contents uagb-toc__align-left uagb-toc__columns-1  uagb-block-6abf06a5\"\n\t\t\t\t\tdata-scroll= \"1\"\n\t\t\t\t\tdata-offset= \"30\"\n\t\t\t\t\tstyle=\"\"\n\t\t\t\t>\n\t\t\t\t<div class=\"uagb-toc__wrap\">\n\t\t\t\t\t\t<div class=\"uagb-toc__title\">\n\t\t\t\t\t\t\tLeteck\u00e9 jednotky UEF Tech 2:\t\t\t\t\t\t<\/div>\n\t\t\t\t\t\t\t\t\t\t\t\t\t\t\t\t<div class=\"uagb-toc__list-wrap\">\n\t\t\t\t\t\t<ol class=\"uagb-toc__list\"><li class=\"uagb-toc__list\"><a href=\"#janus-bomber\" class=\"uagb-toc-link__trigger\">JANUS - BOMBER<\/a><li class=\"uagb-toc__list\"><a href=\"#stork-torpedo-bomber\" class=\"uagb-toc-link__trigger\">PRACOVN\u00cd D\u00cdLNA - TORPEDO BOMBER<\/a><li class=\"uagb-toc__list\"><a href=\"#stinger-gunship\" class=\"uagb-toc-link__trigger\">STINGER - GUNSHIP<\/a><li class=\"uagb-toc__list\"><a href=\"#c14-star-lifter-air-transport\" class=\"uagb-toc-link__trigger\">C14 STAR LIFTER - LETECK\u00c1 DOPRAVA<\/a><\/ol>\t\t\t\t\t<\/div>\n\t\t\t\t\t\t\t\t\t<\/div>\n\t\t\t\t<\/div>\n\t\t\t\n\n\n<section class=\"wp-block-uagb-columns uagb-columns__wrap uagb-columns__background-undefined uagb-columns__stack-mobile uagb-columns__valign-undefined uagb-columns__gap-10 alignundefined uagb-block-d240b4ac\"><div class=\"uagb-columns__overlay\"><\/div><div class=\"uagb-columns__inner-wrap uagb-columns__columns-1\">\n<div class=\"wp-block-uagb-column uagb-column__wrap uagb-column__background-undefined uagb-block-abd247f3\"><div class=\"uagb-column__overlay\"><\/div><div class=\"uagb-column__inner-wrap\">\n<h2 class=\"wp-block-heading\"><strong>Janus<\/strong> - BOMBER<\/h2>\n\n\n\n<p><a href=\"https:\/\/www.standardof.net\/wp-content\/uploads\/2011\/10\/SupremeCommander-2011-10-15-14-16-50-12.png\" class=\"rank-math-link\" target=\"_blank\" rel=\"noopener\"><\/a>Janus vypl\u0148uje velmi mal\u00fd v\u00fdklenek: pomoc\u00ed sv\u00e9 vzdu\u0161n\u00e9 p\u0159evahy zab\u00edj\u00edte pozemn\u00ed jednotky, kdy\u017e je\u0161t\u011b nepot\u0159ebujete strategick\u00e9 bombard\u00e9ry T3. Jsou v\u00fdkonn\u011bj\u0161\u00ed ne\u017e bitevn\u00ed k\u0159i\u017en\u00edky, ale jejich \u0161irok\u00fd oblouk po vyst\u0159elen\u00ed napalmu znamen\u00e1, \u017ee je protivzdu\u0161n\u00e1 obrana roz\u017ev\u00fdk\u00e1 stejn\u011b jako bombard\u00e9ry T1. Pokud v\u00e1\u0161 soupe\u0159 nedok\u00e1\u017ee udr\u017eet sv\u00e9 antirakety ve vzduchu, stavte n\u011bkter\u00e9 z nich, dokud nevytvo\u0159\u00ed v\u00edce bojovn\u00edk\u016f.<br><em>* Tato jednotka byla p\u0159id\u00e1na do opravy *<\/em><\/p>\n\n\n\n<div class=\"wp-block-image\"><figure class=\"aligncenter size-large\"><a href=\"https:\/\/supcom.standardof.net\/cs\/supreme-commander\/uef\/tech-2-uef-air-jednotky\/janus-bomber-supreme-commander-uef-air-units-t2\/\"><img decoding=\"async\" width=\"492\" height=\"447\" src=\"https:\/\/supcom.standardof.net\/wp-content\/uploads\/sites\/8\/2020\/11\/JANUS-BOMBER-Supreme-Commander-UEF-Air-Units-T2.jpg\" alt=\"Janus Bomber, leteck\u00e1 jednotka UEF Tech 2 ve vrchn\u00edm veliteli.\" class=\"wp-image-365\" srcset=\"https:\/\/supcom.standardof.net\/wp-content\/uploads\/sites\/8\/2020\/11\/JANUS-BOMBER-Supreme-Commander-UEF-Air-Units-T2.jpg 492w, https:\/\/supcom.standardof.net\/wp-content\/uploads\/sites\/8\/2020\/11\/JANUS-BOMBER-Supreme-Commander-UEF-Air-Units-T2-200x182.jpg 200w, https:\/\/supcom.standardof.net\/wp-content\/uploads\/sites\/8\/2020\/11\/JANUS-BOMBER-Supreme-Commander-UEF-Air-Units-T2-13x12.jpg 13w\" sizes=\"(max-width: 492px) 100vw, 492px\" \/><\/a><figcaption>JANUS - BOMBER<\/figcaption><\/figure><\/div>\n\n\n\n<section class=\"wp-block-uagb-columns uagb-columns__wrap uagb-columns__background-undefined uagb-columns__stack-mobile uagb-columns__valign-undefined uagb-columns__gap-10 alignundefined uagb-block-d06f575f\"><div class=\"uagb-columns__overlay\"><\/div><div class=\"uagb-columns__inner-wrap uagb-columns__columns-2\">\n<div class=\"wp-block-uagb-column uagb-column__wrap uagb-column__background-undefined uagb-block-374152b0\"><div class=\"uagb-column__overlay\"><\/div><div class=\"uagb-column__inner-wrap\">\n<h3 class=\"wp-block-heading\">Janus Stats<\/h3>\n\n\n\n<p><strong>Zbroj:<\/strong> 75 hp (lehk\u00fd)<br><strong>N\u00e1klady:<\/strong> M432, E8640, T1440<br><strong>Intel:<\/strong> pohled: 32 (625m)<br><strong>Fyzika<\/strong><br>maxim\u00e1ln\u00ed rychlost: 12 (234 m \/ s)<br>nadmo\u0159sk\u00e1 v\u00fd\u0161ka: 18 (352 m)<br>vzd\u00e1lenost z\u00e1b\u011bru: 50 (977 m)<br>rychlost ot\u00e1\u010den\u00ed: 0,6<br><strong>Transportn\u00ed t\u0159\u00edda:<\/strong> 3<br><strong>Veter\u00e1nstv\u00ed:<\/strong> 5, 10, 25, 50, 100 zabit\u00ed<br><em>* \u00farove\u0148 veter\u00e1n\u016f 2: +19 hp<br>* \u00farove\u0148 veter\u00e1n\u016f 4: +19 hp<br>* \u00farove\u0148 veter\u00e1n\u016f 5: oprava 1 hp \/ s<\/em><\/p>\n<\/div><\/div>\n\n\n\n<div class=\"wp-block-uagb-column uagb-column__wrap uagb-column__background-undefined uagb-block-285df0be\"><div class=\"uagb-column__overlay\"><\/div><div class=\"uagb-column__inner-wrap\">\n<h3 class=\"wp-block-heading\">Janus Zbran\u011b<\/h3>\n\n\n\n<p><strong>Kobercov\u00e1 bomba Napalm<\/strong><br><em>(Norm\u00e1ln\u00ed)<\/em><br>480,00 dps,<br><strong>plocha:<\/strong> 2,5 (48,8 m)<br><strong>rozsah:<\/strong> 40 (781 m)<br><strong>st\u0159eln\u00e1 zbra\u0148:<\/strong> Po\u0161kozen\u00ed 15 \u00d7 8 b\u011bhem 1 s x 8 st\u0159el = 960 po\u0161kozen\u00ed<br><strong>rychlost st\u0159elby:<\/strong> 0,5 (ka\u017ed\u00e9 2 s)<br><em>* \u00farove\u0148 veter\u00e1n\u016f 1: +30 po\u0161kozen\u00ed<br>* \u00farove\u0148 veter\u00e1n\u016f 3: +30 po\u0161kozen\u00ed<\/em><\/p>\n\n\n\n<p><strong>Leteck\u00e1 nehoda<br><\/strong><em>(Smrt)<\/em><br>200 po\u0161kozen\u00ed<br><strong>plocha:<\/strong> 1 (19,5 m)<\/p>\n<\/div><\/div>\n<\/div><\/section>\n<\/div><\/div>\n<\/div><\/section>\n\n\n\n<section class=\"wp-block-uagb-columns uagb-columns__wrap uagb-columns__background-undefined uagb-columns__stack-mobile uagb-columns__valign-undefined uagb-columns__gap-10 alignundefined uagb-block-e495a760\"><div class=\"uagb-columns__overlay\"><\/div><div class=\"uagb-columns__inner-wrap uagb-columns__columns-1\">\n<div class=\"wp-block-uagb-column uagb-column__wrap uagb-column__background-undefined uagb-block-bb0800dc\"><div class=\"uagb-column__overlay\"><\/div><div class=\"uagb-column__inner-wrap\">\n<h2 class=\"wp-block-heading\"><strong>\u010c\u00c1P <\/strong>- TORPEDO BOMBER<\/h2>\n\n\n\n<p><a href=\"https:\/\/www.standardof.net\/wp-content\/uploads\/2011\/10\/SupremeCommander-2011-10-15-14-16-04-48.png\" class=\"rank-math-link\" target=\"_blank\" rel=\"noopener\"><\/a>Torp\u00e9dov\u00e9 bombard\u00e9ry jsou t\u00e9m\u011b\u0159 nepou\u017eiteln\u00e9. Za jednotku, kter\u00e1 se stejn\u011b vyd\u00e1v\u00e1 na sebevra\u017eednou misi, stoj\u00ed hodn\u011b hmoty (proto\u017ee v\u011bt\u0161ina lod\u00ed m\u00e1 slu\u0161nou protivzdu\u0161nou obranu), jejich torp\u00e9do m\u016f\u017ee b\u00fdt sest\u0159eleno nep\u0159\u00e1telsk\u00fdmi lod\u011bmi a jejich dr\u00e1ha letu podobn\u00e1 bombard\u00e9ru je zvy\u0161uje nep\u0159\u00e1telsk\u00e1 z\u00e1kladna ne\u017e bojov\u00fd vrtuln\u00edk. Pokud nem\u016f\u017eete z\u00edskat oce\u00e1nskou oporu a pot\u0159ebujete vy\u010distit loveck\u00e9 bal\u00ed\u010dky, postavte si jich tucet; jinak se dr\u017ete bitevn\u00edch lod\u00ed.<\/p>\n\n\n\n<div class=\"wp-block-image\"><figure class=\"aligncenter size-large\"><a href=\"https:\/\/supcom.standardof.net\/cs\/supreme-commander\/uef\/tech-2-uef-air-jednotky\/stork-torpedo-bomber-supreme-commander-uef-air-units-t2\/\"><img decoding=\"async\" width=\"519\" height=\"285\" src=\"https:\/\/supcom.standardof.net\/wp-content\/uploads\/sites\/8\/2020\/11\/STORK-TORPEDO-BOMBER-Supreme-Commander-UEF-Air-Units-T2.jpg\" alt=\"Torp\u00e9dov\u00fd bombard\u00e9r Stork, leteck\u00e1 jednotka UEF Tech 2 ve vrchn\u00edm veliteli.\" class=\"wp-image-363\" srcset=\"https:\/\/supcom.standardof.net\/wp-content\/uploads\/sites\/8\/2020\/11\/STORK-TORPEDO-BOMBER-Supreme-Commander-UEF-Air-Units-T2.jpg 519w, https:\/\/supcom.standardof.net\/wp-content\/uploads\/sites\/8\/2020\/11\/STORK-TORPEDO-BOMBER-Supreme-Commander-UEF-Air-Units-T2-512x281.jpg 512w, https:\/\/supcom.standardof.net\/wp-content\/uploads\/sites\/8\/2020\/11\/STORK-TORPEDO-BOMBER-Supreme-Commander-UEF-Air-Units-T2-200x110.jpg 200w, https:\/\/supcom.standardof.net\/wp-content\/uploads\/sites\/8\/2020\/11\/STORK-TORPEDO-BOMBER-Supreme-Commander-UEF-Air-Units-T2-16x9.jpg 16w\" sizes=\"(max-width: 519px) 100vw, 519px\" \/><\/a><figcaption>PRACOVN\u00cd D\u00cdLNA - TORPEDO BOMBER<\/figcaption><\/figure><\/div>\n\n\n\n<section class=\"wp-block-uagb-columns uagb-columns__wrap uagb-columns__background-undefined uagb-columns__stack-mobile uagb-columns__valign-undefined uagb-columns__gap-10 alignundefined uagb-block-f799f4cf\"><div class=\"uagb-columns__overlay\"><\/div><div class=\"uagb-columns__inner-wrap uagb-columns__columns-2\">\n<div class=\"wp-block-uagb-column uagb-column__wrap uagb-column__background-undefined uagb-block-b7e3d7a8\"><div class=\"uagb-column__overlay\"><\/div><div class=\"uagb-column__inner-wrap\">\n<h3 class=\"wp-block-heading\">Statistiky \u010d\u00e1p\u016f<\/h3>\n\n\n\n<p><strong>Zbroj:<\/strong> 130 hp (lehk\u00fd)<br><strong>Schopnosti:<\/strong> Sonar<br><strong>N\u00e1klady:<\/strong> M600, E6300, T1000<br><strong>Intel:<\/strong> pohled: 32 (625m)<br>sonar: 40 (781 m)<br><strong>Fyzika<\/strong><br>maxim\u00e1ln\u00ed rychlost: 15 (293 m \/ s)<br>nadmo\u0159sk\u00e1 v\u00fd\u0161ka: 18 (352 m)<br>vzd\u00e1lenost z\u00e1b\u011bru: 75 (1,46 km)<br><strong>Transportn\u00ed t\u0159\u00edda:<\/strong> 2<br><strong>Veter\u00e1nstv\u00ed:<\/strong> 15, 30, 75, 150, 300 zabit\u00ed<br><em>* \u00farove\u0148 veter\u00e1n\u016f 2: +33 k<br>* \u00farove\u0148 veter\u00e1n\u016f 4: +33 k<br>* \u00farove\u0148 veter\u00e1n\u016f 5: oprava 1 hp \/ s<\/em><\/p>\n<\/div><\/div>\n\n\n\n<div class=\"wp-block-uagb-column uagb-column__wrap uagb-column__background-undefined uagb-block-1b2144b2\"><div class=\"uagb-column__overlay\"><\/div><div class=\"uagb-column__inner-wrap\">\n<h3 class=\"wp-block-heading\">\u010cap\u00ed zbran\u011b<\/h3>\n\n\n\n<p><strong>Ryb\u00e1\u0159sk\u00e9 torp\u00e9do<\/strong><br><em>(Anti Navy)<\/em><br>130,00 dps<br><strong>rozsah:<\/strong> 4 (78,1 m) - 19 (371 m)<br><strong>st\u0159eln\u00e1 zbra\u0148:<\/strong> 650 po\u0161kozen\u00ed<br><strong>rychlost st\u0159elby:<\/strong> 0,2 (ka\u017ed\u00fdch 5 s),<br><strong>n\u00e1hodnost st\u0159elby:<\/strong> 3<br><em>* \u00farove\u0148 veter\u00e1n\u016f 1: +163 po\u0161kozen\u00ed<br>* \u00farove\u0148 veter\u00e1n\u016f 3: +163 po\u0161kozen\u00ed<\/em><\/p>\n\n\n\n<p><strong>Leteck\u00e1 nehoda<\/strong><br><em>(Smrt)<br><\/em>&nbsp;&nbsp;&nbsp;&nbsp;&nbsp; 150 po\u0161kozen\u00ed<br><strong>plocha:<\/strong> 1 (19,5 m)<\/p>\n<\/div><\/div>\n<\/div><\/section>\n<\/div><\/div>\n<\/div><\/section>\n\n\n\n<section class=\"wp-block-uagb-columns uagb-columns__wrap uagb-columns__background-undefined uagb-columns__stack-mobile uagb-columns__valign-undefined uagb-columns__gap-10 alignundefined uagb-block-43f283a2\"><div class=\"uagb-columns__overlay\"><\/div><div class=\"uagb-columns__inner-wrap uagb-columns__columns-1\">\n<div class=\"wp-block-uagb-column uagb-column__wrap uagb-column__background-undefined uagb-block-d65d52a0\"><div class=\"uagb-column__overlay\"><\/div><div class=\"uagb-column__inner-wrap\">\n<h2 class=\"wp-block-heading\"><strong>STINGER <\/strong>- ST\u0158ELBA<\/h2>\n\n\n\n<p><a href=\"https:\/\/www.standardof.net\/wp-content\/uploads\/2011\/10\/SupremeCommander-2011-10-15-14-16-26-92.png\" class=\"rank-math-link\" target=\"_blank\" rel=\"noopener\"><\/a>Bitevn\u00ed k\u0159i\u017en\u00edky UEF maj\u00ed probl\u00e9m st\u0159\u00edlet na jin\u00e9 \u201en\u00edzko let\u00edc\u00ed\u201c leteck\u00e9 jednotky, jako jsou bojov\u00e9 k\u0159i\u017en\u00edky, ale na opl\u00e1tku je lze pou\u017e\u00edt m\u00edsto leteck\u00fdch transport\u016f, pokud pot\u0159ebujete vyzvednout p\u00e1r kluk\u016f a nasadit je p\u0159es \u0159eku, nebo pokud pot\u0159ebujete v\u00edce transport\u016f a nem\u00e1te \u010das je stav\u011bt. A to ani nezmi\u0148uje skute\u010dnost, \u017ee se d\u011bs\u00ed proti nep\u0159ipraven\u00fdm protivn\u00edk\u016fm, kte\u0159\u00ed jsou schopni \u017ev\u00fdkat protivzdu\u0161nou obranu T1 a zab\u00edjet ACU uvnit\u0159. Jsou d\u016fvodem \u010d\u00edslo jedna pro stavbu antiraket - aby se va\u0161e v\u00e1le\u010dn\u00e9 lod\u011b mohly potulovat a nutit protivn\u00edka bojovat o ka\u017edou hromadnou n\u00e1plast.<\/p>\n\n\n\n<div class=\"wp-block-image\"><figure class=\"aligncenter size-large\"><a href=\"https:\/\/supcom.standardof.net\/cs\/supreme-commander\/uef\/tech-2-uef-air-jednotky\/stinger-gunship-supreme-commander-uef-air-units-t2\/\"><img decoding=\"async\" width=\"435\" height=\"357\" src=\"https:\/\/supcom.standardof.net\/wp-content\/uploads\/sites\/8\/2020\/11\/STINGER-GUNSHIP-Supreme-Commander-UEF-Air-Units-T2.jpg\" alt=\"Stinger Gunship, leteck\u00e1 jednotka UEF Tech 2 v Supreme Commander.\" class=\"wp-image-366\" srcset=\"https:\/\/supcom.standardof.net\/wp-content\/uploads\/sites\/8\/2020\/11\/STINGER-GUNSHIP-Supreme-Commander-UEF-Air-Units-T2.jpg 435w, https:\/\/supcom.standardof.net\/wp-content\/uploads\/sites\/8\/2020\/11\/STINGER-GUNSHIP-Supreme-Commander-UEF-Air-Units-T2-200x164.jpg 200w, https:\/\/supcom.standardof.net\/wp-content\/uploads\/sites\/8\/2020\/11\/STINGER-GUNSHIP-Supreme-Commander-UEF-Air-Units-T2-16x12.jpg 16w\" sizes=\"(max-width: 435px) 100vw, 435px\" \/><\/a><figcaption>STINGER - GUNSHIP<\/figcaption><\/figure><\/div>\n\n\n\n<section class=\"wp-block-uagb-columns uagb-columns__wrap uagb-columns__background-undefined uagb-columns__stack-mobile uagb-columns__valign-undefined uagb-columns__gap-10 alignundefined uagb-block-bea3076c\"><div class=\"uagb-columns__overlay\"><\/div><div class=\"uagb-columns__inner-wrap uagb-columns__columns-2\">\n<div class=\"wp-block-uagb-column uagb-column__wrap uagb-column__background-undefined uagb-block-f3303a61\"><div class=\"uagb-column__overlay\"><\/div><div class=\"uagb-column__inner-wrap\">\n<h3 class=\"wp-block-heading\">Stinger Statistiky<\/h3>\n\n\n\n<p><strong>Zbroj:<\/strong> 120 hp (lehk\u00fd)<br><strong>Schopnosti:<\/strong> Transportn\u00ed h\u00e1k (p\u0159epravuje pozemn\u00ed jednotku T1 nebo T2)<br><strong>N\u00e1klady:<\/strong> M432, E8640, T1440<br><strong>Intel:<\/strong> pohled: 32 (625m)<br><strong>Fyzika<\/strong><br>maxim\u00e1ln\u00ed rychlost: 12 (234 m \/ s)<br>nadmo\u0159sk\u00e1 v\u00fd\u0161ka: 10 (195 m)<br><strong>Transportn\u00ed t\u0159\u00edda:<\/strong> 2<br><strong>Veter\u00e1nstv\u00ed:<\/strong> 15, 30, 75, 150, 300 zabit\u00ed<br><em>* \u00farove\u0148 veter\u00e1n\u016f 2: +30 k,<br>* \u00farove\u0148 veter\u00e1n\u016f 4: +30 k,<br>* \u00farove\u0148 veter\u00e1n\u016f 5: oprava 1 hp \/ s<\/em><\/p>\n<\/div><\/div>\n\n\n\n<div class=\"wp-block-uagb-column uagb-column__wrap uagb-column__background-undefined uagb-block-dd17fee9\"><div class=\"uagb-column__overlay\"><\/div><div class=\"uagb-column__inner-wrap\">\n<h3 class=\"wp-block-heading\">Stinger zbran\u011b<\/h3>\n\n\n\n<p><strong>Hells Fury Riot Gun<br><\/strong><em>(P\u0159\u00edm\u00e1 palba)<br><\/em>&nbsp;&nbsp;&nbsp;&nbsp; 72,00 dps<br><strong>rozsah:<\/strong> 22 (430 m)<br><strong>st\u0159eln\u00e1 zbra\u0148:<\/strong> 24 po\u0161kozen\u00ed<br><strong>rychlost st\u0159elby:<\/strong> 3 (ka\u017ed\u00fdch 0,33 s)<br><em>* \u00farove\u0148 veter\u00e1n\u016f 1: +6 k po\u0161kozen\u00ed<br>* \u00farove\u0148 veter\u00e1n\u016f 3: +6 k po\u0161kozen\u00ed<br><\/em><br><strong>Leteck\u00e1 nehoda<\/strong><br><em>(Smrt)<\/em><br>100 po\u0161kozen\u00ed<br><strong>plocha:<\/strong> 1 (19,5 m)<\/p>\n<\/div><\/div>\n<\/div><\/section>\n<\/div><\/div>\n<\/div><\/section>\n\n\n\n<section class=\"wp-block-uagb-columns uagb-columns__wrap uagb-columns__background-undefined uagb-columns__stack-mobile uagb-columns__valign-undefined uagb-columns__gap-10 alignundefined uagb-block-b0e6c92f\"><div class=\"uagb-columns__overlay\"><\/div><div class=\"uagb-columns__inner-wrap uagb-columns__columns-1\">\n<div class=\"wp-block-uagb-column uagb-column__wrap uagb-column__background-undefined uagb-block-f309ff6f\"><div class=\"uagb-column__overlay\"><\/div><div class=\"uagb-column__inner-wrap\">\n<h2 class=\"wp-block-heading\"><strong>C14 STAR LIFTER<\/strong> - LETECK\u00c1 DOPRAVA<\/h2>\n\n\n\n<p><a href=\"https:\/\/www.standardof.net\/wp-content\/uploads\/2011\/10\/SupremeCommander-2011-10-15-14-17-18-27.png\" class=\"rank-math-link\" target=\"_blank\" rel=\"noopener\"><\/a>I kdy\u017e je hezk\u00e9, \u017ee se leteck\u00e1 doprava m\u016f\u017ee br\u00e1nit, jej\u00ed hlavn\u00ed metodou obrany je jej\u00ed \u201et\u011b\u017ek\u00e9\u201c brn\u011bn\u00ed, kter\u00e9 j\u00ed umo\u017e\u0148uje po\u0159\u00eddit p\u00e1r v\u00fdst\u0159el\u016f z protivzdu\u0161n\u00e9 obrany a p\u0159esto odhodit n\u00e1klad. Nesou dvojn\u00e1sobn\u00e9 mno\u017estv\u00ed jednotek ne\u017e transport T1: 12 chlap\u016f T1, 6 chlap\u016f T2, 3 chlapi T3 nebo ACU \/ SCU. Pokud je v\u00e1\u0161 velitel transportov\u00e1n, nezem\u0159e s leteckou dopravou.<\/p>\n\n\n\n<div class=\"wp-block-image\"><figure class=\"aligncenter size-large\"><a href=\"https:\/\/supcom.standardof.net\/cs\/supreme-commander\/uef\/tech-2-uef-air-jednotky\/c14-star-lifter-air-transport-supreme-commander-uef-air-units-t2\/\"><img decoding=\"async\" width=\"630\" height=\"435\" src=\"https:\/\/supcom.standardof.net\/wp-content\/uploads\/sites\/8\/2020\/11\/C14-STAR-LIFTER-AIR-TRANSPORT-Supreme-Commander-UEF-Air-Units-T2.jpg\" alt=\"Air Transport C14 Star Lifter, leteck\u00e1 jednotka UEF Tech 2 v Supreme Commander.\" class=\"wp-image-364\" srcset=\"https:\/\/supcom.standardof.net\/wp-content\/uploads\/sites\/8\/2020\/11\/C14-STAR-LIFTER-AIR-TRANSPORT-Supreme-Commander-UEF-Air-Units-T2.jpg 630w, https:\/\/supcom.standardof.net\/wp-content\/uploads\/sites\/8\/2020\/11\/C14-STAR-LIFTER-AIR-TRANSPORT-Supreme-Commander-UEF-Air-Units-T2-512x354.jpg 512w, https:\/\/supcom.standardof.net\/wp-content\/uploads\/sites\/8\/2020\/11\/C14-STAR-LIFTER-AIR-TRANSPORT-Supreme-Commander-UEF-Air-Units-T2-200x138.jpg 200w, https:\/\/supcom.standardof.net\/wp-content\/uploads\/sites\/8\/2020\/11\/C14-STAR-LIFTER-AIR-TRANSPORT-Supreme-Commander-UEF-Air-Units-T2-16x12.jpg 16w\" sizes=\"(max-width: 630px) 100vw, 630px\" \/><\/a><figcaption>C14 STAR LIFTER - LETECK\u00c1 DOPRAVA<\/figcaption><\/figure><\/div>\n\n\n\n<section class=\"wp-block-uagb-columns uagb-columns__wrap uagb-columns__background-undefined uagb-columns__stack-mobile uagb-columns__valign-undefined uagb-columns__gap-10 alignundefined uagb-block-be21d7df\"><div class=\"uagb-columns__overlay\"><\/div><div class=\"uagb-columns__inner-wrap uagb-columns__columns-2\">\n<div class=\"wp-block-uagb-column uagb-column__wrap uagb-column__background-undefined uagb-block-195f6658\"><div class=\"uagb-column__overlay\"><\/div><div class=\"uagb-column__inner-wrap\">\n<h3 class=\"wp-block-heading\">Statistiky zved\u00e1ku hv\u011bzd C14<\/h3>\n\n\n\n<p><strong>Zbroj:<\/strong> 210 hp (lehk\u00fd)<br><strong>Schopnosti:<\/strong> Transport T2: P\u0159epravuje ACU, pozemn\u00ed jednotky T1-T3<br><strong>N\u00e1klady:<\/strong> M320, E12800, T1600<br><strong>Intel:<\/strong> pohled: 32 (625m)<br><strong>Fyzika<\/strong><br>maxim\u00e1ln\u00ed rychlost: 18 (352 m \/ s)<br>nadmo\u0159sk\u00e1 v\u00fd\u0161ka: 10 (195 m)<br><strong>Transportn\u00ed t\u0159\u00edda:<\/strong> 10<br>t\u0159\u00edda 2 velikost p\u0159\u00edlohy: 2<br>t\u0159\u00edda 3 velikost p\u0159\u00edlohy: 4<br><strong>Veter\u00e1nstv\u00ed:<\/strong> 15, 30, 75, 150, 300 zabit\u00ed<br><em>* \u00farove\u0148 veter\u00e1n\u016f 2: +53 hp<br>* \u00farove\u0148 veter\u00e1n\u016f 4: +53 hp<br>* \u00farove\u0148 veter\u00e1n\u016f 5: oprava 1 hp \/ s<\/em><\/p>\n<\/div><\/div>\n\n\n\n<div class=\"wp-block-uagb-column uagb-column__wrap uagb-column__background-undefined uagb-block-eb025a83\"><div class=\"uagb-column__overlay\"><\/div><div class=\"uagb-column__inner-wrap\">\n<h3 class=\"wp-block-heading\">C14 Star Lifter Zbran\u011b<\/h3>\n\n\n\n<p>2x <strong>Hells Fury Riot Gun<\/strong><br><em>(P\u0159\u00edm\u00e1 palba)<\/em><br>6,00 dps<br><strong>rozsah:<\/strong> 22 (430 m)<br><strong>st\u0159eln\u00e1 zbra\u0148:<\/strong> 2 po\u0161kozen\u00ed<br><strong>rychlost st\u0159elby:<\/strong> 3 (ka\u017ed\u00fdch 0,33 s)<br><em>* \u00farove\u0148 veter\u00e1n\u016f 1: +1 po\u0161kozen\u00ed<br>* \u00farove\u0148 veter\u00e1n\u016f 3: po\u0161kozen\u00ed +1<\/em><\/p>\n\n\n\n<p>2x <strong>Propojen\u00e1 Railgun<\/strong><br><em>(Anti Air)<\/em><br>16,00 dps<br><strong>rozsah:<\/strong> 20 (391 m)<br><strong>st\u0159eln\u00e1 zbra\u0148:<\/strong> 8 po\u0161kozen\u00ed x 2 st\u0159ely = 16 po\u0161kozen\u00ed na salvu<br><strong>rychlost st\u0159elby:<\/strong> 1 (ka\u017ed\u00e9 1 s)<br><em>* \u00farove\u0148 veter\u00e1n\u016f 1: +2 po\u0161kozen\u00ed<br>* \u00farove\u0148 veter\u00e1n\u016f 3: +2 po\u0161kozen\u00ed<br><\/em><br><strong>Leteck\u00e1 nehoda<\/strong><br><em>(Smrt)<\/em><br>25 po\u0161kozen\u00ed<br><strong>plocha:<\/strong> 1 (19,5 m)<\/p>\n<\/div><\/div>\n<\/div><\/section>\n<\/div><\/div>\n<\/div><\/section>\n\n\n\n<p><\/p>","protected":false},"excerpt":{"rendered":"<p>JANUS \u2013 BOMBER The Janus fills a very small niche: using your air superiority to kill ground units when you don&#8217;t yet need T3 strategic bombers. They&#8217;re more powerful than gunships, but their wide arc after firing their napalm means that they&#8217;ll get chewed up by air defense just like T1 bombers. If your opponent [&hellip;]<\/p>","protected":false},"author":1,"featured_media":0,"parent":231,"menu_order":0,"comment_status":"open","ping_status":"closed","template":"","meta":{"_uag_custom_page_level_css":"","site-sidebar-layout":"default","site-content-layout":"default","ast-site-content-layout":"","site-content-style":"default","site-sidebar-style":"default","ast-global-header-display":"","ast-banner-title-visibility":"","ast-main-header-display":"","ast-hfb-above-header-display":"","ast-hfb-below-header-display":"","ast-hfb-mobile-header-display":"","site-post-title":"","ast-breadcrumbs-content":"","ast-featured-img":"","footer-sml-layout":"","theme-transparent-header-meta":"default","adv-header-id-meta":"","stick-header-meta":"","header-above-stick-meta":"","header-main-stick-meta":"","header-below-stick-meta":"","astra-migrate-meta-layouts":"default","ast-page-background-enabled":"default","ast-page-background-meta":{"desktop":{"background-color":"","background-image":"","background-repeat":"repeat","background-position":"center center","background-size":"auto","background-attachment":"scroll","background-type":"","background-media":"","overlay-type":"","overlay-color":"","overlay-gradient":""},"tablet":{"background-color":"","background-image":"","background-repeat":"repeat","background-position":"center center","background-size":"auto","background-attachment":"scroll","background-type":"","background-media":"","overlay-type":"","overlay-color":"","overlay-gradient":""},"mobile":{"background-color":"","background-image":"","background-repeat":"repeat","background-position":"center center","background-size":"auto","background-attachment":"scroll","background-type":"","background-media":"","overlay-type":"","overlay-color":"","overlay-gradient":""}},"ast-content-background-meta":{"desktop":{"background-color":"var(--ast-global-color-5)","background-image":"","background-repeat":"repeat","background-position":"center center","background-size":"auto","background-attachment":"scroll","background-type":"","background-media":"","overlay-type":"","overlay-color":"","overlay-gradient":""},"tablet":{"background-color":"var(--ast-global-color-5)","background-image":"","background-repeat":"repeat","background-position":"center center","background-size":"auto","background-attachment":"scroll","background-type":"","background-media":"","overlay-type":"","overlay-color":"","overlay-gradient":""},"mobile":{"background-color":"var(--ast-global-color-5)","background-image":"","background-repeat":"repeat","background-position":"center center","background-size":"auto","background-attachment":"scroll","background-type":"","background-media":"","overlay-type":"","overlay-color":"","overlay-gradient":""}},"footnotes":""},"uagb_featured_image_src":{"full":false,"thumbnail":false,"medium":false,"medium_large":false,"large":false,"1536x1536":false,"2048x2048":false,"trp-custom-language-flag":false},"uagb_author_info":{"display_name":"SOE","author_link":"https:\/\/supcom.standardof.net\/cs\/author\/k-tastic\/"},"uagb_comment_info":0,"uagb_excerpt":"JANUS \u2013 BOMBER The Janus fills a very small niche: using your air superiority to kill ground units when you don&#8217;t yet need T3 strategic bombers. They&#8217;re more powerful than gunships, but their wide arc after firing their napalm means that they&#8217;ll get chewed up by air defense just like T1 bombers. If your opponent&hellip;","_links":{"self":[{"href":"https:\/\/supcom.standardof.net\/cs\/wp-json\/wp\/v2\/pages\/361"}],"collection":[{"href":"https:\/\/supcom.standardof.net\/cs\/wp-json\/wp\/v2\/pages"}],"about":[{"href":"https:\/\/supcom.standardof.net\/cs\/wp-json\/wp\/v2\/types\/page"}],"author":[{"embeddable":true,"href":"https:\/\/supcom.standardof.net\/cs\/wp-json\/wp\/v2\/users\/1"}],"replies":[{"embeddable":true,"href":"https:\/\/supcom.standardof.net\/cs\/wp-json\/wp\/v2\/comments?post=361"}],"version-history":[{"count":0,"href":"https:\/\/supcom.standardof.net\/cs\/wp-json\/wp\/v2\/pages\/361\/revisions"}],"up":[{"embeddable":true,"href":"https:\/\/supcom.standardof.net\/cs\/wp-json\/wp\/v2\/pages\/231"}],"wp:attachment":[{"href":"https:\/\/supcom.standardof.net\/cs\/wp-json\/wp\/v2\/media?parent=361"}],"curies":[{"name":"wp","href":"https:\/\/api.w.org\/{rel}","templated":true}]}}