{"id":369,"date":"2020-11-01T13:42:58","date_gmt":"2020-11-01T18:42:58","guid":{"rendered":"https:\/\/supcom.standardof.net\/?page_id=369"},"modified":"2020-11-03T23:06:44","modified_gmt":"2020-11-04T04:06:44","slug":"tech-3-uef-air-units","status":"publish","type":"page","link":"https:\/\/supcom.standardof.net\/cs\/supreme-commander\/uef\/tech-3-uef-air-jednotky\/","title":{"rendered":"Tech 3 - Leteck\u00e9 jednotky UEF"},"content":{"rendered":"<div class=\"wp-block-uagb-table-of-contents uagb-toc__align-left uagb-toc__columns-1  uagb-block-15adfd84\"\n\t\t\t\t\tdata-scroll= \"1\"\n\t\t\t\t\tdata-offset= \"30\"\n\t\t\t\t\tstyle=\"\"\n\t\t\t\t>\n\t\t\t\t<div class=\"uagb-toc__wrap\">\n\t\t\t\t\t\t<div class=\"uagb-toc__title\">\n\t\t\t\t\t\t\tLeteck\u00e9 jednotky UEF Tech 3:\t\t\t\t\t\t<\/div>\n\t\t\t\t\t\t\t\t\t\t\t\t\t\t\t\t<div class=\"uagb-toc__list-wrap\">\n\t\t\t\t\t\t<ol class=\"uagb-toc__list\"><li class=\"uagb-toc__list\"><a href=\"#sr90-blackbird-spy-plane\" class=\"uagb-toc-link__trigger\">SR90 BLACKBIRD - SPY PLANE<\/a><li class=\"uagb-toc__list\"><a href=\"#wasp-air-superiority-fighter\" class=\"uagb-toc-link__trigger\">WASP - ZV\u00dd\u0160EN\u00dd V\u00ddKON VZDUCHU<\/a><li class=\"uagb-toc__list\"><a href=\"#ambassador-strategic-bomber\" class=\"uagb-toc-link__trigger\">VELVYSLANEC - STRATEGICK\u00c1 BOMBA<\/a><li class=\"uagb-toc__list\"><a href=\"#broadsword-heavy-gunship\" class=\"uagb-toc-link__trigger\">\u0160IROK\u00c9 SLOVO - T\u011a\u017dK\u00c1 PISTOLE<\/a><\/ol>\t\t\t\t\t<\/div>\n\t\t\t\t\t\t\t\t\t<\/div>\n\t\t\t\t<\/div>\n\t\t\t\n\n\n<section class=\"wp-block-uagb-columns uagb-columns__wrap uagb-columns__background-undefined uagb-columns__stack-mobile uagb-columns__valign-undefined uagb-columns__gap-10 alignundefined uagb-block-000d1369\"><div class=\"uagb-columns__overlay\"><\/div><div class=\"uagb-columns__inner-wrap uagb-columns__columns-1\">\n<div class=\"wp-block-uagb-column uagb-column__wrap uagb-column__background-undefined uagb-block-9d9abfd9\"><div class=\"uagb-column__overlay\"><\/div><div class=\"uagb-column__inner-wrap\">\n<h2 class=\"wp-block-heading\"><strong>SR90 BLACKBIRD<\/strong> - SPY PLANE<\/h2>\n\n\n\n<p><a href=\"https:\/\/www.standardof.net\/wp-content\/uploads\/2011\/10\/SupremeCommander-2011-10-15-15-02-28-03.png\" class=\"rank-math-link\" target=\"_blank\" rel=\"noopener\"><\/a>Spy Plane chv\u00edli trv\u00e1, ne\u017e se postav\u00ed, ale st\u00e1le je velmi levn\u00e9. Budete opravdu pot\u0159ebovat pouze jedno \u0161pion\u00e1\u017en\u00ed letadlo, proto\u017ee jeho zorn\u00fd dosah v\u00e1m umo\u017en\u00ed vid\u011bt okraje nep\u0159\u00e1telsk\u00e9 z\u00e1kladny, ani\u017e byste byli sest\u0159eleni. Pokud nemaj\u00ed protivzdu\u0161nou obranu T3, m\u011bli byste b\u00fdt schopni proj\u00edt celou nep\u0159\u00e1telskou z\u00e1kladnu, ne\u017e v\u00e1s dohon\u00ed. Na hl\u00eddce bych rad\u011bji m\u011bl antirakety, ale pro prost\u00e9 udr\u017eov\u00e1n\u00ed aktu\u00e1ln\u00edho stavu je \u0161pion\u00e1\u017en\u00ed letadlo n\u00e1kladov\u011b efektivn\u011bj\u0161\u00ed ne\u017e pos\u00edl\u00e1n\u00ed va\u0161ich antiraket na misi smrti.<\/p>\n\n\n\n<div class=\"wp-block-image\"><figure class=\"aligncenter size-large\"><a href=\"https:\/\/supcom.standardof.net\/cs\/supreme-commander\/uef\/tech-3-uef-air-jednotky\/sr90-blackbird-spy-plane-supreme-commander-uef-air-units-t3\/\"><img decoding=\"async\" width=\"528\" height=\"396\" src=\"https:\/\/supcom.standardof.net\/wp-content\/uploads\/sites\/8\/2020\/11\/SR90-BLACKBIRD-SPY-PLANE-Supreme-Commander-UEF-Air-Units-T3.jpg\" alt=\"SR90 Blackbird Spy Plane, leteck\u00e1 jednotka UEF Tech 3 v Supreme Commander.\" class=\"wp-image-374\" srcset=\"https:\/\/supcom.standardof.net\/wp-content\/uploads\/sites\/8\/2020\/11\/SR90-BLACKBIRD-SPY-PLANE-Supreme-Commander-UEF-Air-Units-T3.jpg 528w, https:\/\/supcom.standardof.net\/wp-content\/uploads\/sites\/8\/2020\/11\/SR90-BLACKBIRD-SPY-PLANE-Supreme-Commander-UEF-Air-Units-T3-512x384.jpg 512w, https:\/\/supcom.standardof.net\/wp-content\/uploads\/sites\/8\/2020\/11\/SR90-BLACKBIRD-SPY-PLANE-Supreme-Commander-UEF-Air-Units-T3-200x150.jpg 200w, https:\/\/supcom.standardof.net\/wp-content\/uploads\/sites\/8\/2020\/11\/SR90-BLACKBIRD-SPY-PLANE-Supreme-Commander-UEF-Air-Units-T3-16x12.jpg 16w\" sizes=\"(max-width: 528px) 100vw, 528px\" \/><\/a><figcaption>SR90 BLACKBIRD - SPY PLANE<\/figcaption><\/figure><\/div>\n\n\n\n<section class=\"wp-block-uagb-columns uagb-columns__wrap uagb-columns__background-undefined uagb-columns__stack-mobile uagb-columns__valign-undefined uagb-columns__gap-10 alignundefined uagb-block-644edc08\"><div class=\"uagb-columns__overlay\"><\/div><div class=\"uagb-columns__inner-wrap uagb-columns__columns-2\">\n<div class=\"wp-block-uagb-column uagb-column__wrap uagb-column__background-undefined uagb-block-31c36f02\"><div class=\"uagb-column__overlay\"><\/div><div class=\"uagb-column__inner-wrap\">\n<h3 class=\"wp-block-heading\">Statistiky kos\u016f SR90<\/h3>\n\n\n\n<p><strong>Zbroj:<\/strong> 30 hp (lehk\u00fd)<br><strong>Schopnosti:<\/strong> Radar<br><strong>N\u00e1klady:<\/strong> M56, E2240, T420<br><strong>Intel:<\/strong> pohled: 96 (1,88 km)<br>radar: 96 (1,88 km)<br>v\u00edce: 30 (586m)<br><strong>Fyzika<\/strong><br>maxim\u00e1ln\u00ed rychlost: 21 (410 m \/ s)<br>nadmo\u0159sk\u00e1 v\u00fd\u0161ka: 25 (488 m)<br><strong>Transportn\u00ed t\u0159\u00edda:<\/strong> 3<br><em>* \u00farove\u0148 veter\u00e1n\u016f 2: +8 hp<br>* \u00farove\u0148 veter\u00e1n\u016f 4: +8 hp<br>* \u00farove\u0148 veter\u00e1n\u016f 5: oprava 1 hp \/ s<\/em><\/p>\n<\/div><\/div>\n\n\n\n<div class=\"wp-block-uagb-column uagb-column__wrap uagb-column__background-undefined uagb-block-d5c752a2\"><div class=\"uagb-column__overlay\"><\/div><div class=\"uagb-column__inner-wrap\">\n<h3 class=\"wp-block-heading\">SR90 Blackbird Zbran\u011b<\/h3>\n\n\n\n<p><strong>Leteck\u00e1 nehoda<\/strong><br><em>(Smrt)<\/em><br>100 po\u0161kozen\u00ed<br><strong>plocha:<\/strong> 1 (19,5 m)<\/p>\n<\/div><\/div>\n<\/div><\/section>\n<\/div><\/div>\n<\/div><\/section>\n\n\n\n<section class=\"wp-block-uagb-columns uagb-columns__wrap uagb-columns__background-undefined uagb-columns__stack-mobile uagb-columns__valign-undefined uagb-columns__gap-10 alignundefined uagb-block-e4ac00c1\"><div class=\"uagb-columns__overlay\"><\/div><div class=\"uagb-columns__inner-wrap uagb-columns__columns-1\">\n<div class=\"wp-block-uagb-column uagb-column__wrap uagb-column__background-undefined uagb-block-9aedbfb3\"><div class=\"uagb-column__overlay\"><\/div><div class=\"uagb-column__inner-wrap\">\n<h2 class=\"wp-block-heading\"><strong>VOSA <\/strong>- LETECK\u00c1 SUPERIORITA<\/h2>\n\n\n\n<p><a href=\"https:\/\/www.standardof.net\/wp-content\/uploads\/2011\/10\/SupremeCommander-2011-10-15-15-02-13-87.png\" class=\"rank-math-link\" target=\"_blank\" rel=\"noopener\"><\/a>Wasp je velmi drah\u00e1 protileteck\u00e1 jednotka, tak\u017ee byste ji m\u011bli stav\u011bt, pouze pokud si mysl\u00edte, \u017ee budete muset pravideln\u011b zab\u00edjet nep\u0159\u00e1telsk\u00e9 leteck\u00e9 jednotky. L\u00e9taj\u00ed tak rychle, \u017ee nebudou poskytovat dostate\u010dn\u00e9 kryt\u00ed pro bombardov\u00e1n\u00ed, ale mohou p\u0159ij\u00edt a p\u0159epadnout nep\u0159\u00e1telsk\u00e9 st\u00edhac\u00ed s\u00edly a jsou nejlep\u0161\u00edm zp\u016fsobem, jak se vypo\u0159\u00e1dat s experiment\u00e1ln\u00edmi leteck\u00fdmi jednotkami.<\/p>\n\n\n\n<div class=\"wp-block-image\"><figure class=\"aligncenter size-large\"><a href=\"https:\/\/supcom.standardof.net\/cs\/supreme-commander\/uef\/tech-3-uef-air-jednotky\/wasp-air-superiority-fighter-supreme-commander-uef-air-units-t3\/\"><img decoding=\"async\" width=\"489\" height=\"345\" src=\"https:\/\/supcom.standardof.net\/wp-content\/uploads\/sites\/8\/2020\/11\/WASP-AIR-SUPERIORITY-FIGHTER-Supreme-Commander-UEF-Air-Units-T3.jpg\" alt=\"Wasp Air Superiority Fighter, leteck\u00e1 jednotka UEF Tech 3 v Supreme Commander.\" class=\"wp-image-371\" srcset=\"https:\/\/supcom.standardof.net\/wp-content\/uploads\/sites\/8\/2020\/11\/WASP-AIR-SUPERIORITY-FIGHTER-Supreme-Commander-UEF-Air-Units-T3.jpg 489w, https:\/\/supcom.standardof.net\/wp-content\/uploads\/sites\/8\/2020\/11\/WASP-AIR-SUPERIORITY-FIGHTER-Supreme-Commander-UEF-Air-Units-T3-200x141.jpg 200w, https:\/\/supcom.standardof.net\/wp-content\/uploads\/sites\/8\/2020\/11\/WASP-AIR-SUPERIORITY-FIGHTER-Supreme-Commander-UEF-Air-Units-T3-16x12.jpg 16w\" sizes=\"(max-width: 489px) 100vw, 489px\" \/><\/a><figcaption>WASP - ZV\u00dd\u0160EN\u00dd V\u00ddKON VZDUCHU<\/figcaption><\/figure><\/div>\n\n\n\n<section class=\"wp-block-uagb-columns uagb-columns__wrap uagb-columns__background-undefined uagb-columns__stack-mobile uagb-columns__valign-undefined uagb-columns__gap-10 alignundefined uagb-block-73f10c69\"><div class=\"uagb-columns__overlay\"><\/div><div class=\"uagb-columns__inner-wrap uagb-columns__columns-2\">\n<div class=\"wp-block-uagb-column uagb-column__wrap uagb-column__background-undefined uagb-block-43d953d5\"><div class=\"uagb-column__overlay\"><\/div><div class=\"uagb-column__inner-wrap\">\n<h3 class=\"wp-block-heading\">Statistiky vos<\/h3>\n\n\n\n<p><strong>Zbroj:<\/strong> 250 hp (lehk\u00fd)<br><strong>N\u00e1klady:<\/strong> M360, E24000, T3600<br><strong>Intel:<\/strong> pohled: 32 (625m)<br><strong>Fyzika<\/strong><br>maxim\u00e1ln\u00ed rychlost: 25 (488 m \/ s),<br>nadmo\u0159sk\u00e1 v\u00fd\u0161ka: 20 (391 m),<br>vzd\u00e1lenost z\u00e1b\u011bru: 50 (977 m)<br><strong>Transportn\u00ed t\u0159\u00edda:<\/strong> 3<br><strong>Veter\u00e1nstv\u00ed:<\/strong> 5, 10, 25, 50, 100 zabit\u00ed<br><em>* \u00farove\u0148 veter\u00e1n\u016f 2: +63 hp,<br>* \u00farove\u0148 veter\u00e1n\u016f 4: +63 hp,<br>* \u00farove\u0148 veter\u00e1n\u016f 5: oprava 1 hp \/ s<\/em><\/p>\n<\/div><\/div>\n\n\n\n<div class=\"wp-block-uagb-column uagb-column__wrap uagb-column__background-undefined uagb-block-df4ab5d0\"><div class=\"uagb-column__overlay\"><\/div><div class=\"uagb-column__inner-wrap\">\n<h3 class=\"wp-block-heading\">Vos\u00ed zbran\u011b<\/h3>\n\n\n\n<p>2x <strong>Ginsu Pulse Beam<\/strong><br><em>(Anti Air)<\/em><br>40,00 dps,<br><strong>plocha:<\/strong> 1 (19,5 m)<br><strong>rozsah:<\/strong> 24 (469 m)<br><strong>st\u0159eln\u00e1 zbra\u0148:<\/strong> 40 po\u0161kozen\u00ed<br><strong>rychlost st\u0159elby:<\/strong> 1 (ka\u017ed\u00e9 1 s)<br><em>* \u00farove\u0148 veter\u00e1n\u016f 1: +10 k po\u0161kozen\u00ed<br>* \u00farove\u0148 veter\u00e1n\u016f 3: +10 k po\u0161kozen\u00ed<\/em><\/p>\n\n\n\n<p><strong>Leteck\u00e1 nehoda<br><\/strong><em>(Smrt)<\/em><br>200 po\u0161kozen\u00ed<br><strong>plocha:<\/strong> 1 (19,5 m)<\/p>\n<\/div><\/div>\n<\/div><\/section>\n<\/div><\/div>\n<\/div><\/section>\n\n\n\n<section class=\"wp-block-uagb-columns uagb-columns__wrap uagb-columns__background-undefined uagb-columns__stack-mobile uagb-columns__valign-undefined uagb-columns__gap-10 alignundefined uagb-block-b503a93c\"><div class=\"uagb-columns__overlay\"><\/div><div class=\"uagb-columns__inner-wrap uagb-columns__columns-1\">\n<div class=\"wp-block-uagb-column uagb-column__wrap uagb-column__background-undefined uagb-block-a3916b69\"><div class=\"uagb-column__overlay\"><\/div><div class=\"uagb-column__inner-wrap\">\n<h2 class=\"wp-block-heading\"><strong>VELVYSLANEC <\/strong>- STRATEGICK\u00dd BOMBER<\/h2>\n\n\n\n<p><a href=\"https:\/\/www.standardof.net\/wp-content\/uploads\/2011\/10\/SupremeCommander-2011-10-15-15-02-41-13.png\" class=\"rank-math-link\" target=\"_blank\" rel=\"noopener\"><\/a>Strategick\u00e9 bombard\u00e9ry se stav\u00ed tak pomalu, \u017ee vy\u017eaduj\u00ed velkou skupinu in\u017een\u00fdr\u016f. Slovo \u201estrategick\u00fd\u201c by se tam nem\u011blo br\u00e1t na lehkou v\u00e1hu: mohou skute\u010dn\u011b zab\u00edjet antirakety sv\u00fdmi protiletadlov\u00fdmi zbran\u011bmi, l\u00e9taj\u00ed dostate\u010dn\u011b vysoko, aby zabit\u00ed m\u00edsta SAM chv\u00edli trvalo, a jejich bomba je samoz\u0159ejm\u011b hr\u016fzostra\u0161n\u00e1. Tyto v\u011bci jsou zbyte\u010dn\u00e9 pro nep\u0159\u00e1telsk\u00e9 pozemn\u00ed s\u00edly, proto\u017ee d\u00edky jejich nep\u0159esnosti je stejn\u011b pravd\u011bpodobn\u00e9, \u017ee zabij\u00ed i va\u0161e lidi; m\u00edsto toho je nahromadit spole\u010dn\u011b s enormn\u00ed silou jin\u00fdch letadel, aby rozpt\u00fdlili nep\u0159\u00e1telskou protivzdu\u0161nou obranu a pou\u017eili je k chirurgick\u00e9mu \u00faderu na ACU, d\u011blost\u0159electvo nebo protiraketovou obranu.<\/p>\n\n\n\n<div class=\"wp-block-image\"><figure class=\"aligncenter size-large\"><a href=\"https:\/\/supcom.standardof.net\/cs\/supreme-commander\/uef\/tech-3-uef-air-jednotky\/ambassador-strategic-bomber-supreme-commander-uef-air-units-t3\/\"><img decoding=\"async\" width=\"612\" height=\"399\" src=\"https:\/\/supcom.standardof.net\/wp-content\/uploads\/sites\/8\/2020\/11\/AMBASSADOR-STRATEGIC-BOMBER-Supreme-Commander-UEF-Air-Units-T3.jpg\" alt=\"Ambassador Strategic Bomber, leteck\u00e1 jednotka UEF Tech 3 ve vrchn\u00edm veliteli.\" class=\"wp-image-372\" srcset=\"https:\/\/supcom.standardof.net\/wp-content\/uploads\/sites\/8\/2020\/11\/AMBASSADOR-STRATEGIC-BOMBER-Supreme-Commander-UEF-Air-Units-T3.jpg 612w, https:\/\/supcom.standardof.net\/wp-content\/uploads\/sites\/8\/2020\/11\/AMBASSADOR-STRATEGIC-BOMBER-Supreme-Commander-UEF-Air-Units-T3-512x334.jpg 512w, https:\/\/supcom.standardof.net\/wp-content\/uploads\/sites\/8\/2020\/11\/AMBASSADOR-STRATEGIC-BOMBER-Supreme-Commander-UEF-Air-Units-T3-200x130.jpg 200w, https:\/\/supcom.standardof.net\/wp-content\/uploads\/sites\/8\/2020\/11\/AMBASSADOR-STRATEGIC-BOMBER-Supreme-Commander-UEF-Air-Units-T3-16x10.jpg 16w\" sizes=\"(max-width: 612px) 100vw, 612px\" \/><\/a><figcaption>VELVYSLANEC - STRATEGICK\u00c1 BOMBA<\/figcaption><\/figure><\/div>\n\n\n\n<section class=\"wp-block-uagb-columns uagb-columns__wrap uagb-columns__background-undefined uagb-columns__stack-mobile uagb-columns__valign-undefined uagb-columns__gap-10 alignundefined uagb-block-5d4f54c0\"><div class=\"uagb-columns__overlay\"><\/div><div class=\"uagb-columns__inner-wrap uagb-columns__columns-2\">\n<div class=\"wp-block-uagb-column uagb-column__wrap uagb-column__background-undefined uagb-block-56a1084a\"><div class=\"uagb-column__overlay\"><\/div><div class=\"uagb-column__inner-wrap\">\n<h3 class=\"wp-block-heading\">Statistiky velvyslanc\u016f<\/h3>\n\n\n\n<p><strong>Zbroj:<\/strong> 150 hp (lehk\u00fd)<br><strong>Schopnosti:<\/strong> Anti-Air<br><strong>N\u00e1klady:<\/strong> M2160, E72000, T7200<br><strong>Intel:<\/strong> pohled: 32 (625m)<br><strong>Fyzika:<\/strong><br>maxim\u00e1ln\u00ed rychlost: 15 (293 m \/ s)<br>nadmo\u0159sk\u00e1 v\u00fd\u0161ka: 25 (488 m)<br>vzd\u00e1lenost z\u00e1b\u011bru: 50 (977 m)<br><strong>Transportn\u00ed t\u0159\u00edda:<\/strong> 3<br><strong>Veter\u00e1nstv\u00ed:<\/strong> 30, 60, 150, 300, 600 zabit\u00ed<br><em>* \u00farove\u0148 veter\u00e1n\u016f 2: +38 k<br>* \u00farove\u0148 veter\u00e1n\u016f 4: +38 k<br>* \u00farove\u0148 veter\u00e1n\u016f 5: oprava 1 hp \/ s<\/em><\/p>\n<\/div><\/div>\n\n\n\n<div class=\"wp-block-uagb-column uagb-column__wrap uagb-column__background-undefined uagb-block-437a8368\"><div class=\"uagb-column__overlay\"><\/div><div class=\"uagb-column__inner-wrap\">\n<h3 class=\"wp-block-heading\">Velvyslanec Zbran\u011b<\/h3>\n\n\n\n<p><strong>Jadern\u00e1 bomba s mal\u00fdm v\u00fdt\u011b\u017ekem<\/strong><br><em>(Bombardovat)<\/em><br>1300,00 dps,<br><strong>plocha:<\/strong> 4,5 (87,9 m)<br><strong>rozsah:<\/strong> 5 (97,7 m)<br><strong>st\u0159eln\u00e1 zbra\u0148:<\/strong> 6500 po\u0161kozen\u00ed<br><strong>rychlost st\u0159elby:<\/strong> 0,2 (ka\u017ed\u00fdch 5 s)<br><strong>n\u00e1hodnost st\u0159elby:<\/strong> 3<br><em>* \u00farove\u0148 veter\u00e1n\u016f 1: +1625 po\u0161kozen\u00ed<br>* \u00farove\u0148 veter\u00e1n\u016f 3: po\u0161kozen\u00ed +1625<\/em><\/p>\n\n\n\n<p><strong>Propojen\u00e1 Railgun<br><\/strong><em>(Anti Air)<br><\/em>&nbsp;&nbsp;&nbsp;&nbsp; 120,00 dps<br><strong>rozsah:<\/strong> 44 (859 m)<br><strong>st\u0159eln\u00e1 zbra\u0148:<\/strong> 20 po\u0161kozen\u00ed x 2 st\u0159ely = 40 po\u0161kozen\u00ed na salvu<br><strong>rychlost st\u0159elby:<\/strong> 3 (ka\u017ed\u00fdch 0,33 s)<\/p>\n\n\n\n<p><strong>Leteck\u00e1 nehoda<\/strong><br><em>(Smrt)<br><\/em>&nbsp;&nbsp;&nbsp;&nbsp; 500 po\u0161kozen\u00ed<br><strong>plocha:<\/strong> 1 (19,5 m)<\/p>\n<\/div><\/div>\n<\/div><\/section>\n<\/div><\/div>\n<\/div><\/section>\n\n\n\n<section class=\"wp-block-uagb-columns uagb-columns__wrap uagb-columns__background-undefined uagb-columns__stack-mobile uagb-columns__valign-undefined uagb-columns__gap-10 alignundefined uagb-block-8ff6c23d\"><div class=\"uagb-columns__overlay\"><\/div><div class=\"uagb-columns__inner-wrap uagb-columns__columns-1\">\n<div class=\"wp-block-uagb-column uagb-column__wrap uagb-column__background-undefined uagb-block-bf2c4717\"><div class=\"uagb-column__overlay\"><\/div><div class=\"uagb-column__inner-wrap\">\n<h2 class=\"wp-block-heading\"><strong>\u0160IROK\u00c9 SLOVO <\/strong>- T\u011a\u017dK\u00c1 PISTOLE<\/h2>\n\n\n\n<p><a href=\"https:\/\/www.standardof.net\/wp-content\/uploads\/2011\/10\/SupremeCommander-2011-10-15-15-02-58-40.png\" class=\"rank-math-link\" target=\"_blank\" rel=\"noopener\"><\/a>Jedine\u010dnou jednotkou UEF, hlavn\u00ed ctnost\u00ed t\u011b\u017ek\u00e9ho bojov\u00e9ho vrtuln\u00edku, je jeho t\u011b\u017ek\u00e9 brn\u011bn\u00ed. Je to bojov\u00fd vrtuln\u00edk, tak\u017ee je zraniteln\u00fd v\u016f\u010di \u00fatok\u016fm jin\u00fdch bojov\u00fdch vrtuln\u00edk\u016f i proti protiletadlov\u00fdm protiletadlov\u00fdm tank\u016fm T2, ale samotn\u00e9 mno\u017estv\u00ed palebn\u00e9 s\u00edly, kter\u00e9 dok\u00e1\u017ee vyslat, z n\u011bj d\u011bl\u00e1 impozantn\u00ed zbra\u0148. \u00datok t\u011b\u017ek\u00e9ho bojov\u00e9ho vrtuln\u00edku m\u016f\u017ee sn\u00edst \u00fato\u010d\u00edc\u00ed pozemn\u00ed s\u00edly na sn\u00eddani, pot\u00e9 ustoupit do Air Staging Facility, zat\u00edmco nep\u0159\u00e1tel\u0161t\u00ed bojovn\u00edci naraz\u00ed na va\u0161i ze\u010f protivzdu\u0161n\u00e9 obrany.<\/p>\n\n\n\n<div class=\"wp-block-image\"><figure class=\"aligncenter size-large\"><a href=\"https:\/\/supcom.standardof.net\/cs\/supreme-commander\/uef\/tech-3-uef-air-jednotky\/broadsword-heavy-gunship-supreme-commander-uef-air-units-t3\/\"><img decoding=\"async\" width=\"453\" height=\"381\" src=\"https:\/\/supcom.standardof.net\/wp-content\/uploads\/sites\/8\/2020\/11\/BROADSWORD-HEAVY-GUNSHIP-Supreme-Commander-UEF-Air-Units-T3.jpg\" alt=\"Broadsword Heavy Gunship, leteck\u00e1 jednotka UEF Tech 3 v Supreme Commander.\" class=\"wp-image-373\" srcset=\"https:\/\/supcom.standardof.net\/wp-content\/uploads\/sites\/8\/2020\/11\/BROADSWORD-HEAVY-GUNSHIP-Supreme-Commander-UEF-Air-Units-T3.jpg 453w, https:\/\/supcom.standardof.net\/wp-content\/uploads\/sites\/8\/2020\/11\/BROADSWORD-HEAVY-GUNSHIP-Supreme-Commander-UEF-Air-Units-T3-200x168.jpg 200w, https:\/\/supcom.standardof.net\/wp-content\/uploads\/sites\/8\/2020\/11\/BROADSWORD-HEAVY-GUNSHIP-Supreme-Commander-UEF-Air-Units-T3-14x12.jpg 14w\" sizes=\"(max-width: 453px) 100vw, 453px\" \/><\/a><figcaption>\u0160IROK\u00c9 SLOVO - T\u011a\u017dK\u00c1 PISTOLE<\/figcaption><\/figure><\/div>\n\n\n\n<section class=\"wp-block-uagb-columns uagb-columns__wrap uagb-columns__background-undefined uagb-columns__stack-mobile uagb-columns__valign-undefined uagb-columns__gap-10 alignundefined uagb-block-f217dd58\"><div class=\"uagb-columns__overlay\"><\/div><div class=\"uagb-columns__inner-wrap uagb-columns__columns-2\">\n<div class=\"wp-block-uagb-column uagb-column__wrap uagb-column__background-undefined uagb-block-368076df\"><div class=\"uagb-column__overlay\"><\/div><div class=\"uagb-column__inner-wrap\">\n<h3 class=\"wp-block-heading\">Statistiky \u0161irok\u00e9ho me\u010de<\/h3>\n\n\n\n<p><strong>Zbroj:<\/strong> 475 hp (lehk\u00fd)<br><strong>Schopnosti:<\/strong> Anti-Air<br><strong>N\u00e1klady:<\/strong> M2100, E22500, T4500<br><strong>Intel:<\/strong> pohled: 32 (625m)<br><strong>Fyzika<\/strong><br>maxim\u00e1ln\u00ed rychlost: 10 (195 m \/ s)<br>rychlost ot\u00e1\u010den\u00ed: 100<br>nadmo\u0159sk\u00e1 v\u00fd\u0161ka: 10 (195 m)<br><strong>Transportn\u00ed t\u0159\u00edda:<\/strong> 3<br><strong>Veter\u00e1nstv\u00ed:<\/strong> 30, 60, 150, 300, 600 zabit\u00ed<br><em>* \u00farove\u0148 veter\u00e1n\u016f 2: +119 k<br>* \u00farove\u0148 veter\u00e1n\u016f 4: +119 k<br>* \u00farove\u0148 veter\u00e1n\u016f 5: oprava 1 hp \/ s<\/em><\/p>\n<\/div><\/div>\n\n\n\n<div class=\"wp-block-uagb-column uagb-column__wrap uagb-column__background-undefined uagb-block-b226e275\"><div class=\"uagb-column__overlay\"><\/div><div class=\"uagb-column__inner-wrap\">\n<h3 class=\"wp-block-heading\">Broadsword Weapons<\/h3>\n\n\n\n<p><strong>T\u011b\u017ek\u00e9 plazmov\u00e9 d\u011blo<\/strong><br><em>(P\u0159\u00edm\u00e1 palba)<\/em><br>242,00 dps<br><strong>rozsah:<\/strong> 25 (488 m)<br><strong>st\u0159eln\u00e1 zbra\u0148:<\/strong> 110 po\u0161kozen\u00ed<br><strong>rychlost st\u0159elby:<\/strong> 2,2 (ka\u017ed\u00fdch 0,45 s)<br><em>* \u00farove\u0148 veter\u00e1n\u016f 1: +28 k po\u0161kozen\u00ed<br>* \u00farove\u0148 veter\u00e1n\u016f 3: +28 k po\u0161kozen\u00ed<\/em><\/p>\n\n\n\n<p><strong>T\u011b\u017ek\u00e9 plazmov\u00e9 d\u011blo<\/strong><br><em>(P\u0159\u00edm\u00e1 palba)<br><\/em>&nbsp;&nbsp;&nbsp;&nbsp; 180,40 dps<br><strong>rozsah:<\/strong> 25 (488 m)<br><strong>st\u0159eln\u00e1 zbra\u0148:<\/strong> 82 po\u0161kozen\u00ed<br><strong>rychlost st\u0159elby:<\/strong> 2,2 (ka\u017ed\u00fdch 0,45 s)<\/p>\n\n\n\n<p><strong>Propojen\u00e1 Railgun<br><\/strong><em>(Anti Air)<\/em><br>28,00 dps,<br><strong>rozsah:<\/strong> 44 (859 m)<br><strong>st\u0159eln\u00e1 zbra\u0148:<\/strong> 7 po\u0161kozen\u00ed x 2 st\u0159ely = 14 po\u0161kozen\u00ed na salvu<br><strong>rychlost st\u0159elby:<\/strong> 2 (ka\u017ed\u00fdch 0,5 s)<\/p>\n\n\n\n<p><strong>Leteck\u00e1 nehoda<\/strong><br><em>(Smrt)<\/em><br>300 po\u0161kozen\u00ed<br><strong>plocha:<\/strong> 1 (19,5 m)<\/p>\n<\/div><\/div>\n<\/div><\/section>\n<\/div><\/div>\n<\/div><\/section>","protected":false},"excerpt":{"rendered":"<p>SR90 BLACKBIRD &#8211; SPY PLANE The Spy Plane takes a while to build, but it&#8217;s still very inexpensive. You&#8217;ll only really need one spy plane, because its sight range allows you to see the edges of the enemy base without being shot down. Unless they have T3 air defenses, you should be able to make [&hellip;]<\/p>","protected":false},"author":1,"featured_media":0,"parent":231,"menu_order":0,"comment_status":"open","ping_status":"closed","template":"","meta":{"_uag_custom_page_level_css":"","site-sidebar-layout":"default","site-content-layout":"default","ast-site-content-layout":"","site-content-style":"default","site-sidebar-style":"default","ast-global-header-display":"","ast-banner-title-visibility":"","ast-main-header-display":"","ast-hfb-above-header-display":"","ast-hfb-below-header-display":"","ast-hfb-mobile-header-display":"","site-post-title":"","ast-breadcrumbs-content":"","ast-featured-img":"","footer-sml-layout":"","theme-transparent-header-meta":"default","adv-header-id-meta":"","stick-header-meta":"","header-above-stick-meta":"","header-main-stick-meta":"","header-below-stick-meta":"","astra-migrate-meta-layouts":"default","ast-page-background-enabled":"default","ast-page-background-meta":{"desktop":{"background-color":"","background-image":"","background-repeat":"repeat","background-position":"center center","background-size":"auto","background-attachment":"scroll","background-type":"","background-media":"","overlay-type":"","overlay-color":"","overlay-gradient":""},"tablet":{"background-color":"","background-image":"","background-repeat":"repeat","background-position":"center center","background-size":"auto","background-attachment":"scroll","background-type":"","background-media":"","overlay-type":"","overlay-color":"","overlay-gradient":""},"mobile":{"background-color":"","background-image":"","background-repeat":"repeat","background-position":"center center","background-size":"auto","background-attachment":"scroll","background-type":"","background-media":"","overlay-type":"","overlay-color":"","overlay-gradient":""}},"ast-content-background-meta":{"desktop":{"background-color":"var(--ast-global-color-5)","background-image":"","background-repeat":"repeat","background-position":"center center","background-size":"auto","background-attachment":"scroll","background-type":"","background-media":"","overlay-type":"","overlay-color":"","overlay-gradient":""},"tablet":{"background-color":"var(--ast-global-color-5)","background-image":"","background-repeat":"repeat","background-position":"center center","background-size":"auto","background-attachment":"scroll","background-type":"","background-media":"","overlay-type":"","overlay-color":"","overlay-gradient":""},"mobile":{"background-color":"var(--ast-global-color-5)","background-image":"","background-repeat":"repeat","background-position":"center center","background-size":"auto","background-attachment":"scroll","background-type":"","background-media":"","overlay-type":"","overlay-color":"","overlay-gradient":""}},"footnotes":""},"uagb_featured_image_src":{"full":false,"thumbnail":false,"medium":false,"medium_large":false,"large":false,"1536x1536":false,"2048x2048":false,"trp-custom-language-flag":false},"uagb_author_info":{"display_name":"SOE","author_link":"https:\/\/supcom.standardof.net\/cs\/author\/k-tastic\/"},"uagb_comment_info":0,"uagb_excerpt":"SR90 BLACKBIRD &#8211; SPY PLANE The Spy Plane takes a while to build, but it&#8217;s still very inexpensive. You&#8217;ll only really need one spy plane, because its sight range allows you to see the edges of the enemy base without being shot down. Unless they have T3 air defenses, you should be able to make&hellip;","_links":{"self":[{"href":"https:\/\/supcom.standardof.net\/cs\/wp-json\/wp\/v2\/pages\/369"}],"collection":[{"href":"https:\/\/supcom.standardof.net\/cs\/wp-json\/wp\/v2\/pages"}],"about":[{"href":"https:\/\/supcom.standardof.net\/cs\/wp-json\/wp\/v2\/types\/page"}],"author":[{"embeddable":true,"href":"https:\/\/supcom.standardof.net\/cs\/wp-json\/wp\/v2\/users\/1"}],"replies":[{"embeddable":true,"href":"https:\/\/supcom.standardof.net\/cs\/wp-json\/wp\/v2\/comments?post=369"}],"version-history":[{"count":0,"href":"https:\/\/supcom.standardof.net\/cs\/wp-json\/wp\/v2\/pages\/369\/revisions"}],"up":[{"embeddable":true,"href":"https:\/\/supcom.standardof.net\/cs\/wp-json\/wp\/v2\/pages\/231"}],"wp:attachment":[{"href":"https:\/\/supcom.standardof.net\/cs\/wp-json\/wp\/v2\/media?parent=369"}],"curies":[{"name":"wp","href":"https:\/\/api.w.org\/{rel}","templated":true}]}}