{"id":387,"date":"2020-11-01T14:07:11","date_gmt":"2020-11-01T19:07:11","guid":{"rendered":"https:\/\/supcom.standardof.net\/?page_id=387"},"modified":"2020-11-03T23:07:53","modified_gmt":"2020-11-04T04:07:53","slug":"tech-1-uef-naval-units","status":"publish","type":"page","link":"https:\/\/supcom.standardof.net\/cs\/supreme-commander\/uef\/tech-1-uef-namorni-jednotky\/","title":{"rendered":"Tech 1 - n\u00e1mo\u0159n\u00ed jednotky UEF"},"content":{"rendered":"<div class=\"wp-block-uagb-table-of-contents uagb-toc__align-left uagb-toc__columns-1  uagb-block-56b2f7e6\"\n\t\t\t\t\tdata-scroll= \"1\"\n\t\t\t\t\tdata-offset= \"30\"\n\t\t\t\t\tstyle=\"\"\n\t\t\t\t>\n\t\t\t\t<div class=\"uagb-toc__wrap\">\n\t\t\t\t\t\t<div class=\"uagb-toc__title\">\n\t\t\t\t\t\t\tN\u00e1mo\u0159n\u00ed jednotky UEF Tech 1:\t\t\t\t\t\t<\/div>\n\t\t\t\t\t\t\t\t\t\t\t\t\t\t\t\t<div class=\"uagb-toc__list-wrap\">\n\t\t\t\t\t\t<ol class=\"uagb-toc__list\"><li class=\"uagb-toc__list\"><a href=\"#tigershark-attack-submarine\" class=\"uagb-toc-link__trigger\">TIGERSHARK - \u00daTO\u010cN\u00c1 SUBMARINE<\/a><li class=\"uagb-toc__list\"><a href=\"#thunderhead-class-frigate\" class=\"uagb-toc-link__trigger\">FRIG\u00c1TY T\u0158\u00cdDY THUNDERHEAD<\/a><\/ol>\t\t\t\t\t<\/div>\n\t\t\t\t\t\t\t\t\t<\/div>\n\t\t\t\t<\/div>\n\t\t\t\n\n\n<section class=\"wp-block-uagb-columns uagb-columns__wrap uagb-columns__background-undefined uagb-columns__stack-mobile uagb-columns__valign-undefined uagb-columns__gap-10 alignundefined uagb-block-21ae726d\"><div class=\"uagb-columns__overlay\"><\/div><div class=\"uagb-columns__inner-wrap uagb-columns__columns-1\">\n<div class=\"wp-block-uagb-column uagb-column__wrap uagb-column__background-undefined uagb-block-ca1131e8\"><div class=\"uagb-column__overlay\"><\/div><div class=\"uagb-column__inner-wrap\">\n<h2 class=\"wp-block-heading\"><strong>\u017dRALOK TYG\u0158\u00cd <\/strong>- \u00daTO\u010cN\u00c1 SUBMARINE<\/h2>\n\n\n\n<p><a href=\"https:\/\/www.standardof.net\/wp-content\/uploads\/2011\/10\/Attack-Submarine-Tigershark.jpg\" class=\"rank-math-link\" target=\"_blank\" rel=\"noopener\"><\/a>P\u0159esto\u017ee subport UEF m\u00edrn\u011b p\u0159ekon\u00e1v\u00e1 subterapii Aeon, m\u00e1 jeden vykupuj\u00edc\u00ed faktor: m\u016f\u017eete jej objednat na povrch (stisknut\u00edm tla\u010d\u00edtka \u201eDive\u201c nebo \u201eD\u201c) a p\u0159id\u00e1 do rovnice sv\u016fj palubn\u00ed laser. To je obvykle mimo\u0159\u00e1dn\u011b \u0161patn\u00fd n\u00e1pad, proto\u017ee v\u00e1s \u010din\u00ed zraniteln\u00fdm v\u016f\u010di pozemn\u00ed palb\u011b a ob\u011btujete tak v\u00fdhodu brn\u011bn\u00ed UEF, ale v p\u0159\u00edpad\u011b pot\u0159eby m\u016f\u017ee zab\u00edt vzn\u00e1\u0161ej\u00edc\u00ed se in\u017een\u00fdry, co\u017e je hezk\u00e9.<\/p>\n\n\n\n<div class=\"wp-block-image\"><figure class=\"aligncenter size-large\"><a href=\"https:\/\/supcom.standardof.net\/cs\/supreme-commander\/uef\/tech-1-uef-namorni-jednotky\/attack-submarine-tigershark-supreme-commander-uef-navy-units-t1\/\"><img decoding=\"async\" width=\"580\" height=\"384\" src=\"https:\/\/supcom.standardof.net\/wp-content\/uploads\/sites\/8\/2020\/11\/Attack-Submarine-Tigershark-Supreme-Commander-UEF-Navy-Units-T1.jpg\" alt=\"Tigershark Attack Submarine, n\u00e1mo\u0159n\u00ed jednotka UEF Tech 1 v Nejvy\u0161\u0161\u00edm veliteli.\" class=\"wp-image-390\" srcset=\"https:\/\/supcom.standardof.net\/wp-content\/uploads\/sites\/8\/2020\/11\/Attack-Submarine-Tigershark-Supreme-Commander-UEF-Navy-Units-T1.jpg 580w, https:\/\/supcom.standardof.net\/wp-content\/uploads\/sites\/8\/2020\/11\/Attack-Submarine-Tigershark-Supreme-Commander-UEF-Navy-Units-T1-512x339.jpg 512w, https:\/\/supcom.standardof.net\/wp-content\/uploads\/sites\/8\/2020\/11\/Attack-Submarine-Tigershark-Supreme-Commander-UEF-Navy-Units-T1-200x132.jpg 200w, https:\/\/supcom.standardof.net\/wp-content\/uploads\/sites\/8\/2020\/11\/Attack-Submarine-Tigershark-Supreme-Commander-UEF-Navy-Units-T1-16x12.jpg 16w\" sizes=\"(max-width: 580px) 100vw, 580px\" \/><\/a><figcaption>TIGERSHARK - \u00daTO\u010cN\u00c1 SUBMARINE<\/figcaption><\/figure><\/div>\n\n\n\n<section class=\"wp-block-uagb-columns uagb-columns__wrap uagb-columns__background-undefined uagb-columns__stack-mobile uagb-columns__valign-undefined uagb-columns__gap-10 alignundefined uagb-block-1d37dfd1\"><div class=\"uagb-columns__overlay\"><\/div><div class=\"uagb-columns__inner-wrap uagb-columns__columns-2\">\n<div class=\"wp-block-uagb-column uagb-column__wrap uagb-column__background-undefined uagb-block-32885194\"><div class=\"uagb-column__overlay\"><\/div><div class=\"uagb-column__inner-wrap\">\n<h3 class=\"wp-block-heading\">Statistiky Tigershark<\/h3>\n\n\n\n<p><strong>Zbroj:<\/strong> 1250 hp<br><strong>Schopnosti:<\/strong> Ponorn\u00e9<br>Sonar<br><strong>N\u00e1klady:<\/strong> M600, E2000, T1000<br><strong>Intel:<\/strong> pohled: 32 (625m)<br>sonar: 40 (781 m)<br>vodn\u00ed pohled: 32 (625 m)<br><strong>Fyzika<\/strong><br>maxim\u00e1ln\u00ed rychlost: 4,675 (91,3 m \/ s)<br>rychlost ot\u00e1\u010den\u00ed: 40<br><strong>Veter\u00e1nstv\u00ed:<\/strong> 5, 10, 25, 50, 100 zabit\u00ed<br><em>* \u00farove\u0148 veter\u00e1n\u016f 2: +313 k<br>* \u00farove\u0148 veter\u00e1n\u016f 4: +313 k<br>* \u00farove\u0148 veter\u00e1n\u016f 5: oprava 3 hp \/ s<\/em><\/p>\n<\/div><\/div>\n\n\n\n<div class=\"wp-block-uagb-column uagb-column__wrap uagb-column__background-undefined uagb-block-32e2669c\"><div class=\"uagb-column__overlay\"><\/div><div class=\"uagb-column__inner-wrap\">\n<h3 class=\"wp-block-heading\">Zbran\u011b Tigershark<\/h3>\n\n\n\n<p><strong>Ryb\u00e1\u0159sk\u00e9 torp\u00e9do<\/strong><br><em>(Anti Navy)<br><\/em>&nbsp;&nbsp;&nbsp; 93,75 dps<br>dosah: 32 (625 m)<br>st\u0159eln\u00e1 zbra\u0148: po\u0161kozen\u00ed 375<br>rychlost st\u0159elby: 0,25 (ka\u017ed\u00e9 4 s)<br><em>* \u00farove\u0148 veter\u00e1n\u016f 1: +94 k po\u0161kozen\u00ed<br>* \u00farove\u0148 veter\u00e1n\u016f 3: +94 k po\u0161kozen\u00ed<\/em><\/p>\n\n\n\n<p><strong>Lehk\u00e9 plazmov\u00e9 d\u011blo<br><\/strong><em>(P\u0159\u00edm\u00e1 palba)<\/em><br>24,00 dps<br><strong>rozsah:<\/strong> 30 (586 m)<br><strong>st\u0159eln\u00e1 zbra\u0148:<\/strong> 24 po\u0161kozen\u00ed<br><strong>rychlost st\u0159elby:<\/strong> 1 (ka\u017ed\u00e9 1 s)<br><em>* \u00farove\u0148 veter\u00e1n\u016f 1: +6 k po\u0161kozen\u00ed<br>* \u00farove\u0148 veter\u00e1n\u016f 3: +6 k po\u0161kozen\u00ed<\/em><\/p>\n<\/div><\/div>\n<\/div><\/section>\n<\/div><\/div>\n<\/div><\/section>\n\n\n\n<section class=\"wp-block-uagb-columns uagb-columns__wrap uagb-columns__background-undefined uagb-columns__stack-mobile uagb-columns__valign-undefined uagb-columns__gap-10 alignundefined uagb-block-17e552d9\"><div class=\"uagb-columns__overlay\"><\/div><div class=\"uagb-columns__inner-wrap uagb-columns__columns-1\">\n<div class=\"wp-block-uagb-column uagb-column__wrap uagb-column__background-undefined uagb-block-88848e13\"><div class=\"uagb-column__overlay\"><\/div><div class=\"uagb-column__inner-wrap\">\n<h2 class=\"wp-block-heading\"><strong>THUNDERHEAD <\/strong>T\u0158\u00cdDA FRIG\u00c1TY<\/h2>\n\n\n\n<p><a href=\"https:\/\/www.standardof.net\/wp-content\/uploads\/2011\/10\/Frigate-Thunderhead-Class.jpg\" class=\"rank-math-link\" target=\"_blank\" rel=\"noopener\"><\/a>Fregata UEF neslou\u017e\u00ed jen k n\u00e1mo\u0159n\u00edm \u00fatok\u016fm (jeho brn\u011bn\u00ed zt\u011b\u017euje zab\u00edjen\u00ed, krom\u011b ponorek nebo v\u011bt\u0161\u00edch lod\u00ed), ale tak\u00e9 k n\u00e1mo\u0159n\u00ed navigaci. M\u00e1 radar a sonar a ru\u0161en\u00ed znemo\u017e\u0148uje c\u00edlit na lod\u011b UEF pomoc\u00ed radaru. Protiletadlov\u00fd je jen pro par\u00e1du, ale alespo\u0148 jeden bombard\u00e9r nedok\u00e1\u017ee zni\u010dit va\u0161e lod\u011b.<\/p>\n\n\n\n<div class=\"wp-block-image\"><figure class=\"aligncenter size-large\"><a href=\"https:\/\/supcom.standardof.net\/cs\/supreme-commander\/uef\/tech-1-uef-namorni-jednotky\/frigate-thunderhead-class-supreme-commander-uef-navy-units-t1\/\"><img decoding=\"async\" width=\"600\" height=\"347\" src=\"https:\/\/supcom.standardof.net\/wp-content\/uploads\/sites\/8\/2020\/11\/Frigate-Thunderhead-Class-Supreme-Commander-UEF-Navy-Units-T1.jpg\" alt=\"Fregata t\u0159\u00eddy Thunderhead, n\u00e1mo\u0159n\u00ed jednotka UEF Tech 1 ve vrchn\u00edm veliteli.\" class=\"wp-image-389\" srcset=\"https:\/\/supcom.standardof.net\/wp-content\/uploads\/sites\/8\/2020\/11\/Frigate-Thunderhead-Class-Supreme-Commander-UEF-Navy-Units-T1.jpg 600w, https:\/\/supcom.standardof.net\/wp-content\/uploads\/sites\/8\/2020\/11\/Frigate-Thunderhead-Class-Supreme-Commander-UEF-Navy-Units-T1-512x296.jpg 512w, https:\/\/supcom.standardof.net\/wp-content\/uploads\/sites\/8\/2020\/11\/Frigate-Thunderhead-Class-Supreme-Commander-UEF-Navy-Units-T1-200x116.jpg 200w, https:\/\/supcom.standardof.net\/wp-content\/uploads\/sites\/8\/2020\/11\/Frigate-Thunderhead-Class-Supreme-Commander-UEF-Navy-Units-T1-16x9.jpg 16w\" sizes=\"(max-width: 600px) 100vw, 600px\" \/><\/a><figcaption>FRIG\u00c1TY T\u0158\u00cdDY THUNDERHEAD<\/figcaption><\/figure><\/div>\n\n\n\n<section class=\"wp-block-uagb-columns uagb-columns__wrap uagb-columns__background-undefined uagb-columns__stack-mobile uagb-columns__valign-undefined uagb-columns__gap-10 alignundefined uagb-block-4aa57f7a\"><div class=\"uagb-columns__overlay\"><\/div><div class=\"uagb-columns__inner-wrap uagb-columns__columns-2\">\n<div class=\"wp-block-uagb-column uagb-column__wrap uagb-column__background-undefined uagb-block-34ea23f9\"><div class=\"uagb-column__overlay\"><\/div><div class=\"uagb-column__inner-wrap\">\n<h3 class=\"wp-block-heading\">Statistiky bou\u0159ky<\/h3>\n\n\n\n<p><strong>Zbroj:<\/strong> 2120 hp<br><strong>Schopnosti:<\/strong> Radarov\u00e1 ru\u0161i\u010dka<br>Radar<br>Sonar<br><strong>N\u00e1klady:<\/strong> M280, E2800, T700<br><strong>Intel:<\/strong> pohled: 32 (625 m),<br>radar: 75 (1,46 km)<br>sonar: 75 (1,46 km)<br>vodn\u00ed pohled: 24 (469 m)<br><strong>Fyzika:<\/strong> maxim\u00e1ln\u00ed rychlost: 6,8 (133 m \/ s)<br>rychlost ot\u00e1\u010den\u00ed: 30<br><strong>Veter\u00e1nstv\u00ed:<\/strong> 5, 10, 25, 50, 100 zabit\u00ed<br><em>* \u00farove\u0148 veter\u00e1n\u016f 2: +188 k<br>* \u00farove\u0148 veter\u00e1n\u016f 4: +188 k<br>* \u00farove\u0148 veter\u00e1n\u016f 5: oprava 3 hp \/ s<\/em><\/p>\n<\/div><\/div>\n\n\n\n<div class=\"wp-block-uagb-column uagb-column__wrap uagb-column__background-undefined uagb-block-f935860c\"><div class=\"uagb-column__overlay\"><\/div><div class=\"uagb-column__inner-wrap\">\n<h3 class=\"wp-block-heading\">Zbran\u011b Thunderhead<\/h3>\n\n\n\n<p><strong>Gaussovo d\u011blo<\/strong><br><em>(Direct Fire Naval)<\/em><br>48,28 dps<br><strong>plocha:<\/strong> 1 (19,5 m),<br><strong>rozsah:<\/strong> 28 (547 m)<br><strong>st\u0159eln\u00e1 zbra\u0148:<\/strong> 140 po\u0161kozen\u00ed<br><strong>rychlost st\u0159elby:<\/strong> 0,34 (ka\u017ed\u00fdch 2,9 s)<br><em>* \u00farove\u0148 veter\u00e1n\u016f 1: +35 po\u0161kozen\u00ed<br>* \u00farove\u0148 veter\u00e1n\u016f 3: +35 po\u0161kozen\u00ed<br><\/em><br><strong>Propojen\u00e1 Railgun<br><\/strong><em>(Anti Air)<\/em><br>4,00 dps<br><strong>rozsah:<\/strong> 48 (938 m)<br><strong>st\u0159eln\u00e1 zbra\u0148:<\/strong> 2 po\u0161kozen\u00ed<br><strong>rychlost st\u0159elby:<\/strong> 2 (ka\u017ed\u00fdch 0,5 s)<br><em>* \u00farove\u0148 veter\u00e1n\u016f 1: +1 po\u0161kozen\u00ed<br>* \u00farove\u0148 veter\u00e1n\u016f 3: po\u0161kozen\u00ed +1<\/em><\/p>\n<\/div><\/div>\n<\/div><\/section>\n<\/div><\/div>\n<\/div><\/section>\n\n\n\n<p><\/p>","protected":false},"excerpt":{"rendered":"<p>TIGERSHARK &#8211; ATTACK SUBMARINE Although the UEF sub is slightly outmatched against the Aeon sub, it has one redeeming factor: you can order it to surface (by pressing &#8220;Dive&#8221; or &#8220;D&#8221;) and it will add its deck laser to the equation. This is usually a spectacularly bad idea, as it makes you vulnerable to land [&hellip;]<\/p>","protected":false},"author":1,"featured_media":0,"parent":231,"menu_order":0,"comment_status":"open","ping_status":"closed","template":"","meta":{"_uag_custom_page_level_css":"","site-sidebar-layout":"default","site-content-layout":"default","ast-site-content-layout":"","site-content-style":"default","site-sidebar-style":"default","ast-global-header-display":"","ast-banner-title-visibility":"","ast-main-header-display":"","ast-hfb-above-header-display":"","ast-hfb-below-header-display":"","ast-hfb-mobile-header-display":"","site-post-title":"","ast-breadcrumbs-content":"","ast-featured-img":"","footer-sml-layout":"","theme-transparent-header-meta":"default","adv-header-id-meta":"","stick-header-meta":"","header-above-stick-meta":"","header-main-stick-meta":"","header-below-stick-meta":"","astra-migrate-meta-layouts":"default","ast-page-background-enabled":"default","ast-page-background-meta":{"desktop":{"background-color":"","background-image":"","background-repeat":"repeat","background-position":"center center","background-size":"auto","background-attachment":"scroll","background-type":"","background-media":"","overlay-type":"","overlay-color":"","overlay-gradient":""},"tablet":{"background-color":"","background-image":"","background-repeat":"repeat","background-position":"center center","background-size":"auto","background-attachment":"scroll","background-type":"","background-media":"","overlay-type":"","overlay-color":"","overlay-gradient":""},"mobile":{"background-color":"","background-image":"","background-repeat":"repeat","background-position":"center center","background-size":"auto","background-attachment":"scroll","background-type":"","background-media":"","overlay-type":"","overlay-color":"","overlay-gradient":""}},"ast-content-background-meta":{"desktop":{"background-color":"var(--ast-global-color-5)","background-image":"","background-repeat":"repeat","background-position":"center center","background-size":"auto","background-attachment":"scroll","background-type":"","background-media":"","overlay-type":"","overlay-color":"","overlay-gradient":""},"tablet":{"background-color":"var(--ast-global-color-5)","background-image":"","background-repeat":"repeat","background-position":"center center","background-size":"auto","background-attachment":"scroll","background-type":"","background-media":"","overlay-type":"","overlay-color":"","overlay-gradient":""},"mobile":{"background-color":"var(--ast-global-color-5)","background-image":"","background-repeat":"repeat","background-position":"center center","background-size":"auto","background-attachment":"scroll","background-type":"","background-media":"","overlay-type":"","overlay-color":"","overlay-gradient":""}},"footnotes":""},"uagb_featured_image_src":{"full":false,"thumbnail":false,"medium":false,"medium_large":false,"large":false,"1536x1536":false,"2048x2048":false,"trp-custom-language-flag":false},"uagb_author_info":{"display_name":"SOE","author_link":"https:\/\/supcom.standardof.net\/cs\/author\/k-tastic\/"},"uagb_comment_info":0,"uagb_excerpt":"TIGERSHARK &#8211; ATTACK SUBMARINE Although the UEF sub is slightly outmatched against the Aeon sub, it has one redeeming factor: you can order it to surface (by pressing &#8220;Dive&#8221; or &#8220;D&#8221;) and it will add its deck laser to the equation. This is usually a spectacularly bad idea, as it makes you vulnerable to land&hellip;","_links":{"self":[{"href":"https:\/\/supcom.standardof.net\/cs\/wp-json\/wp\/v2\/pages\/387"}],"collection":[{"href":"https:\/\/supcom.standardof.net\/cs\/wp-json\/wp\/v2\/pages"}],"about":[{"href":"https:\/\/supcom.standardof.net\/cs\/wp-json\/wp\/v2\/types\/page"}],"author":[{"embeddable":true,"href":"https:\/\/supcom.standardof.net\/cs\/wp-json\/wp\/v2\/users\/1"}],"replies":[{"embeddable":true,"href":"https:\/\/supcom.standardof.net\/cs\/wp-json\/wp\/v2\/comments?post=387"}],"version-history":[{"count":0,"href":"https:\/\/supcom.standardof.net\/cs\/wp-json\/wp\/v2\/pages\/387\/revisions"}],"up":[{"embeddable":true,"href":"https:\/\/supcom.standardof.net\/cs\/wp-json\/wp\/v2\/pages\/231"}],"wp:attachment":[{"href":"https:\/\/supcom.standardof.net\/cs\/wp-json\/wp\/v2\/media?parent=387"}],"curies":[{"name":"wp","href":"https:\/\/api.w.org\/{rel}","templated":true}]}}