{"id":393,"date":"2020-11-01T14:13:39","date_gmt":"2020-11-01T19:13:39","guid":{"rendered":"https:\/\/supcom.standardof.net\/?page_id=393"},"modified":"2020-11-03T23:08:04","modified_gmt":"2020-11-04T04:08:04","slug":"tech-2-uef-naval-units","status":"publish","type":"page","link":"https:\/\/supcom.standardof.net\/cs\/supreme-commander\/uef\/tech-2-uef-namorni-jednotky\/","title":{"rendered":"Tech 2 - n\u00e1mo\u0159n\u00ed jednotky UEF"},"content":{"rendered":"<div class=\"wp-block-uagb-table-of-contents uagb-toc__align-left uagb-toc__columns-1  uagb-block-7c409714\"\n\t\t\t\t\tdata-scroll= \"1\"\n\t\t\t\t\tdata-offset= \"30\"\n\t\t\t\t\tstyle=\"\"\n\t\t\t\t>\n\t\t\t\t<div class=\"uagb-toc__wrap\">\n\t\t\t\t\t\t<div class=\"uagb-toc__title\">\n\t\t\t\t\t\t\tN\u00e1mo\u0159n\u00ed jednotky UEF Tech 2:\t\t\t\t\t\t<\/div>\n\t\t\t\t\t\t\t\t\t\t\t\t\t\t\t\t<div class=\"uagb-toc__list-wrap\">\n\t\t\t\t\t\t<ol class=\"uagb-toc__list\"><li class=\"uagb-toc__list\"><a href=\"#governor-class-cruiser\" class=\"uagb-toc-link__trigger\">\u0158\u00cdD\u00cdC\u00cd T\u0158\u00cdDA CRUISER<\/a><li class=\"uagb-toc__list\"><a href=\"#valiant-class-destroyer\" class=\"uagb-toc-link__trigger\">NESTROYER T\u0158\u00cdDY VALIANT<\/a><\/ol>\t\t\t\t\t<\/div>\n\t\t\t\t\t\t\t\t\t<\/div>\n\t\t\t\t<\/div>\n\t\t\t\n\n\n<section class=\"wp-block-uagb-columns uagb-columns__wrap uagb-columns__background-undefined uagb-columns__stack-mobile uagb-columns__valign-undefined uagb-columns__gap-10 alignundefined uagb-block-790cd2b2\"><div class=\"uagb-columns__overlay\"><\/div><div class=\"uagb-columns__inner-wrap uagb-columns__columns-1\">\n<div class=\"wp-block-uagb-column uagb-column__wrap uagb-column__background-undefined uagb-block-c96474af\"><div class=\"uagb-column__overlay\"><\/div><div class=\"uagb-column__inner-wrap\">\n<h2 class=\"wp-block-heading\"><strong>GUVERN\u00c9R <\/strong>T\u0158\u00cdDA CRUISER<\/h2>\n\n\n\n<p><a href=\"https:\/\/www.standardof.net\/wp-content\/uploads\/2011\/10\/Cruiser-Governor-Class.jpg\" class=\"rank-math-link\" target=\"_blank\" rel=\"noopener\"><\/a>K\u0159i\u017en\u00edk je m\u00edstem, kde sv\u00edt\u00ed filozofie UEF h\u00e1zet zbran\u011bmi brut\u00e1ln\u00ed s\u00edly na t\u011b\u017ece obrn\u011bnou plo\u0161inu. K\u0159i\u017en\u00edky, kter\u00e9 zdaleka nejsou \u201ejen velk\u00fdmi protiletadlov\u00fdmi \u010dluny\u201c, maj\u00ed taktick\u00e9 st\u0159ely s dosahem bl\u00ed\u017e\u00edc\u00edm se skute\u010dn\u00e9mu taktick\u00e9mu odpalova\u010di raket, rakety SAM, kter\u00e9 nezp\u016fsob\u00ed po\u0161kozen\u00ed skute\u010dn\u00e9ho m\u00edsta SAM, ale funguj\u00ed stejn\u011b dob\u0159e proti letadl\u016fm T1 nebo T2 kter\u00fd bude stejn\u011b mrtv\u00fd v r\u00e1mci prvn\u00ed salvy, a palubn\u00ed d\u011blo, kter\u00e9 tak\u00e9 poskytuje ochranu proti oboj\u017eiveln\u00fdm jednotk\u00e1m, kter\u00e9 jej p\u0159epadnou. Nep\u0159\u00e1telsk\u00e9 k\u0159i\u017en\u00edky maj\u00ed samoz\u0159ejm\u011b tak\u00e9 taktickou protiraketovou obranu, tak\u017ee na n\u011b nebudete moci sv\u00e9 \u0159\u00edzen\u00e9 st\u0159ely pou\u017e\u00edt, ale proti pob\u0159e\u017en\u00edm c\u00edl\u016fm v\u00e1m poskytuje \u017eivotaschopnou mo\u017enost bojovat proti d\u011blost\u0159electvu T2.<\/p>\n\n\n\n<div class=\"wp-block-image\"><figure class=\"aligncenter size-large\"><a href=\"https:\/\/supcom.standardof.net\/cs\/supreme-commander\/uef\/tech-2-uef-namorni-jednotky\/cruiser-governor-class-supreme-commander-uef-navy-units-t2\/\"><img decoding=\"async\" width=\"600\" height=\"427\" src=\"https:\/\/supcom.standardof.net\/wp-content\/uploads\/sites\/8\/2020\/11\/Cruiser-Governor-Class-Supreme-Commander-UEF-Navy-Units-T2.jpg\" alt=\"K\u0159i\u017en\u00edk t\u0159\u00eddy Govenor, n\u00e1mo\u0159n\u00ed jednotka UEF Tech 2 v Supreme Commander.\" class=\"wp-image-399\" srcset=\"https:\/\/supcom.standardof.net\/wp-content\/uploads\/sites\/8\/2020\/11\/Cruiser-Governor-Class-Supreme-Commander-UEF-Navy-Units-T2.jpg 600w, https:\/\/supcom.standardof.net\/wp-content\/uploads\/sites\/8\/2020\/11\/Cruiser-Governor-Class-Supreme-Commander-UEF-Navy-Units-T2-512x364.jpg 512w, https:\/\/supcom.standardof.net\/wp-content\/uploads\/sites\/8\/2020\/11\/Cruiser-Governor-Class-Supreme-Commander-UEF-Navy-Units-T2-200x142.jpg 200w, https:\/\/supcom.standardof.net\/wp-content\/uploads\/sites\/8\/2020\/11\/Cruiser-Governor-Class-Supreme-Commander-UEF-Navy-Units-T2-16x12.jpg 16w\" sizes=\"(max-width: 600px) 100vw, 600px\" \/><\/a><figcaption>\u0158\u00cdD\u00cdC\u00cd T\u0158\u00cdDA CRUISER<\/figcaption><\/figure><\/div>\n\n\n\n<section class=\"wp-block-uagb-columns uagb-columns__wrap uagb-columns__background-undefined uagb-columns__stack-mobile uagb-columns__valign-undefined uagb-columns__gap-10 alignundefined uagb-block-d0286eee\"><div class=\"uagb-columns__overlay\"><\/div><div class=\"uagb-columns__inner-wrap uagb-columns__columns-2\">\n<div class=\"wp-block-uagb-column uagb-column__wrap uagb-column__background-undefined uagb-block-58a33528\"><div class=\"uagb-column__overlay\"><\/div><div class=\"uagb-column__inner-wrap\">\n<h3 class=\"wp-block-heading\">Statistiky guvern\u00e9r\u016f<\/h3>\n\n\n\n<p><strong>Zbroj:<\/strong> 3 500 kon\u00ed<br><strong>Schopnosti:<\/strong> Taktick\u00e1 raketa, protiraketov\u00e1 obrana - taktick\u00e1<br><strong>N\u00e1klady:<\/strong> M2000, E18000, T4000<br><strong>Intel:<\/strong> pohled: 60 (1,17 km)<br>&nbsp;&nbsp;&nbsp; radar: 80 (1,56 km)<br>&nbsp;&nbsp;&nbsp; sonar: 20 (391 m)<br>&nbsp;&nbsp;&nbsp; vodn\u00ed pohled: 45 (879 m)<br><strong>Fyzika:<\/strong><br>&nbsp;&nbsp;&nbsp; maxim\u00e1ln\u00ed rychlost: 4,25 (83,0 m \/ s)<br>&nbsp;&nbsp;&nbsp; rychlost ot\u00e1\u010den\u00ed: 20<br><strong>Veter\u00e1nstv\u00ed:<\/strong> 30, 60, 150, 300, 600 zabit\u00ed<br>* <em>\u00farove\u0148 veter\u00e1n\u016f 2: +875 k<br>* \u00farove\u0148 veter\u00e1n\u016f 4: +875 k<br>* \u00farove\u0148 veter\u00e1n\u016f 5: oprava 3 hp \/ s<\/em><\/p>\n<\/div><\/div>\n\n\n\n<div class=\"wp-block-uagb-column uagb-column__wrap uagb-column__background-undefined uagb-block-92245e31\"><div class=\"uagb-column__overlay\"><\/div><div class=\"uagb-column__inner-wrap\">\n<h3 class=\"wp-block-heading\">Guvern\u00e9rsk\u00e9 zbran\u011b<\/h3>\n\n\n\n<p><strong>Gaussovo d\u011blo<\/strong><br><em>(Direct Fire Naval)<\/em> 33,33 dps <strong>plocha:<\/strong> 1 (19,5 m)<br><strong>rozsah:<\/strong> 64 (1,25 km)<br><strong>st\u0159eln\u00e1 zbra\u0148:<\/strong> 200 po\u0161kozen\u00ed<br><strong>rychlost st\u0159elby:<\/strong> 0,166667 (ka\u017ed\u00fdch 6 s)<br><em>* \u00farove\u0148 veter\u00e1n\u016f 1: +50 k po\u0161kozen\u00ed<br>* \u00farove\u0148 veter\u00e1n\u016f 3: +50 po\u0161kozen\u00ed<\/em><\/p>\n\n\n\n<p><strong>Flayer SAM Launcher<\/strong><br><em>(Anti Air)<\/em> 32,00 dps<br><strong>plocha:<\/strong> 1 (19,5 m)<br><strong>rozsah:<\/strong> 72 (1,41 km)<br><strong>st\u0159eln\u00e1 zbra\u0148:<\/strong> 16 po\u0161kozen\u00ed x 4 st\u0159ely = 64 po\u0161kozen\u00ed na salvu<br><strong>rychlost st\u0159elby:<\/strong> 0,5 (ka\u017ed\u00e9 2 s)<br>* <em>\u00farove\u0148 veter\u00e1n\u016f 1: +4 po\u0161kozen\u00ed<br>* \u00farove\u0148 veter\u00e1n\u016f 3: +4 po\u0161kozen\u00ed<\/em><\/p>\n\n\n\n<p><strong>D\u00e1lkov\u011b \u0159\u00edzen\u00e1 st\u0159ela<\/strong><br><em>(St\u0159ela)<\/em> 75,00 dps<br><strong>plocha:<\/strong> 3 (58,6 m)<br><strong>rozsah:<\/strong> 12,5 (244 m) - 100 (1,95 km)<br><strong>st\u0159eln\u00e1 zbra\u0148:<\/strong> 2500 po\u0161kozen\u00ed<br><strong>rychlost st\u0159elby:<\/strong> 0,03 (ka\u017ed\u00fdch 33,33 s)<br><em>* \u00farove\u0148 veter\u00e1n\u016f 1: +625 po\u0161kozen\u00ed<br>* \u00farove\u0148 veter\u00e1n\u016f 3: +625 po\u0161kozen\u00ed<\/em><\/p>\n\n\n\n<p><strong>Protiraketa Phalanx<\/strong><br><em>(Obrana)<\/em> 4,50 dps<br><strong>rozsah:<\/strong> 32 (625 m)<br><strong>paprskov\u00e1 zbra\u0148:<\/strong> 1 po\u0161kozen\u00ed x 1 paprsek ka\u017ed\u00fdch 0,25 s po dobu 0,5 s = 3 na salvu<br><strong>rychlost st\u0159elby:<\/strong> 3 (ka\u017ed\u00fdch 0,33 s)<\/p>\n<\/div><\/div>\n<\/div><\/section>\n<\/div><\/div>\n<\/div><\/section>\n\n\n\n<section class=\"wp-block-uagb-columns uagb-columns__wrap uagb-columns__background-undefined uagb-columns__stack-mobile uagb-columns__valign-undefined uagb-columns__gap-10 alignundefined uagb-block-f11fae25\"><div class=\"uagb-columns__overlay\"><\/div><div class=\"uagb-columns__inner-wrap uagb-columns__columns-1\">\n<div class=\"wp-block-uagb-column uagb-column__wrap uagb-column__background-undefined uagb-block-397d2cf3\"><div class=\"uagb-column__overlay\"><\/div><div class=\"uagb-column__inner-wrap\">\n<h2 class=\"wp-block-heading\"><strong>STATE\u010cN\u00dd <\/strong>T\u0158\u00cdDN\u00cd NESTROJER<\/h2>\n\n\n\n<p><a href=\"https:\/\/www.standardof.net\/wp-content\/uploads\/2011\/10\/Destroyer-Valiant-Class.jpg\" class=\"rank-math-link\" target=\"_blank\" rel=\"noopener\"><\/a>Torp\u00e9doborec UEF m\u00e1 p\u0159ipevn\u011bnou hromadu dal\u0161\u00edch zbran\u00ed - torp\u00e9do a torp\u00e9dov\u00e1 obrana pro ponorky, velmi slab\u00e1 protiletadlov\u00e1 v\u011b\u017e, abyste se c\u00edtili l\u00e9pe z t\u011bch jednotek, kter\u00e9 l\u00e9taj\u00ed nad hlavou - ale jej\u00ed hlavn\u00ed s\u00edla spo\u010d\u00edv\u00e1 v jej\u00edch dvou zbran\u00edch, jeden vp\u0159edu a jeden vzadu, kter\u00e9 mu umo\u017e\u0148uj\u00ed z\u00edskat kor\u00e1lku na nep\u0159\u00e1telsk\u00fdch lod\u00edch, zejm\u00e9na na lod\u00edch T1, s v\u011bt\u0161\u00ed p\u0159esnost\u00ed a ekvivalentn\u00ed palebnou silou pro torp\u00e9doborec Aeon, p\u0159i\u010dem\u017e se st\u00e1le vyh\u00fdb\u00e1 nep\u0159\u00e1telsk\u00e9 palb\u011b na velkou vzd\u00e1lenost vysokou rychlost\u00ed. Nen\u00ed to nejlep\u0161\u00ed torp\u00e9doborec na mo\u0159\u00edch, ale st\u00e1le protrhne cokoli jin\u00e9ho ne\u017e nep\u0159\u00e1telsk\u00e9 torp\u00e9doborce a m\u00e1 \u0161anci proti pomalej\u0161\u00edmu a slab\u0161\u00edmu torp\u00e9doborci Cybran, pokud se bude st\u00e1le h\u00fdbat. Dost dobr\u00e9 na vl\u00e1dn\u00ed pr\u00e1ci.<\/p>\n\n\n\n<div class=\"wp-block-image\"><figure class=\"aligncenter size-large\"><a href=\"https:\/\/supcom.standardof.net\/cs\/supreme-commander\/uef\/tech-2-uef-namorni-jednotky\/destroyer-valiant-class-supreme-commander-uef-navy-units-t2\/\"><img decoding=\"async\" width=\"600\" height=\"347\" src=\"https:\/\/supcom.standardof.net\/wp-content\/uploads\/sites\/8\/2020\/11\/Destroyer-Valiant-Class-Supreme-Commander-UEF-Navy-Units-T2.jpg\" alt=\"Valiant Class Destroyer, n\u00e1mo\u0159n\u00ed jednotka UEF Tech 2 v Supreme Commander.\" class=\"wp-image-400\" srcset=\"https:\/\/supcom.standardof.net\/wp-content\/uploads\/sites\/8\/2020\/11\/Destroyer-Valiant-Class-Supreme-Commander-UEF-Navy-Units-T2.jpg 600w, https:\/\/supcom.standardof.net\/wp-content\/uploads\/sites\/8\/2020\/11\/Destroyer-Valiant-Class-Supreme-Commander-UEF-Navy-Units-T2-512x296.jpg 512w, https:\/\/supcom.standardof.net\/wp-content\/uploads\/sites\/8\/2020\/11\/Destroyer-Valiant-Class-Supreme-Commander-UEF-Navy-Units-T2-200x116.jpg 200w, https:\/\/supcom.standardof.net\/wp-content\/uploads\/sites\/8\/2020\/11\/Destroyer-Valiant-Class-Supreme-Commander-UEF-Navy-Units-T2-16x9.jpg 16w\" sizes=\"(max-width: 600px) 100vw, 600px\" \/><\/a><figcaption>NESTROYER T\u0158\u00cdDY VALIANT<\/figcaption><\/figure><\/div>\n\n\n\n<section class=\"wp-block-uagb-columns uagb-columns__wrap uagb-columns__background-undefined uagb-columns__stack-mobile uagb-columns__valign-undefined uagb-columns__gap-10 alignundefined uagb-block-52c23fac\"><div class=\"uagb-columns__overlay\"><\/div><div class=\"uagb-columns__inner-wrap uagb-columns__columns-2\">\n<div class=\"wp-block-uagb-column uagb-column__wrap uagb-column__background-undefined uagb-block-f767a8b1\"><div class=\"uagb-column__overlay\"><\/div><div class=\"uagb-column__inner-wrap\">\n<h3 class=\"wp-block-heading\">State\u010dn\u00e9 statistiky<\/h3>\n\n\n\n<p><strong>Zbroj:<\/strong> 7200 hp<br><strong>Schopnosti:<\/strong> Torp\u00e9dov\u00e1 obrana<br><strong>N\u00e1klady:<\/strong> M2250, E15000, T5000<br><strong>Intel:<\/strong> pohled: 55 (1,07 km)<br>&nbsp;&nbsp;&nbsp; radar: 60 (1,17 km)<br>&nbsp;&nbsp;&nbsp; sonar: 40 (781 m)<br>&nbsp;&nbsp;&nbsp; vodn\u00ed pohled: 42 (820m)<br><strong>Fyzika:<br><\/strong>&nbsp;&nbsp;&nbsp; maxim\u00e1ln\u00ed rychlost: 6 (117 m \/ s)<br>&nbsp;&nbsp;&nbsp; rychlost ot\u00e1\u010den\u00ed: 25<br><strong>Veter\u00e1nstv\u00ed:<\/strong> 30, 60, 150, 300, 600 zabit\u00ed<br><em>* \u00farove\u0148 veter\u00e1n\u016f 2: +1800 k<br>* \u00farove\u0148 veter\u00e1n\u016f 4: +1800 k<br>* \u00farove\u0148 veter\u00e1n\u016f 5: oprava 3 hp \/ s<\/em><\/p>\n<\/div><\/div>\n\n\n\n<div class=\"wp-block-uagb-column uagb-column__wrap uagb-column__background-undefined uagb-block-b3c38516\"><div class=\"uagb-column__overlay\"><\/div><div class=\"uagb-column__inner-wrap\">\n<h3 class=\"wp-block-heading\">State\u010dn\u00e9 zbran\u011b<\/h3>\n\n\n\n<p><strong>2x Gaussovo d\u011blo<\/strong><br><em>(Direct Fire Naval)<\/em> 100,00 dps<br><strong>plocha:<\/strong> 1 (19,5 m)<br><strong>rozsah:<\/strong> 80 (1,56 km)<br><strong>st\u0159eln\u00e1 zbra\u0148:<\/strong> 300 po\u0161kozen\u00ed x 2 st\u0159ely = 600 po\u0161kozen\u00ed na salvu<br><strong>rychlost st\u0159elby:<\/strong> 1\/6 (ka\u017ed\u00fdch 6 s)<br><em>* \u00farove\u0148 veter\u00e1n\u016f 1: +75 k po\u0161kozen\u00ed<br>* \u00farove\u0148 veter\u00e1n\u016f 3: +75 k po\u0161kozen\u00ed<br><\/em><br><strong>Propojen\u00e1 Railgun<\/strong><br><em>(Anti Air)<\/em> 9,00 dps<br><strong>rozsah:<\/strong> 66 (1,29 km)<br><strong>st\u0159eln\u00e1 zbra\u0148:<\/strong> 3 po\u0161kozen\u00ed x 2 st\u0159ely = 6 po\u0161kozen\u00ed na salvu<br><strong>rychlost st\u0159elby:<\/strong> 1,5 (ka\u017ed\u00fdch 0,67 s)<br><em>* \u00farove\u0148 veter\u00e1n\u016f 1: +1 po\u0161kozen\u00ed<br>* \u00farove\u0148 veter\u00e1n\u016f 3: po\u0161kozen\u00ed +1<\/em><\/p>\n\n\n\n<p><strong>Ryb\u00e1\u0159sk\u00e9 torp\u00e9do<\/strong><br><em>(Anti Navy)<\/em> 37,50 dps<br><strong>rozsah:<\/strong> 32 (625 m)<br><strong>st\u0159eln\u00e1 zbra\u0148:<\/strong> 150 po\u0161kozen\u00ed<br><strong>rychlost st\u0159elby:<\/strong> 0,25 (ka\u017ed\u00e9 4 s)<br><em>* \u00farove\u0148 veter\u00e1n\u016f 1: +38 po\u0161kozen\u00ed<br>* \u00farove\u0148 veter\u00e1n\u016f 3: +38 po\u0161kozen\u00ed<br><\/em><br><strong>Smart Charge AntiTorpedo<\/strong><br><em>(Obrana)<\/em> 0,20 dps<br><strong>rozsah:<\/strong> 25 (488 m)<br><strong>st\u0159eln\u00e1 zbra\u0148:<\/strong> 1 po\u0161kozen\u00ed<br><strong>rychlost st\u0159elby:<\/strong> 0,1 (ka\u017ed\u00fdch 10 s)<\/p>\n<\/div><\/div>\n<\/div><\/section>\n<\/div><\/div>\n<\/div><\/section>","protected":false},"excerpt":{"rendered":"<p>GOVERNOR CLASS CRUISER The cruiser is where the UEF&#8217;s philosophy of throwing brute force guns onto a heavily armored platform shines. Cruisers, far from being &#8220;just big anti-air boats&#8221;, have tactical missiles with range approaching a real tactical missile launcher, SAM missiles that don&#8217;t do the damage of a real SAM site but work just [&hellip;]<\/p>","protected":false},"author":1,"featured_media":0,"parent":231,"menu_order":0,"comment_status":"open","ping_status":"closed","template":"","meta":{"_uag_custom_page_level_css":"","site-sidebar-layout":"default","site-content-layout":"default","ast-site-content-layout":"","site-content-style":"default","site-sidebar-style":"default","ast-global-header-display":"","ast-banner-title-visibility":"","ast-main-header-display":"","ast-hfb-above-header-display":"","ast-hfb-below-header-display":"","ast-hfb-mobile-header-display":"","site-post-title":"","ast-breadcrumbs-content":"","ast-featured-img":"","footer-sml-layout":"","theme-transparent-header-meta":"default","adv-header-id-meta":"","stick-header-meta":"","header-above-stick-meta":"","header-main-stick-meta":"","header-below-stick-meta":"","astra-migrate-meta-layouts":"default","ast-page-background-enabled":"default","ast-page-background-meta":{"desktop":{"background-color":"","background-image":"","background-repeat":"repeat","background-position":"center center","background-size":"auto","background-attachment":"scroll","background-type":"","background-media":"","overlay-type":"","overlay-color":"","overlay-gradient":""},"tablet":{"background-color":"","background-image":"","background-repeat":"repeat","background-position":"center center","background-size":"auto","background-attachment":"scroll","background-type":"","background-media":"","overlay-type":"","overlay-color":"","overlay-gradient":""},"mobile":{"background-color":"","background-image":"","background-repeat":"repeat","background-position":"center center","background-size":"auto","background-attachment":"scroll","background-type":"","background-media":"","overlay-type":"","overlay-color":"","overlay-gradient":""}},"ast-content-background-meta":{"desktop":{"background-color":"var(--ast-global-color-5)","background-image":"","background-repeat":"repeat","background-position":"center center","background-size":"auto","background-attachment":"scroll","background-type":"","background-media":"","overlay-type":"","overlay-color":"","overlay-gradient":""},"tablet":{"background-color":"var(--ast-global-color-5)","background-image":"","background-repeat":"repeat","background-position":"center center","background-size":"auto","background-attachment":"scroll","background-type":"","background-media":"","overlay-type":"","overlay-color":"","overlay-gradient":""},"mobile":{"background-color":"var(--ast-global-color-5)","background-image":"","background-repeat":"repeat","background-position":"center center","background-size":"auto","background-attachment":"scroll","background-type":"","background-media":"","overlay-type":"","overlay-color":"","overlay-gradient":""}},"footnotes":""},"uagb_featured_image_src":{"full":false,"thumbnail":false,"medium":false,"medium_large":false,"large":false,"1536x1536":false,"2048x2048":false,"trp-custom-language-flag":false},"uagb_author_info":{"display_name":"SOE","author_link":"https:\/\/supcom.standardof.net\/cs\/author\/k-tastic\/"},"uagb_comment_info":0,"uagb_excerpt":"GOVERNOR CLASS CRUISER The cruiser is where the UEF&#8217;s philosophy of throwing brute force guns onto a heavily armored platform shines. Cruisers, far from being &#8220;just big anti-air boats&#8221;, have tactical missiles with range approaching a real tactical missile launcher, SAM missiles that don&#8217;t do the damage of a real SAM site but work just&hellip;","_links":{"self":[{"href":"https:\/\/supcom.standardof.net\/cs\/wp-json\/wp\/v2\/pages\/393"}],"collection":[{"href":"https:\/\/supcom.standardof.net\/cs\/wp-json\/wp\/v2\/pages"}],"about":[{"href":"https:\/\/supcom.standardof.net\/cs\/wp-json\/wp\/v2\/types\/page"}],"author":[{"embeddable":true,"href":"https:\/\/supcom.standardof.net\/cs\/wp-json\/wp\/v2\/users\/1"}],"replies":[{"embeddable":true,"href":"https:\/\/supcom.standardof.net\/cs\/wp-json\/wp\/v2\/comments?post=393"}],"version-history":[{"count":0,"href":"https:\/\/supcom.standardof.net\/cs\/wp-json\/wp\/v2\/pages\/393\/revisions"}],"up":[{"embeddable":true,"href":"https:\/\/supcom.standardof.net\/cs\/wp-json\/wp\/v2\/pages\/231"}],"wp:attachment":[{"href":"https:\/\/supcom.standardof.net\/cs\/wp-json\/wp\/v2\/media?parent=393"}],"curies":[{"name":"wp","href":"https:\/\/api.w.org\/{rel}","templated":true}]}}