{"id":402,"date":"2020-11-01T14:21:49","date_gmt":"2020-11-01T19:21:49","guid":{"rendered":"https:\/\/supcom.standardof.net\/?page_id=402"},"modified":"2020-11-03T23:08:20","modified_gmt":"2020-11-04T04:08:20","slug":"tech-3-uef-naval-units","status":"publish","type":"page","link":"https:\/\/supcom.standardof.net\/cs\/supreme-commander\/uef\/tech-3-uef-naval-units\/","title":{"rendered":"Tech 3 - n\u00e1mo\u0159n\u00ed jednotky UEF"},"content":{"rendered":"<div class=\"wp-block-uagb-table-of-contents uagb-toc__align-left uagb-toc__columns-1  uagb-block-8b8565f8\"\n\t\t\t\t\tdata-scroll= \"1\"\n\t\t\t\t\tdata-offset= \"30\"\n\t\t\t\t\tstyle=\"\"\n\t\t\t\t>\n\t\t\t\t<div class=\"uagb-toc__wrap\">\n\t\t\t\t\t\t<div class=\"uagb-toc__title\">\n\t\t\t\t\t\t\tN\u00e1mo\u0159n\u00ed jednotky UEF Tech 3:\t\t\t\t\t\t<\/div>\n\t\t\t\t\t\t\t\t\t\t\t\t\t\t\t\t<div class=\"uagb-toc__list-wrap\">\n\t\t\t\t\t\t<ol class=\"uagb-toc__list\"><li class=\"uagb-toc__list\"><a href=\"#summit-class-battleship\" class=\"uagb-toc-link__trigger\">BITTLES SUMMIT CLASS<\/a><li class=\"uagb-toc__list\"><a href=\"#ace-strategic-missile-submarine\" class=\"uagb-toc-link__trigger\">ACE - STRATEGICK\u00c1 MISSILE SUBMARINE<\/a><\/ol>\t\t\t\t\t<\/div>\n\t\t\t\t\t\t\t\t\t<\/div>\n\t\t\t\t<\/div>\n\t\t\t\n\n\n<section class=\"wp-block-uagb-columns uagb-columns__wrap uagb-columns__background-undefined uagb-columns__stack-mobile uagb-columns__valign-undefined uagb-columns__gap-10 alignundefined uagb-block-3e7fce68\"><div class=\"uagb-columns__overlay\"><\/div><div class=\"uagb-columns__inner-wrap uagb-columns__columns-1\">\n<div class=\"wp-block-uagb-column uagb-column__wrap uagb-column__background-undefined uagb-block-c87fdc65\"><div class=\"uagb-column__overlay\"><\/div><div class=\"uagb-column__inner-wrap\">\n<h2 class=\"wp-block-heading\"><strong>SUMMIT <\/strong>BATTLESHIP T\u0158\u00cdDY<\/h2>\n\n\n\n<p><a href=\"https:\/\/www.standardof.net\/wp-content\/uploads\/2011\/10\/Battleship-Summit-Class.jpg\" class=\"rank-math-link\" target=\"_blank\" rel=\"noopener\"><\/a>Bitevn\u00ed lo\u010f je v podstat\u011b experiment\u00e1ln\u00ed jednotka, kterou m\u016f\u017eete postavit ve sv\u00e9 n\u00e1mo\u0159n\u00ed tov\u00e1rn\u011b. M\u00e1 bezbo\u017en\u00e9 mno\u017estv\u00ed brn\u011bn\u00ed, taktickou protiraketovou obranu, aby se ujistil, \u017ee ji nevyst\u0159el\u00ed pob\u0159e\u017en\u00ed obrany, ne\u017e se k tomu vyj\u00e1d\u0159\u00ed, a protiletadlov\u00e9 zbran\u011b ur\u010den\u00e9 sp\u00ed\u0161e k zab\u00edjen\u00ed bojov\u00fdch vrtuln\u00edk\u016f ne\u017e bombard\u00e9r\u016f (kter\u00e9 by va\u0161e k\u0159i\u017en\u00edky ji\u017e m\u011bly b\u00fdt zach\u00e1zen\u00ed). Stejn\u011b jako v\u0161echny bitevn\u00ed lod\u011b m\u00e1 trojici (v z\u00e1sad\u011b) d\u011blost\u0159eleck\u00fdch kus\u016f T2 jako hlavn\u00edch d\u011bl, co\u017e j\u00ed umo\u017e\u0148uje z\u016fstat daleko od b\u0159ehu a zapojovat pozemn\u00ed obranu podle vlastn\u00edch podm\u00ednek, zat\u00edmco zab\u00edj\u00ed flotilu Cybran, ne\u017e se m\u016f\u017ee p\u0159ibl\u00ed\u017eit dosahu torp\u00e9d. Nepos\u00edlejte to sami, proto\u017ee to nem\u00e1 \u017e\u00e1dn\u00fd zp\u016fsob obrany proti subs.<\/p>\n\n\n\n<div class=\"wp-block-image\"><figure class=\"aligncenter size-large\"><a href=\"https:\/\/supcom.standardof.net\/cs\/supreme-commander\/uef\/tech-3-uef-naval-units\/battleship-summit-class-supreme-commander-uef-navy-units-t3\/\"><img decoding=\"async\" width=\"600\" height=\"391\" src=\"https:\/\/supcom.standardof.net\/wp-content\/uploads\/sites\/8\/2020\/11\/Battleship-Summit-Class-Supreme-Commander-UEF-Navy-Units-T3.jpg\" alt=\"Bitevn\u00ed lo\u010f t\u0159\u00eddy Summit, n\u00e1mo\u0159n\u00ed jednotka UEF Tech 3 v Nejvy\u0161\u0161\u00edm veliteli.\" class=\"wp-image-405\" srcset=\"https:\/\/supcom.standardof.net\/wp-content\/uploads\/sites\/8\/2020\/11\/Battleship-Summit-Class-Supreme-Commander-UEF-Navy-Units-T3.jpg 600w, https:\/\/supcom.standardof.net\/wp-content\/uploads\/sites\/8\/2020\/11\/Battleship-Summit-Class-Supreme-Commander-UEF-Navy-Units-T3-512x334.jpg 512w, https:\/\/supcom.standardof.net\/wp-content\/uploads\/sites\/8\/2020\/11\/Battleship-Summit-Class-Supreme-Commander-UEF-Navy-Units-T3-200x130.jpg 200w, https:\/\/supcom.standardof.net\/wp-content\/uploads\/sites\/8\/2020\/11\/Battleship-Summit-Class-Supreme-Commander-UEF-Navy-Units-T3-16x10.jpg 16w\" sizes=\"(max-width: 600px) 100vw, 600px\" \/><\/a><figcaption>BITTLES SUMMIT CLASS<\/figcaption><\/figure><\/div>\n\n\n\n<section class=\"wp-block-uagb-columns uagb-columns__wrap uagb-columns__background-undefined uagb-columns__stack-mobile uagb-columns__valign-undefined uagb-columns__gap-10 alignundefined uagb-block-424dbb9e\"><div class=\"uagb-columns__overlay\"><\/div><div class=\"uagb-columns__inner-wrap uagb-columns__columns-2\">\n<div class=\"wp-block-uagb-column uagb-column__wrap uagb-column__background-undefined uagb-block-2c20043b\"><div class=\"uagb-column__overlay\"><\/div><div class=\"uagb-column__inner-wrap\">\n<h3 class=\"wp-block-heading\">Statistiky summitu<\/h3>\n\n\n\n<p><strong>Zbroj:<\/strong> 60000 hp<br><strong>Schopnosti:<\/strong> Protiraketov\u00e1 obrana - taktick\u00e1<br><strong>N\u00e1klady:<\/strong> M20000, E160000, T24000<br><strong>Intel:<\/strong> pohled: 70 (1,37 km)<br>radar: 100 (1,95 km)<br>sonar: 32 (625 m)<br>vodn\u00ed pohled: 50 (977 m)<br><strong>Fyzika:<\/strong> maxim\u00e1ln\u00ed rychlost: 4,675 (91,3 m \/ s)<br>rychlost ot\u00e1\u010den\u00ed: 15<br><strong>Veter\u00e1nstv\u00ed:<\/strong> 50, 100, 250, 500, 1000 zabit\u00ed<br><em>* \u00farove\u0148 veter\u00e1n\u016f 2: +15000 hp<br>* \u00farove\u0148 veter\u00e1n\u016f 4: +15000 hp<br>* \u00farove\u0148 veter\u00e1n\u016f 5: oprava 3 hp \/ s<\/em><\/p>\n<\/div><\/div>\n\n\n\n<div class=\"wp-block-uagb-column uagb-column__wrap uagb-column__background-undefined uagb-block-8147a997\"><div class=\"uagb-column__overlay\"><\/div><div class=\"uagb-column__inner-wrap\">\n<h3 class=\"wp-block-heading\">Summit Weapons<\/h3>\n\n\n\n<p><strong>3x Gaussovo d\u011blo<\/strong><br><em>(Direct Fire Naval)<\/em> 150,00 dps<br><strong>plocha:<\/strong> 2 (39,1 m)<br><strong>rozsah:<\/strong> 128 (2,50 km)<br><strong>st\u0159eln\u00e1 zbra\u0148:<\/strong> 600 po\u0161kozen\u00ed x 3 st\u0159ely = 1800 po\u0161kozen\u00ed na salvu<br><strong>rychlost st\u0159elby:<\/strong> 0,08333333 (ka\u017ed\u00fdch 12 s)<br><em>* \u00farove\u0148 veter\u00e1n\u016f 1: po\u0161kozen\u00ed +150<br>* \u00farove\u0148 veter\u00e1n\u016f 3: po\u0161kozen\u00ed +150<\/em><\/p>\n\n\n\n<p><strong>4x Linked Railgun<\/strong><br><em>(Anti Air)<\/em> 40,00 dps<br><strong>rozsah:<\/strong> 60 (1,17 km)<br><strong>st\u0159eln\u00e1 zbra\u0148:<\/strong> 10 po\u0161kozen\u00ed x 2 st\u0159ely = 20 po\u0161kozen\u00ed na salvu<br><strong>rychlost st\u0159elby:<\/strong> 2 (ka\u017ed\u00fdch 0,5 s)<br><em>* \u00farove\u0148 veter\u00e1n\u016f 1: +3 po\u0161kozen\u00ed<br>* \u00farove\u0148 veter\u00e1n\u016f 3: +3 po\u0161kozen\u00ed<\/em><\/p>\n\n\n\n<p><strong>2x protiraketa Phalanx<\/strong><br><em>(Obrana)<\/em> 4,50 dps<br><strong>rozsah:<\/strong> 32 (625 m)<br><strong>paprskov\u00e1 zbra\u0148:<\/strong> 1 po\u0161kozen\u00ed x 1 paprsek ka\u017ed\u00fdch 0,25 s po dobu 0,5 s = 3 na salvu<br><strong>rychlost st\u0159elby:<\/strong> 3 (ka\u017ed\u00fdch 0,33 s)<\/p>\n<\/div><\/div>\n<\/div><\/section>\n<\/div><\/div>\n<\/div><\/section>\n\n\n\n<section class=\"wp-block-uagb-columns uagb-columns__wrap uagb-columns__background-undefined uagb-columns__stack-mobile uagb-columns__valign-undefined uagb-columns__gap-10 alignundefined uagb-block-e551c388\"><div class=\"uagb-columns__overlay\"><\/div><div class=\"uagb-columns__inner-wrap uagb-columns__columns-1\">\n<div class=\"wp-block-uagb-column uagb-column__wrap uagb-column__background-undefined uagb-block-10dad4fa\"><div class=\"uagb-column__overlay\"><\/div><div class=\"uagb-column__inner-wrap\">\n<h2 class=\"wp-block-heading\"><strong>ESO <\/strong>- STRATEGICK\u00c1 MISSILE SUBMARINE<\/h2>\n\n\n\n<p><a href=\"https:\/\/www.standardof.net\/wp-content\/uploads\/2011\/10\/Strategic-Missile-Submarine-Ace.jpg\" class=\"rank-math-link\" target=\"_blank\" rel=\"noopener\"><\/a>Jen proto, \u017ee va\u0161e jadern\u00e1 zbra\u0148 dopad\u00e1 na ponorku, neznamen\u00e1, \u017ee je jej\u00ed stavba m\u00e9n\u011b bolestiv\u00e1. Nezapome\u0148te to nestav\u011bt ve sv\u00e9 jedin\u00e9 n\u00e1mo\u0159n\u00ed tov\u00e1rn\u011b, proto\u017ee budete brzy ohromeni. Kdy\u017e je v\u0161ak naho\u0159e, m\u00e1 UEF tu v\u00fdhodu, \u017ee dok\u00e1\u017ee maskovat sv\u00e9 \u00fatoky \u0159\u00edzen\u00fdmi st\u0159elami st\u0159elami skute\u010dn\u00fdch k\u0159i\u017en\u00edk\u016f, tak\u017ee soupe\u0159 nev\u00ed, \u017ee je m\u00e1te. Pokud m\u00e1te dostate\u010dnou palebnou podporu sv\u00e9 pravideln\u00e9 flotily, ponorka bude schopn\u00e1 proj\u00edt jedn\u00edm nebo dv\u011bma v\u00fdst\u0159ely ze sv\u00fdch taktick\u00fdch raket, kter\u00e9 zabij\u00ed lod\u011b T1 nebo k\u0159i\u017en\u00edk jedin\u00fdm v\u00fdst\u0159elem. Zat\u00edmco budete bojovat v bitv\u011b, kter\u00e1 pravd\u011bpodobn\u011b prohr\u00e1v\u00e1 (proto\u017ee jste d\u011blali ponorku nam\u00edsto n\u00e1mo\u0159n\u00ed flotily), va\u0161e jadern\u00e1 ponorka se m\u016f\u017ee bezpe\u010dn\u011b vr\u00e1tit dom\u016f a \u017e\u00edt na jadernou energii dal\u0161\u00ed den. Jadern\u00e9 zbran\u011b, kter\u00e9 stav\u00ed, jsou dra\u017e\u0161\u00ed, ale samotn\u00e1 ponorka je podstatn\u011b levn\u011bj\u0161\u00ed ne\u017e bitevn\u00ed lo\u010f.<\/p>\n\n\n\n<div class=\"wp-block-image\"><figure class=\"aligncenter size-large\"><a href=\"https:\/\/supcom.standardof.net\/cs\/supreme-commander\/uef\/tech-3-uef-naval-units\/strategic-missile-submarine-ace-supreme-commander-uef-navy-units-t3\/\"><img decoding=\"async\" width=\"580\" height=\"450\" src=\"https:\/\/supcom.standardof.net\/wp-content\/uploads\/sites\/8\/2020\/11\/Strategic-Missile-Submarine-Ace-Supreme-Commander-UEF-Navy-Units-T3.jpg\" alt=\"Ace Strategic Missile Submarine, n\u00e1mo\u0159n\u00ed jednotka UEF Tech 3 v Nejvy\u0161\u0161\u00edm veliteli.\" class=\"wp-image-404\" srcset=\"https:\/\/supcom.standardof.net\/wp-content\/uploads\/sites\/8\/2020\/11\/Strategic-Missile-Submarine-Ace-Supreme-Commander-UEF-Navy-Units-T3.jpg 580w, https:\/\/supcom.standardof.net\/wp-content\/uploads\/sites\/8\/2020\/11\/Strategic-Missile-Submarine-Ace-Supreme-Commander-UEF-Navy-Units-T3-512x397.jpg 512w, https:\/\/supcom.standardof.net\/wp-content\/uploads\/sites\/8\/2020\/11\/Strategic-Missile-Submarine-Ace-Supreme-Commander-UEF-Navy-Units-T3-200x155.jpg 200w, https:\/\/supcom.standardof.net\/wp-content\/uploads\/sites\/8\/2020\/11\/Strategic-Missile-Submarine-Ace-Supreme-Commander-UEF-Navy-Units-T3-16x12.jpg 16w\" sizes=\"(max-width: 580px) 100vw, 580px\" \/><\/a><figcaption>ACE - STRATEGICK\u00c1 MISSILE SUBMARINE<\/figcaption><\/figure><\/div>\n\n\n\n<section class=\"wp-block-uagb-columns uagb-columns__wrap uagb-columns__background-undefined uagb-columns__stack-mobile uagb-columns__valign-undefined uagb-columns__gap-10 alignundefined uagb-block-e330a27e\"><div class=\"uagb-columns__overlay\"><\/div><div class=\"uagb-columns__inner-wrap uagb-columns__columns-2\">\n<div class=\"wp-block-uagb-column uagb-column__wrap uagb-column__background-undefined uagb-block-67803d0a\"><div class=\"uagb-column__overlay\"><\/div><div class=\"uagb-column__inner-wrap\">\n<h3 class=\"wp-block-heading\">Eso statistiky<\/h3>\n\n\n\n<p><strong>Zbroj:<\/strong> 4000 hp<br><strong>Schopnosti:<\/strong> Ponorn\u00e9, Sonar, Ru\u010dn\u00ed sestaven\u00ed, Ru\u010dn\u00ed spu\u0161t\u011bn\u00ed<br><strong>N\u00e1klady:<\/strong> M10000, E60000, T15000<br><strong>Intel:<\/strong> pohled: 16 (313 m)<br>sonar: 75 (1,46 km)<br>vodn\u00ed pohled: 24 (469 m)<br><strong>Fyzika<br><\/strong>&nbsp;&nbsp;&nbsp; maxim\u00e1ln\u00ed rychlost: 2,55 (49,8 m \/ s)<br>rychlost ot\u00e1\u010den\u00ed: 25<br><strong>Veter\u00e1nstv\u00ed:<\/strong> 50, 100, 250, 500, 1000 zabit\u00ed<br><em>* \u00farove\u0148 veter\u00e1n\u016f 2: +1000 hp<br>* \u00farove\u0148 veter\u00e1n\u016f 4: +1000 hp<br>* \u00farove\u0148 veter\u00e1n\u016f 5: oprava 3 hp \/ s<\/em><\/p>\n<\/div><\/div>\n\n\n\n<div class=\"wp-block-uagb-column uagb-column__wrap uagb-column__background-undefined uagb-block-65665288\"><div class=\"uagb-column__overlay\"><\/div><div class=\"uagb-column__inner-wrap\">\n<h3 class=\"wp-block-heading\">Eso zbran\u011b<\/h3>\n\n\n\n<p><strong>D\u00e1lkov\u011b \u0159\u00edzen\u00e1 st\u0159ela<br><\/strong> <em>(St\u0159ela)<\/em> 200,00 dps<br><strong>plocha:<\/strong> 3 (58,6 m)<br><strong>rozsah:<\/strong> 128 (2,50 km)<br><strong>st\u0159eln\u00e1 zbra\u0148:<\/strong> 2000 po\u0161kozen\u00ed<br><strong>rychlost st\u0159elby:<\/strong> 0,1 (ka\u017ed\u00fdch 10 s)<br><em>* \u00farove\u0148 veter\u00e1n\u016f 1: +750 po\u0161kozen\u00ed<br>* \u00farove\u0148 veter\u00e1n\u016f 3: +750 po\u0161kozen\u00ed<br><\/em><br><strong>Jadern\u00e1 hlavice<\/strong><br><em>(St\u0159ela)<\/em><br>po\u0161kozen\u00ed vnit\u0159n\u00edho krou\u017eku: 35000<br>polom\u011br vnit\u0159n\u00edho kruhu: 30 (586 m)<br>po\u0161kozen\u00ed vn\u011bj\u0161\u00edho krou\u017eku: 500<br>polom\u011br vn\u011bj\u0161\u00edho prstence: 40 (781 m)<br><strong>\u00falo\u017en\u00fd prostor:<\/strong> 2 st\u0159ely<\/p>\n<\/div><\/div>\n<\/div><\/section>\n<\/div><\/div>\n<\/div><\/section>","protected":false},"excerpt":{"rendered":"<p>SUMMIT CLASS BATTLESHIP The Battleship is basically an experimental unit that you can build in your naval factory. It has ungodly amounts of armor, tactical missile defenses to make sure it isn&#8217;t taken out by shore defenses before it&#8217;s had its say in the matter, and anti-air guns designed to kill gunships rather than bombers [&hellip;]<\/p>","protected":false},"author":1,"featured_media":0,"parent":231,"menu_order":0,"comment_status":"open","ping_status":"closed","template":"","meta":{"_uag_custom_page_level_css":"","site-sidebar-layout":"default","site-content-layout":"default","ast-site-content-layout":"","site-content-style":"default","site-sidebar-style":"default","ast-global-header-display":"","ast-banner-title-visibility":"","ast-main-header-display":"","ast-hfb-above-header-display":"","ast-hfb-below-header-display":"","ast-hfb-mobile-header-display":"","site-post-title":"","ast-breadcrumbs-content":"","ast-featured-img":"","footer-sml-layout":"","theme-transparent-header-meta":"default","adv-header-id-meta":"","stick-header-meta":"","header-above-stick-meta":"","header-main-stick-meta":"","header-below-stick-meta":"","astra-migrate-meta-layouts":"default","ast-page-background-enabled":"default","ast-page-background-meta":{"desktop":{"background-color":"","background-image":"","background-repeat":"repeat","background-position":"center center","background-size":"auto","background-attachment":"scroll","background-type":"","background-media":"","overlay-type":"","overlay-color":"","overlay-gradient":""},"tablet":{"background-color":"","background-image":"","background-repeat":"repeat","background-position":"center center","background-size":"auto","background-attachment":"scroll","background-type":"","background-media":"","overlay-type":"","overlay-color":"","overlay-gradient":""},"mobile":{"background-color":"","background-image":"","background-repeat":"repeat","background-position":"center center","background-size":"auto","background-attachment":"scroll","background-type":"","background-media":"","overlay-type":"","overlay-color":"","overlay-gradient":""}},"ast-content-background-meta":{"desktop":{"background-color":"var(--ast-global-color-5)","background-image":"","background-repeat":"repeat","background-position":"center center","background-size":"auto","background-attachment":"scroll","background-type":"","background-media":"","overlay-type":"","overlay-color":"","overlay-gradient":""},"tablet":{"background-color":"var(--ast-global-color-5)","background-image":"","background-repeat":"repeat","background-position":"center center","background-size":"auto","background-attachment":"scroll","background-type":"","background-media":"","overlay-type":"","overlay-color":"","overlay-gradient":""},"mobile":{"background-color":"var(--ast-global-color-5)","background-image":"","background-repeat":"repeat","background-position":"center center","background-size":"auto","background-attachment":"scroll","background-type":"","background-media":"","overlay-type":"","overlay-color":"","overlay-gradient":""}},"footnotes":""},"uagb_featured_image_src":{"full":false,"thumbnail":false,"medium":false,"medium_large":false,"large":false,"1536x1536":false,"2048x2048":false,"trp-custom-language-flag":false},"uagb_author_info":{"display_name":"SOE","author_link":"https:\/\/supcom.standardof.net\/cs\/author\/k-tastic\/"},"uagb_comment_info":0,"uagb_excerpt":"SUMMIT CLASS BATTLESHIP The Battleship is basically an experimental unit that you can build in your naval factory. It has ungodly amounts of armor, tactical missile defenses to make sure it isn&#8217;t taken out by shore defenses before it&#8217;s had its say in the matter, and anti-air guns designed to kill gunships rather than bombers&hellip;","_links":{"self":[{"href":"https:\/\/supcom.standardof.net\/cs\/wp-json\/wp\/v2\/pages\/402"}],"collection":[{"href":"https:\/\/supcom.standardof.net\/cs\/wp-json\/wp\/v2\/pages"}],"about":[{"href":"https:\/\/supcom.standardof.net\/cs\/wp-json\/wp\/v2\/types\/page"}],"author":[{"embeddable":true,"href":"https:\/\/supcom.standardof.net\/cs\/wp-json\/wp\/v2\/users\/1"}],"replies":[{"embeddable":true,"href":"https:\/\/supcom.standardof.net\/cs\/wp-json\/wp\/v2\/comments?post=402"}],"version-history":[{"count":0,"href":"https:\/\/supcom.standardof.net\/cs\/wp-json\/wp\/v2\/pages\/402\/revisions"}],"up":[{"embeddable":true,"href":"https:\/\/supcom.standardof.net\/cs\/wp-json\/wp\/v2\/pages\/231"}],"wp:attachment":[{"href":"https:\/\/supcom.standardof.net\/cs\/wp-json\/wp\/v2\/media?parent=402"}],"curies":[{"name":"wp","href":"https:\/\/api.w.org\/{rel}","templated":true}]}}