{"id":459,"date":"2020-11-01T16:36:20","date_gmt":"2020-11-01T21:36:20","guid":{"rendered":"https:\/\/supcom.standardof.net\/?page_id=459"},"modified":"2020-11-03T23:11:17","modified_gmt":"2020-11-04T04:11:17","slug":"tech-2-uef-economy-buildings","status":"publish","type":"page","link":"https:\/\/supcom.standardof.net\/cs\/supreme-commander\/uef\/tech-2-uef-ekonomika-budovy\/","title":{"rendered":"Tech 2 - Ekonomick\u00e9 budovy UEF"},"content":{"rendered":"<div class=\"wp-block-uagb-table-of-contents uagb-toc__align-left uagb-toc__columns-1  uagb-block-6da7b412\"\n\t\t\t\t\tdata-scroll= \"1\"\n\t\t\t\t\tdata-offset= \"30\"\n\t\t\t\t\tstyle=\"\"\n\t\t\t\t>\n\t\t\t\t<div class=\"uagb-toc__wrap\">\n\t\t\t\t\t\t<div class=\"uagb-toc__title\">\n\t\t\t\t\t\t\tEkonomick\u00e9 budovy UEF Tech 2:\t\t\t\t\t\t<\/div>\n\t\t\t\t\t\t\t\t\t\t\t\t\t\t\t\t<div class=\"uagb-toc__list-wrap\">\n\t\t\t\t\t\t<ol class=\"uagb-toc__list\"><li class=\"uagb-toc__list\"><a href=\"#tech-2-uef-land-factory\" class=\"uagb-toc-link__trigger\">TOV\u00c1RNA NA ZEM\u011a TECH 2 UEF<\/a><li class=\"uagb-toc__list\"><a href=\"#tech-2-uef-air-factory\" class=\"uagb-toc-link__trigger\">TECHNICK\u00c1 FAKTORA TECH 2 UEF<\/a><li class=\"uagb-toc__list\"><a href=\"#tech-2-uef-naval-factory\" class=\"uagb-toc-link__trigger\">TECH 2 UEF NAVAL FACTORY<\/a><li class=\"uagb-toc__list\"><a href=\"#mass-pump-t2-mass-extractor\" class=\"uagb-toc-link__trigger\">HMOTNOSTN\u00cd \u010cERPADLO - HMOTNOSTN\u00cd TRAKTOR T2<\/a><li class=\"uagb-toc__list\"><a href=\"#eg-200-fusion-reactor-t2-power-generator\" class=\"uagb-toc-link__trigger\">F\u00daZN\u00cd REAKTOR EG-200 - GENER\u00c1TOR V\u00ddKONU T2<\/a><\/ol>\t\t\t\t\t<\/div>\n\t\t\t\t\t\t\t\t\t<\/div>\n\t\t\t\t<\/div>\n\t\t\t\n\n\n<section class=\"wp-block-uagb-columns uagb-columns__wrap uagb-columns__background-undefined uagb-columns__stack-mobile uagb-columns__valign-undefined uagb-columns__gap-10 alignundefined uagb-block-51325417\"><div class=\"uagb-columns__overlay\"><\/div><div class=\"uagb-columns__inner-wrap uagb-columns__columns-1\">\n<div class=\"wp-block-uagb-column uagb-column__wrap uagb-column__background-undefined uagb-block-529d6a7b\"><div class=\"uagb-column__overlay\"><\/div><div class=\"uagb-column__inner-wrap\">\n<h2 class=\"wp-block-heading\"><strong>TOV\u00c1RNA NA ZEM\u011a TECH 2 UEF<\/strong><\/h2>\n\n\n\n<p><a href=\"https:\/\/www.standardof.net\/wp-content\/uploads\/2012\/12\/TECH-2-UEF-LAND-FACTORY.png\" class=\"rank-math-link\" target=\"_blank\" rel=\"noopener\"><\/a>Na \u00farovni T2 nen\u00ed va\u0161e tov\u00e1rna zraniteln\u00e1 p\u0159ekvapiv\u00fdmi \u00fadery a je obvykle posledn\u00ed budovou, kter\u00e1 zem\u0159e. Je to st\u00e1le dvakr\u00e1t rychlej\u0161\u00ed ne\u017e v\u00e1\u0161 in\u017een\u00fdr na stejn\u00e9 \u00farovni.<\/p>\n\n\n\n<div class=\"wp-block-image\"><figure class=\"aligncenter size-large\"><a href=\"https:\/\/supcom.standardof.net\/cs\/supreme-commander\/uef\/tech-2-uef-ekonomika-budovy\/land-factory-supreme-commander-uef-economy-buildings-t2\/\"><img decoding=\"async\" width=\"536\" height=\"466\" src=\"https:\/\/supcom.standardof.net\/wp-content\/uploads\/sites\/8\/2020\/11\/LAND-FACTORY-Supreme-Commander-UEF-Economy-Buildings-T2.jpg\" alt=\"T2 Land Factory, budova ekonomiky UEF Tech 2 v Supreme Commander.\" class=\"wp-image-463\" srcset=\"https:\/\/supcom.standardof.net\/wp-content\/uploads\/sites\/8\/2020\/11\/LAND-FACTORY-Supreme-Commander-UEF-Economy-Buildings-T2.jpg 536w, https:\/\/supcom.standardof.net\/wp-content\/uploads\/sites\/8\/2020\/11\/LAND-FACTORY-Supreme-Commander-UEF-Economy-Buildings-T2-512x445.jpg 512w, https:\/\/supcom.standardof.net\/wp-content\/uploads\/sites\/8\/2020\/11\/LAND-FACTORY-Supreme-Commander-UEF-Economy-Buildings-T2-200x174.jpg 200w, https:\/\/supcom.standardof.net\/wp-content\/uploads\/sites\/8\/2020\/11\/LAND-FACTORY-Supreme-Commander-UEF-Economy-Buildings-T2-14x12.jpg 14w\" sizes=\"(max-width: 536px) 100vw, 536px\" \/><\/a><figcaption>TOV\u00c1RNA NA ZEM\u011a TECH 2 UEF<\/figcaption><\/figure><\/div>\n\n\n\n<section class=\"wp-block-uagb-columns uagb-columns__wrap uagb-columns__background-undefined uagb-columns__stack-mobile uagb-columns__valign-undefined uagb-columns__gap-10 alignundefined uagb-block-fa8ad340\"><div class=\"uagb-columns__overlay\"><\/div><div class=\"uagb-columns__inner-wrap uagb-columns__columns-2\">\n<div class=\"wp-block-uagb-column uagb-column__wrap uagb-column__background-undefined uagb-block-359732ab\"><div class=\"uagb-column__overlay\"><\/div><div class=\"uagb-column__inner-wrap\">\n<h3 class=\"wp-block-heading\">Statistiky T2 Land Factory<\/h3>\n\n\n\n<p><strong>Zbroj:<\/strong> 9000 hp<br><strong>Schopnosti: <\/strong>Mo\u017enost aktualizace<br><strong>N\u00e1klady:<\/strong> M900, E7200, T1800<br>rychlost sestaven\u00ed: 20<br>&nbsp;&nbsp;&nbsp;&nbsp; \u00falo\u017ei\u0161t\u011b: M160, E800<br><strong>Intel<\/strong><br>pohled: 20 (391 m)<br><strong>Fyzika<\/strong><br>velikost pro sousedstv\u00ed: 16<\/p>\n<\/div><\/div>\n\n\n\n<div class=\"wp-block-uagb-column uagb-column__wrap uagb-column__background-undefined uagb-block-2b8d0d16\"><div class=\"uagb-column__overlay\"><\/div><div class=\"uagb-column__inner-wrap\"><\/div><\/div>\n<\/div><\/section>\n<\/div><\/div>\n<\/div><\/section>\n\n\n\n<section class=\"wp-block-uagb-columns uagb-columns__wrap uagb-columns__background-undefined uagb-columns__stack-mobile uagb-columns__valign-undefined uagb-columns__gap-10 alignundefined uagb-block-06adabfb\"><div class=\"uagb-columns__overlay\"><\/div><div class=\"uagb-columns__inner-wrap uagb-columns__columns-1\">\n<div class=\"wp-block-uagb-column uagb-column__wrap uagb-column__background-undefined uagb-block-6f94bcfe\"><div class=\"uagb-column__overlay\"><\/div><div class=\"uagb-column__inner-wrap\">\n<h2 class=\"wp-block-heading\"><strong>TECHNICK\u00c1 FAKTORA TECH 2 UEF<\/strong><\/h2>\n\n\n\n<p><a href=\"https:\/\/www.standardof.net\/wp-content\/uploads\/2012\/12\/TECH-2-UEF-AIR-FACTORY.png\" class=\"rank-math-link\" target=\"_blank\" rel=\"noopener\"><\/a>Upgrade tov\u00e1rny na vzduch T2 je pomalej\u0161\u00ed ne\u017e upgrade tov\u00e1rny na T2, tak\u017ee pokud je \u010das na vylep\u0161en\u00ed a chcete pouze in\u017een\u00fdry, ud\u011blejte to pozd\u011bji.<\/p>\n\n\n\n<div class=\"wp-block-image\"><figure class=\"aligncenter size-large\"><a href=\"https:\/\/supcom.standardof.net\/cs\/supreme-commander\/uef\/tech-2-uef-ekonomika-budovy\/air-factory-supreme-commander-uef-economy-buildings-t2\/\"><img decoding=\"async\" width=\"486\" height=\"455\" src=\"https:\/\/supcom.standardof.net\/wp-content\/uploads\/sites\/8\/2020\/11\/AIR-FACTORY-Supreme-Commander-UEF-Economy-Buildings-T2.jpg\" alt=\"T2 Air Factory, budova ekonomiky UEF Tech 2 v Supreme Commander.\" class=\"wp-image-461\" srcset=\"https:\/\/supcom.standardof.net\/wp-content\/uploads\/sites\/8\/2020\/11\/AIR-FACTORY-Supreme-Commander-UEF-Economy-Buildings-T2.jpg 486w, https:\/\/supcom.standardof.net\/wp-content\/uploads\/sites\/8\/2020\/11\/AIR-FACTORY-Supreme-Commander-UEF-Economy-Buildings-T2-200x187.jpg 200w, https:\/\/supcom.standardof.net\/wp-content\/uploads\/sites\/8\/2020\/11\/AIR-FACTORY-Supreme-Commander-UEF-Economy-Buildings-T2-13x12.jpg 13w\" sizes=\"(max-width: 486px) 100vw, 486px\" \/><\/a><figcaption>TECHNICK\u00c1 FAKTORA TECH 2 UEF<\/figcaption><\/figure><\/div>\n\n\n\n<section class=\"wp-block-uagb-columns uagb-columns__wrap uagb-columns__background-undefined uagb-columns__stack-mobile uagb-columns__valign-undefined uagb-columns__gap-10 alignundefined uagb-block-ee2b3b71\"><div class=\"uagb-columns__overlay\"><\/div><div class=\"uagb-columns__inner-wrap uagb-columns__columns-2\">\n<div class=\"wp-block-uagb-column uagb-column__wrap uagb-column__background-undefined uagb-block-b571f53c\"><div class=\"uagb-column__overlay\"><\/div><div class=\"uagb-column__inner-wrap\">\n<h3 class=\"wp-block-heading\">Statistiky T2 Air Factory<\/h3>\n\n\n\n<p><strong>Zbroj:<\/strong> 9000 hp<br><strong>Schopnosti: <\/strong>Mo\u017enost aktualizace<br><strong>N\u00e1klady:<\/strong> M900, E13500, T2250<br>rychlost sestaven\u00ed: 20<br>&nbsp;&nbsp;&nbsp;&nbsp; \u00falo\u017ei\u0161t\u011b: M160, E800<br><strong>Intel<\/strong><br>&nbsp;&nbsp;&nbsp;&nbsp; pohled: 20 (391 m)<br><strong>Fyzika<\/strong><br>&nbsp;&nbsp;&nbsp;&nbsp; velikost pro sousedstv\u00ed: 16<\/p>\n<\/div><\/div>\n\n\n\n<div class=\"wp-block-uagb-column uagb-column__wrap uagb-column__background-undefined uagb-block-295606cd\"><div class=\"uagb-column__overlay\"><\/div><div class=\"uagb-column__inner-wrap\"><\/div><\/div>\n<\/div><\/section>\n<\/div><\/div>\n<\/div><\/section>\n\n\n\n<section class=\"wp-block-uagb-columns uagb-columns__wrap uagb-columns__background-undefined uagb-columns__stack-mobile uagb-columns__valign-undefined uagb-columns__gap-10 alignundefined uagb-block-33323537\"><div class=\"uagb-columns__overlay\"><\/div><div class=\"uagb-columns__inner-wrap uagb-columns__columns-1\">\n<div class=\"wp-block-uagb-column uagb-column__wrap uagb-column__background-undefined uagb-block-db73fec1\"><div class=\"uagb-column__overlay\"><\/div><div class=\"uagb-column__inner-wrap\">\n<h2 class=\"wp-block-heading\"><strong>TECH 2 UEF NAVAL FACTORY<\/strong><\/h2>\n\n\n\n<p><a href=\"https:\/\/www.standardof.net\/wp-content\/uploads\/2012\/12\/TECH-2-UEF-NAVAL-FACTORY.png\" class=\"rank-math-link\" target=\"_blank\" rel=\"noopener\"><\/a>T2 Naval Factory m\u00e1 nyn\u00ed stra\u0161n\u011b dobr\u00e9 zdrav\u00ed, ani\u017e by byla mnohem dra\u017e\u0161\u00ed ne\u017e ostatn\u00ed upgrady. Vzhledem k tomu, \u017ee n\u00e1mo\u0159nictvo UEF T1 je tak \u0161patn\u00e9, m\u00e1te nyn\u00ed je\u0161t\u011b v\u011bt\u0161\u00ed d\u016fvod k tomu, abyste se p\u0159ihl\u00e1sili brzy (i kdy\u017e je to jen proto, aby byly ponorky dvakr\u00e1t rychlej\u0161\u00ed).<\/p>\n\n\n\n<div class=\"wp-block-image\"><figure class=\"aligncenter size-large\"><a href=\"https:\/\/supcom.standardof.net\/cs\/supreme-commander\/uef\/tech-2-uef-ekonomika-budovy\/naval-factory-supreme-commander-uef-economy-buildings-t2\/\"><img decoding=\"async\" width=\"578\" height=\"517\" src=\"https:\/\/supcom.standardof.net\/wp-content\/uploads\/sites\/8\/2020\/11\/NAVAL-FACTORY-Supreme-Commander-UEF-Economy-Buildings-T2.jpg\" alt=\"T2 Navy Factory, budova ekonomiky UEF Tech 2 v Supreme Commander.\" class=\"wp-image-465\" srcset=\"https:\/\/supcom.standardof.net\/wp-content\/uploads\/sites\/8\/2020\/11\/NAVAL-FACTORY-Supreme-Commander-UEF-Economy-Buildings-T2.jpg 578w, https:\/\/supcom.standardof.net\/wp-content\/uploads\/sites\/8\/2020\/11\/NAVAL-FACTORY-Supreme-Commander-UEF-Economy-Buildings-T2-512x458.jpg 512w, https:\/\/supcom.standardof.net\/wp-content\/uploads\/sites\/8\/2020\/11\/NAVAL-FACTORY-Supreme-Commander-UEF-Economy-Buildings-T2-200x179.jpg 200w, https:\/\/supcom.standardof.net\/wp-content\/uploads\/sites\/8\/2020\/11\/NAVAL-FACTORY-Supreme-Commander-UEF-Economy-Buildings-T2-13x12.jpg 13w\" sizes=\"(max-width: 578px) 100vw, 578px\" \/><\/a><figcaption>TECH 2 UEF NAVAL FACTORY<\/figcaption><\/figure><\/div>\n\n\n\n<section class=\"wp-block-uagb-columns uagb-columns__wrap uagb-columns__background-undefined uagb-columns__stack-mobile uagb-columns__valign-undefined uagb-columns__gap-10 alignundefined uagb-block-14be9d79\"><div class=\"uagb-columns__overlay\"><\/div><div class=\"uagb-columns__inner-wrap uagb-columns__columns-2\">\n<div class=\"wp-block-uagb-column uagb-column__wrap uagb-column__background-undefined uagb-block-79986533\"><div class=\"uagb-column__overlay\"><\/div><div class=\"uagb-column__inner-wrap\">\n<h3 class=\"wp-block-heading\">Statistiky T2 Naval Factory<\/h3>\n\n\n\n<p><strong>Zbroj:<\/strong> 18 000 hp<br><strong>Schopnosti: <\/strong>Mo\u017enost aktualizace<br><strong>N\u00e1klady:<\/strong> M1080, E7200, T1800<br>rychlost sestaven\u00ed: 20<br>&nbsp;&nbsp;&nbsp;&nbsp; \u00falo\u017ei\u0161t\u011b: M160, E800<br><strong>Intel<br><\/strong>&nbsp;&nbsp;&nbsp;&nbsp; pohled: 20 (391 m)<br><strong>Fyzika<br><\/strong>&nbsp;&nbsp;&nbsp;&nbsp; velikost pro sousedstv\u00ed: 16<\/p>\n<\/div><\/div>\n\n\n\n<div class=\"wp-block-uagb-column uagb-column__wrap uagb-column__background-undefined uagb-block-efda394c\"><div class=\"uagb-column__overlay\"><\/div><div class=\"uagb-column__inner-wrap\"><\/div><\/div>\n<\/div><\/section>\n<\/div><\/div>\n<\/div><\/section>\n\n\n\n<section class=\"wp-block-uagb-columns uagb-columns__wrap uagb-columns__background-undefined uagb-columns__stack-mobile uagb-columns__valign-undefined uagb-columns__gap-10 alignundefined uagb-block-4e74f178\"><div class=\"uagb-columns__overlay\"><\/div><div class=\"uagb-columns__inner-wrap uagb-columns__columns-1\">\n<div class=\"wp-block-uagb-column uagb-column__wrap uagb-column__background-undefined uagb-block-fa74ddfd\"><div class=\"uagb-column__overlay\"><\/div><div class=\"uagb-column__inner-wrap\">\n<h2 class=\"wp-block-heading\"><strong>MASOV\u00c9 \u010cERPADLO<\/strong> - HMOTNOSTN\u00cd TRAKTOR T2<\/h2>\n\n\n\n<p><a href=\"https:\/\/www.standardof.net\/wp-content\/uploads\/2012\/12\/MASS-PUMP-T2-MASS-EXTRACTOR.png\" class=\"rank-math-link\" target=\"_blank\" rel=\"noopener\"><\/a>Na \u00farovn\u00edch T2 jste se roz\u0161\u00ed\u0159ili do pln\u00e9ho rozsahu a nyn\u00ed je \u010das za\u010d\u00edt upgradovat masov\u00e9 extraktory. P\u0159i poskytov\u00e1n\u00ed pomoci bu\u010fte opatrn\u00ed - po dokon\u010den\u00ed upgradu se nebudou zobrazovat jako ne\u010dinn\u00ed.<\/p>\n\n\n\n<div class=\"wp-block-image\"><figure class=\"aligncenter size-large\"><a href=\"https:\/\/supcom.standardof.net\/cs\/supreme-commander\/uef\/tech-2-uef-ekonomika-budovy\/mass-pump-t2-mass-extractor-supreme-commander-uef-economy-buildings-t2\/\"><img decoding=\"async\" width=\"398\" height=\"364\" src=\"https:\/\/supcom.standardof.net\/wp-content\/uploads\/sites\/8\/2020\/11\/MASS-PUMP-T2-MASS-EXTRACTOR-Supreme-Commander-UEF-Economy-Buildings-T2.jpg\" alt=\"Mass Pump T2 Mass Extractor, ekonomick\u00e1 budova UEF Tech 2 v Supreme Commander.\" class=\"wp-image-464\" srcset=\"https:\/\/supcom.standardof.net\/wp-content\/uploads\/sites\/8\/2020\/11\/MASS-PUMP-T2-MASS-EXTRACTOR-Supreme-Commander-UEF-Economy-Buildings-T2.jpg 398w, https:\/\/supcom.standardof.net\/wp-content\/uploads\/sites\/8\/2020\/11\/MASS-PUMP-T2-MASS-EXTRACTOR-Supreme-Commander-UEF-Economy-Buildings-T2-200x183.jpg 200w, https:\/\/supcom.standardof.net\/wp-content\/uploads\/sites\/8\/2020\/11\/MASS-PUMP-T2-MASS-EXTRACTOR-Supreme-Commander-UEF-Economy-Buildings-T2-13x12.jpg 13w\" sizes=\"(max-width: 398px) 100vw, 398px\" \/><\/a><figcaption>HMOTNOSTN\u00cd \u010cERPADLO - HMOTNOSTN\u00cd TRAKTOR T2<\/figcaption><\/figure><\/div>\n\n\n\n<section class=\"wp-block-uagb-columns uagb-columns__wrap uagb-columns__background-undefined uagb-columns__stack-mobile uagb-columns__valign-undefined uagb-columns__gap-10 alignundefined uagb-block-86645653\"><div class=\"uagb-columns__overlay\"><\/div><div class=\"uagb-columns__inner-wrap uagb-columns__columns-2\">\n<div class=\"wp-block-uagb-column uagb-column__wrap uagb-column__background-undefined uagb-block-f3f81852\"><div class=\"uagb-column__overlay\"><\/div><div class=\"uagb-column__inner-wrap\">\n<h3 class=\"wp-block-heading\">Statistiky hromadn\u00e9 pumpy<\/h3>\n\n\n\n<p><strong>Zbroj:<\/strong> 2160 hp<br><strong>Schopnosti: <\/strong>Mo\u017enost aktualizace<br><strong>N\u00e1klady:<\/strong> M900, E5400, T900<br>p\u0159\u00edjem: M +6, E \u20139<br>rychlost sestaven\u00ed: 15<br><strong>Fyzika<br><\/strong>&nbsp;&nbsp;&nbsp;&nbsp; velikost pro sousedstv\u00ed: 4<\/p>\n<\/div><\/div>\n\n\n\n<div class=\"wp-block-uagb-column uagb-column__wrap uagb-column__background-undefined uagb-block-10453338\"><div class=\"uagb-column__overlay\"><\/div><div class=\"uagb-column__inner-wrap\">\n<h3 class=\"wp-block-heading\">Sousedn\u00ed bonusy<\/h3>\n\n\n\n<p>sousedn\u00ed velikost budovy:<br>4, 8, 12, 16, 20<br>Redukce hromadn\u00e9ho odtoku (tov\u00e1rny):<br>15.00%, 7.50%, 5.00%, 3.75%, 3.00%<\/p>\n<\/div><\/div>\n<\/div><\/section>\n<\/div><\/div>\n<\/div><\/section>\n\n\n\n<section class=\"wp-block-uagb-columns uagb-columns__wrap uagb-columns__background-undefined uagb-columns__stack-mobile uagb-columns__valign-undefined uagb-columns__gap-10 alignundefined uagb-block-dbb072f0\"><div class=\"uagb-columns__overlay\"><\/div><div class=\"uagb-columns__inner-wrap uagb-columns__columns-1\">\n<div class=\"wp-block-uagb-column uagb-column__wrap uagb-column__background-undefined uagb-block-979d5055\"><div class=\"uagb-column__overlay\"><\/div><div class=\"uagb-column__inner-wrap\">\n<h2 class=\"wp-block-heading\"><strong>FUNK\u010cN\u00cd REAKTOR EG-200<\/strong> - T2 V\u00ddKONOV\u00dd GENER\u00c1TOR<\/h2>\n\n\n\n<p><a href=\"https:\/\/www.standardof.net\/wp-content\/uploads\/2012\/12\/EG-200-FUSION-REACTOR-T2-POWER-GENERATOR.png\" class=\"rank-math-link\" target=\"_blank\" rel=\"noopener\"><\/a>Gener\u00e1tor energie T2 je kl\u00ed\u010dov\u00fdm prvkem va\u0161\u00ed ekonomiky, proto\u017ee poskytuje podporu, kter\u00e1 v\u00e1m zabr\u00e1n\u00ed v tom, abyste byli p\u0159ipout\u00e1ni k mal\u00fdm d\u00e1vk\u00e1m energie T1, a z\u00e1rove\u0148 poskytuje velkorys\u00fd bonus sousedstv\u00ed, pokud kolem n\u011bj chcete um\u00edstit \u0161t\u00edt nebo d\u011blost\u0159electvo T2.<\/p>\n\n\n\n<div class=\"wp-block-image\"><figure class=\"aligncenter size-large\"><a href=\"https:\/\/supcom.standardof.net\/cs\/supreme-commander\/uef\/tech-2-uef-ekonomika-budovy\/eg-200-fusion-reactor-t2-power-generator-supreme-commander-uef-economy-buildings-t2\/\"><img decoding=\"async\" width=\"545\" height=\"473\" src=\"https:\/\/supcom.standardof.net\/wp-content\/uploads\/sites\/8\/2020\/11\/EG-200-FUSION-REACTOR-T2-POWER-GENERATOR-Supreme-Commander-UEF-Economy-Buildings-T2.jpg\" alt=\"Gener\u00e1tor energie EG-200 Fusion Reactor T2, budova ekonomiky UEF Tech 2 v Supreme Commander.\" class=\"wp-image-462\" srcset=\"https:\/\/supcom.standardof.net\/wp-content\/uploads\/sites\/8\/2020\/11\/EG-200-FUSION-REACTOR-T2-POWER-GENERATOR-Supreme-Commander-UEF-Economy-Buildings-T2.jpg 545w, https:\/\/supcom.standardof.net\/wp-content\/uploads\/sites\/8\/2020\/11\/EG-200-FUSION-REACTOR-T2-POWER-GENERATOR-Supreme-Commander-UEF-Economy-Buildings-T2-512x444.jpg 512w, https:\/\/supcom.standardof.net\/wp-content\/uploads\/sites\/8\/2020\/11\/EG-200-FUSION-REACTOR-T2-POWER-GENERATOR-Supreme-Commander-UEF-Economy-Buildings-T2-200x174.jpg 200w, https:\/\/supcom.standardof.net\/wp-content\/uploads\/sites\/8\/2020\/11\/EG-200-FUSION-REACTOR-T2-POWER-GENERATOR-Supreme-Commander-UEF-Economy-Buildings-T2-14x12.jpg 14w\" sizes=\"(max-width: 545px) 100vw, 545px\" \/><\/a><figcaption>F\u00daZN\u00cd REAKTOR EG-200 - GENER\u00c1TOR V\u00ddKONU T2<\/figcaption><\/figure><\/div>\n\n\n\n<section class=\"wp-block-uagb-columns uagb-columns__wrap uagb-columns__background-undefined uagb-columns__stack-mobile uagb-columns__valign-undefined uagb-columns__gap-10 alignundefined uagb-block-2621a557\"><div class=\"uagb-columns__overlay\"><\/div><div class=\"uagb-columns__inner-wrap uagb-columns__columns-2\">\n<div class=\"wp-block-uagb-column uagb-column__wrap uagb-column__background-undefined uagb-block-833b53e7\"><div class=\"uagb-column__overlay\"><\/div><div class=\"uagb-column__inner-wrap\">\n<h3 class=\"wp-block-heading\">Statistiky EG-200<\/h3>\n\n\n\n<p><strong>Zbroj:<\/strong> 2160 hp<br><strong>N\u00e1klady:<\/strong> M1200, E12000, T2000<br>p\u0159\u00edjem: E +500<br><strong>Fyzika<\/strong><br>&nbsp;&nbsp;&nbsp;&nbsp; velikost pro sousedstv\u00ed: 12<br><strong>Zbra\u0148 smrti<\/strong><br>500 po\u0161kozen\u00ed<br>plocha: 5 (97,7 m)<\/p>\n<\/div><\/div>\n\n\n\n<div class=\"wp-block-uagb-column uagb-column__wrap uagb-column__background-undefined uagb-block-df1c9edb\"><div class=\"uagb-column__overlay\"><\/div><div class=\"uagb-column__inner-wrap\">\n<h3 class=\"wp-block-heading\">Sousedn\u00ed bonusy<\/h3>\n\n\n\n<p>sousedn\u00ed velikost budovy<br>4, 8, 12, 16, 20<br><strong>Sn\u00ed\u017een\u00ed odb\u011bru energie<\/strong> <strong>(\u00fadr\u017eba):<\/strong><br>7.50%, 7.50%, 7.50%, 5.63%, 4.50%<br><strong>Sn\u00ed\u017een\u00ed odb\u011bru energie<\/strong> <strong>(tov\u00e1rny):<\/strong><br>7.50%, 7.50%, 7.50%, 5.63%, 4.50%<br><strong>Sn\u00ed\u017een\u00ed doby odb\u011bru energetick\u00e9 zbran\u011b:<br><\/strong>&nbsp;&nbsp;&nbsp;&nbsp; 7.50%, 7.50%, 7.50%, 5.63%, 4.50%<\/p>\n<\/div><\/div>\n<\/div><\/section>\n<\/div><\/div>\n<\/div><\/section>","protected":false},"excerpt":{"rendered":"<p>TECH 2 UEF LAND FACTORY By the T2 level, your factory is not vulnerable to surprise strikes, and is usually the last building to die. It&#8217;s still twice as fast as your engineer of the same level. T2 Land Factory Stats Armor: 9000hpAbilities: UpgradeableCost: M900, E7200, T1800build rate: 20&nbsp;&nbsp;&nbsp;&nbsp; storage: M160, E800Intelsight: 20 (391m)Physicssize for [&hellip;]<\/p>","protected":false},"author":1,"featured_media":0,"parent":231,"menu_order":0,"comment_status":"open","ping_status":"closed","template":"","meta":{"_uag_custom_page_level_css":"","site-sidebar-layout":"default","site-content-layout":"default","ast-site-content-layout":"","site-content-style":"default","site-sidebar-style":"default","ast-global-header-display":"","ast-banner-title-visibility":"","ast-main-header-display":"","ast-hfb-above-header-display":"","ast-hfb-below-header-display":"","ast-hfb-mobile-header-display":"","site-post-title":"","ast-breadcrumbs-content":"","ast-featured-img":"","footer-sml-layout":"","theme-transparent-header-meta":"default","adv-header-id-meta":"","stick-header-meta":"","header-above-stick-meta":"","header-main-stick-meta":"","header-below-stick-meta":"","astra-migrate-meta-layouts":"default","ast-page-background-enabled":"default","ast-page-background-meta":{"desktop":{"background-color":"","background-image":"","background-repeat":"repeat","background-position":"center center","background-size":"auto","background-attachment":"scroll","background-type":"","background-media":"","overlay-type":"","overlay-color":"","overlay-gradient":""},"tablet":{"background-color":"","background-image":"","background-repeat":"repeat","background-position":"center center","background-size":"auto","background-attachment":"scroll","background-type":"","background-media":"","overlay-type":"","overlay-color":"","overlay-gradient":""},"mobile":{"background-color":"","background-image":"","background-repeat":"repeat","background-position":"center center","background-size":"auto","background-attachment":"scroll","background-type":"","background-media":"","overlay-type":"","overlay-color":"","overlay-gradient":""}},"ast-content-background-meta":{"desktop":{"background-color":"var(--ast-global-color-5)","background-image":"","background-repeat":"repeat","background-position":"center center","background-size":"auto","background-attachment":"scroll","background-type":"","background-media":"","overlay-type":"","overlay-color":"","overlay-gradient":""},"tablet":{"background-color":"var(--ast-global-color-5)","background-image":"","background-repeat":"repeat","background-position":"center center","background-size":"auto","background-attachment":"scroll","background-type":"","background-media":"","overlay-type":"","overlay-color":"","overlay-gradient":""},"mobile":{"background-color":"var(--ast-global-color-5)","background-image":"","background-repeat":"repeat","background-position":"center center","background-size":"auto","background-attachment":"scroll","background-type":"","background-media":"","overlay-type":"","overlay-color":"","overlay-gradient":""}},"footnotes":""},"uagb_featured_image_src":{"full":false,"thumbnail":false,"medium":false,"medium_large":false,"large":false,"1536x1536":false,"2048x2048":false,"trp-custom-language-flag":false},"uagb_author_info":{"display_name":"SOE","author_link":"https:\/\/supcom.standardof.net\/cs\/author\/k-tastic\/"},"uagb_comment_info":0,"uagb_excerpt":"TECH 2 UEF LAND FACTORY By the T2 level, your factory is not vulnerable to surprise strikes, and is usually the last building to die. It&#8217;s still twice as fast as your engineer of the same level. T2 Land Factory Stats Armor: 9000hpAbilities: UpgradeableCost: M900, E7200, T1800build rate: 20&nbsp;&nbsp;&nbsp;&nbsp; storage: M160, E800Intelsight: 20 (391m)Physicssize for&hellip;","_links":{"self":[{"href":"https:\/\/supcom.standardof.net\/cs\/wp-json\/wp\/v2\/pages\/459"}],"collection":[{"href":"https:\/\/supcom.standardof.net\/cs\/wp-json\/wp\/v2\/pages"}],"about":[{"href":"https:\/\/supcom.standardof.net\/cs\/wp-json\/wp\/v2\/types\/page"}],"author":[{"embeddable":true,"href":"https:\/\/supcom.standardof.net\/cs\/wp-json\/wp\/v2\/users\/1"}],"replies":[{"embeddable":true,"href":"https:\/\/supcom.standardof.net\/cs\/wp-json\/wp\/v2\/comments?post=459"}],"version-history":[{"count":0,"href":"https:\/\/supcom.standardof.net\/cs\/wp-json\/wp\/v2\/pages\/459\/revisions"}],"up":[{"embeddable":true,"href":"https:\/\/supcom.standardof.net\/cs\/wp-json\/wp\/v2\/pages\/231"}],"wp:attachment":[{"href":"https:\/\/supcom.standardof.net\/cs\/wp-json\/wp\/v2\/media?parent=459"}],"curies":[{"name":"wp","href":"https:\/\/api.w.org\/{rel}","templated":true}]}}