{"id":479,"date":"2020-11-01T16:59:09","date_gmt":"2020-11-01T21:59:09","guid":{"rendered":"https:\/\/supcom.standardof.net\/?page_id=479"},"modified":"2020-11-03T23:12:38","modified_gmt":"2020-11-04T04:12:38","slug":"uef-experimental-units","status":"publish","type":"page","link":"https:\/\/supcom.standardof.net\/cs\/supreme-commander\/uef\/uef-experimentalni-jednotky\/","title":{"rendered":"Experiment\u00e1ln\u00ed jednotky UEF"},"content":{"rendered":"<div class=\"wp-block-uagb-table-of-contents uagb-toc__align-left uagb-toc__columns-1  uagb-block-411e1d3b\"\n\t\t\t\t\tdata-scroll= \"1\"\n\t\t\t\t\tdata-offset= \"30\"\n\t\t\t\t\tstyle=\"\"\n\t\t\t\t>\n\t\t\t\t<div class=\"uagb-toc__wrap\">\n\t\t\t\t\t\t<div class=\"uagb-toc__title\">\n\t\t\t\t\t\t\tExperiment\u00e1ln\u00ed jednotky UEF:\t\t\t\t\t\t<\/div>\n\t\t\t\t\t\t\t\t\t\t\t\t\t\t\t\t<div class=\"uagb-toc__list-wrap\">\n\t\t\t\t\t\t<ol class=\"uagb-toc__list\"><li class=\"uagb-toc__list\"><a href=\"#fatboy-mobile-factory\" class=\"uagb-toc-link__trigger\">FATBOY - MOBILN\u00cd TOV\u00c1RNA<\/a><li class=\"uagb-toc__list\"><a href=\"#atlantis-submersible-aircraft-carrier\" class=\"uagb-toc-link__trigger\">ATLANTIS - Ponorn\u00fd p\u0159epravce letadel<\/a><li class=\"uagb-toc__list\"><a href=\"#mavor-strategic-artillery\" class=\"uagb-toc-link__trigger\">MAVOR - STRATEGICK\u00c9 D\u011blost\u0159electvo<\/a><\/ol>\t\t\t\t\t<\/div>\n\t\t\t\t\t\t\t\t\t<\/div>\n\t\t\t\t<\/div>\n\t\t\t\n\n\n<section class=\"wp-block-uagb-columns uagb-columns__wrap uagb-columns__background-undefined uagb-columns__stack-mobile uagb-columns__valign-undefined uagb-columns__gap-10 alignundefined uagb-block-c763995d\"><div class=\"uagb-columns__overlay\"><\/div><div class=\"uagb-columns__inner-wrap uagb-columns__columns-1\">\n<div class=\"wp-block-uagb-column uagb-column__wrap uagb-column__background-undefined uagb-block-3daeca37\"><div class=\"uagb-column__overlay\"><\/div><div class=\"uagb-column__inner-wrap\">\n<h2 class=\"wp-block-heading\"><strong>TLOU\u0160T\u00cdK <\/strong>- MOBILN\u00cd TOV\u00c1RNA<\/h2>\n\n\n\n<p><a href=\"https:\/\/www.standardof.net\/wp-content\/uploads\/2012\/12\/FATBOY-MOBILE-FACTORY.png\" class=\"rank-math-link\" target=\"_blank\" rel=\"noopener\"><\/a>Fatboy je mo\u017en\u00e1 nejlep\u0161\u00ed experiment\u00e1ln\u00ed jednotka hry. \u201eMobile Factory\u201c nen\u00ed p\u0159\u00edli\u0161 dobr\u00fd popis; je to sp\u00ed\u0161e \u201eOboj\u017eiveln\u00e1 bitevn\u00ed lo\u010f\u201c s minimem protivzdu\u0161n\u00e9 podpory, slu\u0161nou d\u00edl\u010d\u00ed ochranou a \u0161t\u00edty, kter\u00e9 j\u00ed umo\u017e\u0148uj\u00ed \u201eregenerovat\u201c zdrav\u00ed, pokud je \u00fatok proti n\u00ed ne\u00fasp\u011b\u0161n\u00fd, nemluv\u011b o schopnosti stav\u011bt a nasazovat In\u017een\u00fd\u0159i T3 jsou chr\u00e1n\u011bni, tak\u017ee mohou prov\u00e1d\u011bt weby T3 SAM nebo prov\u00e1d\u011bt opravy nebo cokoli je nutn\u00e9. Samoz\u0159ejm\u011b extr\u00e9mn\u011b pomal\u00fd, ale tak\u00e9 extr\u00e9mn\u011b nebezpe\u010dn\u00fd.<\/p>\n\n\n\n<div class=\"wp-block-image\"><figure class=\"aligncenter size-large\"><a href=\"https:\/\/supcom.standardof.net\/cs\/supreme-commander\/uef\/uef-experimentalni-jednotky\/fatboy-mobile-factory-supreme-commander-uef-experimental-units\/\"><img decoding=\"async\" width=\"687\" height=\"485\" src=\"https:\/\/supcom.standardof.net\/wp-content\/uploads\/sites\/8\/2020\/11\/FATBOY-MOBILE-FACTORY-Supreme-Commander-UEF-Experimental-Units.jpg\" alt=\"Fatboy Mobile Factory, experiment\u00e1ln\u00ed jednotka UEF ve vrchn\u00edm veliteli.\" class=\"wp-image-483\" srcset=\"https:\/\/supcom.standardof.net\/wp-content\/uploads\/sites\/8\/2020\/11\/FATBOY-MOBILE-FACTORY-Supreme-Commander-UEF-Experimental-Units.jpg 687w, https:\/\/supcom.standardof.net\/wp-content\/uploads\/sites\/8\/2020\/11\/FATBOY-MOBILE-FACTORY-Supreme-Commander-UEF-Experimental-Units-512x361.jpg 512w, https:\/\/supcom.standardof.net\/wp-content\/uploads\/sites\/8\/2020\/11\/FATBOY-MOBILE-FACTORY-Supreme-Commander-UEF-Experimental-Units-200x141.jpg 200w, https:\/\/supcom.standardof.net\/wp-content\/uploads\/sites\/8\/2020\/11\/FATBOY-MOBILE-FACTORY-Supreme-Commander-UEF-Experimental-Units-16x12.jpg 16w\" sizes=\"(max-width: 687px) 100vw, 687px\" \/><\/a><figcaption>FATBOY - MOBILN\u00cd TOV\u00c1RNA<\/figcaption><\/figure><\/div>\n\n\n\n<section class=\"wp-block-uagb-columns uagb-columns__wrap uagb-columns__background-undefined uagb-columns__stack-mobile uagb-columns__valign-undefined uagb-columns__gap-10 alignundefined uagb-block-54be2121\"><div class=\"uagb-columns__overlay\"><\/div><div class=\"uagb-columns__inner-wrap uagb-columns__columns-2\">\n<div class=\"wp-block-uagb-column uagb-column__wrap uagb-column__background-undefined uagb-block-ab466834\"><div class=\"uagb-column__overlay\"><\/div><div class=\"uagb-column__inner-wrap\">\n<h3 class=\"wp-block-heading\">Statistiky Fatboy<\/h3>\n\n\n\n<p><strong>Zbroj:<\/strong> 25 000 hp<br>rychlost regenerace: 5<br><strong>\u0160t\u00edt:<\/strong> 25 000 hp<br>velikost: 20 (391 m)<br>obnovovac\u00ed frekvence: 156<br>\u010das zah\u00e1jen\u00ed regenerace: 120<br>doba nab\u00edjen\u00ed: 160)<br>odtok: E -500<br><strong>Schopnosti:<\/strong> Torp\u00e9da, stavba (pozemn\u00ed tov\u00e1rna T2 + in\u017een\u00fdr T3)<br><strong>N\u00e1klady:<\/strong> M56400, E608400 T18000<br>\u00falo\u017ei\u0161t\u011b: M200, E1000<br>rychlost sestaven\u00ed: 60<br><strong>Intel<\/strong><br>pohled: 32 (625m)<br><strong>Fyzika<\/strong><br>maxim\u00e1ln\u00ed rychlost: 1 (19,5 m \/ s)<br>rychlost ot\u00e1\u010den\u00ed: 16<br><strong>Doprava<\/strong><br>t\u0159\u00edda 10<br>t\u0159\u00edda 2 velikost p\u0159\u00edlohy: 2<br>t\u0159\u00edda 3 velikost p\u0159\u00edlohy: 4<br><strong>Veter\u00e1nstv\u00ed:<\/strong> 100, 200, 500, 1000, 2000 zabit\u00ed<br><em>* \u00farove\u0148 veter\u00e1n\u016f 2: +6250 hp<br>* \u00farove\u0148 veter\u00e1n\u016f 4: +6250 hp<br>* \u00farove\u0148 veter\u00e1n\u016f 5: oprava 2 hp \/ s<\/em><\/p>\n<\/div><\/div>\n\n\n\n<div class=\"wp-block-uagb-column uagb-column__wrap uagb-column__background-undefined uagb-block-08ef36c7\"><div class=\"uagb-column__overlay\"><\/div><div class=\"uagb-column__inner-wrap\">\n<h3 class=\"wp-block-heading\">Fatboy Weapons<\/h3>\n\n\n\n<p>4x <strong>Gaussovo d\u011blo<\/strong> (P\u0159\u00edm\u00e1 palba)<br>1500,00 dps,<br>dojezd: 100 (1,95 km)<br>st\u0159eln\u00e1 zbra\u0148: 500 po\u0161kozen\u00ed<br>x 3 st\u0159ely = 1 500 za salvu<br>rychlost st\u0159elby: 1 (ka\u017ed\u00e9 1 s)<br><em>* \u00farove\u0148 veter\u00e1n\u016f 1: +125 po\u0161kozen\u00ed<br>* \u00farove\u0148 veter\u00e1n\u016f 3: +125 po\u0161kozen\u00ed<\/em><\/p>\n\n\n\n<p>2x <strong>Hells Fury Riot Gun<\/strong> (P\u0159\u00edm\u00e1 palba)<br>225,00 dps<br>dosah: 40 (781 m)<br>st\u0159eln\u00e1 zbra\u0148: 75 po\u0161kozen\u00ed<br>rychlost st\u0159elby: 3 (ka\u017ed\u00fdch 0,33 s)<br><em>&nbsp;&nbsp;&nbsp;&nbsp; * \u00farove\u0148 veter\u00e1n\u016f 1: +19 po\u0161kozen\u00ed<br>* \u00farove\u0148 veter\u00e1n\u016f 3: po\u0161kozen\u00ed +19<\/em><\/p>\n\n\n\n<p>2x <strong>Propojen\u00e1 Railgun<\/strong> (Anti Air)<br>18,00 dps,<br>dosah: 44 (859 m)<br>st\u0159eln\u00e1 zbra\u0148: 6 po\u0161kozen\u00ed<br>x 2 st\u0159ely = 12 na salvu<br>rychlost st\u0159elby: 1,5 (ka\u017ed\u00fdch 0,67 s)<br><em>&nbsp;&nbsp;&nbsp;&nbsp; * \u00farove\u0148 veter\u00e1n\u016f 1: +2 po\u0161kozen\u00ed<br>* \u00farove\u0148 veter\u00e1n\u016f 3: +2 po\u0161kozen\u00ed<\/em><\/p>\n\n\n\n<p><strong>Ryb\u00e1\u0159sk\u00e9 torp\u00e9do<\/strong> (Anti Navy)<br>187,50 dps<br>dosah: 32 (625 m)<br>st\u0159eln\u00e1 zbra\u0148: po\u0161kozen\u00ed 750<br>rychlost st\u0159elby: 0,25 (ka\u017ed\u00e9 4 s)<br><em>* \u00farove\u0148 veter\u00e1n\u016f 1: +188 po\u0161kozen\u00ed<br>* \u00farove\u0148 veter\u00e1n\u016f 3: +188 po\u0161kozen\u00ed<\/em><\/p>\n<\/div><\/div>\n<\/div><\/section>\n<\/div><\/div>\n<\/div><\/section>\n\n\n\n<section class=\"wp-block-uagb-columns uagb-columns__wrap uagb-columns__background-undefined uagb-columns__stack-mobile uagb-columns__valign-undefined uagb-columns__gap-10 alignundefined uagb-block-0f7bfde8\"><div class=\"uagb-columns__overlay\"><\/div><div class=\"uagb-columns__inner-wrap uagb-columns__columns-1\">\n<div class=\"wp-block-uagb-column uagb-column__wrap uagb-column__background-undefined uagb-block-cca83957\"><div class=\"uagb-column__overlay\"><\/div><div class=\"uagb-column__inner-wrap\">\n<h2 class=\"wp-block-heading\"><strong>ATLANTIS <\/strong>- Ponorn\u00fd p\u0159epravce letadel<\/h2>\n\n\n\n<p><a href=\"https:\/\/www.standardof.net\/wp-content\/uploads\/2012\/12\/ATLANTIS-SUBMERSIBLE-AIRCRAFT-CARRIER.png\" class=\"rank-math-link\" target=\"_blank\" rel=\"noopener\"><\/a>Atlantis je dopravce, kter\u00fd je stejn\u011b drah\u00fd jako bitevn\u00ed lo\u010f a za spr\u00e1vn\u00fdch okolnost\u00ed stejn\u011b d\u011bsiv\u00fd. Samoz\u0159ejm\u011b m\u00e1 pot\u00ed\u017ee s oto\u010den\u00edm, ale je t\u00e9m\u011b\u0159 nezraniteln\u00fd, kdy\u017e st\u0159\u00edl\u00ed na super v\u00fdkonn\u00e1 torp\u00e9da, a pot\u00e9 se m\u016f\u017ee vyno\u0159it, aby vypustil sv\u00e1 letadla a vyt\u00e1hl sledovac\u00ed rakety AA. Na mo\u0159sk\u00fdch map\u00e1ch je to je\u0161t\u011b hr\u016fzostra\u0161n\u011bj\u0161\u00ed, proto\u017ee to b\u011bhem n\u011bkolika minut nesp\u00e1ja va\u0161i n\u00e1mo\u0159n\u00ed tov\u00e1rnu T3 s budov\u00e1n\u00edm. Ve skute\u010dnosti je to plovouc\u00ed tov\u00e1rna na vzduch T3 s dvojn\u00e1sobn\u00fdm panc\u00ed\u0159em. Tento super-sub v\u00e1m m\u016f\u017ee poskytnout v\u00fdhodu v boji nebo mimo n\u011bj.<\/p>\n\n\n\n<div class=\"wp-block-image\"><figure class=\"aligncenter size-large\"><a href=\"https:\/\/supcom.standardof.net\/cs\/supreme-commander\/uef\/uef-experimentalni-jednotky\/atlantis-submersible-aircraft-carrier-supreme-commander-uef-experimental-units\/\"><img decoding=\"async\" width=\"758\" height=\"554\" src=\"https:\/\/supcom.standardof.net\/wp-content\/uploads\/sites\/8\/2020\/11\/ATLANTIS-SUBMERSIBLE-AIRCRAFT-CARRIER-Supreme-Commander-UEF-Experimental-Units.jpg\" alt=\"Atlantis Submersible Aircraft Carrier, experiment\u00e1ln\u00ed jednotka UEF ve vrchn\u00edm veliteli.\" class=\"wp-image-482\" srcset=\"https:\/\/supcom.standardof.net\/wp-content\/uploads\/sites\/8\/2020\/11\/ATLANTIS-SUBMERSIBLE-AIRCRAFT-CARRIER-Supreme-Commander-UEF-Experimental-Units.jpg 758w, https:\/\/supcom.standardof.net\/wp-content\/uploads\/sites\/8\/2020\/11\/ATLANTIS-SUBMERSIBLE-AIRCRAFT-CARRIER-Supreme-Commander-UEF-Experimental-Units-512x374.jpg 512w, https:\/\/supcom.standardof.net\/wp-content\/uploads\/sites\/8\/2020\/11\/ATLANTIS-SUBMERSIBLE-AIRCRAFT-CARRIER-Supreme-Commander-UEF-Experimental-Units-200x146.jpg 200w, https:\/\/supcom.standardof.net\/wp-content\/uploads\/sites\/8\/2020\/11\/ATLANTIS-SUBMERSIBLE-AIRCRAFT-CARRIER-Supreme-Commander-UEF-Experimental-Units-16x12.jpg 16w\" sizes=\"(max-width: 758px) 100vw, 758px\" \/><\/a><figcaption>ATLANTIS - Ponorn\u00fd p\u0159epravce letadel<\/figcaption><\/figure><\/div>\n\n\n\n<section class=\"wp-block-uagb-columns uagb-columns__wrap uagb-columns__background-undefined uagb-columns__stack-mobile uagb-columns__valign-undefined uagb-columns__gap-10 alignundefined uagb-block-77abd80e\"><div class=\"uagb-columns__overlay\"><\/div><div class=\"uagb-columns__inner-wrap uagb-columns__columns-2\">\n<div class=\"wp-block-uagb-column uagb-column__wrap uagb-column__background-undefined uagb-block-526ffed6\"><div class=\"uagb-column__overlay\"><\/div><div class=\"uagb-column__inner-wrap\">\n<h3 class=\"wp-block-heading\">Statistiky Atlantis<\/h3>\n\n\n\n<p><strong>Zbroj:<\/strong> 40000 hp<br><strong>Schopnosti:<\/strong> Ponorn\u00e9, p\u0159edstavov\u00e1n\u00ed vzduchu, konstrukce, radar<br><strong>N\u00e1klady:<\/strong> M15120, E189000, T22680,<br>rychlost sestaven\u00ed: 40<br><strong>Intel<\/strong><br>pohled: 32 (625m)<br>sonar: 150 (2,93 km)<br>vodn\u00ed pohled: 40 (781 m)<br><strong>Fyzika<\/strong><br>maxim\u00e1ln\u00ed rychlost: 2,975 (58,1 m \/ s)<br>rychlost ot\u00e1\u010den\u00ed: 6<br><strong>Doprava<\/strong><br>t\u0159\u00edda 10<br><strong>Veter\u00e1nstv\u00ed:<\/strong> 100, 200, 500, 1000, 2000 zabit\u00ed<br><em>* \u00farove\u0148 veter\u00e1n\u016f 2: +15000 hp<br>* \u00farove\u0148 veter\u00e1n\u016f 4: +15000 hp<br>* \u00farove\u0148 veter\u00e1n\u016f 5: oprava 3 hp \/ s<\/em><\/p>\n<\/div><\/div>\n\n\n\n<div class=\"wp-block-uagb-column uagb-column__wrap uagb-column__background-undefined uagb-block-12e3eb0b\"><div class=\"uagb-column__overlay\"><\/div><div class=\"uagb-column__inner-wrap\">\n<h3 class=\"wp-block-heading\">Atlantis Weapons<\/h3>\n\n\n\n<p>4x <strong>Ryb\u00e1\u0159sk\u00e9 torp\u00e9do<\/strong> (Anti Navy)<br>307,69 dps,<br>dosah: 42 (820 m)<br>st\u0159eln\u00e1 zbra\u0148: po\u0161kozen\u00ed 800<br>rychlost st\u0159elby: 0,38 (ka\u017ed\u00fdch 2,6 s)<br><em>&nbsp;&nbsp;&nbsp;&nbsp; * \u00farove\u0148 veter\u00e1n\u016f 1: +200 k po\u0161kozen\u00ed<br>* \u00farove\u0148 veter\u00e1n\u016f 3: +200 k po\u0161kozen\u00ed<\/em><\/p>\n\n\n\n<p>4x <strong>Flayer SAM Launcher<\/strong> (Anti Air):<br>33,00 dps, dosah: 60 (1,17 km)<br>st\u0159eln\u00e1 zbra\u0148: 33 po\u0161kozen\u00ed<br>rychlost st\u0159elby: 1 (ka\u017ed\u00e9 1 s)<br><em>&nbsp;&nbsp;&nbsp; * \u00farove\u0148 veter\u00e1n\u016f 1: +8 k po\u0161kozen\u00ed<br>* \u00farove\u0148 veter\u00e1n\u016f 3: +8 k po\u0161kozen\u00ed<\/em><\/p>\n<\/div><\/div>\n<\/div><\/section>\n<\/div><\/div>\n<\/div><\/section>\n\n\n\n<section class=\"wp-block-uagb-columns uagb-columns__wrap uagb-columns__background-undefined uagb-columns__stack-mobile uagb-columns__valign-undefined uagb-columns__gap-10 alignundefined uagb-block-52dc3770\"><div class=\"uagb-columns__overlay\"><\/div><div class=\"uagb-columns__inner-wrap uagb-columns__columns-1\">\n<div class=\"wp-block-uagb-column uagb-column__wrap uagb-column__background-undefined uagb-block-11fc74e3\"><div class=\"uagb-column__overlay\"><\/div><div class=\"uagb-column__inner-wrap\">\n<h2 class=\"wp-block-heading\"><strong>MAVOR <\/strong>- STRATEGICK\u00c9 D\u011blost\u0159electvo<\/h2>\n\n\n\n<p><a href=\"https:\/\/www.standardof.net\/wp-content\/uploads\/2012\/12\/MAVOR-STRATEGIC-ARTILLERY.png\" class=\"rank-math-link\" target=\"_blank\" rel=\"noopener\"><\/a>Mavor je v Nejvy\u0161\u0161\u00edm veliteli nejbl\u00ed\u017ee ke kone\u010dn\u00e9 zbrani. Vyst\u0159el\u00ed p\u0159esn\u011b d\u011blost\u0159electvo, kter\u00e9 rozbije t\u011b\u017ek\u00fd \u0161t\u00edt jednou ranou, nem\u00e1 maxim\u00e1ln\u00ed dosah a vy\u017eaduje jen p\u00e1r gener\u00e1tor\u016f energie, aby d\u00e1l b\u011b\u017eely, na rozd\u00edl od jadern\u00fdch zbran\u00ed, a tak\u00e9 na rozd\u00edl od jadern\u00fdch zbran\u00ed neexistuje zp\u016fsob, jak sest\u0159elit jeho gran\u00e1ty. Nev\u00fdhoda? Je to tak\u00e9 nakonec n\u00e1kladn\u00e9 a tak slab\u00e9, \u017ee mus\u00edte b\u00fdt neust\u00e1le ostra\u017eit\u00ed nad v\u0161\u00edm mo\u017en\u00fdm, od b\u011bh\u016f bombard\u00e9r\u016f T3 a\u017e po maskovan\u00e9 Cybrans.<\/p>\n\n\n\n<figure class=\"wp-block-gallery columns-2 is-cropped wp-block-gallery-1 is-layout-flex wp-block-gallery-is-layout-flex\"><ul class=\"blocks-gallery-grid\"><li class=\"blocks-gallery-item\"><figure><a href=\"https:\/\/supcom.standardof.net\/cs\/supreme-commander\/uef\/uef-experimentalni-jednotky\/mavor-strategic-artillery-supreme-commander-uef-experimental-units\/\"><img decoding=\"async\" width=\"630\" height=\"426\" src=\"https:\/\/supcom.standardof.net\/wp-content\/uploads\/sites\/8\/2020\/11\/MAVOR-STRATEGIC-ARTILLERY-Supreme-Commander-UEF-Experimental-Units.jpg\" alt=\"Mavorsk\u00e9 strategick\u00e9 d\u011blost\u0159electvo, experiment\u00e1ln\u00ed jednotka UEF ve vrchn\u00edm veliteli.\" data-id=\"481\" data-full-url=\"https:\/\/supcom.standardof.net\/wp-content\/uploads\/sites\/8\/2020\/11\/MAVOR-STRATEGIC-ARTILLERY-Supreme-Commander-UEF-Experimental-Units.jpg\" data-link=\"https:\/\/supcom.standardof.net\/supreme-commander\/uef\/uef-experimental-units\/mavor-strategic-artillery-supreme-commander-uef-experimental-units\/\" class=\"wp-image-481\" srcset=\"https:\/\/supcom.standardof.net\/wp-content\/uploads\/sites\/8\/2020\/11\/MAVOR-STRATEGIC-ARTILLERY-Supreme-Commander-UEF-Experimental-Units.jpg 630w, https:\/\/supcom.standardof.net\/wp-content\/uploads\/sites\/8\/2020\/11\/MAVOR-STRATEGIC-ARTILLERY-Supreme-Commander-UEF-Experimental-Units-512x346.jpg 512w, https:\/\/supcom.standardof.net\/wp-content\/uploads\/sites\/8\/2020\/11\/MAVOR-STRATEGIC-ARTILLERY-Supreme-Commander-UEF-Experimental-Units-200x135.jpg 200w, https:\/\/supcom.standardof.net\/wp-content\/uploads\/sites\/8\/2020\/11\/MAVOR-STRATEGIC-ARTILLERY-Supreme-Commander-UEF-Experimental-Units-16x12.jpg 16w\" sizes=\"(max-width: 630px) 100vw, 630px\" \/><\/a><figcaption class=\"blocks-gallery-item__caption\">MAVOR - STRATEGICK\u00c9 D\u011blost\u0159electvo<\/figcaption><\/figure><\/li><li class=\"blocks-gallery-item\"><figure><a href=\"https:\/\/supcom.standardof.net\/cs\/supreme-commander\/uef\/uef-experimentalni-jednotky\/mavor-deployed-supreme-commander-uef-experimental-units\/\"><img decoding=\"async\" width=\"481\" height=\"454\" src=\"https:\/\/supcom.standardof.net\/wp-content\/uploads\/sites\/8\/2020\/11\/Mavor-deployed-Supreme-Commander-UEF-Experimental-Units.jpg\" alt=\"Mavorsk\u00e9 strategick\u00e9 d\u011blost\u0159electvo, ve sv\u00e9m nasazen\u00e9m palebn\u00e9m re\u017eimu, experiment\u00e1ln\u00ed jednotka UEF ve vrchn\u00edm veliteli.\" data-id=\"484\" data-full-url=\"https:\/\/supcom.standardof.net\/wp-content\/uploads\/sites\/8\/2020\/11\/Mavor-deployed-Supreme-Commander-UEF-Experimental-Units.jpg\" data-link=\"https:\/\/supcom.standardof.net\/supreme-commander\/uef\/uef-experimental-units\/mavor-deployed-supreme-commander-uef-experimental-units\/\" class=\"wp-image-484\" srcset=\"https:\/\/supcom.standardof.net\/wp-content\/uploads\/sites\/8\/2020\/11\/Mavor-deployed-Supreme-Commander-UEF-Experimental-Units.jpg 481w, https:\/\/supcom.standardof.net\/wp-content\/uploads\/sites\/8\/2020\/11\/Mavor-deployed-Supreme-Commander-UEF-Experimental-Units-200x189.jpg 200w, https:\/\/supcom.standardof.net\/wp-content\/uploads\/sites\/8\/2020\/11\/Mavor-deployed-Supreme-Commander-UEF-Experimental-Units-13x12.jpg 13w\" sizes=\"(max-width: 481px) 100vw, 481px\" \/><\/a><figcaption class=\"blocks-gallery-item__caption\">MAVOR v jeho nasazen\u00e9m, stacion\u00e1rn\u00edm re\u017eimu.<\/figcaption><\/figure><\/li><\/ul><\/figure>\n\n\n\n<section class=\"wp-block-uagb-columns uagb-columns__wrap uagb-columns__background-undefined uagb-columns__stack-mobile uagb-columns__valign-undefined uagb-columns__gap-10 alignundefined uagb-block-7f61e58d\"><div class=\"uagb-columns__overlay\"><\/div><div class=\"uagb-columns__inner-wrap uagb-columns__columns-2\">\n<div class=\"wp-block-uagb-column uagb-column__wrap uagb-column__background-undefined uagb-block-457365aa\"><div class=\"uagb-column__overlay\"><\/div><div class=\"uagb-column__inner-wrap\">\n<h3 class=\"wp-block-heading\">Statistiky Mavor<\/h3>\n\n\n\n<p><strong>Zbroj:<\/strong> 8000 hp<br><strong>N\u00e1klady:<\/strong> M302400, E9000000, T216000<br><strong>Intel<\/strong><br>pohled: 28 (547 m)<br><strong>Fyzika<\/strong><br>velikost pro sousedstv\u00ed: 16<br><strong>Veter\u00e1nstv\u00ed:<\/strong> 100, 200, 500, 1000, 2000 zabit\u00ed<\/p>\n<\/div><\/div>\n\n\n\n<div class=\"wp-block-uagb-column uagb-column__wrap uagb-column__background-undefined uagb-block-677fbb91\"><div class=\"uagb-column__overlay\"><\/div><div class=\"uagb-column__inner-wrap\">\n<h3 class=\"wp-block-heading\">Mavor zbran\u011b<\/h3>\n\n\n\n<p><strong>Anti Matter Artillery<\/strong> (D\u011blost\u0159electvo)<br>2750,00 dps,<br>plocha: 7 (137m),<br>rozsah: 128 (2,50 km) - 4000 (78,1 km)<br>st\u0159eln\u00e1 zbra\u0148: po\u0161kozen\u00ed 22000<br>n\u00e1hodnost st\u0159elby: 0,18<br>rychlost st\u0159elby: 0,125 (ka\u017ed\u00fdch 8 s)<br>po\u017eadovan\u00e1 energie: 20 000<br>(-5000 na 4 sekundy)<\/p>\n<\/div><\/div>\n<\/div><\/section>\n<\/div><\/div>\n<\/div><\/section>","protected":false},"excerpt":{"rendered":"<p>FATBOY &#8211; MOBILE FACTORY The Fatboy is perhaps the game&#8217;s best experimental unit. &#8220;Mobile Factory&#8221; is not a very good description; rather, it is an &#8220;Amphibious Battleship&#8221; with a modicum of anti-air support, decent sub protection, and shields that let it &#8220;regenerate&#8221; health if the assault against it is a failure, to say nothing of [&hellip;]<\/p>","protected":false},"author":1,"featured_media":0,"parent":231,"menu_order":0,"comment_status":"open","ping_status":"closed","template":"","meta":{"_uag_custom_page_level_css":"","site-sidebar-layout":"default","site-content-layout":"default","ast-site-content-layout":"","site-content-style":"default","site-sidebar-style":"default","ast-global-header-display":"","ast-banner-title-visibility":"","ast-main-header-display":"","ast-hfb-above-header-display":"","ast-hfb-below-header-display":"","ast-hfb-mobile-header-display":"","site-post-title":"","ast-breadcrumbs-content":"","ast-featured-img":"","footer-sml-layout":"","theme-transparent-header-meta":"default","adv-header-id-meta":"","stick-header-meta":"","header-above-stick-meta":"","header-main-stick-meta":"","header-below-stick-meta":"","astra-migrate-meta-layouts":"default","ast-page-background-enabled":"default","ast-page-background-meta":{"desktop":{"background-color":"","background-image":"","background-repeat":"repeat","background-position":"center center","background-size":"auto","background-attachment":"scroll","background-type":"","background-media":"","overlay-type":"","overlay-color":"","overlay-gradient":""},"tablet":{"background-color":"","background-image":"","background-repeat":"repeat","background-position":"center center","background-size":"auto","background-attachment":"scroll","background-type":"","background-media":"","overlay-type":"","overlay-color":"","overlay-gradient":""},"mobile":{"background-color":"","background-image":"","background-repeat":"repeat","background-position":"center center","background-size":"auto","background-attachment":"scroll","background-type":"","background-media":"","overlay-type":"","overlay-color":"","overlay-gradient":""}},"ast-content-background-meta":{"desktop":{"background-color":"var(--ast-global-color-5)","background-image":"","background-repeat":"repeat","background-position":"center center","background-size":"auto","background-attachment":"scroll","background-type":"","background-media":"","overlay-type":"","overlay-color":"","overlay-gradient":""},"tablet":{"background-color":"var(--ast-global-color-5)","background-image":"","background-repeat":"repeat","background-position":"center center","background-size":"auto","background-attachment":"scroll","background-type":"","background-media":"","overlay-type":"","overlay-color":"","overlay-gradient":""},"mobile":{"background-color":"var(--ast-global-color-5)","background-image":"","background-repeat":"repeat","background-position":"center center","background-size":"auto","background-attachment":"scroll","background-type":"","background-media":"","overlay-type":"","overlay-color":"","overlay-gradient":""}},"footnotes":""},"uagb_featured_image_src":{"full":false,"thumbnail":false,"medium":false,"medium_large":false,"large":false,"1536x1536":false,"2048x2048":false,"trp-custom-language-flag":false},"uagb_author_info":{"display_name":"SOE","author_link":"https:\/\/supcom.standardof.net\/cs\/author\/k-tastic\/"},"uagb_comment_info":0,"uagb_excerpt":"FATBOY &#8211; MOBILE FACTORY The Fatboy is perhaps the game&#8217;s best experimental unit. &#8220;Mobile Factory&#8221; is not a very good description; rather, it is an &#8220;Amphibious Battleship&#8221; with a modicum of anti-air support, decent sub protection, and shields that let it &#8220;regenerate&#8221; health if the assault against it is a failure, to say nothing of&hellip;","_links":{"self":[{"href":"https:\/\/supcom.standardof.net\/cs\/wp-json\/wp\/v2\/pages\/479"}],"collection":[{"href":"https:\/\/supcom.standardof.net\/cs\/wp-json\/wp\/v2\/pages"}],"about":[{"href":"https:\/\/supcom.standardof.net\/cs\/wp-json\/wp\/v2\/types\/page"}],"author":[{"embeddable":true,"href":"https:\/\/supcom.standardof.net\/cs\/wp-json\/wp\/v2\/users\/1"}],"replies":[{"embeddable":true,"href":"https:\/\/supcom.standardof.net\/cs\/wp-json\/wp\/v2\/comments?post=479"}],"version-history":[{"count":0,"href":"https:\/\/supcom.standardof.net\/cs\/wp-json\/wp\/v2\/pages\/479\/revisions"}],"up":[{"embeddable":true,"href":"https:\/\/supcom.standardof.net\/cs\/wp-json\/wp\/v2\/pages\/231"}],"wp:attachment":[{"href":"https:\/\/supcom.standardof.net\/cs\/wp-json\/wp\/v2\/media?parent=479"}],"curies":[{"name":"wp","href":"https:\/\/api.w.org\/{rel}","templated":true}]}}