{"id":503,"date":"2020-11-01T18:06:48","date_gmt":"2020-11-01T23:06:48","guid":{"rendered":"https:\/\/supcom.standardof.net\/?page_id=503"},"modified":"2020-11-03T21:40:35","modified_gmt":"2020-11-04T02:40:35","slug":"aeon","status":"publish","type":"page","link":"https:\/\/supcom.standardof.net\/cs\/supreme-commander\/aeon-2\/","title":{"rendered":"AEON"},"content":{"rendered":"<h2 class=\"has-text-align-center wp-block-heading\">AEON UNITS<\/h2>\n\n\n\n<div class=\"wp-block-image\"><figure class=\"aligncenter size-large\"><a href=\"https:\/\/supcom.standardof.net\/cs\/supreme-commander\/aeon-2\/sup-com-aeon-commander-promo\/\"><img decoding=\"async\" width=\"600\" height=\"635\" src=\"https:\/\/supcom.standardof.net\/wp-content\/uploads\/sites\/8\/2020\/11\/Sup-Com-Aeon-Commander-Promo.jpg\" alt=\"\" class=\"wp-image-505\" srcset=\"https:\/\/supcom.standardof.net\/wp-content\/uploads\/sites\/8\/2020\/11\/Sup-Com-Aeon-Commander-Promo.jpg 600w, https:\/\/supcom.standardof.net\/wp-content\/uploads\/sites\/8\/2020\/11\/Sup-Com-Aeon-Commander-Promo-484x512.jpg 484w, https:\/\/supcom.standardof.net\/wp-content\/uploads\/sites\/8\/2020\/11\/Sup-Com-Aeon-Commander-Promo-189x200.jpg 189w, https:\/\/supcom.standardof.net\/wp-content\/uploads\/sites\/8\/2020\/11\/Sup-Com-Aeon-Commander-Promo-11x12.jpg 11w\" sizes=\"(max-width: 600px) 100vw, 600px\" \/><\/a><\/figure><\/div>\n\n\n\n<p>Unik\u00e1tn\u00ed jednotkou Aeonu jsou 3 experimenty a T1 Attack Boat. Jednotky Aeon jsou zam\u011b\u0159eny na jedin\u00fd \u00fa\u010del, \u010dasto pouze s jednou zbran\u00ed. Maj\u00ed tendenci m\u00edt m\u00e9n\u011b zdrav\u00ed, ale kompenzuj\u00ed to man\u00e9vrovatelnost\u00ed. <\/p>\n\n\n\n<p>Aeon m\u00e1 mocn\u00e9 n\u00e1mo\u0159nictvo, zvl\u00e1\u0161t\u011b pokud zahrnete vzn\u00e1\u0161edlo Aurora T1. <\/p>\n\n\n\n<p>In\u017een\u00fd\u0159i spole\u010dnosti Aeon se mohou ob\u011btovat, aby p\u0159idali \u010d\u00e1st sv\u00fdch n\u00e1klad\u016f na stavebn\u00ed projekt, co\u017e m\u016f\u017ee b\u00fdt u\u017eite\u010dn\u00e9, pokud pot\u0159ebujete dokon\u010dit rozhoduj\u00edc\u00ed jednotku nebo se vr\u00e1tit z limitu jednotky. <\/p>\n\n\n\n<p>Jejich obl\u00e9hac\u00ed robot T3 je obzvl\u00e1\u0161t\u011b u\u017eite\u010dn\u00fd, proto\u017ee m\u016f\u017ee opravit sv\u00e9 p\u0159\u00e1tele a p\u0159e\u017e\u00edt spoustu \u0161kod. <\/p>\n\n\n\n<p>Aeon ACU se m\u016f\u017ee st\u00e1t impozantn\u00edm bojovn\u00edkem s upgradem zbran\u00ed a \u0161t\u00edt\u016f nebo ekonomickou elektr\u00e1rnou s upgradem Advanced Resource Allocation. M\u00e1 v\u0161ak m\u00e9n\u011b zdrav\u00ed ne\u017e ACU ostatn\u00edch frakc\u00ed.<\/p>\n\n\n\n<section class=\"wp-block-uagb-columns uagb-columns__wrap uagb-columns__background-undefined uagb-columns__stack-mobile uagb-columns__valign-undefined uagb-columns__gap-10 alignundefined uagb-block-992c4446\"><div class=\"uagb-columns__overlay\"><\/div><div class=\"uagb-columns__inner-wrap uagb-columns__columns-1\">\n<div class=\"wp-block-uagb-column uagb-column__wrap uagb-column__background-undefined uagb-block-58a6a7d3\"><div class=\"uagb-column__overlay\"><\/div><div class=\"uagb-column__inner-wrap\">\n<h3 class=\"wp-block-heading\">Aeon velitel\u00e9<\/h3>\n\n\n\n<ul><li><a href=\"https:\/\/supcom.standardof.net\/cs\/supreme-commander\/aeon-2\/velitel-aeon-2\/\" class=\"rank-math-link\">Velitel (ACU)<\/a><\/li><li><a href=\"https:\/\/supcom.standardof.net\/cs\/supreme-commander\/aeon-2\/aeon-subcommander-2\/\" class=\"rank-math-link\">D\u00edl\u010d\u00ed velitel (SCU)<\/a><\/li><\/ul>\n<\/div><\/div>\n<\/div><\/section>\n\n\n\n<section class=\"wp-block-uagb-columns uagb-columns__wrap uagb-columns__background-undefined uagb-columns__stack-mobile uagb-columns__valign-undefined uagb-columns__gap-10 alignundefined uagb-block-e67cf774\"><div class=\"uagb-columns__overlay\"><\/div><div class=\"uagb-columns__inner-wrap uagb-columns__columns-3\">\n<div class=\"wp-block-uagb-column uagb-column__wrap uagb-column__background-undefined uagb-block-0fef7ff6\"><div class=\"uagb-column__overlay\"><\/div><div class=\"uagb-column__inner-wrap\">\n<h3 class=\"wp-block-heading\" id=\"Land-Units\">Pozemkov\u00e9 jednotky<\/h3>\n\n\n\n<ul><li><a href=\"https:\/\/supcom.standardof.net\/cs\/supreme-commander\/aeon-2\/tech-1-aeon-pozemni-jednotky\/\" class=\"rank-math-link\">Zem\u011b 1. \u00farovn\u011b<\/a><\/li><li><a href=\"https:\/\/supcom.standardof.net\/cs\/supreme-commander\/aeon-2\/tech-2-aeon-pozemni-jednotky\/\" class=\"rank-math-link\">Zem\u011b 2. \u00farovn\u011b<\/a><\/li><li><a href=\"https:\/\/supcom.standardof.net\/cs\/supreme-commander\/aeon-2\/tech-3-aeon-pozemni-jednotky\/\" class=\"rank-math-link\">Zem\u011b 3. \u00farovn\u011b<\/a><\/li><\/ul>\n<\/div><\/div>\n\n\n\n<div class=\"wp-block-uagb-column uagb-column__wrap uagb-column__background-undefined uagb-block-4581dca4\"><div class=\"uagb-column__overlay\"><\/div><div class=\"uagb-column__inner-wrap\">\n<h3 class=\"wp-block-heading\" id=\"Air-Units\">Vzduchov\u00e9 jednotky<\/h3>\n\n\n\n<ul><li><a href=\"https:\/\/supcom.standardof.net\/cs\/supreme-commander\/aeon-2\/tech-1-aeon-air-jednotky\/\" class=\"rank-math-link\">\u00darove\u0148 1 Air<\/a><\/li><li><a href=\"https:\/\/supcom.standardof.net\/cs\/supreme-commander\/aeon-2\/tech-2-aeon-air-jednotky\/\" class=\"rank-math-link\">\u00darove\u0148 2 Air<\/a><\/li><li><a href=\"https:\/\/supcom.standardof.net\/cs\/supreme-commander\/aeon-2\/tech-3-aeon-air-jednotky\/\" class=\"rank-math-link\">\u00darove\u0148 3 Air<\/a><\/li><\/ul>\n<\/div><\/div>\n\n\n\n<div class=\"wp-block-uagb-column uagb-column__wrap uagb-column__background-undefined uagb-block-d2cba97a\"><div class=\"uagb-column__overlay\"><\/div><div class=\"uagb-column__inner-wrap\">\n<h3 class=\"wp-block-heading\" id=\"Naval-Units\">N\u00e1mo\u0159n\u00ed jednotky<\/h3>\n\n\n\n<ul><li><a href=\"https:\/\/supcom.standardof.net\/cs\/supreme-commander\/aeon-2\/tech-1-aeon-namorni-jednotky\/\" class=\"rank-math-link\">\u00darove\u0148 1 n\u00e1mo\u0159n\u00ed<\/a><\/li><li><a href=\"https:\/\/supcom.standardof.net\/cs\/supreme-commander\/aeon-2\/tech-2-aeon-namorni-jednotky\/\" class=\"rank-math-link\">\u00darove\u0148 2 n\u00e1mo\u0159n\u00ed<\/a><\/li><li><a href=\"https:\/\/supcom.standardof.net\/cs\/supreme-commander\/aeon-2\/tech-3-aeon-namorni-jednotky\/\" class=\"rank-math-link\">\u00darove\u0148 3 n\u00e1mo\u0159n\u00ed<\/a><\/li><\/ul>\n<\/div><\/div>\n<\/div><\/section>\n\n\n\n<section class=\"wp-block-uagb-columns uagb-columns__wrap uagb-columns__background-undefined uagb-columns__stack-mobile uagb-columns__valign-undefined uagb-columns__gap-10 alignundefined uagb-block-9a9cb927\"><div class=\"uagb-columns__overlay\"><\/div><div class=\"uagb-columns__inner-wrap uagb-columns__columns-2\">\n<div class=\"wp-block-uagb-column uagb-column__wrap uagb-column__background-undefined uagb-block-4ac07b24\"><div class=\"uagb-column__overlay\"><\/div><div class=\"uagb-column__inner-wrap\">\n<h3 class=\"wp-block-heading\" id=\"Defenses\">Obrana<\/h3>\n\n\n\n<ul><li><a href=\"https:\/\/supcom.standardof.net\/cs\/supreme-commander\/aeon-2\/obrana-tech-1-aeon\/\" class=\"rank-math-link\">Obrany 1. \u00farovn\u011b<\/a><\/li><li><a href=\"https:\/\/supcom.standardof.net\/cs\/supreme-commander\/aeon-2\/tech-2-aeon-obrany\/\" class=\"rank-math-link\">Obrany 2. \u00farovn\u011b<\/a><\/li><li><a href=\"https:\/\/supcom.standardof.net\/cs\/supreme-commander\/aeon-2\/tech-3-aeon-obrany\/\" class=\"rank-math-link\">Obrany 3. \u00farovn\u011b<\/a><\/li><\/ul>\n<\/div><\/div>\n\n\n\n<div class=\"wp-block-uagb-column uagb-column__wrap uagb-column__background-undefined uagb-block-5c128fb3\"><div class=\"uagb-column__overlay\"><\/div><div class=\"uagb-column__inner-wrap\">\n<h3 class=\"wp-block-heading\" id=\"Economy\">Ekonomika<\/h3>\n\n\n\n<ul><li><a href=\"https:\/\/supcom.standardof.net\/cs\/supreme-commander\/aeon-2\/tech-1-aeon-ekonomika-budovy-2\/\" class=\"rank-math-link\">Ekonomika \u00farovn\u011b 1<\/a><\/li><li><a href=\"https:\/\/supcom.standardof.net\/cs\/supreme-commander\/aeon-2\/tech-2-aeon-ekonomika-budovy-2\/\" class=\"rank-math-link\">\u00darove\u0148 ekonomiky 2<\/a><\/li><li><a href=\"https:\/\/supcom.standardof.net\/cs\/supreme-commander\/aeon-2\/tech-3-aeon-ekonomika-budovy-2\/\" class=\"rank-math-link\">Ekonomika 3. \u00farovn\u011b<\/a><\/li><\/ul>\n<\/div><\/div>\n<\/div><\/section>\n\n\n\n<section class=\"wp-block-uagb-columns uagb-columns__wrap uagb-columns__background-undefined uagb-columns__stack-mobile uagb-columns__valign-undefined uagb-columns__gap-10 alignundefined uagb-block-b41b05e2\"><div class=\"uagb-columns__overlay\"><\/div><div class=\"uagb-columns__inner-wrap uagb-columns__columns-1\">\n<div class=\"wp-block-uagb-column uagb-column__wrap uagb-column__background-undefined uagb-block-e7776ae9\"><div class=\"uagb-column__overlay\"><\/div><div class=\"uagb-column__inner-wrap\">\n<h3 class=\"wp-block-heading\"><a href=\"https:\/\/supcom.standardof.net\/cs\/supreme-commander\/aeon-2\/aeon-experimentalni-jednotky-2\/\" class=\"rank-math-link\">Experiment\u00e1ln\u00ed jednotky<\/a><\/h3>\n<\/div><\/div>\n<\/div><\/section>","protected":false},"excerpt":{"rendered":"<p>AEON UNITS The Aeon&#8217;s unique units are the 3 experimentals and the T1 Attack Boat. Aeon units are all focused towards a single purpose, often with only one gun. They tend to have less health, but make up for it in maneuverability. The Aeon has a powerful navy, especially if you include the Aurora T1 [&hellip;]<\/p>","protected":false},"author":1,"featured_media":0,"parent":14,"menu_order":0,"comment_status":"open","ping_status":"closed","template":"","meta":{"_uag_custom_page_level_css":"","site-sidebar-layout":"default","site-content-layout":"default","ast-site-content-layout":"","site-content-style":"default","site-sidebar-style":"default","ast-global-header-display":"","ast-banner-title-visibility":"","ast-main-header-display":"","ast-hfb-above-header-display":"","ast-hfb-below-header-display":"","ast-hfb-mobile-header-display":"","site-post-title":"","ast-breadcrumbs-content":"","ast-featured-img":"","footer-sml-layout":"","theme-transparent-header-meta":"default","adv-header-id-meta":"","stick-header-meta":"","header-above-stick-meta":"","header-main-stick-meta":"","header-below-stick-meta":"","astra-migrate-meta-layouts":"default","ast-page-background-enabled":"default","ast-page-background-meta":{"desktop":{"background-color":"","background-image":"","background-repeat":"repeat","background-position":"center center","background-size":"auto","background-attachment":"scroll","background-type":"","background-media":"","overlay-type":"","overlay-color":"","overlay-gradient":""},"tablet":{"background-color":"","background-image":"","background-repeat":"repeat","background-position":"center center","background-size":"auto","background-attachment":"scroll","background-type":"","background-media":"","overlay-type":"","overlay-color":"","overlay-gradient":""},"mobile":{"background-color":"","background-image":"","background-repeat":"repeat","background-position":"center center","background-size":"auto","background-attachment":"scroll","background-type":"","background-media":"","overlay-type":"","overlay-color":"","overlay-gradient":""}},"ast-content-background-meta":{"desktop":{"background-color":"var(--ast-global-color-5)","background-image":"","background-repeat":"repeat","background-position":"center center","background-size":"auto","background-attachment":"scroll","background-type":"","background-media":"","overlay-type":"","overlay-color":"","overlay-gradient":""},"tablet":{"background-color":"var(--ast-global-color-5)","background-image":"","background-repeat":"repeat","background-position":"center center","background-size":"auto","background-attachment":"scroll","background-type":"","background-media":"","overlay-type":"","overlay-color":"","overlay-gradient":""},"mobile":{"background-color":"var(--ast-global-color-5)","background-image":"","background-repeat":"repeat","background-position":"center center","background-size":"auto","background-attachment":"scroll","background-type":"","background-media":"","overlay-type":"","overlay-color":"","overlay-gradient":""}},"footnotes":""},"uagb_featured_image_src":{"full":false,"thumbnail":false,"medium":false,"medium_large":false,"large":false,"1536x1536":false,"2048x2048":false,"trp-custom-language-flag":false},"uagb_author_info":{"display_name":"SOE","author_link":"https:\/\/supcom.standardof.net\/cs\/author\/k-tastic\/"},"uagb_comment_info":0,"uagb_excerpt":"AEON UNITS The Aeon&#8217;s unique units are the 3 experimentals and the T1 Attack Boat. Aeon units are all focused towards a single purpose, often with only one gun. They tend to have less health, but make up for it in maneuverability. The Aeon has a powerful navy, especially if you include the Aurora T1&hellip;","_links":{"self":[{"href":"https:\/\/supcom.standardof.net\/cs\/wp-json\/wp\/v2\/pages\/503"}],"collection":[{"href":"https:\/\/supcom.standardof.net\/cs\/wp-json\/wp\/v2\/pages"}],"about":[{"href":"https:\/\/supcom.standardof.net\/cs\/wp-json\/wp\/v2\/types\/page"}],"author":[{"embeddable":true,"href":"https:\/\/supcom.standardof.net\/cs\/wp-json\/wp\/v2\/users\/1"}],"replies":[{"embeddable":true,"href":"https:\/\/supcom.standardof.net\/cs\/wp-json\/wp\/v2\/comments?post=503"}],"version-history":[{"count":0,"href":"https:\/\/supcom.standardof.net\/cs\/wp-json\/wp\/v2\/pages\/503\/revisions"}],"up":[{"embeddable":true,"href":"https:\/\/supcom.standardof.net\/cs\/wp-json\/wp\/v2\/pages\/14"}],"wp:attachment":[{"href":"https:\/\/supcom.standardof.net\/cs\/wp-json\/wp\/v2\/media?parent=503"}],"curies":[{"name":"wp","href":"https:\/\/api.w.org\/{rel}","templated":true}]}}