{"id":538,"date":"2020-11-01T19:02:30","date_gmt":"2020-11-02T00:02:30","guid":{"rendered":"https:\/\/supcom.standardof.net\/?page_id=538"},"modified":"2020-11-03T00:12:07","modified_gmt":"2020-11-03T05:12:07","slug":"cybran","status":"publish","type":"page","link":"https:\/\/supcom.standardof.net\/cs\/supreme-commander\/cybran-2\/","title":{"rendered":"CYBRAN"},"content":{"rendered":"<h2 class=\"has-text-align-center wp-block-heading\">CYBR\u00c1NOV\u00c9 JEDNOTKY<\/h2>\n\n\n\n<div class=\"wp-block-image\"><figure class=\"aligncenter size-large\"><a href=\"https:\/\/supcom.standardof.net\/cs\/supreme-commander\/cybran-2\/sup-com-cybran-commander-promo\/\"><img decoding=\"async\" width=\"600\" height=\"637\" src=\"https:\/\/supcom.standardof.net\/wp-content\/uploads\/sites\/8\/2020\/11\/Sup-Com-Cybran-Commander-Promo.jpg\" alt=\"\" class=\"wp-image-541\" srcset=\"https:\/\/supcom.standardof.net\/wp-content\/uploads\/sites\/8\/2020\/11\/Sup-Com-Cybran-Commander-Promo.jpg 600w, https:\/\/supcom.standardof.net\/wp-content\/uploads\/sites\/8\/2020\/11\/Sup-Com-Cybran-Commander-Promo-482x512.jpg 482w, https:\/\/supcom.standardof.net\/wp-content\/uploads\/sites\/8\/2020\/11\/Sup-Com-Cybran-Commander-Promo-188x200.jpg 188w, https:\/\/supcom.standardof.net\/wp-content\/uploads\/sites\/8\/2020\/11\/Sup-Com-Cybran-Commander-Promo-11x12.jpg 11w\" sizes=\"(max-width: 600px) 100vw, 600px\" \/><\/a><\/figure><\/div>\n\n\n\n<p>Unik\u00e1tn\u00ed jednotkou Cybran jsou 3 experimenty a ru\u0161i\u010dka mobiln\u00edho radaru T2. Mnoho jednotek Cybran m\u00e1 tak\u00e9 v\u00fdrazn\u00e9 rozd\u00edly od sv\u00fdch prot\u011bj\u0161k\u016f UEF a Aeon - kr\u00e1\u010dej\u00edc\u00ed torp\u00e9doborce, maskov\u00e1n\u00ed pozemn\u00edch skaut\u016f, vylep\u0161iteln\u00e9 \u0161t\u00edty, ponorky s palubn\u00edmi d\u011bly, vlastn\u011b oboj\u017eiveln\u00e9 tanky a robot Mantis. Jednotky Cybran maj\u00ed tendenci d\u011blat zvl\u00e1\u0161tn\u00ed \u201eextra\u201c v\u011bci a tak\u00e9 sv\u016fj prim\u00e1rn\u00ed \u00fa\u010del. Cybrans nem\u00e1 mobiln\u00ed gener\u00e1tor \u0161t\u00edtu ani gener\u00e1tor t\u011b\u017ek\u00e9ho \u0161t\u00edtu; jejich \u0161t\u00edty mus\u00ed b\u00fdt ru\u010dn\u011b vylep\u0161eny, aby dos\u00e1hly maxim\u00e1ln\u00edho pokryt\u00ed, a jsou st\u00e1le mnohem slab\u0161\u00ed ne\u017e t\u011b\u017ek\u00e9 \u0161t\u00edty ostatn\u00edch frakc\u00ed. Cybran ACU lze upgradovat bu\u010f na velmi riskantn\u00ed \u00fato\u010dnou s\u00edlu, nebo na prakticky neviditeln\u00e9 eso v jamce.<\/p>\n\n\n\n<section class=\"wp-block-uagb-columns uagb-columns__wrap uagb-columns__background-undefined uagb-columns__stack-mobile uagb-columns__valign-undefined uagb-columns__gap-10 alignundefined uagb-block-7847c660\"><div class=\"uagb-columns__overlay\"><\/div><div class=\"uagb-columns__inner-wrap uagb-columns__columns-1\">\n<div class=\"wp-block-uagb-column uagb-column__wrap uagb-column__background-undefined uagb-block-13352c1e\"><div class=\"uagb-column__overlay\"><\/div><div class=\"uagb-column__inner-wrap\">\n<h3 class=\"wp-block-heading\">Cybran velitel\u00e9<\/h3>\n\n\n\n<ul><li><a href=\"https:\/\/supcom.standardof.net\/cs\/supreme-commander\/cybran-2\/velitel-cybranu\/\" class=\"rank-math-link\">Velitel (ACU)<\/a><\/li><li><a href=\"https:\/\/supcom.standardof.net\/cs\/supreme-commander\/cybran-2\/cybran-subcommander\/\" class=\"rank-math-link\">D\u00edl\u010d\u00ed velitel (SCU)<\/a><\/li><\/ul>\n<\/div><\/div>\n<\/div><\/section>\n\n\n\n<section class=\"wp-block-uagb-columns uagb-columns__wrap uagb-columns__background-undefined uagb-columns__stack-mobile uagb-columns__valign-undefined uagb-columns__gap-10 alignundefined uagb-block-aa685df0\"><div class=\"uagb-columns__overlay\"><\/div><div class=\"uagb-columns__inner-wrap uagb-columns__columns-3\">\n<div class=\"wp-block-uagb-column uagb-column__wrap uagb-column__background-undefined uagb-block-3f6f3761\"><div class=\"uagb-column__overlay\"><\/div><div class=\"uagb-column__inner-wrap\">\n<h3 class=\"wp-block-heading\" id=\"Land-Units\">Pozemkov\u00e9 jednotky<\/h3>\n\n\n\n<ul><li><a href=\"https:\/\/supcom.standardof.net\/cs\/supreme-commander\/cybran-2\/cybran-tech-1-land-units\/\" class=\"rank-math-link\">Zem\u011b 1. \u00farovn\u011b<\/a><\/li><li><a href=\"https:\/\/supcom.standardof.net\/cs\/supreme-commander\/cybran-2\/cybran-tech-2-land-units\/\" class=\"rank-math-link\">Zem\u011b 2. \u00farovn\u011b<\/a><\/li><li><a href=\"https:\/\/supcom.standardof.net\/cs\/supreme-commander\/cybran-2\/cybran-tech-3-land-units\/\" class=\"rank-math-link\">Zem\u011b 3. \u00farovn\u011b<\/a><\/li><\/ul>\n<\/div><\/div>\n\n\n\n<div class=\"wp-block-uagb-column uagb-column__wrap uagb-column__background-undefined uagb-block-690fadf3\"><div class=\"uagb-column__overlay\"><\/div><div class=\"uagb-column__inner-wrap\">\n<h3 class=\"wp-block-heading\" id=\"Air-Units\">Vzduchov\u00e9 jednotky<\/h3>\n\n\n\n<ul><li><a href=\"https:\/\/supcom.standardof.net\/cs\/supreme-commander\/cybran-2\/cybran-tech-1-air-units\/\" class=\"rank-math-link\">\u00darove\u0148 1 Air<\/a><\/li><li><a href=\"https:\/\/supcom.standardof.net\/cs\/supreme-commander\/cybran-2\/cybran-tech-2-air-units\/\" class=\"rank-math-link\">\u00darove\u0148 2 Air<\/a><\/li><li><a href=\"https:\/\/supcom.standardof.net\/cs\/supreme-commander\/cybran-2\/cybran-tech-3-air-units\/\" class=\"rank-math-link\">\u00darove\u0148 3 Air<\/a><\/li><\/ul>\n<\/div><\/div>\n\n\n\n<div class=\"wp-block-uagb-column uagb-column__wrap uagb-column__background-undefined uagb-block-5d438d60\"><div class=\"uagb-column__overlay\"><\/div><div class=\"uagb-column__inner-wrap\">\n<h3 class=\"wp-block-heading\" id=\"Naval-Units\">N\u00e1mo\u0159n\u00ed jednotky<\/h3>\n\n\n\n<ul><li><a href=\"https:\/\/supcom.standardof.net\/cs\/supreme-commander\/cybran-2\/cybran-tech-1-naval-units\/\" class=\"rank-math-link\">\u00darove\u0148 1 n\u00e1mo\u0159n\u00ed<\/a><\/li><li><a href=\"https:\/\/supcom.standardof.net\/cs\/supreme-commander\/cybran-2\/cybran-tech-2-naval-units\/\" class=\"rank-math-link\">\u00darove\u0148 2 n\u00e1mo\u0159n\u00ed<\/a><\/li><li><a href=\"https:\/\/supcom.standardof.net\/cs\/supreme-commander\/cybran-2\/cybran-tech-3-naval-units\/\" class=\"rank-math-link\">\u00darove\u0148 3 n\u00e1mo\u0159n\u00ed<\/a><\/li><\/ul>\n<\/div><\/div>\n<\/div><\/section>\n\n\n\n<section class=\"wp-block-uagb-columns uagb-columns__wrap uagb-columns__background-undefined uagb-columns__stack-mobile uagb-columns__valign-undefined uagb-columns__gap-10 alignundefined uagb-block-fde9a700\"><div class=\"uagb-columns__overlay\"><\/div><div class=\"uagb-columns__inner-wrap uagb-columns__columns-2\">\n<div class=\"wp-block-uagb-column uagb-column__wrap uagb-column__background-undefined uagb-block-415beb25\"><div class=\"uagb-column__overlay\"><\/div><div class=\"uagb-column__inner-wrap\">\n<h3 class=\"wp-block-heading\" id=\"Defenses\">Obrana<\/h3>\n\n\n\n<ul><li><a href=\"https:\/\/supcom.standardof.net\/cs\/supreme-commander\/cybran-2\/cybran-tech-1-defences\/\" class=\"rank-math-link\">Obrany 1. \u00farovn\u011b<\/a><\/li><li><a href=\"https:\/\/supcom.standardof.net\/cs\/supreme-commander\/cybran-2\/cybran-tech-2-defences-2\/\" class=\"rank-math-link\">Obrany 2. \u00farovn\u011b<\/a><\/li><li><a href=\"https:\/\/supcom.standardof.net\/cs\/supreme-commander\/cybran-2\/cybran-tech-3-defences-2\/\" class=\"rank-math-link\">Obrany 3. \u00farovn\u011b<\/a><\/li><\/ul>\n<\/div><\/div>\n\n\n\n<div class=\"wp-block-uagb-column uagb-column__wrap uagb-column__background-undefined uagb-block-c2c7f2da\"><div class=\"uagb-column__overlay\"><\/div><div class=\"uagb-column__inner-wrap\">\n<h3 class=\"wp-block-heading\" id=\"Economy\">Ekonomika<\/h3>\n\n\n\n<ul><li><a href=\"https:\/\/supcom.standardof.net\/cs\/supreme-commander\/cybran-2\/cybran-tech-1-ekonomika-2\/\" class=\"rank-math-link\">Ekonomika \u00farovn\u011b 1<\/a><\/li><li><a href=\"https:\/\/supcom.standardof.net\/cs\/supreme-commander\/cybran-2\/cybran-tech-2-economy-2\/\" class=\"rank-math-link\">\u00darove\u0148 ekonomiky 2<\/a><\/li><li><a href=\"https:\/\/supcom.standardof.net\/cs\/supreme-commander\/cybran-2\/cybran-tech-3-economy-2\/\" class=\"rank-math-link\">Ekonomika 3. \u00farovn\u011b<\/a><\/li><\/ul>\n\n\n\n<p><\/p>\n<\/div><\/div>\n<\/div><\/section>\n\n\n\n<section class=\"wp-block-uagb-columns uagb-columns__wrap uagb-columns__background-undefined uagb-columns__stack-mobile uagb-columns__valign-undefined uagb-columns__gap-10 alignundefined uagb-block-c39f3e34\"><div class=\"uagb-columns__overlay\"><\/div><div class=\"uagb-columns__inner-wrap uagb-columns__columns-1\">\n<div class=\"wp-block-uagb-column uagb-column__wrap uagb-column__background-undefined uagb-block-6200630e\"><div class=\"uagb-column__overlay\"><\/div><div class=\"uagb-column__inner-wrap\">\n<h3 class=\"wp-block-heading\"><a href=\"https:\/\/supcom.standardof.net\/cs\/supreme-commander\/cybran-2\/cybran-experimentalni-jednotky\/\" class=\"rank-math-link\">Experiment\u00e1ln\u00ed jednotky<\/a><\/h3>\n<\/div><\/div>\n<\/div><\/section>","protected":false},"excerpt":{"rendered":"<p>CYBRAN UNITS The Cybran unique units are the 3 experimentals and the T2 mobile radar jammer. Many Cybran units also have significant differences from their UEF and Aeon counterparts &#8211; walking destroyers, cloaking land scouts, upgradeable shields, subs with deck guns, actually amphibious tanks, and the Mantis bot. Cybran units tend to do odd &#8220;extra&#8221; [&hellip;]<\/p>","protected":false},"author":1,"featured_media":0,"parent":14,"menu_order":0,"comment_status":"open","ping_status":"closed","template":"","meta":{"_uag_custom_page_level_css":"","site-sidebar-layout":"default","site-content-layout":"default","ast-site-content-layout":"","site-content-style":"default","site-sidebar-style":"default","ast-global-header-display":"","ast-banner-title-visibility":"","ast-main-header-display":"","ast-hfb-above-header-display":"","ast-hfb-below-header-display":"","ast-hfb-mobile-header-display":"","site-post-title":"","ast-breadcrumbs-content":"","ast-featured-img":"","footer-sml-layout":"","theme-transparent-header-meta":"default","adv-header-id-meta":"","stick-header-meta":"","header-above-stick-meta":"","header-main-stick-meta":"","header-below-stick-meta":"","astra-migrate-meta-layouts":"default","ast-page-background-enabled":"default","ast-page-background-meta":{"desktop":{"background-color":"","background-image":"","background-repeat":"repeat","background-position":"center center","background-size":"auto","background-attachment":"scroll","background-type":"","background-media":"","overlay-type":"","overlay-color":"","overlay-gradient":""},"tablet":{"background-color":"","background-image":"","background-repeat":"repeat","background-position":"center center","background-size":"auto","background-attachment":"scroll","background-type":"","background-media":"","overlay-type":"","overlay-color":"","overlay-gradient":""},"mobile":{"background-color":"","background-image":"","background-repeat":"repeat","background-position":"center center","background-size":"auto","background-attachment":"scroll","background-type":"","background-media":"","overlay-type":"","overlay-color":"","overlay-gradient":""}},"ast-content-background-meta":{"desktop":{"background-color":"var(--ast-global-color-5)","background-image":"","background-repeat":"repeat","background-position":"center center","background-size":"auto","background-attachment":"scroll","background-type":"","background-media":"","overlay-type":"","overlay-color":"","overlay-gradient":""},"tablet":{"background-color":"var(--ast-global-color-5)","background-image":"","background-repeat":"repeat","background-position":"center center","background-size":"auto","background-attachment":"scroll","background-type":"","background-media":"","overlay-type":"","overlay-color":"","overlay-gradient":""},"mobile":{"background-color":"var(--ast-global-color-5)","background-image":"","background-repeat":"repeat","background-position":"center center","background-size":"auto","background-attachment":"scroll","background-type":"","background-media":"","overlay-type":"","overlay-color":"","overlay-gradient":""}},"footnotes":""},"uagb_featured_image_src":{"full":false,"thumbnail":false,"medium":false,"medium_large":false,"large":false,"1536x1536":false,"2048x2048":false,"trp-custom-language-flag":false},"uagb_author_info":{"display_name":"SOE","author_link":"https:\/\/supcom.standardof.net\/cs\/author\/k-tastic\/"},"uagb_comment_info":0,"uagb_excerpt":"CYBRAN UNITS The Cybran unique units are the 3 experimentals and the T2 mobile radar jammer. Many Cybran units also have significant differences from their UEF and Aeon counterparts &#8211; walking destroyers, cloaking land scouts, upgradeable shields, subs with deck guns, actually amphibious tanks, and the Mantis bot. Cybran units tend to do odd &#8220;extra&#8221;&hellip;","_links":{"self":[{"href":"https:\/\/supcom.standardof.net\/cs\/wp-json\/wp\/v2\/pages\/538"}],"collection":[{"href":"https:\/\/supcom.standardof.net\/cs\/wp-json\/wp\/v2\/pages"}],"about":[{"href":"https:\/\/supcom.standardof.net\/cs\/wp-json\/wp\/v2\/types\/page"}],"author":[{"embeddable":true,"href":"https:\/\/supcom.standardof.net\/cs\/wp-json\/wp\/v2\/users\/1"}],"replies":[{"embeddable":true,"href":"https:\/\/supcom.standardof.net\/cs\/wp-json\/wp\/v2\/comments?post=538"}],"version-history":[{"count":0,"href":"https:\/\/supcom.standardof.net\/cs\/wp-json\/wp\/v2\/pages\/538\/revisions"}],"up":[{"embeddable":true,"href":"https:\/\/supcom.standardof.net\/cs\/wp-json\/wp\/v2\/pages\/14"}],"wp:attachment":[{"href":"https:\/\/supcom.standardof.net\/cs\/wp-json\/wp\/v2\/media?parent=538"}],"curies":[{"name":"wp","href":"https:\/\/api.w.org\/{rel}","templated":true}]}}