{"id":549,"date":"2020-11-01T19:32:26","date_gmt":"2020-11-02T00:32:26","guid":{"rendered":"https:\/\/supcom.standardof.net\/?page_id=549"},"modified":"2020-11-04T12:06:00","modified_gmt":"2020-11-04T17:06:00","slug":"cybran-commander","status":"publish","type":"page","link":"https:\/\/supcom.standardof.net\/cs\/supreme-commander\/cybran-2\/velitel-cybranu\/","title":{"rendered":"Cybran velitel"},"content":{"rendered":"<section class=\"wp-block-uagb-columns uagb-columns__wrap uagb-columns__background-undefined uagb-columns__stack-mobile uagb-columns__valign-undefined uagb-columns__gap-10 alignundefined uagb-block-248e45dc\"><div class=\"uagb-columns__overlay\"><\/div><div class=\"uagb-columns__inner-wrap uagb-columns__columns-1\">\n<div class=\"wp-block-uagb-column uagb-column__wrap uagb-column__background-undefined uagb-block-67cc22c3\"><div class=\"uagb-column__overlay\"><\/div><div class=\"uagb-column__inner-wrap\">\n<h2 class=\"wp-block-heading\"><strong>OBRANN\u00c1 P\u0158\u00cdKAZOV\u00c1 JEDNOTKA<\/strong> - CYBRAN ACU<\/h2>\n\n\n\n<p>V\u00e1\u0161 velitel vypad\u00e1 zastra\u0161uj\u00edc\u00ed, ale je to jen proto, \u017ee je tak v\u0161estrann\u00fd. Nezapome\u0148te, \u017ee pokud m\u00e1te pot\u00ed\u017ee, m\u016f\u017eete p\u0159ebit\u00ed stisknout O.<\/p>\n\n\n\n<div class=\"wp-block-image\"><figure class=\"aligncenter size-large\"><a href=\"https:\/\/supcom.standardof.net\/cs\/supreme-commander\/cybran-2\/velitel-cybranu\/supreme-commander-armored-command-unit-cybran-acu\/\"><img decoding=\"async\" width=\"800\" height=\"553\" src=\"https:\/\/supcom.standardof.net\/wp-content\/uploads\/sites\/8\/2020\/11\/Supreme-Commander-ARMORED-COMMAND-UNIT-\u2013-CYBRAN-ACU-800x553.jpg\" alt=\"Obrn\u011bn\u00e1 velitelsk\u00e1 jednotka Cybran ve vrchn\u00edm veliteli.\" class=\"wp-image-890\" srcset=\"https:\/\/supcom.standardof.net\/wp-content\/uploads\/sites\/8\/2020\/11\/Supreme-Commander-ARMORED-COMMAND-UNIT-\u2013-CYBRAN-ACU-800x553.jpg 800w, https:\/\/supcom.standardof.net\/wp-content\/uploads\/sites\/8\/2020\/11\/Supreme-Commander-ARMORED-COMMAND-UNIT-\u2013-CYBRAN-ACU-512x354.jpg 512w, https:\/\/supcom.standardof.net\/wp-content\/uploads\/sites\/8\/2020\/11\/Supreme-Commander-ARMORED-COMMAND-UNIT-\u2013-CYBRAN-ACU-200x138.jpg 200w, https:\/\/supcom.standardof.net\/wp-content\/uploads\/sites\/8\/2020\/11\/Supreme-Commander-ARMORED-COMMAND-UNIT-\u2013-CYBRAN-ACU-768x531.jpg 768w, https:\/\/supcom.standardof.net\/wp-content\/uploads\/sites\/8\/2020\/11\/Supreme-Commander-ARMORED-COMMAND-UNIT-\u2013-CYBRAN-ACU-16x12.jpg 16w, https:\/\/supcom.standardof.net\/wp-content\/uploads\/sites\/8\/2020\/11\/Supreme-Commander-ARMORED-COMMAND-UNIT-\u2013-CYBRAN-ACU.jpg 1426w\" sizes=\"(max-width: 800px) 100vw, 800px\" \/><\/a><figcaption>CYBRAN ACU<\/figcaption><\/figure><\/div>\n\n\n\n<section class=\"wp-block-uagb-columns uagb-columns__wrap uagb-columns__background-undefined uagb-columns__stack-mobile uagb-columns__valign-undefined uagb-columns__gap-10 alignundefined uagb-block-cb23705a\"><div class=\"uagb-columns__overlay\"><\/div><div class=\"uagb-columns__inner-wrap uagb-columns__columns-2\">\n<div class=\"wp-block-uagb-column uagb-column__wrap uagb-column__background-undefined uagb-block-6c162137\"><div class=\"uagb-column__overlay\"><\/div><div class=\"uagb-column__inner-wrap\">\n<h3 class=\"wp-block-heading\">Statistiky ACU<\/h3>\n\n\n\n<p><strong>Zbroj:<\/strong> 10 000 hp<br>&nbsp;&nbsp;&nbsp; rychlost regenerace: 15<br>&nbsp;&nbsp;&nbsp; typ brn\u011bn\u00ed: Velitel<br><strong>Schopnosti<\/strong><br>&nbsp;&nbsp;&nbsp; P\u0159izp\u016fsobiteln\u00e9<br>&nbsp;&nbsp;&nbsp; P\u0159edra\u017een\u00ed<br>&nbsp;&nbsp;&nbsp; Omni senzor<br>&nbsp;&nbsp;&nbsp; Engineering Suite<br><strong>N\u00e1klady<\/strong><br>&nbsp;&nbsp;&nbsp; M 60 000 (+1, \u00falo\u017ei\u0161t\u011b: 400)<br>&nbsp;&nbsp;&nbsp; E 5 000 000 (+10, skladov\u00e1n\u00ed: 2 500)<br>&nbsp;&nbsp;&nbsp; T 18 000<br><strong>M\u00edra sestaven\u00ed:<\/strong> 10<br><strong>Intel<\/strong><br>&nbsp;&nbsp;&nbsp; pohled: 26 (508 m)<br>&nbsp;&nbsp;&nbsp; v\u00edce: 26 (508 m)<br><strong>Fyzika<\/strong><br>&nbsp;&nbsp;&nbsp; maxim\u00e1ln\u00ed rychlost: 1,7 (33,2 m \/ s)<br>&nbsp;&nbsp;&nbsp; rychlost ot\u00e1\u010den\u00ed: 90<br><strong>Transportn\u00ed t\u0159\u00edda:<\/strong> 3<br><strong>Veter\u00e1nstv\u00ed:<\/strong> 100, 200, 500, 1000, 2000 zabit\u00ed<br><em>* \u00farove\u0148 veter\u00e1n\u016f 2: + 2500 hp<br>* \u00farove\u0148 veter\u00e1n\u016f 4: +2500 hp<br>* \u00farove\u0148 veter\u00e1n\u016f 5: oprava 30 hp \/ s<\/em><\/p>\n<\/div><\/div>\n\n\n\n<div class=\"wp-block-uagb-column uagb-column__wrap uagb-column__background-undefined uagb-block-2ad04f62\"><div class=\"uagb-column__overlay\"><\/div><div class=\"uagb-column__inner-wrap\">\n<h3 class=\"wp-block-heading\">Zbran\u011b ACU<\/h3>\n\n\n\n<p><strong>Molecular Ripper Cannon<\/strong> (P\u0159\u00edm\u00e1 palba)<br>&nbsp;&nbsp;&nbsp; 100,00 dps<br><strong>rozsah:<\/strong> 2 (39,1 m) - 22 (430 m)<br><strong>st\u0159eln\u00e1 zbra\u0148:<\/strong> 80 po\u0161kozen\u00ed<br><strong>rychlost st\u0159elby:<\/strong> 1,2 (ka\u017ed\u00fdch 0,8 s)<br><em>* \u00farove\u0148 veter\u00e1n\u016f 1: +25 k po\u0161kozen\u00ed<br>* \u00farove\u0148 veter\u00e1n\u016f 3: +25 k po\u0161kozen\u00ed<\/em><\/p>\n\n\n\n<p><strong>P\u0159eb\u00edjejte d\u011blo<\/strong> (P\u0159\u00edm\u00e1 palba)<br>&nbsp;&nbsp;&nbsp; 35 000,00 dps<br><strong>plocha:<\/strong> 2 (39,1 m)<br><strong>rozsah:<\/strong> 10 (195 m)<br><strong>st\u0159eln\u00e1 zbra\u0148:<\/strong> 70 000 po\u0161kozen\u00ed<br><strong>rychlost st\u0159elby:<\/strong> 0,5 (ka\u017ed\u00e9 2 s)<br><strong>pot\u0159ebn\u00e1 energie:<\/strong> 3 000 (-3 000)<br><em>* \u00farove\u0148 veter\u00e1n\u016f 1: +17 500 po\u0161kozen\u00ed<br>* \u00farove\u0148 veter\u00e1n\u016f 3: +17 500 po\u0161kozen\u00ed<\/em><\/p>\n\n\n\n<p><strong>Death Nuke<\/strong> (P\u0159\u00edm\u00e1 palba)<br>po\u0161kozen\u00ed vnit\u0159n\u00edho krou\u017eku: 3 500<br>polom\u011br vnit\u0159n\u00edho kruhu: 30 (586 m)<br>po\u0161kozen\u00ed vn\u011bj\u0161\u00edho krou\u017eku: 500<br>polom\u011br vn\u011bj\u0161\u00edho prstence: 40 (781 m)<\/p>\n<\/div><\/div>\n<\/div><\/section>\n<\/div><\/div>\n<\/div><\/section>\n\n\n\n<section class=\"wp-block-uagb-columns uagb-columns__wrap uagb-columns__background-undefined uagb-columns__stack-mobile uagb-columns__valign-undefined uagb-columns__gap-10 alignundefined uagb-block-5b344dab\"><div class=\"uagb-columns__overlay\"><\/div><div class=\"uagb-columns__inner-wrap uagb-columns__columns-1\">\n<div class=\"wp-block-uagb-column uagb-column__wrap uagb-column__background-undefined uagb-block-69dfcfb5\"><div class=\"uagb-column__overlay\"><\/div><div class=\"uagb-column__inner-wrap\">\t\t\t\t<div class=\"wp-block-uagb-table-of-contents uagb-toc__align-left uagb-toc__columns-1  uagb-block-7009dc12\"\n\t\t\t\t\tdata-scroll= \"1\"\n\t\t\t\t\tdata-offset= \"30\"\n\t\t\t\t\tstyle=\"\"\n\t\t\t\t>\n\t\t\t\t<div class=\"uagb-toc__wrap\">\n\t\t\t\t\t\t<div class=\"uagb-toc__title\">\n\t\t\t\t\t\t\tAktualizace Cybran ACU\t\t\t\t\t\t<\/div>\n\t\t\t\t\t\t\t\t\t\t\t\t\t\t\t\t<div class=\"uagb-toc__list-wrap\">\n\t\t\t\t\t\t<ol class=\"uagb-toc__list\"><li class=\"uagb-toc__list\"><a href=\"#right-arm\" class=\"uagb-toc-link__trigger\">Prav\u00e1 ruka<\/a><ul class=\"uagb-toc__list\"><li class=\"uagb-toc__list\"><a href=\"#microwave-laser-generator\" class=\"uagb-toc-link__trigger\">Mikrovlnn\u00fd laserov\u00fd gener\u00e1tor<\/a><li class=\"uagb-toc__list\"><li class=\"uagb-toc__list\"><a href=\"#nanite-torpedo-tube\" class=\"uagb-toc-link__trigger\">Torp\u00e9dov\u00e1 trubice nanite<\/a><\/li><\/ul><\/li><li class=\"uagb-toc__list\"><a href=\"#back\" class=\"uagb-toc-link__trigger\">Zadn\u00ed<\/a><ul class=\"uagb-toc__list\"><li class=\"uagb-toc__list\"><a href=\"#personal-teleporter\" class=\"uagb-toc-link__trigger\">Osobn\u00ed teleport\u00e9r<\/a><li class=\"uagb-toc__list\"><li class=\"uagb-toc__list\"><a href=\"#personal-cloaking-generator\" class=\"uagb-toc-link__trigger\">Osobn\u00ed maskovac\u00ed gener\u00e1tor<\/a><li class=\"uagb-toc__list\"><li class=\"uagb-toc__list\"><a href=\"#personal-stealth-generator\" class=\"uagb-toc-link__trigger\">Osobn\u00ed tajn\u00fd gener\u00e1tor<\/a><li class=\"uagb-toc__list\"><li class=\"uagb-toc__list\"><a href=\"#resource-allocation-system\" class=\"uagb-toc-link__trigger\">Syst\u00e9m p\u0159id\u011blov\u00e1n\u00ed zdroj\u016f<\/a><\/li><\/ul><\/li><\/ul><\/li><li class=\"uagb-toc__list\"><a href=\"#left-arm\" class=\"uagb-toc-link__trigger\">Lev\u00e1 ruka<\/a><ul class=\"uagb-toc__list\"><li class=\"uagb-toc__list\"><a href=\"#tech-2-engineering-suite\" class=\"uagb-toc-link__trigger\">Tech 2 Engineering Suite<\/a><li class=\"uagb-toc__list\"><li class=\"uagb-toc__list\"><a href=\"#tech-3-engineering-suite\" class=\"uagb-toc-link__trigger\">Tech 3 Engineering Suite<\/a><li class=\"uagb-toc__list\"><li class=\"uagb-toc__list\"><a href=\"#advanced-cooling-upgrade\" class=\"uagb-toc-link__trigger\">Pokro\u010dil\u00fd upgrade chlazen\u00ed<\/a><\/ul><\/ul><\/ul><\/ol>\t\t\t\t\t<\/div>\n\t\t\t\t\t\t\t\t\t<\/div>\n\t\t\t\t<\/div>\n\t\t\t<\/div><\/div>\n<\/div><\/section>\n\n\n\n<section class=\"wp-block-uagb-columns uagb-columns__wrap uagb-columns__background-undefined uagb-columns__stack-mobile uagb-columns__valign-undefined uagb-columns__gap-10 alignundefined uagb-block-43fdd530\"><div class=\"uagb-columns__overlay\"><\/div><div class=\"uagb-columns__inner-wrap uagb-columns__columns-1\">\n<div class=\"wp-block-uagb-column uagb-column__wrap uagb-column__background-undefined uagb-block-8eadcab3\"><div class=\"uagb-column__overlay\"><\/div><div class=\"uagb-column__inner-wrap\">\n<h4 class=\"wp-block-heading\">Prav\u00e1 ruka<\/h4>\n\n\n\n<section class=\"wp-block-uagb-columns uagb-columns__wrap uagb-columns__background-undefined uagb-columns__stack-mobile uagb-columns__valign-undefined uagb-columns__gap-10 alignundefined uagb-block-3121bddb\"><div class=\"uagb-columns__overlay\"><\/div><div class=\"uagb-columns__inner-wrap uagb-columns__columns-1\">\n<div class=\"wp-block-uagb-column uagb-column__wrap uagb-column__background-undefined uagb-block-2731e6e4\"><div class=\"uagb-column__overlay\"><\/div><div class=\"uagb-column__inner-wrap\">\n<h5 class=\"wp-block-heading\">Mikrovlnn\u00fd laserov\u00fd gener\u00e1tor<\/h5>\n\n\n\n<p>Poskytuje ACU dal\u0161\u00ed laser podobn\u00fd Monkeylordu, kter\u00fd je schopen jej chr\u00e1nit p\u0159ed neexperiment\u00e1ln\u00edmi pozemn\u00edmi silami.<\/p>\n\n\n\n<p><strong>N\u00e1klady<\/strong>: M 6 750 - E 900 000 - T 2 250<strong><br>T\u011b\u017ek\u00fd mikrovlnn\u00fd laser<\/strong><br>&nbsp;&nbsp;&nbsp; 5 000,00 dps<br><strong>rozsah:<\/strong> 22 (430 m)<br><strong>kontinu\u00e1ln\u00ed paprskov\u00e1 zbra\u0148<br>n\u00e1klady na ohe\u0148:<\/strong> E (-2 000)<br><em>* \u00farove\u0148 veter\u00e1n\u016f 1: +250 po\u0161kozen\u00ed<br>* \u00farove\u0148 veter\u00e1n\u016f 3: +250 po\u0161kozen\u00ed<\/em><\/p>\n<\/div><\/div>\n<\/div><\/section>\n\n\n\n<section class=\"wp-block-uagb-columns uagb-columns__wrap uagb-columns__background-undefined uagb-columns__stack-mobile uagb-columns__valign-undefined uagb-columns__gap-10 alignundefined uagb-block-c2484c11\"><div class=\"uagb-columns__overlay\"><\/div><div class=\"uagb-columns__inner-wrap uagb-columns__columns-1\">\n<div class=\"wp-block-uagb-column uagb-column__wrap uagb-column__background-undefined uagb-block-0f571ff6\"><div class=\"uagb-column__overlay\"><\/div><div class=\"uagb-column__inner-wrap\">\n<h5 class=\"wp-block-heading\">Torp\u00e9dov\u00e1 trubice nanite<\/h5>\n\n\n\n<p>Poskytuje torp\u00e9da velitele pro podvodn\u00ed mise.<\/p>\n\n\n\n<p><strong>N\u00e1klady<\/strong>: M 1 500 - E 37 500 - T 1 500<br><strong>Nanite Torpedo<\/strong> (Anti Navy)<br>&nbsp;&nbsp;&nbsp; 250,00 dps<br><strong>rozsah:<\/strong> 32 (625 m)<br><strong>st\u0159eln\u00e1 zbra\u0148:<\/strong> 500 po\u0161kozen\u00ed<br>rychlost st\u0159elby: 0,5 (ka\u017ed\u00e9 2 s)<br><em>* \u00farove\u0148 veter\u00e1n\u016f 1: +125 po\u0161kozen\u00ed<br>* \u00farove\u0148 veter\u00e1n\u016f 3: +125 po\u0161kozen\u00ed<\/em><\/p>\n<\/div><\/div>\n<\/div><\/section>\n<\/div><\/div>\n<\/div><\/section>\n\n\n\n<section class=\"wp-block-uagb-columns uagb-columns__wrap uagb-columns__background-undefined uagb-columns__stack-mobile uagb-columns__valign-undefined uagb-columns__gap-10 alignundefined uagb-block-059257dd\"><div class=\"uagb-columns__overlay\"><\/div><div class=\"uagb-columns__inner-wrap uagb-columns__columns-1\">\n<div class=\"wp-block-uagb-column uagb-column__wrap uagb-column__background-undefined uagb-block-da4ced61\"><div class=\"uagb-column__overlay\"><\/div><div class=\"uagb-column__inner-wrap\">\n<h4 class=\"wp-block-heading\">Zadn\u00ed<\/h4>\n\n\n\n<section class=\"wp-block-uagb-columns uagb-columns__wrap uagb-columns__background-undefined uagb-columns__stack-mobile uagb-columns__valign-undefined uagb-columns__gap-10 alignundefined uagb-block-16528b25\"><div class=\"uagb-columns__overlay\"><\/div><div class=\"uagb-columns__inner-wrap uagb-columns__columns-1\">\n<div class=\"wp-block-uagb-column uagb-column__wrap uagb-column__background-undefined uagb-block-02096a09\"><div class=\"uagb-column__overlay\"><\/div><div class=\"uagb-column__inner-wrap\">\n<h5 class=\"wp-block-heading\">Osobn\u00ed teleport\u00e9r<\/h5>\n\n\n\n<p>Umo\u017e\u0148uje teleportaci kamkoli na map\u011b.<\/p>\n\n\n\n<p><strong>N\u00e1klady<\/strong>: M 60 000 - E 6 000 000 - T 6 000<br><strong>N\u00e1klady na pou\u017eit\u00ed<\/strong><br>&nbsp;&nbsp;&nbsp; E (-20 000)<br>&nbsp;&nbsp;&nbsp; T 60<\/p>\n<\/div><\/div>\n<\/div><\/section>\n\n\n\n<section class=\"wp-block-uagb-columns uagb-columns__wrap uagb-columns__background-undefined uagb-columns__stack-mobile uagb-columns__valign-undefined uagb-columns__gap-10 alignundefined uagb-block-18e9bd13\"><div class=\"uagb-columns__overlay\"><\/div><div class=\"uagb-columns__inner-wrap uagb-columns__columns-1\">\n<div class=\"wp-block-uagb-column uagb-column__wrap uagb-column__background-undefined uagb-block-f5730908\"><div class=\"uagb-column__overlay\"><\/div><div class=\"uagb-column__inner-wrap\">\n<h5 class=\"wp-block-heading\">Osobn\u00ed maskovac\u00ed gener\u00e1tor<\/h5>\n\n\n\n<p>Umo\u017e\u0148uje maskov\u00e1n\u00ed ACU (neviditeln\u00e9). Omni Sensors mohou prorazit maskov\u00e1n\u00ed.<\/p>\n\n\n\n<p><strong>N\u00e1klady<\/strong>: M 3 000 - E 112 500 (-500) - T 1 500<\/p>\n<\/div><\/div>\n<\/div><\/section>\n\n\n\n<section class=\"wp-block-uagb-columns uagb-columns__wrap uagb-columns__background-undefined uagb-columns__stack-mobile uagb-columns__valign-undefined uagb-columns__gap-10 alignundefined uagb-block-a0813071\"><div class=\"uagb-columns__overlay\"><\/div><div class=\"uagb-columns__inner-wrap uagb-columns__columns-1\">\n<div class=\"wp-block-uagb-column uagb-column__wrap uagb-column__background-undefined uagb-block-02f732f1\"><div class=\"uagb-column__overlay\"><\/div><div class=\"uagb-column__inner-wrap\">\n<h5 class=\"wp-block-heading\">Osobn\u00ed tajn\u00fd gener\u00e1tor<\/h5>\n\n\n\n<p>P\u0159id\u00e1v\u00e1 utajen\u00ed (neviditeln\u00e9 pro radar) bez dal\u0161\u00edch n\u00e1klad\u016f na energii. Nyn\u00ed mohou ACU vid\u011bt pouze Omni senzory nebo ACU \/ SCU.<\/p>\n\n\n\n<p><strong>Vy\u017eaduje osobn\u00ed maskovac\u00ed gener\u00e1tor<\/strong><\/p>\n\n\n\n<p><strong>N\u00e1klady<\/strong>: M 9 000 - E 1 200 000 (-500) - T 3 000<\/p>\n<\/div><\/div>\n<\/div><\/section>\n\n\n\n<section class=\"wp-block-uagb-columns uagb-columns__wrap uagb-columns__background-undefined uagb-columns__stack-mobile uagb-columns__valign-undefined uagb-columns__gap-10 alignundefined uagb-block-4e2b0421\"><div class=\"uagb-columns__overlay\"><\/div><div class=\"uagb-columns__inner-wrap uagb-columns__columns-1\">\n<div class=\"wp-block-uagb-column uagb-column__wrap uagb-column__background-undefined uagb-block-3e7af63f\"><div class=\"uagb-column__overlay\"><\/div><div class=\"uagb-column__inner-wrap\">\n<h5 class=\"wp-block-heading\">Syst\u00e9m p\u0159id\u011blov\u00e1n\u00ed zdroj\u016f<\/h5>\n\n\n\n<p>Produkuje dal\u0161\u00ed zdroje<\/p>\n\n\n\n<p><strong>N\u00e1klady<\/strong>: M 6 000 (+12) - E 300 000 (+3500) - T 1 500<\/p>\n<\/div><\/div>\n<\/div><\/section>\n<\/div><\/div>\n<\/div><\/section>\n\n\n\n<section class=\"wp-block-uagb-columns uagb-columns__wrap uagb-columns__background-undefined uagb-columns__stack-mobile uagb-columns__valign-undefined uagb-columns__gap-10 alignundefined uagb-block-2ce9faac\"><div class=\"uagb-columns__overlay\"><\/div><div class=\"uagb-columns__inner-wrap uagb-columns__columns-1\">\n<div class=\"wp-block-uagb-column uagb-column__wrap uagb-column__background-undefined uagb-block-234aa003\"><div class=\"uagb-column__overlay\"><\/div><div class=\"uagb-column__inner-wrap\">\n<h4 class=\"wp-block-heading\">Lev\u00e1 ruka<\/h4>\n\n\n\n<section class=\"wp-block-uagb-columns uagb-columns__wrap uagb-columns__background-undefined uagb-columns__stack-mobile uagb-columns__valign-undefined uagb-columns__gap-10 alignundefined uagb-block-2b6938dd\"><div class=\"uagb-columns__overlay\"><\/div><div class=\"uagb-columns__inner-wrap uagb-columns__columns-1\">\n<div class=\"wp-block-uagb-column uagb-column__wrap uagb-column__background-undefined uagb-block-12406c9b\"><div class=\"uagb-column__overlay\"><\/div><div class=\"uagb-column__inner-wrap\">\n<h5 class=\"wp-block-heading\">Tech 2 Engineering Suite<\/h5>\n\n\n\n<p>D\u00e1v\u00e1 technologii ACU 1,2 stav\u011bt stromy. Zvy\u0161uje rychlost sestaven\u00ed na 30.<\/p>\n\n\n\n<p><strong>N\u00e1klady<\/strong>: M 2 000 - E 50 000 - T 2 000<\/p>\n<\/div><\/div>\n<\/div><\/section>\n\n\n\n<section class=\"wp-block-uagb-columns uagb-columns__wrap uagb-columns__background-undefined uagb-columns__stack-mobile uagb-columns__valign-undefined uagb-columns__gap-10 alignundefined uagb-block-c0a3ef8c\"><div class=\"uagb-columns__overlay\"><\/div><div class=\"uagb-columns__inner-wrap uagb-columns__columns-1\">\n<div class=\"wp-block-uagb-column uagb-column__wrap uagb-column__background-undefined uagb-block-9b25f1fe\"><div class=\"uagb-column__overlay\"><\/div><div class=\"uagb-column__inner-wrap\">\n<h5 class=\"wp-block-heading\">Tech 3 Engineering Suite<\/h5>\n\n\n\n<p>Poskytuje technologie ACU 3,4 stav\u011bt stromy. Zvy\u0161uje rychlost sestaven\u00ed na 90.<\/p>\n\n\n\n<p><strong>N\u00e1klady<\/strong>: M 6 750 - E 900 000 - T 2 250<\/p>\n<\/div><\/div>\n<\/div><\/section>\n\n\n\n<section class=\"wp-block-uagb-columns uagb-columns__wrap uagb-columns__background-undefined uagb-columns__stack-mobile uagb-columns__valign-undefined uagb-columns__gap-10 alignundefined uagb-block-d3d4b250\"><div class=\"uagb-columns__overlay\"><\/div><div class=\"uagb-columns__inner-wrap uagb-columns__columns-1\">\n<div class=\"wp-block-uagb-column uagb-column__wrap uagb-column__background-undefined uagb-block-4f6bd876\"><div class=\"uagb-column__overlay\"><\/div><div class=\"uagb-column__inner-wrap\">\n<h5 class=\"wp-block-heading\">Pokro\u010dil\u00fd upgrade chlazen\u00ed<\/h5>\n\n\n\n<p>Hlavn\u00ed zbra\u0148 nyn\u00ed vyst\u0159eluje 6kr\u00e1t rychleji. (Mysl\u00edm)<\/p>\n\n\n\n<p><strong>N\u00e1klady<\/strong>: M 4 500 - E 112 500 - T 1 500<\/p>\n<\/div><\/div>\n<\/div><\/section>\n<\/div><\/div>\n<\/div><\/section>","protected":false},"excerpt":{"rendered":"<p>ARMORED COMMAND UNIT &#8211; CYBRAN ACU Your Commander looks intimidating, but that&#8217;s just because he&#8217;s so versatile. Remember, if you&#8217;re in trouble, you can overcharge by pressing O. ACU Stats Armor: 10,000 hp&nbsp;&nbsp;&nbsp; regen rate: 15&nbsp;&nbsp;&nbsp; armor type: CommanderAbilities&nbsp;&nbsp;&nbsp; Customizable&nbsp;&nbsp;&nbsp; Overcharge&nbsp;&nbsp;&nbsp; Omni Sensor&nbsp;&nbsp;&nbsp; Engineering SuiteCost&nbsp;&nbsp;&nbsp; M 60,000 (+1, storage: 400)&nbsp;&nbsp;&nbsp; E 5,000,000 (+10, storage: 2500)&nbsp;&nbsp;&nbsp; [&hellip;]<\/p>","protected":false},"author":1,"featured_media":0,"parent":538,"menu_order":0,"comment_status":"open","ping_status":"closed","template":"","meta":{"_uag_custom_page_level_css":"","site-sidebar-layout":"default","site-content-layout":"default","ast-site-content-layout":"","site-content-style":"default","site-sidebar-style":"default","ast-global-header-display":"","ast-banner-title-visibility":"","ast-main-header-display":"","ast-hfb-above-header-display":"","ast-hfb-below-header-display":"","ast-hfb-mobile-header-display":"","site-post-title":"","ast-breadcrumbs-content":"","ast-featured-img":"","footer-sml-layout":"","theme-transparent-header-meta":"default","adv-header-id-meta":"","stick-header-meta":"","header-above-stick-meta":"","header-main-stick-meta":"","header-below-stick-meta":"","astra-migrate-meta-layouts":"default","ast-page-background-enabled":"default","ast-page-background-meta":{"desktop":{"background-color":"","background-image":"","background-repeat":"repeat","background-position":"center center","background-size":"auto","background-attachment":"scroll","background-type":"","background-media":"","overlay-type":"","overlay-color":"","overlay-gradient":""},"tablet":{"background-color":"","background-image":"","background-repeat":"repeat","background-position":"center center","background-size":"auto","background-attachment":"scroll","background-type":"","background-media":"","overlay-type":"","overlay-color":"","overlay-gradient":""},"mobile":{"background-color":"","background-image":"","background-repeat":"repeat","background-position":"center center","background-size":"auto","background-attachment":"scroll","background-type":"","background-media":"","overlay-type":"","overlay-color":"","overlay-gradient":""}},"ast-content-background-meta":{"desktop":{"background-color":"var(--ast-global-color-5)","background-image":"","background-repeat":"repeat","background-position":"center center","background-size":"auto","background-attachment":"scroll","background-type":"","background-media":"","overlay-type":"","overlay-color":"","overlay-gradient":""},"tablet":{"background-color":"var(--ast-global-color-5)","background-image":"","background-repeat":"repeat","background-position":"center center","background-size":"auto","background-attachment":"scroll","background-type":"","background-media":"","overlay-type":"","overlay-color":"","overlay-gradient":""},"mobile":{"background-color":"var(--ast-global-color-5)","background-image":"","background-repeat":"repeat","background-position":"center center","background-size":"auto","background-attachment":"scroll","background-type":"","background-media":"","overlay-type":"","overlay-color":"","overlay-gradient":""}},"footnotes":""},"uagb_featured_image_src":{"full":false,"thumbnail":false,"medium":false,"medium_large":false,"large":false,"1536x1536":false,"2048x2048":false,"trp-custom-language-flag":false},"uagb_author_info":{"display_name":"SOE","author_link":"https:\/\/supcom.standardof.net\/cs\/author\/k-tastic\/"},"uagb_comment_info":0,"uagb_excerpt":"ARMORED COMMAND UNIT &#8211; CYBRAN ACU Your Commander looks intimidating, but that&#8217;s just because he&#8217;s so versatile. Remember, if you&#8217;re in trouble, you can overcharge by pressing O. ACU Stats Armor: 10,000 hp&nbsp;&nbsp;&nbsp; regen rate: 15&nbsp;&nbsp;&nbsp; armor type: CommanderAbilities&nbsp;&nbsp;&nbsp; Customizable&nbsp;&nbsp;&nbsp; Overcharge&nbsp;&nbsp;&nbsp; Omni Sensor&nbsp;&nbsp;&nbsp; Engineering SuiteCost&nbsp;&nbsp;&nbsp; M 60,000 (+1, storage: 400)&nbsp;&nbsp;&nbsp; E 5,000,000 (+10, storage: 2500)&nbsp;&nbsp;&nbsp;&hellip;","_links":{"self":[{"href":"https:\/\/supcom.standardof.net\/cs\/wp-json\/wp\/v2\/pages\/549"}],"collection":[{"href":"https:\/\/supcom.standardof.net\/cs\/wp-json\/wp\/v2\/pages"}],"about":[{"href":"https:\/\/supcom.standardof.net\/cs\/wp-json\/wp\/v2\/types\/page"}],"author":[{"embeddable":true,"href":"https:\/\/supcom.standardof.net\/cs\/wp-json\/wp\/v2\/users\/1"}],"replies":[{"embeddable":true,"href":"https:\/\/supcom.standardof.net\/cs\/wp-json\/wp\/v2\/comments?post=549"}],"version-history":[{"count":0,"href":"https:\/\/supcom.standardof.net\/cs\/wp-json\/wp\/v2\/pages\/549\/revisions"}],"up":[{"embeddable":true,"href":"https:\/\/supcom.standardof.net\/cs\/wp-json\/wp\/v2\/pages\/538"}],"wp:attachment":[{"href":"https:\/\/supcom.standardof.net\/cs\/wp-json\/wp\/v2\/media?parent=549"}],"curies":[{"name":"wp","href":"https:\/\/api.w.org\/{rel}","templated":true}]}}