{"id":551,"date":"2020-11-01T20:05:21","date_gmt":"2020-11-02T01:05:21","guid":{"rendered":"https:\/\/supcom.standardof.net\/?page_id=551"},"modified":"2020-11-04T12:07:45","modified_gmt":"2020-11-04T17:07:45","slug":"cybran-subcommander","status":"publish","type":"page","link":"https:\/\/supcom.standardof.net\/cs\/supreme-commander\/cybran-2\/cybran-subcommander\/","title":{"rendered":"Cybran Subcommander"},"content":{"rendered":"<section class=\"wp-block-uagb-columns uagb-columns__wrap uagb-columns__background-undefined uagb-columns__stack-mobile uagb-columns__valign-undefined uagb-columns__gap-10 alignundefined uagb-block-92064281\"><div class=\"uagb-columns__overlay\"><\/div><div class=\"uagb-columns__inner-wrap uagb-columns__columns-1\">\n<div class=\"wp-block-uagb-column uagb-column__wrap uagb-column__background-undefined uagb-block-3ce00ac4\"><div class=\"uagb-column__overlay\"><\/div><div class=\"uagb-column__inner-wrap\">\n<h2 class=\"wp-block-heading\"><strong>PODPOROVAT P\u0158\u00cdKAZOVOU JEDNOTKU<\/strong> - CYBRAN SCU<\/h2>\n\n\n\n<p>SCU jsou \u010dasto p\u0159\u00edli\u0161 pomal\u00e9 na efektivn\u00ed sestaven\u00ed a pou\u017eit\u00ed, ale mohou b\u00fdt \u00fa\u010dinn\u00fdm po\u0161kozen\u00edm po\u0161kozen\u00ed (zejm\u00e9na s upgradem nebo dv\u011bma) nebo mohou jednodu\u0161e sed\u011bt ve va\u0161\u00ed z\u00e1kladn\u011b pod \u0161t\u00edty a z\u00edskat upgrade p\u0159id\u011blen\u00ed zdroj\u016f. Cybran SCU mohou tak\u00e9 z\u00edskat vylep\u0161en\u00ed neviditelnosti a slou\u017eit jako \u0161pioni nebo in\u017een\u00fd\u0159i zabij\u00e1ci (za p\u0159edpokladu, \u017ee jste na\u0161li zp\u016fsob, jak nejprve odstranit nep\u0159\u00e1telsk\u00fd Omni senzor).<\/p>\n\n\n\n<div class=\"wp-block-image\"><figure class=\"aligncenter size-large\"><a href=\"https:\/\/supcom.standardof.net\/cs\/supreme-commander\/cybran-2\/cybran-subcommander\/supreme-commander-support-command-unit-cybran-scu\/\"><img decoding=\"async\" width=\"800\" height=\"543\" src=\"https:\/\/supcom.standardof.net\/wp-content\/uploads\/sites\/8\/2020\/11\/Supreme-Commander-SUPPORT-COMMAND-UNIT-\u2013-CYBRAN-SCU-800x543.jpg\" alt=\"Velitelsk\u00e1 jednotka podpory Cybran ve vrchn\u00edm veliteli.\" class=\"wp-image-892\" srcset=\"https:\/\/supcom.standardof.net\/wp-content\/uploads\/sites\/8\/2020\/11\/Supreme-Commander-SUPPORT-COMMAND-UNIT-\u2013-CYBRAN-SCU-800x543.jpg 800w, https:\/\/supcom.standardof.net\/wp-content\/uploads\/sites\/8\/2020\/11\/Supreme-Commander-SUPPORT-COMMAND-UNIT-\u2013-CYBRAN-SCU-512x348.jpg 512w, https:\/\/supcom.standardof.net\/wp-content\/uploads\/sites\/8\/2020\/11\/Supreme-Commander-SUPPORT-COMMAND-UNIT-\u2013-CYBRAN-SCU-200x136.jpg 200w, https:\/\/supcom.standardof.net\/wp-content\/uploads\/sites\/8\/2020\/11\/Supreme-Commander-SUPPORT-COMMAND-UNIT-\u2013-CYBRAN-SCU-768x521.jpg 768w, https:\/\/supcom.standardof.net\/wp-content\/uploads\/sites\/8\/2020\/11\/Supreme-Commander-SUPPORT-COMMAND-UNIT-\u2013-CYBRAN-SCU-16x12.jpg 16w, https:\/\/supcom.standardof.net\/wp-content\/uploads\/sites\/8\/2020\/11\/Supreme-Commander-SUPPORT-COMMAND-UNIT-\u2013-CYBRAN-SCU.jpg 1078w\" sizes=\"(max-width: 800px) 100vw, 800px\" \/><\/a><figcaption>Cybran Support Command Unit (SCU)<\/figcaption><\/figure><\/div>\n\n\n\n<section class=\"wp-block-uagb-columns uagb-columns__wrap uagb-columns__background-undefined uagb-columns__stack-mobile uagb-columns__valign-undefined uagb-columns__gap-10 alignundefined uagb-block-1d684fbd\"><div class=\"uagb-columns__overlay\"><\/div><div class=\"uagb-columns__inner-wrap uagb-columns__columns-2\">\n<div class=\"wp-block-uagb-column uagb-column__wrap uagb-column__background-undefined uagb-block-ac2a9c69\"><div class=\"uagb-column__overlay\"><\/div><div class=\"uagb-column__inner-wrap\">\n<h3 class=\"wp-block-heading\">Statistiky SCU<\/h3>\n\n\n\n<p><strong>Zbroj:<\/strong> 20000 hp<br>&nbsp;&nbsp;&nbsp; (rychlost regenerace: 15)<br><strong>Schopnosti<\/strong><br>&nbsp;&nbsp;&nbsp; P\u0159izp\u016fsobiteln\u00e9<br>&nbsp;&nbsp;&nbsp; Omni senzor<br>&nbsp;&nbsp;&nbsp; Engineering Suite<br>&nbsp;&nbsp;&nbsp; Exploduje na smrt<br>&nbsp;&nbsp;&nbsp; Nelze z\u00edskat zp\u011bt<br><strong>N\u00e1klady<\/strong><br>&nbsp;&nbsp;&nbsp; M3000 (+2, \u00falo\u017ei\u0161t\u011b: 100)<br>&nbsp;&nbsp;&nbsp; E40000 (+20, \u00falo\u017ei\u0161t\u011b: 500)<br>&nbsp;&nbsp;&nbsp; T6000<br><strong>M\u00edra sestaven\u00ed:<\/strong> 30<br><strong>Intel<\/strong><br>&nbsp;&nbsp;&nbsp; pohled: 26 (508 m)<br>&nbsp;&nbsp;&nbsp; v\u00edce: 16 (313 m)<br><strong>Fyzika<\/strong><br>&nbsp;&nbsp;&nbsp; maxim\u00e1ln\u00ed rychlost: 2,2 (43,0 m \/ s)<br>&nbsp;&nbsp;&nbsp; rychlost ot\u00e1\u010den\u00ed: 146<br><strong>Transportn\u00ed t\u0159\u00edda:<\/strong> 3<br><strong>Veter\u00e1nstv\u00ed:<\/strong> 100, 200, 500, 1000, 2000 zabit\u00ed<br><em>* \u00farove\u0148 veter\u00e1n\u016f 2: +5000 hp<br>* \u00farove\u0148 veter\u00e1n\u016f 4: +5000 hp<br>* \u00farove\u0148 veter\u00e1n\u016f 5: oprava 30 hp \/ s<\/em><\/p>\n<\/div><\/div>\n\n\n\n<div class=\"wp-block-uagb-column uagb-column__wrap uagb-column__background-undefined uagb-block-27eb4101\"><div class=\"uagb-column__overlay\"><\/div><div class=\"uagb-column__inner-wrap\">\n<h3 class=\"wp-block-heading\">Zbran\u011b SCU<\/h3>\n\n\n\n<p><strong>Pulzn\u00ed laser dezintegr\u00e1toru<\/strong> (P\u0159\u00edm\u00e1 palba)<br>&nbsp;&nbsp;&nbsp; 375,75 dps<br><strong>rozsah:<\/strong> 2 (39,1 m) - 22 (430 m)<br><strong>st\u0159eln\u00e1 zbra\u0148:<\/strong> Po\u0161kozen\u00ed 225<br><strong>rychlost st\u0159elby:<\/strong> 1,67 (ka\u017ed\u00fdch 0,6 s)<br><em>* \u00farove\u0148 veter\u00e1n\u016f 1: +56 po\u0161kozen\u00ed<br>* \u00farove\u0148 veter\u00e1n\u016f 3: +56 k po\u0161kozen\u00ed<\/em><\/p>\n\n\n\n<p><strong>Death Nuke<\/strong> (P\u0159\u00edm\u00e1 palba)<br>&nbsp;&nbsp; 1000,00 dps<br><strong>plocha:<\/strong> 10 (195 m)<br><strong>rozsah:<\/strong> 1 (19,5 m)<br><strong>st\u0159eln\u00e1 zbra\u0148:<\/strong> Po\u0161kozen\u00ed 1000<br><em>* \u00farove\u0148 veter\u00e1n\u016f 1: +250 po\u0161kozen\u00ed<br>* \u00farove\u0148 veter\u00e1n\u016f 3: +250 po\u0161kozen\u00ed<\/em><\/p>\n<\/div><\/div>\n<\/div><\/section>\n<\/div><\/div>\n<\/div><\/section>\n\n\n\n<section class=\"wp-block-uagb-columns uagb-columns__wrap uagb-columns__background-undefined uagb-columns__stack-mobile uagb-columns__valign-undefined uagb-columns__gap-10 alignundefined uagb-block-cd789fe0\"><div class=\"uagb-columns__overlay\"><\/div><div class=\"uagb-columns__inner-wrap uagb-columns__columns-1\">\n<div class=\"wp-block-uagb-column uagb-column__wrap uagb-column__background-undefined uagb-block-d275e037\"><div class=\"uagb-column__overlay\"><\/div><div class=\"uagb-column__inner-wrap\">\t\t\t\t<div class=\"wp-block-uagb-table-of-contents uagb-toc__align-left uagb-toc__columns-1  uagb-block-dc14c61c\"\n\t\t\t\t\tdata-scroll= \"1\"\n\t\t\t\t\tdata-offset= \"30\"\n\t\t\t\t\tstyle=\"\"\n\t\t\t\t>\n\t\t\t\t<div class=\"uagb-toc__wrap\">\n\t\t\t\t\t\t<div class=\"uagb-toc__title\">\n\t\t\t\t\t\t\tAktualizace Cybran SCU\t\t\t\t\t\t<\/div>\n\t\t\t\t\t\t\t\t\t\t\t\t\t\t\t\t<div class=\"uagb-toc__list-wrap\">\n\t\t\t\t\t\t<ol class=\"uagb-toc__list\"><li class=\"uagb-toc__list\"><a href=\"#right-arm\" class=\"uagb-toc-link__trigger\">Prav\u00e1 ruka<\/a><ul class=\"uagb-toc__list\"><li class=\"uagb-toc__list\"><a href=\"#focus-converter\" class=\"uagb-toc-link__trigger\">P\u0159evad\u011b\u010d zaost\u0159en\u00ed<\/a><li class=\"uagb-toc__list\"><li class=\"uagb-toc__list\"><a href=\"#resource-allocation-system\" class=\"uagb-toc-link__trigger\">Syst\u00e9m p\u0159id\u011blov\u00e1n\u00ed zdroj\u016f<\/a><\/li><\/ul><\/li><li class=\"uagb-toc__list\"><a href=\"#left-arm\" class=\"uagb-toc-link__trigger\">Lev\u00e1 ruka<\/a><ul class=\"uagb-toc__list\"><li class=\"uagb-toc__list\"><a href=\"#switchback-engineering-suite\" class=\"uagb-toc-link__trigger\">Switchback Engineering Suite<\/a><li class=\"uagb-toc__list\"><li class=\"uagb-toc__list\"><a href=\"#emp-charge\" class=\"uagb-toc-link__trigger\">Poplatek EMP<\/a><\/li><\/ul><\/li><\/ul><\/li><li class=\"uagb-toc__list\"><a href=\"#back\" class=\"uagb-toc-link__trigger\">Zadn\u00ed<\/a><ul class=\"uagb-toc__list\"><li class=\"uagb-toc__list\"><a href=\"#personal-cloaking-generator\" class=\"uagb-toc-link__trigger\">Osobn\u00ed maskovac\u00ed gener\u00e1tor<\/a><li class=\"uagb-toc__list\"><li class=\"uagb-toc__list\"><a href=\"#personal-stealth-generator\" class=\"uagb-toc-link__trigger\">Osobn\u00ed tajn\u00fd gener\u00e1tor<\/a><li class=\"uagb-toc__list\"><li class=\"uagb-toc__list\"><a href=\"#nanite-missile-system\" class=\"uagb-toc-link__trigger\">Nanitov\u00fd raketov\u00fd syst\u00e9m<\/a><li class=\"uagb-toc__list\"><li class=\"uagb-toc__list\"><a href=\"#self-repair-system\" class=\"uagb-toc-link__trigger\">Syst\u00e9m vlastn\u00ed opravy<\/a><\/ul><\/ul><\/ul><\/ol>\t\t\t\t\t<\/div>\n\t\t\t\t\t\t\t\t\t<\/div>\n\t\t\t\t<\/div>\n\t\t\t<\/div><\/div>\n<\/div><\/section>\n\n\n\n<section class=\"wp-block-uagb-columns uagb-columns__wrap uagb-columns__background-undefined uagb-columns__stack-mobile uagb-columns__valign-undefined uagb-columns__gap-10 alignundefined uagb-block-2a639cc1\"><div class=\"uagb-columns__overlay\"><\/div><div class=\"uagb-columns__inner-wrap uagb-columns__columns-1\">\n<div class=\"wp-block-uagb-column uagb-column__wrap uagb-column__background-undefined uagb-block-c19e8af7\"><div class=\"uagb-column__overlay\"><\/div><div class=\"uagb-column__inner-wrap\">\n<h4 class=\"wp-block-heading\">Prav\u00e1 ruka<\/h4>\n\n\n\n<section class=\"wp-block-uagb-columns uagb-columns__wrap uagb-columns__background-undefined uagb-columns__stack-mobile uagb-columns__valign-undefined uagb-columns__gap-10 alignundefined uagb-block-ef8b14e5\"><div class=\"uagb-columns__overlay\"><\/div><div class=\"uagb-columns__inner-wrap uagb-columns__columns-1\">\n<div class=\"wp-block-uagb-column uagb-column__wrap uagb-column__background-undefined uagb-block-75e8cd2f\"><div class=\"uagb-column__overlay\"><\/div><div class=\"uagb-column__inner-wrap\">\n<h5 class=\"wp-block-heading\">P\u0159evad\u011b\u010d zaost\u0159en\u00ed<\/h5>\n\n\n\n<p>Zdvojn\u00e1sob\u00ed v\u00fdkon po\u0161kozen\u00ed hlavn\u00ed zbran\u011b (mysl\u00edm).<\/p>\n\n\n\n<p><strong>N\u00e1klady<\/strong>: M1000, E400000, T3000<\/p>\n<\/div><\/div>\n<\/div><\/section>\n\n\n\n<section class=\"wp-block-uagb-columns uagb-columns__wrap uagb-columns__background-undefined uagb-columns__stack-mobile uagb-columns__valign-undefined uagb-columns__gap-10 alignundefined uagb-block-c0d40189\"><div class=\"uagb-columns__overlay\"><\/div><div class=\"uagb-columns__inner-wrap uagb-columns__columns-1\">\n<div class=\"wp-block-uagb-column uagb-column__wrap uagb-column__background-undefined uagb-block-7bf2210f\"><div class=\"uagb-column__overlay\"><\/div><div class=\"uagb-column__inner-wrap\">\n<h5 class=\"wp-block-heading\">Syst\u00e9m p\u0159id\u011blov\u00e1n\u00ed zdroj\u016f<\/h5>\n\n\n\n<p>Produkuje dal\u0161\u00ed zdroje<\/p>\n\n\n\n<p><strong>N\u00e1klady<\/strong>: M6000 (+12), E375000 (+3500), T9000<\/p>\n<\/div><\/div>\n<\/div><\/section>\n<\/div><\/div>\n<\/div><\/section>\n\n\n\n<section class=\"wp-block-uagb-columns uagb-columns__wrap uagb-columns__background-undefined uagb-columns__stack-mobile uagb-columns__valign-undefined uagb-columns__gap-10 alignundefined uagb-block-79e91747\"><div class=\"uagb-columns__overlay\"><\/div><div class=\"uagb-columns__inner-wrap uagb-columns__columns-1\">\n<div class=\"wp-block-uagb-column uagb-column__wrap uagb-column__background-undefined uagb-block-40607d18\"><div class=\"uagb-column__overlay\"><\/div><div class=\"uagb-column__inner-wrap\">\n<h4 class=\"wp-block-heading\">Lev\u00e1 ruka<\/h4>\n\n\n\n<section class=\"wp-block-uagb-columns uagb-columns__wrap uagb-columns__background-undefined uagb-columns__stack-mobile uagb-columns__valign-undefined uagb-columns__gap-10 alignundefined uagb-block-fdfecc7a\"><div class=\"uagb-columns__overlay\"><\/div><div class=\"uagb-columns__inner-wrap uagb-columns__columns-1\">\n<div class=\"wp-block-uagb-column uagb-column__wrap uagb-column__background-undefined uagb-block-2d1c013c\"><div class=\"uagb-column__overlay\"><\/div><div class=\"uagb-column__inner-wrap\">\n<h5 class=\"wp-block-heading\">Switchback Engineering Suite<\/h5>\n\n\n\n<p>Zvy\u0161uje rychlost sestaven\u00ed na 60.<\/p>\n\n\n\n<p><strong>N\u00e1klady<\/strong>: M2100, E225000, T9000<\/p>\n<\/div><\/div>\n<\/div><\/section>\n\n\n\n<section class=\"wp-block-uagb-columns uagb-columns__wrap uagb-columns__background-undefined uagb-columns__stack-mobile uagb-columns__valign-undefined uagb-columns__gap-10 alignundefined uagb-block-e6e47c23\"><div class=\"uagb-columns__overlay\"><\/div><div class=\"uagb-columns__inner-wrap uagb-columns__columns-1\">\n<div class=\"wp-block-uagb-column uagb-column__wrap uagb-column__background-undefined uagb-block-eff1c9b1\"><div class=\"uagb-column__overlay\"><\/div><div class=\"uagb-column__inner-wrap\">\n<h5 class=\"wp-block-heading\">Poplatek EMP<\/h5>\n\n\n\n<p>P\u0159id\u00e1 zmrazovac\u00ed zbra\u0148 EMP na malou oblast kolem SCU.<\/p>\n\n\n\n<p><strong>N\u00e1klady<\/strong>: M3000, E600000, T4500<\/p>\n<\/div><\/div>\n<\/div><\/section>\n<\/div><\/div>\n<\/div><\/section>\n\n\n\n<section class=\"wp-block-uagb-columns uagb-columns__wrap uagb-columns__background-undefined uagb-columns__stack-mobile uagb-columns__valign-undefined uagb-columns__gap-10 alignundefined uagb-block-2c7a9484\"><div class=\"uagb-columns__overlay\"><\/div><div class=\"uagb-columns__inner-wrap uagb-columns__columns-1\">\n<div class=\"wp-block-uagb-column uagb-column__wrap uagb-column__background-undefined uagb-block-99f04477\"><div class=\"uagb-column__overlay\"><\/div><div class=\"uagb-column__inner-wrap\">\n<h4 class=\"wp-block-heading\">Zadn\u00ed<\/h4>\n\n\n\n<section class=\"wp-block-uagb-columns uagb-columns__wrap uagb-columns__background-undefined uagb-columns__stack-mobile uagb-columns__valign-undefined uagb-columns__gap-10 alignundefined uagb-block-27346be8\"><div class=\"uagb-columns__overlay\"><\/div><div class=\"uagb-columns__inner-wrap uagb-columns__columns-1\">\n<div class=\"wp-block-uagb-column uagb-column__wrap uagb-column__background-undefined uagb-block-33c75d9c\"><div class=\"uagb-column__overlay\"><\/div><div class=\"uagb-column__inner-wrap\">\n<h5 class=\"wp-block-heading\">Osobn\u00ed maskovac\u00ed gener\u00e1tor<\/h5>\n\n\n\n<p>Umo\u017e\u0148uje maskov\u00e1n\u00ed SCU (neviditeln\u00e9). Omni Sensors proraz\u00ed maskov\u00e1n\u00ed.<\/p>\n\n\n\n<p><strong>N\u00e1klady<\/strong>: M3000, E112500 (-500), T4500<\/p>\n<\/div><\/div>\n<\/div><\/section>\n\n\n\n<section class=\"wp-block-uagb-columns uagb-columns__wrap uagb-columns__background-undefined uagb-columns__stack-mobile uagb-columns__valign-undefined uagb-columns__gap-10 alignundefined uagb-block-2be55bf7\"><div class=\"uagb-columns__overlay\"><\/div><div class=\"uagb-columns__inner-wrap uagb-columns__columns-1\">\n<div class=\"wp-block-uagb-column uagb-column__wrap uagb-column__background-undefined uagb-block-122816b5\"><div class=\"uagb-column__overlay\"><\/div><div class=\"uagb-column__inner-wrap\">\n<h5 class=\"wp-block-heading\">Osobn\u00ed tajn\u00fd gener\u00e1tor<\/h5>\n\n\n\n<p>P\u0159id\u00e1v\u00e1 stealth (neviditeln\u00fd pro radar) ke st\u00e1vaj\u00edc\u00edmu maskov\u00e1n\u00ed. Nyn\u00ed mohou SCU vid\u011bt pouze Omni Sensors.<\/p>\n\n\n\n<p><strong>Vy\u017eaduje osobn\u00ed maskovac\u00ed gener\u00e1tor<br>N\u00e1klady<\/strong>: M9000, E1200000 (-500), T9000<\/p>\n<\/div><\/div>\n<\/div><\/section>\n\n\n\n<section class=\"wp-block-uagb-columns uagb-columns__wrap uagb-columns__background-undefined uagb-columns__stack-mobile uagb-columns__valign-undefined uagb-columns__gap-10 alignundefined uagb-block-49187c43\"><div class=\"uagb-columns__overlay\"><\/div><div class=\"uagb-columns__inner-wrap uagb-columns__columns-1\">\n<div class=\"wp-block-uagb-column uagb-column__wrap uagb-column__background-undefined uagb-block-312ea5a9\"><div class=\"uagb-column__overlay\"><\/div><div class=\"uagb-column__inner-wrap\">\n<h5 class=\"wp-block-heading\">Nanitov\u00fd raketov\u00fd syst\u00e9m<\/h5>\n\n\n\n<p>Poskytuje SCU protiletadlovou zbra\u0148 podobnou SAM (ne tak dobrou jako skute\u010dn\u00e1 T3 AA).<\/p>\n\n\n\n<p><strong>N\u00e1klady<\/strong><br>&nbsp;&nbsp;&nbsp; M1500<br>&nbsp;&nbsp;&nbsp; E93750<br>&nbsp;&nbsp;&nbsp; T3750<\/p>\n\n\n\n<p><strong>Nanitov\u00fd raketov\u00fd syst\u00e9m<\/strong> (Anti Air)<br>&nbsp;&nbsp;&nbsp;&nbsp; 36,00 dps<br><strong>rozsah:<\/strong> 60 (1,17 km)<br><strong>st\u0159eln\u00e1 zbra\u0148:<\/strong> 24 po\u0161kozen\u00ed<br><strong>rychlost st\u0159elby:<\/strong> 1,5 (ka\u017ed\u00fdch 0,67 s)<br><em>* \u00farove\u0148 veter\u00e1n\u016f 1: +6 k po\u0161kozen\u00ed<br>* \u00farove\u0148 veter\u00e1n\u016f 3: +6 k po\u0161kozen\u00ed<\/em><\/p>\n<\/div><\/div>\n<\/div><\/section>\n\n\n\n<section class=\"wp-block-uagb-columns uagb-columns__wrap uagb-columns__background-undefined uagb-columns__stack-mobile uagb-columns__valign-undefined uagb-columns__gap-10 alignundefined uagb-block-3a50224b\"><div class=\"uagb-columns__overlay\"><\/div><div class=\"uagb-columns__inner-wrap uagb-columns__columns-1\">\n<div class=\"wp-block-uagb-column uagb-column__wrap uagb-column__background-undefined uagb-block-10437352\"><div class=\"uagb-column__overlay\"><\/div><div class=\"uagb-column__inner-wrap\">\n<h5 class=\"wp-block-heading\">Syst\u00e9m vlastn\u00ed opravy<\/h5>\n\n\n\n<p>Zvy\u0161uje rychlost regenerace SCU na 600.<\/p>\n\n\n\n<p><strong>N\u00e1klady<\/strong>: M2250, E112500, T4500<\/p>\n<\/div><\/div>\n<\/div><\/section>\n<\/div><\/div>\n<\/div><\/section>","protected":false},"excerpt":{"rendered":"<p>SUPPORT COMMAND UNIT &#8211; CYBRAN SCU SCUs are often way too slow to build and use effectively, but they can be an effective damage sink (especially with an upgrade or two) or can simply sit in your base under shields and get a Resource Allocation Upgrade. Cybran SCUs can also get invisibility upgrades and serve [&hellip;]<\/p>","protected":false},"author":1,"featured_media":0,"parent":538,"menu_order":0,"comment_status":"open","ping_status":"closed","template":"","meta":{"_uag_custom_page_level_css":"","site-sidebar-layout":"default","site-content-layout":"default","ast-site-content-layout":"","site-content-style":"default","site-sidebar-style":"default","ast-global-header-display":"","ast-banner-title-visibility":"","ast-main-header-display":"","ast-hfb-above-header-display":"","ast-hfb-below-header-display":"","ast-hfb-mobile-header-display":"","site-post-title":"","ast-breadcrumbs-content":"","ast-featured-img":"","footer-sml-layout":"","theme-transparent-header-meta":"default","adv-header-id-meta":"","stick-header-meta":"","header-above-stick-meta":"","header-main-stick-meta":"","header-below-stick-meta":"","astra-migrate-meta-layouts":"default","ast-page-background-enabled":"default","ast-page-background-meta":{"desktop":{"background-color":"","background-image":"","background-repeat":"repeat","background-position":"center center","background-size":"auto","background-attachment":"scroll","background-type":"","background-media":"","overlay-type":"","overlay-color":"","overlay-gradient":""},"tablet":{"background-color":"","background-image":"","background-repeat":"repeat","background-position":"center center","background-size":"auto","background-attachment":"scroll","background-type":"","background-media":"","overlay-type":"","overlay-color":"","overlay-gradient":""},"mobile":{"background-color":"","background-image":"","background-repeat":"repeat","background-position":"center center","background-size":"auto","background-attachment":"scroll","background-type":"","background-media":"","overlay-type":"","overlay-color":"","overlay-gradient":""}},"ast-content-background-meta":{"desktop":{"background-color":"var(--ast-global-color-5)","background-image":"","background-repeat":"repeat","background-position":"center center","background-size":"auto","background-attachment":"scroll","background-type":"","background-media":"","overlay-type":"","overlay-color":"","overlay-gradient":""},"tablet":{"background-color":"var(--ast-global-color-5)","background-image":"","background-repeat":"repeat","background-position":"center center","background-size":"auto","background-attachment":"scroll","background-type":"","background-media":"","overlay-type":"","overlay-color":"","overlay-gradient":""},"mobile":{"background-color":"var(--ast-global-color-5)","background-image":"","background-repeat":"repeat","background-position":"center center","background-size":"auto","background-attachment":"scroll","background-type":"","background-media":"","overlay-type":"","overlay-color":"","overlay-gradient":""}},"footnotes":""},"uagb_featured_image_src":{"full":false,"thumbnail":false,"medium":false,"medium_large":false,"large":false,"1536x1536":false,"2048x2048":false,"trp-custom-language-flag":false},"uagb_author_info":{"display_name":"SOE","author_link":"https:\/\/supcom.standardof.net\/cs\/author\/k-tastic\/"},"uagb_comment_info":0,"uagb_excerpt":"SUPPORT COMMAND UNIT &#8211; CYBRAN SCU SCUs are often way too slow to build and use effectively, but they can be an effective damage sink (especially with an upgrade or two) or can simply sit in your base under shields and get a Resource Allocation Upgrade. Cybran SCUs can also get invisibility upgrades and serve&hellip;","_links":{"self":[{"href":"https:\/\/supcom.standardof.net\/cs\/wp-json\/wp\/v2\/pages\/551"}],"collection":[{"href":"https:\/\/supcom.standardof.net\/cs\/wp-json\/wp\/v2\/pages"}],"about":[{"href":"https:\/\/supcom.standardof.net\/cs\/wp-json\/wp\/v2\/types\/page"}],"author":[{"embeddable":true,"href":"https:\/\/supcom.standardof.net\/cs\/wp-json\/wp\/v2\/users\/1"}],"replies":[{"embeddable":true,"href":"https:\/\/supcom.standardof.net\/cs\/wp-json\/wp\/v2\/comments?post=551"}],"version-history":[{"count":0,"href":"https:\/\/supcom.standardof.net\/cs\/wp-json\/wp\/v2\/pages\/551\/revisions"}],"up":[{"embeddable":true,"href":"https:\/\/supcom.standardof.net\/cs\/wp-json\/wp\/v2\/pages\/538"}],"wp:attachment":[{"href":"https:\/\/supcom.standardof.net\/cs\/wp-json\/wp\/v2\/media?parent=551"}],"curies":[{"name":"wp","href":"https:\/\/api.w.org\/{rel}","templated":true}]}}