{"id":579,"date":"2020-11-02T10:52:37","date_gmt":"2020-11-02T15:52:37","guid":{"rendered":"https:\/\/supcom.standardof.net\/?page_id=579"},"modified":"2020-11-04T00:31:03","modified_gmt":"2020-11-04T05:31:03","slug":"cybran-tech-3-land-units","status":"publish","type":"page","link":"https:\/\/supcom.standardof.net\/cs\/supreme-commander\/cybran-2\/cybran-tech-3-land-units\/","title":{"rendered":"Cybran Tech 3 pozemn\u00ed jednotky"},"content":{"rendered":"<div class=\"wp-block-uagb-table-of-contents uagb-toc__align-left uagb-toc__columns-1  uagb-block-54bddcb1\"\n\t\t\t\t\tdata-scroll= \"1\"\n\t\t\t\t\tdata-offset= \"30\"\n\t\t\t\t\tstyle=\"\"\n\t\t\t\t>\n\t\t\t\t<div class=\"uagb-toc__wrap\">\n\t\t\t\t\t\t<div class=\"uagb-toc__title\">\n\t\t\t\t\t\t\tCybran Tech 3 Pozemn\u00ed jednotky:\t\t\t\t\t\t<\/div>\n\t\t\t\t\t\t\t\t\t\t\t\t\t\t\t\t<div class=\"uagb-toc__list-wrap\">\n\t\t\t\t\t\t<ol class=\"uagb-toc__list\"><li class=\"uagb-toc__list\"><a href=\"#t3-engineer-tech-3-cybran-constructor\" class=\"uagb-toc-link__trigger\">T3 ENGINEER - TECH 3 CYBRAN CONSTRUCTOR<\/a><li class=\"uagb-toc__list\"><a href=\"#loyalist-siege-assault-bot\" class=\"uagb-toc-link__trigger\">LOYALISTA - SIEGE ASSAULT BOT<\/a><li class=\"uagb-toc__list\"><a href=\"#trebuchet-mobile-heavy-artillery\" class=\"uagb-toc-link__trigger\">TREBUCHET - MOBILN\u00cd T\u011a\u017dK\u00c9 D\u011alost\u0159electvo<\/a><\/ol>\t\t\t\t\t<\/div>\n\t\t\t\t\t\t\t\t\t<\/div>\n\t\t\t\t<\/div>\n\t\t\t\n\n\n<section class=\"wp-block-uagb-columns uagb-columns__wrap uagb-columns__background-undefined uagb-columns__stack-mobile uagb-columns__valign-undefined uagb-columns__gap-10 alignundefined uagb-block-dc5752f1\"><div class=\"uagb-columns__overlay\"><\/div><div class=\"uagb-columns__inner-wrap uagb-columns__columns-1\">\n<div class=\"wp-block-uagb-column uagb-column__wrap uagb-column__background-undefined uagb-block-a73609e9\"><div class=\"uagb-column__overlay\"><\/div><div class=\"uagb-column__inner-wrap\">\n<h2 class=\"wp-block-heading\"><strong>IN\u017dEN\u00ddR T3 <\/strong>- TECH 3 CYBRAN CONSTRUCTOR<\/h2>\n\n\n\n<p>T3 Engineer se objevuje mnohem \u010dast\u011bji ne\u017e ostatn\u00ed in\u017een\u00fd\u0159i; jeden by m\u011bl b\u00fdt v\u017edy prvn\u00ed v\u011bc z va\u0161\u00ed tov\u00e1rny. Mohou nastartovat va\u0161i ekonomiku, pom\u00e1hat tov\u00e1rn\u00e1m u\u017eite\u010dn\u00fdm tempem a dostat v\u00e1s do koncovky. Nikdy nen\u00ed \u0161patn\u00e9 m\u00edt p\u0159\u00edli\u0161 mnoho in\u017een\u00fdr\u016f. Nav\u00edc, pokud jsou posl\u00e1ni k budov\u00e1n\u00ed obrany nebo oprav\u011b rozhoduj\u00edc\u00edho c\u00edle, vydr\u017e\u00ed pod nep\u0159\u00e1telskou palbou mnohem d\u00e9le. Bohu\u017eel, tito mu\u017ei jsou velmi pomal\u00ed - nap\u016fl tak rychl\u00ed jako podp\u016frn\u00e9 jednotky T2.<\/p>\n\n\n\n<div class=\"wp-block-image\"><figure class=\"aligncenter size-large\"><a href=\"https:\/\/supcom.standardof.net\/cs\/supreme-commander\/cybran-2\/cybran-tech-3-land-units\/cybran-tech-3-engineer-supreme-commander-cybran-tech-1-land-units\/\"><img decoding=\"async\" width=\"438\" height=\"324\" src=\"https:\/\/supcom.standardof.net\/wp-content\/uploads\/sites\/8\/2020\/11\/Cybran-Tech-3-Engineer-Supreme-Commander-Cybran-Tech-1-Land-Units.jpg\" alt=\"In\u017een\u00fdr T3, pozemn\u00ed jednotka Cybran Tech 3 ve vrchn\u00edm veliteli.\" class=\"wp-image-582\" srcset=\"https:\/\/supcom.standardof.net\/wp-content\/uploads\/sites\/8\/2020\/11\/Cybran-Tech-3-Engineer-Supreme-Commander-Cybran-Tech-1-Land-Units.jpg 438w, https:\/\/supcom.standardof.net\/wp-content\/uploads\/sites\/8\/2020\/11\/Cybran-Tech-3-Engineer-Supreme-Commander-Cybran-Tech-1-Land-Units-200x148.jpg 200w, https:\/\/supcom.standardof.net\/wp-content\/uploads\/sites\/8\/2020\/11\/Cybran-Tech-3-Engineer-Supreme-Commander-Cybran-Tech-1-Land-Units-16x12.jpg 16w\" sizes=\"(max-width: 438px) 100vw, 438px\" \/><\/a><figcaption>ENGINEER - TECH 3 CYBRAN CONSTRUCTOR<\/figcaption><\/figure><\/div>\n\n\n\n<section class=\"wp-block-uagb-columns uagb-columns__wrap uagb-columns__background-undefined uagb-columns__stack-mobile uagb-columns__valign-undefined uagb-columns__gap-10 alignundefined uagb-block-9bbd651c\"><div class=\"uagb-columns__overlay\"><\/div><div class=\"uagb-columns__inner-wrap uagb-columns__columns-2\">\n<div class=\"wp-block-uagb-column uagb-column__wrap uagb-column__background-undefined uagb-block-8d9b8d65\"><div class=\"uagb-column__overlay\"><\/div><div class=\"uagb-column__inner-wrap\">\n<h3 class=\"wp-block-heading\">Statistiky in\u017een\u00fdra T3<\/h3>\n\n\n\n<p><strong>Zbroj:<\/strong> 1350 kon\u00ed<br><strong>Schopnosti: <\/strong>Engineering Suite, Amphibious<br><strong>N\u00e1klady:<\/strong> M561, E2970, T990<br>&nbsp;&nbsp;&nbsp;&nbsp; rychlost sestaven\u00ed: 15<br>&nbsp;&nbsp;&nbsp;&nbsp; skladov\u00e1n\u00ed: M20, E100<br><strong>Intel<\/strong><br>&nbsp;&nbsp;&nbsp;&nbsp; pohled: 26 (508 m)<br><strong>Fyzika<\/strong><br>&nbsp;&nbsp;&nbsp;&nbsp; maxim\u00e1ln\u00ed rychlost: 1,6 (31,3 m \/ s)<br>&nbsp;&nbsp;&nbsp;&nbsp; rychlost ot\u00e1\u010den\u00ed: 70<br><em>* \u00farove\u0148 veter\u00e1n\u016f 2: +338 k<br>* \u00farove\u0148 veter\u00e1n\u016f 4: +338 k<br>* \u00farove\u0148 veter\u00e1n\u016f 5: oprava 2 hp \/ s<\/em><\/p>\n<\/div><\/div>\n\n\n\n<div class=\"wp-block-uagb-column uagb-column__wrap uagb-column__background-undefined uagb-block-6bc831dd\"><div class=\"uagb-column__overlay\"><\/div><div class=\"uagb-column__inner-wrap\"><\/div><\/div>\n<\/div><\/section>\n<\/div><\/div>\n<\/div><\/section>\n\n\n\n<section class=\"wp-block-uagb-columns uagb-columns__wrap uagb-columns__background-undefined uagb-columns__stack-mobile uagb-columns__valign-undefined uagb-columns__gap-10 alignundefined uagb-block-d69e8d97\"><div class=\"uagb-columns__overlay\"><\/div><div class=\"uagb-columns__inner-wrap uagb-columns__columns-1\">\n<div class=\"wp-block-uagb-column uagb-column__wrap uagb-column__background-undefined uagb-block-aa58e628\"><div class=\"uagb-column__overlay\"><\/div><div class=\"uagb-column__inner-wrap\">\n<h2 class=\"wp-block-heading\"><strong>LOYALISTA <\/strong>- SIEGE ASSAULT BOT<\/h2>\n\n\n\n<p><a href=\"https:\/\/www.standardof.net\/wp-content\/uploads\/2012\/12\/Loyalist-Siege-Assault-Bot.png\" class=\"rank-math-link\" target=\"_blank\" rel=\"noopener\"><\/a>Loyalist zp\u016fsob\u00ed velk\u00e9 po\u0161kozen\u00ed, rozd\u011bl\u00ed se na dv\u011b d\u011bla, aby byl \u00fa\u010dinn\u011bj\u0161\u00ed proti v\u00edce c\u00edl\u016fm, a jeho zdrav\u00ed st\u00e1le p\u0159ekon\u00e1v\u00e1 v\u0161e, co nen\u00ed \u00fato\u010dn\u00fdm robotem T3 jin\u00e9 strany, ale jeho n\u00edzk\u00fd dost\u0159el a brn\u011bn\u00ed je u\u017eite\u010dn\u011bj\u0161\u00ed jako n\u00e1hrada sv\u00e9 pozemn\u00ed s\u00edly, ne\u017e jako taktick\u00fd \u00fader proti nep\u0159\u00e1telsk\u00e9mu veliteli. Na rozd\u00edl od v\u011bt\u0161iny jednotek Cybran je ve skute\u010dnosti levn\u011bj\u0161\u00ed ne\u017e jeho prot\u011bj\u0161ky, co\u017e znamen\u00e1, \u017ee m\u016f\u017eete m\u00edt malou v\u00fdhodu, pokud je dr\u017e\u00edte zp\u011bt se sv\u00fdmi kompy Viper. Je tak\u00e9 vhodn\u00fd pro z\u00edsk\u00e1n\u00ed n\u00e1skoku p\u0159ed nep\u0159\u00e1telsk\u00fdmi silami T2, proto\u017ee je t\u011b\u017e\u0161\u00ed zas\u00e1hnout mobiln\u00ed odpalovac\u00ed za\u0159\u00edzen\u00ed.<\/p>\n\n\n\n<div class=\"wp-block-image\"><figure class=\"aligncenter size-large\"><a href=\"https:\/\/supcom.standardof.net\/cs\/supreme-commander\/cybran-2\/cybran-tech-3-land-units\/loyalist-siege-assault-bot-supreme-commander-cybran-tech-1-land-units\/\"><img decoding=\"async\" width=\"514\" height=\"466\" src=\"https:\/\/supcom.standardof.net\/wp-content\/uploads\/sites\/8\/2020\/11\/Loyalist-Siege-Assault-Bot-Supreme-Commander-Cybran-Tech-1-Land-Units.jpg\" alt=\"Loyalist Siege Assault Bot, pozemn\u00ed jednotka Cybran Tech 3 ve vrchn\u00edm veliteli.\" class=\"wp-image-583\" srcset=\"https:\/\/supcom.standardof.net\/wp-content\/uploads\/sites\/8\/2020\/11\/Loyalist-Siege-Assault-Bot-Supreme-Commander-Cybran-Tech-1-Land-Units.jpg 514w, https:\/\/supcom.standardof.net\/wp-content\/uploads\/sites\/8\/2020\/11\/Loyalist-Siege-Assault-Bot-Supreme-Commander-Cybran-Tech-1-Land-Units-512x464.jpg 512w, https:\/\/supcom.standardof.net\/wp-content\/uploads\/sites\/8\/2020\/11\/Loyalist-Siege-Assault-Bot-Supreme-Commander-Cybran-Tech-1-Land-Units-200x181.jpg 200w, https:\/\/supcom.standardof.net\/wp-content\/uploads\/sites\/8\/2020\/11\/Loyalist-Siege-Assault-Bot-Supreme-Commander-Cybran-Tech-1-Land-Units-13x12.jpg 13w\" sizes=\"(max-width: 514px) 100vw, 514px\" \/><\/a><figcaption>LOYALISTA - SIEGE ASSAULT BOT<\/figcaption><\/figure><\/div>\n\n\n\n<section class=\"wp-block-uagb-columns uagb-columns__wrap uagb-columns__background-undefined uagb-columns__stack-mobile uagb-columns__valign-undefined uagb-columns__gap-10 alignundefined uagb-block-a456628a\"><div class=\"uagb-columns__overlay\"><\/div><div class=\"uagb-columns__inner-wrap uagb-columns__columns-2\">\n<div class=\"wp-block-uagb-column uagb-column__wrap uagb-column__background-undefined uagb-block-f7e6fcd3\"><div class=\"uagb-column__overlay\"><\/div><div class=\"uagb-column__inner-wrap\">\n<h3 class=\"wp-block-heading\">Loaj\u00e1ln\u00ed statistiky<\/h3>\n\n\n\n<p><strong>Zbroj:<\/strong> 4200 hp<br><strong>N\u00e1klady:<\/strong> M510, E3990, T1200<br><strong>Intel<\/strong><br>&nbsp;&nbsp;&nbsp;&nbsp; pohled: 25 (488 m)<br><strong>Fyzika<\/strong><br>&nbsp;&nbsp;&nbsp;&nbsp; maxim\u00e1ln\u00ed rychlost: 3 (58,6 m \/ s)<br>&nbsp;&nbsp;&nbsp;&nbsp; rychlost ot\u00e1\u010den\u00ed: 146<br><strong>Transportn\u00ed t\u0159\u00edda:<\/strong> 3<br><strong>Veter\u00e1nstv\u00ed: <\/strong>30, 60, 150, 300, 600 zabit\u00ed<br><em>* \u00farove\u0148 veter\u00e1n\u016f 2: +250 k<br>* \u00farove\u0148 veter\u00e1n\u016f 4: +250 k<br>* \u00farove\u0148 veter\u00e1n\u016f 5: oprava 2 hp \/ s<\/em><\/p>\n<\/div><\/div>\n\n\n\n<div class=\"wp-block-uagb-column uagb-column__wrap uagb-column__background-undefined uagb-block-9e26872f\"><div class=\"uagb-column__overlay\"><\/div><div class=\"uagb-column__inner-wrap\">\n<h3 class=\"wp-block-heading\">Loaj\u00e1ln\u00ed zbran\u011b<\/h3>\n\n\n\n<p><strong>Pulzn\u00ed laser dezintegr\u00e1toru<\/strong> (P\u0159\u00edm\u00e1 palba)<br>&nbsp;&nbsp;&nbsp;&nbsp; 82,50 dps,<br><strong>rozsah:<\/strong> 25 (488 m)<br><strong>st\u0159eln\u00e1 zbra\u0148:<\/strong> 55 po\u0161kozen\u00ed<br>&nbsp;&nbsp;&nbsp;&nbsp; x 3 st\u0159ely = 165 po\u0161kozen\u00ed na salvu<br><strong>rychlost st\u0159elby:<\/strong> 3 (ka\u017ed\u00fdch 0,33 s)<br><em>* \u00farove\u0148 veter\u00e1n\u016f 1: po\u0161kozen\u00ed +14<br>* \u00farove\u0148 veter\u00e1n\u016f 3: po\u0161kozen\u00ed +14<\/em><\/p>\n\n\n\n<p><strong>Heavy Electron Bolter<\/strong> (P\u0159\u00edm\u00e1 palba)<br>&nbsp;&nbsp;&nbsp;&nbsp; 33,33 dps<br>dosah: 25 (488 m)<br>st\u0159eln\u00e1 zbra\u0148: 10 po\u0161kozen\u00ed<br>rychlost st\u0159elby: 3,33 (ka\u017ed\u00fdch 0,3 s)<br><em>* \u00farove\u0148 veter\u00e1n\u016f 1: +3 po\u0161kozen\u00ed<br>* \u00farove\u0148 veter\u00e1n\u016f 3: +3 po\u0161kozen\u00ed<\/em><\/p>\n\n\n\n<p><strong>EMP Death Blast<\/strong>&nbsp;<br>&nbsp;&nbsp;&nbsp;&nbsp; 0,50 dps<br>plocha: 10 (195m)<br>st\u0159eln\u00e1 zbra\u0148: 1 po\u0161kozen\u00ed<br><em>* Omr\u00e1\u010d\u00ed nep\u0159\u00e1telsk\u00e9 jednotky<\/em><\/p>\n<\/div><\/div>\n<\/div><\/section>\n<\/div><\/div>\n<\/div><\/section>\n\n\n\n<section class=\"wp-block-uagb-columns uagb-columns__wrap uagb-columns__background-undefined uagb-columns__stack-mobile uagb-columns__valign-undefined uagb-columns__gap-10 alignundefined uagb-block-f7e81700\"><div class=\"uagb-columns__overlay\"><\/div><div class=\"uagb-columns__inner-wrap uagb-columns__columns-1\">\n<div class=\"wp-block-uagb-column uagb-column__wrap uagb-column__background-undefined uagb-block-0984fdb7\"><div class=\"uagb-column__overlay\"><\/div><div class=\"uagb-column__inner-wrap\">\n<h2 class=\"wp-block-heading\"><strong>TREBUCHET <\/strong>- MOBILN\u00cd T\u011a\u017dK\u00c9 D\u011alost\u0159electvo<\/h2>\n\n\n\n<p><a href=\"https:\/\/www.standardof.net\/wp-content\/uploads\/2012\/12\/Trebuchet-Mobile-Heavy-Artillery.png\" class=\"rank-math-link\" target=\"_blank\" rel=\"noopener\"><\/a>Cybransk\u00e9 t\u011b\u017ek\u00e9 d\u011blost\u0159electvo je sp\u00ed\u0161e nev\u00fdrazn\u00e9, proto\u017ee s ka\u017ed\u00fdm v\u00fdst\u0159elem ve skute\u010dnosti tolik \u0161kody neud\u011bl\u00e1. Jeho mimo\u0159\u00e1dn\u011b \u0161irok\u00e1 oblast p\u016fsoben\u00ed by byla skv\u011bl\u00e1, kdyby se mohla pohybovat p\u0159i st\u0159elb\u011b jako d\u011blost\u0159electvo Aeon, ale m\u00edsto toho by se jen rozptylovala nad nep\u0159\u00e1telsk\u00fdmi \u0161t\u00edty. Pomal\u00e1 rychlost st\u0159elby v kombinaci s gener\u00e1torem tajnosti Cybran v\u00e1m umo\u017en\u00ed z\u00edskat prvn\u00ed v\u00fdst\u0159el, ale pokud to nen\u00ed jedin\u00fd velk\u00fd bod, kter\u00fd mus\u00edte p\u0159edjet sv\u00e9ho protivn\u00edka, nestoj\u00ed to za mikromana\u017ement.<\/p>\n\n\n\n<div class=\"wp-block-image\"><figure class=\"aligncenter size-large\"><a href=\"https:\/\/supcom.standardof.net\/cs\/supreme-commander\/cybran-2\/cybran-tech-3-land-units\/trebuchet-mobile-heavy-artillery-supreme-commander-cybran-tech-1-land-units\/\"><img decoding=\"async\" width=\"492\" height=\"402\" src=\"https:\/\/supcom.standardof.net\/wp-content\/uploads\/sites\/8\/2020\/11\/Trebuchet-Mobile-Heavy-Artillery-Supreme-Commander-Cybran-Tech-1-Land-Units.jpg\" alt=\"Trebuchet Mobile Heavy Artillery, Cybran Tech 3 Land Unit in Supreme Commander.\" class=\"wp-image-581\" srcset=\"https:\/\/supcom.standardof.net\/wp-content\/uploads\/sites\/8\/2020\/11\/Trebuchet-Mobile-Heavy-Artillery-Supreme-Commander-Cybran-Tech-1-Land-Units.jpg 492w, https:\/\/supcom.standardof.net\/wp-content\/uploads\/sites\/8\/2020\/11\/Trebuchet-Mobile-Heavy-Artillery-Supreme-Commander-Cybran-Tech-1-Land-Units-200x163.jpg 200w, https:\/\/supcom.standardof.net\/wp-content\/uploads\/sites\/8\/2020\/11\/Trebuchet-Mobile-Heavy-Artillery-Supreme-Commander-Cybran-Tech-1-Land-Units-16x12.jpg 16w\" sizes=\"(max-width: 492px) 100vw, 492px\" \/><\/a><figcaption>TREBUCHET - MOBILN\u00cd T\u011a\u017dK\u00c9 D\u011alost\u0159electvo<\/figcaption><\/figure><\/div>\n\n\n\n<section class=\"wp-block-uagb-columns uagb-columns__wrap uagb-columns__background-undefined uagb-columns__stack-mobile uagb-columns__valign-undefined uagb-columns__gap-10 alignundefined uagb-block-840c391f\"><div class=\"uagb-columns__overlay\"><\/div><div class=\"uagb-columns__inner-wrap uagb-columns__columns-2\">\n<div class=\"wp-block-uagb-column uagb-column__wrap uagb-column__background-undefined uagb-block-f629327d\"><div class=\"uagb-column__overlay\"><\/div><div class=\"uagb-column__inner-wrap\">\n<h3 class=\"wp-block-heading\">Statistiky Trebuchet<\/h3>\n\n\n\n<p><strong>Zbroj:<\/strong> 850 hp<br><strong>Schopnosti:<\/strong> Nasazen\u00ed (nepohybliv\u00e9 p\u0159i st\u0159elb\u011b)<br><strong>N\u00e1klady:<\/strong> M800, E8000, T2400<br><strong>Intel<\/strong><br>&nbsp;&nbsp;&nbsp;&nbsp; pohled: 26 (508 m)<br><strong>Fyzika<\/strong><br>&nbsp;&nbsp;&nbsp;&nbsp; maxim\u00e1ln\u00ed rychlost: 2,7 (52,7 m \/ s)<br>&nbsp;&nbsp;&nbsp;&nbsp; rychlost ot\u00e1\u010den\u00ed: 20<br><strong>Transportn\u00ed t\u0159\u00edda:<\/strong> 3<strong><br>Veter\u00e1nstv\u00ed:<\/strong> 30, 60, 150, 300, 600 zabit\u00ed<br><em>* \u00farove\u0148 veter\u00e1n\u016f 2: +213 hp<br>* \u00farove\u0148 veter\u00e1n\u016f 4: +213 hp<br>* \u00farove\u0148 veter\u00e1n\u016f 5: oprava 2 hp \/ s<\/em><\/p>\n<\/div><\/div>\n\n\n\n<div class=\"wp-block-uagb-column uagb-column__wrap uagb-column__background-undefined uagb-block-75419839\"><div class=\"uagb-column__overlay\"><\/div><div class=\"uagb-column__inner-wrap\">\n<h3 class=\"wp-block-heading\">Trebuchet Zbran\u011b<\/h3>\n\n\n\n<p><strong>Protonov\u00e9 d\u011blost\u0159electvo<\/strong> (D\u011blost\u0159electvo)<br>&nbsp;&nbsp;&nbsp;&nbsp; 35,00 dps, plocha: 7 (137m)<br>rozsah: 25 (488 m) - 70 (1,37 km)<br>st\u0159eln\u00e1 zbra\u0148: po\u0161kozen\u00ed 700<br>rychlost st\u0159elby: 0,05 (ka\u017ed\u00fdch 20 s)<br><em>* \u00farove\u0148 veter\u00e1n\u016f 1: +175 po\u0161kozen\u00ed<br>* \u00farove\u0148 veter\u00e1n\u016f 3: +175 po\u0161kozen\u00ed<\/em><\/p>\n<\/div><\/div>\n<\/div><\/section>\n<\/div><\/div>\n<\/div><\/section>","protected":false},"excerpt":{"rendered":"<p>T3 ENGINEER \u2013 TECH 3 CYBRAN CONSTRUCTOR The T3 Engineer shows up much more frequently than the other engineers; one should always be the first thing out of your factory. They can jumpstart your economy, assist factories at a useful rate, and get you into the endgame. It&#8217;s never bad to have too many engineers. [&hellip;]<\/p>","protected":false},"author":1,"featured_media":0,"parent":538,"menu_order":0,"comment_status":"open","ping_status":"closed","template":"","meta":{"_uag_custom_page_level_css":"","site-sidebar-layout":"default","site-content-layout":"default","ast-site-content-layout":"","site-content-style":"default","site-sidebar-style":"default","ast-global-header-display":"","ast-banner-title-visibility":"","ast-main-header-display":"","ast-hfb-above-header-display":"","ast-hfb-below-header-display":"","ast-hfb-mobile-header-display":"","site-post-title":"","ast-breadcrumbs-content":"","ast-featured-img":"","footer-sml-layout":"","theme-transparent-header-meta":"default","adv-header-id-meta":"","stick-header-meta":"","header-above-stick-meta":"","header-main-stick-meta":"","header-below-stick-meta":"","astra-migrate-meta-layouts":"default","ast-page-background-enabled":"default","ast-page-background-meta":{"desktop":{"background-color":"","background-image":"","background-repeat":"repeat","background-position":"center center","background-size":"auto","background-attachment":"scroll","background-type":"","background-media":"","overlay-type":"","overlay-color":"","overlay-gradient":""},"tablet":{"background-color":"","background-image":"","background-repeat":"repeat","background-position":"center center","background-size":"auto","background-attachment":"scroll","background-type":"","background-media":"","overlay-type":"","overlay-color":"","overlay-gradient":""},"mobile":{"background-color":"","background-image":"","background-repeat":"repeat","background-position":"center center","background-size":"auto","background-attachment":"scroll","background-type":"","background-media":"","overlay-type":"","overlay-color":"","overlay-gradient":""}},"ast-content-background-meta":{"desktop":{"background-color":"var(--ast-global-color-5)","background-image":"","background-repeat":"repeat","background-position":"center center","background-size":"auto","background-attachment":"scroll","background-type":"","background-media":"","overlay-type":"","overlay-color":"","overlay-gradient":""},"tablet":{"background-color":"var(--ast-global-color-5)","background-image":"","background-repeat":"repeat","background-position":"center center","background-size":"auto","background-attachment":"scroll","background-type":"","background-media":"","overlay-type":"","overlay-color":"","overlay-gradient":""},"mobile":{"background-color":"var(--ast-global-color-5)","background-image":"","background-repeat":"repeat","background-position":"center center","background-size":"auto","background-attachment":"scroll","background-type":"","background-media":"","overlay-type":"","overlay-color":"","overlay-gradient":""}},"footnotes":""},"uagb_featured_image_src":{"full":false,"thumbnail":false,"medium":false,"medium_large":false,"large":false,"1536x1536":false,"2048x2048":false,"trp-custom-language-flag":false},"uagb_author_info":{"display_name":"SOE","author_link":"https:\/\/supcom.standardof.net\/cs\/author\/k-tastic\/"},"uagb_comment_info":0,"uagb_excerpt":"T3 ENGINEER \u2013 TECH 3 CYBRAN CONSTRUCTOR The T3 Engineer shows up much more frequently than the other engineers; one should always be the first thing out of your factory. They can jumpstart your economy, assist factories at a useful rate, and get you into the endgame. It&#8217;s never bad to have too many engineers.&hellip;","_links":{"self":[{"href":"https:\/\/supcom.standardof.net\/cs\/wp-json\/wp\/v2\/pages\/579"}],"collection":[{"href":"https:\/\/supcom.standardof.net\/cs\/wp-json\/wp\/v2\/pages"}],"about":[{"href":"https:\/\/supcom.standardof.net\/cs\/wp-json\/wp\/v2\/types\/page"}],"author":[{"embeddable":true,"href":"https:\/\/supcom.standardof.net\/cs\/wp-json\/wp\/v2\/users\/1"}],"replies":[{"embeddable":true,"href":"https:\/\/supcom.standardof.net\/cs\/wp-json\/wp\/v2\/comments?post=579"}],"version-history":[{"count":0,"href":"https:\/\/supcom.standardof.net\/cs\/wp-json\/wp\/v2\/pages\/579\/revisions"}],"up":[{"embeddable":true,"href":"https:\/\/supcom.standardof.net\/cs\/wp-json\/wp\/v2\/pages\/538"}],"wp:attachment":[{"href":"https:\/\/supcom.standardof.net\/cs\/wp-json\/wp\/v2\/media?parent=579"}],"curies":[{"name":"wp","href":"https:\/\/api.w.org\/{rel}","templated":true}]}}