{"id":587,"date":"2020-11-02T13:59:18","date_gmt":"2020-11-02T18:59:18","guid":{"rendered":"https:\/\/supcom.standardof.net\/?page_id=587"},"modified":"2020-11-04T00:31:57","modified_gmt":"2020-11-04T05:31:57","slug":"cybran-tech-1-air-units","status":"publish","type":"page","link":"https:\/\/supcom.standardof.net\/cs\/supreme-commander\/cybran-2\/cybran-tech-1-air-units\/","title":{"rendered":"Vzduchov\u00e9 jednotky Cybran Tech 1"},"content":{"rendered":"<div class=\"wp-block-uagb-table-of-contents uagb-toc__align-left uagb-toc__columns-1  uagb-block-6625e1c4\"\n\t\t\t\t\tdata-scroll= \"1\"\n\t\t\t\t\tdata-offset= \"30\"\n\t\t\t\t\tstyle=\"\"\n\t\t\t\t>\n\t\t\t\t<div class=\"uagb-toc__wrap\">\n\t\t\t\t\t\t<div class=\"uagb-toc__title\">\n\t\t\t\t\t\t\tVzduchov\u00e9 jednotky Cybran Tech 1:\t\t\t\t\t\t<\/div>\n\t\t\t\t\t\t\t\t\t\t\t\t\t\t\t\t<div class=\"uagb-toc__list-wrap\">\n\t\t\t\t\t\t<ol class=\"uagb-toc__list\"><li class=\"uagb-toc__list\"><a href=\"#flying-eyes-air-scout\" class=\"uagb-toc-link__trigger\">FLYING EYES - AIR SCOUT<\/a><li class=\"uagb-toc__list\"><a href=\"#prowler-interceptor\" class=\"uagb-toc-link__trigger\">PROWLER - INTERCEPTOR<\/a><li class=\"uagb-toc__list\"><a href=\"#zeus-attack-bomber\" class=\"uagb-toc-link__trigger\">ZEUS - \u00daTO\u010cN\u00c1 BOMBA<\/a><li class=\"uagb-toc__list\"><a href=\"#skyhook-light-air-transport\" class=\"uagb-toc-link__trigger\">SKYHOOK - LEHK\u00c1 LETECK\u00c1 DOPRAVA<\/a><\/ol>\t\t\t\t\t<\/div>\n\t\t\t\t\t\t\t\t\t<\/div>\n\t\t\t\t<\/div>\n\t\t\t\n\n\n<section class=\"wp-block-uagb-columns uagb-columns__wrap uagb-columns__background-undefined uagb-columns__stack-mobile uagb-columns__valign-undefined uagb-columns__gap-10 alignundefined uagb-block-3d05a265\"><div class=\"uagb-columns__overlay\"><\/div><div class=\"uagb-columns__inner-wrap uagb-columns__columns-1\">\n<div class=\"wp-block-uagb-column uagb-column__wrap uagb-column__background-undefined uagb-block-54871dc0\"><div class=\"uagb-column__overlay\"><\/div><div class=\"uagb-column__inner-wrap\">\n<h2 class=\"wp-block-heading\"><strong>L\u00e9taj\u00edc\u00ed o\u010di<\/strong> - AIR SCOUT<\/h2>\n\n\n\n<p><a href=\"https:\/\/www.standardof.net\/wp-content\/uploads\/2012\/12\/Flying-Eyes-Air-Scout.png\" class=\"rank-math-link\" target=\"_blank\" rel=\"noopener\"><\/a>Air Scout je extr\u00e9mn\u011b levn\u00fd a d\u00edky t\u00e9to ctnosti je u\u017eite\u010dn\u00fd. Zat\u00edmco interceptor se \u010dasto dostane d\u00e1le na nep\u0159\u00e1telskou z\u00e1kladnu, jedin\u00fd leteck\u00fd pr\u016fzkumn\u00edk ve va\u0161\u00ed front\u011b v\u00e1m umo\u017en\u00ed nahromadit sadu pr\u016fzkumn\u00edk\u016f, kte\u0159\u00ed mohou k\u0159i\u017eovat mapu a hledat lehce br\u00e1n\u011bnou cestu dovnit\u0159 a za m\u00e9n\u011b ne\u017e 1 hmotu za sekundu. Cybransk\u00fd zv\u011bd m\u00e1 ve skute\u010dnosti p\u0159ekvapiv\u011b velk\u00fd rozsah zraku, aby mohl konkurovat jejich pozemn\u00edmu zv\u011bdovi.<\/p>\n\n\n\n<div class=\"wp-block-image\"><figure class=\"aligncenter size-large\"><a href=\"https:\/\/supcom.standardof.net\/cs\/supreme-commander\/cybran-2\/cybran-tech-1-air-units\/flying-eyes-air-scout-supreme-commander-cybran-tech-1-air-units\/\"><img decoding=\"async\" width=\"678\" height=\"540\" src=\"https:\/\/supcom.standardof.net\/wp-content\/uploads\/sites\/8\/2020\/11\/Flying-Eyes-Air-Scout-Supreme-Commander-Cybran-Tech-1-Air-Units.jpg\" alt=\"Leteck\u00fd zv\u011bd Flying Eyes, leteck\u00e1 jednotka Cybran Tech 1 ve vrchn\u00edm veliteli.\" class=\"wp-image-588\" srcset=\"https:\/\/supcom.standardof.net\/wp-content\/uploads\/sites\/8\/2020\/11\/Flying-Eyes-Air-Scout-Supreme-Commander-Cybran-Tech-1-Air-Units.jpg 678w, https:\/\/supcom.standardof.net\/wp-content\/uploads\/sites\/8\/2020\/11\/Flying-Eyes-Air-Scout-Supreme-Commander-Cybran-Tech-1-Air-Units-512x408.jpg 512w, https:\/\/supcom.standardof.net\/wp-content\/uploads\/sites\/8\/2020\/11\/Flying-Eyes-Air-Scout-Supreme-Commander-Cybran-Tech-1-Air-Units-200x159.jpg 200w, https:\/\/supcom.standardof.net\/wp-content\/uploads\/sites\/8\/2020\/11\/Flying-Eyes-Air-Scout-Supreme-Commander-Cybran-Tech-1-Air-Units-16x12.jpg 16w\" sizes=\"(max-width: 678px) 100vw, 678px\" \/><\/a><figcaption>FLYING EYES - AIR SCOUT<\/figcaption><\/figure><\/div>\n\n\n\n<section class=\"wp-block-uagb-columns uagb-columns__wrap uagb-columns__background-undefined uagb-columns__stack-mobile uagb-columns__valign-undefined uagb-columns__gap-10 alignundefined uagb-block-182854c9\"><div class=\"uagb-columns__overlay\"><\/div><div class=\"uagb-columns__inner-wrap uagb-columns__columns-2\">\n<div class=\"wp-block-uagb-column uagb-column__wrap uagb-column__background-undefined uagb-block-67290363\"><div class=\"uagb-column__overlay\"><\/div><div class=\"uagb-column__inner-wrap\">\n<h3 class=\"wp-block-heading\">Statistiky l\u00e9taj\u00edc\u00edch o\u010d\u00ed<\/h3>\n\n\n\n<p><strong>Zbroj:<\/strong> 3 hp (lehk\u00fd)<br><strong>N\u00e1klady:<\/strong> M12, E600, T140<br><strong>Intel<\/strong><br>     pohled: 80 (1,56 km)<br><strong>Fyzika<\/strong><br>     maxim\u00e1ln\u00ed rychlost: 10 (195 m \/ s)<br>     rychlost ot\u00e1\u010den\u00ed: 100<br>     nadmo\u0159sk\u00e1 v\u00fd\u0161ka: 20 (391 m)<br><strong>Transportn\u00ed t\u0159\u00edda:<\/strong> 1<br><em>* \u00farove\u0148 veter\u00e1n\u016f 2: +1 hp<br>* \u00farove\u0148 veter\u00e1n\u016f 4: +1 hp<br>* \u00farove\u0148 veter\u00e1n\u016f 5: oprava 1 hp \/ s<\/em><\/p>\n<\/div><\/div>\n\n\n\n<div class=\"wp-block-uagb-column uagb-column__wrap uagb-column__background-undefined uagb-block-74a26d45\"><div class=\"uagb-column__overlay\"><\/div><div class=\"uagb-column__inner-wrap\">\n<h3 class=\"wp-block-heading\">L\u00e9taj\u00edc\u00ed o\u010di zbran\u011b<\/h3>\n\n\n\n<p><strong>Leteck\u00e1 nehoda<\/strong> (Smrt)<br>10 po\u0161kozen\u00ed<br><strong>plocha:<\/strong> 1 (19,5 m)<\/p>\n<\/div><\/div>\n<\/div><\/section>\n<\/div><\/div>\n<\/div><\/section>\n\n\n\n<section class=\"wp-block-uagb-columns uagb-columns__wrap uagb-columns__background-undefined uagb-columns__stack-mobile uagb-columns__valign-undefined uagb-columns__gap-10 alignundefined uagb-block-25b241ac\"><div class=\"uagb-columns__overlay\"><\/div><div class=\"uagb-columns__inner-wrap uagb-columns__columns-1\">\n<div class=\"wp-block-uagb-column uagb-column__wrap uagb-column__background-undefined uagb-block-7c805ca7\"><div class=\"uagb-column__overlay\"><\/div><div class=\"uagb-column__inner-wrap\">\n<h2 class=\"wp-block-heading\"><strong>TUL\u00c1K <\/strong>- INTERCEPTOR<\/h2>\n\n\n\n<p><a href=\"https:\/\/www.standardof.net\/wp-content\/uploads\/2012\/12\/Prowler-Interceptor.png\" class=\"rank-math-link\" target=\"_blank\" rel=\"noopener\"><\/a>Interceptory jsou chlebem a m\u00e1slem va\u0161\u00ed protivzdu\u0161n\u00e9 obrany. Jsou rychl\u00e9, efektivn\u00ed a levn\u00e9, co\u017e znamen\u00e1, \u017ee m\u016f\u017eete nastavit Engineers tak, aby stav\u011bli v\u00edce, ani\u017e byste museli pozastavovat sv\u00e9 dal\u0161\u00ed projekty. Doporu\u010duji m\u00edt jednu Air Factory nastavenou na stavbu nekone\u010dn\u00fdch interceptor\u016f pro celou hru. Aby kompenzoval sv\u00e9 n\u00edzk\u00e9 zdrav\u00ed, m\u00e1 st\u00edha\u010d Cybran dv\u011b zbran\u011b, d\u00edky nim\u017e je v\u011bt\u0161\u00ed pravd\u011bpodobnost, \u017ee zas\u00e1hne.<\/p>\n\n\n\n<div class=\"wp-block-image\"><figure class=\"aligncenter size-large\"><a href=\"https:\/\/supcom.standardof.net\/cs\/supreme-commander\/cybran-2\/cybran-tech-1-air-units\/prowler-interceptor-supreme-commander-cybran-tech-1-air-units\/\"><img decoding=\"async\" width=\"552\" height=\"412\" src=\"https:\/\/supcom.standardof.net\/wp-content\/uploads\/sites\/8\/2020\/11\/Prowler-Interceptor-Supreme-Commander-Cybran-Tech-1-Air-Units.jpg\" alt=\"Prowler Interceptor, leteck\u00e1 jednotka Cybran Tech 1 ve vrchn\u00edm veliteli.\" class=\"wp-image-589\" srcset=\"https:\/\/supcom.standardof.net\/wp-content\/uploads\/sites\/8\/2020\/11\/Prowler-Interceptor-Supreme-Commander-Cybran-Tech-1-Air-Units.jpg 552w, https:\/\/supcom.standardof.net\/wp-content\/uploads\/sites\/8\/2020\/11\/Prowler-Interceptor-Supreme-Commander-Cybran-Tech-1-Air-Units-512x382.jpg 512w, https:\/\/supcom.standardof.net\/wp-content\/uploads\/sites\/8\/2020\/11\/Prowler-Interceptor-Supreme-Commander-Cybran-Tech-1-Air-Units-200x149.jpg 200w, https:\/\/supcom.standardof.net\/wp-content\/uploads\/sites\/8\/2020\/11\/Prowler-Interceptor-Supreme-Commander-Cybran-Tech-1-Air-Units-16x12.jpg 16w\" sizes=\"(max-width: 552px) 100vw, 552px\" \/><\/a><figcaption>PROWLER - INTERCEPTOR<\/figcaption><\/figure><\/div>\n\n\n\n<section class=\"wp-block-uagb-columns uagb-columns__wrap uagb-columns__background-undefined uagb-columns__stack-mobile uagb-columns__valign-undefined uagb-columns__gap-10 alignundefined uagb-block-876786c0\"><div class=\"uagb-columns__overlay\"><\/div><div class=\"uagb-columns__inner-wrap uagb-columns__columns-2\">\n<div class=\"wp-block-uagb-column uagb-column__wrap uagb-column__background-undefined uagb-block-1379da99\"><div class=\"uagb-column__overlay\"><\/div><div class=\"uagb-column__inner-wrap\">\n<h3 class=\"wp-block-heading\">Statistiky Prowler<\/h3>\n\n\n\n<p><strong>Zbroj:<\/strong> 16 hp (lehk\u00fd)<br><strong>N\u00e1klady:<\/strong> M38, E2280, T380<br><strong>Intel<\/strong><br>&nbsp;&nbsp;&nbsp;&nbsp; pohled: 32 (625m)<br><strong>Fyzika<\/strong><br>     maxim\u00e1ln\u00ed rychlost: 17 (332 m \/ s)<br>     rychlost ot\u00e1\u010den\u00ed: 100<br>     nadmo\u0159sk\u00e1 v\u00fd\u0161ka: 18 (352 m)<br>     vzd\u00e1lenost z\u00e1b\u011bru: 50 (977 m)<br><strong>Transportn\u00ed t\u0159\u00edda:<\/strong> 1<br><strong>Veter\u00e1nstv\u00ed: <\/strong>5, 10, 25, 50, 100 zabit\u00ed<br><em>* \u00farove\u0148 veter\u00e1n\u016f 2: +4 hp<br>* \u00farove\u0148 veter\u00e1n\u016f 4: +4 hp<br>* \u00farove\u0148 veter\u00e1n\u016f 5: oprava 1 hp \/ s<\/em><\/p>\n<\/div><\/div>\n\n\n\n<div class=\"wp-block-uagb-column uagb-column__wrap uagb-column__background-undefined uagb-block-0241ec6d\"><div class=\"uagb-column__overlay\"><\/div><div class=\"uagb-column__inner-wrap\">\n<h3 class=\"wp-block-heading\">Prowler Zbran\u011b<\/h3>\n\n\n\n<p>2x <strong>Elektronov\u00fd kan\u00f3n<\/strong> (Anti Air)<br>10,20 dps<br><strong>rozsah:<\/strong> 20 (391 m)<br><strong>st\u0159eln\u00e1 zbra\u0148:<\/strong> 4 po\u0161kozen\u00ed<br>x 3 st\u0159ely = 12 po\u0161kozen\u00ed na salvu<br><strong>rychlost st\u0159elby:<\/strong> 0,85 (ka\u017ed\u00fdch 1,18 s)<br><em>* \u00farove\u0148 veter\u00e1n\u016f 1: +1 po\u0161kozen\u00ed<br>* \u00farove\u0148 veter\u00e1n\u016f 3: po\u0161kozen\u00ed +1<\/em><\/p>\n\n\n\n<p><strong>Leteck\u00e1 nehoda<\/strong> (Smrt)<br>25 po\u0161kozen\u00ed<br><strong>plocha:<\/strong> 1 (19,5 m)<\/p>\n<\/div><\/div>\n<\/div><\/section>\n<\/div><\/div>\n<\/div><\/section>\n\n\n\n<section class=\"wp-block-uagb-columns uagb-columns__wrap uagb-columns__background-undefined uagb-columns__stack-mobile uagb-columns__valign-undefined uagb-columns__gap-10 alignundefined uagb-block-6f842e41\"><div class=\"uagb-columns__overlay\"><\/div><div class=\"uagb-columns__inner-wrap uagb-columns__columns-1\">\n<div class=\"wp-block-uagb-column uagb-column__wrap uagb-column__background-undefined uagb-block-834f2791\"><div class=\"uagb-column__overlay\"><\/div><div class=\"uagb-column__inner-wrap\">\n<h2 class=\"wp-block-heading\"><strong>ZEUS <\/strong>- \u00daTO\u010cN\u00c1 BOMBA<\/h2>\n\n\n\n<p><a href=\"https:\/\/www.standardof.net\/wp-content\/uploads\/2012\/12\/Zeus-Attack-Bomber.png\" class=\"rank-math-link\" target=\"_blank\" rel=\"noopener\"><\/a>\u00dato\u010dn\u00fd bombard\u00e9r Cybran je v po\u0159\u00e1dku pro to, co d\u011bl\u00e1: vytvo\u0159te \u010dasnou hrozbu, kter\u00e1 donut\u00ed soupe\u0159e vyslat sv\u00e9 st\u00edha\u010de. Pokud nem\u00e1te d\u00fdchac\u00ed m\u00edstnost k tomu, abyste vylep\u0161ili svou leteckou tov\u00e1rnu na vysok\u00e9 \u00farovn\u011b, m\u016f\u017eete vyrobit velk\u00e9 bal\u00ed\u010dky bombard\u00e9r\u016f, kter\u00e9 povedou k ne\u00fasp\u011b\u0161n\u00e9mu \u00fatoku na velitele. Bombard\u00e9ry Cybran maj\u00ed n\u00edzk\u00e9 zdrav\u00ed, ale mohou \u00fa\u017easn\u011b zas\u00e1hnout pohybuj\u00edc\u00ed se jednotky.<\/p>\n\n\n\n<div class=\"wp-block-image\"><figure class=\"aligncenter size-large\"><a href=\"https:\/\/supcom.standardof.net\/cs\/supreme-commander\/cybran-2\/cybran-tech-1-air-units\/zeus-attack-bomber-supreme-commander-cybran-tech-1-air-units\/\"><img decoding=\"async\" width=\"774\" height=\"534\" src=\"https:\/\/supcom.standardof.net\/wp-content\/uploads\/sites\/8\/2020\/11\/Zeus-Attack-Bomber-Supreme-Commander-Cybran-Tech-1-Air-Units.jpg\" alt=\"\u00dato\u010dn\u00fd bombard\u00e9r Zeus, leteck\u00e1 jednotka Cybran Tech 1 ve vrchn\u00edm veliteli.\" class=\"wp-image-591\" srcset=\"https:\/\/supcom.standardof.net\/wp-content\/uploads\/sites\/8\/2020\/11\/Zeus-Attack-Bomber-Supreme-Commander-Cybran-Tech-1-Air-Units.jpg 774w, https:\/\/supcom.standardof.net\/wp-content\/uploads\/sites\/8\/2020\/11\/Zeus-Attack-Bomber-Supreme-Commander-Cybran-Tech-1-Air-Units-512x353.jpg 512w, https:\/\/supcom.standardof.net\/wp-content\/uploads\/sites\/8\/2020\/11\/Zeus-Attack-Bomber-Supreme-Commander-Cybran-Tech-1-Air-Units-200x138.jpg 200w, https:\/\/supcom.standardof.net\/wp-content\/uploads\/sites\/8\/2020\/11\/Zeus-Attack-Bomber-Supreme-Commander-Cybran-Tech-1-Air-Units-768x530.jpg 768w, https:\/\/supcom.standardof.net\/wp-content\/uploads\/sites\/8\/2020\/11\/Zeus-Attack-Bomber-Supreme-Commander-Cybran-Tech-1-Air-Units-16x12.jpg 16w\" sizes=\"(max-width: 774px) 100vw, 774px\" \/><\/a><figcaption>ZEUS - \u00daTO\u010cN\u00c1 BOMBA<\/figcaption><\/figure><\/div>\n\n\n\n<section class=\"wp-block-uagb-columns uagb-columns__wrap uagb-columns__background-undefined uagb-columns__stack-mobile uagb-columns__valign-undefined uagb-columns__gap-10 alignundefined uagb-block-0f9c9449\"><div class=\"uagb-columns__overlay\"><\/div><div class=\"uagb-columns__inner-wrap uagb-columns__columns-2\">\n<div class=\"wp-block-uagb-column uagb-column__wrap uagb-column__background-undefined uagb-block-a4fe0fad\"><div class=\"uagb-column__overlay\"><\/div><div class=\"uagb-column__inner-wrap\">\n<h3 class=\"wp-block-heading\">Statistiky Zeus<\/h3>\n\n\n\n<p><strong>Zbroj:<\/strong> 19 hp (lehk\u00fd)<br><strong>N\u00e1klady:<\/strong> M171, E3420, T570<br><strong>Intel<\/strong><br>&nbsp;&nbsp;&nbsp;&nbsp; pohled: 32 (625m)<br><strong>Fyzika<\/strong><br>     maxim\u00e1ln\u00ed rychlost: 12 (234 m \/ s)<br>     nadmo\u0159sk\u00e1 v\u00fd\u0161ka: 18 (352 m)<br>     vzd\u00e1lenost z\u00e1b\u011bru: 50 (977 m)<br><strong>Transportn\u00ed t\u0159\u00edda:<\/strong> 2<strong><br>Veter\u00e1nstv\u00ed:<\/strong> 5, 10, 25, 50, 100 zabit\u00ed<br><em>* \u00farove\u0148 veter\u00e1n\u016f 2: +4 hp<br>* \u00farove\u0148 veter\u00e1n\u016f 4: +4 hp<br>* \u00farove\u0148 veter\u00e1n\u016f 5: oprava 1 hp \/ s<\/em><\/p>\n<\/div><\/div>\n\n\n\n<div class=\"wp-block-uagb-column uagb-column__wrap uagb-column__background-undefined uagb-block-402126f6\"><div class=\"uagb-column__overlay\"><\/div><div class=\"uagb-column__inner-wrap\">\n<h3 class=\"wp-block-heading\">Zeusovy zbran\u011b<\/h3>\n\n\n\n<p><strong>Neutronov\u00e1 klastrov\u00e1 bomba<\/strong> (Bombardovat)<br>150,00 dps<br><strong>plocha:<\/strong> 3 (58,6 m)<br><strong>rozsah:<\/strong> 5 (97,7 m)<br><strong>st\u0159eln\u00e1 zbra\u0148:<\/strong> 50 po\u0161kozen\u00ed<br>x 6 st\u0159el = 300 po\u0161kozen\u00ed na salvu<br><strong>rychlost st\u0159elby:<\/strong> 0,5 (ka\u017ed\u00e9 2 s)<br><em>* \u00farove\u0148 veter\u00e1n\u016f 1: +13 po\u0161kozen\u00ed<br>* \u00farove\u0148 veter\u00e1n\u016f 3: +13 po\u0161kozen\u00ed<\/em><\/p>\n\n\n\n<p><strong>Leteck\u00e1 nehoda<\/strong> (Smrt)<br>100 po\u0161kozen\u00ed<br><strong>plocha:<\/strong> 1 (19,5 m)<\/p>\n<\/div><\/div>\n<\/div><\/section>\n<\/div><\/div>\n<\/div><\/section>\n\n\n\n<section class=\"wp-block-uagb-columns uagb-columns__wrap uagb-columns__background-undefined uagb-columns__stack-mobile uagb-columns__valign-undefined uagb-columns__gap-10 alignundefined uagb-block-86c4e267\"><div class=\"uagb-columns__overlay\"><\/div><div class=\"uagb-columns__inner-wrap uagb-columns__columns-1\">\n<div class=\"wp-block-uagb-column uagb-column__wrap uagb-column__background-undefined uagb-block-73586c6f\"><div class=\"uagb-column__overlay\"><\/div><div class=\"uagb-column__inner-wrap\">\n<h2 class=\"wp-block-heading\"><strong>SKYHOOK <\/strong>- LEHK\u00c1 LETECK\u00c1 DOPRAVA<\/h2>\n\n\n\n<p><a href=\"https:\/\/www.standardof.net\/wp-content\/uploads\/2012\/12\/Skyhook-Light-Air-Transport.png\" class=\"rank-math-link\" target=\"_blank\" rel=\"noopener\"><\/a>V\u00fdhoda v\u010dasn\u00e9ho leteck\u00e9ho transportu je dvoj\u00ed: m\u016f\u017eete p\u0159epravit sv\u00e9 \u00fato\u010dn\u00e9 roboty a m\u00edt l\u00e9taj\u00edc\u00ed bojov\u00fd vrtuln\u00edk, kter\u00fd zabije nep\u0159\u00e1telsk\u00e9 s\u00edly T1, nebo m\u016f\u017eete za nep\u0159\u00e1telsk\u00fdmi liniemi vyd\u011blat v\u00edce nebezpe\u010dn\u00fdch kapek jednotek nebo in\u017een\u00fdr\u016f. Nespol\u00e9hejte se na to, \u017ee budou \u017e\u00edt d\u00e9le ne\u017e jednu kapku; jsou tam hlavn\u011b proto, aby zas\u00e1hli strach do srdc\u00ed va\u0161ich nep\u0159\u00e1tel, ne\u017e aby skute\u010dn\u011b p\u0159inesli v\u00edt\u011bzstv\u00ed. P\u0159epravuje 6 jednotek T1, 3 jednotky T2 nebo 1 jednotku T3.<\/p>\n\n\n\n<div class=\"wp-block-image\"><figure class=\"aligncenter size-large\"><a href=\"https:\/\/supcom.standardof.net\/cs\/supreme-commander\/cybran-2\/cybran-tech-1-air-units\/skyhook-light-air-transport-supreme-commander-cybran-tech-1-air-units\/\"><img decoding=\"async\" width=\"500\" height=\"292\" src=\"https:\/\/supcom.standardof.net\/wp-content\/uploads\/sites\/8\/2020\/11\/Skyhook-Light-Air-Transport-Supreme-Commander-Cybran-Tech-1-Air-Units.jpg\" alt=\"Skyhook Light Air Transport, Cybran Tech 1 Air Unit in Supreme Commander.\" class=\"wp-image-590\" srcset=\"https:\/\/supcom.standardof.net\/wp-content\/uploads\/sites\/8\/2020\/11\/Skyhook-Light-Air-Transport-Supreme-Commander-Cybran-Tech-1-Air-Units.jpg 500w, https:\/\/supcom.standardof.net\/wp-content\/uploads\/sites\/8\/2020\/11\/Skyhook-Light-Air-Transport-Supreme-Commander-Cybran-Tech-1-Air-Units-200x117.jpg 200w, https:\/\/supcom.standardof.net\/wp-content\/uploads\/sites\/8\/2020\/11\/Skyhook-Light-Air-Transport-Supreme-Commander-Cybran-Tech-1-Air-Units-16x9.jpg 16w\" sizes=\"(max-width: 500px) 100vw, 500px\" \/><\/a><figcaption>SKYHOOK - LEHK\u00c1 LETECK\u00c1 DOPRAVA<\/figcaption><\/figure><\/div>\n\n\n\n<section class=\"wp-block-uagb-columns uagb-columns__wrap uagb-columns__background-undefined uagb-columns__stack-mobile uagb-columns__valign-undefined uagb-columns__gap-10 alignundefined uagb-block-cf709c17\"><div class=\"uagb-columns__overlay\"><\/div><div class=\"uagb-columns__inner-wrap uagb-columns__columns-2\">\n<div class=\"wp-block-uagb-column uagb-column__wrap uagb-column__background-undefined uagb-block-8235e37e\"><div class=\"uagb-column__overlay\"><\/div><div class=\"uagb-column__inner-wrap\">\n<h3 class=\"wp-block-heading\">Statistiky Skyhook<\/h3>\n\n\n\n<p><strong>Zbroj:<\/strong> 90 hp (lehk\u00fd)<br><strong>Schopnosti:<\/strong> Doprava (p\u0159epravuje pozemn\u00ed jednotky T1-T3)<br><strong>N\u00e1klady:<\/strong> M120, E4800, T600<br><strong>Intel<\/strong><br>&nbsp;&nbsp;&nbsp;&nbsp; pohled: 32 (625m)<br><strong>Fyzika<\/strong><br>     maxim\u00e1ln\u00ed rychlost: 15 (293 m \/ s)<br>     nadmo\u0159sk\u00e1 v\u00fd\u0161ka: 10 (195 m)<br><strong>Transportn\u00ed prostor:<\/strong> 6<br>     t\u0159\u00edda 2 velikost p\u0159\u00edlohy: 2<br>     t\u0159\u00edda 3 velikost p\u0159\u00edlohy: 4<br><em>* \u00farove\u0148 veter\u00e1n\u016f 2: +23 hp<br>* \u00farove\u0148 veter\u00e1n\u016f 4: +23 hp<br>* \u00farove\u0148 veter\u00e1n\u016f 5: oprava 1 hp \/ s<\/em><\/p>\n<\/div><\/div>\n\n\n\n<div class=\"wp-block-uagb-column uagb-column__wrap uagb-column__background-undefined uagb-block-ea474949\"><div class=\"uagb-column__overlay\"><\/div><div class=\"uagb-column__inner-wrap\"><\/div><\/div>\n<\/div><\/section>\n<\/div><\/div>\n<\/div><\/section>","protected":false},"excerpt":{"rendered":"<p>FLYING EYES \u2013 AIR SCOUT The Air Scout is extremely inexpensive, and it&#8217;s this virtue that makes it useful. While an interceptor will often get farther into an enemy base, a single air scout in your build queue will let you stockpile a set of scouts that can crisscross the map looking for a lightly [&hellip;]<\/p>","protected":false},"author":1,"featured_media":0,"parent":538,"menu_order":0,"comment_status":"open","ping_status":"closed","template":"","meta":{"_uag_custom_page_level_css":"","site-sidebar-layout":"default","site-content-layout":"default","ast-site-content-layout":"","site-content-style":"default","site-sidebar-style":"default","ast-global-header-display":"","ast-banner-title-visibility":"","ast-main-header-display":"","ast-hfb-above-header-display":"","ast-hfb-below-header-display":"","ast-hfb-mobile-header-display":"","site-post-title":"","ast-breadcrumbs-content":"","ast-featured-img":"","footer-sml-layout":"","theme-transparent-header-meta":"default","adv-header-id-meta":"","stick-header-meta":"","header-above-stick-meta":"","header-main-stick-meta":"","header-below-stick-meta":"","astra-migrate-meta-layouts":"default","ast-page-background-enabled":"default","ast-page-background-meta":{"desktop":{"background-color":"","background-image":"","background-repeat":"repeat","background-position":"center center","background-size":"auto","background-attachment":"scroll","background-type":"","background-media":"","overlay-type":"","overlay-color":"","overlay-gradient":""},"tablet":{"background-color":"","background-image":"","background-repeat":"repeat","background-position":"center center","background-size":"auto","background-attachment":"scroll","background-type":"","background-media":"","overlay-type":"","overlay-color":"","overlay-gradient":""},"mobile":{"background-color":"","background-image":"","background-repeat":"repeat","background-position":"center center","background-size":"auto","background-attachment":"scroll","background-type":"","background-media":"","overlay-type":"","overlay-color":"","overlay-gradient":""}},"ast-content-background-meta":{"desktop":{"background-color":"var(--ast-global-color-5)","background-image":"","background-repeat":"repeat","background-position":"center center","background-size":"auto","background-attachment":"scroll","background-type":"","background-media":"","overlay-type":"","overlay-color":"","overlay-gradient":""},"tablet":{"background-color":"var(--ast-global-color-5)","background-image":"","background-repeat":"repeat","background-position":"center center","background-size":"auto","background-attachment":"scroll","background-type":"","background-media":"","overlay-type":"","overlay-color":"","overlay-gradient":""},"mobile":{"background-color":"var(--ast-global-color-5)","background-image":"","background-repeat":"repeat","background-position":"center center","background-size":"auto","background-attachment":"scroll","background-type":"","background-media":"","overlay-type":"","overlay-color":"","overlay-gradient":""}},"footnotes":""},"uagb_featured_image_src":{"full":false,"thumbnail":false,"medium":false,"medium_large":false,"large":false,"1536x1536":false,"2048x2048":false,"trp-custom-language-flag":false},"uagb_author_info":{"display_name":"SOE","author_link":"https:\/\/supcom.standardof.net\/cs\/author\/k-tastic\/"},"uagb_comment_info":0,"uagb_excerpt":"FLYING EYES \u2013 AIR SCOUT The Air Scout is extremely inexpensive, and it&#8217;s this virtue that makes it useful. While an interceptor will often get farther into an enemy base, a single air scout in your build queue will let you stockpile a set of scouts that can crisscross the map looking for a lightly&hellip;","_links":{"self":[{"href":"https:\/\/supcom.standardof.net\/cs\/wp-json\/wp\/v2\/pages\/587"}],"collection":[{"href":"https:\/\/supcom.standardof.net\/cs\/wp-json\/wp\/v2\/pages"}],"about":[{"href":"https:\/\/supcom.standardof.net\/cs\/wp-json\/wp\/v2\/types\/page"}],"author":[{"embeddable":true,"href":"https:\/\/supcom.standardof.net\/cs\/wp-json\/wp\/v2\/users\/1"}],"replies":[{"embeddable":true,"href":"https:\/\/supcom.standardof.net\/cs\/wp-json\/wp\/v2\/comments?post=587"}],"version-history":[{"count":0,"href":"https:\/\/supcom.standardof.net\/cs\/wp-json\/wp\/v2\/pages\/587\/revisions"}],"up":[{"embeddable":true,"href":"https:\/\/supcom.standardof.net\/cs\/wp-json\/wp\/v2\/pages\/538"}],"wp:attachment":[{"href":"https:\/\/supcom.standardof.net\/cs\/wp-json\/wp\/v2\/media?parent=587"}],"curies":[{"name":"wp","href":"https:\/\/api.w.org\/{rel}","templated":true}]}}