{"id":595,"date":"2020-11-02T14:01:37","date_gmt":"2020-11-02T19:01:37","guid":{"rendered":"https:\/\/supcom.standardof.net\/?page_id=595"},"modified":"2020-11-04T00:32:10","modified_gmt":"2020-11-04T05:32:10","slug":"cybran-tech-2-air-units","status":"publish","type":"page","link":"https:\/\/supcom.standardof.net\/cs\/supreme-commander\/cybran-2\/cybran-tech-2-air-units\/","title":{"rendered":"Vzduchov\u00e9 jednotky Cybran Tech 2"},"content":{"rendered":"<div class=\"wp-block-uagb-table-of-contents uagb-toc__align-left uagb-toc__columns-1  uagb-block-d5429dc6\"\n\t\t\t\t\tdata-scroll= \"1\"\n\t\t\t\t\tdata-offset= \"30\"\n\t\t\t\t\tstyle=\"\"\n\t\t\t\t>\n\t\t\t\t<div class=\"uagb-toc__wrap\">\n\t\t\t\t\t\t<div class=\"uagb-toc__title\">\n\t\t\t\t\t\t\tVzduchov\u00e9 jednotky Cybran Tech 2:\t\t\t\t\t\t<\/div>\n\t\t\t\t\t\t\t\t\t\t\t\t\t\t\t\t<div class=\"uagb-toc__list-wrap\">\n\t\t\t\t\t\t<ol class=\"uagb-toc__list\"><li class=\"uagb-toc__list\"><a href=\"#corsair-bomber\" class=\"uagb-toc-link__trigger\">CORSAIR - BOMBER<\/a><li class=\"uagb-toc__list\"><a href=\"#cormorant-torpedo-bomber\" class=\"uagb-toc-link__trigger\">KORORM\u00c1TOR - TORPEDO BOMBER<\/a><li class=\"uagb-toc__list\"><a href=\"#renegade-gunship\" class=\"uagb-toc-link__trigger\">RENEGADE - GUNSHIP<\/a><li class=\"uagb-toc__list\"><a href=\"#dragon-fly-air-transport\" class=\"uagb-toc-link__trigger\">DRAGON FLY - LETECK\u00c1 DOPRAVA<\/a><\/ol>\t\t\t\t\t<\/div>\n\t\t\t\t\t\t\t\t\t<\/div>\n\t\t\t\t<\/div>\n\t\t\t\n\n\n<section class=\"wp-block-uagb-columns uagb-columns__wrap uagb-columns__background-undefined uagb-columns__stack-mobile uagb-columns__valign-undefined uagb-columns__gap-10 alignundefined uagb-block-02318b53\"><div class=\"uagb-columns__overlay\"><\/div><div class=\"uagb-columns__inner-wrap uagb-columns__columns-1\">\n<div class=\"wp-block-uagb-column uagb-column__wrap uagb-column__background-undefined uagb-block-6f666e00\"><div class=\"uagb-column__overlay\"><\/div><div class=\"uagb-column__inner-wrap\">\n<h2 class=\"wp-block-heading\"><strong>KORZ\u00c1R <\/strong>- BOMBER<\/h2>\n\n\n\n<p><a href=\"https:\/\/www.standardof.net\/wp-content\/uploads\/2012\/12\/Corsair-Bomber.png\" class=\"rank-math-link\" target=\"_blank\" rel=\"noopener\"><\/a>Corsair vypl\u0148uje velmi malou mezeru: pomoc\u00ed sv\u00e9 vzdu\u0161n\u00e9 p\u0159evahy zab\u00edj\u00edte pozemn\u00ed jednotky, kdy\u017e je\u0161t\u011b nepot\u0159ebujete strategick\u00e9 bombard\u00e9ry T3. Jsou v\u00fdkonn\u011bj\u0161\u00ed ne\u017e bitevn\u00ed k\u0159i\u017en\u00edky, ale jejich \u0161irok\u00fd oblouk po odhoden\u00ed jejich kazetov\u00fdch raket znamen\u00e1, \u017ee se na n\u011b, na rozd\u00edl od bojov\u00fdch boj\u016f, lze spolehnout pouze p\u0159i jednom pr\u016fchodu. I kdy\u017e jsou v po\u0159\u00e1dku proti struktur\u00e1m (mo\u017en\u00e1 je budete muset postavit, abyste odstranili kritick\u00fd bod, ale jinak to nezkou\u0161ejte), jsou skv\u011bl\u00e9 pro napln\u011bn\u00ed p\u0159\u00e1telsk\u00e9 oblohy proti pozemn\u00edm jednotk\u00e1m. Tenhle nezm\u011bn\u00ed tv\u00e1\u0159 v\u00e1lky.<\/p>\n\n\n\n<div class=\"wp-block-image\"><figure class=\"aligncenter size-large\"><a href=\"https:\/\/supcom.standardof.net\/cs\/supreme-commander\/cybran-2\/cybran-tech-2-air-units\/corsair-bomber-supreme-commander-cybran-tech-2-air-units\/\"><img decoding=\"async\" width=\"800\" height=\"586\" src=\"https:\/\/supcom.standardof.net\/wp-content\/uploads\/sites\/8\/2020\/11\/Corsair-Bomber-Supreme-Commander-Cybran-Tech-2-Air-Units-800x586.jpg\" alt=\"Corsair Bomber, leteck\u00e1 jednotka Cybran Tech 2 ve vrchn\u00edm veliteli.\" class=\"wp-image-599\" srcset=\"https:\/\/supcom.standardof.net\/wp-content\/uploads\/sites\/8\/2020\/11\/Corsair-Bomber-Supreme-Commander-Cybran-Tech-2-Air-Units-800x586.jpg 800w, https:\/\/supcom.standardof.net\/wp-content\/uploads\/sites\/8\/2020\/11\/Corsair-Bomber-Supreme-Commander-Cybran-Tech-2-Air-Units-512x375.jpg 512w, https:\/\/supcom.standardof.net\/wp-content\/uploads\/sites\/8\/2020\/11\/Corsair-Bomber-Supreme-Commander-Cybran-Tech-2-Air-Units-200x146.jpg 200w, https:\/\/supcom.standardof.net\/wp-content\/uploads\/sites\/8\/2020\/11\/Corsair-Bomber-Supreme-Commander-Cybran-Tech-2-Air-Units-768x562.jpg 768w, https:\/\/supcom.standardof.net\/wp-content\/uploads\/sites\/8\/2020\/11\/Corsair-Bomber-Supreme-Commander-Cybran-Tech-2-Air-Units-16x12.jpg 16w, https:\/\/supcom.standardof.net\/wp-content\/uploads\/sites\/8\/2020\/11\/Corsair-Bomber-Supreme-Commander-Cybran-Tech-2-Air-Units.jpg 866w\" sizes=\"(max-width: 800px) 100vw, 800px\" \/><\/a><figcaption>CORSAIR - BOMBER<\/figcaption><\/figure><\/div>\n\n\n\n<section class=\"wp-block-uagb-columns uagb-columns__wrap uagb-columns__background-undefined uagb-columns__stack-mobile uagb-columns__valign-undefined uagb-columns__gap-10 alignundefined uagb-block-2535499c\"><div class=\"uagb-columns__overlay\"><\/div><div class=\"uagb-columns__inner-wrap uagb-columns__columns-2\">\n<div class=\"wp-block-uagb-column uagb-column__wrap uagb-column__background-undefined uagb-block-2ff279f0\"><div class=\"uagb-column__overlay\"><\/div><div class=\"uagb-column__inner-wrap\">\n<h3 class=\"wp-block-heading\">Statistiky korz\u00e1ru<\/h3>\n\n\n\n<p><strong>Zbroj:<\/strong> 60 hp (lehk\u00fd)<br><strong>N\u00e1klady:<\/strong> M432, E8640, T1440<br><strong>Intel<\/strong><br>&nbsp;&nbsp;&nbsp;&nbsp; pohled: 32 (625m)<br><strong>Fyzika<\/strong><br>&nbsp;&nbsp;&nbsp;&nbsp; maxim\u00e1ln\u00ed rychlost: 14 (273 m \/ s)<br>&nbsp;&nbsp;&nbsp;&nbsp; nadmo\u0159sk\u00e1 v\u00fd\u0161ka: 18 (352 m)<br>&nbsp;&nbsp;&nbsp;&nbsp; vzd\u00e1lenost z\u00e1b\u011bru: 50 (977 m)<br>&nbsp;&nbsp;&nbsp;&nbsp; rychlost ot\u00e1\u010den\u00ed: 0,6<br><strong>Transportn\u00ed t\u0159\u00edda:<\/strong> 2<br><strong>Veter\u00e1nstv\u00ed:<\/strong> 5, 10, 25, 50, 100 zabit\u00ed<br><em>* \u00farove\u0148 veter\u00e1n\u016f 2: +19 hp<br>* \u00farove\u0148 veter\u00e1n\u016f 4: +19 hp<br>* \u00farove\u0148 veter\u00e1n\u016f 5: oprava 1 hp \/ s<\/em><\/p>\n<\/div><\/div>\n\n\n\n<div class=\"wp-block-uagb-column uagb-column__wrap uagb-column__background-undefined uagb-block-8babab91\"><div class=\"uagb-column__overlay\"><\/div><div class=\"uagb-column__inner-wrap\">\n<h3 class=\"wp-block-heading\">Corsair Weapons<\/h3>\n\n\n\n<p><strong>Raketomet Corsair<\/strong> (P\u0159\u00edm\u00e1 palba, norm\u00e1ln\u00ed)&nbsp;&nbsp;<br>&nbsp;&nbsp;&nbsp;&nbsp; 80,00 dps<br><strong>plocha:<\/strong> 2 (39,1 m)<br><strong>rozsah:<\/strong> 45 (879 m)<br><strong>st\u0159eln\u00e1 zbra\u0148:<\/strong> 200 po\u0161kozen\u00ed<br>&nbsp;&nbsp;&nbsp;&nbsp; x 4 st\u0159ely = po\u0161kozen\u00ed 800<br><strong>rychlost st\u0159elby:<\/strong> 0,1 (ka\u017ed\u00fdch 10 s)<br><em>* \u00farove\u0148 veter\u00e1n\u016f 1: +50 k po\u0161kozen\u00ed<br>* \u00farove\u0148 veter\u00e1n\u016f 3: +50 po\u0161kozen\u00ed<\/em><br><strong>Leteck\u00e1 nehoda<\/strong> (Smrt)<br>&nbsp;&nbsp;&nbsp;&nbsp; 200 po\u0161kozen\u00ed<br><strong>plocha:<\/strong> 1 (19,5 m)<\/p>\n<\/div><\/div>\n<\/div><\/section>\n<\/div><\/div>\n<\/div><\/section>\n\n\n\n<section class=\"wp-block-uagb-columns uagb-columns__wrap uagb-columns__background-undefined uagb-columns__stack-mobile uagb-columns__valign-undefined uagb-columns__gap-10 alignundefined uagb-block-04faaac1\"><div class=\"uagb-columns__overlay\"><\/div><div class=\"uagb-columns__inner-wrap uagb-columns__columns-1\">\n<div class=\"wp-block-uagb-column uagb-column__wrap uagb-column__background-undefined uagb-block-d88af5f2\"><div class=\"uagb-column__overlay\"><\/div><div class=\"uagb-column__inner-wrap\">\n<h2 class=\"wp-block-heading\"><strong>KORMOR\u00c1N <\/strong>- TORPEDO BOMBER<\/h2>\n\n\n\n<p><a href=\"https:\/\/www.standardof.net\/wp-content\/uploads\/2012\/12\/Cormorant-Torpedo-Bomber.png\" class=\"rank-math-link\" target=\"_blank\" rel=\"noopener\"><\/a>Torp\u00e9dov\u00e9 bombard\u00e9ry jsou t\u00e9m\u011b\u0159 nepou\u017eiteln\u00e9. Za jednotku, kter\u00e1 se stejn\u011b vyd\u00e1v\u00e1 na sebevra\u017eednou misi, stoj\u00ed hodn\u011b hmoty (proto\u017ee v\u011bt\u0161ina lod\u00ed m\u00e1 slu\u0161nou protivzdu\u0161nou obranu), jejich torp\u00e9do m\u016f\u017ee b\u00fdt sest\u0159eleno nep\u0159\u00e1telsk\u00fdmi lod\u011bmi a jejich dr\u00e1ha letu podobn\u00e1 bombard\u00e9ru je zvy\u0161uje nep\u0159\u00e1telsk\u00e1 z\u00e1kladna ne\u017e bojov\u00fd vrtuln\u00edk. Pokud nem\u016f\u017eete z\u00edskat oce\u00e1nskou oporu a pot\u0159ebujete vy\u010distit loveck\u00e9 bal\u00ed\u010dky, postavte si jich tucet; jinak se dr\u017ete bitevn\u00edch lod\u00ed.<\/p>\n\n\n\n<div class=\"wp-block-image\"><figure class=\"aligncenter size-large\"><a href=\"https:\/\/supcom.standardof.net\/cs\/supreme-commander\/cybran-2\/cybran-tech-2-air-units\/cormorant-torpedo-bomber-supreme-commander-cybran-tech-2-air-units\/\"><img decoding=\"async\" width=\"568\" height=\"430\" src=\"https:\/\/supcom.standardof.net\/wp-content\/uploads\/sites\/8\/2020\/11\/Cormorant-Torpedo-Bomber-Supreme-Commander-Cybran-Tech-2-Air-Units.jpg\" alt=\"Torp\u00e9dov\u00fd bombard\u00e9r Kormor\u00e1n, leteck\u00e1 jednotka Cybran Tech 2 ve vrchn\u00edm veliteli.\" class=\"wp-image-598\" srcset=\"https:\/\/supcom.standardof.net\/wp-content\/uploads\/sites\/8\/2020\/11\/Cormorant-Torpedo-Bomber-Supreme-Commander-Cybran-Tech-2-Air-Units.jpg 568w, https:\/\/supcom.standardof.net\/wp-content\/uploads\/sites\/8\/2020\/11\/Cormorant-Torpedo-Bomber-Supreme-Commander-Cybran-Tech-2-Air-Units-512x388.jpg 512w, https:\/\/supcom.standardof.net\/wp-content\/uploads\/sites\/8\/2020\/11\/Cormorant-Torpedo-Bomber-Supreme-Commander-Cybran-Tech-2-Air-Units-200x151.jpg 200w, https:\/\/supcom.standardof.net\/wp-content\/uploads\/sites\/8\/2020\/11\/Cormorant-Torpedo-Bomber-Supreme-Commander-Cybran-Tech-2-Air-Units-16x12.jpg 16w\" sizes=\"(max-width: 568px) 100vw, 568px\" \/><\/a><figcaption>KORORM\u00c1TOR - TORPEDO BOMBER<\/figcaption><\/figure><\/div>\n\n\n\n<section class=\"wp-block-uagb-columns uagb-columns__wrap uagb-columns__background-undefined uagb-columns__stack-mobile uagb-columns__valign-undefined uagb-columns__gap-10 alignundefined uagb-block-aa4f9c3d\"><div class=\"uagb-columns__overlay\"><\/div><div class=\"uagb-columns__inner-wrap uagb-columns__columns-2\">\n<div class=\"wp-block-uagb-column uagb-column__wrap uagb-column__background-undefined uagb-block-de1ad311\"><div class=\"uagb-column__overlay\"><\/div><div class=\"uagb-column__inner-wrap\">\n<h3 class=\"wp-block-heading\">Statistiky kormor\u00e1n\u016f<\/h3>\n\n\n\n<p><strong>Zbroj:<\/strong> 115 hp (lehk\u00fd)<br><strong>Schopnosti:<\/strong> Sonar<br><strong>N\u00e1klady:<\/strong> M550, E6600, T1000<br><strong>Intel<\/strong><br>&nbsp;&nbsp;&nbsp;&nbsp; pohled: 32 (625m)<br>&nbsp;&nbsp;&nbsp;&nbsp; sonar: 40 (781 m)<br><strong>Fyzika<\/strong><br>&nbsp;&nbsp;&nbsp;&nbsp; maxim\u00e1ln\u00ed rychlost: 15 (293 m \/ s)<br>&nbsp;&nbsp;&nbsp;&nbsp; nadmo\u0159sk\u00e1 v\u00fd\u0161ka: 18 (352 m)<br>&nbsp;&nbsp;&nbsp;&nbsp; vzd\u00e1lenost z\u00e1b\u011bru: 75 (1,46 km)<br><strong>Transportn\u00ed t\u0159\u00edda:<\/strong> 2<br><strong>Veter\u00e1nstv\u00ed: <\/strong>15, 30, 75, 150, 300 zabit\u00ed<br><em>* \u00farove\u0148 veter\u00e1n\u016f 2: +29 k<br>* \u00farove\u0148 veter\u00e1n\u016f 4: +29 k<br>* \u00farove\u0148 veter\u00e1n\u016f 5: oprava 1 hp \/ s<\/em><\/p>\n<\/div><\/div>\n\n\n\n<div class=\"wp-block-uagb-column uagb-column__wrap uagb-column__background-undefined uagb-block-6e572f90\"><div class=\"uagb-column__overlay\"><\/div><div class=\"uagb-column__inner-wrap\">\n<h3 class=\"wp-block-heading\">Kormor\u00e1nsk\u00e9 zbran\u011b<\/h3>\n\n\n\n<p><strong>Nanite Torpedo<\/strong> (Anti Navy)<br>&nbsp;&nbsp;&nbsp;&nbsp; 130,00 dps<br><strong>rozsah:<\/strong> 4 (78,1 m) - 19 (371 m)<br><strong>st\u0159eln\u00e1 zbra\u0148:<\/strong> 325<br>&nbsp;&nbsp;&nbsp;&nbsp; (5kr\u00e1t 65 po\u0161kozen\u00ed b\u011bhem 1 sekundy)<br>&nbsp;&nbsp;&nbsp;&nbsp; x 2 st\u0159ely = 650 po\u0161kozen\u00ed na salvu<br><strong>rychlost st\u0159elby:<\/strong> 0,2 (ka\u017ed\u00fdch 5 s)<br><strong>n\u00e1hodnost st\u0159elby:<\/strong> 3<br><em>* \u00farove\u0148 veter\u00e1n\u016f 1: +16 po\u0161kozen\u00ed<br>* \u00farove\u0148 veter\u00e1n\u016f 3: +16 po\u0161kozen\u00ed<\/em><br><strong>Leteck\u00e1 nehoda<\/strong> (Smrt)<br>&nbsp;&nbsp;&nbsp;&nbsp; 150 po\u0161kozen\u00ed<br><strong>plocha:<\/strong> 1 (19,5 m)<\/p>\n<\/div><\/div>\n<\/div><\/section>\n<\/div><\/div>\n<\/div><\/section>\n\n\n\n<section class=\"wp-block-uagb-columns uagb-columns__wrap uagb-columns__background-undefined uagb-columns__stack-mobile uagb-columns__valign-undefined uagb-columns__gap-10 alignundefined uagb-block-5ac7b721\"><div class=\"uagb-columns__overlay\"><\/div><div class=\"uagb-columns__inner-wrap uagb-columns__columns-1\">\n<div class=\"wp-block-uagb-column uagb-column__wrap uagb-column__background-undefined uagb-block-d49e552b\"><div class=\"uagb-column__overlay\"><\/div><div class=\"uagb-column__inner-wrap\">\n<h2 class=\"wp-block-heading\"><strong>ODPADL\u00cdK <\/strong>- ST\u0158ELBA<\/h2>\n\n\n\n<p><a href=\"https:\/\/www.standardof.net\/wp-content\/uploads\/2012\/12\/Renegade-Gunship.png\" class=\"rank-math-link\" target=\"_blank\" rel=\"noopener\"><\/a>Bojov\u00fd vrtuln\u00edk Cybran vyst\u0159el\u00ed t\u0159i rakety na mal\u00e9m prostoru, co\u017e pom\u00e1h\u00e1 p\u0159i pokusu zas\u00e1hnout mobiln\u00ed jednotky, ale ne v\u017edy zajist\u00ed, \u017ee dostanete cel\u00fdch 60 po\u0161kozen\u00ed. Bojov\u00e9 d\u011blost\u0159eleck\u00e9 lod\u011b obecn\u011b p\u0159edstavuj\u00ed v\u00e1\u017enou hrozbu, i kdy\u017e jsou p\u0159i \u00fatoku velmi citliv\u00e9 na anti-vzduch. Jsou d\u016fvodem \u010d\u00edslo jedna pro stavbu antiraket - aby se va\u0161e v\u00e1le\u010dn\u00e9 lod\u011b mohly pohybovat po okol\u00ed a nutily protivn\u00edka bojovat o ka\u017edou hromadnou n\u00e1plast a br\u00e1nit jeho z\u00e1kladnu.<\/p>\n\n\n\n<div class=\"wp-block-image\"><figure class=\"aligncenter size-large\"><a href=\"https:\/\/supcom.standardof.net\/cs\/supreme-commander\/cybran-2\/cybran-tech-2-air-units\/renegade-gunship-supreme-commander-cybran-tech-2-air-units\/\"><img decoding=\"async\" width=\"534\" height=\"446\" src=\"https:\/\/supcom.standardof.net\/wp-content\/uploads\/sites\/8\/2020\/11\/Renegade-Gunship-Supreme-Commander-Cybran-Tech-2-Air-Units.jpg\" alt=\"The Renegade Gunship, Cybran Tech 2 Air Unit in Supreme Commander.\" class=\"wp-image-597\" srcset=\"https:\/\/supcom.standardof.net\/wp-content\/uploads\/sites\/8\/2020\/11\/Renegade-Gunship-Supreme-Commander-Cybran-Tech-2-Air-Units.jpg 534w, https:\/\/supcom.standardof.net\/wp-content\/uploads\/sites\/8\/2020\/11\/Renegade-Gunship-Supreme-Commander-Cybran-Tech-2-Air-Units-512x428.jpg 512w, https:\/\/supcom.standardof.net\/wp-content\/uploads\/sites\/8\/2020\/11\/Renegade-Gunship-Supreme-Commander-Cybran-Tech-2-Air-Units-200x167.jpg 200w, https:\/\/supcom.standardof.net\/wp-content\/uploads\/sites\/8\/2020\/11\/Renegade-Gunship-Supreme-Commander-Cybran-Tech-2-Air-Units-14x12.jpg 14w\" sizes=\"(max-width: 534px) 100vw, 534px\" \/><\/a><figcaption>RENEGADE - GUNSHIP<\/figcaption><\/figure><\/div>\n\n\n\n<section class=\"wp-block-uagb-columns uagb-columns__wrap uagb-columns__background-undefined uagb-columns__stack-mobile uagb-columns__valign-undefined uagb-columns__gap-10 alignundefined uagb-block-5a284977\"><div class=\"uagb-columns__overlay\"><\/div><div class=\"uagb-columns__inner-wrap uagb-columns__columns-2\">\n<div class=\"wp-block-uagb-column uagb-column__wrap uagb-column__background-undefined uagb-block-060e4e11\"><div class=\"uagb-column__overlay\"><\/div><div class=\"uagb-column__inner-wrap\">\n<h3 class=\"wp-block-heading\">Statistiky odpadl\u00edk\u016f<\/h3>\n\n\n\n<p><strong>Zbroj:<\/strong> 120 hp (lehk\u00fd)<br><strong>N\u00e1klady:<\/strong> M390, E7800, T1300<br><strong>Intel<\/strong><br>&nbsp;&nbsp;&nbsp;&nbsp; pohled: 32 (625m)<br><strong>Fyzika<\/strong><br>&nbsp;&nbsp;&nbsp;&nbsp; maxim\u00e1ln\u00ed rychlost: 12 (234 m \/ s)<br>  &nbsp;&nbsp; nadmo\u0159sk\u00e1 v\u00fd\u0161ka: 10 (195 m)<br><strong>Transportn\u00ed t\u0159\u00edda:<\/strong> 2<strong><br>Veter\u00e1nstv\u00ed:<\/strong> 15, 30, 75, 150, 300 zabit\u00ed<br><em>* \u00farove\u0148 veter\u00e1n\u016f 2: +30 k<br>* \u00farove\u0148 veter\u00e1n\u016f 4: +30 k<br>* \u00farove\u0148 veter\u00e1n\u016f 5: oprava 1 hp \/ s<\/em><\/p>\n<\/div><\/div>\n\n\n\n<div class=\"wp-block-uagb-column uagb-column__wrap uagb-column__background-undefined uagb-block-6642ec6b\"><div class=\"uagb-column__overlay\"><\/div><div class=\"uagb-column__inner-wrap\">\n<h3 class=\"wp-block-heading\">Odpadl\u00edci<\/h3>\n\n\n\n<p><strong>Iridium Rocket Pack<\/strong> (P\u0159\u00edm\u00e1 palba)<br>&nbsp;&nbsp;&nbsp;&nbsp; 60,00 dps<br><strong>plocha:<\/strong> 3 (58,6 m)<br><strong>rozsah:<\/strong> 22 (430 m)<br><strong>st\u0159eln\u00e1 zbra\u0148:<\/strong> 20 po\u0161kozen\u00ed<br>&nbsp;&nbsp;&nbsp;&nbsp; x 3 st\u0159ely = 60 po\u0161kozen\u00ed na salvu<br><strong>rychlost st\u0159elby:<\/strong> 1 (ka\u017ed\u00e9 1 s)<br><em>* \u00farove\u0148 veter\u00e1n\u016f 1: +5 po\u0161kozen\u00ed<br>* \u00farove\u0148 veter\u00e1n\u016f 3: +5 po\u0161kozen\u00ed<\/em><\/p>\n\n\n\n<p><strong>Leteck\u00e1 nehoda<\/strong> (Smrt)<br>&nbsp;&nbsp;&nbsp;&nbsp; 100 po\u0161kozen\u00ed<br><strong>plocha:<\/strong> 1 (19,5 m)<\/p>\n<\/div><\/div>\n<\/div><\/section>\n<\/div><\/div>\n<\/div><\/section>\n\n\n\n<section class=\"wp-block-uagb-columns uagb-columns__wrap uagb-columns__background-undefined uagb-columns__stack-mobile uagb-columns__valign-undefined uagb-columns__gap-10 alignundefined uagb-block-53872225\"><div class=\"uagb-columns__overlay\"><\/div><div class=\"uagb-columns__inner-wrap uagb-columns__columns-1\">\n<div class=\"wp-block-uagb-column uagb-column__wrap uagb-column__background-undefined uagb-block-ceb11886\"><div class=\"uagb-column__overlay\"><\/div><div class=\"uagb-column__inner-wrap\">\n<h2 class=\"wp-block-heading\"><strong>DRAGON FLY<\/strong> - LETECK\u00c1 DOPRAVA<\/h2>\n\n\n\n<p><a href=\"https:\/\/www.standardof.net\/wp-content\/uploads\/2012\/12\/Dragon-Fly-Air-Transport.png\" class=\"rank-math-link\" target=\"_blank\" rel=\"noopener\"><\/a>I kdy\u017e je hezk\u00e9, \u017ee se leteck\u00e1 doprava m\u016f\u017ee br\u00e1nit, jej\u00ed hlavn\u00ed metodou obrany je jej\u00ed \u201et\u011b\u017ek\u00e9\u201c brn\u011bn\u00ed, kter\u00e9 j\u00ed umo\u017e\u0148uje po\u0159\u00eddit p\u00e1r v\u00fdst\u0159el\u016f z protivzdu\u0161n\u00e9 obrany a p\u0159esto odhodit n\u00e1klad. Nesou dvojn\u00e1sobn\u00e9 mno\u017estv\u00ed jednotek ne\u017e transport T1: 12 chlap\u016f T1, 6 chlap\u016f T2, 3 chlapi T3 nebo ACU \/ SCU. Pokud je v\u00e1\u0161 velitel transportov\u00e1n, nezem\u0159e s leteckou dopravou. Cybran\u016fv omra\u010duj\u00edc\u00ed v\u00fdst\u0159el ve skute\u010dnosti nezm\u011bn\u00ed, ale je hezk\u00e9 sn\u00edt.<\/p>\n\n\n\n<div class=\"wp-block-image\"><figure class=\"aligncenter size-large\"><a href=\"https:\/\/supcom.standardof.net\/cs\/supreme-commander\/cybran-2\/cybran-tech-2-air-units\/dragon-fly-air-transport-supreme-commander-cybran-tech-2-air-units\/\"><img decoding=\"async\" width=\"546\" height=\"444\" src=\"https:\/\/supcom.standardof.net\/wp-content\/uploads\/sites\/8\/2020\/11\/Dragon-Fly-Air-Transport-Supreme-Commander-Cybran-Tech-2-Air-Units.jpg\" alt=\"The Dragon Fly Air Transport, Cybran Tech 2 Air Unit in Supreme Commander.\" class=\"wp-image-600\" srcset=\"https:\/\/supcom.standardof.net\/wp-content\/uploads\/sites\/8\/2020\/11\/Dragon-Fly-Air-Transport-Supreme-Commander-Cybran-Tech-2-Air-Units.jpg 546w, https:\/\/supcom.standardof.net\/wp-content\/uploads\/sites\/8\/2020\/11\/Dragon-Fly-Air-Transport-Supreme-Commander-Cybran-Tech-2-Air-Units-512x416.jpg 512w, https:\/\/supcom.standardof.net\/wp-content\/uploads\/sites\/8\/2020\/11\/Dragon-Fly-Air-Transport-Supreme-Commander-Cybran-Tech-2-Air-Units-200x163.jpg 200w, https:\/\/supcom.standardof.net\/wp-content\/uploads\/sites\/8\/2020\/11\/Dragon-Fly-Air-Transport-Supreme-Commander-Cybran-Tech-2-Air-Units-16x12.jpg 16w\" sizes=\"(max-width: 546px) 100vw, 546px\" \/><\/a><figcaption>DRAGON FLY - LETECK\u00c1 DOPRAVA<\/figcaption><\/figure><\/div>\n\n\n\n<section class=\"wp-block-uagb-columns uagb-columns__wrap uagb-columns__background-undefined uagb-columns__stack-mobile uagb-columns__valign-undefined uagb-columns__gap-10 alignundefined uagb-block-4aa1f21f\"><div class=\"uagb-columns__overlay\"><\/div><div class=\"uagb-columns__inner-wrap uagb-columns__columns-2\">\n<div class=\"wp-block-uagb-column uagb-column__wrap uagb-column__background-undefined uagb-block-b55b8e55\"><div class=\"uagb-column__overlay\"><\/div><div class=\"uagb-column__inner-wrap\">\n<h3 class=\"wp-block-heading\">Statistiky dra\u010d\u00edch mu\u0161ek<\/h3>\n\n\n\n<p><strong>Zbroj:<\/strong> 212 hp (lehk\u00fd)<br><strong>Schopnosti:<\/strong> Transport (p\u0159epravuje pozemn\u00ed jednotky T1-T3), omra\u010duj\u00edc\u00ed v\u00fdst\u0159el (Ordinance Stuns Enemies)<br><strong>N\u00e1klady:<\/strong> M320, E12800, T1600<br><strong>Intel<\/strong><br>&nbsp;&nbsp;&nbsp;&nbsp; pohled: 32 (625m)<br><strong>Fyzika<\/strong><br>&nbsp;&nbsp;&nbsp;&nbsp; maxim\u00e1ln\u00ed rychlost: 18 (352 m \/ s)<br>&nbsp;&nbsp;&nbsp;&nbsp; nadmo\u0159sk\u00e1 v\u00fd\u0161ka: 10 (195 m)<br><strong>Transportn\u00ed prostor:<\/strong> 12<br>&nbsp;&nbsp;&nbsp;&nbsp; t\u0159\u00edda 2 velikost p\u0159\u00edlohy: 2<br>&nbsp;&nbsp;&nbsp;&nbsp; t\u0159\u00edda 3 velikost p\u0159\u00edlohy: 4<br><strong>Veter\u00e1nstv\u00ed:<\/strong> 15, 30, 75, 150, 300 zabit\u00ed<br><em>* \u00farove\u0148 veter\u00e1n\u016f 2: +23 hp<br>* \u00farove\u0148 veter\u00e1n\u016f 4: +23 hp<br>* \u00farove\u0148 veter\u00e1n\u016f 5: oprava 1 hp \/ s<\/em><\/p>\n<\/div><\/div>\n\n\n\n<div class=\"wp-block-uagb-column uagb-column__wrap uagb-column__background-undefined uagb-block-7076791e\"><div class=\"uagb-column__overlay\"><\/div><div class=\"uagb-column__inner-wrap\">\n<h3 class=\"wp-block-heading\">Dragon Fly Weapons<\/h3>\n\n\n\n<p><strong>Pulzn\u00ed laser dezintegr\u00e1toru <\/strong><br>    (P\u0159\u00edm\u00e1 palba)<br>&nbsp;&nbsp;&nbsp;&nbsp; 0 po\u0161kozen\u00ed (omr\u00e1\u010den\u00ed)<\/p>\n\n\n\n<p><strong>Elektronov\u00fd kan\u00f3n<\/strong><br>     (Anti Air)<br>&nbsp;&nbsp;&nbsp;&nbsp; 15,00 dps<br>dosah: 20 (391 m)<br>st\u0159eln\u00e1 zbra\u0148: 5 po\u0161kozen\u00ed<br>rychlost st\u0159elby: 3 (ka\u017ed\u00fdch 0,33 s)<\/p>\n<\/div><\/div>\n<\/div><\/section>\n<\/div><\/div>\n<\/div><\/section>","protected":false},"excerpt":{"rendered":"<p>CORSAIR \u2013 BOMBER The Corsair fills a very small niche: using your air superiority to kill ground units when you don&#8217;t yet need T3 strategic bombers. They&#8217;re more powerful than gunships, but their wide arc after dropping their cluster missiles means that they can only be relied on to make one pass, unlike gunships. While [&hellip;]<\/p>","protected":false},"author":1,"featured_media":0,"parent":538,"menu_order":0,"comment_status":"open","ping_status":"closed","template":"","meta":{"_uag_custom_page_level_css":"","site-sidebar-layout":"default","site-content-layout":"default","ast-site-content-layout":"","site-content-style":"default","site-sidebar-style":"default","ast-global-header-display":"","ast-banner-title-visibility":"","ast-main-header-display":"","ast-hfb-above-header-display":"","ast-hfb-below-header-display":"","ast-hfb-mobile-header-display":"","site-post-title":"","ast-breadcrumbs-content":"","ast-featured-img":"","footer-sml-layout":"","theme-transparent-header-meta":"default","adv-header-id-meta":"","stick-header-meta":"","header-above-stick-meta":"","header-main-stick-meta":"","header-below-stick-meta":"","astra-migrate-meta-layouts":"default","ast-page-background-enabled":"default","ast-page-background-meta":{"desktop":{"background-color":"","background-image":"","background-repeat":"repeat","background-position":"center center","background-size":"auto","background-attachment":"scroll","background-type":"","background-media":"","overlay-type":"","overlay-color":"","overlay-gradient":""},"tablet":{"background-color":"","background-image":"","background-repeat":"repeat","background-position":"center center","background-size":"auto","background-attachment":"scroll","background-type":"","background-media":"","overlay-type":"","overlay-color":"","overlay-gradient":""},"mobile":{"background-color":"","background-image":"","background-repeat":"repeat","background-position":"center center","background-size":"auto","background-attachment":"scroll","background-type":"","background-media":"","overlay-type":"","overlay-color":"","overlay-gradient":""}},"ast-content-background-meta":{"desktop":{"background-color":"var(--ast-global-color-5)","background-image":"","background-repeat":"repeat","background-position":"center center","background-size":"auto","background-attachment":"scroll","background-type":"","background-media":"","overlay-type":"","overlay-color":"","overlay-gradient":""},"tablet":{"background-color":"var(--ast-global-color-5)","background-image":"","background-repeat":"repeat","background-position":"center center","background-size":"auto","background-attachment":"scroll","background-type":"","background-media":"","overlay-type":"","overlay-color":"","overlay-gradient":""},"mobile":{"background-color":"var(--ast-global-color-5)","background-image":"","background-repeat":"repeat","background-position":"center center","background-size":"auto","background-attachment":"scroll","background-type":"","background-media":"","overlay-type":"","overlay-color":"","overlay-gradient":""}},"footnotes":""},"uagb_featured_image_src":{"full":false,"thumbnail":false,"medium":false,"medium_large":false,"large":false,"1536x1536":false,"2048x2048":false,"trp-custom-language-flag":false},"uagb_author_info":{"display_name":"SOE","author_link":"https:\/\/supcom.standardof.net\/cs\/author\/k-tastic\/"},"uagb_comment_info":0,"uagb_excerpt":"CORSAIR \u2013 BOMBER The Corsair fills a very small niche: using your air superiority to kill ground units when you don&#8217;t yet need T3 strategic bombers. They&#8217;re more powerful than gunships, but their wide arc after dropping their cluster missiles means that they can only be relied on to make one pass, unlike gunships. While&hellip;","_links":{"self":[{"href":"https:\/\/supcom.standardof.net\/cs\/wp-json\/wp\/v2\/pages\/595"}],"collection":[{"href":"https:\/\/supcom.standardof.net\/cs\/wp-json\/wp\/v2\/pages"}],"about":[{"href":"https:\/\/supcom.standardof.net\/cs\/wp-json\/wp\/v2\/types\/page"}],"author":[{"embeddable":true,"href":"https:\/\/supcom.standardof.net\/cs\/wp-json\/wp\/v2\/users\/1"}],"replies":[{"embeddable":true,"href":"https:\/\/supcom.standardof.net\/cs\/wp-json\/wp\/v2\/comments?post=595"}],"version-history":[{"count":0,"href":"https:\/\/supcom.standardof.net\/cs\/wp-json\/wp\/v2\/pages\/595\/revisions"}],"up":[{"embeddable":true,"href":"https:\/\/supcom.standardof.net\/cs\/wp-json\/wp\/v2\/pages\/538"}],"wp:attachment":[{"href":"https:\/\/supcom.standardof.net\/cs\/wp-json\/wp\/v2\/media?parent=595"}],"curies":[{"name":"wp","href":"https:\/\/api.w.org\/{rel}","templated":true}]}}