{"id":603,"date":"2020-11-02T14:10:13","date_gmt":"2020-11-02T19:10:13","guid":{"rendered":"https:\/\/supcom.standardof.net\/?page_id=603"},"modified":"2020-11-04T00:32:22","modified_gmt":"2020-11-04T05:32:22","slug":"cybran-tech-3-air-units","status":"publish","type":"page","link":"https:\/\/supcom.standardof.net\/cs\/supreme-commander\/cybran-2\/cybran-tech-3-air-units\/","title":{"rendered":"Vzduchov\u00e9 jednotky Cybran Tech 3"},"content":{"rendered":"<div class=\"wp-block-uagb-table-of-contents uagb-toc__align-left uagb-toc__columns-1  uagb-block-9f92f94c\"\n\t\t\t\t\tdata-scroll= \"1\"\n\t\t\t\t\tdata-offset= \"30\"\n\t\t\t\t\tstyle=\"\"\n\t\t\t\t>\n\t\t\t\t<div class=\"uagb-toc__wrap\">\n\t\t\t\t\t\t<div class=\"uagb-toc__title\">\n\t\t\t\t\t\t\tVzduchov\u00e9 jednotky Cybran Tech 3:\t\t\t\t\t\t<\/div>\n\t\t\t\t\t\t\t\t\t\t\t\t\t\t\t\t<div class=\"uagb-toc__list-wrap\">\n\t\t\t\t\t\t<ol class=\"uagb-toc__list\"><li class=\"uagb-toc__list\"><a href=\"#spook-spy-plane\" class=\"uagb-toc-link__trigger\">SPOOK - SPY PLANE<\/a><li class=\"uagb-toc__list\"><a href=\"#gemini-air-superiority-fighter\" class=\"uagb-toc-link__trigger\">Bl\u00ed\u017eenci - Bojovn\u00edk za nad\u0159azenost vzduchu<\/a><li class=\"uagb-toc__list\"><a href=\"#revenant-strategic-bomber\" class=\"uagb-toc-link__trigger\">P\u0158\u00cdJEM - STRATEGICK\u00c1 BOMBA<\/a><\/ol>\t\t\t\t\t<\/div>\n\t\t\t\t\t\t\t\t\t<\/div>\n\t\t\t\t<\/div>\n\t\t\t\n\n\n<section class=\"wp-block-uagb-columns uagb-columns__wrap uagb-columns__background-undefined uagb-columns__stack-mobile uagb-columns__valign-undefined uagb-columns__gap-10 alignundefined uagb-block-6942c4ed\"><div class=\"uagb-columns__overlay\"><\/div><div class=\"uagb-columns__inner-wrap uagb-columns__columns-1\">\n<div class=\"wp-block-uagb-column uagb-column__wrap uagb-column__background-undefined uagb-block-a6604325\"><div class=\"uagb-column__overlay\"><\/div><div class=\"uagb-column__inner-wrap\">\n<h2 class=\"wp-block-heading\"><strong>STRA\u0160IDLO <\/strong>- SPY PLANE<\/h2>\n\n\n\n<p><a href=\"https:\/\/www.standardof.net\/wp-content\/uploads\/2012\/12\/Spook-Spy-Plane.png\" class=\"rank-math-link\" target=\"_blank\" rel=\"noopener\"><\/a>\u0160pion\u00e1\u017en\u00ed letadlo nen\u00ed levn\u00e9, ale pro ka\u017ed\u00fd p\u0159\u00edpad stoj\u00ed za to m\u00edt ka\u017ed\u00fd cent. Cybrans, v\u017edy skv\u011bl\u00fd ve vyhled\u00e1v\u00e1n\u00ed, m\u00e1 pokryt\u00ed sonarem a schopnost utajen\u00ed, kter\u00e1 br\u00e1n\u00ed nep\u0159\u00e1telsk\u00fdm st\u00edhac\u00edm bal\u00ed\u010dk\u016fm v lovu va\u0161eho drah\u00e9ho bezbrann\u00e9ho letadla dol\u016f. Nikdy neu\u0161kod\u00ed m\u00edt jednoho na hl\u00eddce na jak\u00fdchkoli m\u00edstech, kam by se v\u00e1\u0161 nep\u0159\u00edtel mohl p\u0159ibl\u00ed\u017eit, nebo p\u0159es okraj nep\u0159\u00e1telsk\u00e9 z\u00e1kladny. Let\u00ed vysoko, tak\u017ee chv\u00edli trv\u00e1, ne\u017e je SAM zas\u00e1hne, a uvid\u00edte hloub\u011bji do nep\u0159\u00e1telsk\u00e9 z\u00e1kladny. Jejich v\u0161udyp\u0159\u00edtomnost jim umo\u017e\u0148uje hledat tajn\u00e9 odpalova\u010de taktick\u00fdch st\u0159el, pokud m\u00e1te luxus letadel T3.<\/p>\n\n\n\n<div class=\"wp-block-image\"><figure class=\"aligncenter size-large\"><a href=\"https:\/\/supcom.standardof.net\/cs\/supreme-commander\/cybran-2\/cybran-tech-3-air-units\/spook-spy-plane-supreme-commander-cybran-tech-3-air-units\/\"><img decoding=\"async\" width=\"800\" height=\"509\" src=\"https:\/\/supcom.standardof.net\/wp-content\/uploads\/sites\/8\/2020\/11\/Spook-Spy-Plane-Supreme-Commander-Cybran-Tech-3-Air-Units-800x509.jpg\" alt=\"Spook Spy Plane, leteck\u00e1 jednotka Cybran Tech 3 ve vrchn\u00edm veliteli.\" class=\"wp-image-608\" srcset=\"https:\/\/supcom.standardof.net\/wp-content\/uploads\/sites\/8\/2020\/11\/Spook-Spy-Plane-Supreme-Commander-Cybran-Tech-3-Air-Units-800x509.jpg 800w, https:\/\/supcom.standardof.net\/wp-content\/uploads\/sites\/8\/2020\/11\/Spook-Spy-Plane-Supreme-Commander-Cybran-Tech-3-Air-Units-512x326.jpg 512w, https:\/\/supcom.standardof.net\/wp-content\/uploads\/sites\/8\/2020\/11\/Spook-Spy-Plane-Supreme-Commander-Cybran-Tech-3-Air-Units-200x127.jpg 200w, https:\/\/supcom.standardof.net\/wp-content\/uploads\/sites\/8\/2020\/11\/Spook-Spy-Plane-Supreme-Commander-Cybran-Tech-3-Air-Units-768x489.jpg 768w, https:\/\/supcom.standardof.net\/wp-content\/uploads\/sites\/8\/2020\/11\/Spook-Spy-Plane-Supreme-Commander-Cybran-Tech-3-Air-Units-16x10.jpg 16w, https:\/\/supcom.standardof.net\/wp-content\/uploads\/sites\/8\/2020\/11\/Spook-Spy-Plane-Supreme-Commander-Cybran-Tech-3-Air-Units.jpg 880w\" sizes=\"(max-width: 800px) 100vw, 800px\" \/><\/a><figcaption>SPOOK - SPY PLANE<\/figcaption><\/figure><\/div>\n\n\n\n<section class=\"wp-block-uagb-columns uagb-columns__wrap uagb-columns__background-undefined uagb-columns__stack-mobile uagb-columns__valign-undefined uagb-columns__gap-10 alignundefined uagb-block-7bfaf656\"><div class=\"uagb-columns__overlay\"><\/div><div class=\"uagb-columns__inner-wrap uagb-columns__columns-2\">\n<div class=\"wp-block-uagb-column uagb-column__wrap uagb-column__background-undefined uagb-block-7e99297f\"><div class=\"uagb-column__overlay\"><\/div><div class=\"uagb-column__inner-wrap\">\n<h3 class=\"wp-block-heading\">Stra\u0161ideln\u00e9 statistiky<\/h3>\n\n\n\n<p><strong>Zbroj:<\/strong> 18 hp (lehk\u00fd)<br><strong>Schopnosti:<\/strong> Stealth, Radar, Sonar<br><strong>N\u00e1klady:<\/strong> M60, E2400, T450<br>&nbsp;&nbsp;&nbsp;&nbsp; odtok (utajen\u00ed): E -20<br><strong>Intel<\/strong><br>&nbsp;&nbsp;&nbsp;&nbsp; pohled: 96 (1,88 km)<br>&nbsp;&nbsp;&nbsp;&nbsp; radar a sonar: 96 (1,88 km)<br>&nbsp;&nbsp;&nbsp;&nbsp; v\u00edce: 30 (586m)<br><strong>Fyzika<\/strong><br>&nbsp;&nbsp;&nbsp;&nbsp; maxim\u00e1ln\u00ed rychlost: 21 (410 m \/ s)<br>&nbsp;&nbsp;&nbsp;&nbsp; nadmo\u0159sk\u00e1 v\u00fd\u0161ka: 25 (488 m)<br><strong>Transportn\u00ed t\u0159\u00edda:<\/strong> 3<br><em>* \u00farove\u0148 veter\u00e1n\u016f 2: +5 hp<br>* \u00farove\u0148 veter\u00e1n\u016f 4: +5 hp<br>* \u00farove\u0148 veter\u00e1n\u016f 5: oprava 1 hp \/ s<\/em><\/p>\n<\/div><\/div>\n\n\n\n<div class=\"wp-block-uagb-column uagb-column__wrap uagb-column__background-undefined uagb-block-70295cfc\"><div class=\"uagb-column__overlay\"><\/div><div class=\"uagb-column__inner-wrap\">\n<h3 class=\"wp-block-heading\">Stra\u0161ideln\u00e9 zbran\u011b<\/h3>\n\n\n\n<p><strong>Leteck\u00e1 nehoda<\/strong> (Smrt)<br>&nbsp;&nbsp;&nbsp;&nbsp; 100 po\u0161kozen\u00ed<br><strong>plocha:<\/strong> 1 (19,5 m)<\/p>\n<\/div><\/div>\n<\/div><\/section>\n<\/div><\/div>\n<\/div><\/section>\n\n\n\n<section class=\"wp-block-uagb-columns uagb-columns__wrap uagb-columns__background-undefined uagb-columns__stack-mobile uagb-columns__valign-undefined uagb-columns__gap-10 alignundefined uagb-block-f034b7fb\"><div class=\"uagb-columns__overlay\"><\/div><div class=\"uagb-columns__inner-wrap uagb-columns__columns-1\">\n<div class=\"wp-block-uagb-column uagb-column__wrap uagb-column__background-undefined uagb-block-fcded10b\"><div class=\"uagb-column__overlay\"><\/div><div class=\"uagb-column__inner-wrap\">\n<h2 class=\"wp-block-heading\"><strong>BL\u00cd\u017dENCI <\/strong>- LETECK\u00c1 SUPERIORITA<\/h2>\n\n\n\n<p><a href=\"https:\/\/www.standardof.net\/wp-content\/uploads\/2012\/12\/Gemini-Air-Superiority-Fighter.png\" class=\"rank-math-link\" target=\"_blank\" rel=\"noopener\"><\/a>Gemini je velmi drah\u00e1 protileteck\u00e1 jednotka, tak\u017ee byste ji m\u011bli m\u00edt, pouze pokud si mysl\u00edte, \u017ee budete muset pravideln\u011b zab\u00edjet nep\u0159\u00e1telsk\u00e9 leteck\u00e9 jednotky. L\u00e9taj\u00ed tak rychle, \u017ee nebudou poskytovat dostate\u010dn\u00e9 kryt\u00ed pro bombardov\u00e1n\u00ed, ale mohou p\u0159ij\u00edt a p\u0159epadnout nep\u0159\u00e1telsk\u00e9 st\u00edhac\u00ed s\u00edly a jsou nejlep\u0161\u00edm zp\u016fsobem, jak se vypo\u0159\u00e1dat s experiment\u00e1ln\u00edmi leteck\u00fdmi jednotkami. Stejn\u011b jako st\u00edha\u010d Cybran m\u00e1 st\u00edha\u010dka Cybran T3 m\u00e9n\u011b zdrav\u00ed, ale um\u00ed l\u00e9pe zab\u00edjet jin\u00e1 letadla - sledovac\u00ed st\u0159ely nejsou tak siln\u00e9 jako laserov\u00e9 paprsky UEF, ale dopadaj\u00ed mnohem \u010dast\u011bji. Tajemstv\u00ed nen\u00ed nijak zvl\u00e1\u0161\u0165 u\u017eite\u010dn\u00e9; o \u00farove\u0148 T3, v\u00e1\u0161 soupe\u0159 v\u00ed, \u017ee m\u00e1te protiletadlov\u00e9 kryt\u00ed, tak\u017ee nebude p\u0159ekvapen\u00edm, kdy\u017e snesete dol\u016f a zabijete jeho bojov\u00e9 lod\u011b.<\/p>\n\n\n\n<div class=\"wp-block-image\"><figure class=\"aligncenter size-large\"><a href=\"https:\/\/supcom.standardof.net\/cs\/supreme-commander\/cybran-2\/cybran-tech-3-air-units\/gemini-air-superiority-fighter-supreme-commander-cybran-tech-3-air-units\/\"><img decoding=\"async\" width=\"630\" height=\"558\" src=\"https:\/\/supcom.standardof.net\/wp-content\/uploads\/sites\/8\/2020\/11\/Gemini-Air-Superiority-Fighter-Supreme-Commander-Cybran-Tech-3-Air-Units.jpg\" alt=\"Gemini Air Superiority Fighter, Cybran Tech 3 Air Unit in Supreme Commander.\" class=\"wp-image-606\" srcset=\"https:\/\/supcom.standardof.net\/wp-content\/uploads\/sites\/8\/2020\/11\/Gemini-Air-Superiority-Fighter-Supreme-Commander-Cybran-Tech-3-Air-Units.jpg 630w, https:\/\/supcom.standardof.net\/wp-content\/uploads\/sites\/8\/2020\/11\/Gemini-Air-Superiority-Fighter-Supreme-Commander-Cybran-Tech-3-Air-Units-512x453.jpg 512w, https:\/\/supcom.standardof.net\/wp-content\/uploads\/sites\/8\/2020\/11\/Gemini-Air-Superiority-Fighter-Supreme-Commander-Cybran-Tech-3-Air-Units-200x177.jpg 200w, https:\/\/supcom.standardof.net\/wp-content\/uploads\/sites\/8\/2020\/11\/Gemini-Air-Superiority-Fighter-Supreme-Commander-Cybran-Tech-3-Air-Units-14x12.jpg 14w\" sizes=\"(max-width: 630px) 100vw, 630px\" \/><\/a><figcaption>Bl\u00ed\u017eenci - Bojovn\u00edk za nad\u0159azenost vzduchu<\/figcaption><\/figure><\/div>\n\n\n\n<section class=\"wp-block-uagb-columns uagb-columns__wrap uagb-columns__background-undefined uagb-columns__stack-mobile uagb-columns__valign-undefined uagb-columns__gap-10 alignundefined uagb-block-24c43c3a\"><div class=\"uagb-columns__overlay\"><\/div><div class=\"uagb-columns__inner-wrap uagb-columns__columns-2\">\n<div class=\"wp-block-uagb-column uagb-column__wrap uagb-column__background-undefined uagb-block-70e253ef\"><div class=\"uagb-column__overlay\"><\/div><div class=\"uagb-column__inner-wrap\">\n<h3 class=\"wp-block-heading\">Statistiky o Bl\u00ed\u017eenc\u00edch<\/h3>\n\n\n\n<p><strong>Zbroj:<\/strong> 200 hp (lehk\u00fd)<br><strong>Schopnosti:<\/strong> Stealth (M\u016f\u017ee se skr\u00fdt p\u0159ed radarem)<br><strong>N\u00e1klady:<\/strong> M360, E24000, T3600<br>&nbsp;&nbsp;&nbsp;&nbsp; odtok (utajen\u00ed): E -60<br><strong>Intel<\/strong><br>&nbsp;&nbsp;&nbsp;&nbsp; pohled: 32 (625m)<br><strong>Fyzika<\/strong><br>&nbsp;&nbsp;&nbsp;&nbsp; maxim\u00e1ln\u00ed rychlost: 25 (488 m \/ s),<br>&nbsp;&nbsp;&nbsp;&nbsp; nadmo\u0159sk\u00e1 v\u00fd\u0161ka: 20 (391 m),<br>&nbsp;&nbsp;&nbsp;&nbsp; vzd\u00e1lenost z\u00e1b\u011bru: 50 (977 m)<br><strong>Transportn\u00ed t\u0159\u00edda:<\/strong> 3<br><strong>Veter\u00e1nstv\u00ed: <\/strong>5, 10, 25, 50, 100 zabit\u00ed<br><em>* \u00farove\u0148 veter\u00e1n\u016f 2: +50 k<br>* \u00farove\u0148 veter\u00e1n\u016f 4: +50 k<br>* \u00farove\u0148 veter\u00e1n\u016f 5: oprava 1 hp \/ s<\/em><\/p>\n<\/div><\/div>\n\n\n\n<div class=\"wp-block-uagb-column uagb-column__wrap uagb-column__background-undefined uagb-block-d5ed8d92\"><div class=\"uagb-column__overlay\"><\/div><div class=\"uagb-column__inner-wrap\">\n<h3 class=\"wp-block-heading\">Zbran\u011b Gemini<\/h3>\n\n\n\n<p><strong>Nanitov\u00fd raketov\u00fd syst\u00e9m<\/strong> (Anti Air) x2<br>&nbsp;&nbsp;&nbsp;&nbsp; 40 dps<br><strong>rozsah:<\/strong> 24 (469 m)<br><strong>st\u0159eln\u00e1 zbra\u0148:<\/strong> 20 po\u0161kozen\u00ed<br>&nbsp;&nbsp;&nbsp;&nbsp; x 2 st\u0159ely = 40 po\u0161kozen\u00ed na salvu<br><strong>rychlost st\u0159elby:<\/strong> 1 (ka\u017ed\u00e9 1 s)<br><em>* \u00farove\u0148 veter\u00e1n\u016f 1: +10 k po\u0161kozen\u00ed<br>* \u00farove\u0148 veter\u00e1n\u016f 3: +10 k po\u0161kozen\u00ed<br><\/em><strong>Leteck\u00e1 nehoda<\/strong> (Smrt)<br>&nbsp;&nbsp;&nbsp;&nbsp; 200 po\u0161kozen\u00ed<br><strong>plocha:<\/strong> 1 (19,5 m)<\/p>\n<\/div><\/div>\n<\/div><\/section>\n<\/div><\/div>\n<\/div><\/section>\n\n\n\n<section class=\"wp-block-uagb-columns uagb-columns__wrap uagb-columns__background-undefined uagb-columns__stack-mobile uagb-columns__valign-undefined uagb-columns__gap-10 alignundefined uagb-block-3f78e4e3\"><div class=\"uagb-columns__overlay\"><\/div><div class=\"uagb-columns__inner-wrap uagb-columns__columns-1\">\n<div class=\"wp-block-uagb-column uagb-column__wrap uagb-column__background-undefined uagb-block-6f558345\"><div class=\"uagb-column__overlay\"><\/div><div class=\"uagb-column__inner-wrap\">\n<h2 class=\"wp-block-heading\"><strong>ZMRTV\u00ddCHVSTAL\u00dd <\/strong>- STRATEGICK\u00dd BOMBER<\/h2>\n\n\n\n<p><a href=\"https:\/\/www.standardof.net\/wp-content\/uploads\/2012\/12\/Revenant-Strategic-Bomber.png\" class=\"rank-math-link\" target=\"_blank\" rel=\"noopener\"><\/a>Strategick\u00e9 bombard\u00e9ry se stav\u00ed tak pomalu, \u017ee vy\u017eaduj\u00ed velkou skupinu in\u017een\u00fdr\u016f. Slovo \u201estrategick\u00fd\u201c by se tam nem\u011blo br\u00e1t na lehkou v\u00e1hu: mohou skute\u010dn\u011b zab\u00edjet antirakety sv\u00fdmi protiletadlov\u00fdmi zbran\u011bmi, l\u00e9taj\u00ed dostate\u010dn\u011b vysoko, aby zabit\u00ed m\u00edsta SAM chv\u00edli trvalo, a jejich bomba je samoz\u0159ejm\u011b hr\u016fzostra\u0161n\u00e1. Tyto v\u011bci jsou zbyte\u010dn\u00e9 p\u0159i obrovsk\u00fdch pozemn\u00edch bitv\u00e1ch, proto\u017ee jejich nep\u0159esnost je stejn\u011b pravd\u011bpodobn\u00e1, \u017ee va\u0161e chlapce vy\u0159ad\u00ed stejn\u011b jako jejich; m\u00edsto toho je nahromadit spole\u010dn\u011b s enormn\u00ed silou jin\u00fdch letadel, aby rozpt\u00fdlili nep\u0159\u00e1telskou protivzdu\u0161nou obranu a pou\u017eili je k chirurgick\u00e9mu \u00faderu na ACU, d\u011blost\u0159electvo nebo protiraketovou obranu. I kdy\u017e strategick\u00fd bombard\u00e9r Cybran ned\u011bl\u00e1 tolik \u0161kod, m\u00e1 dostatek \u0161irok\u00e9 oblasti a dostate\u010dn\u011b malou nep\u0159esnost, kterou lze ve skute\u010dnosti pou\u017e\u00edt k obran\u011b proti pozemn\u00edm \u00fatok\u016fm, pokud m\u00e1te vzdu\u0161nou p\u0159evahu.<\/p>\n\n\n\n<div class=\"wp-block-image\"><figure class=\"aligncenter size-large\"><a href=\"https:\/\/supcom.standardof.net\/cs\/supreme-commander\/cybran-2\/cybran-tech-3-air-units\/revenant-strategic-bomber-supreme-commander-cybran-tech-3-air-units\/\"><img decoding=\"async\" width=\"792\" height=\"598\" src=\"https:\/\/supcom.standardof.net\/wp-content\/uploads\/sites\/8\/2020\/11\/Revenant-Strategic-Bomber-Supreme-Commander-Cybran-Tech-3-Air-Units.jpg\" alt=\"Revenantsk\u00fd strategick\u00fd bombard\u00e9r, leteck\u00e1 jednotka Cybran Tech 3 ve vrchn\u00edm veliteli.\" class=\"wp-image-607\" srcset=\"https:\/\/supcom.standardof.net\/wp-content\/uploads\/sites\/8\/2020\/11\/Revenant-Strategic-Bomber-Supreme-Commander-Cybran-Tech-3-Air-Units.jpg 792w, https:\/\/supcom.standardof.net\/wp-content\/uploads\/sites\/8\/2020\/11\/Revenant-Strategic-Bomber-Supreme-Commander-Cybran-Tech-3-Air-Units-512x387.jpg 512w, https:\/\/supcom.standardof.net\/wp-content\/uploads\/sites\/8\/2020\/11\/Revenant-Strategic-Bomber-Supreme-Commander-Cybran-Tech-3-Air-Units-200x151.jpg 200w, https:\/\/supcom.standardof.net\/wp-content\/uploads\/sites\/8\/2020\/11\/Revenant-Strategic-Bomber-Supreme-Commander-Cybran-Tech-3-Air-Units-768x580.jpg 768w, https:\/\/supcom.standardof.net\/wp-content\/uploads\/sites\/8\/2020\/11\/Revenant-Strategic-Bomber-Supreme-Commander-Cybran-Tech-3-Air-Units-16x12.jpg 16w\" sizes=\"(max-width: 792px) 100vw, 792px\" \/><\/a><figcaption>P\u0158\u00cdJEM - STRATEGICK\u00c1 BOMBA<\/figcaption><\/figure><\/div>\n\n\n\n<section class=\"wp-block-uagb-columns uagb-columns__wrap uagb-columns__background-undefined uagb-columns__stack-mobile uagb-columns__valign-undefined uagb-columns__gap-10 alignundefined uagb-block-ebd24269\"><div class=\"uagb-columns__overlay\"><\/div><div class=\"uagb-columns__inner-wrap uagb-columns__columns-2\">\n<div class=\"wp-block-uagb-column uagb-column__wrap uagb-column__background-undefined uagb-block-ad8632c2\"><div class=\"uagb-column__overlay\"><\/div><div class=\"uagb-column__inner-wrap\">\n<h3 class=\"wp-block-heading\">Statistiky Revenant<\/h3>\n\n\n\n<p><strong>Zbroj:<\/strong> 120 hp (lehk\u00fd)<br><strong>Schopnosti:<\/strong> Stealth (M\u016f\u017ee se skr\u00fdt p\u0159ed radarem)<br><strong>N\u00e1klady:<\/strong> M2160, E72000, T7200<br>&nbsp;&nbsp;&nbsp;&nbsp; odtok (utajen\u00ed): E -60<br><strong>Intel<\/strong><br>&nbsp;&nbsp;&nbsp;&nbsp; pohled: 32 (625m)<br><strong>Fyzika<\/strong><br>&nbsp;&nbsp;&nbsp;&nbsp; maxim\u00e1ln\u00ed rychlost: 0,5 (9,8 m \/ s)<br>&nbsp;&nbsp;&nbsp;&nbsp; nadmo\u0159sk\u00e1 v\u00fd\u0161ka: 25 (488 m)<br>&nbsp;&nbsp;&nbsp;&nbsp; vzd\u00e1lenost z\u00e1b\u011bru: 50 (977 m)<br><strong>Transportn\u00ed t\u0159\u00edda:<\/strong> 3<strong><br>Veter\u00e1nstv\u00ed:<\/strong> 30, 60, 150, 300, 600 zabit\u00ed<br><em>* \u00farove\u0148 veter\u00e1n\u016f 2: +30 k<br>* \u00farove\u0148 veter\u00e1n\u016f 4: +30 k<br>* \u00farove\u0148 veter\u00e1n\u016f 5: oprava 1 hp \/ s<\/em><\/p>\n<\/div><\/div>\n\n\n\n<div class=\"wp-block-uagb-column uagb-column__wrap uagb-column__background-undefined uagb-block-a24cde3d\"><div class=\"uagb-column__overlay\"><\/div><div class=\"uagb-column__inner-wrap\">\n<h3 class=\"wp-block-heading\">Revenant Zbran\u011b<\/h3>\n\n\n\n<p><strong>Neutronov\u00e1 bomba<\/strong> (Bombardovat)<br>&nbsp;&nbsp;&nbsp;&nbsp; 1200,00 dps<br><strong>plocha:<\/strong> 6 (117 m)<br><strong>rozsah:<\/strong> 5 (97,7 m)<br><strong>st\u0159eln\u00e1 zbra\u0148:<\/strong> Po\u0161kozen\u00ed 6000<br><strong>rychlost st\u0159elby:<\/strong> 0,2 (ka\u017ed\u00fdch 5 s)<br><strong>n\u00e1hodnost st\u0159elby:<\/strong> 1<br><em>* \u00farove\u0148 veter\u00e1n\u016f 1: po\u0161kozen\u00ed +1250<br>* \u00farove\u0148 veter\u00e1n\u016f 3: po\u0161kozen\u00ed +1250<\/em><br><strong>Elektronov\u00fd kan\u00f3n<\/strong> (Anti Air)<br>&nbsp;&nbsp;&nbsp;&nbsp; 120,00 dps<br><strong>rozsah:<\/strong> 44 (859 m)<br><strong>st\u0159eln\u00e1 zbra\u0148:<\/strong> 20 po\u0161kozen\u00ed<br><strong>rychlost st\u0159elby:<\/strong> 3 (ka\u017ed\u00fdch 0,33 s)<br><em>* \u00farove\u0148 veter\u00e1n\u016f 1: +5 po\u0161kozen\u00ed<br>* \u00farove\u0148 veter\u00e1n\u016f 3: +5 po\u0161kozen\u00ed<\/em><br><strong>Leteck\u00e1 nehoda<\/strong> (Smrt)<br>&nbsp;&nbsp;&nbsp;&nbsp; 500 po\u0161kozen\u00ed<br><strong>plocha:<\/strong> 1 (19,5 m)<\/p>\n<\/div><\/div>\n<\/div><\/section>\n<\/div><\/div>\n<\/div><\/section>","protected":false},"excerpt":{"rendered":"<p>SPOOK \u2013 SPY PLANE The Spy Plane isn&#8217;t cheap, but it&#8217;s worth every penny to have one just in case. Cybrans, always great at scouting, get sonar coverage and the stealth ability that prevents the enemy interceptor packs from hunting your expensive defenseless plane down. It never hurts to have one on patrol across any [&hellip;]<\/p>","protected":false},"author":1,"featured_media":0,"parent":538,"menu_order":0,"comment_status":"open","ping_status":"closed","template":"","meta":{"_uag_custom_page_level_css":"","site-sidebar-layout":"default","site-content-layout":"default","ast-site-content-layout":"","site-content-style":"default","site-sidebar-style":"default","ast-global-header-display":"","ast-banner-title-visibility":"","ast-main-header-display":"","ast-hfb-above-header-display":"","ast-hfb-below-header-display":"","ast-hfb-mobile-header-display":"","site-post-title":"","ast-breadcrumbs-content":"","ast-featured-img":"","footer-sml-layout":"","theme-transparent-header-meta":"default","adv-header-id-meta":"","stick-header-meta":"","header-above-stick-meta":"","header-main-stick-meta":"","header-below-stick-meta":"","astra-migrate-meta-layouts":"default","ast-page-background-enabled":"default","ast-page-background-meta":{"desktop":{"background-color":"","background-image":"","background-repeat":"repeat","background-position":"center center","background-size":"auto","background-attachment":"scroll","background-type":"","background-media":"","overlay-type":"","overlay-color":"","overlay-gradient":""},"tablet":{"background-color":"","background-image":"","background-repeat":"repeat","background-position":"center center","background-size":"auto","background-attachment":"scroll","background-type":"","background-media":"","overlay-type":"","overlay-color":"","overlay-gradient":""},"mobile":{"background-color":"","background-image":"","background-repeat":"repeat","background-position":"center center","background-size":"auto","background-attachment":"scroll","background-type":"","background-media":"","overlay-type":"","overlay-color":"","overlay-gradient":""}},"ast-content-background-meta":{"desktop":{"background-color":"var(--ast-global-color-5)","background-image":"","background-repeat":"repeat","background-position":"center center","background-size":"auto","background-attachment":"scroll","background-type":"","background-media":"","overlay-type":"","overlay-color":"","overlay-gradient":""},"tablet":{"background-color":"var(--ast-global-color-5)","background-image":"","background-repeat":"repeat","background-position":"center center","background-size":"auto","background-attachment":"scroll","background-type":"","background-media":"","overlay-type":"","overlay-color":"","overlay-gradient":""},"mobile":{"background-color":"var(--ast-global-color-5)","background-image":"","background-repeat":"repeat","background-position":"center center","background-size":"auto","background-attachment":"scroll","background-type":"","background-media":"","overlay-type":"","overlay-color":"","overlay-gradient":""}},"footnotes":""},"uagb_featured_image_src":{"full":false,"thumbnail":false,"medium":false,"medium_large":false,"large":false,"1536x1536":false,"2048x2048":false,"trp-custom-language-flag":false},"uagb_author_info":{"display_name":"SOE","author_link":"https:\/\/supcom.standardof.net\/cs\/author\/k-tastic\/"},"uagb_comment_info":0,"uagb_excerpt":"SPOOK \u2013 SPY PLANE The Spy Plane isn&#8217;t cheap, but it&#8217;s worth every penny to have one just in case. Cybrans, always great at scouting, get sonar coverage and the stealth ability that prevents the enemy interceptor packs from hunting your expensive defenseless plane down. It never hurts to have one on patrol across any&hellip;","_links":{"self":[{"href":"https:\/\/supcom.standardof.net\/cs\/wp-json\/wp\/v2\/pages\/603"}],"collection":[{"href":"https:\/\/supcom.standardof.net\/cs\/wp-json\/wp\/v2\/pages"}],"about":[{"href":"https:\/\/supcom.standardof.net\/cs\/wp-json\/wp\/v2\/types\/page"}],"author":[{"embeddable":true,"href":"https:\/\/supcom.standardof.net\/cs\/wp-json\/wp\/v2\/users\/1"}],"replies":[{"embeddable":true,"href":"https:\/\/supcom.standardof.net\/cs\/wp-json\/wp\/v2\/comments?post=603"}],"version-history":[{"count":0,"href":"https:\/\/supcom.standardof.net\/cs\/wp-json\/wp\/v2\/pages\/603\/revisions"}],"up":[{"embeddable":true,"href":"https:\/\/supcom.standardof.net\/cs\/wp-json\/wp\/v2\/pages\/538"}],"wp:attachment":[{"href":"https:\/\/supcom.standardof.net\/cs\/wp-json\/wp\/v2\/media?parent=603"}],"curies":[{"name":"wp","href":"https:\/\/api.w.org\/{rel}","templated":true}]}}