{"id":611,"date":"2020-11-02T14:34:22","date_gmt":"2020-11-02T19:34:22","guid":{"rendered":"https:\/\/supcom.standardof.net\/?page_id=611"},"modified":"2020-11-04T00:33:37","modified_gmt":"2020-11-04T05:33:37","slug":"cybran-tech-1-naval-units","status":"publish","type":"page","link":"https:\/\/supcom.standardof.net\/cs\/supreme-commander\/cybran-2\/cybran-tech-1-naval-units\/","title":{"rendered":"Cybran Tech 1 Naval Units"},"content":{"rendered":"<div class=\"wp-block-uagb-table-of-contents uagb-toc__align-left uagb-toc__columns-1  uagb-block-c4f8dd07\"\n\t\t\t\t\tdata-scroll= \"1\"\n\t\t\t\t\tdata-offset= \"30\"\n\t\t\t\t\tstyle=\"\"\n\t\t\t\t>\n\t\t\t\t<div class=\"uagb-toc__wrap\">\n\t\t\t\t\t\t<div class=\"uagb-toc__title\">\n\t\t\t\t\t\t\tN\u00e1mo\u0159n\u00ed jednotky Cybran Tech 1:\t\t\t\t\t\t<\/div>\n\t\t\t\t\t\t\t\t\t\t\t\t\t\t\t\t<div class=\"uagb-toc__list-wrap\">\n\t\t\t\t\t\t<ol class=\"uagb-toc__list\"><li class=\"uagb-toc__list\"><a href=\"#sliver-attack-submarine\" class=\"uagb-toc-link__trigger\">SLIVER - \u00daTO\u010cN\u00c1 SUBMARINE<\/a><li class=\"uagb-toc__list\"><a href=\"#trident-class-frigate\" class=\"uagb-toc-link__trigger\">FRID\u00c1T TRIDENTN\u00cd T\u0158\u00cdDY<\/a><\/ol>\t\t\t\t\t<\/div>\n\t\t\t\t\t\t\t\t\t<\/div>\n\t\t\t\t<\/div>\n\t\t\t\n\n\n<section class=\"wp-block-uagb-columns uagb-columns__wrap uagb-columns__background-undefined uagb-columns__stack-mobile uagb-columns__valign-undefined uagb-columns__gap-10 alignundefined uagb-block-3bd94459\"><div class=\"uagb-columns__overlay\"><\/div><div class=\"uagb-columns__inner-wrap uagb-columns__columns-1\">\n<div class=\"wp-block-uagb-column uagb-column__wrap uagb-column__background-undefined uagb-block-3b857cb2\"><div class=\"uagb-column__overlay\"><\/div><div class=\"uagb-column__inner-wrap\">\n<h2 class=\"wp-block-heading\"><strong>SLIVER <\/strong>- \u00daTO\u010cN\u00c1 SUBMARINE<\/h2>\n\n\n\n<p><a href=\"https:\/\/www.standardof.net\/wp-content\/uploads\/2012\/12\/Sliver-Attack-Submarine.png\" class=\"rank-math-link\" target=\"_blank\" rel=\"noopener\"><\/a>P\u0159esto\u017ee sub sub Cybran m\u00edrn\u011b p\u0159ekon\u00e1v\u00e1 sub sub Aeon, m\u00e1 jeden vykupuj\u00edc\u00ed faktor: m\u016f\u017eete jej objednat na povrch (stisknut\u00edm \u201eDive\u201c nebo \u201eD\u201c) a p\u0159id\u00e1 do rovnice sv\u016fj palubn\u00ed laser. To je obvykle neuv\u011b\u0159iteln\u011b \u0161patn\u00fd n\u00e1pad, proto\u017ee v\u00e1s \u010din\u00ed zraniteln\u00fdm v\u016f\u010di v\u011bt\u0161\u00ed palb\u011b, ale alespo\u0148 nemus\u00edte stav\u011bt Fregatu, abyste zabili zraniteln\u00fd extraktor nebo oboj\u017eiveln\u00fd tank. Levn\u00e1 cena umo\u017e\u0148uje Cybrans doplnit jejich nev\u00fdrazn\u00e9 fregaty v\u00edce ponorek.<\/p>\n\n\n\n<div class=\"wp-block-image\"><figure class=\"aligncenter size-large\"><a href=\"https:\/\/supcom.standardof.net\/cs\/supreme-commander\/cybran-2\/cybran-tech-1-naval-units\/sliver-attack-submarine-supreme-commander-cybran-tech-1-navy-units\/\"><img decoding=\"async\" width=\"430\" height=\"364\" src=\"https:\/\/supcom.standardof.net\/wp-content\/uploads\/sites\/8\/2020\/11\/Sliver-Attack-Submarine-Supreme-Commander-Cybran-Tech-1-Navy-Units.jpg\" alt=\"The Sliver Attack Submarine, Cybran Tech 1 Navy Unit in Supreme Commander.\" class=\"wp-image-613\" srcset=\"https:\/\/supcom.standardof.net\/wp-content\/uploads\/sites\/8\/2020\/11\/Sliver-Attack-Submarine-Supreme-Commander-Cybran-Tech-1-Navy-Units.jpg 430w, https:\/\/supcom.standardof.net\/wp-content\/uploads\/sites\/8\/2020\/11\/Sliver-Attack-Submarine-Supreme-Commander-Cybran-Tech-1-Navy-Units-200x169.jpg 200w, https:\/\/supcom.standardof.net\/wp-content\/uploads\/sites\/8\/2020\/11\/Sliver-Attack-Submarine-Supreme-Commander-Cybran-Tech-1-Navy-Units-14x12.jpg 14w\" sizes=\"(max-width: 430px) 100vw, 430px\" \/><\/a><figcaption>SLIVER - \u00daTO\u010cN\u00c1 SUBMARINE<\/figcaption><\/figure><\/div>\n\n\n\n<section class=\"wp-block-uagb-columns uagb-columns__wrap uagb-columns__background-undefined uagb-columns__stack-mobile uagb-columns__valign-undefined uagb-columns__gap-10 alignundefined uagb-block-d97273be\"><div class=\"uagb-columns__overlay\"><\/div><div class=\"uagb-columns__inner-wrap uagb-columns__columns-2\">\n<div class=\"wp-block-uagb-column uagb-column__wrap uagb-column__background-undefined uagb-block-6080005e\"><div class=\"uagb-column__overlay\"><\/div><div class=\"uagb-column__inner-wrap\">\n<h3 class=\"wp-block-heading\">Statistiky pramene<\/h3>\n\n\n\n<p><strong>Zbroj:<\/strong> 1125<br><strong>Schopnosti:<\/strong> Ponorn\u00e9<br><strong>N\u00e1klady:<\/strong> M580, E2250, T1000<br><strong>Intel<\/strong><br>&nbsp;&nbsp;&nbsp;&nbsp; pohled: 32 (625m)<br>&nbsp;&nbsp;&nbsp;&nbsp; sonar: 60 (1,17 km)<br>&nbsp;&nbsp;&nbsp;&nbsp; vodn\u00ed pohled: 32 (625 m)<br><strong>Fyzika<\/strong><br>&nbsp;&nbsp;&nbsp;&nbsp; maxim\u00e1ln\u00ed rychlost: 4,675 (91,3 m \/ s)<br>&nbsp;&nbsp;&nbsp;&nbsp; rychlost ot\u00e1\u010den\u00ed: 40<br><strong>Veter\u00e1nstv\u00ed:<\/strong> 5, 10, 25, 50, 100 zabit\u00ed<br><em>* \u00farove\u0148 veter\u00e1n\u016f 2: +270 hp<br>* \u00farove\u0148 veter\u00e1n\u016f 4: +270 hp<br>* \u00farove\u0148 veter\u00e1n\u016f 5: oprava 3 hp \/ s<\/em><\/p>\n<\/div><\/div>\n\n\n\n<div class=\"wp-block-uagb-column uagb-column__wrap uagb-column__background-undefined uagb-block-6f6d055e\"><div class=\"uagb-column__overlay\"><\/div><div class=\"uagb-column__inner-wrap\">\n<h3 class=\"wp-block-heading\">Sliver Zbran\u011b<\/h3>\n\n\n\n<p><strong>Nanite Torpedo<\/strong> (Anti Navy)<br>&nbsp;&nbsp;&nbsp;&nbsp;&nbsp; 94,44 dps<br><strong>rozsah:<\/strong> 32 (625 m)<br><strong>st\u0159eln\u00e1 zbra\u0148:<\/strong> 170<br>&nbsp;&nbsp;&nbsp;&nbsp; (5kr\u00e1t 34 po\u0161kozen\u00ed b\u011bhem 1 sekundy)<br>&nbsp;&nbsp;&nbsp;&nbsp; x 2 st\u0159ely = 340 po\u0161kozen\u00ed na salvu<br><strong>rychlost st\u0159elby:<\/strong> 0,28 (ka\u017ed\u00fdch 3,6 s)<br><em>* \u00farove\u0148 veter\u00e1n\u016f 1: +9 po\u0161kozen\u00ed<br>* \u00farove\u0148 veter\u00e1n\u016f 3: +9 po\u0161kozen\u00ed<\/em><\/p>\n\n\n\n<p><strong>Sv\u011bteln\u00fd pulzn\u00ed laser<\/strong> (P\u0159\u00edm\u00e1 palba)<br>&nbsp;&nbsp;&nbsp;&nbsp; 22,00 dps<br><strong>rozsah:<\/strong> 32 (625 m)<br><strong>st\u0159eln\u00e1 zbra\u0148:<\/strong> 11 po\u0161kozen\u00ed<br><strong>rychlost st\u0159elby:<\/strong> 2 (ka\u017ed\u00fdch 0,5 s)<br><em>* \u00farove\u0148 veter\u00e1n\u016f 1: +3 po\u0161kozen\u00ed<br>* \u00farove\u0148 veter\u00e1n\u016f 3: +3 po\u0161kozen\u00ed<\/em><\/p>\n<\/div><\/div>\n<\/div><\/section>\n<\/div><\/div>\n<\/div><\/section>\n\n\n\n<section class=\"wp-block-uagb-columns uagb-columns__wrap uagb-columns__background-undefined uagb-columns__stack-mobile uagb-columns__valign-undefined uagb-columns__gap-10 alignundefined uagb-block-8b77028e\"><div class=\"uagb-columns__overlay\"><\/div><div class=\"uagb-columns__inner-wrap uagb-columns__columns-1\">\n<div class=\"wp-block-uagb-column uagb-column__wrap uagb-column__background-undefined uagb-block-a948da14\"><div class=\"uagb-column__overlay\"><\/div><div class=\"uagb-column__inner-wrap\">\n<h2 class=\"wp-block-heading\"><strong>TROJZUBEC <\/strong>T\u0158\u00cdDA FRIG\u00c1TY<\/h2>\n\n\n\n<p><a href=\"https:\/\/www.standardof.net\/wp-content\/uploads\/2012\/12\/Trident-Class-Frigate.png\" class=\"rank-math-link\" target=\"_blank\" rel=\"noopener\"><\/a>Cybransk\u00e1 fregata je p\u0159ekon\u00e1na nep\u0159\u00e1telsk\u00fdmi ponorkami a nep\u0159\u00e1telsk\u00fdmi fregatami a d\u00edky n\u00edzk\u00e9mu dosahu je slab\u00e1 p\u0159i pob\u0159e\u017en\u00edm bombardov\u00e1n\u00ed, tak\u017ee ji pou\u017e\u00edvejte jako brzk\u00fd sp\u011bch nebo se jen dr\u017ete ponorek, dokud sv\u00e9 lod\u011b T2 nezprovozn\u00edte.<\/p>\n\n\n\n<div class=\"wp-block-image\"><figure class=\"aligncenter size-large\"><a href=\"https:\/\/supcom.standardof.net\/cs\/supreme-commander\/cybran-2\/cybran-tech-1-naval-units\/trident-class-frigate-supreme-commander-cybran-tech-1-navy-units\/\"><img decoding=\"async\" width=\"800\" height=\"492\" src=\"https:\/\/supcom.standardof.net\/wp-content\/uploads\/sites\/8\/2020\/11\/Trident-Class-Frigate-Supreme-Commander-Cybran-Tech-1-Navy-Units-800x492.jpg\" alt=\"Fregata t\u0159\u00eddy Trident, jednotka n\u00e1mo\u0159nictva Cybran Tech 1 ve vrchn\u00edm veliteli.\" class=\"wp-image-614\" srcset=\"https:\/\/supcom.standardof.net\/wp-content\/uploads\/sites\/8\/2020\/11\/Trident-Class-Frigate-Supreme-Commander-Cybran-Tech-1-Navy-Units-800x492.jpg 800w, https:\/\/supcom.standardof.net\/wp-content\/uploads\/sites\/8\/2020\/11\/Trident-Class-Frigate-Supreme-Commander-Cybran-Tech-1-Navy-Units-512x315.jpg 512w, https:\/\/supcom.standardof.net\/wp-content\/uploads\/sites\/8\/2020\/11\/Trident-Class-Frigate-Supreme-Commander-Cybran-Tech-1-Navy-Units-200x123.jpg 200w, https:\/\/supcom.standardof.net\/wp-content\/uploads\/sites\/8\/2020\/11\/Trident-Class-Frigate-Supreme-Commander-Cybran-Tech-1-Navy-Units-768x472.jpg 768w, https:\/\/supcom.standardof.net\/wp-content\/uploads\/sites\/8\/2020\/11\/Trident-Class-Frigate-Supreme-Commander-Cybran-Tech-1-Navy-Units-16x10.jpg 16w, https:\/\/supcom.standardof.net\/wp-content\/uploads\/sites\/8\/2020\/11\/Trident-Class-Frigate-Supreme-Commander-Cybran-Tech-1-Navy-Units.jpg 830w\" sizes=\"(max-width: 800px) 100vw, 800px\" \/><\/a><figcaption>FRID\u00c1T TRIDENTN\u00cd T\u0158\u00cdDY<\/figcaption><\/figure><\/div>\n\n\n\n<section class=\"wp-block-uagb-columns uagb-columns__wrap uagb-columns__background-undefined uagb-columns__stack-mobile uagb-columns__valign-undefined uagb-columns__gap-10 alignundefined uagb-block-3b96a1c3\"><div class=\"uagb-columns__overlay\"><\/div><div class=\"uagb-columns__inner-wrap uagb-columns__columns-2\">\n<div class=\"wp-block-uagb-column uagb-column__wrap uagb-column__background-undefined uagb-block-1a987968\"><div class=\"uagb-column__overlay\"><\/div><div class=\"uagb-column__inner-wrap\">\n<h3 class=\"wp-block-heading\">Statistiky trojzubce<\/h3>\n\n\n\n<p><strong>Zbroj:<\/strong> 1900 hp<br><strong>Schopnosti:<\/strong> Radar, sonar<br><strong>N\u00e1klady:<\/strong> M360, E24000, T3600<br><strong>Intel<br>&nbsp;&nbsp;&nbsp;&nbsp; <\/strong>pohled: 32 (625m)<br>&nbsp;&nbsp;&nbsp;&nbsp; radar: 80 (1,56 km)<br>&nbsp;&nbsp;&nbsp;&nbsp; sonar: 80 (1,56 km)<br>&nbsp;&nbsp;&nbsp;&nbsp; vodn\u00ed pohled: 24 (469 m)<br><strong>Fyzika<\/strong><br>&nbsp;&nbsp;&nbsp;&nbsp; maxim\u00e1ln\u00ed rychlost: 6,8 (133 m \/ s)<br>&nbsp;&nbsp;&nbsp;&nbsp; rychlost ot\u00e1\u010den\u00ed: 30<br><strong>Veter\u00e1nstv\u00ed: <\/strong>5, 10, 25, 50, 100 zabit\u00ed<br><em>* \u00farove\u0148 veter\u00e1n\u016f 2: +181 k<br>* \u00farove\u0148 veter\u00e1n\u016f 4: +181 hp<br>* \u00farove\u0148 veter\u00e1n\u016f 5: oprava 3 hp \/ s<\/em><\/p>\n<\/div><\/div>\n\n\n\n<div class=\"wp-block-uagb-column uagb-column__wrap uagb-column__background-undefined uagb-block-eafb0c4f\"><div class=\"uagb-column__overlay\"><\/div><div class=\"uagb-column__inner-wrap\">\n<h3 class=\"wp-block-heading\">Zbran\u011b trojzubce<\/h3>\n\n\n\n<p><strong>Protonov\u00e9 d\u011blo<\/strong> (Direct Fire Naval)<br>&nbsp;&nbsp;&nbsp;&nbsp; 57,14 dps<br><strong>plocha:<\/strong> 2 (39,1 m)<br><strong>rozsah:<\/strong> 28 (547 m)<br><strong>st\u0159eln\u00e1 zbra\u0148:<\/strong> 40 po\u0161kozen\u00ed<br><strong>rychlost st\u0159elby:<\/strong> 1,43 (ka\u017ed\u00fdch 0,7 s)<br><em>* \u00farove\u0148 veter\u00e1n\u016f 1: +10 k po\u0161kozen\u00ed<br>* \u00farove\u0148 veter\u00e1n\u016f 3: +10 k po\u0161kozen\u00ed<\/em><\/p>\n\n\n\n<p><strong>Elektronov\u00fd kan\u00f3n<\/strong> (Anti Air)<br>&nbsp;&nbsp;&nbsp;&nbsp; 3,33 dps<br><strong>rozsah:<\/strong> 44 (859 m)<br><strong>st\u0159eln\u00e1 zbra\u0148:<\/strong> 1 po\u0161kozen\u00ed<br><strong>rychlost st\u0159elby:<\/strong> 3 (ka\u017ed\u00fdch 0,33 s)<br><em>* \u00farove\u0148 veter\u00e1n\u016f 1: +1 po\u0161kozen\u00ed<br>* \u00farove\u0148 veter\u00e1n\u016f 3: po\u0161kozen\u00ed +1<\/em><\/p>\n<\/div><\/div>\n<\/div><\/section>\n<\/div><\/div>\n<\/div><\/section>","protected":false},"excerpt":{"rendered":"<p>SLIVER \u2013 ATTACK SUBMARINE Although the Cybran sub is slightly outmatched against the Aeon sub, it has one redeeming factor: you can order it to surface (by pressing &#8220;Dive&#8221; or &#8220;D&#8221;) and it will add its deck laser to the equation. This is usually a spectacularly bad idea, as it makes you vulnerable to more [&hellip;]<\/p>","protected":false},"author":1,"featured_media":0,"parent":538,"menu_order":0,"comment_status":"open","ping_status":"closed","template":"","meta":{"_uag_custom_page_level_css":"","site-sidebar-layout":"default","site-content-layout":"default","ast-site-content-layout":"","site-content-style":"default","site-sidebar-style":"default","ast-global-header-display":"","ast-banner-title-visibility":"","ast-main-header-display":"","ast-hfb-above-header-display":"","ast-hfb-below-header-display":"","ast-hfb-mobile-header-display":"","site-post-title":"","ast-breadcrumbs-content":"","ast-featured-img":"","footer-sml-layout":"","theme-transparent-header-meta":"default","adv-header-id-meta":"","stick-header-meta":"","header-above-stick-meta":"","header-main-stick-meta":"","header-below-stick-meta":"","astra-migrate-meta-layouts":"default","ast-page-background-enabled":"default","ast-page-background-meta":{"desktop":{"background-color":"","background-image":"","background-repeat":"repeat","background-position":"center center","background-size":"auto","background-attachment":"scroll","background-type":"","background-media":"","overlay-type":"","overlay-color":"","overlay-gradient":""},"tablet":{"background-color":"","background-image":"","background-repeat":"repeat","background-position":"center center","background-size":"auto","background-attachment":"scroll","background-type":"","background-media":"","overlay-type":"","overlay-color":"","overlay-gradient":""},"mobile":{"background-color":"","background-image":"","background-repeat":"repeat","background-position":"center center","background-size":"auto","background-attachment":"scroll","background-type":"","background-media":"","overlay-type":"","overlay-color":"","overlay-gradient":""}},"ast-content-background-meta":{"desktop":{"background-color":"var(--ast-global-color-5)","background-image":"","background-repeat":"repeat","background-position":"center center","background-size":"auto","background-attachment":"scroll","background-type":"","background-media":"","overlay-type":"","overlay-color":"","overlay-gradient":""},"tablet":{"background-color":"var(--ast-global-color-5)","background-image":"","background-repeat":"repeat","background-position":"center center","background-size":"auto","background-attachment":"scroll","background-type":"","background-media":"","overlay-type":"","overlay-color":"","overlay-gradient":""},"mobile":{"background-color":"var(--ast-global-color-5)","background-image":"","background-repeat":"repeat","background-position":"center center","background-size":"auto","background-attachment":"scroll","background-type":"","background-media":"","overlay-type":"","overlay-color":"","overlay-gradient":""}},"footnotes":""},"uagb_featured_image_src":{"full":false,"thumbnail":false,"medium":false,"medium_large":false,"large":false,"1536x1536":false,"2048x2048":false,"trp-custom-language-flag":false},"uagb_author_info":{"display_name":"SOE","author_link":"https:\/\/supcom.standardof.net\/cs\/author\/k-tastic\/"},"uagb_comment_info":0,"uagb_excerpt":"SLIVER \u2013 ATTACK SUBMARINE Although the Cybran sub is slightly outmatched against the Aeon sub, it has one redeeming factor: you can order it to surface (by pressing &#8220;Dive&#8221; or &#8220;D&#8221;) and it will add its deck laser to the equation. This is usually a spectacularly bad idea, as it makes you vulnerable to more&hellip;","_links":{"self":[{"href":"https:\/\/supcom.standardof.net\/cs\/wp-json\/wp\/v2\/pages\/611"}],"collection":[{"href":"https:\/\/supcom.standardof.net\/cs\/wp-json\/wp\/v2\/pages"}],"about":[{"href":"https:\/\/supcom.standardof.net\/cs\/wp-json\/wp\/v2\/types\/page"}],"author":[{"embeddable":true,"href":"https:\/\/supcom.standardof.net\/cs\/wp-json\/wp\/v2\/users\/1"}],"replies":[{"embeddable":true,"href":"https:\/\/supcom.standardof.net\/cs\/wp-json\/wp\/v2\/comments?post=611"}],"version-history":[{"count":0,"href":"https:\/\/supcom.standardof.net\/cs\/wp-json\/wp\/v2\/pages\/611\/revisions"}],"up":[{"embeddable":true,"href":"https:\/\/supcom.standardof.net\/cs\/wp-json\/wp\/v2\/pages\/538"}],"wp:attachment":[{"href":"https:\/\/supcom.standardof.net\/cs\/wp-json\/wp\/v2\/media?parent=611"}],"curies":[{"name":"wp","href":"https:\/\/api.w.org\/{rel}","templated":true}]}}