{"id":617,"date":"2020-11-02T14:40:37","date_gmt":"2020-11-02T19:40:37","guid":{"rendered":"https:\/\/supcom.standardof.net\/?page_id=617"},"modified":"2020-11-04T00:33:47","modified_gmt":"2020-11-04T05:33:47","slug":"cybran-tech-2-naval-units","status":"publish","type":"page","link":"https:\/\/supcom.standardof.net\/cs\/supreme-commander\/cybran-2\/cybran-tech-2-naval-units\/","title":{"rendered":"Cybran Tech 2 Naval Units"},"content":{"rendered":"<div class=\"wp-block-uagb-table-of-contents uagb-toc__align-left uagb-toc__columns-1  uagb-block-1849780f\"\n\t\t\t\t\tdata-scroll= \"1\"\n\t\t\t\t\tdata-offset= \"30\"\n\t\t\t\t\tstyle=\"\"\n\t\t\t\t>\n\t\t\t\t<div class=\"uagb-toc__wrap\">\n\t\t\t\t\t\t<div class=\"uagb-toc__title\">\n\t\t\t\t\t\t\tN\u00e1mo\u0159n\u00ed jednotky Cybran Tech 2:\t\t\t\t\t\t<\/div>\n\t\t\t\t\t\t\t\t\t\t\t\t\t\t\t\t<div class=\"uagb-toc__list-wrap\">\n\t\t\t\t\t\t<ol class=\"uagb-toc__list\"><li class=\"uagb-toc__list\"><a href=\"#siren-class-cruiser\" class=\"uagb-toc-link__trigger\">PLAVIDLO T\u0158\u00cdDY SIREN<\/a><li class=\"uagb-toc__list\"><a href=\"#salem-class-destroyer\" class=\"uagb-toc-link__trigger\">SALEM CLASS NESTROYER<\/a><\/ol>\t\t\t\t\t<\/div>\n\t\t\t\t\t\t\t\t\t<\/div>\n\t\t\t\t<\/div>\n\t\t\t\n\n\n<section class=\"wp-block-uagb-columns uagb-columns__wrap uagb-columns__background-undefined uagb-columns__stack-mobile uagb-columns__valign-undefined uagb-columns__gap-10 alignundefined uagb-block-27b633ce\"><div class=\"uagb-columns__overlay\"><\/div><div class=\"uagb-columns__inner-wrap uagb-columns__columns-1\">\n<div class=\"wp-block-uagb-column uagb-column__wrap uagb-column__background-undefined uagb-block-78728c57\"><div class=\"uagb-column__overlay\"><\/div><div class=\"uagb-column__inner-wrap\">\n<h2 class=\"wp-block-heading\"><strong>SIR\u00c9NA <\/strong>T\u0158\u00cdDA CRUISER<\/h2>\n\n\n\n<p><a href=\"https:\/\/www.standardof.net\/wp-content\/uploads\/2012\/12\/Siren-Class-Cruiser.png\" class=\"rank-math-link\" target=\"_blank\" rel=\"noopener\"><\/a>K\u0159i\u017en\u00edk Cybran je specializovan\u00e1 platforma pro leteckou podporu - umo\u017e\u0148uje va\u0161im letadl\u016fm p\u0159ist\u00e1vat a dopl\u0148ovat palivo, nen\u00ed o nic dra\u017e\u0161\u00ed ne\u017e jeho prot\u011bj\u0161ky v ostatn\u00edch frakc\u00edch a m\u00e1 ohromuj\u00edc\u00ed schopnost proti vzduchu, d\u00edky kter\u00e9 si p\u0159ejete mobiln\u00ed protiletadlovou zbra\u0148 T1 m\u011bl jeden z T\u011aCHTO odpalova\u010d\u016f nanodart\u016f. I kdy\u017e m\u00e1 palubn\u00ed zbra\u0148, je to opravdu jen proto, aby bylo zaji\u0161t\u011bno, \u017ee m\u016f\u017ee za\u00fato\u010dit se zbytkem va\u0161ich lod\u00ed, zat\u00edmco z\u016fstane v zadn\u00ed \u010d\u00e1sti, kam pat\u0159\u00ed.<\/p>\n\n\n\n<div class=\"wp-block-image\"><figure class=\"aligncenter size-large\"><a href=\"https:\/\/supcom.standardof.net\/cs\/supreme-commander\/cybran-2\/cybran-tech-2-naval-units\/siren-class-cruiser-supreme-commander-cybran-tech-2-navy-units\/\"><img decoding=\"async\" width=\"725\" height=\"530\" src=\"https:\/\/supcom.standardof.net\/wp-content\/uploads\/sites\/8\/2020\/11\/Siren-Class-Cruiser-Supreme-Commander-Cybran-Tech-2-Navy-Units.jpg\" alt=\"K\u0159i\u017en\u00edk t\u0159\u00eddy Siren, jednotka n\u00e1mo\u0159nictva Cybran Tech 1 ve vrchn\u00edm veliteli.\" class=\"wp-image-619\" srcset=\"https:\/\/supcom.standardof.net\/wp-content\/uploads\/sites\/8\/2020\/11\/Siren-Class-Cruiser-Supreme-Commander-Cybran-Tech-2-Navy-Units.jpg 725w, https:\/\/supcom.standardof.net\/wp-content\/uploads\/sites\/8\/2020\/11\/Siren-Class-Cruiser-Supreme-Commander-Cybran-Tech-2-Navy-Units-512x374.jpg 512w, https:\/\/supcom.standardof.net\/wp-content\/uploads\/sites\/8\/2020\/11\/Siren-Class-Cruiser-Supreme-Commander-Cybran-Tech-2-Navy-Units-200x146.jpg 200w, https:\/\/supcom.standardof.net\/wp-content\/uploads\/sites\/8\/2020\/11\/Siren-Class-Cruiser-Supreme-Commander-Cybran-Tech-2-Navy-Units-16x12.jpg 16w\" sizes=\"(max-width: 725px) 100vw, 725px\" \/><\/a><figcaption>PLAVIDLO T\u0158\u00cdDY SIREN<\/figcaption><\/figure><\/div>\n\n\n\n<section class=\"wp-block-uagb-columns uagb-columns__wrap uagb-columns__background-undefined uagb-columns__stack-mobile uagb-columns__valign-undefined uagb-columns__gap-10 alignundefined uagb-block-eda90e9f\"><div class=\"uagb-columns__overlay\"><\/div><div class=\"uagb-columns__inner-wrap uagb-columns__columns-2\">\n<div class=\"wp-block-uagb-column uagb-column__wrap uagb-column__background-undefined uagb-block-323360bc\"><div class=\"uagb-column__overlay\"><\/div><div class=\"uagb-column__inner-wrap\">\n<h3 class=\"wp-block-heading\">Statistiky sir\u00e9ny<\/h3>\n\n\n\n<p><strong>Zbroj:<\/strong> 2800<br><strong>Schopnosti:<\/strong> Air Staging, taktick\u00e1 raketov\u00e1 obrana<br><strong>N\u00e1klady:<\/strong> M2000, E18000, T4000<br><strong>Intel<\/strong><br>&nbsp;&nbsp;&nbsp;&nbsp; pohled: 60 (1,17 km)<br>&nbsp;&nbsp;&nbsp;&nbsp; radar: 70 (1,37 km)<br>&nbsp;&nbsp;&nbsp;&nbsp; sonar: 30 (586 m)<br>&nbsp;&nbsp;&nbsp;&nbsp; vodn\u00ed pohled: 45 (879 m)<br><strong>Fyzika<\/strong><br>&nbsp;&nbsp;&nbsp;&nbsp; maxim\u00e1ln\u00ed rychlost: 4,25 (83,0 m \/ s)<br>&nbsp;&nbsp;&nbsp;&nbsp; rychlost ot\u00e1\u010den\u00ed: 20<br><strong>Transportn\u00ed t\u0159\u00edda:<\/strong> 10<br>&nbsp;&nbsp;&nbsp;&nbsp; t\u0159\u00edda 2 velikost p\u0159\u00edlohy: 1<br>&nbsp;&nbsp;&nbsp;&nbsp; t\u0159\u00edda 3 velikost p\u0159\u00edlohy: 1<br><strong>Veter\u00e1nstv\u00ed:<\/strong> 30, 60, 150, 300, 600 zabit\u00ed<br><em>* \u00farove\u0148 veter\u00e1n\u016f 2: +700 k<br>* \u00farove\u0148 veter\u00e1n\u016f 4: +700 k<br>* \u00farove\u0148 veter\u00e1n\u016f 5: oprava 3 hp \/ s<\/em><\/p>\n<\/div><\/div>\n\n\n\n<div class=\"wp-block-uagb-column uagb-column__wrap uagb-column__background-undefined uagb-block-a123735b\"><div class=\"uagb-column__overlay\"><\/div><div class=\"uagb-column__inner-wrap\">\n<h3 class=\"wp-block-heading\">Zbran\u011b sir\u00e9ny<\/h3>\n\n\n\n<p><strong>Protonov\u00e9 d\u011blo<\/strong> (Direct Fire Naval)<br>&nbsp;&nbsp;&nbsp;&nbsp; 32,00 dps<br><strong>plocha:<\/strong> 2 (39,1 m)<br><strong>rozsah:<\/strong> 64 (1,25 km)<br><strong>st\u0159eln\u00e1 zbra\u0148:<\/strong> 20 po\u0161kozen\u00ed<br>&nbsp;&nbsp;&nbsp;&nbsp; x 2 st\u0159ely = 40 po\u0161kozen\u00ed na salvu<br><strong>rychlost st\u0159elby:<\/strong> 0,8 (ka\u017ed\u00fdch 1,25 s)<br><em>* \u00farove\u0148 veter\u00e1n\u016f 1: +5 po\u0161kozen\u00ed<br>* \u00farove\u0148 veter\u00e1n\u016f 3: +5 po\u0161kozen\u00ed<\/em><\/p>\n\n\n\n<p><strong>Spou\u0161t\u011b\u010d Nanodart<\/strong> (Anti Air)<br>&nbsp;&nbsp;&nbsp;&nbsp; 72,00 dps<br><strong>rozsah:<\/strong> 64 (1,25 km)<br><strong>st\u0159eln\u00e1 zbra\u0148:<\/strong> 15 po\u0161kozen\u00ed<br>&nbsp;&nbsp;&nbsp;&nbsp; x 6 st\u0159el = 90 po\u0161kozen\u00ed na salvu<br><strong>rychlost st\u0159elby:<\/strong> 0,8 (ka\u017ed\u00fdch 1,25 s)<br>* \u00farove\u0148 veter\u00e1n\u016f 1: +4 po\u0161kozen\u00ed<br>* \u00farove\u0148 veter\u00e1n\u016f 3: po\u0161kozen\u00ed +4<\/p>\n\n\n\n<p><strong>Spou\u0161t\u011b\u010d Nanodart<\/strong> (Anti Air):<br>&nbsp;&nbsp;&nbsp;&nbsp; 90,00 dps,<br><strong>rozsah:<\/strong> 64 (1,25 km)<br><strong>st\u0159eln\u00e1 zbra\u0148:<\/strong> 30 po\u0161kozen\u00ed<br>&nbsp;&nbsp;&nbsp;&nbsp;&nbsp; x 6 st\u0159el = 180 po\u0161kozen\u00ed na salvu<br><strong>rychlost st\u0159elby:<\/strong> 0,5 (ka\u017ed\u00e9 2 s)<br><em>* \u00farove\u0148 veter\u00e1n\u016f 1: +8 k po\u0161kozen\u00ed<br>* \u00farove\u0148 veter\u00e1n\u016f 3: +8 k po\u0161kozen\u00ed<\/em><\/p>\n\n\n\n<p><strong>Protiraketa Zapper<\/strong> (Obrana)<br>&nbsp;&nbsp;&nbsp;&nbsp;&nbsp; 7,20 dps<br><strong>rozsah:<\/strong> 32 (625 m)<br><strong>paprskov\u00e1 zbra\u0148:<\/strong> 6 po\u0161kozen\u00ed<br>&nbsp;&nbsp;&nbsp;&nbsp; x 1 paprsek ka\u017ed\u00fdch 0,25 s po dobu 0,5 s = 18 po\u0161kozen\u00ed<br><strong>rychlost st\u0159elby:<\/strong> 0,4 (ka\u017ed\u00e9 2,5 s)<\/p>\n<\/div><\/div>\n<\/div><\/section>\n<\/div><\/div>\n<\/div><\/section>\n\n\n\n<section class=\"wp-block-uagb-columns uagb-columns__wrap uagb-columns__background-undefined uagb-columns__stack-mobile uagb-columns__valign-undefined uagb-columns__gap-10 alignundefined uagb-block-4aed9922\"><div class=\"uagb-columns__overlay\"><\/div><div class=\"uagb-columns__inner-wrap uagb-columns__columns-1\">\n<div class=\"wp-block-uagb-column uagb-column__wrap uagb-column__background-undefined uagb-block-8548c629\"><div class=\"uagb-column__overlay\"><\/div><div class=\"uagb-column__inner-wrap\">\n<h2 class=\"wp-block-heading\"><strong>SALEM <\/strong>T\u0158\u00cdDN\u00cd NESTROJER<\/h2>\n\n\n\n<p><a href=\"https:\/\/www.standardof.net\/wp-content\/uploads\/2012\/12\/Salem-Class-Destroyer.png\" class=\"rank-math-link\" target=\"_blank\" rel=\"noopener\"><\/a>Salem je vrcholem n\u00e1mo\u0159nictva Cybran. M\u00e1 v\u011bt\u0161\u00ed palebnou s\u00edlu ne\u017e lod\u011b ostatn\u00edch stran a tak\u00e9 \u00factyhodn\u00e1 torp\u00e9da a anti-torp\u00e9da pro boj s d\u00edl\u010d\u00edmi flotilami. Nikdy to nep\u0159estane b\u00fdt u\u017eite\u010dn\u00e9 kv\u016fli jeho oboj\u017eiveln\u00fdm schopnostem a je velmi pomal\u00e9, ale st\u00e1le devastuj\u00edc\u00ed, kdy\u017e se plaz\u00ed po pob\u0159e\u017e\u00ed. Jeho jedinou slabinou je n\u00edzk\u00e9 brn\u011bn\u00ed, co\u017e znamen\u00e1, \u017ee m\u00e1 pot\u00ed\u017ee s p\u0159evzet\u00edm dal\u0161\u00edch torp\u00e9doborc\u016f na mo\u0159i, pokud jej neobjedn\u00e1te do boje, aby jeho torp\u00e9da mohla za\u010d\u00edt \u00fato\u010dit.<\/p>\n\n\n\n<div class=\"wp-block-image\"><figure class=\"aligncenter size-large\"><a href=\"https:\/\/supcom.standardof.net\/cs\/supreme-commander\/cybran-2\/cybran-tech-2-naval-units\/salem-class-destroyer-supreme-commander-cybran-tech-2-navy-units\/\"><img decoding=\"async\" width=\"576\" height=\"417\" src=\"https:\/\/supcom.standardof.net\/wp-content\/uploads\/sites\/8\/2020\/11\/Salem-Class-Destroyer-Supreme-Commander-Cybran-Tech-2-Navy-Units.jpg\" alt=\"Torp\u00e9doborec t\u0159\u00eddy Salem, jednotka n\u00e1mo\u0159nictva Cybran Tech 1 ve vrchn\u00edm veliteli.\" class=\"wp-image-620\" srcset=\"https:\/\/supcom.standardof.net\/wp-content\/uploads\/sites\/8\/2020\/11\/Salem-Class-Destroyer-Supreme-Commander-Cybran-Tech-2-Navy-Units.jpg 576w, https:\/\/supcom.standardof.net\/wp-content\/uploads\/sites\/8\/2020\/11\/Salem-Class-Destroyer-Supreme-Commander-Cybran-Tech-2-Navy-Units-512x371.jpg 512w, https:\/\/supcom.standardof.net\/wp-content\/uploads\/sites\/8\/2020\/11\/Salem-Class-Destroyer-Supreme-Commander-Cybran-Tech-2-Navy-Units-200x145.jpg 200w, https:\/\/supcom.standardof.net\/wp-content\/uploads\/sites\/8\/2020\/11\/Salem-Class-Destroyer-Supreme-Commander-Cybran-Tech-2-Navy-Units-16x12.jpg 16w\" sizes=\"(max-width: 576px) 100vw, 576px\" \/><\/a><figcaption>SALEM CLASS NESTROYER<\/figcaption><\/figure><\/div>\n\n\n\n<section class=\"wp-block-uagb-columns uagb-columns__wrap uagb-columns__background-undefined uagb-columns__stack-mobile uagb-columns__valign-undefined uagb-columns__gap-10 alignundefined uagb-block-372b783e\"><div class=\"uagb-columns__overlay\"><\/div><div class=\"uagb-columns__inner-wrap uagb-columns__columns-2\">\n<div class=\"wp-block-uagb-column uagb-column__wrap uagb-column__background-undefined uagb-block-0893201b\"><div class=\"uagb-column__overlay\"><\/div><div class=\"uagb-column__inner-wrap\">\n<h3 class=\"wp-block-heading\">Salem Statistiky<\/h3>\n\n\n\n<p><strong>Zbroj:<\/strong> 6050 hp<br><strong>Schopnosti:<\/strong> Oboj\u017eiveln\u00e9, torp\u00e9dov\u00e1 obrana, sonar<br><strong>N\u00e1klady:<\/strong> M2340, E15600, T5200<br><strong>Intel<br>&nbsp;&nbsp;&nbsp;&nbsp; <\/strong>pohled: 55 (1,07 km)<br>&nbsp;&nbsp;&nbsp;&nbsp; radar: 60 (1,17 km)<br>&nbsp;&nbsp;&nbsp;&nbsp; sonar: 60 (1,17 km)<br>&nbsp;&nbsp;&nbsp;&nbsp; vodn\u00ed pohled: 42 (820m)<br><strong>Fyzika<\/strong><br>&nbsp;&nbsp;&nbsp;&nbsp; maxim\u00e1ln\u00ed rychlost: 6 (117 m \/ s)<br>&nbsp;&nbsp;&nbsp;&nbsp; rychlost ot\u00e1\u010den\u00ed: 25<br><strong>Veter\u00e1nstv\u00ed: <\/strong>30, 60, 150, 300, 600 zabit\u00ed<br><em>* \u00farove\u0148 veter\u00e1n\u016f 2: +1513 k<br>* \u00farove\u0148 veter\u00e1n\u016f 4: +1513 k<br>* \u00farove\u0148 veter\u00e1n\u016f 5: oprava 3 hp \/ s<\/em><\/p>\n<\/div><\/div>\n\n\n\n<div class=\"wp-block-uagb-column uagb-column__wrap uagb-column__background-undefined uagb-block-5e6cca19\"><div class=\"uagb-column__overlay\"><\/div><div class=\"uagb-column__inner-wrap\">\n<h3 class=\"wp-block-heading\">Salemsk\u00e9 zbran\u011b<\/h3>\n\n\n\n<p><strong>Protonov\u00e9 d\u011blo<\/strong> (Direct Fire Naval)<br>&nbsp;&nbsp;&nbsp;&nbsp; 230,00 dps<br><strong>plocha: <\/strong>1 (19,5 m)<br><strong>rozsah:<\/strong> 80 (1,56 km)<br><strong>st\u0159eln\u00e1 zbra\u0148:<\/strong> Po\u0161kozen\u00ed 115<br>&nbsp;&nbsp;&nbsp;&nbsp; x 2 st\u0159ely = 230 po\u0161kozen\u00ed na salvu<br><strong>rychlost st\u0159elby:<\/strong> 1 (ka\u017ed\u00e9 1 s)<br><em>* \u00farove\u0148 veter\u00e1n\u016f 1: +29 k po\u0161kozen\u00ed<br>* \u00farove\u0148 veter\u00e1n\u016f 3: +29 k po\u0161kozen\u00ed<\/em><\/p>\n\n\n\n<p><strong>Elektronov\u00fd kan\u00f3n<\/strong> (Anti Air)<br>&nbsp;&nbsp;&nbsp;&nbsp; 8,80 dps<br><strong>rozsah:<\/strong> 44 (859 m)<br><strong>st\u0159eln\u00e1 zbra\u0148:<\/strong> 1 po\u0161kozen\u00ed<br>&nbsp;&nbsp;&nbsp;&nbsp; x 4 st\u0159ely = 4 po\u0161kozen\u00ed na salvu<br><strong>rychlost st\u0159elby:<\/strong> 2,2 (ka\u017ed\u00fdch 0,45 s)<\/p>\n\n\n\n<p>2x <strong>Nanite Torpedo<\/strong> (Anti Navy)<br>&nbsp;&nbsp;&nbsp;&nbsp; 58,28 dps<br><strong>rozsah:<\/strong> 32 (625 m)<br><strong>st\u0159eln\u00e1 zbra\u0148:<\/strong> 175<br>&nbsp;&nbsp;&nbsp;&nbsp; (5kr\u00e1t 35 po\u0161kozen\u00ed za 1 sekundu)<br><strong>rychlost st\u0159elby:<\/strong> 0,333 (ka\u017ed\u00e9 3 s)<br><em>* \u00farove\u0148 veter\u00e1n\u016f 1: +9 po\u0161kozen\u00ed<br>* \u00farove\u0148 veter\u00e1n\u016f 3: +9 po\u0161kozen\u00ed<\/em><\/p>\n\n\n\n<p>2x <strong>\u0158e\u0161en\u00ed proti torp\u00e9d\u016fm<\/strong> (Obrana)<br>&nbsp;&nbsp;&nbsp;&nbsp; 0,16 dps<br><strong>rozsah:<\/strong> 25 (488 m)<br><strong>st\u0159eln\u00e1 zbra\u0148:<\/strong> 2 po\u0161kozen\u00ed<br><strong>rychlost st\u0159elby:<\/strong> 0,08 (ka\u017ed\u00fdch 12,5 s)<\/p>\n<\/div><\/div>\n<\/div><\/section>\n<\/div><\/div>\n<\/div><\/section>","protected":false},"excerpt":{"rendered":"<p>SIREN CLASS CRUISER The Cybran cruiser is a dedicated air support platform &#8211; it lets your planes land and refuel, it&#8217;s not any more expensive than its counterparts in the other factions, and it has staggering anti-air capability that makes you wish your T1 mobile anti-air gun had one of THESE nanodart launchers. While it [&hellip;]<\/p>","protected":false},"author":1,"featured_media":0,"parent":538,"menu_order":0,"comment_status":"open","ping_status":"closed","template":"","meta":{"_uag_custom_page_level_css":"","site-sidebar-layout":"default","site-content-layout":"default","ast-site-content-layout":"","site-content-style":"default","site-sidebar-style":"default","ast-global-header-display":"","ast-banner-title-visibility":"","ast-main-header-display":"","ast-hfb-above-header-display":"","ast-hfb-below-header-display":"","ast-hfb-mobile-header-display":"","site-post-title":"","ast-breadcrumbs-content":"","ast-featured-img":"","footer-sml-layout":"","theme-transparent-header-meta":"default","adv-header-id-meta":"","stick-header-meta":"","header-above-stick-meta":"","header-main-stick-meta":"","header-below-stick-meta":"","astra-migrate-meta-layouts":"default","ast-page-background-enabled":"default","ast-page-background-meta":{"desktop":{"background-color":"","background-image":"","background-repeat":"repeat","background-position":"center center","background-size":"auto","background-attachment":"scroll","background-type":"","background-media":"","overlay-type":"","overlay-color":"","overlay-gradient":""},"tablet":{"background-color":"","background-image":"","background-repeat":"repeat","background-position":"center center","background-size":"auto","background-attachment":"scroll","background-type":"","background-media":"","overlay-type":"","overlay-color":"","overlay-gradient":""},"mobile":{"background-color":"","background-image":"","background-repeat":"repeat","background-position":"center center","background-size":"auto","background-attachment":"scroll","background-type":"","background-media":"","overlay-type":"","overlay-color":"","overlay-gradient":""}},"ast-content-background-meta":{"desktop":{"background-color":"var(--ast-global-color-5)","background-image":"","background-repeat":"repeat","background-position":"center center","background-size":"auto","background-attachment":"scroll","background-type":"","background-media":"","overlay-type":"","overlay-color":"","overlay-gradient":""},"tablet":{"background-color":"var(--ast-global-color-5)","background-image":"","background-repeat":"repeat","background-position":"center center","background-size":"auto","background-attachment":"scroll","background-type":"","background-media":"","overlay-type":"","overlay-color":"","overlay-gradient":""},"mobile":{"background-color":"var(--ast-global-color-5)","background-image":"","background-repeat":"repeat","background-position":"center center","background-size":"auto","background-attachment":"scroll","background-type":"","background-media":"","overlay-type":"","overlay-color":"","overlay-gradient":""}},"footnotes":""},"uagb_featured_image_src":{"full":false,"thumbnail":false,"medium":false,"medium_large":false,"large":false,"1536x1536":false,"2048x2048":false,"trp-custom-language-flag":false},"uagb_author_info":{"display_name":"SOE","author_link":"https:\/\/supcom.standardof.net\/cs\/author\/k-tastic\/"},"uagb_comment_info":0,"uagb_excerpt":"SIREN CLASS CRUISER The Cybran cruiser is a dedicated air support platform &#8211; it lets your planes land and refuel, it&#8217;s not any more expensive than its counterparts in the other factions, and it has staggering anti-air capability that makes you wish your T1 mobile anti-air gun had one of THESE nanodart launchers. While it&hellip;","_links":{"self":[{"href":"https:\/\/supcom.standardof.net\/cs\/wp-json\/wp\/v2\/pages\/617"}],"collection":[{"href":"https:\/\/supcom.standardof.net\/cs\/wp-json\/wp\/v2\/pages"}],"about":[{"href":"https:\/\/supcom.standardof.net\/cs\/wp-json\/wp\/v2\/types\/page"}],"author":[{"embeddable":true,"href":"https:\/\/supcom.standardof.net\/cs\/wp-json\/wp\/v2\/users\/1"}],"replies":[{"embeddable":true,"href":"https:\/\/supcom.standardof.net\/cs\/wp-json\/wp\/v2\/comments?post=617"}],"version-history":[{"count":0,"href":"https:\/\/supcom.standardof.net\/cs\/wp-json\/wp\/v2\/pages\/617\/revisions"}],"up":[{"embeddable":true,"href":"https:\/\/supcom.standardof.net\/cs\/wp-json\/wp\/v2\/pages\/538"}],"wp:attachment":[{"href":"https:\/\/supcom.standardof.net\/cs\/wp-json\/wp\/v2\/media?parent=617"}],"curies":[{"name":"wp","href":"https:\/\/api.w.org\/{rel}","templated":true}]}}