{"id":623,"date":"2020-11-02T14:46:41","date_gmt":"2020-11-02T19:46:41","guid":{"rendered":"https:\/\/supcom.standardof.net\/?page_id=623"},"modified":"2020-11-04T00:33:58","modified_gmt":"2020-11-04T05:33:58","slug":"cybran-tech-3-naval-units","status":"publish","type":"page","link":"https:\/\/supcom.standardof.net\/cs\/supreme-commander\/cybran-2\/cybran-tech-3-naval-units\/","title":{"rendered":"Cybran Tech 3 Naval Units"},"content":{"rendered":"<div class=\"wp-block-uagb-table-of-contents uagb-toc__align-left uagb-toc__columns-1  uagb-block-a7257bd8\"\n\t\t\t\t\tdata-scroll= \"1\"\n\t\t\t\t\tdata-offset= \"30\"\n\t\t\t\t\tstyle=\"\"\n\t\t\t\t>\n\t\t\t\t<div class=\"uagb-toc__wrap\">\n\t\t\t\t\t\t<div class=\"uagb-toc__title\">\n\t\t\t\t\t\t\tCybran Tech 3 Naval Units:\t\t\t\t\t\t<\/div>\n\t\t\t\t\t\t\t\t\t\t\t\t\t\t\t\t<div class=\"uagb-toc__list-wrap\">\n\t\t\t\t\t\t<ol class=\"uagb-toc__list\"><li class=\"uagb-toc__list\"><a href=\"#galaxy-class-battleship\" class=\"uagb-toc-link__trigger\">BATTLESH GALAXY CLASS<\/a><li class=\"uagb-toc__list\"><a href=\"#command-class-aircraft-carrier\" class=\"uagb-toc-link__trigger\">NOSI\u010c LETADEL COMMAND CLASS<\/a><li class=\"uagb-toc__list\"><a href=\"#plan-b-strategic-missile-submarine\" class=\"uagb-toc-link__trigger\">PL\u00c1N B - STRATEGICK\u00c1 MISSILE SUBMARINE<\/a><\/ol>\t\t\t\t\t<\/div>\n\t\t\t\t\t\t\t\t\t<\/div>\n\t\t\t\t<\/div>\n\t\t\t\n\n\n<section class=\"wp-block-uagb-columns uagb-columns__wrap uagb-columns__background-undefined uagb-columns__stack-mobile uagb-columns__valign-undefined uagb-columns__gap-10 alignundefined uagb-block-a3d36f63\"><div class=\"uagb-columns__overlay\"><\/div><div class=\"uagb-columns__inner-wrap uagb-columns__columns-1\">\n<div class=\"wp-block-uagb-column uagb-column__wrap uagb-column__background-undefined uagb-block-9206c269\"><div class=\"uagb-column__overlay\"><\/div><div class=\"uagb-column__inner-wrap\">\n<h2 class=\"wp-block-heading\"><strong>GALAXIE <\/strong>BATTLESHIP T\u0158\u00cdDY<\/h2>\n\n\n\n<p><a href=\"https:\/\/www.standardof.net\/wp-content\/uploads\/2012\/12\/Galaxy-Class-Battleship.png\" class=\"rank-math-link\" target=\"_blank\" rel=\"noopener\"><\/a>Bitevn\u00ed lo\u010f je v podstat\u011b experiment\u00e1ln\u00ed jednotka, kterou m\u016f\u017eete postavit ve sv\u00e9 n\u00e1mo\u0159n\u00ed tov\u00e1rn\u011b. M\u00e1 bezbo\u017en\u00e9 mno\u017estv\u00ed brn\u011bn\u00ed, taktickou protiraketovou obranu, aby se ujistil, \u017ee ji nevyst\u0159el\u00ed pob\u0159e\u017en\u00ed obrany, ne\u017e se k tomu vyj\u00e1d\u0159\u00ed, a protiletadlov\u00e9 zbran\u011b ur\u010den\u00e9 sp\u00ed\u0161e k zab\u00edjen\u00ed bojov\u00fdch vrtuln\u00edk\u016f ne\u017e bombard\u00e9r\u016f (kter\u00e9 by va\u0161e k\u0159i\u017en\u00edky ji\u017e m\u011bly b\u00fdt zach\u00e1zen\u00ed). Stejn\u011b jako v\u0161echny bitevn\u00ed lod\u011b m\u00e1 hlavn\u00ed d\u011bla, kter\u00e1 jsou v podstat\u011b d\u011blost\u0159eleck\u00fdmi kusy T2, namontovan\u00e1 na velmi siln\u011b obrn\u011bn\u00e9m r\u00e1mu; stejn\u011b jako Monkeylord na sou\u0161i dok\u00e1\u017ee zvl\u00e1dnout cokoli s\u00e1m, ale funguje mnohem l\u00e9pe, kdy\u017e je obklopen sv\u00fdmi p\u0159\u00e1teli (nebo jinou bitevn\u00ed lod\u00ed!)<\/p>\n\n\n\n<div class=\"wp-block-image\"><figure class=\"aligncenter size-large\"><a href=\"https:\/\/supcom.standardof.net\/cs\/supreme-commander\/cybran-2\/cybran-tech-3-naval-units\/galaxy-class-battleship-supreme-commander-cybran-tech-3-navy-units\/\"><img decoding=\"async\" width=\"800\" height=\"627\" src=\"https:\/\/supcom.standardof.net\/wp-content\/uploads\/sites\/8\/2020\/11\/Galaxy-Class-Battleship-Supreme-Commander-Cybran-Tech-3-Navy-Units-800x627.jpg\" alt=\"Bitevn\u00ed lo\u010f t\u0159\u00eddy Galaxy, n\u00e1mo\u0159n\u00ed jednotka Cybran Tech 3 ve vrchn\u00edm veliteli.\" class=\"wp-image-627\" srcset=\"https:\/\/supcom.standardof.net\/wp-content\/uploads\/sites\/8\/2020\/11\/Galaxy-Class-Battleship-Supreme-Commander-Cybran-Tech-3-Navy-Units-800x627.jpg 800w, https:\/\/supcom.standardof.net\/wp-content\/uploads\/sites\/8\/2020\/11\/Galaxy-Class-Battleship-Supreme-Commander-Cybran-Tech-3-Navy-Units-512x401.jpg 512w, https:\/\/supcom.standardof.net\/wp-content\/uploads\/sites\/8\/2020\/11\/Galaxy-Class-Battleship-Supreme-Commander-Cybran-Tech-3-Navy-Units-200x157.jpg 200w, https:\/\/supcom.standardof.net\/wp-content\/uploads\/sites\/8\/2020\/11\/Galaxy-Class-Battleship-Supreme-Commander-Cybran-Tech-3-Navy-Units-768x602.jpg 768w, https:\/\/supcom.standardof.net\/wp-content\/uploads\/sites\/8\/2020\/11\/Galaxy-Class-Battleship-Supreme-Commander-Cybran-Tech-3-Navy-Units-16x12.jpg 16w, https:\/\/supcom.standardof.net\/wp-content\/uploads\/sites\/8\/2020\/11\/Galaxy-Class-Battleship-Supreme-Commander-Cybran-Tech-3-Navy-Units.jpg 834w\" sizes=\"(max-width: 800px) 100vw, 800px\" \/><\/a><figcaption>BATTLESH GALAXY CLASS<\/figcaption><\/figure><\/div>\n\n\n\n<section class=\"wp-block-uagb-columns uagb-columns__wrap uagb-columns__background-undefined uagb-columns__stack-mobile uagb-columns__valign-undefined uagb-columns__gap-10 alignundefined uagb-block-a21bba76\"><div class=\"uagb-columns__overlay\"><\/div><div class=\"uagb-columns__inner-wrap uagb-columns__columns-2\">\n<div class=\"wp-block-uagb-column uagb-column__wrap uagb-column__background-undefined uagb-block-579ae64d\"><div class=\"uagb-column__overlay\"><\/div><div class=\"uagb-column__inner-wrap\">\n<h3 class=\"wp-block-heading\">Galaxy Stats<\/h3>\n\n\n\n<p><strong>Zbroj:<\/strong> 50 000 hp<br><strong>Schopnosti:<\/strong> Protiraketov\u00e1 obrana - taktick\u00e1<br><strong>N\u00e1klady:<\/strong> M21000, E168000, T25200<br><strong>Intel<\/strong><br>&nbsp;&nbsp;&nbsp;&nbsp; pohled: 70 (1,37 km)<br>&nbsp;&nbsp;&nbsp;&nbsp; radar: 90 (1,76 km)<br>&nbsp;&nbsp;&nbsp;&nbsp; sonar: 50 (977 m)<br>&nbsp;&nbsp;&nbsp;&nbsp; vodn\u00ed pohled: 50 (977 m)<br><strong>Fyzika<\/strong><br>&nbsp;&nbsp;&nbsp;&nbsp; maxim\u00e1ln\u00ed rychlost: 4,675 (91,3 m \/ s)<br>&nbsp;&nbsp;&nbsp;&nbsp; rychlost ot\u00e1\u010den\u00ed: 15<br><strong>Veter\u00e1nstv\u00ed:<\/strong> 50, 100, 250, 500, 1000 zabit\u00ed<br><em>* \u00farove\u0148 veter\u00e1n\u016f 2: +12500 hp<br>* \u00farove\u0148 veter\u00e1n\u016f 4: +12500 hp<br>* \u00farove\u0148 veter\u00e1n\u016f 5: oprava 3 hp \/ s<\/em><\/p>\n<\/div><\/div>\n\n\n\n<div class=\"wp-block-uagb-column uagb-column__wrap uagb-column__background-undefined uagb-block-4b026808\"><div class=\"uagb-column__overlay\"><\/div><div class=\"uagb-column__inner-wrap\">\n<h3 class=\"wp-block-heading\">Galaxy zbran\u011b<\/h3>\n\n\n\n<p>2x <strong>Protonov\u00e9 d\u011blo<\/strong> (Direct Fire Naval)<br>&nbsp;&nbsp;&nbsp;&nbsp; 202,50 dps<br><strong>plocha:<\/strong> 3 (58,6 m)<br><strong>rozsah:<\/strong> 128 (2,50 km)<br><strong>st\u0159eln\u00e1 zbra\u0148:<\/strong> Po\u0161kozen\u00ed 750<br><strong>rychlost st\u0159elby:<\/strong> 0,27 (ka\u017ed\u00fdch 3,7 s)<br><em>* \u00farove\u0148 veter\u00e1n\u016f 1: +188 po\u0161kozen\u00ed<br>* \u00farove\u0148 veter\u00e1n\u016f 3: +188 po\u0161kozen\u00ed<\/em><\/p>\n\n\n\n<p>2x <strong>Elektronov\u00fd kan\u00f3n<\/strong> (Anti Air)<br>&nbsp;&nbsp;&nbsp;&nbsp; 55,00 dps<br><strong>rozsah:<\/strong> 44 (859 m)<br><strong>st\u0159eln\u00e1 zbra\u0148:<\/strong> 5 po\u0161kozen\u00ed<br>&nbsp;&nbsp;&nbsp;&nbsp; x 4 st\u0159ely = 20 po\u0161kozen\u00ed na salvu<br><strong>rychlost st\u0159elby:<\/strong> 2,75 (ka\u017ed\u00fdch 0,36 s)<br><em>* \u00farove\u0148 veter\u00e1n\u016f 1: +1 po\u0161kozen\u00ed<br>* \u00farove\u0148 veter\u00e1n\u016f 3: po\u0161kozen\u00ed +1<\/em><\/p>\n\n\n\n<p>2x <strong>Nanite Torpedo<\/strong> (Anti Navy)<br>&nbsp;&nbsp;&nbsp;&nbsp; 66,00 dps<br><strong>rozsah:<\/strong> 32 (625 m)<br><strong>st\u0159eln\u00e1 zbra\u0148:<\/strong> 200<br>&nbsp;&nbsp;&nbsp;&nbsp; (5kr\u00e1t 40 po\u0161kozen\u00ed b\u011bhem 1 sekundy)<br><strong>rychlost st\u0159elby:<\/strong> 0,33 (ka\u017ed\u00fdch 3,03 s)<br><em>* \u00farove\u0148 veter\u00e1n\u016f 1: +10 k po\u0161kozen\u00ed<br>* \u00farove\u0148 veter\u00e1n\u016f 3: +10 k po\u0161kozen\u00ed<\/em><\/p>\n\n\n\n<p>2x <strong>Protiraketa Zapper<\/strong> (Obrana)<br>&nbsp;&nbsp;&nbsp;&nbsp; 14,40 dps<br><strong>rozsah:<\/strong> 32 (625 m)<br><strong>paprskov\u00e1 zbra\u0148:<\/strong> 6 po\u0161kozen\u00ed<br>&nbsp;&nbsp;&nbsp;&nbsp; x 2 paprsky ka\u017ed\u00fdch 0,25 s po dobu 0,5 s = 36 po\u0161kozen\u00ed<br><strong>rychlost st\u0159elby:<\/strong> 0,4 (ka\u017ed\u00e9 2,5 s)<\/p>\n<\/div><\/div>\n<\/div><\/section>\n<\/div><\/div>\n<\/div><\/section>\n\n\n\n<section class=\"wp-block-uagb-columns uagb-columns__wrap uagb-columns__background-undefined uagb-columns__stack-mobile uagb-columns__valign-undefined uagb-columns__gap-10 alignundefined uagb-block-1e16bf14\"><div class=\"uagb-columns__overlay\"><\/div><div class=\"uagb-columns__inner-wrap uagb-columns__columns-1\">\n<div class=\"wp-block-uagb-column uagb-column__wrap uagb-column__background-undefined uagb-block-31e9b915\"><div class=\"uagb-column__overlay\"><\/div><div class=\"uagb-column__inner-wrap\">\n<h2 class=\"wp-block-heading\"><strong>P\u0158\u00cdKAZ <\/strong>DOPRAVCE T\u0158\u00cdDY<\/h2>\n\n\n\n<p><a href=\"https:\/\/www.standardof.net\/wp-content\/uploads\/2012\/12\/Command-Class-Aircraft-Carrier.png\" class=\"rank-math-link\" target=\"_blank\" rel=\"noopener\"><\/a>Stavba nosi\u010de Cybran je pom\u011brn\u011b levn\u00e1 a je u\u017eite\u010dn\u00e1 pouze na velk\u00fdch map\u00e1ch, kam chcete vyslat k\u0159\u00eddlo letadla, ani\u017e byste riskovali, \u017ee mu na cest\u011b dojde palivo. M\u00e1 v\u00fdkonn\u00e9 protiletadlov\u00e9 zbran\u011b, ale jsou to jen zbran\u011b, tak\u017ee se ne v\u017edy spoj\u00ed a sest\u0159el\u00ed nep\u0159\u00e1telsk\u00e9 bojov\u00e9 lod\u011b. M\u016f\u017ee si postavit vlastn\u00ed letadlo, ale to je sp\u00ed\u0161e vedlej\u0161\u00ed v\u00fdhoda - ve skute\u010dnosti je to proto, aby chr\u00e1nilo va\u0161i torp\u00e9dovou flotilu, dokud nebudou uvoln\u011bny na nep\u0159\u00e1telsk\u00fdch bitevn\u00edch lod\u00edch.<\/p>\n\n\n\n<div class=\"wp-block-image\"><figure class=\"aligncenter size-large\"><a href=\"https:\/\/supcom.standardof.net\/cs\/supreme-commander\/cybran-2\/cybran-tech-3-naval-units\/command-class-aircraft-carrier-supreme-commander-cybran-tech-3-navy-units\/\"><img decoding=\"async\" width=\"800\" height=\"526\" src=\"https:\/\/supcom.standardof.net\/wp-content\/uploads\/sites\/8\/2020\/11\/Command-Class-Aircraft-Carrier-Supreme-Commander-Cybran-Tech-3-Navy-Units-800x526.jpg\" alt=\"Letadlov\u00e1 lo\u010f velitelsk\u00e9 t\u0159\u00eddy, jednotka Cybran Tech 3 Navy ve vrchn\u00edm veliteli.\" class=\"wp-image-626\" srcset=\"https:\/\/supcom.standardof.net\/wp-content\/uploads\/sites\/8\/2020\/11\/Command-Class-Aircraft-Carrier-Supreme-Commander-Cybran-Tech-3-Navy-Units-800x526.jpg 800w, https:\/\/supcom.standardof.net\/wp-content\/uploads\/sites\/8\/2020\/11\/Command-Class-Aircraft-Carrier-Supreme-Commander-Cybran-Tech-3-Navy-Units-512x337.jpg 512w, https:\/\/supcom.standardof.net\/wp-content\/uploads\/sites\/8\/2020\/11\/Command-Class-Aircraft-Carrier-Supreme-Commander-Cybran-Tech-3-Navy-Units-200x131.jpg 200w, https:\/\/supcom.standardof.net\/wp-content\/uploads\/sites\/8\/2020\/11\/Command-Class-Aircraft-Carrier-Supreme-Commander-Cybran-Tech-3-Navy-Units-768x505.jpg 768w, https:\/\/supcom.standardof.net\/wp-content\/uploads\/sites\/8\/2020\/11\/Command-Class-Aircraft-Carrier-Supreme-Commander-Cybran-Tech-3-Navy-Units-16x12.jpg 16w, https:\/\/supcom.standardof.net\/wp-content\/uploads\/sites\/8\/2020\/11\/Command-Class-Aircraft-Carrier-Supreme-Commander-Cybran-Tech-3-Navy-Units.jpg 928w\" sizes=\"(max-width: 800px) 100vw, 800px\" \/><\/a><figcaption>NOSI\u010c LETADEL COMMAND CLASS<\/figcaption><\/figure><\/div>\n\n\n\n<section class=\"wp-block-uagb-columns uagb-columns__wrap uagb-columns__background-undefined uagb-columns__stack-mobile uagb-columns__valign-undefined uagb-columns__gap-10 alignundefined uagb-block-61da88da\"><div class=\"uagb-columns__overlay\"><\/div><div class=\"uagb-columns__inner-wrap uagb-columns__columns-2\">\n<div class=\"wp-block-uagb-column uagb-column__wrap uagb-column__background-undefined uagb-block-8ed60475\"><div class=\"uagb-column__overlay\"><\/div><div class=\"uagb-column__inner-wrap\">\n<h3 class=\"wp-block-heading\">Statistiky p\u0159\u00edkaz\u016f<\/h3>\n\n\n\n<p><strong>Zbroj:<\/strong> 18 000 hp<br><strong>Schopnosti:<\/strong> Radar, protiraketov\u00e1 obrana - taktick\u00e1, konstruk\u010dn\u00ed<br><strong>N\u00e1klady:<\/strong> M3600, E36000, T7200<br>&nbsp;&nbsp;&nbsp;&nbsp; rychlost sestaven\u00ed: 20<br><strong>Intel<br>&nbsp;&nbsp;&nbsp;&nbsp; <\/strong>pohled: 60 (1,17 km)<br>&nbsp;&nbsp;&nbsp;&nbsp; radar: 150 (2,93 km)<br>&nbsp;&nbsp;&nbsp;&nbsp; sonar: 20 (391 m)<br>&nbsp;&nbsp;&nbsp;&nbsp; vodn\u00ed pohled: 24 (469 m)<br><strong>Fyzika<\/strong><br>&nbsp;&nbsp;&nbsp;&nbsp; maxim\u00e1ln\u00ed rychlost: 3,4 (66,4 m \/ s)<br>&nbsp;&nbsp;&nbsp;&nbsp; rychlost ot\u00e1\u010den\u00ed: 10<br><strong>Transportn\u00ed t\u0159\u00edda:<\/strong> 10 (nese 50 letadel)<br><strong>Veter\u00e1nstv\u00ed: <\/strong>50, 100, 250, 500, 1000 zabit\u00ed<br><em>* \u00farove\u0148 veter\u00e1n\u016f 2: +4500 hp<br>* \u00farove\u0148 veter\u00e1n\u016f 4: +4500 hp<br>* \u00farove\u0148 veter\u00e1n\u016f 5: oprava 3 hp \/ s<\/em><\/p>\n<\/div><\/div>\n\n\n\n<div class=\"wp-block-uagb-column uagb-column__wrap uagb-column__background-undefined uagb-block-a187c46b\"><div class=\"uagb-column__overlay\"><\/div><div class=\"uagb-column__inner-wrap\">\n<h3 class=\"wp-block-heading\">Velen\u00ed zbran\u00ed<\/h3>\n\n\n\n<p>4x <strong>Elektronov\u00fd kan\u00f3n<\/strong> (Obrana):<br>&nbsp;&nbsp;&nbsp;&nbsp; 40,00 dps<br><strong>rozsah:<\/strong> 44 (859 m)<br><strong>st\u0159eln\u00e1 zbra\u0148:<\/strong> 5 po\u0161kozen\u00ed<br>&nbsp;&nbsp;&nbsp;&nbsp; x 4 st\u0159ely = 52 po\u0161kozen\u00ed na salvu<br><strong>rychlost st\u0159elby:<\/strong> 2 (ka\u017ed\u00fdch 0,5 s)<br><em>* \u00farove\u0148 veter\u00e1n\u016f 1: +3 po\u0161kozen\u00ed<br>* \u00farove\u0148 veter\u00e1n\u016f 3: +3 po\u0161kozen\u00ed<\/em><\/p>\n\n\n\n<p><strong>Protiraketa Zapper<\/strong> (Obrana)<br>&nbsp;&nbsp;&nbsp;&nbsp; 7,20 dps,<br><strong>rozsah:<\/strong> 32 (625 m)<br><strong>paprskov\u00e1 zbra\u0148:<\/strong> 6 po\u0161kozen\u00ed<br>&nbsp;&nbsp;&nbsp;&nbsp; x 3 paprsky, jeden ka\u017ed\u00fdch 0,25 s = 18 po\u0161kozen\u00ed<br><strong>rychlost st\u0159elby:<\/strong> 2 (ka\u017ed\u00fdch 0,5 s)<\/p>\n<\/div><\/div>\n<\/div><\/section>\n<\/div><\/div>\n<\/div><\/section>\n\n\n\n<section class=\"wp-block-uagb-columns uagb-columns__wrap uagb-columns__background-undefined uagb-columns__stack-mobile uagb-columns__valign-undefined uagb-columns__gap-10 alignundefined uagb-block-89fe2485\"><div class=\"uagb-columns__overlay\"><\/div><div class=\"uagb-columns__inner-wrap uagb-columns__columns-1\">\n<div class=\"wp-block-uagb-column uagb-column__wrap uagb-column__background-undefined uagb-block-563c7b2b\"><div class=\"uagb-column__overlay\"><\/div><div class=\"uagb-column__inner-wrap\">\n<h2 class=\"wp-block-heading\"><strong>PL\u00c1N B<\/strong> - STRATEGICK\u00c1 MISSILE SUBMARINE<\/h2>\n\n\n\n<p><a href=\"https:\/\/www.standardof.net\/wp-content\/uploads\/2012\/12\/Plan-B-Strategic-Missile-Submarine.png\" class=\"rank-math-link\" target=\"_blank\" rel=\"noopener\"><\/a>Jen proto, \u017ee va\u0161e jadern\u00e1 zbra\u0148 dopad\u00e1 na ponorku, neznamen\u00e1, \u017ee je jej\u00ed stavba m\u00e9n\u011b bolestiv\u00e1. Nezapome\u0148te to nestav\u011bt ve sv\u00e9 jedin\u00e9 n\u00e1mo\u0159n\u00ed tov\u00e1rn\u011b, proto\u017ee budete brzy ohromeni. Sub Cybran nem\u016f\u017ee ve skute\u010dnosti bojovat s jin\u00fdmi n\u00e1mo\u0159n\u00edmi flotilami, pokud nejsou UEF a ji\u017e jste zabili v\u0161echny jejich subwoofery T1, proto\u017ee jednodu\u0161e sest\u0159el\u00ed jeho taktick\u00e9 st\u0159ely a ponechaj\u00ed je jako extr\u00e9mn\u011b drah\u00fd sub, kter\u00fd je p\u0159\u00edli\u0161 pomal\u00fd uniknout po v\u00fdst\u0159elu z jej\u00edch jadern\u00fdch zbran\u00ed. Proti pozemn\u00edm sil\u00e1m to v\u0161ak zas\u00e1hne strach do srdc\u00ed nep\u0159\u00e1telsk\u00fdch velitel\u016f, proto\u017ee taktick\u00e9 st\u0159ely se objevuj\u00ed odnikud a jejich n\u00e1mo\u0159n\u00ed tov\u00e1rna je n\u00e1hle znehodnocena. I kdy\u017e je ponorka sama o sob\u011b relativn\u011b levn\u00e1, stav\u011bn\u00ed jadern\u00fdch zbran\u00ed je velmi n\u00e1kladn\u00e9, tak\u017ee si ned\u011blejte iluze vzne\u0161enosti.<\/p>\n\n\n\n<div class=\"wp-block-image\"><figure class=\"aligncenter size-large\"><a href=\"https:\/\/supcom.standardof.net\/cs\/supreme-commander\/cybran-2\/cybran-tech-3-naval-units\/plan-b-strategic-missile-submarine-supreme-commander-cybran-tech-3-navy-units\/\"><img decoding=\"async\" width=\"654\" height=\"500\" src=\"https:\/\/supcom.standardof.net\/wp-content\/uploads\/sites\/8\/2020\/11\/Plan-B-Strategic-Missile-Submarine-Supreme-Commander-Cybran-Tech-3-Navy-Units.jpg\" alt=\"Strategick\u00e1 raketov\u00e1 ponorka Plan B, jednotka n\u00e1mo\u0159nictva Cybran Tech 3 ve vrchn\u00edm veliteli.\" class=\"wp-image-625\" srcset=\"https:\/\/supcom.standardof.net\/wp-content\/uploads\/sites\/8\/2020\/11\/Plan-B-Strategic-Missile-Submarine-Supreme-Commander-Cybran-Tech-3-Navy-Units.jpg 654w, https:\/\/supcom.standardof.net\/wp-content\/uploads\/sites\/8\/2020\/11\/Plan-B-Strategic-Missile-Submarine-Supreme-Commander-Cybran-Tech-3-Navy-Units-512x391.jpg 512w, https:\/\/supcom.standardof.net\/wp-content\/uploads\/sites\/8\/2020\/11\/Plan-B-Strategic-Missile-Submarine-Supreme-Commander-Cybran-Tech-3-Navy-Units-200x153.jpg 200w, https:\/\/supcom.standardof.net\/wp-content\/uploads\/sites\/8\/2020\/11\/Plan-B-Strategic-Missile-Submarine-Supreme-Commander-Cybran-Tech-3-Navy-Units-16x12.jpg 16w\" sizes=\"(max-width: 654px) 100vw, 654px\" \/><\/a><figcaption>PL\u00c1N B - STRATEGICK\u00c1 MISSILE SUBMARINE<\/figcaption><\/figure><\/div>\n\n\n\n<section class=\"wp-block-uagb-columns uagb-columns__wrap uagb-columns__background-undefined uagb-columns__stack-mobile uagb-columns__valign-undefined uagb-columns__gap-10 alignundefined uagb-block-5d800c2d\"><div class=\"uagb-columns__overlay\"><\/div><div class=\"uagb-columns__inner-wrap uagb-columns__columns-2\">\n<div class=\"wp-block-uagb-column uagb-column__wrap uagb-column__background-undefined uagb-block-a3c0b6c6\"><div class=\"uagb-column__overlay\"><\/div><div class=\"uagb-column__inner-wrap\">\n<h3 class=\"wp-block-heading\">Statistiky pl\u00e1nu B.<\/h3>\n\n\n\n<p><strong>Zbroj:<\/strong> 4000 hp<br><strong>Schopnosti:<\/strong> Ponorn\u00e9, Sonar, Ru\u010dn\u00ed sestaven\u00ed, Ru\u010dn\u00ed spu\u0161t\u011bn\u00ed<br><strong>N\u00e1klady:<\/strong> M11000, E66000, T16500<br><strong>Intel<br><\/strong>&nbsp;&nbsp;&nbsp;&nbsp; pohled: 16 (313 m)<br>&nbsp;&nbsp;&nbsp;&nbsp; sonar: 75 (1,46 km)<br>&nbsp;&nbsp;&nbsp;&nbsp; vodn\u00ed pohled: 24 (469 m)<br><strong>Fyzika<\/strong><br>&nbsp;&nbsp;&nbsp;&nbsp; maxim\u00e1ln\u00ed rychlost: 6 (117 m \/ s)<br>&nbsp;&nbsp;&nbsp;&nbsp; rychlost ot\u00e1\u010den\u00ed: 25<br><strong>Veter\u00e1nstv\u00ed: <\/strong>50, 100, 250, 500, 1000 zabit\u00ed<br><em>* \u00farove\u0148 veter\u00e1n\u016f 2: +1000 hp<br>* \u00farove\u0148 veter\u00e1n\u016f 4: +1000 hp<br>* \u00farove\u0148 veter\u00e1n\u016f 5: oprava 3 hp \/ s<\/em><\/p>\n<\/div><\/div>\n\n\n\n<div class=\"wp-block-uagb-column uagb-column__wrap uagb-column__background-undefined uagb-block-2a3542b9\"><div class=\"uagb-column__overlay\"><\/div><div class=\"uagb-column__inner-wrap\">\n<h3 class=\"wp-block-heading\">Pl\u00e1nujte zbran\u011b B<\/h3>\n\n\n\n<p><strong>Nanite Torpedo<\/strong> (Anti Navy)<br>&nbsp;&nbsp;&nbsp;&nbsp; 85 dps<br><strong>rozsah:<\/strong> 32 (625 m)<br><strong>st\u0159eln\u00e1 zbra\u0148:<\/strong> 170 po\u0161kozen\u00ed<br><strong>rychlost st\u0159elby:<\/strong> 0,5 (ka\u017ed\u00e9 2 s)<br><em>* \u00farove\u0148 veter\u00e1n\u016f 1: +95 k po\u0161kozen\u00ed<br>* \u00farove\u0148 veter\u00e1n\u016f 3: +95 k po\u0161kozen\u00ed<\/em><\/p>\n\n\n\n<p><strong>Nanite Torpedo<\/strong> (Anti Navy)<br>&nbsp;&nbsp;&nbsp;&nbsp; 58,33 dps<br><strong>rozsah:<\/strong> 32 (625 m)<br><strong>st\u0159eln\u00e1 zbra\u0148:<\/strong> 175 po\u0161kozen\u00ed<br><strong>rychlost st\u0159elby:<\/strong> 0,333 (ka\u017ed\u00e9 3 s)<br><em>* \u00farove\u0148 veter\u00e1n\u016f 1: +50 k po\u0161kozen\u00ed<br>* \u00farove\u0148 veter\u00e1n\u016f 3: +50 po\u0161kozen\u00ed<\/em><\/p>\n\n\n\n<p><strong>Taktick\u00e1 st\u0159ela Loa<\/strong> (St\u0159ela)<br>&nbsp;&nbsp;&nbsp;&nbsp; 200,00 dps<br><strong>plocha:<\/strong> 4 (78,1 m)<br><strong>rozsah:<\/strong> 12,5 (244 m) - 128 (2,50 km)<br><strong>st\u0159eln\u00e1 zbra\u0148:<\/strong> 2000 po\u0161kozen\u00ed<br><strong>rychlost st\u0159elby:<\/strong> 0,1 (ka\u017ed\u00fdch 10 s)<br><em>* \u00farove\u0148 veter\u00e1n\u016f 1: +750 po\u0161kozen\u00ed<br>* \u00farove\u0148 veter\u00e1n\u016f 3: +750 po\u0161kozen\u00ed<\/em><\/p>\n\n\n\n<p><strong>EMP Flux Warhead<\/strong> (St\u0159ela)<br><strong>po\u0161kozen\u00ed vnit\u0159n\u00edho krou\u017eku:<\/strong> 35000<br>&nbsp;&nbsp;&nbsp;&nbsp; polom\u011br vnit\u0159n\u00edho kruhu: 30 (586 m)<br><strong>po\u0161kozen\u00ed vn\u011bj\u0161\u00edho krou\u017eku:<\/strong> 500<br>&nbsp;&nbsp;&nbsp;&nbsp; polom\u011br vn\u011bj\u0161\u00edho prstence: 40 (781 m)<br><strong>\u00falo\u017en\u00fd prostor:<\/strong> 2 st\u0159ely<\/p>\n<\/div><\/div>\n<\/div><\/section>\n<\/div><\/div>\n<\/div><\/section>","protected":false},"excerpt":{"rendered":"<p>GALAXY CLASS BATTLESHIP The Battleship is basically an experimental unit that you can build in your naval factory. It has ungodly amounts of armor, tactical missile defenses to make sure it isn&#8217;t taken out by shore defenses before it&#8217;s had its say in the matter, and anti-air guns designed to kill gunships rather than bombers [&hellip;]<\/p>","protected":false},"author":1,"featured_media":0,"parent":538,"menu_order":0,"comment_status":"open","ping_status":"closed","template":"","meta":{"_uag_custom_page_level_css":"","site-sidebar-layout":"default","site-content-layout":"default","ast-site-content-layout":"","site-content-style":"default","site-sidebar-style":"default","ast-global-header-display":"","ast-banner-title-visibility":"","ast-main-header-display":"","ast-hfb-above-header-display":"","ast-hfb-below-header-display":"","ast-hfb-mobile-header-display":"","site-post-title":"","ast-breadcrumbs-content":"","ast-featured-img":"","footer-sml-layout":"","theme-transparent-header-meta":"default","adv-header-id-meta":"","stick-header-meta":"","header-above-stick-meta":"","header-main-stick-meta":"","header-below-stick-meta":"","astra-migrate-meta-layouts":"default","ast-page-background-enabled":"default","ast-page-background-meta":{"desktop":{"background-color":"","background-image":"","background-repeat":"repeat","background-position":"center center","background-size":"auto","background-attachment":"scroll","background-type":"","background-media":"","overlay-type":"","overlay-color":"","overlay-gradient":""},"tablet":{"background-color":"","background-image":"","background-repeat":"repeat","background-position":"center center","background-size":"auto","background-attachment":"scroll","background-type":"","background-media":"","overlay-type":"","overlay-color":"","overlay-gradient":""},"mobile":{"background-color":"","background-image":"","background-repeat":"repeat","background-position":"center center","background-size":"auto","background-attachment":"scroll","background-type":"","background-media":"","overlay-type":"","overlay-color":"","overlay-gradient":""}},"ast-content-background-meta":{"desktop":{"background-color":"var(--ast-global-color-5)","background-image":"","background-repeat":"repeat","background-position":"center center","background-size":"auto","background-attachment":"scroll","background-type":"","background-media":"","overlay-type":"","overlay-color":"","overlay-gradient":""},"tablet":{"background-color":"var(--ast-global-color-5)","background-image":"","background-repeat":"repeat","background-position":"center center","background-size":"auto","background-attachment":"scroll","background-type":"","background-media":"","overlay-type":"","overlay-color":"","overlay-gradient":""},"mobile":{"background-color":"var(--ast-global-color-5)","background-image":"","background-repeat":"repeat","background-position":"center center","background-size":"auto","background-attachment":"scroll","background-type":"","background-media":"","overlay-type":"","overlay-color":"","overlay-gradient":""}},"footnotes":""},"uagb_featured_image_src":{"full":false,"thumbnail":false,"medium":false,"medium_large":false,"large":false,"1536x1536":false,"2048x2048":false,"trp-custom-language-flag":false},"uagb_author_info":{"display_name":"SOE","author_link":"https:\/\/supcom.standardof.net\/cs\/author\/k-tastic\/"},"uagb_comment_info":0,"uagb_excerpt":"GALAXY CLASS BATTLESHIP The Battleship is basically an experimental unit that you can build in your naval factory. It has ungodly amounts of armor, tactical missile defenses to make sure it isn&#8217;t taken out by shore defenses before it&#8217;s had its say in the matter, and anti-air guns designed to kill gunships rather than bombers&hellip;","_links":{"self":[{"href":"https:\/\/supcom.standardof.net\/cs\/wp-json\/wp\/v2\/pages\/623"}],"collection":[{"href":"https:\/\/supcom.standardof.net\/cs\/wp-json\/wp\/v2\/pages"}],"about":[{"href":"https:\/\/supcom.standardof.net\/cs\/wp-json\/wp\/v2\/types\/page"}],"author":[{"embeddable":true,"href":"https:\/\/supcom.standardof.net\/cs\/wp-json\/wp\/v2\/users\/1"}],"replies":[{"embeddable":true,"href":"https:\/\/supcom.standardof.net\/cs\/wp-json\/wp\/v2\/comments?post=623"}],"version-history":[{"count":0,"href":"https:\/\/supcom.standardof.net\/cs\/wp-json\/wp\/v2\/pages\/623\/revisions"}],"up":[{"embeddable":true,"href":"https:\/\/supcom.standardof.net\/cs\/wp-json\/wp\/v2\/pages\/538"}],"wp:attachment":[{"href":"https:\/\/supcom.standardof.net\/cs\/wp-json\/wp\/v2\/media?parent=623"}],"curies":[{"name":"wp","href":"https:\/\/api.w.org\/{rel}","templated":true}]}}