{"id":647,"date":"2020-11-03T00:03:54","date_gmt":"2020-11-03T05:03:54","guid":{"rendered":"https:\/\/supcom.standardof.net\/?page_id=647"},"modified":"2020-11-04T12:48:36","modified_gmt":"2020-11-04T17:48:36","slug":"cybran-tech-2-economy","status":"publish","type":"page","link":"https:\/\/supcom.standardof.net\/cs\/supreme-commander\/cybran-2\/cybran-tech-2-economy-2\/","title":{"rendered":"Cybran Tech 2 Economy"},"content":{"rendered":"<div class=\"wp-block-uagb-table-of-contents uagb-toc__align-left uagb-toc__columns-1  uagb-block-654ad1c9\"\n\t\t\t\t\tdata-scroll= \"1\"\n\t\t\t\t\tdata-offset= \"30\"\n\t\t\t\t\tstyle=\"\"\n\t\t\t\t>\n\t\t\t\t<div class=\"uagb-toc__wrap\">\n\t\t\t\t\t\t<div class=\"uagb-toc__title\">\n\t\t\t\t\t\t\tEkonomick\u00e9 budovy Cybran Tech 2:\t\t\t\t\t\t<\/div>\n\t\t\t\t\t\t\t\t\t\t\t\t\t\t\t\t<div class=\"uagb-toc__list-wrap\">\n\t\t\t\t\t\t<ol class=\"uagb-toc__list\"><li class=\"uagb-toc__list\"><a href=\"#tech-2-land-factory\" class=\"uagb-toc-link__trigger\">TECH 2 LAND FACTORY<\/a><li class=\"uagb-toc__list\"><a href=\"#tech-2-air-factory\" class=\"uagb-toc-link__trigger\">TECH 2 AIR FACTORY<\/a><li class=\"uagb-toc__list\"><a href=\"#tech-2-naval-factory\" class=\"uagb-toc-link__trigger\">TECH 2 NAVAL FACTORY<\/a><li class=\"uagb-toc__list\"><a href=\"#tech-2-mass-extractor\" class=\"uagb-toc-link__trigger\">TECH 2 MASOV\u00dd EXTRAKTOR<\/a><li class=\"uagb-toc__list\"><a href=\"#tech-2-power-generator\" class=\"uagb-toc-link__trigger\">V\u00ddKONOV\u00dd GENER\u00c1TOR TECH 2<\/a><\/ol>\t\t\t\t\t<\/div>\n\t\t\t\t\t\t\t\t\t<\/div>\n\t\t\t\t<\/div>\n\t\t\t\n\n\n<section class=\"wp-block-uagb-columns uagb-columns__wrap uagb-columns__background-undefined uagb-columns__stack-mobile uagb-columns__valign-undefined uagb-columns__gap-10 alignundefined uagb-block-5bba1b19\"><div class=\"uagb-columns__overlay\"><\/div><div class=\"uagb-columns__inner-wrap uagb-columns__columns-1\">\n<div class=\"wp-block-uagb-column uagb-column__wrap uagb-column__background-undefined uagb-block-0bd8db13\"><div class=\"uagb-column__overlay\"><\/div><div class=\"uagb-column__inner-wrap\">\n<h2 class=\"wp-block-heading\">TECH 2 <strong>TOV\u00c1RNA NA POZEMKY<\/strong><\/h2>\n\n\n\n<p>Na \u00farovni T2 nen\u00ed va\u0161e tov\u00e1rna zraniteln\u00e1 p\u0159ekvapiv\u00fdmi \u00fadery a je obvykle posledn\u00ed budovou, kter\u00e1 zem\u0159e. Je to st\u00e1le dvakr\u00e1t rychlej\u0161\u00ed ne\u017e v\u00e1\u0161 in\u017een\u00fdr na stejn\u00e9 \u00farovni.<\/p>\n\n\n\n<div class=\"wp-block-image\"><figure class=\"aligncenter size-large\"><a href=\"https:\/\/supcom.standardof.net\/cs\/supreme-commander\/cybran-2\/cybran-tech-2-economy-2\/tech-2-land-factory-supreme-commander-cybran-tech-2-economy\/\"><img decoding=\"async\" width=\"800\" height=\"537\" src=\"https:\/\/supcom.standardof.net\/wp-content\/uploads\/sites\/8\/2020\/11\/TECH-2-LAND-FACTORY-Supreme-Commander-Cybran-Tech-2-Economy-800x537.jpg\" alt=\"T2 Land Factory, budova ekonomiky Cybran Tech 2 ve vrchn\u00edm veliteli.\" class=\"wp-image-936\" srcset=\"https:\/\/supcom.standardof.net\/wp-content\/uploads\/sites\/8\/2020\/11\/TECH-2-LAND-FACTORY-Supreme-Commander-Cybran-Tech-2-Economy-800x537.jpg 800w, https:\/\/supcom.standardof.net\/wp-content\/uploads\/sites\/8\/2020\/11\/TECH-2-LAND-FACTORY-Supreme-Commander-Cybran-Tech-2-Economy-512x344.jpg 512w, https:\/\/supcom.standardof.net\/wp-content\/uploads\/sites\/8\/2020\/11\/TECH-2-LAND-FACTORY-Supreme-Commander-Cybran-Tech-2-Economy-200x134.jpg 200w, https:\/\/supcom.standardof.net\/wp-content\/uploads\/sites\/8\/2020\/11\/TECH-2-LAND-FACTORY-Supreme-Commander-Cybran-Tech-2-Economy-768x516.jpg 768w, https:\/\/supcom.standardof.net\/wp-content\/uploads\/sites\/8\/2020\/11\/TECH-2-LAND-FACTORY-Supreme-Commander-Cybran-Tech-2-Economy-1536x1032.jpg 1536w, https:\/\/supcom.standardof.net\/wp-content\/uploads\/sites\/8\/2020\/11\/TECH-2-LAND-FACTORY-Supreme-Commander-Cybran-Tech-2-Economy-16x12.jpg 16w, https:\/\/supcom.standardof.net\/wp-content\/uploads\/sites\/8\/2020\/11\/TECH-2-LAND-FACTORY-Supreme-Commander-Cybran-Tech-2-Economy.jpg 1581w\" sizes=\"(max-width: 800px) 100vw, 800px\" \/><\/a><figcaption>TECH 2 LAND FACTORY<\/figcaption><\/figure><\/div>\n\n\n\n<section class=\"wp-block-uagb-columns uagb-columns__wrap uagb-columns__background-undefined uagb-columns__stack-mobile uagb-columns__valign-undefined uagb-columns__gap-10 alignundefined uagb-block-4f46f08a\"><div class=\"uagb-columns__overlay\"><\/div><div class=\"uagb-columns__inner-wrap uagb-columns__columns-2\">\n<div class=\"wp-block-uagb-column uagb-column__wrap uagb-column__background-undefined uagb-block-15e2c409\"><div class=\"uagb-column__overlay\"><\/div><div class=\"uagb-column__inner-wrap\">\n<h3 class=\"wp-block-heading\">Statistiky T2 Land Factory<\/h3>\n\n\n\n<p><strong>Zbroj:<\/strong> 7900 kon\u00ed<br><strong>Schopnosti:<\/strong> Mo\u017enost aktualizace<br><strong>N\u00e1klady<\/strong><br>&nbsp;&nbsp;&nbsp; M875 (\u00falo\u017ei\u0161t\u011b: 200)<br>&nbsp;&nbsp;&nbsp; E7000 (\u00falo\u017ei\u0161t\u011b: 1000)<br>&nbsp;&nbsp;&nbsp; T1750<br><strong>M\u00edra sestaven\u00ed:<\/strong> 20<br><strong>Intel<\/strong><br>&nbsp;&nbsp;&nbsp; pohled: 20 (391 m)<br><strong>Fyzika<\/strong><br>&nbsp;&nbsp;&nbsp; velikost pro sousedstv\u00ed: 16<\/p>\n<\/div><\/div>\n\n\n\n<div class=\"wp-block-uagb-column uagb-column__wrap uagb-column__background-undefined uagb-block-1a7b1f68\"><div class=\"uagb-column__overlay\"><\/div><div class=\"uagb-column__inner-wrap\"><\/div><\/div>\n<\/div><\/section>\n<\/div><\/div>\n<\/div><\/section>\n\n\n\n<section class=\"wp-block-uagb-columns uagb-columns__wrap uagb-columns__background-undefined uagb-columns__stack-mobile uagb-columns__valign-undefined uagb-columns__gap-10 alignundefined uagb-block-02bdbd71\"><div class=\"uagb-columns__overlay\"><\/div><div class=\"uagb-columns__inner-wrap uagb-columns__columns-1\">\n<div class=\"wp-block-uagb-column uagb-column__wrap uagb-column__background-undefined uagb-block-0f120b9f\"><div class=\"uagb-column__overlay\"><\/div><div class=\"uagb-column__inner-wrap\">\n<h2 class=\"wp-block-heading\">TECH 2<strong> TOV\u00c1RNA NA VZDUCH<\/strong><\/h2>\n\n\n\n<p>Upgrade tov\u00e1rny na vzduch T2 je pomalej\u0161\u00ed ne\u017e upgrade tov\u00e1rny na T2, tak\u017ee pokud je \u010das na vylep\u0161en\u00ed a chcete pouze in\u017een\u00fdry, ud\u011blejte to pozd\u011bji. Pozitivn\u00ed je, \u017ee to stoj\u00ed podstatn\u011b m\u00e9n\u011b hmoty.<\/p>\n\n\n\n<div class=\"wp-block-image\"><figure class=\"aligncenter size-large\"><a href=\"https:\/\/supcom.standardof.net\/cs\/supreme-commander\/cybran-2\/cybran-tech-2-economy-2\/tech-2-air-factory-supreme-commander-cybran-tech-2-economy\/\"><img decoding=\"async\" width=\"800\" height=\"478\" src=\"https:\/\/supcom.standardof.net\/wp-content\/uploads\/sites\/8\/2020\/11\/TECH-2-AIR-FACTORY-Supreme-Commander-Cybran-Tech-2-Economy-800x478.jpg\" alt=\"T2 Air Factory, ekonomick\u00e1 budova Cybran Tech 2 ve vrchn\u00edm veliteli.\" class=\"wp-image-935\" srcset=\"https:\/\/supcom.standardof.net\/wp-content\/uploads\/sites\/8\/2020\/11\/TECH-2-AIR-FACTORY-Supreme-Commander-Cybran-Tech-2-Economy-800x478.jpg 800w, https:\/\/supcom.standardof.net\/wp-content\/uploads\/sites\/8\/2020\/11\/TECH-2-AIR-FACTORY-Supreme-Commander-Cybran-Tech-2-Economy-512x306.jpg 512w, https:\/\/supcom.standardof.net\/wp-content\/uploads\/sites\/8\/2020\/11\/TECH-2-AIR-FACTORY-Supreme-Commander-Cybran-Tech-2-Economy-200x120.jpg 200w, https:\/\/supcom.standardof.net\/wp-content\/uploads\/sites\/8\/2020\/11\/TECH-2-AIR-FACTORY-Supreme-Commander-Cybran-Tech-2-Economy-768x459.jpg 768w, https:\/\/supcom.standardof.net\/wp-content\/uploads\/sites\/8\/2020\/11\/TECH-2-AIR-FACTORY-Supreme-Commander-Cybran-Tech-2-Economy-1536x919.jpg 1536w, https:\/\/supcom.standardof.net\/wp-content\/uploads\/sites\/8\/2020\/11\/TECH-2-AIR-FACTORY-Supreme-Commander-Cybran-Tech-2-Economy-16x10.jpg 16w, https:\/\/supcom.standardof.net\/wp-content\/uploads\/sites\/8\/2020\/11\/TECH-2-AIR-FACTORY-Supreme-Commander-Cybran-Tech-2-Economy.jpg 1821w\" sizes=\"(max-width: 800px) 100vw, 800px\" \/><\/a><figcaption>TECH 2 AIR FACTORY<\/figcaption><\/figure><\/div>\n\n\n\n<section class=\"wp-block-uagb-columns uagb-columns__wrap uagb-columns__background-undefined uagb-columns__stack-mobile uagb-columns__valign-undefined uagb-columns__gap-10 alignundefined uagb-block-92fd0144\"><div class=\"uagb-columns__overlay\"><\/div><div class=\"uagb-columns__inner-wrap uagb-columns__columns-2\">\n<div class=\"wp-block-uagb-column uagb-column__wrap uagb-column__background-undefined uagb-block-4fb43c61\"><div class=\"uagb-column__overlay\"><\/div><div class=\"uagb-column__inner-wrap\">\n<h3 class=\"wp-block-heading\">Statistiky T2 Air Factory<\/h3>\n\n\n\n<p><strong>Zbroj:<\/strong> 7900 kon\u00ed<br><strong>Schopnosti:<\/strong> Mo\u017enost aktualizace<br><strong>N\u00e1klady<\/strong><br>&nbsp;&nbsp;&nbsp; M660 (\u00falo\u017ei\u0161t\u011b: 200)<br>&nbsp;&nbsp;&nbsp; E17600 (\u00falo\u017ei\u0161t\u011b: 1000)<br>&nbsp;&nbsp;&nbsp; T2200<br><strong>M\u00edra sestaven\u00ed:<\/strong> 20<br><strong>Intel<\/strong><br>&nbsp;&nbsp;&nbsp; pohled: 20 (391 m)<br><strong>Fyzika<\/strong><br>&nbsp;&nbsp;&nbsp; velikost pro sousedstv\u00ed: 16<\/p>\n<\/div><\/div>\n\n\n\n<div class=\"wp-block-uagb-column uagb-column__wrap uagb-column__background-undefined uagb-block-0bc4ccd2\"><div class=\"uagb-column__overlay\"><\/div><div class=\"uagb-column__inner-wrap\"><\/div><\/div>\n<\/div><\/section>\n<\/div><\/div>\n<\/div><\/section>\n\n\n\n<section class=\"wp-block-uagb-columns uagb-columns__wrap uagb-columns__background-undefined uagb-columns__stack-mobile uagb-columns__valign-undefined uagb-columns__gap-10 alignundefined uagb-block-38ca58ec\"><div class=\"uagb-columns__overlay\"><\/div><div class=\"uagb-columns__inner-wrap uagb-columns__columns-1\">\n<div class=\"wp-block-uagb-column uagb-column__wrap uagb-column__background-undefined uagb-block-310505b5\"><div class=\"uagb-column__overlay\"><\/div><div class=\"uagb-column__inner-wrap\">\n<h2 class=\"wp-block-heading\">TECH 2 <strong>NAVAL FACTORY<\/strong><\/h2>\n\n\n\n<p>T2 Naval Factory m\u00e1 nyn\u00ed stra\u0161n\u011b dobr\u00e9 zdrav\u00ed, ani\u017e by byla dra\u017e\u0161\u00ed ne\u017e ostatn\u00ed upgrady. Vzhledem k tomu, \u017ee jedin\u00fdm d\u016fvodem, pro\u010d m\u00edt n\u00e1mo\u0159nictvo Cybran, je T2, bude to velmi u\u017eite\u010dn\u00e9.<\/p>\n\n\n\n<div class=\"wp-block-image\"><figure class=\"aligncenter size-large\"><a href=\"https:\/\/supcom.standardof.net\/cs\/supreme-commander\/cybran-2\/cybran-tech-2-economy-2\/tech-2-naval-factory-supreme-commander-cybran-tech-2-economy\/\"><img decoding=\"async\" width=\"800\" height=\"465\" src=\"https:\/\/supcom.standardof.net\/wp-content\/uploads\/sites\/8\/2020\/11\/TECH-2-NAVAL-FACTORY-Supreme-Commander-Cybran-Tech-2-Economy-800x465.jpg\" alt=\"T2 Naval Factory, budova Cybran Tech 2 Economy Building ve vrchn\u00edm veliteli.\" class=\"wp-image-938\" srcset=\"https:\/\/supcom.standardof.net\/wp-content\/uploads\/sites\/8\/2020\/11\/TECH-2-NAVAL-FACTORY-Supreme-Commander-Cybran-Tech-2-Economy-800x465.jpg 800w, https:\/\/supcom.standardof.net\/wp-content\/uploads\/sites\/8\/2020\/11\/TECH-2-NAVAL-FACTORY-Supreme-Commander-Cybran-Tech-2-Economy-512x298.jpg 512w, https:\/\/supcom.standardof.net\/wp-content\/uploads\/sites\/8\/2020\/11\/TECH-2-NAVAL-FACTORY-Supreme-Commander-Cybran-Tech-2-Economy-200x116.jpg 200w, https:\/\/supcom.standardof.net\/wp-content\/uploads\/sites\/8\/2020\/11\/TECH-2-NAVAL-FACTORY-Supreme-Commander-Cybran-Tech-2-Economy-768x446.jpg 768w, https:\/\/supcom.standardof.net\/wp-content\/uploads\/sites\/8\/2020\/11\/TECH-2-NAVAL-FACTORY-Supreme-Commander-Cybran-Tech-2-Economy-1536x893.jpg 1536w, https:\/\/supcom.standardof.net\/wp-content\/uploads\/sites\/8\/2020\/11\/TECH-2-NAVAL-FACTORY-Supreme-Commander-Cybran-Tech-2-Economy-16x9.jpg 16w, https:\/\/supcom.standardof.net\/wp-content\/uploads\/sites\/8\/2020\/11\/TECH-2-NAVAL-FACTORY-Supreme-Commander-Cybran-Tech-2-Economy.jpg 1641w\" sizes=\"(max-width: 800px) 100vw, 800px\" \/><\/a><figcaption>TECH 2 NAVAL FACTORY<\/figcaption><\/figure><\/div>\n\n\n\n<section class=\"wp-block-uagb-columns uagb-columns__wrap uagb-columns__background-undefined uagb-columns__stack-mobile uagb-columns__valign-undefined uagb-columns__gap-10 alignundefined uagb-block-12bcfa14\"><div class=\"uagb-columns__overlay\"><\/div><div class=\"uagb-columns__inner-wrap uagb-columns__columns-2\">\n<div class=\"wp-block-uagb-column uagb-column__wrap uagb-column__background-undefined uagb-block-1c791d1c\"><div class=\"uagb-column__overlay\"><\/div><div class=\"uagb-column__inner-wrap\">\n<h3 class=\"wp-block-heading\">Statistiky T2 Naval Factory<\/h3>\n\n\n\n<p><strong>Zbroj:<\/strong> 15 000 hp<br><strong>Schopnosti:<\/strong> Mo\u017enost aktualizace<br><strong>N\u00e1klady<\/strong><br>&nbsp;&nbsp;&nbsp; M875 (\u00falo\u017ei\u0161t\u011b: 200)<br>&nbsp;&nbsp;&nbsp; E7000 (\u00falo\u017ei\u0161t\u011b: 1000)<br>&nbsp;&nbsp;&nbsp; T1750<br><strong>M\u00edra sestaven\u00ed:<\/strong> 20<br><strong>Intel<\/strong><br>&nbsp;&nbsp;&nbsp; pohled: 20 (391 m)<br><strong>Fyzika<\/strong><br>&nbsp;&nbsp;&nbsp; velikost pro sousedstv\u00ed: 16<\/p>\n<\/div><\/div>\n\n\n\n<div class=\"wp-block-uagb-column uagb-column__wrap uagb-column__background-undefined uagb-block-03b61e85\"><div class=\"uagb-column__overlay\"><\/div><div class=\"uagb-column__inner-wrap\"><\/div><\/div>\n<\/div><\/section>\n<\/div><\/div>\n<\/div><\/section>\n\n\n\n<section class=\"wp-block-uagb-columns uagb-columns__wrap uagb-columns__background-undefined uagb-columns__stack-mobile uagb-columns__valign-undefined uagb-columns__gap-10 alignundefined uagb-block-9d1ecf54\"><div class=\"uagb-columns__overlay\"><\/div><div class=\"uagb-columns__inner-wrap uagb-columns__columns-1\">\n<div class=\"wp-block-uagb-column uagb-column__wrap uagb-column__background-undefined uagb-block-dbe89eac\"><div class=\"uagb-column__overlay\"><\/div><div class=\"uagb-column__inner-wrap\">\n<h2 class=\"wp-block-heading\">TECH 2 <strong>HMOTN\u00dd ODS\u00c1VA\u010c<\/strong><\/h2>\n\n\n\n<p>Na \u00farovn\u00edch T2 jste se roz\u0161\u00ed\u0159ili do pln\u00e9ho rozsahu a nyn\u00ed je \u010das za\u010d\u00edt upgradovat masov\u00e9 extraktory. P\u0159i poskytov\u00e1n\u00ed pomoci bu\u010fte opatrn\u00ed - po dokon\u010den\u00ed upgradu se nebudou zobrazovat jako ne\u010dinn\u00ed.<\/p>\n\n\n\n<div class=\"wp-block-image\"><figure class=\"aligncenter size-large\"><a href=\"https:\/\/supcom.standardof.net\/cs\/supreme-commander\/cybran-2\/cybran-tech-2-economy-2\/tech-2-mass-extractor-supreme-commander-cybran-tech-2-economy\/\"><img decoding=\"async\" width=\"800\" height=\"522\" src=\"https:\/\/supcom.standardof.net\/wp-content\/uploads\/sites\/8\/2020\/11\/TECH-2-MASS-EXTRACTOR-Supreme-Commander-Cybran-Tech-2-Economy-800x522.jpg\" alt=\"Mass Extractor T2, budova Cybran Tech 2 Economy Building ve vrchn\u00edm veliteli.\" class=\"wp-image-937\" srcset=\"https:\/\/supcom.standardof.net\/wp-content\/uploads\/sites\/8\/2020\/11\/TECH-2-MASS-EXTRACTOR-Supreme-Commander-Cybran-Tech-2-Economy-800x522.jpg 800w, https:\/\/supcom.standardof.net\/wp-content\/uploads\/sites\/8\/2020\/11\/TECH-2-MASS-EXTRACTOR-Supreme-Commander-Cybran-Tech-2-Economy-512x334.jpg 512w, https:\/\/supcom.standardof.net\/wp-content\/uploads\/sites\/8\/2020\/11\/TECH-2-MASS-EXTRACTOR-Supreme-Commander-Cybran-Tech-2-Economy-200x130.jpg 200w, https:\/\/supcom.standardof.net\/wp-content\/uploads\/sites\/8\/2020\/11\/TECH-2-MASS-EXTRACTOR-Supreme-Commander-Cybran-Tech-2-Economy-768x501.jpg 768w, https:\/\/supcom.standardof.net\/wp-content\/uploads\/sites\/8\/2020\/11\/TECH-2-MASS-EXTRACTOR-Supreme-Commander-Cybran-Tech-2-Economy-16x10.jpg 16w, https:\/\/supcom.standardof.net\/wp-content\/uploads\/sites\/8\/2020\/11\/TECH-2-MASS-EXTRACTOR-Supreme-Commander-Cybran-Tech-2-Economy.jpg 1491w\" sizes=\"(max-width: 800px) 100vw, 800px\" \/><\/a><figcaption>TECH 2 MASOV\u00dd EXTRAKTOR<\/figcaption><\/figure><\/div>\n\n\n\n<section class=\"wp-block-uagb-columns uagb-columns__wrap uagb-columns__background-undefined uagb-columns__stack-mobile uagb-columns__valign-undefined uagb-columns__gap-10 alignundefined uagb-block-dc5922e9\"><div class=\"uagb-columns__overlay\"><\/div><div class=\"uagb-columns__inner-wrap uagb-columns__columns-2\">\n<div class=\"wp-block-uagb-column uagb-column__wrap uagb-column__background-undefined uagb-block-c7f679da\"><div class=\"uagb-column__overlay\"><\/div><div class=\"uagb-column__inner-wrap\">\n<h4 class=\"wp-block-heading\">Statistiky extraktoru hmotnosti T2<\/h4>\n\n\n\n<p><strong>Zbroj:<\/strong> 2160 hp<br><strong>Schopnosti:<\/strong> Mo\u017enost aktualizace<br><strong>N\u00e1klady<\/strong><br>&nbsp;&nbsp;&nbsp; M900 (+6)<br>&nbsp;&nbsp;&nbsp; E5400 (-9)<br>&nbsp;&nbsp;&nbsp; T900<br><strong>M\u00edra sestaven\u00ed:<\/strong> 15<br><strong>Intel<\/strong><br>&nbsp;&nbsp;&nbsp;&nbsp; pohled: 20 (391 m)<br><strong>Fyzika<\/strong><br>&nbsp;&nbsp;&nbsp; velikost pro sousedstv\u00ed: 4<br><strong>Sousedn\u00ed bonusy<\/strong><br>&nbsp; velikost sousedn\u00ed budovy: 4, 8, 12, 16, 20)<br>&nbsp; Redukce hromadn\u00e9ho odtoku (tov\u00e1rny): 15.00%, 7.50%, 5.00%, 3.75%, 3.00%<\/p>\n<\/div><\/div>\n\n\n\n<div class=\"wp-block-uagb-column uagb-column__wrap uagb-column__background-undefined uagb-block-194bebf0\"><div class=\"uagb-column__overlay\"><\/div><div class=\"uagb-column__inner-wrap\"><\/div><\/div>\n<\/div><\/section>\n<\/div><\/div>\n<\/div><\/section>\n\n\n\n<section class=\"wp-block-uagb-columns uagb-columns__wrap uagb-columns__background-undefined uagb-columns__stack-mobile uagb-columns__valign-undefined uagb-columns__gap-10 alignundefined uagb-block-5060e6f7\"><div class=\"uagb-columns__overlay\"><\/div><div class=\"uagb-columns__inner-wrap uagb-columns__columns-1\">\n<div class=\"wp-block-uagb-column uagb-column__wrap uagb-column__background-undefined uagb-block-adfee870\"><div class=\"uagb-column__overlay\"><\/div><div class=\"uagb-column__inner-wrap\">\n<h2 class=\"wp-block-heading\">TECH 2 <strong>V\u00ddKONOV\u00dd GENER\u00c1TOR<\/strong><\/h2>\n\n\n\n<p>Gener\u00e1tor energie T2 je kl\u00ed\u010dov\u00fdm prvkem va\u0161\u00ed ekonomiky, proto\u017ee poskytuje podporu, kter\u00e1 v\u00e1m zabr\u00e1n\u00ed v tom, abyste byli p\u0159ipout\u00e1ni k mal\u00fdm d\u00e1vk\u00e1m energie T1, a z\u00e1rove\u0148 v\u00e1m poskytne velkorys\u00fd bonus sousedstv\u00ed, pokud chcete kolem n\u011bj um\u00edstit \u0161t\u00edt nebo d\u011blost\u0159electvo T2. Gener\u00e1tory energie Cybran T2 jsou men\u0161\u00ed, ale to nezm\u011bn\u00ed, proto\u017ee je budujete odd\u011blen\u011b od sebe, abyste stejn\u011b minimalizovali jejich smrt\u00edc\u00ed explozi.<\/p>\n\n\n\n<div class=\"wp-block-image\"><figure class=\"aligncenter size-large\"><a href=\"https:\/\/supcom.standardof.net\/cs\/supreme-commander\/cybran-2\/cybran-tech-2-economy-2\/tech-2-power-generator-supreme-commander-cybran-tech-2-economy\/\"><img decoding=\"async\" width=\"800\" height=\"540\" src=\"https:\/\/supcom.standardof.net\/wp-content\/uploads\/sites\/8\/2020\/11\/TECH-2-POWER-GENERATOR-Supreme-Commander-Cybran-Tech-2-Economy-800x540.jpg\" alt=\"GENER\u00c1TOR T2 POWER, budova ekonomiky Cybran Tech 2 ve vrchn\u00edm veliteli.\" class=\"wp-image-934\" srcset=\"https:\/\/supcom.standardof.net\/wp-content\/uploads\/sites\/8\/2020\/11\/TECH-2-POWER-GENERATOR-Supreme-Commander-Cybran-Tech-2-Economy-800x540.jpg 800w, https:\/\/supcom.standardof.net\/wp-content\/uploads\/sites\/8\/2020\/11\/TECH-2-POWER-GENERATOR-Supreme-Commander-Cybran-Tech-2-Economy-512x345.jpg 512w, https:\/\/supcom.standardof.net\/wp-content\/uploads\/sites\/8\/2020\/11\/TECH-2-POWER-GENERATOR-Supreme-Commander-Cybran-Tech-2-Economy-200x135.jpg 200w, https:\/\/supcom.standardof.net\/wp-content\/uploads\/sites\/8\/2020\/11\/TECH-2-POWER-GENERATOR-Supreme-Commander-Cybran-Tech-2-Economy-768x518.jpg 768w, https:\/\/supcom.standardof.net\/wp-content\/uploads\/sites\/8\/2020\/11\/TECH-2-POWER-GENERATOR-Supreme-Commander-Cybran-Tech-2-Economy-1536x1036.jpg 1536w, https:\/\/supcom.standardof.net\/wp-content\/uploads\/sites\/8\/2020\/11\/TECH-2-POWER-GENERATOR-Supreme-Commander-Cybran-Tech-2-Economy-16x12.jpg 16w, https:\/\/supcom.standardof.net\/wp-content\/uploads\/sites\/8\/2020\/11\/TECH-2-POWER-GENERATOR-Supreme-Commander-Cybran-Tech-2-Economy.jpg 1614w\" sizes=\"(max-width: 800px) 100vw, 800px\" \/><\/a><figcaption>V\u00ddKONOV\u00dd GENER\u00c1TOR TECH 2<\/figcaption><\/figure><\/div>\n\n\n\n<section class=\"wp-block-uagb-columns uagb-columns__wrap uagb-columns__background-undefined uagb-columns__stack-mobile uagb-columns__valign-undefined uagb-columns__gap-10 alignundefined uagb-block-6864d497\"><div class=\"uagb-columns__overlay\"><\/div><div class=\"uagb-columns__inner-wrap uagb-columns__columns-2\">\n<div class=\"wp-block-uagb-column uagb-column__wrap uagb-column__background-undefined uagb-block-eff07fa4\"><div class=\"uagb-column__overlay\"><\/div><div class=\"uagb-column__inner-wrap\">\n<h3 class=\"wp-block-heading\">Statistiky gener\u00e1toru energie T2<\/h3>\n\n\n\n<p><strong>Zbroj:<\/strong> 2160 hp<br><strong>N\u00e1klady<\/strong><br>&nbsp;&nbsp;&nbsp; M1200<br>&nbsp;&nbsp;&nbsp; E12000 (+500)<br>&nbsp;&nbsp;&nbsp; T2000<br><strong>Intel<\/strong><br>&nbsp;&nbsp;&nbsp; pohled: 20 (391 m)<br><strong>Fyzika<\/strong><br>&nbsp;&nbsp; velikost pro sousedstv\u00ed: 12<br><strong>Sousedstv\u00ed bonusy<\/strong><br>(velikost sousedn\u00ed budovy: 4, 8, 12, 16, 20)<br>&nbsp; Sn\u00ed\u017een\u00ed odb\u011bru energie (\u00fadr\u017eba): 12.50%``, 12.50%, 12.50%, 12.50%<br>&nbsp; Sn\u00ed\u017een\u00ed odb\u011bru energie (tov\u00e1rny): 12.50%, 12.50%, 12.50%, 12.50%, 12.50%<br>&nbsp; Zkr\u00e1cen\u00ed doby odb\u011bru energetick\u00e9 zbran\u011b: 5.00%``, 5.00%, 5.00%, 5.00%<\/p>\n<\/div><\/div>\n\n\n\n<div class=\"wp-block-uagb-column uagb-column__wrap uagb-column__background-undefined uagb-block-2ef02ba8\"><div class=\"uagb-column__overlay\"><\/div><div class=\"uagb-column__inner-wrap\">\n<h3 class=\"wp-block-heading\">Zbran\u011b gener\u00e1toru energie T2<\/h3>\n\n\n\n<p><strong>Zbra\u0148 smrti<\/strong><br>&nbsp;&nbsp;&nbsp; 1500 po\u0161kozen\u00ed<br><strong>Plocha:<\/strong> 5 (97,7 m)<\/p>\n<\/div><\/div>\n<\/div><\/section>\n<\/div><\/div>\n<\/div><\/section>","protected":false},"excerpt":{"rendered":"<p>TECH 2 LAND FACTORY By the T2 level, your factory is not vulnerable to surprise strikes, and is usually the last building to die. It&#8217;s still twice as fast as your engineer of the same level. T2 Land Factory Stats Armor: 7900hpAbilities: UpgradeableCost&nbsp;&nbsp;&nbsp; M875 (storage: 200)&nbsp;&nbsp;&nbsp; E7000 (storage: 1000)&nbsp;&nbsp;&nbsp; T1750Build Rate: 20Intel&nbsp;&nbsp;&nbsp; sight: 20 (391m)Physics&nbsp;&nbsp;&nbsp; [&hellip;]<\/p>","protected":false},"author":1,"featured_media":0,"parent":538,"menu_order":0,"comment_status":"open","ping_status":"closed","template":"","meta":{"_uag_custom_page_level_css":"","site-sidebar-layout":"default","site-content-layout":"default","ast-site-content-layout":"","site-content-style":"default","site-sidebar-style":"default","ast-global-header-display":"","ast-banner-title-visibility":"","ast-main-header-display":"","ast-hfb-above-header-display":"","ast-hfb-below-header-display":"","ast-hfb-mobile-header-display":"","site-post-title":"","ast-breadcrumbs-content":"","ast-featured-img":"","footer-sml-layout":"","theme-transparent-header-meta":"default","adv-header-id-meta":"","stick-header-meta":"","header-above-stick-meta":"","header-main-stick-meta":"","header-below-stick-meta":"","astra-migrate-meta-layouts":"default","ast-page-background-enabled":"default","ast-page-background-meta":{"desktop":{"background-color":"","background-image":"","background-repeat":"repeat","background-position":"center center","background-size":"auto","background-attachment":"scroll","background-type":"","background-media":"","overlay-type":"","overlay-color":"","overlay-gradient":""},"tablet":{"background-color":"","background-image":"","background-repeat":"repeat","background-position":"center center","background-size":"auto","background-attachment":"scroll","background-type":"","background-media":"","overlay-type":"","overlay-color":"","overlay-gradient":""},"mobile":{"background-color":"","background-image":"","background-repeat":"repeat","background-position":"center center","background-size":"auto","background-attachment":"scroll","background-type":"","background-media":"","overlay-type":"","overlay-color":"","overlay-gradient":""}},"ast-content-background-meta":{"desktop":{"background-color":"var(--ast-global-color-5)","background-image":"","background-repeat":"repeat","background-position":"center center","background-size":"auto","background-attachment":"scroll","background-type":"","background-media":"","overlay-type":"","overlay-color":"","overlay-gradient":""},"tablet":{"background-color":"var(--ast-global-color-5)","background-image":"","background-repeat":"repeat","background-position":"center center","background-size":"auto","background-attachment":"scroll","background-type":"","background-media":"","overlay-type":"","overlay-color":"","overlay-gradient":""},"mobile":{"background-color":"var(--ast-global-color-5)","background-image":"","background-repeat":"repeat","background-position":"center center","background-size":"auto","background-attachment":"scroll","background-type":"","background-media":"","overlay-type":"","overlay-color":"","overlay-gradient":""}},"footnotes":""},"uagb_featured_image_src":{"full":false,"thumbnail":false,"medium":false,"medium_large":false,"large":false,"1536x1536":false,"2048x2048":false,"trp-custom-language-flag":false},"uagb_author_info":{"display_name":"SOE","author_link":"https:\/\/supcom.standardof.net\/cs\/author\/k-tastic\/"},"uagb_comment_info":0,"uagb_excerpt":"TECH 2 LAND FACTORY By the T2 level, your factory is not vulnerable to surprise strikes, and is usually the last building to die. It&#8217;s still twice as fast as your engineer of the same level. T2 Land Factory Stats Armor: 7900hpAbilities: UpgradeableCost&nbsp;&nbsp;&nbsp; M875 (storage: 200)&nbsp;&nbsp;&nbsp; E7000 (storage: 1000)&nbsp;&nbsp;&nbsp; T1750Build Rate: 20Intel&nbsp;&nbsp;&nbsp; sight: 20 (391m)Physics&nbsp;&nbsp;&nbsp;&hellip;","_links":{"self":[{"href":"https:\/\/supcom.standardof.net\/cs\/wp-json\/wp\/v2\/pages\/647"}],"collection":[{"href":"https:\/\/supcom.standardof.net\/cs\/wp-json\/wp\/v2\/pages"}],"about":[{"href":"https:\/\/supcom.standardof.net\/cs\/wp-json\/wp\/v2\/types\/page"}],"author":[{"embeddable":true,"href":"https:\/\/supcom.standardof.net\/cs\/wp-json\/wp\/v2\/users\/1"}],"replies":[{"embeddable":true,"href":"https:\/\/supcom.standardof.net\/cs\/wp-json\/wp\/v2\/comments?post=647"}],"version-history":[{"count":0,"href":"https:\/\/supcom.standardof.net\/cs\/wp-json\/wp\/v2\/pages\/647\/revisions"}],"up":[{"embeddable":true,"href":"https:\/\/supcom.standardof.net\/cs\/wp-json\/wp\/v2\/pages\/538"}],"wp:attachment":[{"href":"https:\/\/supcom.standardof.net\/cs\/wp-json\/wp\/v2\/media?parent=647"}],"curies":[{"name":"wp","href":"https:\/\/api.w.org\/{rel}","templated":true}]}}