{"id":692,"date":"2020-11-03T01:28:14","date_gmt":"2020-11-03T06:28:14","guid":{"rendered":"https:\/\/supcom.standardof.net\/?page_id=692"},"modified":"2020-11-03T01:28:14","modified_gmt":"2020-11-03T06:28:14","slug":"starting-build-orders","status":"publish","type":"page","link":"https:\/\/supcom.standardof.net\/cs\/supreme-commander\/pocatecni-objednavky-sestaveni-2\/","title":{"rendered":"SPU\u0160T\u011aN\u00cd OBJEDN\u00c1VEK"},"content":{"rendered":"<p>Na za\u010d\u00e1tku hry postavte 2-3 hromadn\u00e9 extraktory a gener\u00e1tory energie, pot\u00e9 tov\u00e1rnu na zem nebo vzduch. Land Factory by m\u011bla postavit n\u011bkolik in\u017een\u00fdr\u016f T1 i obvykl\u00fd sortiment pozemn\u00edch jednotek. Chcete-li, aby byla va\u0161e ran\u00e1 ekonomika optimalizov\u00e1na, nechte velitele dokon\u010dit stavbu masov\u00fdch extraktor\u016f ve va\u0161em bezprost\u0159edn\u00edm okol\u00ed a pot\u00e9 za\u010dn\u011bte stav\u011bt dal\u0161\u00ed tov\u00e1rny s n\u011bkolika gener\u00e1tory energie vedle sebe, aby v\u00e1m nedo\u0161la energie. Alespo\u0148 jeden in\u017een\u00fdr by m\u011bl hl\u00eddat jak\u00e9koli stromy nebo kameny v bl\u00edzkosti va\u0161\u00ed z\u00e1kladny pro v\u010dasn\u00e9 pos\u00edlen\u00ed ekonomiky, zat\u00edmco jin\u00fd stav\u00ed v\u00edce Mass Extractors a t\u0159et\u00ed stav\u00ed uhlovod\u00edkovou elektr\u00e1rnu, pokud m\u00e1te pobl\u00ed\u017e, nebo gener\u00e1tory energie, pokud ne. V tomto po\u010d\u00e1te\u010dn\u00edm bod\u011b je \u010dasto v\u00fdhodn\u011bj\u0161\u00ed stav\u011bt pozemn\u00ed pr\u016fzkumn\u00edky m\u00edsto radarov\u00e9 v\u011b\u017ee T1.\n<\/p>\n\n\n\n<p>Obvykle budete cht\u00edt jak pozemn\u00ed, tak vzdu\u0161n\u00e9 tov\u00e1rny brzy, s leteckou tov\u00e1rnou, kter\u00e1 pumpuje bojovn\u00edky a p\u0159\u00edle\u017eitostn\u00fd bombard\u00e9r. N\u00e1mo\u0159n\u00ed tov\u00e1rny jsou v\u011bt\u0161\u00ed investic\u00ed, ale vytvo\u0159en\u00ed p\u0159\u00edtomnosti na mo\u0159i m\u016f\u017ee p\u0159inutit protivn\u00edky pl\u00fdtvat cenn\u00fdmi zdroji na obranu nebo ponorky. Je tak\u00e9 mo\u017en\u00e9 vyhodit protivn\u00edka ze vzduchu hl\u00eddkov\u00e1n\u00edm va\u0161ich bojovn\u00edk\u016f t\u011bsn\u011b mimo jeho z\u00e1kladnu, aby byli sest\u0159eleni v\u0161ichni bojovn\u00edci, kter\u00e9 stav\u00ed. Nevytv\u00e1\u0159ejte technologie, dokud nebudete m\u00edt n\u011bkolik tov\u00e1ren, proto\u017ee nechcete b\u00fdt od\u0159\u00edznuti od v\u00fdroby jednotek. Nezapome\u0148te upgradovat sv\u00e9 Mass Extractors; je to levn\u011bj\u0161\u00ed a bezpe\u010dn\u011bj\u0161\u00ed ne\u017e budov\u00e1n\u00ed farem Fabricator.<\/p>","protected":false},"excerpt":{"rendered":"<p>At the start of the game, build 2-3 Mass Extractors and Power Generators, then a Land or Air Factory. The Land Factory should build a few T1 engineers as well as the usual assortment of ground units. To keep your early economy optimized, have the Commander finish building the Mass Extractors in your immediate area, [&hellip;]<\/p>","protected":false},"author":1,"featured_media":0,"parent":14,"menu_order":0,"comment_status":"open","ping_status":"closed","template":"","meta":{"_uag_custom_page_level_css":"","site-sidebar-layout":"default","site-content-layout":"default","ast-site-content-layout":"","site-content-style":"default","site-sidebar-style":"default","ast-global-header-display":"","ast-banner-title-visibility":"","ast-main-header-display":"","ast-hfb-above-header-display":"","ast-hfb-below-header-display":"","ast-hfb-mobile-header-display":"","site-post-title":"","ast-breadcrumbs-content":"","ast-featured-img":"","footer-sml-layout":"","theme-transparent-header-meta":"default","adv-header-id-meta":"","stick-header-meta":"","header-above-stick-meta":"","header-main-stick-meta":"","header-below-stick-meta":"","astra-migrate-meta-layouts":"default","ast-page-background-enabled":"default","ast-page-background-meta":{"desktop":{"background-color":"","background-image":"","background-repeat":"repeat","background-position":"center center","background-size":"auto","background-attachment":"scroll","background-type":"","background-media":"","overlay-type":"","overlay-color":"","overlay-gradient":""},"tablet":{"background-color":"","background-image":"","background-repeat":"repeat","background-position":"center center","background-size":"auto","background-attachment":"scroll","background-type":"","background-media":"","overlay-type":"","overlay-color":"","overlay-gradient":""},"mobile":{"background-color":"","background-image":"","background-repeat":"repeat","background-position":"center center","background-size":"auto","background-attachment":"scroll","background-type":"","background-media":"","overlay-type":"","overlay-color":"","overlay-gradient":""}},"ast-content-background-meta":{"desktop":{"background-color":"var(--ast-global-color-5)","background-image":"","background-repeat":"repeat","background-position":"center center","background-size":"auto","background-attachment":"scroll","background-type":"","background-media":"","overlay-type":"","overlay-color":"","overlay-gradient":""},"tablet":{"background-color":"var(--ast-global-color-5)","background-image":"","background-repeat":"repeat","background-position":"center center","background-size":"auto","background-attachment":"scroll","background-type":"","background-media":"","overlay-type":"","overlay-color":"","overlay-gradient":""},"mobile":{"background-color":"var(--ast-global-color-5)","background-image":"","background-repeat":"repeat","background-position":"center center","background-size":"auto","background-attachment":"scroll","background-type":"","background-media":"","overlay-type":"","overlay-color":"","overlay-gradient":""}},"footnotes":""},"uagb_featured_image_src":{"full":false,"thumbnail":false,"medium":false,"medium_large":false,"large":false,"1536x1536":false,"2048x2048":false,"trp-custom-language-flag":false},"uagb_author_info":{"display_name":"SOE","author_link":"https:\/\/supcom.standardof.net\/cs\/author\/k-tastic\/"},"uagb_comment_info":0,"uagb_excerpt":"At the start of the game, build 2-3 Mass Extractors and Power Generators, then a Land or Air Factory. The Land Factory should build a few T1 engineers as well as the usual assortment of ground units. To keep your early economy optimized, have the Commander finish building the Mass Extractors in your immediate area,&hellip;","_links":{"self":[{"href":"https:\/\/supcom.standardof.net\/cs\/wp-json\/wp\/v2\/pages\/692"}],"collection":[{"href":"https:\/\/supcom.standardof.net\/cs\/wp-json\/wp\/v2\/pages"}],"about":[{"href":"https:\/\/supcom.standardof.net\/cs\/wp-json\/wp\/v2\/types\/page"}],"author":[{"embeddable":true,"href":"https:\/\/supcom.standardof.net\/cs\/wp-json\/wp\/v2\/users\/1"}],"replies":[{"embeddable":true,"href":"https:\/\/supcom.standardof.net\/cs\/wp-json\/wp\/v2\/comments?post=692"}],"version-history":[{"count":0,"href":"https:\/\/supcom.standardof.net\/cs\/wp-json\/wp\/v2\/pages\/692\/revisions"}],"up":[{"embeddable":true,"href":"https:\/\/supcom.standardof.net\/cs\/wp-json\/wp\/v2\/pages\/14"}],"wp:attachment":[{"href":"https:\/\/supcom.standardof.net\/cs\/wp-json\/wp\/v2\/media?parent=692"}],"curies":[{"name":"wp","href":"https:\/\/api.w.org\/{rel}","templated":true}]}}