{"id":695,"date":"2020-11-03T01:31:29","date_gmt":"2020-11-03T06:31:29","guid":{"rendered":"https:\/\/supcom.standardof.net\/?page_id=695"},"modified":"2020-11-03T01:31:30","modified_gmt":"2020-11-03T06:31:30","slug":"adjacency-bonuses","status":"publish","type":"page","link":"https:\/\/supcom.standardof.net\/cs\/supreme-commander\/bonusy-sousedstvi-2\/","title":{"rendered":"P\u0158\u00cdMOSTN\u00c9 BONUSY"},"content":{"rendered":"<section class=\"wp-block-uagb-columns uagb-columns__wrap uagb-columns__background-undefined uagb-columns__stack-mobile uagb-columns__valign-undefined uagb-columns__gap-10 alignundefined uagb-block-2f067ba6\"><div class=\"uagb-columns__overlay\"><\/div><div class=\"uagb-columns__inner-wrap uagb-columns__columns-1\">\n<div class=\"wp-block-uagb-column uagb-column__wrap uagb-column__background-undefined uagb-block-e2495f3c\"><div class=\"uagb-column__overlay\"><\/div><div class=\"uagb-column__inner-wrap\">\n<h2 class=\"wp-block-heading\">JAK PRACUJ\u00cd<\/h2>\n\n\n\n<p>Hodnoty hmotnosti a energie zobrazen\u00e9 ve va\u0161em rozhran\u00ed jsou skute\u010dn\u011b desetinn\u00e1 \u010d\u00edsla, ale zobrazuj\u00ed se s hodnotami na nejbli\u017e\u0161\u00edm cel\u00e9m \u010d\u00edsle. Nap\u0159\u00edklad zachycova\u010d, kter\u00fd stoj\u00ed 0,975 hmotnosti za sekundu, se zobraz\u00ed jako cena 0 hmotnosti za sekundu.<\/p>\n\n\n\n<p>Kdy\u017e jsou ekonomick\u00e9 v\u00fdrobn\u00ed struktury postaveny vedle struktur, kter\u00e9 vyu\u017e\u00edvaj\u00ed jejich zdroje, poskytuj\u00ed \u201ebonus sousedstv\u00ed\u201c: tato struktura vyu\u017e\u00edv\u00e1 m\u00e9n\u011b t\u011bchto zdroj\u016f. Nap\u0159\u00edklad tov\u00e1rn\u00ed budova, kter\u00e1 zachycuje, spot\u0159ebuje m\u00e9n\u011b hmoty za sekundu, aby byla vyrobena, pokud je postavena vedle hromadn\u00fdch extraktor\u016f nebo masov\u00fdch zpracovatel\u016f, a bude pou\u017e\u00edvat m\u00e9n\u011b energie za sekundu, pokud je postavena vedle gener\u00e1tor\u016f energie.<\/p>\n\n\n\n<p>Obdobn\u011b budovy hromadn\u00e9ho a energetick\u00e9ho skladov\u00e1n\u00ed poskytuj\u00ed bonusy sousedstv\u00ed s ekonomick\u00fdmi v\u00fdrobn\u00edmi strukturami. Nap\u0159\u00edklad budovy hromadn\u00e9ho skladov\u00e1n\u00ed um\u00edst\u011bn\u00e9 vedle ods\u00e1vac\u00edho za\u0159\u00edzen\u00ed ve skute\u010dnosti zv\u00fd\u0161\u00ed v\u00fdkon ods\u00e1vac\u00edho za\u0159\u00edzen\u00ed.<\/p>\n\n\n\n<p>Bonus za sousedstv\u00ed je zalo\u017een na procentech a jde o procento budovy, kter\u00e1 je obklopena budovami, kter\u00e9 poskytuj\u00ed bonus. Nap\u0159\u00edklad gener\u00e1tor energie T1 poskytne tov\u00e1rn\u011b ur\u010dit\u00fd bonus sousedstv\u00ed, pokud jsou v\u0161echny strany tov\u00e1rny pokryty gener\u00e1tory energie T1, a 50% tohoto bonusu sousedstv\u00ed, pokud jsou dv\u011b strany tov\u00e1rny pokryty gener\u00e1tory energie T1.<\/p>\n\n\n\n<p>M\u016f\u017eete zjistit, \u017ee bonus sousedstv\u00ed funguje, kdy\u017e se mezi dv\u011bma budovami objev\u00ed mal\u00e1 \u010derven\u00e1 \u010d\u00e1ra. Aby k tomu mohlo doj\u00edt, mus\u00ed se alespo\u0148 polovina stran budovy navz\u00e1jem dot\u00fdkat. (Nem\u016f\u017eete d\u00e1t gener\u00e1tor energie T3 dot\u00fdkaj\u00edc\u00ed se jednoho \u010dtverce masov\u00e9ho extraktoru a o\u010dek\u00e1vat, \u017ee ud\u011bl\u00ed bonus k vyu\u017eit\u00ed energie masov\u00e9ho extraktoru.)<\/p>\n\n\n\n<p>Bonusy za sou\u017eit\u00ed jsou st\u00e1le v platnosti, i kdy\u017e jsou budovy poskytuj\u00edc\u00ed bonusy vypnut\u00e9. (To znamen\u00e1, \u017ee m\u016f\u017eete sv\u00e9 zpracovatele vypnout a st\u00e1le budou zefektiv\u0148ovat sousedn\u00ed budovy.)<\/p>\n\n\n\n<p>A kone\u010dn\u011b, i kdy\u017e nejde o \u201ebonus za sousedstv\u00ed\u201c, p\u0159estavba struktury na jej\u00ed vlastn\u00ed trosky sn\u00ed\u017e\u00ed n\u00e1klady na strukturu o 50%.<\/p>\n<\/div><\/div>\n<\/div><\/section>\n\n\n\n<section class=\"wp-block-uagb-columns uagb-columns__wrap uagb-columns__background-undefined uagb-columns__stack-mobile uagb-columns__valign-undefined uagb-columns__gap-10 alignundefined uagb-block-41e62296\"><div class=\"uagb-columns__overlay\"><\/div><div class=\"uagb-columns__inner-wrap uagb-columns__columns-1\">\n<div class=\"wp-block-uagb-column uagb-column__wrap uagb-column__background-undefined uagb-block-450ad7d1\"><div class=\"uagb-column__overlay\"><\/div><div class=\"uagb-column__inner-wrap\">\n<h3 class=\"wp-block-heading\">\u010c\u00cdSLA<\/h3>\n\n\n\n<p>Pamatujte, \u017ee v\u0161ichni velkov\u00fdrobci jsou tak\u00e9 spot\u0159ebiteli energie.<br>Podrobn\u011bj\u0161\u00ed \u00fadaje o maxim\u00e1ln\u00edch bonusech najdete v sekci ka\u017ed\u00e9 jednotky.<br>V\u0161echny strany maj\u00ed stejn\u00e9 bonusy za sousedstv\u00ed.<\/p>\n\n\n\n<p>Tech 1 gener\u00e1tor energie<br>Maxim\u00e1ln\u00ed bonus: 25% m\u00e9n\u011b vynalo\u017een\u00e9 energie<br>Funguje s: Jak\u00fdkoli spot\u0159ebitel energie<\/p>\n\n\n\n<p>Uhlovod\u00edkov\u00e1 elektr\u00e1rna<br>Maxim\u00e1ln\u00ed bonus: 50% m\u00e9n\u011b vynalo\u017een\u00e9 energie<br>Poskytuje bonus: Jak\u00e9mukoli spot\u0159ebiteli energie<\/p>\n\n\n\n<p>Tech 2 Power Generator<br>Maxim\u00e1ln\u00ed bonus: 50% m\u00e9n\u011b vynalo\u017een\u00e9 energie<br>Poskytuje bonus: Jak\u00e9mukoli spot\u0159ebiteli energie<\/p>\n\n\n\n<p>Tech 3 Power Generator<br>Maxim\u00e1ln\u00ed bonus: 75% m\u00e9n\u011b vynalo\u017een\u00e9 energie<br>Poskytuje bonus: Jak\u00e9mukoli spot\u0159ebiteli energie<\/p>\n\n\n\n<p>Velkokapacitn\u00ed \u00falo\u017ei\u0161t\u011b Tech 1<br>Maxim\u00e1ln\u00ed bonus: o 50% v\u00edce produkce<br>Poskytuje bonus: Jak\u00e9mukoli masov\u00e9mu producentovi<\/p>\n\n\n\n<p>Tech 1 skladov\u00e1n\u00ed energie<br>Maxim\u00e1ln\u00ed bonus: o 50% v\u00edce produkce<br>Poskytuje bonus: Jak\u00e9mukoli v\u00fdrobci energie<\/p>\n\n\n\n<p>Tech 1 Mass Fabricator<br>Maxim\u00e1ln\u00ed bonus: o 10% m\u00e9n\u011b utracen\u00e9 hmoty<br>Poskytuje bonus: Jak\u00e9mukoli masov\u00e9mu spot\u0159ebiteli<\/p>\n\n\n\n<p>Tech 1 Mass Extractor<br>Bonus: 2,5% za jeden extraktor<br>Poskytuje bonus: Jak\u00e9mukoli masov\u00e9mu spot\u0159ebiteli<\/p>\n\n\n\n<p>Masov\u00fd extraktor Tech 2<br>Bonus: 3,75% za jeden extraktor<br>Poskytuje bonus: Jak\u00e9mukoli masov\u00e9mu spot\u0159ebiteli<\/p>\n\n\n\n<p>Masov\u00fd extraktor Tech 3<br>Bonus: 5% za jeden extraktor<br>Poskytuje bonus: Jak\u00e9mukoli masov\u00e9mu spot\u0159ebiteli<\/p>\n\n\n\n<p>Tech 3 Mass Fabricator<br>Bonus: 1,25% pro jednoho v\u00fdrobce<br>Poskytuje bonus: Jak\u00e9mukoli masov\u00e9mu spot\u0159ebiteli<\/p>\n<\/div><\/div>\n<\/div><\/section>","protected":false},"excerpt":{"rendered":"<p>HOW THEY WORK The Mass and Energy values displayed in your interface are really decimal numbers, but they are displayed with the values floored to the nearest whole number. For instance, an interceptor that costs 0.975 mass per second will be displayed as costing 0 mass per second. When economic production structures are built next [&hellip;]<\/p>","protected":false},"author":1,"featured_media":0,"parent":14,"menu_order":0,"comment_status":"open","ping_status":"closed","template":"","meta":{"_uag_custom_page_level_css":"","site-sidebar-layout":"default","site-content-layout":"default","ast-site-content-layout":"","site-content-style":"default","site-sidebar-style":"default","ast-global-header-display":"","ast-banner-title-visibility":"","ast-main-header-display":"","ast-hfb-above-header-display":"","ast-hfb-below-header-display":"","ast-hfb-mobile-header-display":"","site-post-title":"","ast-breadcrumbs-content":"","ast-featured-img":"","footer-sml-layout":"","theme-transparent-header-meta":"default","adv-header-id-meta":"","stick-header-meta":"","header-above-stick-meta":"","header-main-stick-meta":"","header-below-stick-meta":"","astra-migrate-meta-layouts":"default","ast-page-background-enabled":"default","ast-page-background-meta":{"desktop":{"background-color":"","background-image":"","background-repeat":"repeat","background-position":"center center","background-size":"auto","background-attachment":"scroll","background-type":"","background-media":"","overlay-type":"","overlay-color":"","overlay-gradient":""},"tablet":{"background-color":"","background-image":"","background-repeat":"repeat","background-position":"center center","background-size":"auto","background-attachment":"scroll","background-type":"","background-media":"","overlay-type":"","overlay-color":"","overlay-gradient":""},"mobile":{"background-color":"","background-image":"","background-repeat":"repeat","background-position":"center center","background-size":"auto","background-attachment":"scroll","background-type":"","background-media":"","overlay-type":"","overlay-color":"","overlay-gradient":""}},"ast-content-background-meta":{"desktop":{"background-color":"var(--ast-global-color-5)","background-image":"","background-repeat":"repeat","background-position":"center center","background-size":"auto","background-attachment":"scroll","background-type":"","background-media":"","overlay-type":"","overlay-color":"","overlay-gradient":""},"tablet":{"background-color":"var(--ast-global-color-5)","background-image":"","background-repeat":"repeat","background-position":"center center","background-size":"auto","background-attachment":"scroll","background-type":"","background-media":"","overlay-type":"","overlay-color":"","overlay-gradient":""},"mobile":{"background-color":"var(--ast-global-color-5)","background-image":"","background-repeat":"repeat","background-position":"center center","background-size":"auto","background-attachment":"scroll","background-type":"","background-media":"","overlay-type":"","overlay-color":"","overlay-gradient":""}},"footnotes":""},"uagb_featured_image_src":{"full":false,"thumbnail":false,"medium":false,"medium_large":false,"large":false,"1536x1536":false,"2048x2048":false,"trp-custom-language-flag":false},"uagb_author_info":{"display_name":"SOE","author_link":"https:\/\/supcom.standardof.net\/cs\/author\/k-tastic\/"},"uagb_comment_info":1,"uagb_excerpt":"HOW THEY WORK The Mass and Energy values displayed in your interface are really decimal numbers, but they are displayed with the values floored to the nearest whole number. For instance, an interceptor that costs 0.975 mass per second will be displayed as costing 0 mass per second. When economic production structures are built next&hellip;","_links":{"self":[{"href":"https:\/\/supcom.standardof.net\/cs\/wp-json\/wp\/v2\/pages\/695"}],"collection":[{"href":"https:\/\/supcom.standardof.net\/cs\/wp-json\/wp\/v2\/pages"}],"about":[{"href":"https:\/\/supcom.standardof.net\/cs\/wp-json\/wp\/v2\/types\/page"}],"author":[{"embeddable":true,"href":"https:\/\/supcom.standardof.net\/cs\/wp-json\/wp\/v2\/users\/1"}],"replies":[{"embeddable":true,"href":"https:\/\/supcom.standardof.net\/cs\/wp-json\/wp\/v2\/comments?post=695"}],"version-history":[{"count":0,"href":"https:\/\/supcom.standardof.net\/cs\/wp-json\/wp\/v2\/pages\/695\/revisions"}],"up":[{"embeddable":true,"href":"https:\/\/supcom.standardof.net\/cs\/wp-json\/wp\/v2\/pages\/14"}],"wp:attachment":[{"href":"https:\/\/supcom.standardof.net\/cs\/wp-json\/wp\/v2\/media?parent=695"}],"curies":[{"name":"wp","href":"https:\/\/api.w.org\/{rel}","templated":true}]}}