{"id":696,"date":"2020-11-03T01:35:23","date_gmt":"2020-11-03T06:35:23","guid":{"rendered":"https:\/\/supcom.standardof.net\/?page_id=696"},"modified":"2020-11-03T01:35:24","modified_gmt":"2020-11-03T06:35:24","slug":"build-mode","status":"publish","type":"page","link":"https:\/\/supcom.standardof.net\/cs\/supreme-commander\/rezim-sestaveni-2\/","title":{"rendered":"BUILD MODE"},"content":{"rendered":"<p>Do re\u017eimu sestaven\u00ed vstoup\u00edte stisknut\u00edm B. Va\u0161e kl\u00e1vesov\u00e9 zkratky budou transformov\u00e1ny.<br>Re\u017eim Build ukon\u010d\u00edte stisknut\u00edm kl\u00e1vesy Esc.<\/p>\n\n\n\n<p>Budovy jsou uvedeny v po\u0159ad\u00ed, v jak\u00e9m se zobrazuj\u00ed zleva doprava.<br>Kl\u00e1vesov\u00e9 zkratky re\u017eimu Build jsou uvedeny vedle ka\u017ed\u00e9 budovy.<\/p>\n\n\n\n<section class=\"wp-block-uagb-columns uagb-columns__wrap uagb-columns__background-undefined uagb-columns__stack-mobile uagb-columns__valign-undefined uagb-columns__gap-10 alignundefined uagb-block-5b72ebaa\"><div class=\"uagb-columns__overlay\"><\/div><div class=\"uagb-columns__inner-wrap uagb-columns__columns-1\">\n<div class=\"wp-block-uagb-column uagb-column__wrap uagb-column__background-undefined uagb-block-ce1c4df4\"><div class=\"uagb-column__overlay\"><\/div><div class=\"uagb-column__inner-wrap\">\n<h2 class=\"wp-block-heading\">UNIVERZ\u00c1LN\u00cd HORK\u00c9 KL\u00c1VESY<\/h2>\n\n\n\n<p>U: Upgradujte na dal\u0161\u00ed \u00farove\u0148 t\u00e9to struktury<br>1: P\u0159epnout na technickou \u00farove\u0148 1<br>2: P\u0159epnout na technickou \u00farove\u0148 2<br>3: P\u0159epnout na technickou \u00farove\u0148 3<br>4: P\u0159epnout na experiment\u00e1ln\u00ed jednotky<\/p>\n<\/div><\/div>\n<\/div><\/section>\n\n\n\n<section class=\"wp-block-uagb-columns uagb-columns__wrap uagb-columns__background-undefined uagb-columns__stack-mobile uagb-columns__valign-undefined uagb-columns__gap-10 alignundefined uagb-block-ca3f196a\"><div class=\"uagb-columns__overlay\"><\/div><div class=\"uagb-columns__inner-wrap uagb-columns__columns-1\">\n<div class=\"wp-block-uagb-column uagb-column__wrap uagb-column__background-undefined uagb-block-51fd7f77\"><div class=\"uagb-column__overlay\"><\/div><div class=\"uagb-column__inner-wrap\">\n<h2 class=\"wp-block-heading\">VELITEL<\/h2>\n\n\n\n<p>L: Land Factory<br>A: Air Factory<br>S: N\u00e1mo\u0159n\u00ed tov\u00e1rna<br>E: Mass Extractor<br>F: Mass Fabricator<br>P: Gener\u00e1tor energie<br>W: \u010c\u00e1st st\u011bny<br>D: Bodov\u00e1 obrana<br>N: Protiletadlov\u00e1 v\u011b\u017e<br>T: Spou\u0161t\u011b\u010d torp\u00e9d<\/p>\n<\/div><\/div>\n<\/div><\/section>\n\n\n\n<section class=\"wp-block-uagb-columns uagb-columns__wrap uagb-columns__background-undefined uagb-columns__stack-mobile uagb-columns__valign-undefined uagb-columns__gap-10 alignundefined uagb-block-94f16297\"><div class=\"uagb-columns__overlay\"><\/div><div class=\"uagb-columns__inner-wrap uagb-columns__columns-1\">\n<div class=\"wp-block-uagb-column uagb-column__wrap uagb-column__background-undefined uagb-block-31696319\"><div class=\"uagb-column__overlay\"><\/div><div class=\"uagb-column__inner-wrap\">\n<h2 class=\"wp-block-heading\">TECHNIKA 1<\/h2>\n\n\n\n<p>L: Land Factory<br>A: Air Factory<br>S: N\u00e1mo\u0159n\u00ed tov\u00e1rna<br>E: Mass Extractor<br>F: Mass Fabricator<br>X: Mass Storage<br>P: Gener\u00e1tor energie<br>H: Uhlovod\u00edkov\u00e1 elektr\u00e1rna<br>Y: Skladov\u00e1n\u00ed energie<br>W: \u010c\u00e1st st\u011bny<br>D: Bodov\u00e1 obrana<br>N: Protiletadlov\u00e1 v\u011b\u017e<br>T: Spou\u0161t\u011b\u010d torp\u00e9d<br>I: Radarov\u00fd syst\u00e9m<br>O: Sonar System<\/p>\n<\/div><\/div>\n<\/div><\/section>\n\n\n\n<section class=\"wp-block-uagb-columns uagb-columns__wrap uagb-columns__background-undefined uagb-columns__stack-mobile uagb-columns__valign-undefined uagb-columns__gap-10 alignundefined uagb-block-4bfa9d10\"><div class=\"uagb-columns__overlay\"><\/div><div class=\"uagb-columns__inner-wrap uagb-columns__columns-1\">\n<div class=\"wp-block-uagb-column uagb-column__wrap uagb-column__background-undefined uagb-block-ffd66e38\"><div class=\"uagb-column__overlay\"><\/div><div class=\"uagb-column__inner-wrap\">\n<h2 class=\"wp-block-heading\">TECH 2 ENGINEER<\/h2>\n\n\n\n<p>E: Mass Extractor<br>P: Gener\u00e1tor energie<br>D: Bodov\u00e1 obrana<br>N: Anti-Air Flak Artillery<br>T: Heavy Torpedo Launcher<br>R: Instalace d\u011blost\u0159electva<br>M: Taktick\u00fd raketomet<br>K: Taktick\u00e1 protiraketov\u00e1 obrana<br>V: Gener\u00e1tor \u0161t\u00edtu<br>C: Gener\u00e1tor tajn\u00e9ho pole<br>I: Radarov\u00fd syst\u00e9m<br>O: Sonar System<br>G: Air Staging Facility<\/p>\n<\/div><\/div>\n<\/div><\/section>\n\n\n\n<section class=\"wp-block-uagb-columns uagb-columns__wrap uagb-columns__background-undefined uagb-columns__stack-mobile uagb-columns__valign-undefined uagb-columns__gap-10 alignundefined uagb-block-32cd299a\"><div class=\"uagb-columns__overlay\"><\/div><div class=\"uagb-columns__inner-wrap uagb-columns__columns-1\">\n<div class=\"wp-block-uagb-column uagb-column__wrap uagb-column__background-undefined uagb-block-6d22a225\"><div class=\"uagb-column__overlay\"><\/div><div class=\"uagb-column__inner-wrap\">\n<h2 class=\"wp-block-heading\">TECHNIKA 3<\/h2>\n\n\n\n<p>Nab\u00eddka Tech 3 Build<br>E: Mass Extractor<br>F: Mass Fabricator<br>P: Gener\u00e1tor energie<br>N: Anti-Air SAM Launcher<br>R: Instalace t\u011b\u017ek\u00e9ho d\u011blost\u0159electva<br>M: Strategick\u00fd raketomet<br>K: Strategick\u00e1 protiraketov\u00e1 obrana<br>O: Platforma sonaru<br>I: Omni Sensor Array<br>Ot\u00e1zka: Kvantov\u00e1 br\u00e1na<\/p>\n\n\n\n<h3 class=\"wp-block-heading\">Nab\u00eddka experiment\u00e1ln\u00edho sestaven\u00ed UEF<\/h3>\n\n\n\n<p>F: Fatboy<br>A: Atlantis<br>M: Mavor<\/p>\n\n\n\n<h3 class=\"wp-block-heading\">Nab\u00eddka experiment\u00e1ln\u00edho sestaven\u00ed Cybran<\/h3>\n\n\n\n<p>S: Monkeylord (S pro Spiderbot)<br>R: Soul Ripper (R pro d\u011blost\u0159electvo)<br>C: Scathis<\/p>\n\n\n\n<h3 class=\"wp-block-heading\">Nab\u00eddka experiment\u00e1ln\u00edho sestaven\u00ed Aeon<\/h3>\n\n\n\n<p>Z: Car<br>T: Bou\u0159e<br>C: Galactic Colossus<\/p>\n<\/div><\/div>\n<\/div><\/section>\n\n\n\n<section class=\"wp-block-uagb-columns uagb-columns__wrap uagb-columns__background-undefined uagb-columns__stack-mobile uagb-columns__valign-undefined uagb-columns__gap-10 alignundefined uagb-block-20e35840\"><div class=\"uagb-columns__overlay\"><\/div><div class=\"uagb-columns__inner-wrap uagb-columns__columns-1\">\n<div class=\"wp-block-uagb-column uagb-column__wrap uagb-column__background-undefined uagb-block-70261521\"><div class=\"uagb-column__overlay\"><\/div><div class=\"uagb-column__inner-wrap\">\n<h2 class=\"wp-block-heading\">TOV\u00c1RNA NA POZEMKY<\/h2>\n\n\n\n<p>Tech 1<br>E: In\u017een\u00fdr<br>S: Land Scout<br>A: Light Assault Bot<br>T: St\u0159edn\u00ed tank (pouze UEF, Aeon)<br>T: Heavy Assault Bot (pouze Cybran)<br>R: Mobiln\u00ed lehk\u00e9 d\u011blost\u0159electvo<br>N: Mobiln\u00ed protiletadlov\u00e1 zbra\u0148<\/p>\n\n\n\n<p>Tech 2<br>E: In\u017een\u00fdr<br>T: T\u011b\u017ek\u00fd tank<br>M: Mobiln\u00ed raketomet<br>N: Mobiln\u00ed AA Flak Artillery<br>P: Oboj\u017eiveln\u00fd tank<br>C: Mobile Stealth Field System (pouze Cybran)<br>V: Gener\u00e1tor mobiln\u00edho \u0161t\u00edtu (pouze UEF, Aeon)<\/p>\n\n\n\n<p>Tech 3<br>E: In\u017een\u00fdr<br>B: Siege Assault Bot<br>R: Mobiln\u00ed t\u011b\u017ek\u00e9 d\u011blost\u0159electvo<\/p>\n<\/div><\/div>\n<\/div><\/section>\n\n\n\n<section class=\"wp-block-uagb-columns uagb-columns__wrap uagb-columns__background-undefined uagb-columns__stack-mobile uagb-columns__valign-undefined uagb-columns__gap-10 alignundefined uagb-block-5e354201\"><div class=\"uagb-columns__overlay\"><\/div><div class=\"uagb-columns__inner-wrap uagb-columns__columns-1\">\n<div class=\"wp-block-uagb-column uagb-column__wrap uagb-column__background-undefined uagb-block-06dae81f\"><div class=\"uagb-column__overlay\"><\/div><div class=\"uagb-column__inner-wrap\">\n<h2 class=\"wp-block-heading\">TOV\u00c1RNA NA VZDUCH<\/h2>\n\n\n\n<p>Tech 1<br>E: In\u017een\u00fdr<br>S: Leteck\u00fd pr\u016fzkumn\u00edk<br>F: Interceptor<br>A: Attack Bomber<br>T: Lehk\u00e1 leteck\u00e1 doprava<\/p>\n\n\n\n<p>Tech 2<br>E: In\u017een\u00fdr<br>A: Bomber<br>O: Torp\u00e9dov\u00fd bombard\u00e9r<br>G: Bojov\u00fd vrtuln\u00edk<br>T: Leteck\u00e1 doprava<\/p>\n\n\n\n<p>Tech 3<br>E: In\u017een\u00fdr<br>S: \u0160pion\u00e1\u017en\u00ed letadlo<br>F: Bojovn\u00edk vzdu\u0161n\u00e9 p\u0159evahy<br>Odpov\u011b\u010f: Strategick\u00fd bombard\u00e9r<br>G: Heavy Gunship (pouze UEF)<\/p>\n<\/div><\/div>\n<\/div><\/section>\n\n\n\n<section class=\"wp-block-uagb-columns uagb-columns__wrap uagb-columns__background-undefined uagb-columns__stack-mobile uagb-columns__valign-undefined uagb-columns__gap-10 alignundefined uagb-block-50aa0573\"><div class=\"uagb-columns__overlay\"><\/div><div class=\"uagb-columns__inner-wrap uagb-columns__columns-1\">\n<div class=\"wp-block-uagb-column uagb-column__wrap uagb-column__background-undefined uagb-block-d0bf32e7\"><div class=\"uagb-column__overlay\"><\/div><div class=\"uagb-column__inner-wrap\">\n<h2 class=\"wp-block-heading\">NAVAL FACTORY<\/h2>\n\n\n\n<p>Tech 1<br>E: In\u017een\u00fdr<br>A: Attack Boat (pouze Aeon)<br>S: Attack Submarine<br>F: Fregata<\/p>\n\n\n\n<p>Tech 2<br>E: In\u017een\u00fdr<br>C: K\u0159i\u017en\u00edk<br>D: Ni\u010ditel<\/p>\n\n\n\n<p>Tech 3<br>E: In\u017een\u00fdr<br>A: Bitevn\u00ed lo\u010f<br>C: Nosi\u010d<br>S: Strategick\u00e1 raketov\u00e1 ponorka<\/p>\n<\/div><\/div>\n<\/div><\/section>\n\n\n\n<section class=\"wp-block-uagb-columns uagb-columns__wrap uagb-columns__background-undefined uagb-columns__stack-mobile uagb-columns__valign-undefined uagb-columns__gap-10 alignundefined uagb-block-eb7c2d7d\"><div class=\"uagb-columns__overlay\"><\/div><div class=\"uagb-columns__inner-wrap uagb-columns__columns-1\">\n<div class=\"wp-block-uagb-column uagb-column__wrap uagb-column__background-undefined uagb-block-eb6b4eb3\"><div class=\"uagb-column__overlay\"><\/div><div class=\"uagb-column__inner-wrap\">\n<h2 class=\"wp-block-heading\">KVANTOV\u00c1 BR\u00c1NA<\/h2>\n\n\n\n<p>C: Support Command Unit<\/p>\n<\/div><\/div>\n<\/div><\/section>","protected":false},"excerpt":{"rendered":"<p>To enter Build Mode, press B. Your keyboard shortcuts will be transformed.To quit Build Mode, press Esc. Buildings are listed in the order they appear from left to right.Build Mode hotkeys are listed next to each building. UNIVERSAL HOTKEYS U: Upgrade to next level of this structure1: Switch to tech level 12: Switch to tech [&hellip;]<\/p>","protected":false},"author":1,"featured_media":0,"parent":14,"menu_order":0,"comment_status":"open","ping_status":"closed","template":"","meta":{"_uag_custom_page_level_css":"","site-sidebar-layout":"default","site-content-layout":"default","ast-site-content-layout":"","site-content-style":"default","site-sidebar-style":"default","ast-global-header-display":"","ast-banner-title-visibility":"","ast-main-header-display":"","ast-hfb-above-header-display":"","ast-hfb-below-header-display":"","ast-hfb-mobile-header-display":"","site-post-title":"","ast-breadcrumbs-content":"","ast-featured-img":"","footer-sml-layout":"","theme-transparent-header-meta":"default","adv-header-id-meta":"","stick-header-meta":"","header-above-stick-meta":"","header-main-stick-meta":"","header-below-stick-meta":"","astra-migrate-meta-layouts":"default","ast-page-background-enabled":"default","ast-page-background-meta":{"desktop":{"background-color":"","background-image":"","background-repeat":"repeat","background-position":"center center","background-size":"auto","background-attachment":"scroll","background-type":"","background-media":"","overlay-type":"","overlay-color":"","overlay-gradient":""},"tablet":{"background-color":"","background-image":"","background-repeat":"repeat","background-position":"center center","background-size":"auto","background-attachment":"scroll","background-type":"","background-media":"","overlay-type":"","overlay-color":"","overlay-gradient":""},"mobile":{"background-color":"","background-image":"","background-repeat":"repeat","background-position":"center center","background-size":"auto","background-attachment":"scroll","background-type":"","background-media":"","overlay-type":"","overlay-color":"","overlay-gradient":""}},"ast-content-background-meta":{"desktop":{"background-color":"var(--ast-global-color-5)","background-image":"","background-repeat":"repeat","background-position":"center center","background-size":"auto","background-attachment":"scroll","background-type":"","background-media":"","overlay-type":"","overlay-color":"","overlay-gradient":""},"tablet":{"background-color":"var(--ast-global-color-5)","background-image":"","background-repeat":"repeat","background-position":"center center","background-size":"auto","background-attachment":"scroll","background-type":"","background-media":"","overlay-type":"","overlay-color":"","overlay-gradient":""},"mobile":{"background-color":"var(--ast-global-color-5)","background-image":"","background-repeat":"repeat","background-position":"center center","background-size":"auto","background-attachment":"scroll","background-type":"","background-media":"","overlay-type":"","overlay-color":"","overlay-gradient":""}},"footnotes":""},"uagb_featured_image_src":{"full":false,"thumbnail":false,"medium":false,"medium_large":false,"large":false,"1536x1536":false,"2048x2048":false,"trp-custom-language-flag":false},"uagb_author_info":{"display_name":"SOE","author_link":"https:\/\/supcom.standardof.net\/cs\/author\/k-tastic\/"},"uagb_comment_info":1,"uagb_excerpt":"To enter Build Mode, press B. Your keyboard shortcuts will be transformed.To quit Build Mode, press Esc. Buildings are listed in the order they appear from left to right.Build Mode hotkeys are listed next to each building. UNIVERSAL HOTKEYS U: Upgrade to next level of this structure1: Switch to tech level 12: Switch to tech&hellip;","_links":{"self":[{"href":"https:\/\/supcom.standardof.net\/cs\/wp-json\/wp\/v2\/pages\/696"}],"collection":[{"href":"https:\/\/supcom.standardof.net\/cs\/wp-json\/wp\/v2\/pages"}],"about":[{"href":"https:\/\/supcom.standardof.net\/cs\/wp-json\/wp\/v2\/types\/page"}],"author":[{"embeddable":true,"href":"https:\/\/supcom.standardof.net\/cs\/wp-json\/wp\/v2\/users\/1"}],"replies":[{"embeddable":true,"href":"https:\/\/supcom.standardof.net\/cs\/wp-json\/wp\/v2\/comments?post=696"}],"version-history":[{"count":0,"href":"https:\/\/supcom.standardof.net\/cs\/wp-json\/wp\/v2\/pages\/696\/revisions"}],"up":[{"embeddable":true,"href":"https:\/\/supcom.standardof.net\/cs\/wp-json\/wp\/v2\/pages\/14"}],"wp:attachment":[{"href":"https:\/\/supcom.standardof.net\/cs\/wp-json\/wp\/v2\/media?parent=696"}],"curies":[{"name":"wp","href":"https:\/\/api.w.org\/{rel}","templated":true}]}}