{"id":706,"date":"2020-11-03T01:58:22","date_gmt":"2020-11-03T06:58:22","guid":{"rendered":"https:\/\/supcom.standardof.net\/?page_id=706"},"modified":"2020-11-04T22:16:28","modified_gmt":"2020-11-05T03:16:28","slug":"aeon-commander","status":"publish","type":"page","link":"https:\/\/supcom.standardof.net\/cs\/supreme-commander\/aeon-2\/velitel-aeon-2\/","title":{"rendered":"Velitel AEON"},"content":{"rendered":"<section class=\"wp-block-uagb-columns uagb-columns__wrap uagb-columns__background-undefined uagb-columns__stack-mobile uagb-columns__valign-undefined uagb-columns__gap-10 alignundefined uagb-block-587d920b\"><div class=\"uagb-columns__overlay\"><\/div><div class=\"uagb-columns__inner-wrap uagb-columns__columns-1\">\n<div class=\"wp-block-uagb-column uagb-column__wrap uagb-column__background-undefined uagb-block-9999e271\"><div class=\"uagb-column__overlay\"><\/div><div class=\"uagb-column__inner-wrap\">\n<h2 class=\"wp-block-heading\"><strong>OBRANN\u00c1 P\u0158\u00cdKAZOV\u00c1 JEDNOTKA<\/strong> - AEON ACU<\/h2>\n\n\n\n<p>V\u00e1\u0161 velitel vypad\u00e1 zastra\u0161uj\u00edc\u00ed, ale je to jen proto, \u017ee je tak v\u0161estrann\u00fd. Nezapome\u0148te, \u017ee pokud m\u00e1te pot\u00ed\u017ee, m\u016f\u017eete p\u0159ebit\u00ed stisknout O.<\/p>\n\n\n\n<p>ACU m\u00e1 rychlost sestaven\u00ed 10.<\/p>\n\n\n\n<div class=\"wp-block-image\"><figure class=\"aligncenter size-large\"><a href=\"https:\/\/supcom.standardof.net\/cs\/supreme-commander\/aeon-2\/velitel-aeon-2\/supreme-commander-armored-command-unit-aeon-acu\/\"><img decoding=\"async\" width=\"800\" height=\"661\" src=\"https:\/\/supcom.standardof.net\/wp-content\/uploads\/sites\/8\/2020\/11\/Supreme-Commander-ARMORED-COMMAND-UNIT-AEON-ACU-800x661.jpg\" alt=\"Obrn\u011bn\u00e1 velitelsk\u00e1 jednotka Aeon ve vrchn\u00edm veliteli.\" class=\"wp-image-1044\" srcset=\"https:\/\/supcom.standardof.net\/wp-content\/uploads\/sites\/8\/2020\/11\/Supreme-Commander-ARMORED-COMMAND-UNIT-AEON-ACU-800x661.jpg 800w, https:\/\/supcom.standardof.net\/wp-content\/uploads\/sites\/8\/2020\/11\/Supreme-Commander-ARMORED-COMMAND-UNIT-AEON-ACU-512x423.jpg 512w, https:\/\/supcom.standardof.net\/wp-content\/uploads\/sites\/8\/2020\/11\/Supreme-Commander-ARMORED-COMMAND-UNIT-AEON-ACU-200x165.jpg 200w, https:\/\/supcom.standardof.net\/wp-content\/uploads\/sites\/8\/2020\/11\/Supreme-Commander-ARMORED-COMMAND-UNIT-AEON-ACU-768x634.jpg 768w, https:\/\/supcom.standardof.net\/wp-content\/uploads\/sites\/8\/2020\/11\/Supreme-Commander-ARMORED-COMMAND-UNIT-AEON-ACU-16x12.jpg 16w, https:\/\/supcom.standardof.net\/wp-content\/uploads\/sites\/8\/2020\/11\/Supreme-Commander-ARMORED-COMMAND-UNIT-AEON-ACU.jpg 861w\" sizes=\"(max-width: 800px) 100vw, 800px\" \/><\/a><figcaption> AEON ACU<\/figcaption><\/figure><\/div>\n\n\n\n<section class=\"wp-block-uagb-columns uagb-columns__wrap uagb-columns__background-undefined uagb-columns__stack-mobile uagb-columns__valign-undefined uagb-columns__gap-10 alignundefined uagb-block-6cd55173\"><div class=\"uagb-columns__overlay\"><\/div><div class=\"uagb-columns__inner-wrap uagb-columns__columns-2\">\n<div class=\"wp-block-uagb-column uagb-column__wrap uagb-column__background-undefined uagb-block-ca4eff4d\"><div class=\"uagb-column__overlay\"><\/div><div class=\"uagb-column__inner-wrap\">\n<h3 class=\"wp-block-heading\">Statistiky ACU<\/h3>\n\n\n\n<p>Brn\u011bn\u00ed: 11000 hp (rychlost regenerace: 10, typ brn\u011bn\u00ed: Velitel)<br>Schopnosti: P\u0159izp\u016fsobiteln\u00e9 atd.<br>Cena: M18000 (+1, \u00falo\u017ei\u0161t\u011b: 400), E5000000 (+10, \u00falo\u017ei\u0161t\u011b: 2500), T60000,<br>     rychlost sestaven\u00ed: 10<br>Intel:<br>     pohled: 26 (508 m)<br>     v\u00edce: 26 (508 m)<br>Fyzika: maxim\u00e1ln\u00ed rychlost: 1,7 (33,2 m \/ s), rychlost ot\u00e1\u010den\u00ed: 90<br>P\u0159epravn\u00ed t\u0159\u00edda: 3<br>Veterancy: 100, 200, 500, 1000, 2000 zabit\u00ed<br>     \u00farove\u0148 veter\u00e1n\u016f 2: +2750 hp<br>     \u00farove\u0148 veter\u00e1n\u016f 4: +2750 hp<br>     \u00farove\u0148 veter\u00e1n\u016f 5: oprava 20 hp \/ s<\/p>\n<\/div><\/div>\n\n\n\n<div class=\"wp-block-uagb-column uagb-column__wrap uagb-column__background-undefined uagb-block-88d9abaa\"><div class=\"uagb-column__overlay\"><\/div><div class=\"uagb-column__inner-wrap\">\n<h3 class=\"wp-block-heading\">Zbran\u011b ACU<\/h3>\n\n\n\n<p>Kvantov\u00fd disruptor (p\u0159\u00edm\u00e1 palba):<br>     110,00 dps<br>dosah: 2 (39,1 m) - 22 (430 m)<br>paprskov\u00e1 zbra\u0148: po\u0161kozen\u00ed 110<br>rychlost st\u0159elby: 1 (ka\u017ed\u00e9 1 s)<br>\u00farove\u0148 veter\u00e1n\u016f 1: +28 po\u0161kozen\u00ed, \u00farove\u0148 veter\u00e1n\u016f 3: +28 po\u0161kozen\u00ed<\/p>\n\n\n\n<p>P\u0159eb\u00edjen\u00ed d\u011bla (p\u0159\u00edm\u00e1 palba):<br>     52500,00 dps<br>plocha: 2 (39,1 m)<br>dosah: 10 (195 m)<br>st\u0159eln\u00e1 zbra\u0148: po\u0161kozen\u00ed 70000<br>rychlost st\u0159elby: 3 (ka\u017ed\u00fdch 0,33 s), po\u017eadovan\u00e1 energie: 3000 (-3000)<\/p>\n\n\n\n<p>Death Nuke (p\u0159\u00edm\u00e1 palba):<br>po\u0161kozen\u00ed vnit\u0159n\u00edho krou\u017eku: 3500<br>polom\u011br vnit\u0159n\u00edho kruhu: 30 (586 m<br>po\u0161kozen\u00ed vn\u011bj\u0161\u00edho krou\u017eku: 500<br>polom\u011br vn\u011bj\u0161\u00edho prstence: 40 (781 m)<\/p>\n<\/div><\/div>\n<\/div><\/section>\n<\/div><\/div>\n<\/div><\/section>\n\n\n\n<section class=\"wp-block-uagb-columns uagb-columns__wrap uagb-columns__background-undefined uagb-columns__stack-mobile uagb-columns__valign-undefined uagb-columns__gap-10 alignundefined uagb-block-88c7d4e3\"><div class=\"uagb-columns__overlay\"><\/div><div class=\"uagb-columns__inner-wrap uagb-columns__columns-1\">\n<div class=\"wp-block-uagb-column uagb-column__wrap uagb-column__background-undefined uagb-block-a3628b4e\"><div class=\"uagb-column__overlay\"><\/div><div class=\"uagb-column__inner-wrap\">\t\t\t\t<div class=\"wp-block-uagb-table-of-contents uagb-toc__align-left uagb-toc__columns-1  uagb-block-89cfdc08\"\n\t\t\t\t\tdata-scroll= \"1\"\n\t\t\t\t\tdata-offset= \"30\"\n\t\t\t\t\tstyle=\"\"\n\t\t\t\t>\n\t\t\t\t<div class=\"uagb-toc__wrap\">\n\t\t\t\t\t\t<div class=\"uagb-toc__title\">\n\t\t\t\t\t\t\tAktualizace Aeon ACU\t\t\t\t\t\t<\/div>\n\t\t\t\t\t\t\t\t\t\t\t\t\t\t\t\t<div class=\"uagb-toc__list-wrap\">\n\t\t\t\t\t\t<ol class=\"uagb-toc__list\"><li class=\"uagb-toc__list\"><a href=\"#right-arm\" class=\"uagb-toc-link__trigger\">PRAV\u00c1 RUKA<\/a><ul class=\"uagb-toc__list\"><li class=\"uagb-toc__list\"><a href=\"#enhanced-sensor-system\" class=\"uagb-toc-link__trigger\">Vylep\u0161en\u00fd syst\u00e9m senzor\u016f<\/a><li class=\"uagb-toc__list\"><li class=\"uagb-toc__list\"><a href=\"#heat-sink-augmentation\" class=\"uagb-toc-link__trigger\">Roz\u0161\u00ed\u0159en\u00ed chladi\u010de<\/a><\/li><\/ul><\/li><li class=\"uagb-toc__list\"><a href=\"#back\" class=\"uagb-toc-link__trigger\">ZADN\u00cd<\/a><ul class=\"uagb-toc__list\"><li class=\"uagb-toc__list\"><a href=\"#personal-shield-generator\" class=\"uagb-toc-link__trigger\">Gener\u00e1tor osobn\u00edho \u0161t\u00edtu<\/a><li class=\"uagb-toc__list\"><li class=\"uagb-toc__list\"><a href=\"#heavy-personal-shield-generator\" class=\"uagb-toc-link__trigger\">Gener\u00e1tor t\u011b\u017ek\u00e9ho osobn\u00edho \u0161t\u00edtu<\/a><li class=\"uagb-toc__list\"><li class=\"uagb-toc__list\"><a href=\"#personal-teleporter\" class=\"uagb-toc-link__trigger\">Osobn\u00ed teleport\u00e9r<\/a><li class=\"uagb-toc__list\"><li class=\"uagb-toc__list\"><a href=\"#resource-allocation-system\" class=\"uagb-toc-link__trigger\">Syst\u00e9m p\u0159id\u011blov\u00e1n\u00ed zdroj\u016f<\/a><li class=\"uagb-toc__list\"><li class=\"uagb-toc__list\"><a href=\"#advanced-resource-allocation-system\" class=\"uagb-toc-link__trigger\">Pokro\u010dil\u00fd syst\u00e9m p\u0159id\u011blov\u00e1n\u00ed zdroj\u016f<\/a><li class=\"uagb-toc__list\"><li class=\"uagb-toc__list\"><a href=\"#chrono-dampener\" class=\"uagb-toc-link__trigger\">Chrono tlumi\u010d<\/a><\/li><\/ul><\/li><\/ul><\/li><li class=\"uagb-toc__list\"><a href=\"#left-arm\" class=\"uagb-toc-link__trigger\">LEV\u00c1 RUKA<\/a><ul class=\"uagb-toc__list\"><li class=\"uagb-toc__list\"><a href=\"#crysalis-beam-augmentation\" class=\"uagb-toc-link__trigger\">Crysalis Beam Augmentation<\/a><li class=\"uagb-toc__list\"><li class=\"uagb-toc__list\"><a href=\"#tech-2-engineering-suite\" class=\"uagb-toc-link__trigger\">Tech 2 Engineering Suite<\/a><li class=\"uagb-toc__list\"><li class=\"uagb-toc__list\"><a href=\"#tech-3-engineering-suite\" class=\"uagb-toc-link__trigger\">Tech 3 Engineering Suite<\/a><\/ul><\/ul><\/ul><\/ol>\t\t\t\t\t<\/div>\n\t\t\t\t\t\t\t\t\t<\/div>\n\t\t\t\t<\/div>\n\t\t\t<\/div><\/div>\n<\/div><\/section>\n\n\n\n<section class=\"wp-block-uagb-columns uagb-columns__wrap uagb-columns__background-undefined uagb-columns__stack-mobile uagb-columns__valign-undefined uagb-columns__gap-10 alignundefined uagb-block-cf329bb2\"><div class=\"uagb-columns__overlay\"><\/div><div class=\"uagb-columns__inner-wrap uagb-columns__columns-1\">\n<div class=\"wp-block-uagb-column uagb-column__wrap uagb-column__background-undefined uagb-block-7c592c17\"><div class=\"uagb-column__overlay\"><\/div><div class=\"uagb-column__inner-wrap\">\n<h4 class=\"wp-block-heading\">PRAV\u00c1 RUKA<\/h4>\n\n\n\n<section class=\"wp-block-uagb-columns uagb-columns__wrap uagb-columns__background-undefined uagb-columns__stack-mobile uagb-columns__valign-undefined uagb-columns__gap-10 alignundefined uagb-block-b95dadf1\"><div class=\"uagb-columns__overlay\"><\/div><div class=\"uagb-columns__inner-wrap uagb-columns__columns-1\">\n<div class=\"wp-block-uagb-column uagb-column__wrap uagb-column__background-undefined uagb-block-756fd713\"><div class=\"uagb-column__overlay\"><\/div><div class=\"uagb-column__inner-wrap\">\n<h5 class=\"wp-block-heading\">Vylep\u0161en\u00fd syst\u00e9m senzor\u016f<\/h5>\n\n\n\n<p>Zvy\u0161uje dosah zraku na 32 a rozsah v\u0161eho na 72.<\/p>\n\n\n\n<p>Cena: M1500, E31250, T1250<\/p>\n<\/div><\/div>\n<\/div><\/section>\n\n\n\n<section class=\"wp-block-uagb-columns uagb-columns__wrap uagb-columns__background-undefined uagb-columns__stack-mobile uagb-columns__valign-undefined uagb-columns__gap-10 alignundefined uagb-block-87cd7e34\"><div class=\"uagb-columns__overlay\"><\/div><div class=\"uagb-columns__inner-wrap uagb-columns__columns-1\">\n<div class=\"wp-block-uagb-column uagb-column__wrap uagb-column__background-undefined uagb-block-dbdb6ea6\"><div class=\"uagb-column__overlay\"><\/div><div class=\"uagb-column__inner-wrap\">\n<h5 class=\"wp-block-heading\">Roz\u0161\u00ed\u0159en\u00ed chladi\u010de<\/h5>\n\n\n\n<p>Umo\u017e\u0148uje hlavn\u00ed zbra\u0148 vyst\u0159elit 7kr\u00e1t rychleji.<\/p>\n\n\n\n<p>Cena: M4500, E112500, T1500<\/p>\n<\/div><\/div>\n<\/div><\/section>\n<\/div><\/div>\n<\/div><\/section>\n\n\n\n<section class=\"wp-block-uagb-columns uagb-columns__wrap uagb-columns__background-undefined uagb-columns__stack-mobile uagb-columns__valign-undefined uagb-columns__gap-10 alignundefined uagb-block-5d2fa79a\"><div class=\"uagb-columns__overlay\"><\/div><div class=\"uagb-columns__inner-wrap uagb-columns__columns-1\">\n<div class=\"wp-block-uagb-column uagb-column__wrap uagb-column__background-undefined uagb-block-95e68d09\"><div class=\"uagb-column__overlay\"><\/div><div class=\"uagb-column__inner-wrap\">\n<h4 class=\"wp-block-heading\">ZADN\u00cd<\/h4>\n\n\n\n<section class=\"wp-block-uagb-columns uagb-columns__wrap uagb-columns__background-undefined uagb-columns__stack-mobile uagb-columns__valign-undefined uagb-columns__gap-10 alignundefined uagb-block-c4b1b83c\"><div class=\"uagb-columns__overlay\"><\/div><div class=\"uagb-columns__inner-wrap uagb-columns__columns-1\">\n<div class=\"wp-block-uagb-column uagb-column__wrap uagb-column__background-undefined uagb-block-1d6ab960\"><div class=\"uagb-column__overlay\"><\/div><div class=\"uagb-column__inner-wrap\">\n<h5 class=\"wp-block-heading\">Gener\u00e1tor osobn\u00edho \u0161t\u00edtu<\/h5>\n\n\n\n<p>D\u00e1v\u00e1 ACU \u0161t\u00edt kolem sebe.<\/p>\n\n\n\n<p>Cena: M1500, E93750 (-300), T1250<br>\u0160t\u00edt: 29000 hp<br>(rychlost regenerace: 223, \u010das zah\u00e1jen\u00ed regenerace: 30, doba dobit\u00ed: 160)<\/p>\n<\/div><\/div>\n<\/div><\/section>\n\n\n\n<section class=\"wp-block-uagb-columns uagb-columns__wrap uagb-columns__background-undefined uagb-columns__stack-mobile uagb-columns__valign-undefined uagb-columns__gap-10 alignundefined uagb-block-2bb2337d\"><div class=\"uagb-columns__overlay\"><\/div><div class=\"uagb-columns__inner-wrap uagb-columns__columns-1\">\n<div class=\"wp-block-uagb-column uagb-column__wrap uagb-column__background-undefined uagb-block-50c6a03e\"><div class=\"uagb-column__overlay\"><\/div><div class=\"uagb-column__inner-wrap\">\n<h5 class=\"wp-block-heading\">Gener\u00e1tor t\u011b\u017ek\u00e9ho osobn\u00edho \u0161t\u00edtu<\/h5>\n\n\n\n<p>Poskytuje ACU siln\u011bj\u0161\u00ed \u0161t\u00edt kolem sebe.<\/p>\n\n\n\n<p>Vy\u017eaduje gener\u00e1tor osobn\u00edho \u0161t\u00edtu<br>Cena: M4500, E1000000 (-300), T2500<br>\u0160t\u00edt: 44000 hp<br>(rychlost regenerace: 270, \u010das zah\u00e1jen\u00ed regenerace: 37, doba dobit\u00ed: 200)<\/p>\n<\/div><\/div>\n<\/div><\/section>\n\n\n\n<section class=\"wp-block-uagb-columns uagb-columns__wrap uagb-columns__background-undefined uagb-columns__stack-mobile uagb-columns__valign-undefined uagb-columns__gap-10 alignundefined uagb-block-985be24e\"><div class=\"uagb-columns__overlay\"><\/div><div class=\"uagb-columns__inner-wrap uagb-columns__columns-1\">\n<div class=\"wp-block-uagb-column uagb-column__wrap uagb-column__background-undefined uagb-block-db025b3c\"><div class=\"uagb-column__overlay\"><\/div><div class=\"uagb-column__inner-wrap\">\n<h5 class=\"wp-block-heading\">Osobn\u00ed teleport\u00e9r<\/h5>\n\n\n\n<p>Umo\u017e\u0148uje teleportaci kamkoli na map\u011b.<\/p>\n\n\n\n<p>Cena: M60000, E3000000, T6000<br>Cena za aktivaci: E (-20000), T60<\/p>\n<\/div><\/div>\n<\/div><\/section>\n\n\n\n<section class=\"wp-block-uagb-columns uagb-columns__wrap uagb-columns__background-undefined uagb-columns__stack-mobile uagb-columns__valign-undefined uagb-columns__gap-10 alignundefined uagb-block-6ca54c76\"><div class=\"uagb-columns__overlay\"><\/div><div class=\"uagb-columns__inner-wrap uagb-columns__columns-1\">\n<div class=\"wp-block-uagb-column uagb-column__wrap uagb-column__background-undefined uagb-block-605757eb\"><div class=\"uagb-column__overlay\"><\/div><div class=\"uagb-column__inner-wrap\">\n<h5 class=\"wp-block-heading\">Syst\u00e9m p\u0159id\u011blov\u00e1n\u00ed zdroj\u016f<\/h5>\n\n\n\n<p>Produkuje dal\u0161\u00ed zdroje (viz \u201eCena\u201c).<\/p>\n\n\n\n<p>Cena: M6000 (+18), E300000 (+2700), T1500<\/p>\n<\/div><\/div>\n<\/div><\/section>\n\n\n\n<section class=\"wp-block-uagb-columns uagb-columns__wrap uagb-columns__background-undefined uagb-columns__stack-mobile uagb-columns__valign-undefined uagb-columns__gap-10 alignundefined uagb-block-74496f09\"><div class=\"uagb-columns__overlay\"><\/div><div class=\"uagb-columns__inner-wrap uagb-columns__columns-1\">\n<div class=\"wp-block-uagb-column uagb-column__wrap uagb-column__background-undefined uagb-block-f5a94bb2\"><div class=\"uagb-column__overlay\"><\/div><div class=\"uagb-column__inner-wrap\">\n<h5 class=\"wp-block-heading\">Pokro\u010dil\u00fd syst\u00e9m p\u0159id\u011blov\u00e1n\u00ed zdroj\u016f<\/h5>\n\n\n\n<p>Produkuje dvojn\u00e1sobn\u00e9 zdroje (viz \u201eCena\u201c).<\/p>\n\n\n\n<p>Vy\u017eaduje syst\u00e9m p\u0159id\u011blov\u00e1n\u00ed zdroj\u016f<br>Cena: M6000 (+36), E300000 (+5400), T1500<\/p>\n<\/div><\/div>\n<\/div><\/section>\n\n\n\n<section class=\"wp-block-uagb-columns uagb-columns__wrap uagb-columns__background-undefined uagb-columns__stack-mobile uagb-columns__valign-undefined uagb-columns__gap-10 alignundefined uagb-block-fa878eef\"><div class=\"uagb-columns__overlay\"><\/div><div class=\"uagb-columns__inner-wrap uagb-columns__columns-1\">\n<div class=\"wp-block-uagb-column uagb-column__wrap uagb-column__background-undefined uagb-block-88cc922d\"><div class=\"uagb-column__overlay\"><\/div><div class=\"uagb-column__inner-wrap\">\n<h5 class=\"wp-block-heading\">Chrono tlumi\u010d<\/h5>\n\n\n\n<p>P\u0159id\u00e1 ohromuj\u00edc\u00ed pole EMP kolem ACU.<\/p>\n\n\n\n<p>Cena: M1500, E31250, T1250<br>Chrono Dampener (Direct Fire): 0,10 dps, dosah: 10 (195m)<br>st\u0159eln\u00e1 zbra\u0148: 1 po\u0161kozen\u00ed, m\u016f\u017ee vyst\u0159elit z transportu<br>rychlost st\u0159elby: 0,1 (ka\u017ed\u00fdch 10 s), po\u017eadovan\u00e1 energie: (-200)<\/p>\n<\/div><\/div>\n<\/div><\/section>\n<\/div><\/div>\n<\/div><\/section>\n\n\n\n<section class=\"wp-block-uagb-columns uagb-columns__wrap uagb-columns__background-undefined uagb-columns__stack-mobile uagb-columns__valign-undefined uagb-columns__gap-10 alignundefined uagb-block-794d690f\"><div class=\"uagb-columns__overlay\"><\/div><div class=\"uagb-columns__inner-wrap uagb-columns__columns-1\">\n<div class=\"wp-block-uagb-column uagb-column__wrap uagb-column__background-undefined uagb-block-304eec1e\"><div class=\"uagb-column__overlay\"><\/div><div class=\"uagb-column__inner-wrap\">\n<h4 class=\"wp-block-heading\">LEV\u00c1 RUKA<\/h4>\n\n\n\n<section class=\"wp-block-uagb-columns uagb-columns__wrap uagb-columns__background-undefined uagb-columns__stack-mobile uagb-columns__valign-undefined uagb-columns__gap-10 alignundefined uagb-block-675d192b\"><div class=\"uagb-columns__overlay\"><\/div><div class=\"uagb-columns__inner-wrap uagb-columns__columns-1\">\n<div class=\"wp-block-uagb-column uagb-column__wrap uagb-column__background-undefined uagb-block-800ce4e8\"><div class=\"uagb-column__overlay\"><\/div><div class=\"uagb-column__inner-wrap\">\n<h5 class=\"wp-block-heading\">Crysalis Beam Augmentation<\/h5>\n\n\n\n<p>Zvy\u0161uje dost\u0159el hlavn\u00ed zbran\u011b z 22 na 30.<\/p>\n\n\n\n<p>Cena: M1500, E75000, T1000<\/p>\n<\/div><\/div>\n<\/div><\/section>\n\n\n\n<section class=\"wp-block-uagb-columns uagb-columns__wrap uagb-columns__background-undefined uagb-columns__stack-mobile uagb-columns__valign-undefined uagb-columns__gap-10 alignundefined uagb-block-0594c4d6\"><div class=\"uagb-columns__overlay\"><\/div><div class=\"uagb-columns__inner-wrap uagb-columns__columns-1\">\n<div class=\"wp-block-uagb-column uagb-column__wrap uagb-column__background-undefined uagb-block-1e76dc43\"><div class=\"uagb-column__overlay\"><\/div><div class=\"uagb-column__inner-wrap\">\n<h5 class=\"wp-block-heading\">Tech 2 Engineering Suite<\/h5>\n\n\n\n<p>Rychlost sestaven\u00ed zv\u00fd\u0161ena na 30.<\/p>\n\n\n\n<p>Cena: M2000, E50000, T2000<br>D\u00e1v\u00e1 ACU T1,2 stav\u011bt stromy.<\/p>\n<\/div><\/div>\n<\/div><\/section>\n\n\n\n<section class=\"wp-block-uagb-columns uagb-columns__wrap uagb-columns__background-undefined uagb-columns__stack-mobile uagb-columns__valign-undefined uagb-columns__gap-10 alignundefined uagb-block-ad81a236\"><div class=\"uagb-columns__overlay\"><\/div><div class=\"uagb-columns__inner-wrap uagb-columns__columns-1\">\n<div class=\"wp-block-uagb-column uagb-column__wrap uagb-column__background-undefined uagb-block-385f8b12\"><div class=\"uagb-column__overlay\"><\/div><div class=\"uagb-column__inner-wrap\">\n<h5 class=\"wp-block-heading\">Tech 3 Engineering Suite<\/h5>\n\n\n\n<p>Rychlost sestaven\u00ed zv\u00fd\u0161ena na 90.<\/p>\n\n\n\n<p>Cena: M6750, E900000, T2250<br>D\u00e1v\u00e1 ACU T3,4 stav\u011bt stromy.<\/p>\n<\/div><\/div>\n<\/div><\/section>\n\n\n\n<p><\/p>\n<\/div><\/div>\n<\/div><\/section>","protected":false},"excerpt":{"rendered":"<p>ARMORED COMMAND UNIT &#8211; AEON ACU Your Commander looks intimidating, but that&#8217;s just because he&#8217;s so versatile. Remember, if you&#8217;re in trouble, you can overcharge by pressing O. The ACU has a build speed of 10. ACU Stats Armor: 11000hp (regen rate: 10, armor type: Commander)Abilities: Customizable, etc.Cost: M18000 (+1, storage: 400), E5000000 (+10, storage: [&hellip;]<\/p>","protected":false},"author":1,"featured_media":0,"parent":503,"menu_order":0,"comment_status":"open","ping_status":"closed","template":"","meta":{"_uag_custom_page_level_css":"","site-sidebar-layout":"default","site-content-layout":"default","ast-site-content-layout":"","site-content-style":"default","site-sidebar-style":"default","ast-global-header-display":"","ast-banner-title-visibility":"","ast-main-header-display":"","ast-hfb-above-header-display":"","ast-hfb-below-header-display":"","ast-hfb-mobile-header-display":"","site-post-title":"","ast-breadcrumbs-content":"","ast-featured-img":"","footer-sml-layout":"","theme-transparent-header-meta":"default","adv-header-id-meta":"","stick-header-meta":"","header-above-stick-meta":"","header-main-stick-meta":"","header-below-stick-meta":"","astra-migrate-meta-layouts":"default","ast-page-background-enabled":"default","ast-page-background-meta":{"desktop":{"background-color":"","background-image":"","background-repeat":"repeat","background-position":"center center","background-size":"auto","background-attachment":"scroll","background-type":"","background-media":"","overlay-type":"","overlay-color":"","overlay-gradient":""},"tablet":{"background-color":"","background-image":"","background-repeat":"repeat","background-position":"center center","background-size":"auto","background-attachment":"scroll","background-type":"","background-media":"","overlay-type":"","overlay-color":"","overlay-gradient":""},"mobile":{"background-color":"","background-image":"","background-repeat":"repeat","background-position":"center center","background-size":"auto","background-attachment":"scroll","background-type":"","background-media":"","overlay-type":"","overlay-color":"","overlay-gradient":""}},"ast-content-background-meta":{"desktop":{"background-color":"var(--ast-global-color-5)","background-image":"","background-repeat":"repeat","background-position":"center center","background-size":"auto","background-attachment":"scroll","background-type":"","background-media":"","overlay-type":"","overlay-color":"","overlay-gradient":""},"tablet":{"background-color":"var(--ast-global-color-5)","background-image":"","background-repeat":"repeat","background-position":"center center","background-size":"auto","background-attachment":"scroll","background-type":"","background-media":"","overlay-type":"","overlay-color":"","overlay-gradient":""},"mobile":{"background-color":"var(--ast-global-color-5)","background-image":"","background-repeat":"repeat","background-position":"center center","background-size":"auto","background-attachment":"scroll","background-type":"","background-media":"","overlay-type":"","overlay-color":"","overlay-gradient":""}},"footnotes":""},"uagb_featured_image_src":{"full":false,"thumbnail":false,"medium":false,"medium_large":false,"large":false,"1536x1536":false,"2048x2048":false,"trp-custom-language-flag":false},"uagb_author_info":{"display_name":"SOE","author_link":"https:\/\/supcom.standardof.net\/cs\/author\/k-tastic\/"},"uagb_comment_info":0,"uagb_excerpt":"ARMORED COMMAND UNIT &#8211; AEON ACU Your Commander looks intimidating, but that&#8217;s just because he&#8217;s so versatile. Remember, if you&#8217;re in trouble, you can overcharge by pressing O. The ACU has a build speed of 10. ACU Stats Armor: 11000hp (regen rate: 10, armor type: Commander)Abilities: Customizable, etc.Cost: M18000 (+1, storage: 400), E5000000 (+10, storage:&hellip;","_links":{"self":[{"href":"https:\/\/supcom.standardof.net\/cs\/wp-json\/wp\/v2\/pages\/706"}],"collection":[{"href":"https:\/\/supcom.standardof.net\/cs\/wp-json\/wp\/v2\/pages"}],"about":[{"href":"https:\/\/supcom.standardof.net\/cs\/wp-json\/wp\/v2\/types\/page"}],"author":[{"embeddable":true,"href":"https:\/\/supcom.standardof.net\/cs\/wp-json\/wp\/v2\/users\/1"}],"replies":[{"embeddable":true,"href":"https:\/\/supcom.standardof.net\/cs\/wp-json\/wp\/v2\/comments?post=706"}],"version-history":[{"count":0,"href":"https:\/\/supcom.standardof.net\/cs\/wp-json\/wp\/v2\/pages\/706\/revisions"}],"up":[{"embeddable":true,"href":"https:\/\/supcom.standardof.net\/cs\/wp-json\/wp\/v2\/pages\/503"}],"wp:attachment":[{"href":"https:\/\/supcom.standardof.net\/cs\/wp-json\/wp\/v2\/media?parent=706"}],"curies":[{"name":"wp","href":"https:\/\/api.w.org\/{rel}","templated":true}]}}