{"id":708,"date":"2020-11-03T02:22:52","date_gmt":"2020-11-03T07:22:52","guid":{"rendered":"https:\/\/supcom.standardof.net\/?page_id=708"},"modified":"2020-11-04T22:14:49","modified_gmt":"2020-11-05T03:14:49","slug":"aeon-subcommander","status":"publish","type":"page","link":"https:\/\/supcom.standardof.net\/cs\/supreme-commander\/aeon-2\/aeon-subcommander-2\/","title":{"rendered":"Subkomand\u00e9r AEON"},"content":{"rendered":"<section class=\"wp-block-uagb-columns uagb-columns__wrap uagb-columns__background-undefined uagb-columns__stack-mobile uagb-columns__valign-undefined uagb-columns__gap-10 alignundefined uagb-block-1fe0a5dc\"><div class=\"uagb-columns__overlay\"><\/div><div class=\"uagb-columns__inner-wrap uagb-columns__columns-1\">\n<div class=\"wp-block-uagb-column uagb-column__wrap uagb-column__background-undefined uagb-block-fd95af43\"><div class=\"uagb-column__overlay\"><\/div><div class=\"uagb-column__inner-wrap\">\n<h2 class=\"wp-block-heading\"><strong>PODPOROVAT P\u0158\u00cdKAZOVOU JEDNOTKU<\/strong> - AEON SCU <\/h2>\n\n\n\n<p>Aeon Subcommanders jsou extr\u00e9mn\u011b drah\u00e9, ale vynahrad\u00ed to t\u00edm, \u017ee jsou velmi v\u00fdkonn\u00e9 bojov\u00e9 jednotky a tak\u00e9 skv\u011bl\u00ed stavitel\u00e9 - mnohem lep\u0161\u00ed ne\u017e v\u00e1\u0161 velitel, i kdy\u017e se neobt\u011b\u017eujete je upgradovat.<\/p>\n\n\n\n<p>D\u00edl\u010d\u00ed velitel m\u00e1 rychlost sestaven\u00ed 30.<\/p>\n\n\n\n<div class=\"wp-block-image\"><figure class=\"aligncenter size-large\"><a href=\"https:\/\/supcom.standardof.net\/cs\/supreme-commander\/aeon-2\/aeon-subcommander-2\/supreme-commander-support-command-unit-aeon-scu\/\"><img decoding=\"async\" width=\"800\" height=\"656\" src=\"https:\/\/supcom.standardof.net\/wp-content\/uploads\/sites\/8\/2020\/11\/Supreme-Commander-SUPPORT-COMMAND-UNIT-AEON-SCU--800x656.jpg\" alt=\"Velitelsk\u00e1 jednotka podpory Aeon ve vrchn\u00edm veliteli.\" class=\"wp-image-1042\" srcset=\"https:\/\/supcom.standardof.net\/wp-content\/uploads\/sites\/8\/2020\/11\/Supreme-Commander-SUPPORT-COMMAND-UNIT-AEON-SCU--800x656.jpg 800w, https:\/\/supcom.standardof.net\/wp-content\/uploads\/sites\/8\/2020\/11\/Supreme-Commander-SUPPORT-COMMAND-UNIT-AEON-SCU--512x420.jpg 512w, https:\/\/supcom.standardof.net\/wp-content\/uploads\/sites\/8\/2020\/11\/Supreme-Commander-SUPPORT-COMMAND-UNIT-AEON-SCU--200x164.jpg 200w, https:\/\/supcom.standardof.net\/wp-content\/uploads\/sites\/8\/2020\/11\/Supreme-Commander-SUPPORT-COMMAND-UNIT-AEON-SCU--768x630.jpg 768w, https:\/\/supcom.standardof.net\/wp-content\/uploads\/sites\/8\/2020\/11\/Supreme-Commander-SUPPORT-COMMAND-UNIT-AEON-SCU--16x12.jpg 16w, https:\/\/supcom.standardof.net\/wp-content\/uploads\/sites\/8\/2020\/11\/Supreme-Commander-SUPPORT-COMMAND-UNIT-AEON-SCU-.jpg 951w\" sizes=\"(max-width: 800px) 100vw, 800px\" \/><\/a><figcaption>AEON SCU <\/figcaption><\/figure><\/div>\n\n\n\n<section class=\"wp-block-uagb-columns uagb-columns__wrap uagb-columns__background-undefined uagb-columns__stack-mobile uagb-columns__valign-undefined uagb-columns__gap-10 alignundefined uagb-block-210b2ea9\"><div class=\"uagb-columns__overlay\"><\/div><div class=\"uagb-columns__inner-wrap uagb-columns__columns-2\">\n<div class=\"wp-block-uagb-column uagb-column__wrap uagb-column__background-undefined uagb-block-2460d84a\"><div class=\"uagb-column__overlay\"><\/div><div class=\"uagb-column__inner-wrap\">\n<h3 class=\"wp-block-heading\">Statistiky SCU<\/h3>\n\n\n\n<p>Brn\u011bn\u00ed: 25 000 hp (regenera\u010dn\u00ed rychlost: 10)<br>Schopnosti: P\u0159izp\u016fsobiteln\u00e9, Omni Sensor, Engineering Suite, Explodes on Death,<br>Nelze z\u00edskat zp\u011bt<br>Cena: M5200 (+2, \u00falo\u017ei\u0161t\u011b: 50), E60000 (+20, \u00falo\u017ei\u0161t\u011b: 250), T6000, rychlost sestaven\u00ed: 30<br>Intel: pohled: 26 (508 m), v\u00edce: 16 (313 m)<br>Fyzika: maxim\u00e1ln\u00ed rychlost: 2,2 (43,0 m \/ s), rychlost ot\u00e1\u010den\u00ed: 146<br>P\u0159epravn\u00ed t\u0159\u00edda: 3<br>Veterancy: 100, 200, 500, 1000, 2000 zabit\u00ed<br>\u00farove\u0148 veter\u00e1n\u016f 2: +6250 hp,<br>\u00farove\u0148 veter\u00e1n\u016f 4: +6250 hp,<br>\u00farove\u0148 veter\u00e1n\u016f 5: oprava 20 hp \/ s<\/p>\n<\/div><\/div>\n\n\n\n<div class=\"wp-block-uagb-column uagb-column__wrap uagb-column__background-undefined uagb-block-4bf35afc\"><div class=\"uagb-column__overlay\"><\/div><div class=\"uagb-column__inner-wrap\">\n<h2 class=\"wp-block-heading\">Zbran\u011b SCU<\/h2>\n\n\n\n<p>Reacton Cannon (p\u0159\u00edm\u00e1 palba): <br>750,00 dps, <br>dosah: 2 (39,1 m) - 22 (430 m)<br>st\u0159eln\u00e1 zbra\u0148: po\u0161kozen\u00ed 750<br>rychlost st\u0159elby: 1 (ka\u017ed\u00e9 1 s)<br>\u00farove\u0148 veter\u00e1n\u016f 1: +188 po\u0161kozen\u00ed, \u00farove\u0148 veter\u00e1n\u016f 3: +188 po\u0161kozen\u00ed<\/p>\n\n\n\n<p>Death Nuke (p\u0159\u00edm\u00e1 palba): <br>1000,00 dps<br>plocha: 10 (195m)<br>dosah: 1 (19,5 m)<br>st\u0159eln\u00e1 zbra\u0148: 1000 po\u0161kozen\u00ed<br>rychlost st\u0159elby: 1 (ka\u017ed\u00e9 1 s)<\/p>\n<\/div><\/div>\n<\/div><\/section>\n<\/div><\/div>\n<\/div><\/section>\n\n\n\n<section class=\"wp-block-uagb-columns uagb-columns__wrap uagb-columns__background-undefined uagb-columns__stack-mobile uagb-columns__valign-undefined uagb-columns__gap-10 alignundefined uagb-block-4e64bb5a\"><div class=\"uagb-columns__overlay\"><\/div><div class=\"uagb-columns__inner-wrap uagb-columns__columns-1\">\n<div class=\"wp-block-uagb-column uagb-column__wrap uagb-column__background-undefined uagb-block-871b5e74\"><div class=\"uagb-column__overlay\"><\/div><div class=\"uagb-column__inner-wrap\">\t\t\t\t<div class=\"wp-block-uagb-table-of-contents uagb-toc__align-left uagb-toc__columns-1  uagb-block-b6caa407\"\n\t\t\t\t\tdata-scroll= \"1\"\n\t\t\t\t\tdata-offset= \"30\"\n\t\t\t\t\tstyle=\"\"\n\t\t\t\t>\n\t\t\t\t<div class=\"uagb-toc__wrap\">\n\t\t\t\t\t\t<div class=\"uagb-toc__title\">\n\t\t\t\t\t\t\tAktualizace Aeon SCU\t\t\t\t\t\t<\/div>\n\t\t\t\t\t\t\t\t\t\t\t\t\t\t\t\t<div class=\"uagb-toc__list-wrap\">\n\t\t\t\t\t\t<ol class=\"uagb-toc__list\"><li class=\"uagb-toc__list\"><a href=\"#right-arm\" class=\"uagb-toc-link__trigger\">PRAV\u00c1 RUKA<\/a><ul class=\"uagb-toc__list\"><li class=\"uagb-toc__list\"><a href=\"#stability-suppressant\" class=\"uagb-toc-link__trigger\">Potla\u010duj\u00edc\u00ed stabilitu<\/a><li class=\"uagb-toc__list\"><li class=\"uagb-toc__list\"><a href=\"#resource-allocation-system\" class=\"uagb-toc-link__trigger\">Syst\u00e9m p\u0159id\u011blov\u00e1n\u00ed zdroj\u016f<\/a><\/li><\/ul><\/li><li class=\"uagb-toc__list\"><a href=\"#back\" class=\"uagb-toc-link__trigger\">ZADN\u00cd<\/a><ul class=\"uagb-toc__list\"><li class=\"uagb-toc__list\"><a href=\"#personal-shield-generator\" class=\"uagb-toc-link__trigger\">Gener\u00e1tor osobn\u00edho \u0161t\u00edtu<\/a><li class=\"uagb-toc__list\"><li class=\"uagb-toc__list\"><a href=\"#heavy-personal-shield-generator\" class=\"uagb-toc-link__trigger\">Gener\u00e1tor t\u011b\u017ek\u00e9ho osobn\u00edho \u0161t\u00edtu<\/a><li class=\"uagb-toc__list\"><li class=\"uagb-toc__list\"><a href=\"#personal-teleporter\" class=\"uagb-toc-link__trigger\">Osobn\u00ed teleport\u00e9r<\/a><li class=\"uagb-toc__list\"><li class=\"uagb-toc__list\"><a href=\"#system-integrity-compensator\" class=\"uagb-toc-link__trigger\">Kompenz\u00e1tor integrity syst\u00e9mu<\/a><\/li><\/ul><\/li><\/ul><\/li><li class=\"uagb-toc__list\"><a href=\"#left-arm\" class=\"uagb-toc-link__trigger\">LEV\u00c1 RUKA<\/a><ul class=\"uagb-toc__list\"><li class=\"uagb-toc__list\"><a href=\"#engineering-focusing-module\" class=\"uagb-toc-link__trigger\">In\u017een\u00fdrsk\u00fd zaost\u0159ovac\u00ed modul<\/a><li class=\"uagb-toc__list\"><li class=\"uagb-toc__list\"><a href=\"#sacrificial-preparations\" class=\"uagb-toc-link__trigger\">Ob\u011btn\u00ed p\u0159\u00edpravy<\/a><\/ul><\/ul><\/ul><\/ol>\t\t\t\t\t<\/div>\n\t\t\t\t\t\t\t\t\t<\/div>\n\t\t\t\t<\/div>\n\t\t\t<\/div><\/div>\n<\/div><\/section>\n\n\n\n<section class=\"wp-block-uagb-columns uagb-columns__wrap uagb-columns__background-undefined uagb-columns__stack-mobile uagb-columns__valign-undefined uagb-columns__gap-10 alignundefined uagb-block-08f51fc1\"><div class=\"uagb-columns__overlay\"><\/div><div class=\"uagb-columns__inner-wrap uagb-columns__columns-1\">\n<div class=\"wp-block-uagb-column uagb-column__wrap uagb-column__background-undefined uagb-block-71aff68f\"><div class=\"uagb-column__overlay\"><\/div><div class=\"uagb-column__inner-wrap\">\n<h4 class=\"wp-block-heading\">PRAV\u00c1 RUKA<\/h4>\n\n\n\n<section class=\"wp-block-uagb-columns uagb-columns__wrap uagb-columns__background-undefined uagb-columns__stack-mobile uagb-columns__valign-undefined uagb-columns__gap-10 alignundefined uagb-block-02540652\"><div class=\"uagb-columns__overlay\"><\/div><div class=\"uagb-columns__inner-wrap uagb-columns__columns-1\">\n<div class=\"wp-block-uagb-column uagb-column__wrap uagb-column__background-undefined uagb-block-ae381dc6\"><div class=\"uagb-column__overlay\"><\/div><div class=\"uagb-column__inner-wrap\">\n<h5 class=\"wp-block-heading\">Potla\u010duj\u00edc\u00ed stabilitu<\/h5>\n\n\n\n<p>D\u00e1v\u00e1 hlavn\u00ed d\u011blo SCU polom\u011br s efektem oblasti 4.<\/p>\n\n\n\n<p>Cena: M2550, E600000, T4500<\/p>\n<\/div><\/div>\n<\/div><\/section>\n\n\n\n<section class=\"wp-block-uagb-columns uagb-columns__wrap uagb-columns__background-undefined uagb-columns__stack-mobile uagb-columns__valign-undefined uagb-columns__gap-10 alignundefined uagb-block-6e4d5e56\"><div class=\"uagb-columns__overlay\"><\/div><div class=\"uagb-columns__inner-wrap uagb-columns__columns-1\">\n<div class=\"wp-block-uagb-column uagb-column__wrap uagb-column__background-undefined uagb-block-54844651\"><div class=\"uagb-column__overlay\"><\/div><div class=\"uagb-column__inner-wrap\">\n<h5 class=\"wp-block-heading\">Syst\u00e9m p\u0159id\u011blov\u00e1n\u00ed zdroj\u016f<\/h5>\n\n\n\n<p>Produkuje dal\u0161\u00ed zdroje (viz v\u00fd\u0161e \u201eCena\u201c).<\/p>\n\n\n\n<p>Cena: M6000 (+18), E375000 (+2700), T9000<\/p>\n<\/div><\/div>\n<\/div><\/section>\n<\/div><\/div>\n<\/div><\/section>\n\n\n\n<section class=\"wp-block-uagb-columns uagb-columns__wrap uagb-columns__background-undefined uagb-columns__stack-mobile uagb-columns__valign-undefined uagb-columns__gap-10 alignundefined uagb-block-172e9f55\"><div class=\"uagb-columns__overlay\"><\/div><div class=\"uagb-columns__inner-wrap uagb-columns__columns-1\">\n<div class=\"wp-block-uagb-column uagb-column__wrap uagb-column__background-undefined uagb-block-af792547\"><div class=\"uagb-column__overlay\"><\/div><div class=\"uagb-column__inner-wrap\">\n<h4 class=\"wp-block-heading\">ZADN\u00cd<\/h4>\n\n\n\n<section class=\"wp-block-uagb-columns uagb-columns__wrap uagb-columns__background-undefined uagb-columns__stack-mobile uagb-columns__valign-undefined uagb-columns__gap-10 alignundefined uagb-block-dcc6f440\"><div class=\"uagb-columns__overlay\"><\/div><div class=\"uagb-columns__inner-wrap uagb-columns__columns-1\">\n<div class=\"wp-block-uagb-column uagb-column__wrap uagb-column__background-undefined uagb-block-1b4daeee\"><div class=\"uagb-column__overlay\"><\/div><div class=\"uagb-column__inner-wrap\">\n<h5 class=\"wp-block-heading\">Gener\u00e1tor osobn\u00edho \u0161t\u00edtu<\/h5>\n\n\n\n<p>D\u00e1v\u00e1 SCU kolem sebe \u0161t\u00edt.<\/p>\n\n\n\n<p>Cena: M1000, E93750 (-300), T3750<br>\u0160t\u00edt: 15000 hp<br>(rychlost regenerace: 115, \u010das zah\u00e1jen\u00ed regenerace: 60, doba dobit\u00ed: 190)<\/p>\n<\/div><\/div>\n<\/div><\/section>\n\n\n\n<section class=\"wp-block-uagb-columns uagb-columns__wrap uagb-columns__background-undefined uagb-columns__stack-mobile uagb-columns__valign-undefined uagb-columns__gap-10 alignundefined uagb-block-628a765a\"><div class=\"uagb-columns__overlay\"><\/div><div class=\"uagb-columns__inner-wrap uagb-columns__columns-1\">\n<div class=\"wp-block-uagb-column uagb-column__wrap uagb-column__background-undefined uagb-block-3d966352\"><div class=\"uagb-column__overlay\"><\/div><div class=\"uagb-column__inner-wrap\">\n<h5 class=\"wp-block-heading\">Gener\u00e1tor t\u011b\u017ek\u00e9ho osobn\u00edho \u0161t\u00edtu<\/h5>\n\n\n\n<p>D\u00e1v\u00e1 SCU kolem sebe v\u011bt\u0161\u00ed \u0161t\u00edt.<\/p>\n\n\n\n<p>Vy\u017eaduje gener\u00e1tor osobn\u00edho \u0161t\u00edtu<br>Cena: M1650, E600000 (-600), T4500<br>\u0160t\u00edt: 25000 hp<br>(rychlost regenerace: 152, \u010das zah\u00e1jen\u00ed regenerace: 75, doba nab\u00edjen\u00ed: 240)<\/p>\n<\/div><\/div>\n<\/div><\/section>\n\n\n\n<section class=\"wp-block-uagb-columns uagb-columns__wrap uagb-columns__background-undefined uagb-columns__stack-mobile uagb-columns__valign-undefined uagb-columns__gap-10 alignundefined uagb-block-2bc7e172\"><div class=\"uagb-columns__overlay\"><\/div><div class=\"uagb-columns__inner-wrap uagb-columns__columns-1\">\n<div class=\"wp-block-uagb-column uagb-column__wrap uagb-column__background-undefined uagb-block-388c2ebe\"><div class=\"uagb-column__overlay\"><\/div><div class=\"uagb-column__inner-wrap\">\n<h5 class=\"wp-block-heading\">Osobn\u00ed teleport\u00e9r<\/h5>\n\n\n\n<p>Umo\u017e\u0148uje teleportaci kamkoli na map\u011b.<\/p>\n\n\n\n<p>Cena: M60000, E6000000, T18000<br>N\u00e1klady na pou\u017eit\u00ed: E (-20000), T60<\/p>\n<\/div><\/div>\n<\/div><\/section>\n\n\n\n<section class=\"wp-block-uagb-columns uagb-columns__wrap uagb-columns__background-undefined uagb-columns__stack-mobile uagb-columns__valign-undefined uagb-columns__gap-10 alignundefined uagb-block-21c23f45\"><div class=\"uagb-columns__overlay\"><\/div><div class=\"uagb-columns__inner-wrap uagb-columns__columns-1\">\n<div class=\"wp-block-uagb-column uagb-column__wrap uagb-column__background-undefined uagb-block-b3afda76\"><div class=\"uagb-column__overlay\"><\/div><div class=\"uagb-column__inner-wrap\">\n<h5 class=\"wp-block-heading\">Kompenz\u00e1tor integrity syst\u00e9mu<\/h5>\n\n\n\n<p>Zvy\u0161uje rychlost regenerace na 350 hp \/ s.<\/p>\n\n\n\n<p>Cena: M1500, E112500, T4500<\/p>\n<\/div><\/div>\n<\/div><\/section>\n<\/div><\/div>\n<\/div><\/section>\n\n\n\n<section class=\"wp-block-uagb-columns uagb-columns__wrap uagb-columns__background-undefined uagb-columns__stack-mobile uagb-columns__valign-undefined uagb-columns__gap-10 alignundefined uagb-block-b5effbc2\"><div class=\"uagb-columns__overlay\"><\/div><div class=\"uagb-columns__inner-wrap uagb-columns__columns-1\">\n<div class=\"wp-block-uagb-column uagb-column__wrap uagb-column__background-undefined uagb-block-0d340958\"><div class=\"uagb-column__overlay\"><\/div><div class=\"uagb-column__inner-wrap\">\n<h4 class=\"wp-block-heading\">LEV\u00c1 RUKA<\/h4>\n\n\n\n<section class=\"wp-block-uagb-columns uagb-columns__wrap uagb-columns__background-undefined uagb-columns__stack-mobile uagb-columns__valign-undefined uagb-columns__gap-10 alignundefined uagb-block-486309bf\"><div class=\"uagb-columns__overlay\"><\/div><div class=\"uagb-columns__inner-wrap uagb-columns__columns-1\">\n<div class=\"wp-block-uagb-column uagb-column__wrap uagb-column__background-undefined uagb-block-519bbfee\"><div class=\"uagb-column__overlay\"><\/div><div class=\"uagb-column__inner-wrap\">\n<h5 class=\"wp-block-heading\">In\u017een\u00fdrsk\u00fd zaost\u0159ovac\u00ed modul<\/h5>\n\n\n\n<p>Zvy\u0161uje rychlost sestaven\u00ed na 60.<\/p>\n\n\n\n<p>Cena: M2100, E75000, T9000<\/p>\n<\/div><\/div>\n<\/div><\/section>\n\n\n\n<section class=\"wp-block-uagb-columns uagb-columns__wrap uagb-columns__background-undefined uagb-columns__stack-mobile uagb-columns__valign-undefined uagb-columns__gap-10 alignundefined uagb-block-c2bb6652\"><div class=\"uagb-columns__overlay\"><\/div><div class=\"uagb-columns__inner-wrap uagb-columns__columns-1\">\n<div class=\"wp-block-uagb-column uagb-column__wrap uagb-column__background-undefined uagb-block-8846c3e4\"><div class=\"uagb-column__overlay\"><\/div><div class=\"uagb-column__inner-wrap\">\n<h5 class=\"wp-block-heading\">Ob\u011btn\u00ed p\u0159\u00edpravy<\/h5>\n\n\n\n<p>Umo\u017e\u0148uje SCU ob\u011btovat se jako ostatn\u00ed in\u017een\u00fd\u0159i spole\u010dnosti Aeon.<\/p>\n\n\n\n<p>Cena: M300, E4500, T2250<br>Ob\u011b\u0165: M3000 (57.7%)<\/p>\n<\/div><\/div>\n<\/div><\/section>\n<\/div><\/div>\n<\/div><\/section>","protected":false},"excerpt":{"rendered":"<p>SUPPORT COMMAND UNIT &#8211; AEON SCU Aeon Subcommanders are extremely expensive, but make up for it by being very powerful fighting units as well as great builders &#8211; much better than your Commander even if you don&#8217;t bother to upgrade them. The subcommander has a build speed of 30. SCU Stats Armor: 25000hp (regen rate: [&hellip;]<\/p>","protected":false},"author":1,"featured_media":0,"parent":503,"menu_order":0,"comment_status":"open","ping_status":"closed","template":"","meta":{"_uag_custom_page_level_css":"","site-sidebar-layout":"default","site-content-layout":"default","ast-site-content-layout":"","site-content-style":"default","site-sidebar-style":"default","ast-global-header-display":"","ast-banner-title-visibility":"","ast-main-header-display":"","ast-hfb-above-header-display":"","ast-hfb-below-header-display":"","ast-hfb-mobile-header-display":"","site-post-title":"","ast-breadcrumbs-content":"","ast-featured-img":"","footer-sml-layout":"","theme-transparent-header-meta":"default","adv-header-id-meta":"","stick-header-meta":"","header-above-stick-meta":"","header-main-stick-meta":"","header-below-stick-meta":"","astra-migrate-meta-layouts":"default","ast-page-background-enabled":"default","ast-page-background-meta":{"desktop":{"background-color":"","background-image":"","background-repeat":"repeat","background-position":"center center","background-size":"auto","background-attachment":"scroll","background-type":"","background-media":"","overlay-type":"","overlay-color":"","overlay-gradient":""},"tablet":{"background-color":"","background-image":"","background-repeat":"repeat","background-position":"center center","background-size":"auto","background-attachment":"scroll","background-type":"","background-media":"","overlay-type":"","overlay-color":"","overlay-gradient":""},"mobile":{"background-color":"","background-image":"","background-repeat":"repeat","background-position":"center center","background-size":"auto","background-attachment":"scroll","background-type":"","background-media":"","overlay-type":"","overlay-color":"","overlay-gradient":""}},"ast-content-background-meta":{"desktop":{"background-color":"var(--ast-global-color-5)","background-image":"","background-repeat":"repeat","background-position":"center center","background-size":"auto","background-attachment":"scroll","background-type":"","background-media":"","overlay-type":"","overlay-color":"","overlay-gradient":""},"tablet":{"background-color":"var(--ast-global-color-5)","background-image":"","background-repeat":"repeat","background-position":"center center","background-size":"auto","background-attachment":"scroll","background-type":"","background-media":"","overlay-type":"","overlay-color":"","overlay-gradient":""},"mobile":{"background-color":"var(--ast-global-color-5)","background-image":"","background-repeat":"repeat","background-position":"center center","background-size":"auto","background-attachment":"scroll","background-type":"","background-media":"","overlay-type":"","overlay-color":"","overlay-gradient":""}},"footnotes":""},"uagb_featured_image_src":{"full":false,"thumbnail":false,"medium":false,"medium_large":false,"large":false,"1536x1536":false,"2048x2048":false,"trp-custom-language-flag":false},"uagb_author_info":{"display_name":"SOE","author_link":"https:\/\/supcom.standardof.net\/cs\/author\/k-tastic\/"},"uagb_comment_info":0,"uagb_excerpt":"SUPPORT COMMAND UNIT &#8211; AEON SCU Aeon Subcommanders are extremely expensive, but make up for it by being very powerful fighting units as well as great builders &#8211; much better than your Commander even if you don&#8217;t bother to upgrade them. The subcommander has a build speed of 30. SCU Stats Armor: 25000hp (regen rate:&hellip;","_links":{"self":[{"href":"https:\/\/supcom.standardof.net\/cs\/wp-json\/wp\/v2\/pages\/708"}],"collection":[{"href":"https:\/\/supcom.standardof.net\/cs\/wp-json\/wp\/v2\/pages"}],"about":[{"href":"https:\/\/supcom.standardof.net\/cs\/wp-json\/wp\/v2\/types\/page"}],"author":[{"embeddable":true,"href":"https:\/\/supcom.standardof.net\/cs\/wp-json\/wp\/v2\/users\/1"}],"replies":[{"embeddable":true,"href":"https:\/\/supcom.standardof.net\/cs\/wp-json\/wp\/v2\/comments?post=708"}],"version-history":[{"count":0,"href":"https:\/\/supcom.standardof.net\/cs\/wp-json\/wp\/v2\/pages\/708\/revisions"}],"up":[{"embeddable":true,"href":"https:\/\/supcom.standardof.net\/cs\/wp-json\/wp\/v2\/pages\/503"}],"wp:attachment":[{"href":"https:\/\/supcom.standardof.net\/cs\/wp-json\/wp\/v2\/media?parent=708"}],"curies":[{"name":"wp","href":"https:\/\/api.w.org\/{rel}","templated":true}]}}