{"id":723,"date":"2020-11-03T11:23:26","date_gmt":"2020-11-03T16:23:26","guid":{"rendered":"https:\/\/supcom.standardof.net\/?page_id=723"},"modified":"2020-11-05T00:42:14","modified_gmt":"2020-11-05T05:42:14","slug":"tech-2-aeon-economy-buildings","status":"publish","type":"page","link":"https:\/\/supcom.standardof.net\/cs\/supreme-commander\/aeon-2\/tech-2-aeon-ekonomika-budovy-2\/","title":{"rendered":"Tech 2 - Budovy Aeon Economy"},"content":{"rendered":"<div class=\"wp-block-uagb-table-of-contents uagb-toc__align-left uagb-toc__columns-1  uagb-block-3d514c23\"\n\t\t\t\t\tdata-scroll= \"1\"\n\t\t\t\t\tdata-offset= \"30\"\n\t\t\t\t\tstyle=\"\"\n\t\t\t\t>\n\t\t\t\t<div class=\"uagb-toc__wrap\">\n\t\t\t\t\t\t<div class=\"uagb-toc__title\">\n\t\t\t\t\t\t\tEkonomick\u00e9 budovy Aeon Tech 2:\t\t\t\t\t\t<\/div>\n\t\t\t\t\t\t\t\t\t\t\t\t\t\t\t\t<div class=\"uagb-toc__list-wrap\">\n\t\t\t\t\t\t<ol class=\"uagb-toc__list\"><li class=\"uagb-toc__list\"><a href=\"#tech-2-aeon-land-factory\" class=\"uagb-toc-link__trigger\">Tov\u00e1rna TECH 2 AEON LAND FACTORY<\/a><li class=\"uagb-toc__list\"><a href=\"#tech-2-aeon-air-factory\" class=\"uagb-toc-link__trigger\">TECH 2 AEON AIR FACTORY<\/a><li class=\"uagb-toc__list\"><a href=\"#tech-2-aeon-naval-factory\" class=\"uagb-toc-link__trigger\">TECH 2 AEON NAVAL FACTORY<\/a><li class=\"uagb-toc__list\"><a href=\"#tech-2-mass-extractor\" class=\"uagb-toc-link__trigger\">TECH 2 MASOV\u00dd EXTRAKTOR<\/a><li class=\"uagb-toc__list\"><a href=\"#tech-2-power-generator\" class=\"uagb-toc-link__trigger\">V\u00ddKONOV\u00dd GENER\u00c1TOR TECH 2<\/a><\/ol>\t\t\t\t\t<\/div>\n\t\t\t\t\t\t\t\t\t<\/div>\n\t\t\t\t<\/div>\n\t\t\t\n\n\n<section class=\"wp-block-uagb-columns uagb-columns__wrap uagb-columns__background-undefined uagb-columns__stack-mobile uagb-columns__valign-undefined uagb-columns__gap-10 alignundefined uagb-block-26c784dc\"><div class=\"uagb-columns__overlay\"><\/div><div class=\"uagb-columns__inner-wrap uagb-columns__columns-1\">\n<div class=\"wp-block-uagb-column uagb-column__wrap uagb-column__background-undefined uagb-block-3218db5b\"><div class=\"uagb-column__overlay\"><\/div><div class=\"uagb-column__inner-wrap\">\n<h2 class=\"wp-block-heading\">TECH 2 AEON <strong>TOV\u00c1RNA NA POZEMKY<\/strong><\/h2>\n\n\n\n<p>Na \u00farovni T2 nen\u00ed va\u0161e tov\u00e1rna zraniteln\u00e1 p\u0159ekvapiv\u00fdmi \u00fadery a je obvykle posledn\u00ed budovou, kter\u00e1 zem\u0159e. Je to st\u00e1le dvakr\u00e1t rychlej\u0161\u00ed ne\u017e v\u00e1\u0161 in\u017een\u00fdr na stejn\u00e9 \u00farovni.<\/p>\n\n\n\n<div class=\"wp-block-image\"><figure class=\"aligncenter size-large\"><a href=\"https:\/\/supcom.standardof.net\/cs\/supreme-commander\/aeon-2\/tech-2-aeon-ekonomika-budovy-2\/tech-2-aeon-land-factory-supreme-commander-aeon-tech-2-economy\/\"><img decoding=\"async\" width=\"800\" height=\"604\" src=\"https:\/\/supcom.standardof.net\/wp-content\/uploads\/sites\/8\/2020\/11\/TECH-2-AEON-LAND-FACTORY-Supreme-Commander-Aeon-Tech-2-Economy-800x604.jpg\" alt=\"T2 Land Factory, ekonomick\u00e1 budova Aeon Tech 2 ve vrchn\u00edm veliteli.\" class=\"wp-image-1119\" srcset=\"https:\/\/supcom.standardof.net\/wp-content\/uploads\/sites\/8\/2020\/11\/TECH-2-AEON-LAND-FACTORY-Supreme-Commander-Aeon-Tech-2-Economy-800x604.jpg 800w, https:\/\/supcom.standardof.net\/wp-content\/uploads\/sites\/8\/2020\/11\/TECH-2-AEON-LAND-FACTORY-Supreme-Commander-Aeon-Tech-2-Economy-512x387.jpg 512w, https:\/\/supcom.standardof.net\/wp-content\/uploads\/sites\/8\/2020\/11\/TECH-2-AEON-LAND-FACTORY-Supreme-Commander-Aeon-Tech-2-Economy-200x151.jpg 200w, https:\/\/supcom.standardof.net\/wp-content\/uploads\/sites\/8\/2020\/11\/TECH-2-AEON-LAND-FACTORY-Supreme-Commander-Aeon-Tech-2-Economy-768x580.jpg 768w, https:\/\/supcom.standardof.net\/wp-content\/uploads\/sites\/8\/2020\/11\/TECH-2-AEON-LAND-FACTORY-Supreme-Commander-Aeon-Tech-2-Economy-1536x1160.jpg 1536w, https:\/\/supcom.standardof.net\/wp-content\/uploads\/sites\/8\/2020\/11\/TECH-2-AEON-LAND-FACTORY-Supreme-Commander-Aeon-Tech-2-Economy-16x12.jpg 16w, https:\/\/supcom.standardof.net\/wp-content\/uploads\/sites\/8\/2020\/11\/TECH-2-AEON-LAND-FACTORY-Supreme-Commander-Aeon-Tech-2-Economy.jpg 1605w\" sizes=\"(max-width: 800px) 100vw, 800px\" \/><\/a><figcaption>T2 AEON LAND FACTORY<\/figcaption><\/figure><\/div>\n\n\n\n<section class=\"wp-block-uagb-columns uagb-columns__wrap uagb-columns__background-undefined uagb-columns__stack-mobile uagb-columns__valign-undefined uagb-columns__gap-10 alignundefined uagb-block-3bf80aab\"><div class=\"uagb-columns__overlay\"><\/div><div class=\"uagb-columns__inner-wrap uagb-columns__columns-2\">\n<div class=\"wp-block-uagb-column uagb-column__wrap uagb-column__background-undefined uagb-block-baa43ebd\"><div class=\"uagb-column__overlay\"><\/div><div class=\"uagb-column__inner-wrap\">\n<h3 class=\"wp-block-heading\">Statistiky T2 Land Factory<\/h3>\n\n\n\n<p>Brn\u011bn\u00ed: 8400 hp<br>Schopnosti: Upgradovateln\u00e9<br>Cena: M950 (\u00falo\u017ei\u0161t\u011b: 160), E7600 (\u00falo\u017ei\u0161t\u011b: 800), T1900, <br>rychlost sestaven\u00ed: 20<br>Intel: pohled: 20 (391 m)<br>Fyzika: velikost pro sousedstv\u00ed: 16<\/p>\n<\/div><\/div>\n\n\n\n<div class=\"wp-block-uagb-column uagb-column__wrap uagb-column__background-undefined uagb-block-1896699e\"><div class=\"uagb-column__overlay\"><\/div><div class=\"uagb-column__inner-wrap\"><\/div><\/div>\n<\/div><\/section>\n<\/div><\/div>\n<\/div><\/section>\n\n\n\n<section class=\"wp-block-uagb-columns uagb-columns__wrap uagb-columns__background-undefined uagb-columns__stack-mobile uagb-columns__valign-undefined uagb-columns__gap-10 alignundefined uagb-block-4bc9a3fe\"><div class=\"uagb-columns__overlay\"><\/div><div class=\"uagb-columns__inner-wrap uagb-columns__columns-1\">\n<div class=\"wp-block-uagb-column uagb-column__wrap uagb-column__background-undefined uagb-block-191e5346\"><div class=\"uagb-column__overlay\"><\/div><div class=\"uagb-column__inner-wrap\">\n<h2 class=\"wp-block-heading\">TECH 2 AEON <strong>TOV\u00c1RNA NA VZDUCH<\/strong><\/h2>\n\n\n\n<p>Upgrade tov\u00e1rny na vzduch T2 je pomalej\u0161\u00ed ne\u017e upgrade tov\u00e1rny na T2, tak\u017ee pokud je \u010das na vylep\u0161en\u00ed a chcete pouze in\u017een\u00fdry, ud\u011blejte to pozd\u011bji.<\/p>\n\n\n\n<div class=\"wp-block-image\"><figure class=\"aligncenter size-large\"><a href=\"https:\/\/supcom.standardof.net\/cs\/supreme-commander\/aeon-2\/tech-2-aeon-ekonomika-budovy-2\/tech-2-aeon-air-factory-supreme-commander-aeon-tech-2-economy\/\"><img decoding=\"async\" width=\"800\" height=\"643\" src=\"https:\/\/supcom.standardof.net\/wp-content\/uploads\/sites\/8\/2020\/11\/TECH-2-AEON-AIR-FACTORY-Supreme-Commander-Aeon-Tech-2-Economy-800x643.jpg\" alt=\"T2 Air Factory, budova ekonomiky Aeon Tech 2 ve vrchn\u00edm veliteli.\" class=\"wp-image-1118\" srcset=\"https:\/\/supcom.standardof.net\/wp-content\/uploads\/sites\/8\/2020\/11\/TECH-2-AEON-AIR-FACTORY-Supreme-Commander-Aeon-Tech-2-Economy-800x643.jpg 800w, https:\/\/supcom.standardof.net\/wp-content\/uploads\/sites\/8\/2020\/11\/TECH-2-AEON-AIR-FACTORY-Supreme-Commander-Aeon-Tech-2-Economy-512x412.jpg 512w, https:\/\/supcom.standardof.net\/wp-content\/uploads\/sites\/8\/2020\/11\/TECH-2-AEON-AIR-FACTORY-Supreme-Commander-Aeon-Tech-2-Economy-200x161.jpg 200w, https:\/\/supcom.standardof.net\/wp-content\/uploads\/sites\/8\/2020\/11\/TECH-2-AEON-AIR-FACTORY-Supreme-Commander-Aeon-Tech-2-Economy-768x618.jpg 768w, https:\/\/supcom.standardof.net\/wp-content\/uploads\/sites\/8\/2020\/11\/TECH-2-AEON-AIR-FACTORY-Supreme-Commander-Aeon-Tech-2-Economy-16x12.jpg 16w, https:\/\/supcom.standardof.net\/wp-content\/uploads\/sites\/8\/2020\/11\/TECH-2-AEON-AIR-FACTORY-Supreme-Commander-Aeon-Tech-2-Economy.jpg 1440w\" sizes=\"(max-width: 800px) 100vw, 800px\" \/><\/a><figcaption>T2 AEON AIR FACTORY<\/figcaption><\/figure><\/div>\n\n\n\n<section class=\"wp-block-uagb-columns uagb-columns__wrap uagb-columns__background-undefined uagb-columns__stack-mobile uagb-columns__valign-undefined uagb-columns__gap-10 alignundefined uagb-block-0180c7b7\"><div class=\"uagb-columns__overlay\"><\/div><div class=\"uagb-columns__inner-wrap uagb-columns__columns-2\">\n<div class=\"wp-block-uagb-column uagb-column__wrap uagb-column__background-undefined uagb-block-5443c14c\"><div class=\"uagb-column__overlay\"><\/div><div class=\"uagb-column__inner-wrap\">\n<h3 class=\"wp-block-heading\">Statistiky T2 Air Factory<\/h3>\n\n\n\n<p>Brn\u011bn\u00ed: 8400 hp<br>Schopnosti: Upgradovateln\u00e9<br>Cena: M720 (\u00falo\u017ei\u0161t\u011b: 160), E19200 (\u00falo\u017ei\u0161t\u011b: 800), T2400,<br>rychlost sestaven\u00ed: 20<br>Intel: pohled: 20 (391 m)<br>Fyzika: velikost pro sousedstv\u00ed: 16<\/p>\n<\/div><\/div>\n\n\n\n<div class=\"wp-block-uagb-column uagb-column__wrap uagb-column__background-undefined uagb-block-382a913c\"><div class=\"uagb-column__overlay\"><\/div><div class=\"uagb-column__inner-wrap\"><\/div><\/div>\n<\/div><\/section>\n<\/div><\/div>\n<\/div><\/section>\n\n\n\n<section class=\"wp-block-uagb-columns uagb-columns__wrap uagb-columns__background-undefined uagb-columns__stack-mobile uagb-columns__valign-undefined uagb-columns__gap-10 alignundefined uagb-block-99ba0b7b\"><div class=\"uagb-columns__overlay\"><\/div><div class=\"uagb-columns__inner-wrap uagb-columns__columns-1\">\n<div class=\"wp-block-uagb-column uagb-column__wrap uagb-column__background-undefined uagb-block-5d6c2873\"><div class=\"uagb-column__overlay\"><\/div><div class=\"uagb-column__inner-wrap\">\n<h2 class=\"wp-block-heading\">TECH 2 AEON <strong>NAVAL FACTORY<\/strong><\/h2>\n\n\n\n<p>T2 Naval Factory m\u00e1 nyn\u00ed stra\u0161n\u011b dobr\u00e9 zdrav\u00ed, ani\u017e by byla mnohem dra\u017e\u0161\u00ed ne\u017e ostatn\u00ed upgrady. Vzhledem k tomu, \u017ee n\u00e1mo\u0159nictvo UEF T1 je tak \u0161patn\u00e9, m\u00e1te nyn\u00ed je\u0161t\u011b v\u011bt\u0161\u00ed d\u016fvod k tomu, abyste se p\u0159ihl\u00e1sili brzy (i kdy\u017e je to jen proto, aby byly ponorky dvakr\u00e1t rychlej\u0161\u00ed).<\/p>\n\n\n\n<div class=\"wp-block-image\"><figure class=\"aligncenter size-large\"><a href=\"https:\/\/supcom.standardof.net\/cs\/supreme-commander\/aeon-2\/tech-2-aeon-ekonomika-budovy-2\/tech-2-aeon-naval-factory-supreme-commander-aeon-tech-2-economy\/\"><img decoding=\"async\" width=\"800\" height=\"642\" src=\"https:\/\/supcom.standardof.net\/wp-content\/uploads\/sites\/8\/2020\/11\/TECH-2-AEON-NAVAL-FACTORY-Supreme-Commander-Aeon-Tech-2-Economy-800x642.jpg\" alt=\"T2 Naval Factory, ekonomick\u00e1 budova Aeon Tech 2 ve vrchn\u00edm veliteli.\" class=\"wp-image-1120\" srcset=\"https:\/\/supcom.standardof.net\/wp-content\/uploads\/sites\/8\/2020\/11\/TECH-2-AEON-NAVAL-FACTORY-Supreme-Commander-Aeon-Tech-2-Economy-800x642.jpg 800w, https:\/\/supcom.standardof.net\/wp-content\/uploads\/sites\/8\/2020\/11\/TECH-2-AEON-NAVAL-FACTORY-Supreme-Commander-Aeon-Tech-2-Economy-512x411.jpg 512w, https:\/\/supcom.standardof.net\/wp-content\/uploads\/sites\/8\/2020\/11\/TECH-2-AEON-NAVAL-FACTORY-Supreme-Commander-Aeon-Tech-2-Economy-200x161.jpg 200w, https:\/\/supcom.standardof.net\/wp-content\/uploads\/sites\/8\/2020\/11\/TECH-2-AEON-NAVAL-FACTORY-Supreme-Commander-Aeon-Tech-2-Economy-768x617.jpg 768w, https:\/\/supcom.standardof.net\/wp-content\/uploads\/sites\/8\/2020\/11\/TECH-2-AEON-NAVAL-FACTORY-Supreme-Commander-Aeon-Tech-2-Economy-1536x1234.jpg 1536w, https:\/\/supcom.standardof.net\/wp-content\/uploads\/sites\/8\/2020\/11\/TECH-2-AEON-NAVAL-FACTORY-Supreme-Commander-Aeon-Tech-2-Economy-16x12.jpg 16w, https:\/\/supcom.standardof.net\/wp-content\/uploads\/sites\/8\/2020\/11\/TECH-2-AEON-NAVAL-FACTORY-Supreme-Commander-Aeon-Tech-2-Economy.jpg 1554w\" sizes=\"(max-width: 800px) 100vw, 800px\" \/><\/a><figcaption>T2 AEON NAVAL FACTORY<\/figcaption><\/figure><\/div>\n\n\n\n<section class=\"wp-block-uagb-columns uagb-columns__wrap uagb-columns__background-undefined uagb-columns__stack-mobile uagb-columns__valign-undefined uagb-columns__gap-10 alignundefined uagb-block-baf36cb6\"><div class=\"uagb-columns__overlay\"><\/div><div class=\"uagb-columns__inner-wrap uagb-columns__columns-2\">\n<div class=\"wp-block-uagb-column uagb-column__wrap uagb-column__background-undefined uagb-block-ed469209\"><div class=\"uagb-column__overlay\"><\/div><div class=\"uagb-column__inner-wrap\">\n<h3 class=\"wp-block-heading\">Statistiky T2 Naval Factory<\/h3>\n\n\n\n<p>Brn\u011bn\u00ed: 17000 hp<br>Schopnosti: Upgradovateln\u00e9<br>Cena: M950 (\u00falo\u017ei\u0161t\u011b: 160), E7600 (\u00falo\u017ei\u0161t\u011b: 800), T1900,<br>rychlost sestaven\u00ed: 20<br>Intel: pohled: 20 (391 m)<br>Fyzika: velikost pro sousedstv\u00ed: 16<\/p>\n<\/div><\/div>\n\n\n\n<div class=\"wp-block-uagb-column uagb-column__wrap uagb-column__background-undefined uagb-block-8bbc9c0e\"><div class=\"uagb-column__overlay\"><\/div><div class=\"uagb-column__inner-wrap\"><\/div><\/div>\n<\/div><\/section>\n<\/div><\/div>\n<\/div><\/section>\n\n\n\n<section class=\"wp-block-uagb-columns uagb-columns__wrap uagb-columns__background-undefined uagb-columns__stack-mobile uagb-columns__valign-undefined uagb-columns__gap-10 alignundefined uagb-block-ee614046\"><div class=\"uagb-columns__overlay\"><\/div><div class=\"uagb-columns__inner-wrap uagb-columns__columns-1\">\n<div class=\"wp-block-uagb-column uagb-column__wrap uagb-column__background-undefined uagb-block-edd39df0\"><div class=\"uagb-column__overlay\"><\/div><div class=\"uagb-column__inner-wrap\">\n<h2 class=\"wp-block-heading\">TECH 2 <strong>HMOTN\u00dd ODS\u00c1VA\u010c<\/strong><\/h2>\n\n\n\n<p>Na \u00farovn\u00edch T2 jste se roz\u0161\u00ed\u0159ili do pln\u00e9ho rozsahu a nyn\u00ed je \u010das za\u010d\u00edt upgradovat masov\u00e9 extraktory. P\u0159i poskytov\u00e1n\u00ed pomoci bu\u010fte opatrn\u00ed - po dokon\u010den\u00ed upgradu se nebudou zobrazovat jako ne\u010dinn\u00ed.<\/p>\n\n\n\n<div class=\"wp-block-image\"><figure class=\"aligncenter size-large\"><a href=\"https:\/\/supcom.standardof.net\/cs\/supreme-commander\/aeon-2\/tech-2-aeon-ekonomika-budovy-2\/tech-2-mass-extractor-supreme-commander-aeon-tech-2-economy\/\"><img decoding=\"async\" width=\"800\" height=\"606\" src=\"https:\/\/supcom.standardof.net\/wp-content\/uploads\/sites\/8\/2020\/11\/TECH-2-MASS-EXTRACTOR-Supreme-Commander-Aeon-Tech-2-Economy-800x606.jpg\" alt=\"Mass Extractor T2, budova ekonomiky Aeon Tech 2 ve vrchn\u00edm veliteli.\" class=\"wp-image-1121\" srcset=\"https:\/\/supcom.standardof.net\/wp-content\/uploads\/sites\/8\/2020\/11\/TECH-2-MASS-EXTRACTOR-Supreme-Commander-Aeon-Tech-2-Economy-800x606.jpg 800w, https:\/\/supcom.standardof.net\/wp-content\/uploads\/sites\/8\/2020\/11\/TECH-2-MASS-EXTRACTOR-Supreme-Commander-Aeon-Tech-2-Economy-512x388.jpg 512w, https:\/\/supcom.standardof.net\/wp-content\/uploads\/sites\/8\/2020\/11\/TECH-2-MASS-EXTRACTOR-Supreme-Commander-Aeon-Tech-2-Economy-200x151.jpg 200w, https:\/\/supcom.standardof.net\/wp-content\/uploads\/sites\/8\/2020\/11\/TECH-2-MASS-EXTRACTOR-Supreme-Commander-Aeon-Tech-2-Economy-768x582.jpg 768w, https:\/\/supcom.standardof.net\/wp-content\/uploads\/sites\/8\/2020\/11\/TECH-2-MASS-EXTRACTOR-Supreme-Commander-Aeon-Tech-2-Economy-16x12.jpg 16w, https:\/\/supcom.standardof.net\/wp-content\/uploads\/sites\/8\/2020\/11\/TECH-2-MASS-EXTRACTOR-Supreme-Commander-Aeon-Tech-2-Economy.jpg 1014w\" sizes=\"(max-width: 800px) 100vw, 800px\" \/><\/a><figcaption>HMOTNOSTN\u00cd TRAKTOR T2<\/figcaption><\/figure><\/div>\n\n\n\n<section class=\"wp-block-uagb-columns uagb-columns__wrap uagb-columns__background-undefined uagb-columns__stack-mobile uagb-columns__valign-undefined uagb-columns__gap-10 alignundefined uagb-block-052d97c1\"><div class=\"uagb-columns__overlay\"><\/div><div class=\"uagb-columns__inner-wrap uagb-columns__columns-2\">\n<div class=\"wp-block-uagb-column uagb-column__wrap uagb-column__background-undefined uagb-block-65f7f344\"><div class=\"uagb-column__overlay\"><\/div><div class=\"uagb-column__inner-wrap\">\n<h3 class=\"wp-block-heading\">Statistiky extraktoru hmotnosti T2<\/h3>\n\n\n\n<p>HMOTNOSTN\u00cd TRAKTOR T2<br>Brn\u011bn\u00ed: 2160 hp<br>Schopnosti: Upgradovateln\u00e9<br>Cena: M900 (+6), E5400 (-9), T900,<br>rychlost sestaven\u00ed: 15<br>Intel: pohled: 20 (391 m)<br>Fyzika: velikost pro sousedstv\u00ed: 4<br>Bonusy za sousedstv\u00ed (velikost sousedn\u00ed budovy: 4, 8, 12, 16, 20):<br>Redukce hromadn\u00e9ho odtoku (tov\u00e1rny): 15.00%, 7.50%, 5.00%, 3.75%, 3.00%<\/p>\n<\/div><\/div>\n\n\n\n<div class=\"wp-block-uagb-column uagb-column__wrap uagb-column__background-undefined uagb-block-ce4fc8ea\"><div class=\"uagb-column__overlay\"><\/div><div class=\"uagb-column__inner-wrap\"><\/div><\/div>\n<\/div><\/section>\n<\/div><\/div>\n<\/div><\/section>\n\n\n\n<section class=\"wp-block-uagb-columns uagb-columns__wrap uagb-columns__background-undefined uagb-columns__stack-mobile uagb-columns__valign-undefined uagb-columns__gap-10 alignundefined uagb-block-245d77f1\"><div class=\"uagb-columns__overlay\"><\/div><div class=\"uagb-columns__inner-wrap uagb-columns__columns-1\">\n<div class=\"wp-block-uagb-column uagb-column__wrap uagb-column__background-undefined uagb-block-371b3411\"><div class=\"uagb-column__overlay\"><\/div><div class=\"uagb-column__inner-wrap\">\n<h2 class=\"wp-block-heading\">TECH 2 <strong>V\u00ddKONOV\u00dd GENER\u00c1TOR<\/strong><\/h2>\n\n\n\n<p>Gener\u00e1tor energie T2 je kl\u00ed\u010dov\u00fdm prvkem va\u0161\u00ed ekonomiky, proto\u017ee poskytuje podporu, kter\u00e1 v\u00e1m zabr\u00e1n\u00ed v tom, abyste byli p\u0159ipout\u00e1ni k mal\u00fdm d\u00e1vk\u00e1m energie T1, a z\u00e1rove\u0148 poskytuje velkorys\u00fd bonus sousedstv\u00ed, pokud k n\u011bmu chcete um\u00edstit d\u011blost\u0159electvo T2.<\/p>\n\n\n\n<div class=\"wp-block-image\"><figure class=\"aligncenter size-large\"><a href=\"https:\/\/supcom.standardof.net\/cs\/supreme-commander\/aeon-2\/tech-2-aeon-ekonomika-budovy-2\/tech-2-power-generator-supreme-commander-aeon-tech-2-economy\/\"><img decoding=\"async\" width=\"800\" height=\"635\" src=\"https:\/\/supcom.standardof.net\/wp-content\/uploads\/sites\/8\/2020\/11\/TECH-2-POWER-GENERATOR-Supreme-Commander-Aeon-Tech-2-Economy-800x635.jpg\" alt=\"Gener\u00e1tor energie T2, budova Aeon Tech 2 Economy Building ve vrchn\u00edm veliteli.\" class=\"wp-image-1122\" srcset=\"https:\/\/supcom.standardof.net\/wp-content\/uploads\/sites\/8\/2020\/11\/TECH-2-POWER-GENERATOR-Supreme-Commander-Aeon-Tech-2-Economy-800x635.jpg 800w, https:\/\/supcom.standardof.net\/wp-content\/uploads\/sites\/8\/2020\/11\/TECH-2-POWER-GENERATOR-Supreme-Commander-Aeon-Tech-2-Economy-512x407.jpg 512w, https:\/\/supcom.standardof.net\/wp-content\/uploads\/sites\/8\/2020\/11\/TECH-2-POWER-GENERATOR-Supreme-Commander-Aeon-Tech-2-Economy-200x159.jpg 200w, https:\/\/supcom.standardof.net\/wp-content\/uploads\/sites\/8\/2020\/11\/TECH-2-POWER-GENERATOR-Supreme-Commander-Aeon-Tech-2-Economy-768x610.jpg 768w, https:\/\/supcom.standardof.net\/wp-content\/uploads\/sites\/8\/2020\/11\/TECH-2-POWER-GENERATOR-Supreme-Commander-Aeon-Tech-2-Economy-1536x1220.jpg 1536w, https:\/\/supcom.standardof.net\/wp-content\/uploads\/sites\/8\/2020\/11\/TECH-2-POWER-GENERATOR-Supreme-Commander-Aeon-Tech-2-Economy-16x12.jpg 16w, https:\/\/supcom.standardof.net\/wp-content\/uploads\/sites\/8\/2020\/11\/TECH-2-POWER-GENERATOR-Supreme-Commander-Aeon-Tech-2-Economy.jpg 1545w\" sizes=\"(max-width: 800px) 100vw, 800px\" \/><\/a><figcaption>GENER\u00c1TOR V\u00ddKONU T2<\/figcaption><\/figure><\/div>\n\n\n\n<section class=\"wp-block-uagb-columns uagb-columns__wrap uagb-columns__background-undefined uagb-columns__stack-mobile uagb-columns__valign-undefined uagb-columns__gap-10 alignundefined uagb-block-99e1171e\"><div class=\"uagb-columns__overlay\"><\/div><div class=\"uagb-columns__inner-wrap uagb-columns__columns-2\">\n<div class=\"wp-block-uagb-column uagb-column__wrap uagb-column__background-undefined uagb-block-4e9753a5\"><div class=\"uagb-column__overlay\"><\/div><div class=\"uagb-column__inner-wrap\">\n<h3 class=\"wp-block-heading\">Statistiky gener\u00e1toru energie T2<\/h3>\n\n\n\n<p>Brn\u011bn\u00ed: 2160 hp<br>Cena: M1200, E12000 (+500), T2000<br>Intel: pohled: 20 (391 m)<br>Fyzika: velikost pro sousedstv\u00ed: 12<\/p>\n\n\n\n<p>Bonusy za sousedstv\u00ed (velikost sousedn\u00ed budovy: 4, 8, 12, 16, 20):<br>Sn\u00ed\u017een\u00ed odb\u011bru energie (\u00fadr\u017eba): 12.50%``, 12.50%, 12.50%, 12.50%<br>Sn\u00ed\u017een\u00ed odb\u011bru energie (tov\u00e1rny): 12.50%, 12.50%, 12.50%, 12.50%, 12.50%<br>Zkr\u00e1cen\u00ed doby odb\u011bru energetick\u00e9 zbran\u011b: 5.00%``, 5.00%, 5.00%, 5.00%<\/p>\n<\/div><\/div>\n\n\n\n<div class=\"wp-block-uagb-column uagb-column__wrap uagb-column__background-undefined uagb-block-fdd46841\"><div class=\"uagb-column__overlay\"><\/div><div class=\"uagb-column__inner-wrap\">\n<h3 class=\"wp-block-heading\">Zbran\u011b gener\u00e1toru energie T2<\/h3>\n\n\n\n<p>DeathWeapon: 1500 po\u0161kozen\u00ed, plocha: 5 (97,7 m)<\/p>\n<\/div><\/div>\n<\/div><\/section>\n<\/div><\/div>\n<\/div><\/section>","protected":false},"excerpt":{"rendered":"<p>TECH 2 AEON LAND FACTORY By the T2 level, your factory is not vulnerable to surprise strikes, and is usually the last building to die. It&#8217;s still twice as fast as your engineer of the same level. T2 Land Factory Stats Armor: 8400hpAbilities: UpgradeableCost: M950 (storage: 160), E7600 (storage: 800), T1900, build rate: 20Intel: sight: [&hellip;]<\/p>","protected":false},"author":1,"featured_media":0,"parent":503,"menu_order":0,"comment_status":"open","ping_status":"closed","template":"","meta":{"_uag_custom_page_level_css":"","site-sidebar-layout":"default","site-content-layout":"default","ast-site-content-layout":"","site-content-style":"default","site-sidebar-style":"default","ast-global-header-display":"","ast-banner-title-visibility":"","ast-main-header-display":"","ast-hfb-above-header-display":"","ast-hfb-below-header-display":"","ast-hfb-mobile-header-display":"","site-post-title":"","ast-breadcrumbs-content":"","ast-featured-img":"","footer-sml-layout":"","theme-transparent-header-meta":"default","adv-header-id-meta":"","stick-header-meta":"","header-above-stick-meta":"","header-main-stick-meta":"","header-below-stick-meta":"","astra-migrate-meta-layouts":"default","ast-page-background-enabled":"default","ast-page-background-meta":{"desktop":{"background-color":"","background-image":"","background-repeat":"repeat","background-position":"center center","background-size":"auto","background-attachment":"scroll","background-type":"","background-media":"","overlay-type":"","overlay-color":"","overlay-gradient":""},"tablet":{"background-color":"","background-image":"","background-repeat":"repeat","background-position":"center center","background-size":"auto","background-attachment":"scroll","background-type":"","background-media":"","overlay-type":"","overlay-color":"","overlay-gradient":""},"mobile":{"background-color":"","background-image":"","background-repeat":"repeat","background-position":"center center","background-size":"auto","background-attachment":"scroll","background-type":"","background-media":"","overlay-type":"","overlay-color":"","overlay-gradient":""}},"ast-content-background-meta":{"desktop":{"background-color":"var(--ast-global-color-5)","background-image":"","background-repeat":"repeat","background-position":"center center","background-size":"auto","background-attachment":"scroll","background-type":"","background-media":"","overlay-type":"","overlay-color":"","overlay-gradient":""},"tablet":{"background-color":"var(--ast-global-color-5)","background-image":"","background-repeat":"repeat","background-position":"center center","background-size":"auto","background-attachment":"scroll","background-type":"","background-media":"","overlay-type":"","overlay-color":"","overlay-gradient":""},"mobile":{"background-color":"var(--ast-global-color-5)","background-image":"","background-repeat":"repeat","background-position":"center center","background-size":"auto","background-attachment":"scroll","background-type":"","background-media":"","overlay-type":"","overlay-color":"","overlay-gradient":""}},"footnotes":""},"uagb_featured_image_src":{"full":false,"thumbnail":false,"medium":false,"medium_large":false,"large":false,"1536x1536":false,"2048x2048":false,"trp-custom-language-flag":false},"uagb_author_info":{"display_name":"SOE","author_link":"https:\/\/supcom.standardof.net\/cs\/author\/k-tastic\/"},"uagb_comment_info":0,"uagb_excerpt":"TECH 2 AEON LAND FACTORY By the T2 level, your factory is not vulnerable to surprise strikes, and is usually the last building to die. It&#8217;s still twice as fast as your engineer of the same level. T2 Land Factory Stats Armor: 8400hpAbilities: UpgradeableCost: M950 (storage: 160), E7600 (storage: 800), T1900, build rate: 20Intel: sight:&hellip;","_links":{"self":[{"href":"https:\/\/supcom.standardof.net\/cs\/wp-json\/wp\/v2\/pages\/723"}],"collection":[{"href":"https:\/\/supcom.standardof.net\/cs\/wp-json\/wp\/v2\/pages"}],"about":[{"href":"https:\/\/supcom.standardof.net\/cs\/wp-json\/wp\/v2\/types\/page"}],"author":[{"embeddable":true,"href":"https:\/\/supcom.standardof.net\/cs\/wp-json\/wp\/v2\/users\/1"}],"replies":[{"embeddable":true,"href":"https:\/\/supcom.standardof.net\/cs\/wp-json\/wp\/v2\/comments?post=723"}],"version-history":[{"count":0,"href":"https:\/\/supcom.standardof.net\/cs\/wp-json\/wp\/v2\/pages\/723\/revisions"}],"up":[{"embeddable":true,"href":"https:\/\/supcom.standardof.net\/cs\/wp-json\/wp\/v2\/pages\/503"}],"wp:attachment":[{"href":"https:\/\/supcom.standardof.net\/cs\/wp-json\/wp\/v2\/media?parent=723"}],"curies":[{"name":"wp","href":"https:\/\/api.w.org\/{rel}","templated":true}]}}