{"id":773,"date":"2020-11-03T17:39:14","date_gmt":"2020-11-03T22:39:14","guid":{"rendered":"https:\/\/supcom.standardof.net\/?page_id=773"},"modified":"2020-11-04T20:10:23","modified_gmt":"2020-11-05T01:10:23","slug":"tech-3-aeon-naval-units","status":"publish","type":"page","link":"https:\/\/supcom.standardof.net\/cs\/supreme-commander\/aeon-2\/tech-3-aeon-namorni-jednotky\/","title":{"rendered":"Tech 3 - Aeon Naval Units"},"content":{"rendered":"<div class=\"wp-block-uagb-table-of-contents uagb-toc__align-left uagb-toc__columns-1  uagb-block-9fffb14d\"\n\t\t\t\t\tdata-scroll= \"1\"\n\t\t\t\t\tdata-offset= \"30\"\n\t\t\t\t\tstyle=\"\"\n\t\t\t\t>\n\t\t\t\t<div class=\"uagb-toc__wrap\">\n\t\t\t\t\t\t<div class=\"uagb-toc__title\">\n\t\t\t\t\t\t\tN\u00e1mo\u0159n\u00ed jednotky Aeon Tech 3:\t\t\t\t\t\t<\/div>\n\t\t\t\t\t\t\t\t\t\t\t\t\t\t\t\t<div class=\"uagb-toc__list-wrap\">\n\t\t\t\t\t\t<ol class=\"uagb-toc__list\"><li class=\"uagb-toc__list\"><a href=\"#omen-class-battleship\" class=\"uagb-toc-link__trigger\">BATTLESH OMEN CLASS<\/a><li class=\"uagb-toc__list\"><a href=\"#keefer-class-aircraft-carrier\" class=\"uagb-toc-link__trigger\">NOSI\u010c LETADLA KEEFER CLASS<\/a><li class=\"uagb-toc__list\"><a href=\"#silencer-strategic-missile-submarine\" class=\"uagb-toc-link__trigger\">SILENCER - STRATEGICK\u00c1 MISSILE SUBMARINE<\/a><\/ol>\t\t\t\t\t<\/div>\n\t\t\t\t\t\t\t\t\t<\/div>\n\t\t\t\t<\/div>\n\t\t\t\n\n\n<section class=\"wp-block-uagb-columns uagb-columns__wrap uagb-columns__background-undefined uagb-columns__stack-mobile uagb-columns__valign-undefined uagb-columns__gap-10 alignundefined uagb-block-c36918af\"><div class=\"uagb-columns__overlay\"><\/div><div class=\"uagb-columns__inner-wrap uagb-columns__columns-1\">\n<div class=\"wp-block-uagb-column uagb-column__wrap uagb-column__background-undefined uagb-block-f7f54855\"><div class=\"uagb-column__overlay\"><\/div><div class=\"uagb-column__inner-wrap\">\n<h2 class=\"wp-block-heading\"><strong>ZNAMEN\u00cd <\/strong>BATTLESHIP T\u0158\u00cdDY<\/h2>\n\n\n\n<p>Bitevn\u00ed lo\u010f Aeon je kone\u010dn\u00fdm roz\u0161\u00ed\u0159en\u00edm c\u00edlev\u011bdom\u00e9ho \u00fa\u010delu: krom\u011b n\u011bkter\u00fdch taktick\u00fdch obran zastavuj\u00edc\u00edch k\u0159i\u017en\u00edky a pob\u0159e\u017en\u00ed st\u0159ely UEF se spol\u00e9h\u00e1 pouze na trojici v podstat\u011b d\u011blost\u0159eleck\u00fdch kus\u016f T2 a brn\u011bn\u00ed, kter\u00e9 vezme celou flotilu zni\u010dit za co nejlevn\u011bj\u0161\u00ed cenu. Jako Aeon v\u00e1m v\u00fdhoda ran\u00e9ho mo\u0159e poskytne pol\u0161t\u00e1\u0159, kter\u00fd pot\u0159ebujete k tomu, abyste dostali bitevn\u00ed lo\u010f dlouho p\u0159edt\u00edm, ne\u017e to ud\u011blaj\u00ed, a kdy\u017e to ud\u011bl\u00e1te, va\u0161e Oblivion Cannons budou schopn\u00e1 zachytit mo\u0159e a pohybovat se k d\u011blost\u0159electvu nep\u0159\u00e1telsk\u00fdch T2 podm\u00ednky. Je naprosto zraniteln\u00fd v\u016f\u010di ponork\u00e1m nebo leteck\u00fdm jednotk\u00e1m, tak\u017ee nem\u016f\u017eete svou flotilu jednodu\u0161e odhodit, ale je to st\u00e1le velmi efektivn\u00ed.<\/p>\n\n\n\n<div class=\"wp-block-image\"><figure class=\"aligncenter size-large\"><a href=\"https:\/\/supcom.standardof.net\/cs\/supreme-commander\/aeon-2\/tech-3-aeon-namorni-jednotky\/omen-class-battleship-1-supreme-commander-aeon-tech-3-naval-units\/\"><img decoding=\"async\" width=\"800\" height=\"472\" src=\"https:\/\/supcom.standardof.net\/wp-content\/uploads\/sites\/8\/2020\/11\/OMEN-CLASS-BATTLESHIP-1-Supreme-Commander-Aeon-Tech-3-Naval-Units-800x472.jpg\" alt=\"Bitevn\u00ed lo\u010f t\u0159\u00eddy Omen, n\u00e1mo\u0159n\u00ed jednotka Aeon Tech 3 ve vrchn\u00edm veliteli.\" class=\"wp-image-1035\" srcset=\"https:\/\/supcom.standardof.net\/wp-content\/uploads\/sites\/8\/2020\/11\/OMEN-CLASS-BATTLESHIP-1-Supreme-Commander-Aeon-Tech-3-Naval-Units-800x472.jpg 800w, https:\/\/supcom.standardof.net\/wp-content\/uploads\/sites\/8\/2020\/11\/OMEN-CLASS-BATTLESHIP-1-Supreme-Commander-Aeon-Tech-3-Naval-Units-512x302.jpg 512w, https:\/\/supcom.standardof.net\/wp-content\/uploads\/sites\/8\/2020\/11\/OMEN-CLASS-BATTLESHIP-1-Supreme-Commander-Aeon-Tech-3-Naval-Units-200x118.jpg 200w, https:\/\/supcom.standardof.net\/wp-content\/uploads\/sites\/8\/2020\/11\/OMEN-CLASS-BATTLESHIP-1-Supreme-Commander-Aeon-Tech-3-Naval-Units-768x453.jpg 768w, https:\/\/supcom.standardof.net\/wp-content\/uploads\/sites\/8\/2020\/11\/OMEN-CLASS-BATTLESHIP-1-Supreme-Commander-Aeon-Tech-3-Naval-Units-1536x905.jpg 1536w, https:\/\/supcom.standardof.net\/wp-content\/uploads\/sites\/8\/2020\/11\/OMEN-CLASS-BATTLESHIP-1-Supreme-Commander-Aeon-Tech-3-Naval-Units-16x9.jpg 16w, https:\/\/supcom.standardof.net\/wp-content\/uploads\/sites\/8\/2020\/11\/OMEN-CLASS-BATTLESHIP-1-Supreme-Commander-Aeon-Tech-3-Naval-Units.jpg 1944w\" sizes=\"(max-width: 800px) 100vw, 800px\" \/><\/a><figcaption>BATTLESH OMEN CLASS<\/figcaption><\/figure><\/div>\n\n\n\n<section class=\"wp-block-uagb-columns uagb-columns__wrap uagb-columns__background-undefined uagb-columns__stack-mobile uagb-columns__valign-undefined uagb-columns__gap-10 alignundefined uagb-block-a7fbca69\"><div class=\"uagb-columns__overlay\"><\/div><div class=\"uagb-columns__inner-wrap uagb-columns__columns-2\">\n<div class=\"wp-block-uagb-column uagb-column__wrap uagb-column__background-undefined uagb-block-6e3246d8\"><div class=\"uagb-column__overlay\"><\/div><div class=\"uagb-column__inner-wrap\">\n<h3 class=\"wp-block-heading\">Statistiky znamen\u00ed<\/h3>\n\n\n\n<p>Brn\u011bn\u00ed: 55000 hp<br>Schopnosti: Protiraketov\u00e1 obrana - taktick\u00e9<br>Cena: M19000, E152000, T22800<br>Intel:<br>- pohled: 70 (1,37 km),<br>- radar: 110 (2,15 km),<br>- sonar: 20 (391 m),<br>- vodn\u00ed pohled: 50 (977 m)<br>Fyzika:<br>- maxim\u00e1ln\u00ed rychlost: 4,675 (91,3 m \/ s),<br>- rychlost ot\u00e1\u010den\u00ed: 15<br>Veterancy: 50, 100, 250, 500, 1000 zabit\u00ed<br>- \u00farove\u0148 veter\u00e1n\u016f 2: +13750 k,<br>- \u00farove\u0148 veter\u00e1n\u016f 4: +13750 k,<br>- \u00farove\u0148 veter\u00e1n\u016f 5: oprava 3 hp \/ s<\/p>\n<\/div><\/div>\n\n\n\n<div class=\"wp-block-uagb-column uagb-column__wrap uagb-column__background-undefined uagb-block-102d2546\"><div class=\"uagb-column__overlay\"><\/div><div class=\"uagb-column__inner-wrap\">\n<h3 class=\"wp-block-heading\">Znamen\u00ed zbran\u00ed<\/h3>\n\n\n\n<p>3x Oblivion Cannon (Direct Fire Naval):<br>159,38 dps,<br>plocha: 1 (19,5 m),<br>dojezd: 128 (2,50 km)<br>st\u0159eln\u00e1 zbra\u0148: po\u0161kozen\u00ed 2550<br>rychlost st\u0159elby: 0,0625 (ka\u017ed\u00fdch 16 s)<br>\u00farove\u0148 veter\u00e1n\u016f 1: +638 po\u0161kozen\u00ed, \u00farove\u0148 veter\u00e1n\u016f 3: +638 po\u0161kozen\u00ed<\/p>\n\n\n\n<p>2x protiraketa Will O Wisp (obrana):<br>9,00 dps,<br>dosah: 42 (820 m)<br>st\u0159eln\u00e1 zbra\u0148: 30 po\u0161kozen\u00ed x 3 st\u0159ely = 90 po\u0161kozen\u00ed na salvu<br>rychlost st\u0159elby: 0,2 (ka\u017ed\u00fdch 5 s)<\/p>\n<\/div><\/div>\n<\/div><\/section>\n<\/div><\/div>\n<\/div><\/section>\n\n\n\n<section class=\"wp-block-uagb-columns uagb-columns__wrap uagb-columns__background-undefined uagb-columns__stack-mobile uagb-columns__valign-undefined uagb-columns__gap-10 alignundefined uagb-block-eb008098\"><div class=\"uagb-columns__overlay\"><\/div><div class=\"uagb-columns__inner-wrap uagb-columns__columns-1\">\n<div class=\"wp-block-uagb-column uagb-column__wrap uagb-column__background-undefined uagb-block-c5043fcb\"><div class=\"uagb-column__overlay\"><\/div><div class=\"uagb-column__inner-wrap\">\n<h2 class=\"wp-block-heading\"><strong>KEEFER <\/strong>DOPRAVCE T\u0158\u00cdDY<\/h2>\n\n\n\n<p>Nosi\u010d Aeon m\u00e1 n\u011bkolik \u017eeton\u016f protiletadlov\u00fdch raket, tak\u017ee nen\u00ed zcela bezbrann\u00fd, a m\u00e1 p\u0159ekvapiv\u011b velk\u00e9 mno\u017estv\u00ed zdrav\u00ed, kter\u00e9 mu umo\u017e\u0148uje po\u0159\u00eddit n\u011bkolik v\u00fdst\u0159el\u016f z bojov\u00fdch vrtuln\u00edk\u016f nebo cokoli jin\u00e9ho a p\u0159e\u017e\u00edt, aby z\u00edskal zabit\u00ed, ale st\u00e1le je to v podstat\u011b za \u00fa\u010delem p\u0159epravuj\u00edc\u00ed va\u0161e letadlo p\u0159es velkou mapu. Pokud pot\u0159ebujete p\u0159ekonat bojovn\u00edky, m\u016f\u017eete tak\u00e9 postavit v\u00edce k\u0159i\u017en\u00edk\u016f, proto\u017ee bojovn\u00edci budou po va\u0161em dopravci, jakmile v\u00e1s uvid\u00ed, ale dopravce v\u00e1m m\u016f\u017ee p\u0159ij\u00edt vhod, zejm\u00e9na vzhledem k tomu, \u017ee va\u0161e nad\u0159azen\u00e9 Aeonsk\u00e9 n\u00e1mo\u0159nictvo pravd\u011bpodobn\u011b mo\u0159e bezpe\u010dn\u00e9 pro dopravce ji\u017e. Jako tov\u00e1rna na plovouc\u00ed vzduch m\u016f\u017ee b\u00fdt nosi\u010d u\u017eite\u010dn\u00fd, i kdy\u017e je\u0161t\u011b nem\u00e1te hordu letadel.<\/p>\n\n\n\n<div class=\"wp-block-image\"><figure class=\"aligncenter size-large\"><a href=\"https:\/\/supcom.standardof.net\/cs\/supreme-commander\/aeon-2\/tech-3-aeon-namorni-jednotky\/keefer-class-aircraft-carrier-supreme-commander-aeon-tech-3-naval-units\/\"><img decoding=\"async\" width=\"800\" height=\"628\" src=\"https:\/\/supcom.standardof.net\/wp-content\/uploads\/sites\/8\/2020\/11\/KEEFER-CLASS-AIRCRAFT-CARRIER-Supreme-Commander-Aeon-Tech-3-Naval-Units-800x628.jpg\" alt=\"Letadlov\u00e1 lo\u010f t\u0159\u00eddy Keefer, n\u00e1mo\u0159n\u00ed jednotka Aeon Tech 3 ve vrchn\u00edm veliteli.\" class=\"wp-image-1034\" srcset=\"https:\/\/supcom.standardof.net\/wp-content\/uploads\/sites\/8\/2020\/11\/KEEFER-CLASS-AIRCRAFT-CARRIER-Supreme-Commander-Aeon-Tech-3-Naval-Units-800x628.jpg 800w, https:\/\/supcom.standardof.net\/wp-content\/uploads\/sites\/8\/2020\/11\/KEEFER-CLASS-AIRCRAFT-CARRIER-Supreme-Commander-Aeon-Tech-3-Naval-Units-512x402.jpg 512w, https:\/\/supcom.standardof.net\/wp-content\/uploads\/sites\/8\/2020\/11\/KEEFER-CLASS-AIRCRAFT-CARRIER-Supreme-Commander-Aeon-Tech-3-Naval-Units-200x157.jpg 200w, https:\/\/supcom.standardof.net\/wp-content\/uploads\/sites\/8\/2020\/11\/KEEFER-CLASS-AIRCRAFT-CARRIER-Supreme-Commander-Aeon-Tech-3-Naval-Units-768x602.jpg 768w, https:\/\/supcom.standardof.net\/wp-content\/uploads\/sites\/8\/2020\/11\/KEEFER-CLASS-AIRCRAFT-CARRIER-Supreme-Commander-Aeon-Tech-3-Naval-Units-16x12.jpg 16w, https:\/\/supcom.standardof.net\/wp-content\/uploads\/sites\/8\/2020\/11\/KEEFER-CLASS-AIRCRAFT-CARRIER-Supreme-Commander-Aeon-Tech-3-Naval-Units.jpg 1461w\" sizes=\"(max-width: 800px) 100vw, 800px\" \/><\/a><figcaption>NOSI\u010c LETADLA KEEFER CLASS<\/figcaption><\/figure><\/div>\n\n\n\n<section class=\"wp-block-uagb-columns uagb-columns__wrap uagb-columns__background-undefined uagb-columns__stack-mobile uagb-columns__valign-undefined uagb-columns__gap-10 alignundefined uagb-block-7ea4ccfb\"><div class=\"uagb-columns__overlay\"><\/div><div class=\"uagb-columns__inner-wrap uagb-columns__columns-2\">\n<div class=\"wp-block-uagb-column uagb-column__wrap uagb-column__background-undefined uagb-block-4128d43e\"><div class=\"uagb-column__overlay\"><\/div><div class=\"uagb-column__inner-wrap\">\n<h3 class=\"wp-block-heading\">Keefer Statistiky<\/h3>\n\n\n\n<p>Brn\u011bn\u00ed: 22000 hp<br>Schopnosti: Air Staging, Construction<br>Cena: M4000, E40000, T8000, rychlost sestaven\u00ed: 20<br>Intel:<br>- pohled: 60 (1,17 km),<br>- radar: 150 (2,93 km),<br>- sonar: 20 (391 m),<br>- vodn\u00ed pohled: 36 (703 m)<br>Fyzika:<br>- maxim\u00e1ln\u00ed rychlost: 3,4 (66,4 m \/ s)<br>- rychlost ot\u00e1\u010den\u00ed: 10<br>P\u0159epravn\u00ed t\u0159\u00edda: 10<br>Veterancy: 50, 100, 250, 500, 1000 zabit\u00ed<br>- \u00farove\u0148 veter\u00e1n\u016f 2: +5500 hp,<br>- \u00farove\u0148 veter\u00e1n\u016f 4: +5500 hp,<br>- \u00farove\u0148 veter\u00e1n\u016f 5: oprava 3 hp \/ s<\/p>\n<\/div><\/div>\n\n\n\n<div class=\"wp-block-uagb-column uagb-column__wrap uagb-column__background-undefined uagb-block-f3742e17\"><div class=\"uagb-column__overlay\"><\/div><div class=\"uagb-column__inner-wrap\">\n<h3 class=\"wp-block-heading\">Keefer Zbran\u011b<\/h3>\n\n\n\n<p>2x Zealot AA Missile (Anti Air):<br>30,00 dps,<br>plocha: 1 (19,5 m),<br>dojezd: 75 (1,46 km)<br>st\u0159eln\u00e1 zbra\u0148: 30 po\u0161kozen\u00ed<br>rychlost st\u0159elby: 1 (ka\u017ed\u00e9 1 s)<br>\u00farove\u0148 veter\u00e1n\u016f 1: +8 k po\u0161kozen\u00ed<br>\u00farove\u0148 veter\u00e1n\u016f 3: +8 k po\u0161kozen\u00ed<\/p>\n<\/div><\/div>\n<\/div><\/section>\n<\/div><\/div>\n<\/div><\/section>\n\n\n\n<section class=\"wp-block-uagb-columns uagb-columns__wrap uagb-columns__background-undefined uagb-columns__stack-mobile uagb-columns__valign-undefined uagb-columns__gap-10 alignundefined uagb-block-5d7f1638\"><div class=\"uagb-columns__overlay\"><\/div><div class=\"uagb-columns__inner-wrap uagb-columns__columns-1\">\n<div class=\"wp-block-uagb-column uagb-column__wrap uagb-column__background-undefined uagb-block-982ca28a\"><div class=\"uagb-column__overlay\"><\/div><div class=\"uagb-column__inner-wrap\">\n<h2 class=\"wp-block-heading\"><strong>TLUMI\u010c <\/strong>- STRATEGICK\u00c1 MISSILE SUBMARINE<\/h2>\n\n\n\n<p>Jen proto, \u017ee va\u0161e jadern\u00e1 zbra\u0148 dopad\u00e1 na ponorku, neznamen\u00e1, \u017ee je jej\u00ed stavba m\u00e9n\u011b bolestiv\u00e1. Nezapome\u0148te to nestav\u011bt ve sv\u00e9 jedin\u00e9 n\u00e1mo\u0159n\u00ed tov\u00e1rn\u011b, proto\u017ee budete brzy ohromeni. Taktick\u00e1 st\u0159ela ve skute\u010dnosti nen\u00ed schopna zab\u00edjet jin\u00e9 n\u00e1mo\u0159n\u00ed jednotky, proto\u017ee jej\u00ed obrana taktick\u00e9 rakety ji jen sest\u0159el\u00ed, ale funguje skv\u011ble jako zp\u016fsob, jak zab\u00edt pozemn\u00ed jednotky, zat\u00edmco vy budujete sv\u00e9 \u0159e\u0161en\u00ed, jakmile jejich protiv\u00e1le\u010dn\u00e1 obrana zmiz\u00ed.<\/p>\n\n\n\n<div class=\"wp-block-image\"><figure class=\"aligncenter size-large\"><a href=\"https:\/\/supcom.standardof.net\/cs\/supreme-commander\/aeon-2\/tech-3-aeon-namorni-jednotky\/silencer-strategic-missile-submarine-supreme-commander-aeon-tech-3-naval-units\/\"><img decoding=\"async\" width=\"800\" height=\"540\" src=\"https:\/\/supcom.standardof.net\/wp-content\/uploads\/sites\/8\/2020\/11\/SILENCER-STRATEGIC-MISSILE-SUBMARINE-Supreme-Commander-Aeon-Tech-3-Naval-Units-800x540.jpg\" alt=\"Silencer Strategic Missile Submarine, Aeon Tech 3 Naval Unit in Supreme Commander.\" class=\"wp-image-1037\" srcset=\"https:\/\/supcom.standardof.net\/wp-content\/uploads\/sites\/8\/2020\/11\/SILENCER-STRATEGIC-MISSILE-SUBMARINE-Supreme-Commander-Aeon-Tech-3-Naval-Units-800x540.jpg 800w, https:\/\/supcom.standardof.net\/wp-content\/uploads\/sites\/8\/2020\/11\/SILENCER-STRATEGIC-MISSILE-SUBMARINE-Supreme-Commander-Aeon-Tech-3-Naval-Units-512x346.jpg 512w, https:\/\/supcom.standardof.net\/wp-content\/uploads\/sites\/8\/2020\/11\/SILENCER-STRATEGIC-MISSILE-SUBMARINE-Supreme-Commander-Aeon-Tech-3-Naval-Units-200x135.jpg 200w, https:\/\/supcom.standardof.net\/wp-content\/uploads\/sites\/8\/2020\/11\/SILENCER-STRATEGIC-MISSILE-SUBMARINE-Supreme-Commander-Aeon-Tech-3-Naval-Units-768x518.jpg 768w, https:\/\/supcom.standardof.net\/wp-content\/uploads\/sites\/8\/2020\/11\/SILENCER-STRATEGIC-MISSILE-SUBMARINE-Supreme-Commander-Aeon-Tech-3-Naval-Units-16x12.jpg 16w, https:\/\/supcom.standardof.net\/wp-content\/uploads\/sites\/8\/2020\/11\/SILENCER-STRATEGIC-MISSILE-SUBMARINE-Supreme-Commander-Aeon-Tech-3-Naval-Units.jpg 969w\" sizes=\"(max-width: 800px) 100vw, 800px\" \/><\/a><figcaption>SILENCER - STRATEGICK\u00c1 MISSILE SUBMARINE<\/figcaption><\/figure><\/div>\n\n\n\n<section class=\"wp-block-uagb-columns uagb-columns__wrap uagb-columns__background-undefined uagb-columns__stack-mobile uagb-columns__valign-undefined uagb-columns__gap-10 alignundefined uagb-block-9894fe5d\"><div class=\"uagb-columns__overlay\"><\/div><div class=\"uagb-columns__inner-wrap uagb-columns__columns-2\">\n<div class=\"wp-block-uagb-column uagb-column__wrap uagb-column__background-undefined uagb-block-be285313\"><div class=\"uagb-column__overlay\"><\/div><div class=\"uagb-column__inner-wrap\">\n<h3 class=\"wp-block-heading\">Statistiky tlumi\u010de<\/h3>\n\n\n\n<p>Brn\u011bn\u00ed: 3000 hp<br>Schopnosti: Ponorn\u00e9, Ru\u010dn\u00ed sestaven\u00ed, Ru\u010dn\u00ed spu\u0161t\u011bn\u00ed<br>Cena: M10000, E60000, T15000<br>Intel:<br>- pohled: 16 (313 m),<br>- sonar: 90 (1,76 km),<br>- vodn\u00ed pohled: 24 (469 m)<br>Fyzika:<br>- maxim\u00e1ln\u00ed rychlost: 2,55 (49,8 m \/ s),<br>- rychlost ot\u00e1\u010den\u00ed: 25<br>Veterancy: 50, 100, 250, 500, 1000 zabit\u00ed<br>- \u00farove\u0148 veter\u00e1n\u016f 2: +750 hp,<br>- \u00farove\u0148 veter\u00e1n\u016f 4: +750 hp,<br>- \u00farove\u0148 veter\u00e1n\u016f 5: oprava 3 hp \/ s<\/p>\n<\/div><\/div>\n\n\n\n<div class=\"wp-block-uagb-column uagb-column__wrap uagb-column__background-undefined uagb-block-45794e3c\"><div class=\"uagb-column__overlay\"><\/div><div class=\"uagb-column__inner-wrap\">\n<h3 class=\"wp-block-heading\">Zbran\u011b tlumi\u010de<\/h3>\n\n\n\n<p>D\u00e1lkov\u011b \u0159\u00edzen\u00e1 st\u0159ela (st\u0159ela):<br>200,00 dps,<br>plocha: 2 (39,1 m),<br>dojezd: 128 (2,50 km)<br>st\u0159eln\u00e1 zbra\u0148: po\u0161kozen\u00ed 2000<br>rychlost st\u0159elby: 0,1 (ka\u017ed\u00fdch 10 s)<br>\u00farove\u0148 veter\u00e1n\u016f 1: +750 po\u0161kozen\u00ed, \u00farove\u0148 veter\u00e1n\u016f 3: +750 po\u0161kozen\u00ed<\/p>\n\n\n\n<p>Jadern\u00e1 hlavice (raketa):<br>po\u0161kozen\u00ed vnit\u0159n\u00edho krou\u017eku: 35000<br>polom\u011br vnit\u0159n\u00edho kruhu: 30 (586 m)<br>po\u0161kozen\u00ed vn\u011bj\u0161\u00edho krou\u017eku: 500<br>polom\u011br vn\u011bj\u0161\u00edho prstence: 40 (781 m)<br>ukl\u00e1d\u00e1 2 st\u0159ely<\/p>\n<\/div><\/div>\n<\/div><\/section>\n<\/div><\/div>\n<\/div><\/section>","protected":false},"excerpt":{"rendered":"<p>OMEN CLASS BATTLESHIP The Aeon Battleship is the ultimate extension of a single-minded purpose: aside from some tactical defenses to stop UEF cruisers and shoreline missiles, it relies solely on a trio of what are essentially T2 artillery pieces, plus armor that will take an entire fleet to destroy, at as cheap a price as [&hellip;]<\/p>","protected":false},"author":1,"featured_media":0,"parent":503,"menu_order":0,"comment_status":"open","ping_status":"closed","template":"","meta":{"_uag_custom_page_level_css":"","site-sidebar-layout":"default","site-content-layout":"default","ast-site-content-layout":"","site-content-style":"default","site-sidebar-style":"default","ast-global-header-display":"","ast-banner-title-visibility":"","ast-main-header-display":"","ast-hfb-above-header-display":"","ast-hfb-below-header-display":"","ast-hfb-mobile-header-display":"","site-post-title":"","ast-breadcrumbs-content":"","ast-featured-img":"","footer-sml-layout":"","theme-transparent-header-meta":"default","adv-header-id-meta":"","stick-header-meta":"","header-above-stick-meta":"","header-main-stick-meta":"","header-below-stick-meta":"","astra-migrate-meta-layouts":"default","ast-page-background-enabled":"default","ast-page-background-meta":{"desktop":{"background-color":"","background-image":"","background-repeat":"repeat","background-position":"center center","background-size":"auto","background-attachment":"scroll","background-type":"","background-media":"","overlay-type":"","overlay-color":"","overlay-gradient":""},"tablet":{"background-color":"","background-image":"","background-repeat":"repeat","background-position":"center center","background-size":"auto","background-attachment":"scroll","background-type":"","background-media":"","overlay-type":"","overlay-color":"","overlay-gradient":""},"mobile":{"background-color":"","background-image":"","background-repeat":"repeat","background-position":"center center","background-size":"auto","background-attachment":"scroll","background-type":"","background-media":"","overlay-type":"","overlay-color":"","overlay-gradient":""}},"ast-content-background-meta":{"desktop":{"background-color":"var(--ast-global-color-5)","background-image":"","background-repeat":"repeat","background-position":"center center","background-size":"auto","background-attachment":"scroll","background-type":"","background-media":"","overlay-type":"","overlay-color":"","overlay-gradient":""},"tablet":{"background-color":"var(--ast-global-color-5)","background-image":"","background-repeat":"repeat","background-position":"center center","background-size":"auto","background-attachment":"scroll","background-type":"","background-media":"","overlay-type":"","overlay-color":"","overlay-gradient":""},"mobile":{"background-color":"var(--ast-global-color-5)","background-image":"","background-repeat":"repeat","background-position":"center center","background-size":"auto","background-attachment":"scroll","background-type":"","background-media":"","overlay-type":"","overlay-color":"","overlay-gradient":""}},"footnotes":""},"uagb_featured_image_src":{"full":false,"thumbnail":false,"medium":false,"medium_large":false,"large":false,"1536x1536":false,"2048x2048":false,"trp-custom-language-flag":false},"uagb_author_info":{"display_name":"SOE","author_link":"https:\/\/supcom.standardof.net\/cs\/author\/k-tastic\/"},"uagb_comment_info":0,"uagb_excerpt":"OMEN CLASS BATTLESHIP The Aeon Battleship is the ultimate extension of a single-minded purpose: aside from some tactical defenses to stop UEF cruisers and shoreline missiles, it relies solely on a trio of what are essentially T2 artillery pieces, plus armor that will take an entire fleet to destroy, at as cheap a price as&hellip;","_links":{"self":[{"href":"https:\/\/supcom.standardof.net\/cs\/wp-json\/wp\/v2\/pages\/773"}],"collection":[{"href":"https:\/\/supcom.standardof.net\/cs\/wp-json\/wp\/v2\/pages"}],"about":[{"href":"https:\/\/supcom.standardof.net\/cs\/wp-json\/wp\/v2\/types\/page"}],"author":[{"embeddable":true,"href":"https:\/\/supcom.standardof.net\/cs\/wp-json\/wp\/v2\/users\/1"}],"replies":[{"embeddable":true,"href":"https:\/\/supcom.standardof.net\/cs\/wp-json\/wp\/v2\/comments?post=773"}],"version-history":[{"count":0,"href":"https:\/\/supcom.standardof.net\/cs\/wp-json\/wp\/v2\/pages\/773\/revisions"}],"up":[{"embeddable":true,"href":"https:\/\/supcom.standardof.net\/cs\/wp-json\/wp\/v2\/pages\/503"}],"wp:attachment":[{"href":"https:\/\/supcom.standardof.net\/cs\/wp-json\/wp\/v2\/media?parent=773"}],"curies":[{"name":"wp","href":"https:\/\/api.w.org\/{rel}","templated":true}]}}