{"id":775,"date":"2020-11-03T17:46:38","date_gmt":"2020-11-03T22:46:38","guid":{"rendered":"https:\/\/supcom.standardof.net\/?page_id=775"},"modified":"2020-11-04T20:07:18","modified_gmt":"2020-11-05T01:07:18","slug":"tech-2-aeon-naval-units","status":"publish","type":"page","link":"https:\/\/supcom.standardof.net\/cs\/supreme-commander\/aeon-2\/tech-2-aeon-namorni-jednotky\/","title":{"rendered":"Tech 2 - Aeon Naval Units"},"content":{"rendered":"<div class=\"wp-block-uagb-table-of-contents uagb-toc__align-left uagb-toc__columns-1  uagb-block-dd19782d\"\n\t\t\t\t\tdata-scroll= \"1\"\n\t\t\t\t\tdata-offset= \"30\"\n\t\t\t\t\tstyle=\"\"\n\t\t\t\t>\n\t\t\t\t<div class=\"uagb-toc__wrap\">\n\t\t\t\t\t\t<div class=\"uagb-toc__title\">\n\t\t\t\t\t\t\tN\u00e1mo\u0159n\u00ed jednotky Aeon Tech 2:\t\t\t\t\t\t<\/div>\n\t\t\t\t\t\t\t\t\t\t\t\t\t\t\t\t<div class=\"uagb-toc__list-wrap\">\n\t\t\t\t\t\t<ol class=\"uagb-toc__list\"><li class=\"uagb-toc__list\"><a href=\"#infinity-class-cruiser\" class=\"uagb-toc-link__trigger\">K\u0158I\u017dOVA\u010c T\u0158\u00cdDY INFINITY<\/a><li class=\"uagb-toc__list\"><a href=\"#exodus-class-destroyer\" class=\"uagb-toc-link__trigger\">NAB\u00cdDKA T\u0158\u00cdDY EXODUS<\/a><\/ol>\t\t\t\t\t<\/div>\n\t\t\t\t\t\t\t\t\t<\/div>\n\t\t\t\t<\/div>\n\t\t\t\n\n\n<section class=\"wp-block-uagb-columns uagb-columns__wrap uagb-columns__background-undefined uagb-columns__stack-mobile uagb-columns__valign-undefined uagb-columns__gap-10 alignundefined uagb-block-65cd8ffc\"><div class=\"uagb-columns__overlay\"><\/div><div class=\"uagb-columns__inner-wrap uagb-columns__columns-1\">\n<div class=\"wp-block-uagb-column uagb-column__wrap uagb-column__background-undefined uagb-block-e2f57b18\"><div class=\"uagb-column__overlay\"><\/div><div class=\"uagb-column__inner-wrap\">\n<h2 class=\"wp-block-heading\"><strong>NEKONE\u010cNO <\/strong>T\u0158\u00cdDA CRUISER<\/h2>\n\n\n\n<p>K\u0159i\u017en\u00edk Aeon d\u011bl\u00e1 v\u0161e, co m\u00e1 k\u0159i\u017en\u00edk d\u011blat: st\u0159\u00edl\u00ed na slu\u0161nou zbra\u0148 ze stejn\u00e9ho dosahu jako va\u0161e torp\u00e9doborce, m\u00e1 protiletadlov\u00e9 schopnosti a z\u00e1rove\u0148 nen\u00ed proti ni\u010demu se zbran\u00ed \u00fapln\u011b k ni\u010demu a m\u00e1 dokonce i mal\u00e9 mno\u017estv\u00ed taktick\u00e1 protiraketov\u00e1 obrana \u201ejen pro p\u0159\u00edpad\u201c. Brn\u011bn\u00ed nen\u00ed skv\u011bl\u00e9, ale jeho d\u011blo by m\u011blo b\u00fdt schopn\u00e9 dr\u017eet ho vzadu tam, kam pat\u0159\u00ed.<\/p>\n\n\n\n<div class=\"wp-block-image\"><figure class=\"aligncenter size-large\"><a href=\"https:\/\/supcom.standardof.net\/cs\/supreme-commander\/aeon-2\/tech-2-aeon-namorni-jednotky\/infinity-class-cruiser-supreme-commander-aeon-tech-2-naval-units\/\"><img decoding=\"async\" width=\"800\" height=\"534\" src=\"https:\/\/supcom.standardof.net\/wp-content\/uploads\/sites\/8\/2020\/11\/INFINITY-CLASS-CRUISER-Supreme-Commander-Aeon-Tech-2-Naval-Units-800x534.jpg\" alt=\"K\u0159i\u017en\u00edk t\u0159\u00eddy Infinity, n\u00e1mo\u0159n\u00ed jednotka Aeon Tech 2 ve vrchn\u00edm veliteli.\" class=\"wp-image-1030\" srcset=\"https:\/\/supcom.standardof.net\/wp-content\/uploads\/sites\/8\/2020\/11\/INFINITY-CLASS-CRUISER-Supreme-Commander-Aeon-Tech-2-Naval-Units-800x534.jpg 800w, https:\/\/supcom.standardof.net\/wp-content\/uploads\/sites\/8\/2020\/11\/INFINITY-CLASS-CRUISER-Supreme-Commander-Aeon-Tech-2-Naval-Units-512x342.jpg 512w, https:\/\/supcom.standardof.net\/wp-content\/uploads\/sites\/8\/2020\/11\/INFINITY-CLASS-CRUISER-Supreme-Commander-Aeon-Tech-2-Naval-Units-200x134.jpg 200w, https:\/\/supcom.standardof.net\/wp-content\/uploads\/sites\/8\/2020\/11\/INFINITY-CLASS-CRUISER-Supreme-Commander-Aeon-Tech-2-Naval-Units-768x513.jpg 768w, https:\/\/supcom.standardof.net\/wp-content\/uploads\/sites\/8\/2020\/11\/INFINITY-CLASS-CRUISER-Supreme-Commander-Aeon-Tech-2-Naval-Units-1536x1026.jpg 1536w, https:\/\/supcom.standardof.net\/wp-content\/uploads\/sites\/8\/2020\/11\/INFINITY-CLASS-CRUISER-Supreme-Commander-Aeon-Tech-2-Naval-Units-16x12.jpg 16w, https:\/\/supcom.standardof.net\/wp-content\/uploads\/sites\/8\/2020\/11\/INFINITY-CLASS-CRUISER-Supreme-Commander-Aeon-Tech-2-Naval-Units.jpg 1752w\" sizes=\"(max-width: 800px) 100vw, 800px\" \/><\/a><figcaption>K\u0158I\u017dOVA\u010c T\u0158\u00cdDY INFINITY<\/figcaption><\/figure><\/div>\n\n\n\n<section class=\"wp-block-uagb-columns uagb-columns__wrap uagb-columns__background-undefined uagb-columns__stack-mobile uagb-columns__valign-undefined uagb-columns__gap-10 alignundefined uagb-block-fd047193\"><div class=\"uagb-columns__overlay\"><\/div><div class=\"uagb-columns__inner-wrap uagb-columns__columns-2\">\n<div class=\"wp-block-uagb-column uagb-column__wrap uagb-column__background-undefined uagb-block-161376ac\"><div class=\"uagb-column__overlay\"><\/div><div class=\"uagb-column__inner-wrap\">\n<h3 class=\"wp-block-heading\">Statistiky nekone\u010dna<\/h3>\n\n\n\n<p>Brn\u011bn\u00ed: 3250 hp<br>Schopnosti: Protiraketov\u00e1 obrana - taktick\u00e9<br>Cena: M1800, E18000, T3600<br>Intel:<br>- pohled: 60 (1,17 km),<br>- radar: 90 (1,76 km),<br>- sonar: 30 (586 m),<br>- vodn\u00ed pohled: 45 (879 m)<br>Fyzika:<br>- maxim\u00e1ln\u00ed rychlost: 4,25 (83,0 m \/ s),<br>- rychlost ot\u00e1\u010den\u00ed: 20<br>Veterancy: 30, 60, 150, 300, 600 zabit\u00ed<br>- \u00farove\u0148 veter\u00e1n\u016f 2: +813 hp<br>- \u00farove\u0148 veter\u00e1n\u016f 4: +813 hp<br>- \u00farove\u0148 veter\u00e1n\u016f 5: oprava 3 hp \/ s<\/p>\n<\/div><\/div>\n\n\n\n<div class=\"wp-block-uagb-column uagb-column__wrap uagb-column__background-undefined uagb-block-e36b05cc\"><div class=\"uagb-column__overlay\"><\/div><div class=\"uagb-column__inner-wrap\">\n<h3 class=\"wp-block-heading\">Zbran\u011b nekone\u010dna<\/h3>\n\n\n\n<p>Kvantov\u00e9 d\u011blo (Direct Fire Naval):<br>70,00 dps,<br>plocha: 1 (19,5 m),<br>dojezd: 75 (1,46 km)<br>st\u0159eln\u00e1 zbra\u0148: po\u0161kozen\u00ed 140 x 2 st\u0159ely = po\u0161kozen\u00ed 280 na salvu<br>rychlost st\u0159elby: 0,25 (ka\u017ed\u00e9 4 s)<br>\u00farove\u0148 veter\u00e1n\u016f 1: po\u0161kozen\u00ed +35,<br>\u00farove\u0148 veter\u00e1n\u016f 3: +35 po\u0161kozen\u00ed<\/p>\n\n\n\n<p>2x Zealot AA Missile (Anti Air):<br>30,00 dps, plocha: 1 (19,5 m)<br>dojezd: 75 (1,46 km)<br>st\u0159eln\u00e1 zbra\u0148: 30 po\u0161kozen\u00ed<br>rychlost st\u0159elby: 1 (ka\u017ed\u00e9 1 s)<br>\u00farove\u0148 veter\u00e1n\u016f 1: +8 po\u0161kozen\u00ed, \u00farove\u0148 veter\u00e1n\u016f 3: +8 po\u0161kozen\u00ed<\/p>\n\n\n\n<p>Will O Wisp Anti Missile (Defense):<br>13,50 dps,<br>dosah: 32 (625 m)<br>st\u0159eln\u00e1 zbra\u0148: 30 po\u0161kozen\u00ed x 3 st\u0159ely = 90 po\u0161kozen\u00ed na salvu<br>rychlost st\u0159elby: 0,3 (ka\u017ed\u00fdch 3,33 s)<\/p>\n<\/div><\/div>\n<\/div><\/section>\n<\/div><\/div>\n<\/div><\/section>\n\n\n\n<section class=\"wp-block-uagb-columns uagb-columns__wrap uagb-columns__background-undefined uagb-columns__stack-mobile uagb-columns__valign-undefined uagb-columns__gap-10 alignundefined uagb-block-ad96b16a\"><div class=\"uagb-columns__overlay\"><\/div><div class=\"uagb-columns__inner-wrap uagb-columns__columns-1\">\n<div class=\"wp-block-uagb-column uagb-column__wrap uagb-column__background-undefined uagb-block-9d30422b\"><div class=\"uagb-column__overlay\"><\/div><div class=\"uagb-column__inner-wrap\">\n<h2 class=\"wp-block-heading\"><strong>EXODUS <\/strong>T\u0158\u00cdDN\u00cd NESTROJER<\/h2>\n\n\n\n<p>Torp\u00e9doborec Aeon je hr\u016fzostra\u0161n\u00fd, s t\u011b\u017ek\u00fdm kan\u00f3nem, kter\u00fd dok\u00e1\u017ee potopit fregaty jedin\u00fdm v\u00fdst\u0159elem, a tak\u00e9 se skv\u011ble hod\u00ed pro pob\u0159e\u017en\u00ed bombardov\u00e1n\u00ed, dobr\u00fdm dopl\u0148kem torp\u00e9d, jako je torp\u00e9doborec Cybran, pokud by m\u011bl b\u00fdt napaden (plus n\u011bkolik obrann\u00fdch torp\u00e9d a hlubinn\u00fd n\u00e1boj s efekt oblasti) a v\u00fdhoda, \u017ee se nemus\u00edte ot\u00e1\u010det kolmo na nep\u0159\u00edtele, abyste vyst\u0159elili z jeho jedin\u00e9ho d\u011bla. To v\u0161e v bal\u00ed\u010dku, kter\u00fd je levn\u011bj\u0161\u00ed a l\u00e9pe panc\u00e9\u0159ovan\u00fd ne\u017e jeho konkurenti: jedin\u00e9, co mu chyb\u00ed, jsou nohy!<\/p>\n\n\n\n<div class=\"wp-block-image\"><figure class=\"aligncenter size-large\"><a href=\"https:\/\/supcom.standardof.net\/cs\/supreme-commander\/aeon-2\/tech-2-aeon-namorni-jednotky\/exodus-class-destroyer-supreme-commander-aeon-tech-2-naval-units\/\"><img decoding=\"async\" width=\"800\" height=\"466\" src=\"https:\/\/supcom.standardof.net\/wp-content\/uploads\/sites\/8\/2020\/11\/EXODUS-CLASS-DESTROYER-Supreme-Commander-Aeon-Tech-2-Naval-Units-800x466.jpg\" alt=\"Destroyer t\u0159\u00eddy Exodus, n\u00e1mo\u0159n\u00ed jednotka Aeon Tech 2 ve vrchn\u00edm veliteli.\" class=\"wp-image-1031\" srcset=\"https:\/\/supcom.standardof.net\/wp-content\/uploads\/sites\/8\/2020\/11\/EXODUS-CLASS-DESTROYER-Supreme-Commander-Aeon-Tech-2-Naval-Units-800x466.jpg 800w, https:\/\/supcom.standardof.net\/wp-content\/uploads\/sites\/8\/2020\/11\/EXODUS-CLASS-DESTROYER-Supreme-Commander-Aeon-Tech-2-Naval-Units-512x299.jpg 512w, https:\/\/supcom.standardof.net\/wp-content\/uploads\/sites\/8\/2020\/11\/EXODUS-CLASS-DESTROYER-Supreme-Commander-Aeon-Tech-2-Naval-Units-200x117.jpg 200w, https:\/\/supcom.standardof.net\/wp-content\/uploads\/sites\/8\/2020\/11\/EXODUS-CLASS-DESTROYER-Supreme-Commander-Aeon-Tech-2-Naval-Units-768x448.jpg 768w, https:\/\/supcom.standardof.net\/wp-content\/uploads\/sites\/8\/2020\/11\/EXODUS-CLASS-DESTROYER-Supreme-Commander-Aeon-Tech-2-Naval-Units-1536x896.jpg 1536w, https:\/\/supcom.standardof.net\/wp-content\/uploads\/sites\/8\/2020\/11\/EXODUS-CLASS-DESTROYER-Supreme-Commander-Aeon-Tech-2-Naval-Units-16x9.jpg 16w, https:\/\/supcom.standardof.net\/wp-content\/uploads\/sites\/8\/2020\/11\/EXODUS-CLASS-DESTROYER-Supreme-Commander-Aeon-Tech-2-Naval-Units.jpg 1734w\" sizes=\"(max-width: 800px) 100vw, 800px\" \/><\/a><figcaption>NAB\u00cdDKA T\u0158\u00cdDY EXODUS<\/figcaption><\/figure><\/div>\n\n\n\n<section class=\"wp-block-uagb-columns uagb-columns__wrap uagb-columns__background-undefined uagb-columns__stack-mobile uagb-columns__valign-undefined uagb-columns__gap-10 alignundefined uagb-block-c96e171d\"><div class=\"uagb-columns__overlay\"><\/div><div class=\"uagb-columns__inner-wrap uagb-columns__columns-2\">\n<div class=\"wp-block-uagb-column uagb-column__wrap uagb-column__background-undefined uagb-block-6eead421\"><div class=\"uagb-column__overlay\"><\/div><div class=\"uagb-column__inner-wrap\">\n<h3 class=\"wp-block-heading\">Statistiky Exodu<\/h3>\n\n\n\n<p>Brn\u011bn\u00ed: 7500 hp<br>Schopnosti: Torpedo Defense, Depth Charge<br>Cena: M2160, E14400, T4800<br>Intel: pohled: 55 (1,07 km)<br>- radar: 60 (1,17 km)<br>- sonar: 60 (1,17 km)<br>- vodn\u00ed pohled: 42 (820 m)<br>Fyzika: maxim\u00e1ln\u00ed rychlost: 6 (117 m \/ s), rychlost ot\u00e1\u010den\u00ed: 25<br>Veterancy: 30, 60, 150, 300, 600 zabit\u00ed<br>- \u00farove\u0148 veter\u00e1n\u016f 2: +1875 hp,<br>- \u00farove\u0148 veter\u00e1n\u016f 4: +1875 hp,<br>- \u00farove\u0148 veter\u00e1n\u016f 5: oprava 3 hp \/ s<\/p>\n<\/div><\/div>\n\n\n\n<div class=\"wp-block-uagb-column uagb-column__wrap uagb-column__background-undefined uagb-block-78fca34b\"><div class=\"uagb-column__overlay\"><\/div><div class=\"uagb-column__inner-wrap\">\n<h3 class=\"wp-block-heading\">Zbran\u011b Exodu<\/h3>\n\n\n\n<p>Oblivion Cannon (Direct Fire Naval):<br>205,00 dps,<br>plocha: 2 (39,1 m),<br>dojezd: 80 (1,56 km)<br>st\u0159eln\u00e1 zbra\u0148: po\u0161kozen\u00ed 1025<br>rychlost st\u0159elby: 0,2 (ka\u017ed\u00fdch 5 s)<br>\u00farove\u0148 veter\u00e1n\u016f 1: +256 po\u0161kozen\u00ed, \u00farove\u0148 veter\u00e1n\u016f 3: +256 po\u0161kozen\u00ed<\/p>\n\n\n\n<p>Harmonick\u00e1 hloubka n\u00e1boje (Anti Navy):<br>15,00 dps,<br>plocha: 1,5 (29,3 m),<br>dosah: 32 (625 m)<br>st\u0159eln\u00e1 zbra\u0148: po\u0161kozen\u00ed 150<br>rychlost st\u0159elby: 0,1 (ka\u017ed\u00fdch 10 s), n\u00e1hodnost st\u0159elby: 1<br>\u00farove\u0148 veter\u00e1n\u016f 1: +38 po\u0161kozen\u00ed, \u00farove\u0148 veter\u00e1n\u016f 3: +38 po\u0161kozen\u00ed<\/p>\n\n\n\n<p>2x Chrono Torpedo Launcher (Anti Navy):<br>37,50 dps,<br>dosah: 32 (625 m)<br>st\u0159eln\u00e1 zbra\u0148: po\u0161kozen\u00ed 150<br>rychlost st\u0159elby: 0,25 (ka\u017ed\u00e9 4 s), n\u00e1hodnost st\u0159elby: 1<br>\u00farove\u0148 veter\u00e1n\u016f 1: +38 po\u0161kozen\u00ed, \u00farove\u0148 veter\u00e1n\u016f 3: +38 po\u0161kozen\u00ed<\/p>\n\n\n\n<p>2x Anti Torpedo (obrana):<br>0,33 dps,<br>dosah: 32 (625 m)<br>st\u0159eln\u00e1 zbra\u0148: 3 po\u0161kozen\u00ed<br>rychlost st\u0159elby: 0,11 (ka\u017ed\u00fdch 9,09 s)<\/p>\n<\/div><\/div>\n<\/div><\/section>\n<\/div><\/div>\n<\/div><\/section>","protected":false},"excerpt":{"rendered":"<p>INFINITY CLASS CRUISER The Aeon cruiser does everything a cruiser is supposed to do: it fires a decent gun from the same range as your destroyers, it has anti-air capabilities while not being totally useless against anything with a gun, and it even has a small amount of tactical missile defense &#8220;just in case&#8221;. The [&hellip;]<\/p>","protected":false},"author":1,"featured_media":0,"parent":503,"menu_order":0,"comment_status":"open","ping_status":"closed","template":"","meta":{"_uag_custom_page_level_css":"","site-sidebar-layout":"default","site-content-layout":"default","ast-site-content-layout":"","site-content-style":"default","site-sidebar-style":"default","ast-global-header-display":"","ast-banner-title-visibility":"","ast-main-header-display":"","ast-hfb-above-header-display":"","ast-hfb-below-header-display":"","ast-hfb-mobile-header-display":"","site-post-title":"","ast-breadcrumbs-content":"","ast-featured-img":"","footer-sml-layout":"","theme-transparent-header-meta":"default","adv-header-id-meta":"","stick-header-meta":"","header-above-stick-meta":"","header-main-stick-meta":"","header-below-stick-meta":"","astra-migrate-meta-layouts":"default","ast-page-background-enabled":"default","ast-page-background-meta":{"desktop":{"background-color":"","background-image":"","background-repeat":"repeat","background-position":"center center","background-size":"auto","background-attachment":"scroll","background-type":"","background-media":"","overlay-type":"","overlay-color":"","overlay-gradient":""},"tablet":{"background-color":"","background-image":"","background-repeat":"repeat","background-position":"center center","background-size":"auto","background-attachment":"scroll","background-type":"","background-media":"","overlay-type":"","overlay-color":"","overlay-gradient":""},"mobile":{"background-color":"","background-image":"","background-repeat":"repeat","background-position":"center center","background-size":"auto","background-attachment":"scroll","background-type":"","background-media":"","overlay-type":"","overlay-color":"","overlay-gradient":""}},"ast-content-background-meta":{"desktop":{"background-color":"var(--ast-global-color-5)","background-image":"","background-repeat":"repeat","background-position":"center center","background-size":"auto","background-attachment":"scroll","background-type":"","background-media":"","overlay-type":"","overlay-color":"","overlay-gradient":""},"tablet":{"background-color":"var(--ast-global-color-5)","background-image":"","background-repeat":"repeat","background-position":"center center","background-size":"auto","background-attachment":"scroll","background-type":"","background-media":"","overlay-type":"","overlay-color":"","overlay-gradient":""},"mobile":{"background-color":"var(--ast-global-color-5)","background-image":"","background-repeat":"repeat","background-position":"center center","background-size":"auto","background-attachment":"scroll","background-type":"","background-media":"","overlay-type":"","overlay-color":"","overlay-gradient":""}},"footnotes":""},"uagb_featured_image_src":{"full":false,"thumbnail":false,"medium":false,"medium_large":false,"large":false,"1536x1536":false,"2048x2048":false,"trp-custom-language-flag":false},"uagb_author_info":{"display_name":"SOE","author_link":"https:\/\/supcom.standardof.net\/cs\/author\/k-tastic\/"},"uagb_comment_info":0,"uagb_excerpt":"INFINITY CLASS CRUISER The Aeon cruiser does everything a cruiser is supposed to do: it fires a decent gun from the same range as your destroyers, it has anti-air capabilities while not being totally useless against anything with a gun, and it even has a small amount of tactical missile defense &#8220;just in case&#8221;. The&hellip;","_links":{"self":[{"href":"https:\/\/supcom.standardof.net\/cs\/wp-json\/wp\/v2\/pages\/775"}],"collection":[{"href":"https:\/\/supcom.standardof.net\/cs\/wp-json\/wp\/v2\/pages"}],"about":[{"href":"https:\/\/supcom.standardof.net\/cs\/wp-json\/wp\/v2\/types\/page"}],"author":[{"embeddable":true,"href":"https:\/\/supcom.standardof.net\/cs\/wp-json\/wp\/v2\/users\/1"}],"replies":[{"embeddable":true,"href":"https:\/\/supcom.standardof.net\/cs\/wp-json\/wp\/v2\/comments?post=775"}],"version-history":[{"count":0,"href":"https:\/\/supcom.standardof.net\/cs\/wp-json\/wp\/v2\/pages\/775\/revisions"}],"up":[{"embeddable":true,"href":"https:\/\/supcom.standardof.net\/cs\/wp-json\/wp\/v2\/pages\/503"}],"wp:attachment":[{"href":"https:\/\/supcom.standardof.net\/cs\/wp-json\/wp\/v2\/media?parent=775"}],"curies":[{"name":"wp","href":"https:\/\/api.w.org\/{rel}","templated":true}]}}